{"id":13270,"date":"2023-12-06T13:43:49","date_gmt":"2023-12-06T11:43:49","guid":{"rendered":"https:\/\/www.facecorner.lv\/?post_type=product&#038;p=13270"},"modified":"2024-03-26T22:56:03","modified_gmt":"2024-03-26T20:56:03","slug":"unleashia-sisua-tasmanian-pepper-calming-2-piece-pad-70ea","status":"publish","type":"product","link":"https:\/\/www.facecorner.lv\/en\/shop\/unleashia-sisua-tasmanian-pepper-calming-2-piece-pad-70ea\/","title":{"rendered":"UNLEASHIA Sisua Tasmanian Pepper Calming 2-Piece Pad 70ea"},"content":{"rendered":"<p>Nomierino\u0161i tonera spilventi\u0146i ar Tasm\u0101nijas piparu ekstraktu nodro\u0161ina \u0113rtu \u0101das mitrin\u0101\u0161anu un aps\u0101rtuma mazin\u0101\u0161anu.<\/p>\n<p><strong>Priek\u0161roc\u012bbas:<\/strong><\/p>\n<ul>\n<li>Atjauno mitruma l\u012bdzsvaru p\u0113c mazg\u0101\u0161anas, pal\u012bdz nov\u0113rst sausumu un sasprindzin\u0101jumu, k\u0101 ar\u012b uzlabo pamata kop\u0161anas efektu.<\/li>\n<li>Nomierina un m\u012bkstina \u0101du, samazina t\u0101s jut\u012bgumu, pal\u012bdz nov\u0113rst aps\u0101rtumu un kairin\u0101jumu.<\/li>\n<li>Maigi noloba \u0101das \u0161\u016bnu raga sl\u0101ni, stimul\u0113jot atjauno\u0161an\u0101s procesu.<\/li>\n<\/ul>\n<p><strong>It is a total care mask that tightens the skin.<\/strong><\/p>\n<ul>\n<li>Laktobacillu liz\u0101ts akt\u012bvi baro \u0101du, pal\u012bdz izl\u012bdzin\u0101t tonusu, saglab\u0101t gludumu un nov\u0113rst dehidrat\u0101ciju, k\u0101 ar\u012b uztur vesel\u012bgu \u0101das mikrobiomu, ne\u013caujot att\u012bst\u012bties patog\u0113nai bakt\u0113riju videi.<\/li>\n<li>Sojas ekstrakts stiprina barjeras funkciju, ir atjaunojo\u0161s un izl\u012bdzino\u0161s efekts.<\/li>\n<li>Tasm\u0101nijas piparu ekstrakts akt\u012bvi nomierina \u0101du, mazina aps\u0101rtumu un kairin\u0101jumu.<\/li>\n<li>Rozmar\u012bna ekstraktam piem\u012bt nomierino\u0161a, toniz\u0113jo\u0161a un pigmentu sa\u0161aurino\u0161a iedarb\u012bba, k\u0101 ar\u012b nov\u0113r\u0161 iekaisumus.<\/li>\n<li>\u0100zijas centella akt\u012bvi nomierina \u0101du, mazina aps\u0101rtumu un kairin\u0101jumu, samazina jut\u012bgumu un tai ir m\u012bkstino\u0161a iedarb\u012bba.<\/li>\n<\/ul>\n<p><strong>How to use:<\/strong> Viegli noslaukiet att\u012br\u012bto sejas \u0101du ar tonera spilventi\u0146u un \u013caujiet atliku\u0161ajai esencei ies\u016bkties. P\u0113c tam p\u0101rejiet uz pamata apr\u016bpi.<\/p>\n<p><strong>Ingredientes:\u00a0<\/strong>Water, Dipropylene Glycol, Glycereth-26, Betaine, Glycerin, 1,2-Hexanediol, Hydroxyacetophenone, Lactobacillus Ferment Lysate, Canavalia Gladiata Seed Extract, Ceratonia Siliqua (Carob) Seed Extract, Glycine Soja (Soybean) Seed Extract, Lens Esculenta (Lentil) Seed Extract, Phaseolus Radiatus Seed Extract, Pueraria Lobata Root Extract, Allantoin, Polyglyceryl-10 Laurate, Ethylhexylglycerin, Disodium EDTA, Hydroxyethyl Cellulose, Sodium Citrate, Tasmannia Lanceolata Leaf Extract (200ppm), Codium Fragile Extract, Citric Acid, Methyl Diisopropyl Propionamide, Butylene Glycol, Olea Europaea (Olive) Fruit Oil, Sodium Benzoate, Citrus Medica Vulgaris Peel Oil, Potassium Sorbate, Rosmarinus Officinalis (Rosemary) Leaf Oil, Litsea Cubeba Fruit Oil, Foeniculum Vulgare (Fennel) Oil, Coriandrum Sativum (Coriander) Fruit Oil, Mentha Arvensis Leaf Oil, Centella Asiatica Extract, Zea Mays (Corn) Leaf Extract<\/p>","protected":false},"excerpt":{"rendered":"<p>Nomierino\u0161i tonera spilventi\u0146i ar Tasm\u0101nijas piparu ekstraktu nodro\u0161ina \u0113rtu \u0101das mitrin\u0101\u0161anu un aps\u0101rtuma mazin\u0101\u0161anu. Priek\u0161roc\u012bbas: Atjauno mitruma l\u012bdzsvaru p\u0113c mazg\u0101\u0161anas, pal\u012bdz nov\u0113rst sausumu un sasprindzin\u0101jumu, k\u0101 ar\u012b uzlabo pamata kop\u0161anas efektu. Nomierina un m\u012bkstina \u0101du, samazina t\u0101s jut\u012bgumu, pal\u012bdz nov\u0113rst aps\u0101rtumu un kairin\u0101jumu. Maigi noloba \u0101das \u0161\u016bnu raga sl\u0101ni, stimul\u0113jot atjauno\u0161an\u0101s procesu. Galven\u0101s sast\u0101vda\u013cas: Laktobacillu [&hellip;]<\/p>\n","protected":false},"featured_media":13271,"comment_status":"open","ping_status":"closed","template":"","meta":{"site-sidebar-layout":"default","site-content-layout":"","ast-site-content-layout":"","site-content-style":"default","site-sidebar-style":"default","ast-global-header-display":"","ast-banner-title-visibility":"","ast-main-header-display":"","ast-hfb-above-header-display":"","ast-hfb-below-header-display":"","ast-hfb-mobile-header-display":"","site-post-title":"","ast-breadcrumbs-content":"","ast-featured-img":"","footer-sml-layout":"","theme-transparent-header-meta":"","adv-header-id-meta":"","stick-header-meta":"","header-above-stick-meta":"","header-main-stick-meta":"","header-below-stick-meta":"","astra-migrate-meta-layouts":"default","ast-page-background-enabled":"default","ast-page-background-meta":{"desktop":{"background-color":"var(--ast-global-color-4)","background-image":"","background-repeat":"repeat","background-position":"center center","background-size":"auto","background-attachment":"scroll","background-type":"","background-media":"","overlay-type":"","overlay-color":"","overlay-opacity":"","overlay-gradient":""},"tablet":{"background-color":"","background-image":"","background-repeat":"repeat","background-position":"center center","background-size":"auto","background-attachment":"scroll","background-type":"","background-media":"","overlay-type":"","overlay-color":"","overlay-opacity":"","overlay-gradient":""},"mobile":{"background-color":"","background-image":"","background-repeat":"repeat","background-position":"center center","background-size":"auto","background-attachment":"scroll","background-type":"","background-media":"","overlay-type":"","overlay-color":"","overlay-opacity":"","overlay-gradient":""}},"ast-content-background-meta":{"desktop":{"background-color":"var(--ast-global-color-5)","background-image":"","background-repeat":"repeat","background-position":"center center","background-size":"auto","background-attachment":"scroll","background-type":"","background-media":"","overlay-type":"","overlay-color":"","overlay-opacity":"","overlay-gradient":""},"tablet":{"background-color":"var(--ast-global-color-5)","background-image":"","background-repeat":"repeat","background-position":"center center","background-size":"auto","background-attachment":"scroll","background-type":"","background-media":"","overlay-type":"","overlay-color":"","overlay-opacity":"","overlay-gradient":""},"mobile":{"background-color":"var(--ast-global-color-5)","background-image":"","background-repeat":"repeat","background-position":"center center","background-size":"auto","background-attachment":"scroll","background-type":"","background-media":"","overlay-type":"","overlay-color":"","overlay-opacity":"","overlay-gradient":""}}},"product_brand":[],"product_cat":[511,375,377,378,364,376],"product_tag":[],"berocket_brand":[],"class_list":{"0":"post-13270","1":"product","2":"type-product","3":"status-publish","4":"has-post-thumbnail","6":"product_cat-atlaides","7":"product_cat-jutigai-adai-toneri","8":"product_cat-problematiskai-adai-toneri","9":"product_cat-sausai-adai-toneri","10":"product_cat-toneri","11":"product_cat-kombinetai-adai-toneri","12":"desktop-align-left","13":"tablet-align-left","14":"mobile-align-left","16":"first","17":"outofstock","18":"sale","19":"taxable","20":"shipping-taxable","21":"purchasable","22":"product-type-simple","23":"add-to-wishlist-before_image"},"yoast_head":"<!-- This site is optimized with the Yoast SEO plugin v27.3 - https:\/\/yoast.com\/product\/yoast-seo-wordpress\/ -->\n<title>UNLEASHIA Sisua Tasmanian Pepper Calming 2-Piece Pad 70ea - FACECORNER<\/title>\n<meta name=\"robots\" content=\"index, follow, max-snippet:-1, max-image-preview:large, max-video-preview:-1\" \/>\n<link rel=\"canonical\" href=\"https:\/\/www.facecorner.lv\/en\/shop\/unleashia-sisua-tasmanian-pepper-calming-2-piece-pad-70ea\/\" \/>\n<meta property=\"og:locale\" content=\"en_US\" \/>\n<meta property=\"og:type\" content=\"article\" \/>\n<meta property=\"og:title\" content=\"UNLEASHIA Sisua Tasmanian Pepper Calming 2-Piece Pad 70ea - FACECORNER\" \/>\n<meta property=\"og:description\" content=\"Nomierino\u0161i tonera spilventi\u0146i ar Tasm\u0101nijas piparu ekstraktu nodro\u0161ina \u0113rtu \u0101das mitrin\u0101\u0161anu un aps\u0101rtuma mazin\u0101\u0161anu. Priek\u0161roc\u012bbas: Atjauno mitruma l\u012bdzsvaru p\u0113c mazg\u0101\u0161anas, pal\u012bdz nov\u0113rst sausumu un sasprindzin\u0101jumu, k\u0101 ar\u012b uzlabo pamata kop\u0161anas efektu. Nomierina un m\u012bkstina \u0101du, samazina t\u0101s jut\u012bgumu, pal\u012bdz nov\u0113rst aps\u0101rtumu un kairin\u0101jumu. Maigi noloba \u0101das \u0161\u016bnu raga sl\u0101ni, stimul\u0113jot atjauno\u0161an\u0101s procesu. Galven\u0101s sast\u0101vda\u013cas: Laktobacillu [&hellip;]\" \/>\n<meta property=\"og:url\" content=\"https:\/\/www.facecorner.lv\/en\/shop\/unleashia-sisua-tasmanian-pepper-calming-2-piece-pad-70ea\/\" \/>\n<meta property=\"og:site_name\" content=\"FACECORNER\" \/>\n<meta property=\"article:publisher\" content=\"https:\/\/www.facebook.com\/profile.php?id=100063824551839\" \/>\n<meta property=\"article:modified_time\" content=\"2024-03-26T20:56:03+00:00\" \/>\n<meta property=\"og:image\" content=\"https:\/\/www.facecorner.lv\/wp-content\/uploads\/2023\/12\/XL_p0194442682.webp\" \/>\n\t<meta property=\"og:image:width\" content=\"500\" \/>\n\t<meta property=\"og:image:height\" content=\"500\" \/>\n\t<meta property=\"og:image:type\" content=\"image\/webp\" \/>\n<meta name=\"twitter:card\" content=\"summary_large_image\" \/>\n<meta name=\"twitter:label1\" content=\"Price\" \/>\n\t<meta name=\"twitter:data1\" content=\"&euro;20.90\" \/>\n\t<meta name=\"twitter:label2\" content=\"Availability\" \/>\n\t<meta name=\"twitter:data2\" content=\"Out of stock\" \/>\n<script type=\"application\/ld+json\" class=\"yoast-schema-graph\">{\"@context\":\"https:\\\/\\\/schema.org\",\"@graph\":[{\"@type\":\"WebPage\",\"@id\":\"https:\\\/\\\/www.facecorner.lv\\\/shop\\\/unleashia-sisua-tasmanian-pepper-calming-2-piece-pad-70ea\\\/\",\"url\":\"https:\\\/\\\/www.facecorner.lv\\\/shop\\\/unleashia-sisua-tasmanian-pepper-calming-2-piece-pad-70ea\\\/\",\"name\":\"UNLEASHIA Sisua Tasmanian Pepper Calming 2-Piece Pad 70ea - FACECORNER\",\"isPartOf\":{\"@id\":\"https:\\\/\\\/www.facecorner.lv\\\/#website\"},\"primaryImageOfPage\":{\"@id\":\"https:\\\/\\\/www.facecorner.lv\\\/shop\\\/unleashia-sisua-tasmanian-pepper-calming-2-piece-pad-70ea\\\/#primaryimage\"},\"image\":{\"@id\":\"https:\\\/\\\/www.facecorner.lv\\\/shop\\\/unleashia-sisua-tasmanian-pepper-calming-2-piece-pad-70ea\\\/#primaryimage\"},\"thumbnailUrl\":\"https:\\\/\\\/www.facecorner.lv\\\/wp-content\\\/uploads\\\/2023\\\/12\\\/XL_p0194442682.webp\",\"datePublished\":\"2023-12-06T11:43:49+00:00\",\"dateModified\":\"2024-03-26T20:56:03+00:00\",\"breadcrumb\":{\"@id\":\"https:\\\/\\\/www.facecorner.lv\\\/shop\\\/unleashia-sisua-tasmanian-pepper-calming-2-piece-pad-70ea\\\/#breadcrumb\"},\"inLanguage\":\"en-US\",\"potentialAction\":[{\"@type\":\"ReadAction\",\"target\":[\"https:\\\/\\\/www.facecorner.lv\\\/shop\\\/unleashia-sisua-tasmanian-pepper-calming-2-piece-pad-70ea\\\/\"]}]},{\"@type\":\"ImageObject\",\"inLanguage\":\"en-US\",\"@id\":\"https:\\\/\\\/www.facecorner.lv\\\/shop\\\/unleashia-sisua-tasmanian-pepper-calming-2-piece-pad-70ea\\\/#primaryimage\",\"url\":\"https:\\\/\\\/www.facecorner.lv\\\/wp-content\\\/uploads\\\/2023\\\/12\\\/XL_p0194442682.webp\",\"contentUrl\":\"https:\\\/\\\/www.facecorner.lv\\\/wp-content\\\/uploads\\\/2023\\\/12\\\/XL_p0194442682.webp\",\"width\":500,\"height\":500},{\"@type\":\"BreadcrumbList\",\"@id\":\"https:\\\/\\\/www.facecorner.lv\\\/shop\\\/unleashia-sisua-tasmanian-pepper-calming-2-piece-pad-70ea\\\/#breadcrumb\",\"itemListElement\":[{\"@type\":\"ListItem\",\"position\":1,\"name\":\"Home\",\"item\":\"https:\\\/\\\/www.facecorner.lv\\\/\"},{\"@type\":\"ListItem\",\"position\":2,\"name\":\"Veikals\",\"item\":\"https:\\\/\\\/www.facecorner.lv\\\/shop\\\/\"},{\"@type\":\"ListItem\",\"position\":3,\"name\":\"UNLEASHIA Sisua Tasmanian Pepper Calming 2-Piece Pad 70ea\"}]},{\"@type\":\"WebSite\",\"@id\":\"https:\\\/\\\/www.facecorner.lv\\\/#website\",\"url\":\"https:\\\/\\\/www.facecorner.lv\\\/\",\"name\":\"Facecorner\",\"description\":\"\",\"publisher\":{\"@id\":\"https:\\\/\\\/www.facecorner.lv\\\/#organization\"},\"potentialAction\":[{\"@type\":\"SearchAction\",\"target\":{\"@type\":\"EntryPoint\",\"urlTemplate\":\"https:\\\/\\\/www.facecorner.lv\\\/?s={search_term_string}\"},\"query-input\":{\"@type\":\"PropertyValueSpecification\",\"valueRequired\":true,\"valueName\":\"search_term_string\"}}],\"inLanguage\":\"en-US\"},{\"@type\":\"Organization\",\"@id\":\"https:\\\/\\\/www.facecorner.lv\\\/#organization\",\"name\":\"Facecorner\",\"url\":\"https:\\\/\\\/www.facecorner.lv\\\/\",\"logo\":{\"@type\":\"ImageObject\",\"inLanguage\":\"en-US\",\"@id\":\"https:\\\/\\\/www.facecorner.lv\\\/#\\\/schema\\\/logo\\\/image\\\/\",\"url\":\"https:\\\/\\\/www.facecorner.lv\\\/wp-content\\\/uploads\\\/2024\\\/04\\\/fc-logo.jpg\",\"contentUrl\":\"https:\\\/\\\/www.facecorner.lv\\\/wp-content\\\/uploads\\\/2024\\\/04\\\/fc-logo.jpg\",\"width\":174,\"height\":28,\"caption\":\"Facecorner\"},\"image\":{\"@id\":\"https:\\\/\\\/www.facecorner.lv\\\/#\\\/schema\\\/logo\\\/image\\\/\"},\"sameAs\":[\"https:\\\/\\\/www.facebook.com\\\/profile.php?id=100063824551839\",\"https:\\\/\\\/www.instagram.com\\\/facecorner_shop\\\/\"]}]}<\/script>\n<meta property=\"product:price:amount\" content=\"20.90\" \/>\n<meta property=\"product:price:currency\" content=\"EUR\" \/>\n<meta property=\"og:availability\" content=\"out of stock\" \/>\n<meta property=\"product:availability\" content=\"out of stock\" \/>\n<meta property=\"product:condition\" content=\"new\" \/>\n<!-- \/ Yoast SEO plugin. -->","yoast_head_json":{"title":"UNLEASHIA Sisua Tasmanian Pepper Calming 2-Piece Pad 70ea - FACECORNER","robots":{"index":"index","follow":"follow","max-snippet":"max-snippet:-1","max-image-preview":"max-image-preview:large","max-video-preview":"max-video-preview:-1"},"canonical":"https:\/\/www.facecorner.lv\/en\/shop\/unleashia-sisua-tasmanian-pepper-calming-2-piece-pad-70ea\/","og_locale":"en_US","og_type":"article","og_title":"UNLEASHIA Sisua Tasmanian Pepper Calming 2-Piece Pad 70ea - FACECORNER","og_description":"Nomierino\u0161i tonera spilventi\u0146i ar Tasm\u0101nijas piparu ekstraktu nodro\u0161ina \u0113rtu \u0101das mitrin\u0101\u0161anu un aps\u0101rtuma mazin\u0101\u0161anu. Priek\u0161roc\u012bbas: Atjauno mitruma l\u012bdzsvaru p\u0113c mazg\u0101\u0161anas, pal\u012bdz nov\u0113rst sausumu un sasprindzin\u0101jumu, k\u0101 ar\u012b uzlabo pamata kop\u0161anas efektu. Nomierina un m\u012bkstina \u0101du, samazina t\u0101s jut\u012bgumu, pal\u012bdz nov\u0113rst aps\u0101rtumu un kairin\u0101jumu. Maigi noloba \u0101das \u0161\u016bnu raga sl\u0101ni, stimul\u0113jot atjauno\u0161an\u0101s procesu. Galven\u0101s sast\u0101vda\u013cas: Laktobacillu [&hellip;]","og_url":"https:\/\/www.facecorner.lv\/en\/shop\/unleashia-sisua-tasmanian-pepper-calming-2-piece-pad-70ea\/","og_site_name":"FACECORNER","article_publisher":"https:\/\/www.facebook.com\/profile.php?id=100063824551839","article_modified_time":"2024-03-26T20:56:03+00:00","og_image":[{"width":500,"height":500,"url":"https:\/\/www.facecorner.lv\/wp-content\/uploads\/2023\/12\/XL_p0194442682.webp","type":"image\/webp"}],"twitter_card":"summary_large_image","twitter_misc":{"Price":"&euro;20.90","Availability":"Out of stock"},"schema":{"@context":"https:\/\/schema.org","@graph":[{"@type":"WebPage","@id":"https:\/\/www.facecorner.lv\/shop\/unleashia-sisua-tasmanian-pepper-calming-2-piece-pad-70ea\/","url":"https:\/\/www.facecorner.lv\/shop\/unleashia-sisua-tasmanian-pepper-calming-2-piece-pad-70ea\/","name":"UNLEASHIA Sisua Tasmanian Pepper Calming 2-Piece Pad 70ea - FACECORNER","isPartOf":{"@id":"https:\/\/www.facecorner.lv\/#website"},"primaryImageOfPage":{"@id":"https:\/\/www.facecorner.lv\/shop\/unleashia-sisua-tasmanian-pepper-calming-2-piece-pad-70ea\/#primaryimage"},"image":{"@id":"https:\/\/www.facecorner.lv\/shop\/unleashia-sisua-tasmanian-pepper-calming-2-piece-pad-70ea\/#primaryimage"},"thumbnailUrl":"https:\/\/www.facecorner.lv\/wp-content\/uploads\/2023\/12\/XL_p0194442682.webp","datePublished":"2023-12-06T11:43:49+00:00","dateModified":"2024-03-26T20:56:03+00:00","breadcrumb":{"@id":"https:\/\/www.facecorner.lv\/shop\/unleashia-sisua-tasmanian-pepper-calming-2-piece-pad-70ea\/#breadcrumb"},"inLanguage":"en-US","potentialAction":[{"@type":"ReadAction","target":["https:\/\/www.facecorner.lv\/shop\/unleashia-sisua-tasmanian-pepper-calming-2-piece-pad-70ea\/"]}]},{"@type":"ImageObject","inLanguage":"en-US","@id":"https:\/\/www.facecorner.lv\/shop\/unleashia-sisua-tasmanian-pepper-calming-2-piece-pad-70ea\/#primaryimage","url":"https:\/\/www.facecorner.lv\/wp-content\/uploads\/2023\/12\/XL_p0194442682.webp","contentUrl":"https:\/\/www.facecorner.lv\/wp-content\/uploads\/2023\/12\/XL_p0194442682.webp","width":500,"height":500},{"@type":"BreadcrumbList","@id":"https:\/\/www.facecorner.lv\/shop\/unleashia-sisua-tasmanian-pepper-calming-2-piece-pad-70ea\/#breadcrumb","itemListElement":[{"@type":"ListItem","position":1,"name":"Home","item":"https:\/\/www.facecorner.lv\/"},{"@type":"ListItem","position":2,"name":"Veikals","item":"https:\/\/www.facecorner.lv\/shop\/"},{"@type":"ListItem","position":3,"name":"UNLEASHIA Sisua Tasmanian Pepper Calming 2-Piece Pad 70ea"}]},{"@type":"WebSite","@id":"https:\/\/www.facecorner.lv\/#website","url":"https:\/\/www.facecorner.lv\/","name":"Facecorner","description":"","publisher":{"@id":"https:\/\/www.facecorner.lv\/#organization"},"potentialAction":[{"@type":"SearchAction","target":{"@type":"EntryPoint","urlTemplate":"https:\/\/www.facecorner.lv\/?s={search_term_string}"},"query-input":{"@type":"PropertyValueSpecification","valueRequired":true,"valueName":"search_term_string"}}],"inLanguage":"en-US"},{"@type":"Organization","@id":"https:\/\/www.facecorner.lv\/#organization","name":"Facecorner","url":"https:\/\/www.facecorner.lv\/","logo":{"@type":"ImageObject","inLanguage":"en-US","@id":"https:\/\/www.facecorner.lv\/#\/schema\/logo\/image\/","url":"https:\/\/www.facecorner.lv\/wp-content\/uploads\/2024\/04\/fc-logo.jpg","contentUrl":"https:\/\/www.facecorner.lv\/wp-content\/uploads\/2024\/04\/fc-logo.jpg","width":174,"height":28,"caption":"Facecorner"},"image":{"@id":"https:\/\/www.facecorner.lv\/#\/schema\/logo\/image\/"},"sameAs":["https:\/\/www.facebook.com\/profile.php?id=100063824551839","https:\/\/www.instagram.com\/facecorner_shop\/"]}]},"product_price_amount":"20.90","product_price_currency":"EUR","og_availability":"out of stock","product_availability":"out of stock","product_condition":"new"},"_links":{"self":[{"href":"https:\/\/www.facecorner.lv\/en\/wp-json\/wp\/v2\/product\/13270","targetHints":{"allow":["GET"]}}],"collection":[{"href":"https:\/\/www.facecorner.lv\/en\/wp-json\/wp\/v2\/product"}],"about":[{"href":"https:\/\/www.facecorner.lv\/en\/wp-json\/wp\/v2\/types\/product"}],"replies":[{"embeddable":true,"href":"https:\/\/www.facecorner.lv\/en\/wp-json\/wp\/v2\/comments?post=13270"}],"wp:featuredmedia":[{"embeddable":true,"href":"https:\/\/www.facecorner.lv\/en\/wp-json\/wp\/v2\/media\/13271"}],"wp:attachment":[{"href":"https:\/\/www.facecorner.lv\/en\/wp-json\/wp\/v2\/media?parent=13270"}],"wp:term":[{"taxonomy":"product_brand","embeddable":true,"href":"https:\/\/www.facecorner.lv\/en\/wp-json\/wp\/v2\/product_brand?post=13270"},{"taxonomy":"product_cat","embeddable":true,"href":"https:\/\/www.facecorner.lv\/en\/wp-json\/wp\/v2\/product_cat?post=13270"},{"taxonomy":"product_tag","embeddable":true,"href":"https:\/\/www.facecorner.lv\/en\/wp-json\/wp\/v2\/product_tag?post=13270"},{"taxonomy":"berocket_brand","embeddable":true,"href":"https:\/\/www.facecorner.lv\/en\/wp-json\/wp\/v2\/berocket_brand?post=13270"}],"curies":[{"name":"wp","href":"https:\/\/api.w.org\/{rel}","templated":true}]}}