{"id":13185,"date":"2023-12-01T12:47:33","date_gmt":"2023-12-01T10:47:33","guid":{"rendered":"https:\/\/www.facecorner.lv\/?post_type=product&#038;p=13185"},"modified":"2025-11-11T22:52:05","modified_gmt":"2025-11-11T19:52:05","slug":"anua-heartleaf-pore-control-cleansing-oil-200ml","status":"publish","type":"product","link":"https:\/\/www.facecorner.lv\/en\/shop\/anua-heartleaf-pore-control-cleansing-oil-200ml\/","title":{"rendered":"ANUA Heartleaf Pore Control Cleansing Oil 200ml\/20ml"},"content":{"rendered":"<p>Att\u012bro\u0161\u0101 hidrof\u012bl\u0101 e\u013c\u013ca ar hauttuynia ekstraktu nodro\u0161ina dzi\u013cu un efekt\u012bvu \u0101das att\u012br\u012b\u0161anu no kosm\u0113tikas, net\u012brumiem un saules aizsargkr\u0113miem.<\/p>\n<p><strong>Priek\u0161roc\u012bbas:<\/strong><\/p>\n<ul>\n<li>Efekt\u012bvi \u0161\u0137\u012bdina dekorat\u012bvo kosm\u0113tiku un saules aizsargkr\u0113mus, dzi\u013ci att\u012bra poras no liek\u0101 sebuma, putek\u013ciem un net\u012brumiem.<\/li>\n<li>Tai ir nomierino\u0161a un pretiekaisuma iedarb\u012bba, pal\u012bdz mazin\u0101t kairin\u0101jumu un nov\u0113r\u0161 aps\u0101rtumu.<\/li>\n<li>Pal\u012bdz regul\u0113t sebumu, nov\u0113r\u0161 poru papla\u0161in\u0101\u0161anos un pal\u012bdz uztur\u0113t to t\u012br\u012bbu.<\/li>\n<\/ul>\n<p><strong>It is a total care mask that tightens the skin.<\/strong><\/p>\n<ul>\n<li>Makad\u0101mijas, ol\u012bvu un jojobas e\u013c\u013cas pal\u012bdz uztur\u0113t \u0101das barjerfunkciju, nov\u0113r\u0161 mitruma zudumu t\u012br\u012b\u0161anas laik\u0101 un saglab\u0101 \u0101das maigumu.<\/li>\n<li>V\u012bnogu kauli\u0146u e\u013c\u013cai piem\u012bt nomierino\u0161a pretiekaisuma iedarb\u012bba.<\/li>\n<li>Houttuynia cordata ekstrakts nodro\u0161ina akt\u012bvu nomierino\u0161u un pretiekaisuma iedarb\u012bbu, mazinot aps\u0101rtumu un likvid\u0113jot izsitumus.<\/li>\n<li>N\u012bma koka lapu ekstraktam piem\u012bt nomierino\u0161a un antibakteri\u0101la iedarb\u012bba, nov\u0113r\u0161 aps\u0101rtumu un izsitumus.<\/li>\n<\/ul>\n<p><strong>Lieto\u0161ana : \u00a0<\/strong>Ar mas\u0113jo\u0161\u0101m kust\u012bb\u0101m ar saus\u0101m rok\u0101m izdaliet nepiecie\u0161amo produkta daudzumu uz sausas sejas \u0101das, l\u012bdz grims un net\u012brumi ir piln\u012bb\u0101 iz\u0161\u0137\u012bdu\u0161i. P\u0113c tam pievienojiet nedaudz \u016bdens un iemas\u0113jiet, l\u012bdz produkts iz\u0161\u0137\u012bst gai\u0161\u0101 pien\u0101, p\u0113c tam piln\u012bb\u0101 noskalojiet produktu ar \u016bdeni un p\u0101rejiet uz otro t\u012br\u012b\u0161anas posmu ar put\u0101m vai \u017eeleju.<\/p>\n<p><strong>Ingredientes:<\/strong> \u00a0Ethylhexyl Palmitate, Sorbeth-30 Tetraoleate, Sorbitan Sesquioleate, Caprylic\/Capric Triglyceride, Butyl Avocadate, Fragrance, Helianthus Annuus (Sunflower) Seed Oil, Macadamia Ternifolia Seed Oil, Olea Europaea (Olive) Fruit Oil, Simmondsia Chinensis (Jojoba) Seed Oil, Vitis Vinifera (Grape) Seed Oil, Caprylyl Glycol, Ethylhexylglycerin, Curcuma Longa (Turmeric) Root Extract, Melia Azadirachta Flower Extract, Tocopherol, Melia Azadirachta Leaf Extract, Houttuynia Cordata Extract, Corallina Officinalis Extract, Melia Azadirachta Bark Extract, Moringa Oleifera Seed Oil, Ocimum Sanctum Leaf Extract<\/p>","protected":false},"excerpt":{"rendered":"<p>Att\u012bro\u0161\u0101 hidrof\u012bl\u0101 e\u013c\u013ca ar hauttuynia ekstraktu nodro\u0161ina dzi\u013cu un efekt\u012bvu \u0101das att\u012br\u012b\u0161anu no kosm\u0113tikas, net\u012brumiem un saules aizsargkr\u0113miem. Priek\u0161roc\u012bbas: Efekt\u012bvi \u0161\u0137\u012bdina dekorat\u012bvo kosm\u0113tiku un saules aizsargkr\u0113mus, dzi\u013ci att\u012bra poras no liek\u0101 sebuma, putek\u013ciem un net\u012brumiem. Tai ir nomierino\u0161a un pretiekaisuma iedarb\u012bba, pal\u012bdz mazin\u0101t kairin\u0101jumu un nov\u0113r\u0161 aps\u0101rtumu. Pal\u012bdz regul\u0113t sebumu, nov\u0113r\u0161 poru papla\u0161in\u0101\u0161anos un pal\u012bdz [&hellip;]<\/p>\n","protected":false},"featured_media":13186,"comment_status":"open","ping_status":"closed","template":"","meta":{"site-sidebar-layout":"default","site-content-layout":"","ast-site-content-layout":"default","site-content-style":"default","site-sidebar-style":"default","ast-global-header-display":"","ast-banner-title-visibility":"","ast-main-header-display":"","ast-hfb-above-header-display":"","ast-hfb-below-header-display":"","ast-hfb-mobile-header-display":"","site-post-title":"","ast-breadcrumbs-content":"","ast-featured-img":"","footer-sml-layout":"","theme-transparent-header-meta":"default","adv-header-id-meta":"","stick-header-meta":"","header-above-stick-meta":"","header-main-stick-meta":"","header-below-stick-meta":"","astra-migrate-meta-layouts":"set","ast-page-background-enabled":"default","ast-page-background-meta":{"desktop":{"background-color":"var(--ast-global-color-4)","background-image":"","background-repeat":"repeat","background-position":"center center","background-size":"auto","background-attachment":"scroll","background-type":"","background-media":"","overlay-type":"","overlay-color":"","overlay-opacity":"","overlay-gradient":""},"tablet":{"background-color":"","background-image":"","background-repeat":"repeat","background-position":"center center","background-size":"auto","background-attachment":"scroll","background-type":"","background-media":"","overlay-type":"","overlay-color":"","overlay-opacity":"","overlay-gradient":""},"mobile":{"background-color":"","background-image":"","background-repeat":"repeat","background-position":"center center","background-size":"auto","background-attachment":"scroll","background-type":"","background-media":"","overlay-type":"","overlay-color":"","overlay-opacity":"","overlay-gradient":""}},"ast-content-background-meta":{"desktop":{"background-color":"var(--ast-global-color-5)","background-image":"","background-repeat":"repeat","background-position":"center center","background-size":"auto","background-attachment":"scroll","background-type":"","background-media":"","overlay-type":"","overlay-color":"","overlay-opacity":"","overlay-gradient":""},"tablet":{"background-color":"var(--ast-global-color-5)","background-image":"","background-repeat":"repeat","background-position":"center center","background-size":"auto","background-attachment":"scroll","background-type":"","background-media":"","overlay-type":"","overlay-color":"","overlay-opacity":"","overlay-gradient":""},"mobile":{"background-color":"var(--ast-global-color-5)","background-image":"","background-repeat":"repeat","background-position":"center center","background-size":"auto","background-attachment":"scroll","background-type":"","background-media":"","overlay-type":"","overlay-color":"","overlay-opacity":"","overlay-gradient":""}}},"product_brand":[],"product_cat":[321],"product_tag":[],"berocket_brand":[575],"class_list":{"0":"post-13185","1":"product","2":"type-product","3":"status-publish","4":"has-post-thumbnail","6":"product_cat-hidrofila-ella","7":"berocket_brand-anua","8":"desktop-align-left","9":"tablet-align-left","10":"mobile-align-left","12":"first","13":"outofstock","14":"taxable","15":"shipping-taxable","16":"purchasable","17":"product-type-simple","18":"add-to-wishlist-before_image"},"yoast_head":"<!-- This site is optimized with the Yoast SEO plugin v27.4 - https:\/\/yoast.com\/product\/yoast-seo-wordpress\/ -->\n<title>ANUA Heartleaf Pore Control Cleansing Oil 200ml\/20ml - FACECORNER<\/title>\n<meta name=\"robots\" content=\"index, follow, max-snippet:-1, max-image-preview:large, max-video-preview:-1\" \/>\n<link rel=\"canonical\" href=\"https:\/\/www.facecorner.lv\/en\/shop\/anua-heartleaf-pore-control-cleansing-oil-200ml\/\" \/>\n<meta property=\"og:locale\" content=\"en_US\" \/>\n<meta property=\"og:type\" content=\"article\" \/>\n<meta property=\"og:title\" content=\"ANUA Heartleaf Pore Control Cleansing Oil 200ml\/20ml - FACECORNER\" \/>\n<meta property=\"og:description\" content=\"Att\u012bro\u0161\u0101 hidrof\u012bl\u0101 e\u013c\u013ca ar hauttuynia ekstraktu nodro\u0161ina dzi\u013cu un efekt\u012bvu \u0101das att\u012br\u012b\u0161anu no kosm\u0113tikas, net\u012brumiem un saules aizsargkr\u0113miem. Priek\u0161roc\u012bbas: Efekt\u012bvi \u0161\u0137\u012bdina dekorat\u012bvo kosm\u0113tiku un saules aizsargkr\u0113mus, dzi\u013ci att\u012bra poras no liek\u0101 sebuma, putek\u013ciem un net\u012brumiem. Tai ir nomierino\u0161a un pretiekaisuma iedarb\u012bba, pal\u012bdz mazin\u0101t kairin\u0101jumu un nov\u0113r\u0161 aps\u0101rtumu. Pal\u012bdz regul\u0113t sebumu, nov\u0113r\u0161 poru papla\u0161in\u0101\u0161anos un pal\u012bdz [&hellip;]\" \/>\n<meta property=\"og:url\" content=\"https:\/\/www.facecorner.lv\/en\/shop\/anua-heartleaf-pore-control-cleansing-oil-200ml\/\" \/>\n<meta property=\"og:site_name\" content=\"FACECORNER\" \/>\n<meta property=\"article:publisher\" content=\"https:\/\/www.facebook.com\/profile.php?id=100063824551839\" \/>\n<meta property=\"article:modified_time\" content=\"2025-11-11T19:52:05+00:00\" \/>\n<meta property=\"og:image\" content=\"https:\/\/www.facecorner.lv\/wp-content\/uploads\/2023\/12\/41tFi33Pi6L.jpeg\" \/>\n\t<meta property=\"og:image:width\" content=\"1000\" \/>\n\t<meta property=\"og:image:height\" content=\"1000\" \/>\n\t<meta property=\"og:image:type\" content=\"image\/jpeg\" \/>\n<meta name=\"twitter:card\" content=\"summary_large_image\" \/>\n<meta name=\"twitter:label1\" content=\"Price\" \/>\n\t<meta name=\"twitter:data1\" content=\"&euro;24.60\" \/>\n\t<meta name=\"twitter:label2\" content=\"Availability\" \/>\n\t<meta name=\"twitter:data2\" content=\"Out of stock\" \/>\n<script type=\"application\/ld+json\" class=\"yoast-schema-graph\">{\"@context\":\"https:\\\/\\\/schema.org\",\"@graph\":[{\"@type\":\"WebPage\",\"@id\":\"https:\\\/\\\/www.facecorner.lv\\\/shop\\\/anua-heartleaf-pore-control-cleansing-oil-200ml\\\/\",\"url\":\"https:\\\/\\\/www.facecorner.lv\\\/shop\\\/anua-heartleaf-pore-control-cleansing-oil-200ml\\\/\",\"name\":\"ANUA Heartleaf Pore Control Cleansing Oil 200ml\\\/20ml - FACECORNER\",\"isPartOf\":{\"@id\":\"https:\\\/\\\/www.facecorner.lv\\\/#website\"},\"primaryImageOfPage\":{\"@id\":\"https:\\\/\\\/www.facecorner.lv\\\/shop\\\/anua-heartleaf-pore-control-cleansing-oil-200ml\\\/#primaryimage\"},\"image\":{\"@id\":\"https:\\\/\\\/www.facecorner.lv\\\/shop\\\/anua-heartleaf-pore-control-cleansing-oil-200ml\\\/#primaryimage\"},\"thumbnailUrl\":\"https:\\\/\\\/www.facecorner.lv\\\/wp-content\\\/uploads\\\/2023\\\/12\\\/41tFi33Pi6L.jpeg\",\"datePublished\":\"2023-12-01T10:47:33+00:00\",\"dateModified\":\"2025-11-11T19:52:05+00:00\",\"breadcrumb\":{\"@id\":\"https:\\\/\\\/www.facecorner.lv\\\/shop\\\/anua-heartleaf-pore-control-cleansing-oil-200ml\\\/#breadcrumb\"},\"inLanguage\":\"en-US\",\"potentialAction\":[{\"@type\":\"ReadAction\",\"target\":[\"https:\\\/\\\/www.facecorner.lv\\\/shop\\\/anua-heartleaf-pore-control-cleansing-oil-200ml\\\/\"]}]},{\"@type\":\"ImageObject\",\"inLanguage\":\"en-US\",\"@id\":\"https:\\\/\\\/www.facecorner.lv\\\/shop\\\/anua-heartleaf-pore-control-cleansing-oil-200ml\\\/#primaryimage\",\"url\":\"https:\\\/\\\/www.facecorner.lv\\\/wp-content\\\/uploads\\\/2023\\\/12\\\/41tFi33Pi6L.jpeg\",\"contentUrl\":\"https:\\\/\\\/www.facecorner.lv\\\/wp-content\\\/uploads\\\/2023\\\/12\\\/41tFi33Pi6L.jpeg\",\"width\":1000,\"height\":1000},{\"@type\":\"BreadcrumbList\",\"@id\":\"https:\\\/\\\/www.facecorner.lv\\\/shop\\\/anua-heartleaf-pore-control-cleansing-oil-200ml\\\/#breadcrumb\",\"itemListElement\":[{\"@type\":\"ListItem\",\"position\":1,\"name\":\"Home\",\"item\":\"https:\\\/\\\/www.facecorner.lv\\\/\"},{\"@type\":\"ListItem\",\"position\":2,\"name\":\"Veikals\",\"item\":\"https:\\\/\\\/www.facecorner.lv\\\/shop\\\/\"},{\"@type\":\"ListItem\",\"position\":3,\"name\":\"ANUA Heartleaf Pore Control Cleansing Oil 200ml\\\/20ml\"}]},{\"@type\":\"WebSite\",\"@id\":\"https:\\\/\\\/www.facecorner.lv\\\/#website\",\"url\":\"https:\\\/\\\/www.facecorner.lv\\\/\",\"name\":\"Facecorner\",\"description\":\"\",\"publisher\":{\"@id\":\"https:\\\/\\\/www.facecorner.lv\\\/#organization\"},\"potentialAction\":[{\"@type\":\"SearchAction\",\"target\":{\"@type\":\"EntryPoint\",\"urlTemplate\":\"https:\\\/\\\/www.facecorner.lv\\\/?s={search_term_string}\"},\"query-input\":{\"@type\":\"PropertyValueSpecification\",\"valueRequired\":true,\"valueName\":\"search_term_string\"}}],\"inLanguage\":\"en-US\"},{\"@type\":\"Organization\",\"@id\":\"https:\\\/\\\/www.facecorner.lv\\\/#organization\",\"name\":\"Facecorner\",\"url\":\"https:\\\/\\\/www.facecorner.lv\\\/\",\"logo\":{\"@type\":\"ImageObject\",\"inLanguage\":\"en-US\",\"@id\":\"https:\\\/\\\/www.facecorner.lv\\\/#\\\/schema\\\/logo\\\/image\\\/\",\"url\":\"https:\\\/\\\/www.facecorner.lv\\\/wp-content\\\/uploads\\\/2024\\\/04\\\/fc-logo.jpg\",\"contentUrl\":\"https:\\\/\\\/www.facecorner.lv\\\/wp-content\\\/uploads\\\/2024\\\/04\\\/fc-logo.jpg\",\"width\":174,\"height\":28,\"caption\":\"Facecorner\"},\"image\":{\"@id\":\"https:\\\/\\\/www.facecorner.lv\\\/#\\\/schema\\\/logo\\\/image\\\/\"},\"sameAs\":[\"https:\\\/\\\/www.facebook.com\\\/profile.php?id=100063824551839\",\"https:\\\/\\\/www.instagram.com\\\/facecorner_shop\\\/\"]}]}<\/script>\n<meta property=\"product:price:amount\" content=\"24.60\" \/>\n<meta property=\"product:price:currency\" content=\"EUR\" \/>\n<meta property=\"og:availability\" content=\"out of stock\" \/>\n<meta property=\"product:availability\" content=\"out of stock\" \/>\n<meta property=\"product:condition\" content=\"new\" \/>\n<!-- \/ Yoast SEO plugin. -->","yoast_head_json":{"title":"ANUA Heartleaf Pore Control Cleansing Oil 200ml\/20ml - FACECORNER","robots":{"index":"index","follow":"follow","max-snippet":"max-snippet:-1","max-image-preview":"max-image-preview:large","max-video-preview":"max-video-preview:-1"},"canonical":"https:\/\/www.facecorner.lv\/en\/shop\/anua-heartleaf-pore-control-cleansing-oil-200ml\/","og_locale":"en_US","og_type":"article","og_title":"ANUA Heartleaf Pore Control Cleansing Oil 200ml\/20ml - FACECORNER","og_description":"Att\u012bro\u0161\u0101 hidrof\u012bl\u0101 e\u013c\u013ca ar hauttuynia ekstraktu nodro\u0161ina dzi\u013cu un efekt\u012bvu \u0101das att\u012br\u012b\u0161anu no kosm\u0113tikas, net\u012brumiem un saules aizsargkr\u0113miem. Priek\u0161roc\u012bbas: Efekt\u012bvi \u0161\u0137\u012bdina dekorat\u012bvo kosm\u0113tiku un saules aizsargkr\u0113mus, dzi\u013ci att\u012bra poras no liek\u0101 sebuma, putek\u013ciem un net\u012brumiem. Tai ir nomierino\u0161a un pretiekaisuma iedarb\u012bba, pal\u012bdz mazin\u0101t kairin\u0101jumu un nov\u0113r\u0161 aps\u0101rtumu. Pal\u012bdz regul\u0113t sebumu, nov\u0113r\u0161 poru papla\u0161in\u0101\u0161anos un pal\u012bdz [&hellip;]","og_url":"https:\/\/www.facecorner.lv\/en\/shop\/anua-heartleaf-pore-control-cleansing-oil-200ml\/","og_site_name":"FACECORNER","article_publisher":"https:\/\/www.facebook.com\/profile.php?id=100063824551839","article_modified_time":"2025-11-11T19:52:05+00:00","og_image":[{"width":1000,"height":1000,"url":"https:\/\/www.facecorner.lv\/wp-content\/uploads\/2023\/12\/41tFi33Pi6L.jpeg","type":"image\/jpeg"}],"twitter_card":"summary_large_image","twitter_misc":{"Price":"&euro;24.60","Availability":"Out of stock"},"schema":{"@context":"https:\/\/schema.org","@graph":[{"@type":"WebPage","@id":"https:\/\/www.facecorner.lv\/shop\/anua-heartleaf-pore-control-cleansing-oil-200ml\/","url":"https:\/\/www.facecorner.lv\/shop\/anua-heartleaf-pore-control-cleansing-oil-200ml\/","name":"ANUA Heartleaf Pore Control Cleansing Oil 200ml\/20ml - FACECORNER","isPartOf":{"@id":"https:\/\/www.facecorner.lv\/#website"},"primaryImageOfPage":{"@id":"https:\/\/www.facecorner.lv\/shop\/anua-heartleaf-pore-control-cleansing-oil-200ml\/#primaryimage"},"image":{"@id":"https:\/\/www.facecorner.lv\/shop\/anua-heartleaf-pore-control-cleansing-oil-200ml\/#primaryimage"},"thumbnailUrl":"https:\/\/www.facecorner.lv\/wp-content\/uploads\/2023\/12\/41tFi33Pi6L.jpeg","datePublished":"2023-12-01T10:47:33+00:00","dateModified":"2025-11-11T19:52:05+00:00","breadcrumb":{"@id":"https:\/\/www.facecorner.lv\/shop\/anua-heartleaf-pore-control-cleansing-oil-200ml\/#breadcrumb"},"inLanguage":"en-US","potentialAction":[{"@type":"ReadAction","target":["https:\/\/www.facecorner.lv\/shop\/anua-heartleaf-pore-control-cleansing-oil-200ml\/"]}]},{"@type":"ImageObject","inLanguage":"en-US","@id":"https:\/\/www.facecorner.lv\/shop\/anua-heartleaf-pore-control-cleansing-oil-200ml\/#primaryimage","url":"https:\/\/www.facecorner.lv\/wp-content\/uploads\/2023\/12\/41tFi33Pi6L.jpeg","contentUrl":"https:\/\/www.facecorner.lv\/wp-content\/uploads\/2023\/12\/41tFi33Pi6L.jpeg","width":1000,"height":1000},{"@type":"BreadcrumbList","@id":"https:\/\/www.facecorner.lv\/shop\/anua-heartleaf-pore-control-cleansing-oil-200ml\/#breadcrumb","itemListElement":[{"@type":"ListItem","position":1,"name":"Home","item":"https:\/\/www.facecorner.lv\/"},{"@type":"ListItem","position":2,"name":"Veikals","item":"https:\/\/www.facecorner.lv\/shop\/"},{"@type":"ListItem","position":3,"name":"ANUA Heartleaf Pore Control Cleansing Oil 200ml\/20ml"}]},{"@type":"WebSite","@id":"https:\/\/www.facecorner.lv\/#website","url":"https:\/\/www.facecorner.lv\/","name":"Facecorner","description":"","publisher":{"@id":"https:\/\/www.facecorner.lv\/#organization"},"potentialAction":[{"@type":"SearchAction","target":{"@type":"EntryPoint","urlTemplate":"https:\/\/www.facecorner.lv\/?s={search_term_string}"},"query-input":{"@type":"PropertyValueSpecification","valueRequired":true,"valueName":"search_term_string"}}],"inLanguage":"en-US"},{"@type":"Organization","@id":"https:\/\/www.facecorner.lv\/#organization","name":"Facecorner","url":"https:\/\/www.facecorner.lv\/","logo":{"@type":"ImageObject","inLanguage":"en-US","@id":"https:\/\/www.facecorner.lv\/#\/schema\/logo\/image\/","url":"https:\/\/www.facecorner.lv\/wp-content\/uploads\/2024\/04\/fc-logo.jpg","contentUrl":"https:\/\/www.facecorner.lv\/wp-content\/uploads\/2024\/04\/fc-logo.jpg","width":174,"height":28,"caption":"Facecorner"},"image":{"@id":"https:\/\/www.facecorner.lv\/#\/schema\/logo\/image\/"},"sameAs":["https:\/\/www.facebook.com\/profile.php?id=100063824551839","https:\/\/www.instagram.com\/facecorner_shop\/"]}]},"product_price_amount":"24.60","product_price_currency":"EUR","og_availability":"out of stock","product_availability":"out of stock","product_condition":"new"},"_links":{"self":[{"href":"https:\/\/www.facecorner.lv\/en\/wp-json\/wp\/v2\/product\/13185","targetHints":{"allow":["GET"]}}],"collection":[{"href":"https:\/\/www.facecorner.lv\/en\/wp-json\/wp\/v2\/product"}],"about":[{"href":"https:\/\/www.facecorner.lv\/en\/wp-json\/wp\/v2\/types\/product"}],"replies":[{"embeddable":true,"href":"https:\/\/www.facecorner.lv\/en\/wp-json\/wp\/v2\/comments?post=13185"}],"wp:featuredmedia":[{"embeddable":true,"href":"https:\/\/www.facecorner.lv\/en\/wp-json\/wp\/v2\/media\/13186"}],"wp:attachment":[{"href":"https:\/\/www.facecorner.lv\/en\/wp-json\/wp\/v2\/media?parent=13185"}],"wp:term":[{"taxonomy":"product_brand","embeddable":true,"href":"https:\/\/www.facecorner.lv\/en\/wp-json\/wp\/v2\/product_brand?post=13185"},{"taxonomy":"product_cat","embeddable":true,"href":"https:\/\/www.facecorner.lv\/en\/wp-json\/wp\/v2\/product_cat?post=13185"},{"taxonomy":"product_tag","embeddable":true,"href":"https:\/\/www.facecorner.lv\/en\/wp-json\/wp\/v2\/product_tag?post=13185"},{"taxonomy":"berocket_brand","embeddable":true,"href":"https:\/\/www.facecorner.lv\/en\/wp-json\/wp\/v2\/berocket_brand?post=13185"}],"curies":[{"name":"wp","href":"https:\/\/api.w.org\/{rel}","templated":true}]}}