{"id":13179,"date":"2023-12-01T12:26:09","date_gmt":"2023-12-01T10:26:09","guid":{"rendered":"https:\/\/www.facecorner.lv\/?post_type=product&#038;p=13179"},"modified":"2024-12-13T20:16:22","modified_gmt":"2024-12-13T17:16:22","slug":"round-lab-mugwort-calming-cream-80ml","status":"publish","type":"product","link":"https:\/\/www.facecorner.lv\/en\/shop\/round-lab-mugwort-calming-cream-80ml\/","title":{"rendered":"Round Lab Mugwort Calming Cream 80ml"},"content":{"rendered":"<p>Round Lab Mugwort Calming Cream nedaudz atv\u0113sina, nomierina, m\u012bkstina un mitrina jut\u012bgu un problem\u0101tisku \u0101du, nom\u0101c iekaisumu un samazina mitruma zudumu.<\/p>\n<p>Produkts mazina kairin\u0101jumu, stiprina aizsarg\u0101jo\u0161o hidrolip\u012bdu barjeru, nov\u0113r\u0161 sausumu un aizpilda mitruma tr\u016bkumu.<\/p>\n<p>Atsvaidzino\u0161\u0101 g\u0113la tekst\u016bra maigi izk\u016bst, pieskaroties \u0101dai, un uzreiz uzs\u016bcas, neatst\u0101jot lip\u012bgu pl\u0113vi un nenosverot to.<\/p>\n<p>Formulas pamat\u0101 ir v\u0113rmeles ekstrakts (10,045 ppm), kas sav\u0101kts Geomundo sal\u0101 Dienvidkorej\u0101. V\u0113rmeles ekstraktam piem\u012bt pretiekaisuma, antiseptiska un bakteric\u012bda iedarb\u012bba, pal\u012bdz c\u012b\u0146\u0101 pret pinn\u0113m un rosaceju.<\/p>\n<p><strong>KEY INGREDIENTS:<\/strong><\/p>\n<ul>\n<li>Kompleksam 4-CICA (Madecassoside, Asiaticoside, Asiatic Acid, Madecassic Acid) ir nomierino\u0161a iedarb\u012bba, mazina aps\u0101rtumu un kairin\u0101jumu, stiprina asinsvadu sieni\u0146as un palielina elast\u012bbu.<\/li>\n<li>Za\u013c\u0101s t\u0113jas ekstrakts ir sp\u0113c\u012bgs antioksidants, kas efekt\u012bvi toniz\u0113, mazina kairin\u0101jumu un pagarina \u0161\u016bnu jaun\u012bbu, saglab\u0101jot elast\u012bbu un vienm\u0113r\u012bgu tonusu.<\/li>\n<li>Pantenols (B5 vitam\u012bns) pa\u0101trina dz\u012b\u0161anu, nomierina un mazina kairin\u0101jumu, k\u0101 ar\u012b atjauno epidermas integrit\u0101ti.<\/li>\n<li>Alanto\u012bns samazina jut\u012bbu, ir savelko\u0161a un nomierino\u0161a iedarb\u012bba, aktiviz\u0113 re\u0123ener\u0101cijas procesu un nov\u0113r\u0161 sausumu.<\/li>\n<li>Apriko\u017eu kauli\u0146u e\u013c\u013ca m\u012bkstina, maigi att\u012bra un iz\u0161\u0137\u012bdina lieko sebumu, pateicoties lielajam E vitam\u012bna daudzumam sast\u0101v\u0101.<\/li>\n<\/ul>\n<p><strong>Piem\u0113rots visiem \u0101das tipiem, ar\u012b jut\u012bgai un ar pinn\u0113m pak\u013cautai \u0101dai.<\/strong><\/p>\n<p><strong>How to use:<\/strong> p\u0113c mazg\u0101\u0161anas, toniz\u0113\u0161anas un seruma lieto\u0161anas uzkl\u0101jiet kr\u0113mu uz sejas un sadaliet pa mas\u0101\u017eas l\u012bnij\u0101m.<\/p>\n<p><strong>Ingredientes:\u00a0<\/strong>Water, Glycerin , Sodium Cocoyl Glycinate, Sodium Lauroyl Glutamate, Butylene Glycol, Coco-Betaine, Betaine, Hydroxypropyl Starch Phosphate, Artemisia Vulgaris Extract (10,045 ppm), Artemisia Princeps Leaf Extract (800 ppm), Madecassoside, Asiaticoside, Asiatic Acid, Madecassic Acid, Panthenol, Allantoin , Melia Azadirachta Leaf Extract, Malt Extract, Camellia Sinensis Leaf Extract, Melia Azadirachta Flower Extract, Sodium Chloride, Aspartic Acid , Caprylyl Glycol, Polyquaternium-67, 1,2-Hexanediol, Ethylhexylglycerin , Citric Acid, Salvia Officinalis (Sage) Oil<\/p>","protected":false},"excerpt":{"rendered":"<p>Round Lab Mugwort Calming Cream nedaudz atv\u0113sina, nomierina, m\u012bkstina un mitrina jut\u012bgu un problem\u0101tisku \u0101du, nom\u0101c iekaisumu un samazina mitruma zudumu. Produkts mazina kairin\u0101jumu, stiprina aizsarg\u0101jo\u0161o hidrolip\u012bdu barjeru, nov\u0113r\u0161 sausumu un aizpilda mitruma tr\u016bkumu. Atsvaidzino\u0161\u0101 g\u0113la tekst\u016bra maigi izk\u016bst, pieskaroties \u0101dai, un uzreiz uzs\u016bcas, neatst\u0101jot lip\u012bgu pl\u0113vi un nenosverot to. Formulas pamat\u0101 ir v\u0113rmeles ekstrakts [&hellip;]<\/p>\n","protected":false},"featured_media":13180,"comment_status":"open","ping_status":"closed","template":"","meta":{"site-sidebar-layout":"default","site-content-layout":"","ast-site-content-layout":"","site-content-style":"default","site-sidebar-style":"default","ast-global-header-display":"","ast-banner-title-visibility":"","ast-main-header-display":"","ast-hfb-above-header-display":"","ast-hfb-below-header-display":"","ast-hfb-mobile-header-display":"","site-post-title":"","ast-breadcrumbs-content":"","ast-featured-img":"","footer-sml-layout":"","theme-transparent-header-meta":"","adv-header-id-meta":"","stick-header-meta":"","header-above-stick-meta":"","header-main-stick-meta":"","header-below-stick-meta":"","astra-migrate-meta-layouts":"default","ast-page-background-enabled":"default","ast-page-background-meta":{"desktop":{"background-color":"var(--ast-global-color-4)","background-image":"","background-repeat":"repeat","background-position":"center center","background-size":"auto","background-attachment":"scroll","background-type":"","background-media":"","overlay-type":"","overlay-color":"","overlay-opacity":"","overlay-gradient":""},"tablet":{"background-color":"","background-image":"","background-repeat":"repeat","background-position":"center center","background-size":"auto","background-attachment":"scroll","background-type":"","background-media":"","overlay-type":"","overlay-color":"","overlay-opacity":"","overlay-gradient":""},"mobile":{"background-color":"","background-image":"","background-repeat":"repeat","background-position":"center center","background-size":"auto","background-attachment":"scroll","background-type":"","background-media":"","overlay-type":"","overlay-color":"","overlay-opacity":"","overlay-gradient":""}},"ast-content-background-meta":{"desktop":{"background-color":"var(--ast-global-color-5)","background-image":"","background-repeat":"repeat","background-position":"center center","background-size":"auto","background-attachment":"scroll","background-type":"","background-media":"","overlay-type":"","overlay-color":"","overlay-opacity":"","overlay-gradient":""},"tablet":{"background-color":"var(--ast-global-color-5)","background-image":"","background-repeat":"repeat","background-position":"center center","background-size":"auto","background-attachment":"scroll","background-type":"","background-media":"","overlay-type":"","overlay-color":"","overlay-opacity":"","overlay-gradient":""},"mobile":{"background-color":"var(--ast-global-color-5)","background-image":"","background-repeat":"repeat","background-position":"center center","background-size":"auto","background-attachment":"scroll","background-type":"","background-media":"","overlay-type":"","overlay-color":"","overlay-opacity":"","overlay-gradient":""}}},"product_brand":[],"product_cat":[366,367,362],"product_tag":[],"berocket_brand":[589],"class_list":{"0":"post-13179","1":"product","2":"type-product","3":"status-publish","4":"has-post-thumbnail","6":"product_cat-mitrinoss","7":"product_cat-nomierinoss","8":"product_cat-sejas-krems","9":"berocket_brand-round-lab","10":"desktop-align-left","11":"tablet-align-left","12":"mobile-align-left","14":"first","15":"outofstock","16":"taxable","17":"shipping-taxable","18":"purchasable","19":"product-type-simple","20":"add-to-wishlist-before_image"},"yoast_head":"<!-- This site is optimized with the Yoast SEO plugin v27.4 - https:\/\/yoast.com\/product\/yoast-seo-wordpress\/ -->\n<title>Round Lab Mugwort Calming Cream 80ml - FACECORNER<\/title>\n<meta name=\"robots\" content=\"index, follow, max-snippet:-1, max-image-preview:large, max-video-preview:-1\" \/>\n<link rel=\"canonical\" href=\"https:\/\/www.facecorner.lv\/en\/shop\/round-lab-mugwort-calming-cream-80ml\/\" \/>\n<meta property=\"og:locale\" content=\"en_US\" \/>\n<meta property=\"og:type\" content=\"article\" \/>\n<meta property=\"og:title\" content=\"Round Lab Mugwort Calming Cream 80ml - FACECORNER\" \/>\n<meta property=\"og:description\" content=\"Round Lab Mugwort Calming Cream nedaudz atv\u0113sina, nomierina, m\u012bkstina un mitrina jut\u012bgu un problem\u0101tisku \u0101du, nom\u0101c iekaisumu un samazina mitruma zudumu. Produkts mazina kairin\u0101jumu, stiprina aizsarg\u0101jo\u0161o hidrolip\u012bdu barjeru, nov\u0113r\u0161 sausumu un aizpilda mitruma tr\u016bkumu. Atsvaidzino\u0161\u0101 g\u0113la tekst\u016bra maigi izk\u016bst, pieskaroties \u0101dai, un uzreiz uzs\u016bcas, neatst\u0101jot lip\u012bgu pl\u0113vi un nenosverot to. Formulas pamat\u0101 ir v\u0113rmeles ekstrakts [&hellip;]\" \/>\n<meta property=\"og:url\" content=\"https:\/\/www.facecorner.lv\/en\/shop\/round-lab-mugwort-calming-cream-80ml\/\" \/>\n<meta property=\"og:site_name\" content=\"FACECORNER\" \/>\n<meta property=\"article:publisher\" content=\"https:\/\/www.facebook.com\/profile.php?id=100063824551839\" \/>\n<meta property=\"article:modified_time\" content=\"2024-12-13T17:16:22+00:00\" \/>\n<meta property=\"og:image\" content=\"https:\/\/www.facecorner.lv\/wp-content\/uploads\/2023\/12\/cze_pl_Round-Lab-Mugwort-Calming-Cream-Vyzivny-krem-na-oblicej-80-ml-11206_3_2000x.jpeg\" \/>\n\t<meta property=\"og:image:width\" content=\"1500\" \/>\n\t<meta property=\"og:image:height\" content=\"1500\" \/>\n\t<meta property=\"og:image:type\" content=\"image\/jpeg\" \/>\n<meta name=\"twitter:card\" content=\"summary_large_image\" \/>\n<meta name=\"twitter:label1\" content=\"Price\" \/>\n\t<meta name=\"twitter:data1\" content=\"&euro;25.00\" \/>\n\t<meta name=\"twitter:label2\" content=\"Availability\" \/>\n\t<meta name=\"twitter:data2\" content=\"Out of stock\" \/>\n<script type=\"application\/ld+json\" class=\"yoast-schema-graph\">{\"@context\":\"https:\\\/\\\/schema.org\",\"@graph\":[{\"@type\":\"WebPage\",\"@id\":\"https:\\\/\\\/www.facecorner.lv\\\/shop\\\/round-lab-mugwort-calming-cream-80ml\\\/\",\"url\":\"https:\\\/\\\/www.facecorner.lv\\\/shop\\\/round-lab-mugwort-calming-cream-80ml\\\/\",\"name\":\"Round Lab Mugwort Calming Cream 80ml - FACECORNER\",\"isPartOf\":{\"@id\":\"https:\\\/\\\/www.facecorner.lv\\\/#website\"},\"primaryImageOfPage\":{\"@id\":\"https:\\\/\\\/www.facecorner.lv\\\/shop\\\/round-lab-mugwort-calming-cream-80ml\\\/#primaryimage\"},\"image\":{\"@id\":\"https:\\\/\\\/www.facecorner.lv\\\/shop\\\/round-lab-mugwort-calming-cream-80ml\\\/#primaryimage\"},\"thumbnailUrl\":\"https:\\\/\\\/www.facecorner.lv\\\/wp-content\\\/uploads\\\/2023\\\/12\\\/cze_pl_Round-Lab-Mugwort-Calming-Cream-Vyzivny-krem-na-oblicej-80-ml-11206_3_2000x.jpeg\",\"datePublished\":\"2023-12-01T10:26:09+00:00\",\"dateModified\":\"2024-12-13T17:16:22+00:00\",\"breadcrumb\":{\"@id\":\"https:\\\/\\\/www.facecorner.lv\\\/shop\\\/round-lab-mugwort-calming-cream-80ml\\\/#breadcrumb\"},\"inLanguage\":\"en-US\",\"potentialAction\":[{\"@type\":\"ReadAction\",\"target\":[\"https:\\\/\\\/www.facecorner.lv\\\/shop\\\/round-lab-mugwort-calming-cream-80ml\\\/\"]}]},{\"@type\":\"ImageObject\",\"inLanguage\":\"en-US\",\"@id\":\"https:\\\/\\\/www.facecorner.lv\\\/shop\\\/round-lab-mugwort-calming-cream-80ml\\\/#primaryimage\",\"url\":\"https:\\\/\\\/www.facecorner.lv\\\/wp-content\\\/uploads\\\/2023\\\/12\\\/cze_pl_Round-Lab-Mugwort-Calming-Cream-Vyzivny-krem-na-oblicej-80-ml-11206_3_2000x.jpeg\",\"contentUrl\":\"https:\\\/\\\/www.facecorner.lv\\\/wp-content\\\/uploads\\\/2023\\\/12\\\/cze_pl_Round-Lab-Mugwort-Calming-Cream-Vyzivny-krem-na-oblicej-80-ml-11206_3_2000x.jpeg\",\"width\":1500,\"height\":1500},{\"@type\":\"BreadcrumbList\",\"@id\":\"https:\\\/\\\/www.facecorner.lv\\\/shop\\\/round-lab-mugwort-calming-cream-80ml\\\/#breadcrumb\",\"itemListElement\":[{\"@type\":\"ListItem\",\"position\":1,\"name\":\"Home\",\"item\":\"https:\\\/\\\/www.facecorner.lv\\\/\"},{\"@type\":\"ListItem\",\"position\":2,\"name\":\"Veikals\",\"item\":\"https:\\\/\\\/www.facecorner.lv\\\/shop\\\/\"},{\"@type\":\"ListItem\",\"position\":3,\"name\":\"Round Lab Mugwort Calming Cream 80ml\"}]},{\"@type\":\"WebSite\",\"@id\":\"https:\\\/\\\/www.facecorner.lv\\\/#website\",\"url\":\"https:\\\/\\\/www.facecorner.lv\\\/\",\"name\":\"Facecorner\",\"description\":\"\",\"publisher\":{\"@id\":\"https:\\\/\\\/www.facecorner.lv\\\/#organization\"},\"potentialAction\":[{\"@type\":\"SearchAction\",\"target\":{\"@type\":\"EntryPoint\",\"urlTemplate\":\"https:\\\/\\\/www.facecorner.lv\\\/?s={search_term_string}\"},\"query-input\":{\"@type\":\"PropertyValueSpecification\",\"valueRequired\":true,\"valueName\":\"search_term_string\"}}],\"inLanguage\":\"en-US\"},{\"@type\":\"Organization\",\"@id\":\"https:\\\/\\\/www.facecorner.lv\\\/#organization\",\"name\":\"Facecorner\",\"url\":\"https:\\\/\\\/www.facecorner.lv\\\/\",\"logo\":{\"@type\":\"ImageObject\",\"inLanguage\":\"en-US\",\"@id\":\"https:\\\/\\\/www.facecorner.lv\\\/#\\\/schema\\\/logo\\\/image\\\/\",\"url\":\"https:\\\/\\\/www.facecorner.lv\\\/wp-content\\\/uploads\\\/2024\\\/04\\\/fc-logo.jpg\",\"contentUrl\":\"https:\\\/\\\/www.facecorner.lv\\\/wp-content\\\/uploads\\\/2024\\\/04\\\/fc-logo.jpg\",\"width\":174,\"height\":28,\"caption\":\"Facecorner\"},\"image\":{\"@id\":\"https:\\\/\\\/www.facecorner.lv\\\/#\\\/schema\\\/logo\\\/image\\\/\"},\"sameAs\":[\"https:\\\/\\\/www.facebook.com\\\/profile.php?id=100063824551839\",\"https:\\\/\\\/www.instagram.com\\\/facecorner_shop\\\/\"]}]}<\/script>\n<meta property=\"product:price:amount\" content=\"25.00\" \/>\n<meta property=\"product:price:currency\" content=\"EUR\" \/>\n<meta property=\"og:availability\" content=\"out of stock\" \/>\n<meta property=\"product:availability\" content=\"out of stock\" \/>\n<meta property=\"product:condition\" content=\"new\" \/>\n<!-- \/ Yoast SEO plugin. -->","yoast_head_json":{"title":"Round Lab Mugwort Calming Cream 80ml - FACECORNER","robots":{"index":"index","follow":"follow","max-snippet":"max-snippet:-1","max-image-preview":"max-image-preview:large","max-video-preview":"max-video-preview:-1"},"canonical":"https:\/\/www.facecorner.lv\/en\/shop\/round-lab-mugwort-calming-cream-80ml\/","og_locale":"en_US","og_type":"article","og_title":"Round Lab Mugwort Calming Cream 80ml - FACECORNER","og_description":"Round Lab Mugwort Calming Cream nedaudz atv\u0113sina, nomierina, m\u012bkstina un mitrina jut\u012bgu un problem\u0101tisku \u0101du, nom\u0101c iekaisumu un samazina mitruma zudumu. Produkts mazina kairin\u0101jumu, stiprina aizsarg\u0101jo\u0161o hidrolip\u012bdu barjeru, nov\u0113r\u0161 sausumu un aizpilda mitruma tr\u016bkumu. Atsvaidzino\u0161\u0101 g\u0113la tekst\u016bra maigi izk\u016bst, pieskaroties \u0101dai, un uzreiz uzs\u016bcas, neatst\u0101jot lip\u012bgu pl\u0113vi un nenosverot to. Formulas pamat\u0101 ir v\u0113rmeles ekstrakts [&hellip;]","og_url":"https:\/\/www.facecorner.lv\/en\/shop\/round-lab-mugwort-calming-cream-80ml\/","og_site_name":"FACECORNER","article_publisher":"https:\/\/www.facebook.com\/profile.php?id=100063824551839","article_modified_time":"2024-12-13T17:16:22+00:00","og_image":[{"width":1500,"height":1500,"url":"https:\/\/www.facecorner.lv\/wp-content\/uploads\/2023\/12\/cze_pl_Round-Lab-Mugwort-Calming-Cream-Vyzivny-krem-na-oblicej-80-ml-11206_3_2000x.jpeg","type":"image\/jpeg"}],"twitter_card":"summary_large_image","twitter_misc":{"Price":"&euro;25.00","Availability":"Out of stock"},"schema":{"@context":"https:\/\/schema.org","@graph":[{"@type":"WebPage","@id":"https:\/\/www.facecorner.lv\/shop\/round-lab-mugwort-calming-cream-80ml\/","url":"https:\/\/www.facecorner.lv\/shop\/round-lab-mugwort-calming-cream-80ml\/","name":"Round Lab Mugwort Calming Cream 80ml - FACECORNER","isPartOf":{"@id":"https:\/\/www.facecorner.lv\/#website"},"primaryImageOfPage":{"@id":"https:\/\/www.facecorner.lv\/shop\/round-lab-mugwort-calming-cream-80ml\/#primaryimage"},"image":{"@id":"https:\/\/www.facecorner.lv\/shop\/round-lab-mugwort-calming-cream-80ml\/#primaryimage"},"thumbnailUrl":"https:\/\/www.facecorner.lv\/wp-content\/uploads\/2023\/12\/cze_pl_Round-Lab-Mugwort-Calming-Cream-Vyzivny-krem-na-oblicej-80-ml-11206_3_2000x.jpeg","datePublished":"2023-12-01T10:26:09+00:00","dateModified":"2024-12-13T17:16:22+00:00","breadcrumb":{"@id":"https:\/\/www.facecorner.lv\/shop\/round-lab-mugwort-calming-cream-80ml\/#breadcrumb"},"inLanguage":"en-US","potentialAction":[{"@type":"ReadAction","target":["https:\/\/www.facecorner.lv\/shop\/round-lab-mugwort-calming-cream-80ml\/"]}]},{"@type":"ImageObject","inLanguage":"en-US","@id":"https:\/\/www.facecorner.lv\/shop\/round-lab-mugwort-calming-cream-80ml\/#primaryimage","url":"https:\/\/www.facecorner.lv\/wp-content\/uploads\/2023\/12\/cze_pl_Round-Lab-Mugwort-Calming-Cream-Vyzivny-krem-na-oblicej-80-ml-11206_3_2000x.jpeg","contentUrl":"https:\/\/www.facecorner.lv\/wp-content\/uploads\/2023\/12\/cze_pl_Round-Lab-Mugwort-Calming-Cream-Vyzivny-krem-na-oblicej-80-ml-11206_3_2000x.jpeg","width":1500,"height":1500},{"@type":"BreadcrumbList","@id":"https:\/\/www.facecorner.lv\/shop\/round-lab-mugwort-calming-cream-80ml\/#breadcrumb","itemListElement":[{"@type":"ListItem","position":1,"name":"Home","item":"https:\/\/www.facecorner.lv\/"},{"@type":"ListItem","position":2,"name":"Veikals","item":"https:\/\/www.facecorner.lv\/shop\/"},{"@type":"ListItem","position":3,"name":"Round Lab Mugwort Calming Cream 80ml"}]},{"@type":"WebSite","@id":"https:\/\/www.facecorner.lv\/#website","url":"https:\/\/www.facecorner.lv\/","name":"Facecorner","description":"","publisher":{"@id":"https:\/\/www.facecorner.lv\/#organization"},"potentialAction":[{"@type":"SearchAction","target":{"@type":"EntryPoint","urlTemplate":"https:\/\/www.facecorner.lv\/?s={search_term_string}"},"query-input":{"@type":"PropertyValueSpecification","valueRequired":true,"valueName":"search_term_string"}}],"inLanguage":"en-US"},{"@type":"Organization","@id":"https:\/\/www.facecorner.lv\/#organization","name":"Facecorner","url":"https:\/\/www.facecorner.lv\/","logo":{"@type":"ImageObject","inLanguage":"en-US","@id":"https:\/\/www.facecorner.lv\/#\/schema\/logo\/image\/","url":"https:\/\/www.facecorner.lv\/wp-content\/uploads\/2024\/04\/fc-logo.jpg","contentUrl":"https:\/\/www.facecorner.lv\/wp-content\/uploads\/2024\/04\/fc-logo.jpg","width":174,"height":28,"caption":"Facecorner"},"image":{"@id":"https:\/\/www.facecorner.lv\/#\/schema\/logo\/image\/"},"sameAs":["https:\/\/www.facebook.com\/profile.php?id=100063824551839","https:\/\/www.instagram.com\/facecorner_shop\/"]}]},"product_price_amount":"25.00","product_price_currency":"EUR","og_availability":"out of stock","product_availability":"out of stock","product_condition":"new"},"_links":{"self":[{"href":"https:\/\/www.facecorner.lv\/en\/wp-json\/wp\/v2\/product\/13179","targetHints":{"allow":["GET"]}}],"collection":[{"href":"https:\/\/www.facecorner.lv\/en\/wp-json\/wp\/v2\/product"}],"about":[{"href":"https:\/\/www.facecorner.lv\/en\/wp-json\/wp\/v2\/types\/product"}],"replies":[{"embeddable":true,"href":"https:\/\/www.facecorner.lv\/en\/wp-json\/wp\/v2\/comments?post=13179"}],"wp:featuredmedia":[{"embeddable":true,"href":"https:\/\/www.facecorner.lv\/en\/wp-json\/wp\/v2\/media\/13180"}],"wp:attachment":[{"href":"https:\/\/www.facecorner.lv\/en\/wp-json\/wp\/v2\/media?parent=13179"}],"wp:term":[{"taxonomy":"product_brand","embeddable":true,"href":"https:\/\/www.facecorner.lv\/en\/wp-json\/wp\/v2\/product_brand?post=13179"},{"taxonomy":"product_cat","embeddable":true,"href":"https:\/\/www.facecorner.lv\/en\/wp-json\/wp\/v2\/product_cat?post=13179"},{"taxonomy":"product_tag","embeddable":true,"href":"https:\/\/www.facecorner.lv\/en\/wp-json\/wp\/v2\/product_tag?post=13179"},{"taxonomy":"berocket_brand","embeddable":true,"href":"https:\/\/www.facecorner.lv\/en\/wp-json\/wp\/v2\/berocket_brand?post=13179"}],"curies":[{"name":"wp","href":"https:\/\/api.w.org\/{rel}","templated":true}]}}