{"id":13177,"date":"2023-12-01T12:20:58","date_gmt":"2023-12-01T10:20:58","guid":{"rendered":"https:\/\/www.facecorner.lv\/?post_type=product&#038;p=13177"},"modified":"2024-02-13T13:42:14","modified_gmt":"2024-02-13T11:42:14","slug":"round-lab-mugwort-calming-toner-300ml","status":"publish","type":"product","link":"https:\/\/www.facecorner.lv\/en\/shop\/round-lab-mugwort-calming-toner-300ml\/","title":{"rendered":"Round Lab Mugwort Calming Toner 300ml"},"content":{"rendered":"<p>Nomierino\u0161s toniks ar v\u0113rmeles Round Lab Mugwort Calming Toner piem\u012bt izteikta antiseptiska \u012bpa\u0161\u012bba, dzied\u0113 iekaisumu un mazina aps\u0101rtumu. Regul\u0113 tauku dziedzeru darb\u012bbu un pal\u012bdz atjaunot lip\u012bdu apvalku, kas nepiecie\u0161ams epidermas aizsardz\u012bbai. Tas labv\u0113l\u012bgi iedarbojas uz \u0101du ar rosaceju, mazinot zirnek\u013ca v\u0113nu par\u0101d\u012b\u0161anos un nostiprinot kapil\u0101rus.<\/p>\n<p>Produkta galven\u0101 sast\u0101vda\u013ca ir v\u0113rmeles ekstrakts (12 000 ppm), kam piem\u012bt bakteric\u012bda, antiseptiska un pretiekaisuma iedarb\u012bba. Normaliz\u0113 \u0101das hidrolip\u012bdu l\u012bdzsvaru, \u0101rst\u0113 pinnes. Bag\u0101ts ar E vitam\u012bnu, lieliski mitrina un pies\u0101tina ar uzturviel\u0101m. Nodro\u0161ina \u0101du ar antioksidantu aizsardz\u012bbu un blo\u0137\u0113 br\u012bvo radik\u0101\u013cu kait\u012bgo ietekmi.<\/p>\n<p>Tonikam ir viegla \u016bde\u0146aina konsistence, \u0101tri ies\u016bcas un atst\u0101j svaiguma saj\u016btu.<\/p>\n<p><strong>KEY INGREDIENTS:<\/strong><\/p>\n<ul>\n<li>\u012aru s\u016bnu ekstrakts ir sarkano j\u016brasz\u0101\u013cu veids, kam piem\u012bt pretiekaisuma un atsl\u0101bino\u0161a iedarb\u012bba, samazina mitruma zudumu un pies\u0101tina ar miner\u0101lviel\u0101m.<\/li>\n<li>Pantenols stimul\u0113 atvese\u013co\u0161anos, mazina aps\u0101rtumu un kairin\u0101jumu, un tam piem\u012bt br\u016b\u010du dziedino\u0161as \u012bpa\u0161\u012bbas.<\/li>\n<li>Madekasos\u012bds ir t\u012brs izol\u0101ts, akt\u012bv\u0101 sast\u0101vda\u013ca, kas izol\u0113ta no Centella Asiatica. Tas ir piem\u0113rots jebkura veida \u0101dai, kas v\u0113rsta uz visp\u0101r\u0113jo vesel\u012bbu un imunit\u0101tes uzlabo\u0161anu, un t\u0101 galven\u0101s \u012bpa\u0161\u012bbas ir pretiekaisuma, dziedino\u0161a un atjaunojo\u0161a iedarb\u012bba.<\/li>\n<\/ul>\n<p><strong>Piem\u0113rots norm\u0101lai, kombin\u0113tai un jut\u012bgai \u0101dai.<\/strong><\/p>\n<p><strong>How to use:<\/strong> Uzkl\u0101jiet nepiecie\u0161amo tonera daudzumu uz att\u012br\u012btas \u0101das, izmantojot vates spilventi\u0146u vai plaukstas.<\/p>\n<p><strong>Ingredientes:\u00a0<\/strong>Purified water, dipropylene glycol, glycerin, 1,2-hexanediol, glycereth-26, vulgaris mugwort extract (11,760ppm), Irish moss extract, sugarcane extract, panthenol, betaine, allantoin, dipotassium glyceryl Zate, madecassoside, xylitol, mugwort leaf extract (240ppm), chlorella vulgaris extract, black tea extract, salvia oil, cacao seed extract, pentylene glycol, propanediol, polyglyceryl-10 laurate, ethylhexylglycerin , glucose, butylene glycol, fructooligosaccharide, fructose, biosaccharide gum-1, dextrin, tocopherol, carbomer, xanthan gum<\/p>","protected":false},"excerpt":{"rendered":"<p>Nomierino\u0161s toniks ar v\u0113rmeles Round Lab Mugwort Calming Toner piem\u012bt izteikta antiseptiska \u012bpa\u0161\u012bba, dzied\u0113 iekaisumu un mazina aps\u0101rtumu. Regul\u0113 tauku dziedzeru darb\u012bbu un pal\u012bdz atjaunot lip\u012bdu apvalku, kas nepiecie\u0161ams epidermas aizsardz\u012bbai. Tas labv\u0113l\u012bgi iedarbojas uz \u0101du ar rosaceju, mazinot zirnek\u013ca v\u0113nu par\u0101d\u012b\u0161anos un nostiprinot kapil\u0101rus. Produkta galven\u0101 sast\u0101vda\u013ca ir v\u0113rmeles ekstrakts (12 000 ppm), kam [&hellip;]<\/p>\n","protected":false},"featured_media":13178,"comment_status":"open","ping_status":"closed","template":"","meta":{"site-sidebar-layout":"default","site-content-layout":"","ast-site-content-layout":"","site-content-style":"default","site-sidebar-style":"default","ast-global-header-display":"","ast-banner-title-visibility":"","ast-main-header-display":"","ast-hfb-above-header-display":"","ast-hfb-below-header-display":"","ast-hfb-mobile-header-display":"","site-post-title":"","ast-breadcrumbs-content":"","ast-featured-img":"","footer-sml-layout":"","theme-transparent-header-meta":"","adv-header-id-meta":"","stick-header-meta":"","header-above-stick-meta":"","header-main-stick-meta":"","header-below-stick-meta":"","astra-migrate-meta-layouts":"default","ast-page-background-enabled":"default","ast-page-background-meta":{"desktop":{"background-color":"var(--ast-global-color-4)","background-image":"","background-repeat":"repeat","background-position":"center center","background-size":"auto","background-attachment":"scroll","background-type":"","background-media":"","overlay-type":"","overlay-color":"","overlay-opacity":"","overlay-gradient":""},"tablet":{"background-color":"","background-image":"","background-repeat":"repeat","background-position":"center center","background-size":"auto","background-attachment":"scroll","background-type":"","background-media":"","overlay-type":"","overlay-color":"","overlay-opacity":"","overlay-gradient":""},"mobile":{"background-color":"","background-image":"","background-repeat":"repeat","background-position":"center center","background-size":"auto","background-attachment":"scroll","background-type":"","background-media":"","overlay-type":"","overlay-color":"","overlay-opacity":"","overlay-gradient":""}},"ast-content-background-meta":{"desktop":{"background-color":"var(--ast-global-color-5)","background-image":"","background-repeat":"repeat","background-position":"center center","background-size":"auto","background-attachment":"scroll","background-type":"","background-media":"","overlay-type":"","overlay-color":"","overlay-opacity":"","overlay-gradient":""},"tablet":{"background-color":"var(--ast-global-color-5)","background-image":"","background-repeat":"repeat","background-position":"center center","background-size":"auto","background-attachment":"scroll","background-type":"","background-media":"","overlay-type":"","overlay-color":"","overlay-opacity":"","overlay-gradient":""},"mobile":{"background-color":"var(--ast-global-color-5)","background-image":"","background-repeat":"repeat","background-position":"center center","background-size":"auto","background-attachment":"scroll","background-type":"","background-media":"","overlay-type":"","overlay-color":"","overlay-opacity":"","overlay-gradient":""}}},"product_brand":[],"product_cat":[375,377,378,364,376],"product_tag":[],"berocket_brand":[],"class_list":{"0":"post-13177","1":"product","2":"type-product","3":"status-publish","4":"has-post-thumbnail","6":"product_cat-jutigai-adai-toneri","7":"product_cat-problematiskai-adai-toneri","8":"product_cat-sausai-adai-toneri","9":"product_cat-toneri","10":"product_cat-kombinetai-adai-toneri","11":"desktop-align-left","12":"tablet-align-left","13":"mobile-align-left","15":"first","16":"outofstock","17":"taxable","18":"shipping-taxable","19":"purchasable","20":"product-type-simple","21":"add-to-wishlist-before_image"},"yoast_head":"<!-- This site is optimized with the Yoast SEO plugin v27.3 - https:\/\/yoast.com\/product\/yoast-seo-wordpress\/ -->\n<title>Round Lab Mugwort Calming Toner 300ml - FACECORNER<\/title>\n<meta name=\"robots\" content=\"index, follow, max-snippet:-1, max-image-preview:large, max-video-preview:-1\" \/>\n<link rel=\"canonical\" href=\"https:\/\/www.facecorner.lv\/en\/shop\/round-lab-mugwort-calming-toner-300ml\/\" \/>\n<meta property=\"og:locale\" content=\"en_US\" \/>\n<meta property=\"og:type\" content=\"article\" \/>\n<meta property=\"og:title\" content=\"Round Lab Mugwort Calming Toner 300ml - FACECORNER\" \/>\n<meta property=\"og:description\" content=\"Nomierino\u0161s toniks ar v\u0113rmeles Round Lab Mugwort Calming Toner piem\u012bt izteikta antiseptiska \u012bpa\u0161\u012bba, dzied\u0113 iekaisumu un mazina aps\u0101rtumu. Regul\u0113 tauku dziedzeru darb\u012bbu un pal\u012bdz atjaunot lip\u012bdu apvalku, kas nepiecie\u0161ams epidermas aizsardz\u012bbai. Tas labv\u0113l\u012bgi iedarbojas uz \u0101du ar rosaceju, mazinot zirnek\u013ca v\u0113nu par\u0101d\u012b\u0161anos un nostiprinot kapil\u0101rus. Produkta galven\u0101 sast\u0101vda\u013ca ir v\u0113rmeles ekstrakts (12 000 ppm), kam [&hellip;]\" \/>\n<meta property=\"og:url\" content=\"https:\/\/www.facecorner.lv\/en\/shop\/round-lab-mugwort-calming-toner-300ml\/\" \/>\n<meta property=\"og:site_name\" content=\"FACECORNER\" \/>\n<meta property=\"article:publisher\" content=\"https:\/\/www.facebook.com\/profile.php?id=100063824551839\" \/>\n<meta property=\"article:modified_time\" content=\"2024-02-13T11:42:14+00:00\" \/>\n<meta property=\"og:image\" content=\"https:\/\/www.facecorner.lv\/wp-content\/uploads\/2023\/12\/AX6H1188w.webp\" \/>\n\t<meta property=\"og:image:width\" content=\"1000\" \/>\n\t<meta property=\"og:image:height\" content=\"1000\" \/>\n\t<meta property=\"og:image:type\" content=\"image\/webp\" \/>\n<meta name=\"twitter:card\" content=\"summary_large_image\" \/>\n<meta name=\"twitter:label1\" content=\"Price\" \/>\n\t<meta name=\"twitter:data1\" content=\"&euro;21.00\" \/>\n\t<meta name=\"twitter:label2\" content=\"Availability\" \/>\n\t<meta name=\"twitter:data2\" content=\"Out of stock\" \/>\n<script type=\"application\/ld+json\" class=\"yoast-schema-graph\">{\"@context\":\"https:\\\/\\\/schema.org\",\"@graph\":[{\"@type\":\"WebPage\",\"@id\":\"https:\\\/\\\/www.facecorner.lv\\\/shop\\\/round-lab-mugwort-calming-toner-300ml\\\/\",\"url\":\"https:\\\/\\\/www.facecorner.lv\\\/shop\\\/round-lab-mugwort-calming-toner-300ml\\\/\",\"name\":\"Round Lab Mugwort Calming Toner 300ml - FACECORNER\",\"isPartOf\":{\"@id\":\"https:\\\/\\\/www.facecorner.lv\\\/#website\"},\"primaryImageOfPage\":{\"@id\":\"https:\\\/\\\/www.facecorner.lv\\\/shop\\\/round-lab-mugwort-calming-toner-300ml\\\/#primaryimage\"},\"image\":{\"@id\":\"https:\\\/\\\/www.facecorner.lv\\\/shop\\\/round-lab-mugwort-calming-toner-300ml\\\/#primaryimage\"},\"thumbnailUrl\":\"https:\\\/\\\/www.facecorner.lv\\\/wp-content\\\/uploads\\\/2023\\\/12\\\/AX6H1188w.webp\",\"datePublished\":\"2023-12-01T10:20:58+00:00\",\"dateModified\":\"2024-02-13T11:42:14+00:00\",\"breadcrumb\":{\"@id\":\"https:\\\/\\\/www.facecorner.lv\\\/shop\\\/round-lab-mugwort-calming-toner-300ml\\\/#breadcrumb\"},\"inLanguage\":\"en-US\",\"potentialAction\":[{\"@type\":\"ReadAction\",\"target\":[\"https:\\\/\\\/www.facecorner.lv\\\/shop\\\/round-lab-mugwort-calming-toner-300ml\\\/\"]}]},{\"@type\":\"ImageObject\",\"inLanguage\":\"en-US\",\"@id\":\"https:\\\/\\\/www.facecorner.lv\\\/shop\\\/round-lab-mugwort-calming-toner-300ml\\\/#primaryimage\",\"url\":\"https:\\\/\\\/www.facecorner.lv\\\/wp-content\\\/uploads\\\/2023\\\/12\\\/AX6H1188w.webp\",\"contentUrl\":\"https:\\\/\\\/www.facecorner.lv\\\/wp-content\\\/uploads\\\/2023\\\/12\\\/AX6H1188w.webp\",\"width\":1000,\"height\":1000},{\"@type\":\"BreadcrumbList\",\"@id\":\"https:\\\/\\\/www.facecorner.lv\\\/shop\\\/round-lab-mugwort-calming-toner-300ml\\\/#breadcrumb\",\"itemListElement\":[{\"@type\":\"ListItem\",\"position\":1,\"name\":\"Home\",\"item\":\"https:\\\/\\\/www.facecorner.lv\\\/\"},{\"@type\":\"ListItem\",\"position\":2,\"name\":\"Veikals\",\"item\":\"https:\\\/\\\/www.facecorner.lv\\\/shop\\\/\"},{\"@type\":\"ListItem\",\"position\":3,\"name\":\"Round Lab Mugwort Calming Toner 300ml\"}]},{\"@type\":\"WebSite\",\"@id\":\"https:\\\/\\\/www.facecorner.lv\\\/#website\",\"url\":\"https:\\\/\\\/www.facecorner.lv\\\/\",\"name\":\"Facecorner\",\"description\":\"\",\"publisher\":{\"@id\":\"https:\\\/\\\/www.facecorner.lv\\\/#organization\"},\"potentialAction\":[{\"@type\":\"SearchAction\",\"target\":{\"@type\":\"EntryPoint\",\"urlTemplate\":\"https:\\\/\\\/www.facecorner.lv\\\/?s={search_term_string}\"},\"query-input\":{\"@type\":\"PropertyValueSpecification\",\"valueRequired\":true,\"valueName\":\"search_term_string\"}}],\"inLanguage\":\"en-US\"},{\"@type\":\"Organization\",\"@id\":\"https:\\\/\\\/www.facecorner.lv\\\/#organization\",\"name\":\"Facecorner\",\"url\":\"https:\\\/\\\/www.facecorner.lv\\\/\",\"logo\":{\"@type\":\"ImageObject\",\"inLanguage\":\"en-US\",\"@id\":\"https:\\\/\\\/www.facecorner.lv\\\/#\\\/schema\\\/logo\\\/image\\\/\",\"url\":\"https:\\\/\\\/www.facecorner.lv\\\/wp-content\\\/uploads\\\/2024\\\/04\\\/fc-logo.jpg\",\"contentUrl\":\"https:\\\/\\\/www.facecorner.lv\\\/wp-content\\\/uploads\\\/2024\\\/04\\\/fc-logo.jpg\",\"width\":174,\"height\":28,\"caption\":\"Facecorner\"},\"image\":{\"@id\":\"https:\\\/\\\/www.facecorner.lv\\\/#\\\/schema\\\/logo\\\/image\\\/\"},\"sameAs\":[\"https:\\\/\\\/www.facebook.com\\\/profile.php?id=100063824551839\",\"https:\\\/\\\/www.instagram.com\\\/facecorner_shop\\\/\"]}]}<\/script>\n<meta property=\"product:price:amount\" content=\"21.00\" \/>\n<meta property=\"product:price:currency\" content=\"EUR\" \/>\n<meta property=\"og:availability\" content=\"out of stock\" \/>\n<meta property=\"product:availability\" content=\"out of stock\" \/>\n<meta property=\"product:condition\" content=\"new\" \/>\n<!-- \/ Yoast SEO plugin. -->","yoast_head_json":{"title":"Round Lab Mugwort Calming Toner 300ml - FACECORNER","robots":{"index":"index","follow":"follow","max-snippet":"max-snippet:-1","max-image-preview":"max-image-preview:large","max-video-preview":"max-video-preview:-1"},"canonical":"https:\/\/www.facecorner.lv\/en\/shop\/round-lab-mugwort-calming-toner-300ml\/","og_locale":"en_US","og_type":"article","og_title":"Round Lab Mugwort Calming Toner 300ml - FACECORNER","og_description":"Nomierino\u0161s toniks ar v\u0113rmeles Round Lab Mugwort Calming Toner piem\u012bt izteikta antiseptiska \u012bpa\u0161\u012bba, dzied\u0113 iekaisumu un mazina aps\u0101rtumu. Regul\u0113 tauku dziedzeru darb\u012bbu un pal\u012bdz atjaunot lip\u012bdu apvalku, kas nepiecie\u0161ams epidermas aizsardz\u012bbai. Tas labv\u0113l\u012bgi iedarbojas uz \u0101du ar rosaceju, mazinot zirnek\u013ca v\u0113nu par\u0101d\u012b\u0161anos un nostiprinot kapil\u0101rus. Produkta galven\u0101 sast\u0101vda\u013ca ir v\u0113rmeles ekstrakts (12 000 ppm), kam [&hellip;]","og_url":"https:\/\/www.facecorner.lv\/en\/shop\/round-lab-mugwort-calming-toner-300ml\/","og_site_name":"FACECORNER","article_publisher":"https:\/\/www.facebook.com\/profile.php?id=100063824551839","article_modified_time":"2024-02-13T11:42:14+00:00","og_image":[{"width":1000,"height":1000,"url":"https:\/\/www.facecorner.lv\/wp-content\/uploads\/2023\/12\/AX6H1188w.webp","type":"image\/webp"}],"twitter_card":"summary_large_image","twitter_misc":{"Price":"&euro;21.00","Availability":"Out of stock"},"schema":{"@context":"https:\/\/schema.org","@graph":[{"@type":"WebPage","@id":"https:\/\/www.facecorner.lv\/shop\/round-lab-mugwort-calming-toner-300ml\/","url":"https:\/\/www.facecorner.lv\/shop\/round-lab-mugwort-calming-toner-300ml\/","name":"Round Lab Mugwort Calming Toner 300ml - FACECORNER","isPartOf":{"@id":"https:\/\/www.facecorner.lv\/#website"},"primaryImageOfPage":{"@id":"https:\/\/www.facecorner.lv\/shop\/round-lab-mugwort-calming-toner-300ml\/#primaryimage"},"image":{"@id":"https:\/\/www.facecorner.lv\/shop\/round-lab-mugwort-calming-toner-300ml\/#primaryimage"},"thumbnailUrl":"https:\/\/www.facecorner.lv\/wp-content\/uploads\/2023\/12\/AX6H1188w.webp","datePublished":"2023-12-01T10:20:58+00:00","dateModified":"2024-02-13T11:42:14+00:00","breadcrumb":{"@id":"https:\/\/www.facecorner.lv\/shop\/round-lab-mugwort-calming-toner-300ml\/#breadcrumb"},"inLanguage":"en-US","potentialAction":[{"@type":"ReadAction","target":["https:\/\/www.facecorner.lv\/shop\/round-lab-mugwort-calming-toner-300ml\/"]}]},{"@type":"ImageObject","inLanguage":"en-US","@id":"https:\/\/www.facecorner.lv\/shop\/round-lab-mugwort-calming-toner-300ml\/#primaryimage","url":"https:\/\/www.facecorner.lv\/wp-content\/uploads\/2023\/12\/AX6H1188w.webp","contentUrl":"https:\/\/www.facecorner.lv\/wp-content\/uploads\/2023\/12\/AX6H1188w.webp","width":1000,"height":1000},{"@type":"BreadcrumbList","@id":"https:\/\/www.facecorner.lv\/shop\/round-lab-mugwort-calming-toner-300ml\/#breadcrumb","itemListElement":[{"@type":"ListItem","position":1,"name":"Home","item":"https:\/\/www.facecorner.lv\/"},{"@type":"ListItem","position":2,"name":"Veikals","item":"https:\/\/www.facecorner.lv\/shop\/"},{"@type":"ListItem","position":3,"name":"Round Lab Mugwort Calming Toner 300ml"}]},{"@type":"WebSite","@id":"https:\/\/www.facecorner.lv\/#website","url":"https:\/\/www.facecorner.lv\/","name":"Facecorner","description":"","publisher":{"@id":"https:\/\/www.facecorner.lv\/#organization"},"potentialAction":[{"@type":"SearchAction","target":{"@type":"EntryPoint","urlTemplate":"https:\/\/www.facecorner.lv\/?s={search_term_string}"},"query-input":{"@type":"PropertyValueSpecification","valueRequired":true,"valueName":"search_term_string"}}],"inLanguage":"en-US"},{"@type":"Organization","@id":"https:\/\/www.facecorner.lv\/#organization","name":"Facecorner","url":"https:\/\/www.facecorner.lv\/","logo":{"@type":"ImageObject","inLanguage":"en-US","@id":"https:\/\/www.facecorner.lv\/#\/schema\/logo\/image\/","url":"https:\/\/www.facecorner.lv\/wp-content\/uploads\/2024\/04\/fc-logo.jpg","contentUrl":"https:\/\/www.facecorner.lv\/wp-content\/uploads\/2024\/04\/fc-logo.jpg","width":174,"height":28,"caption":"Facecorner"},"image":{"@id":"https:\/\/www.facecorner.lv\/#\/schema\/logo\/image\/"},"sameAs":["https:\/\/www.facebook.com\/profile.php?id=100063824551839","https:\/\/www.instagram.com\/facecorner_shop\/"]}]},"product_price_amount":"21.00","product_price_currency":"EUR","og_availability":"out of stock","product_availability":"out of stock","product_condition":"new"},"_links":{"self":[{"href":"https:\/\/www.facecorner.lv\/en\/wp-json\/wp\/v2\/product\/13177","targetHints":{"allow":["GET"]}}],"collection":[{"href":"https:\/\/www.facecorner.lv\/en\/wp-json\/wp\/v2\/product"}],"about":[{"href":"https:\/\/www.facecorner.lv\/en\/wp-json\/wp\/v2\/types\/product"}],"replies":[{"embeddable":true,"href":"https:\/\/www.facecorner.lv\/en\/wp-json\/wp\/v2\/comments?post=13177"}],"wp:featuredmedia":[{"embeddable":true,"href":"https:\/\/www.facecorner.lv\/en\/wp-json\/wp\/v2\/media\/13178"}],"wp:attachment":[{"href":"https:\/\/www.facecorner.lv\/en\/wp-json\/wp\/v2\/media?parent=13177"}],"wp:term":[{"taxonomy":"product_brand","embeddable":true,"href":"https:\/\/www.facecorner.lv\/en\/wp-json\/wp\/v2\/product_brand?post=13177"},{"taxonomy":"product_cat","embeddable":true,"href":"https:\/\/www.facecorner.lv\/en\/wp-json\/wp\/v2\/product_cat?post=13177"},{"taxonomy":"product_tag","embeddable":true,"href":"https:\/\/www.facecorner.lv\/en\/wp-json\/wp\/v2\/product_tag?post=13177"},{"taxonomy":"berocket_brand","embeddable":true,"href":"https:\/\/www.facecorner.lv\/en\/wp-json\/wp\/v2\/berocket_brand?post=13177"}],"curies":[{"name":"wp","href":"https:\/\/api.w.org\/{rel}","templated":true}]}}