{"id":13172,"date":"2023-11-30T22:40:49","date_gmt":"2023-11-30T20:40:49","guid":{"rendered":"https:\/\/www.facecorner.lv\/?post_type=product&#038;p=13172"},"modified":"2025-01-13T13:58:07","modified_gmt":"2025-01-13T10:58:07","slug":"round-lab-birch-juice-moisturizing-serum-50ml","status":"publish","type":"product","link":"https:\/\/www.facecorner.lv\/en\/shop\/round-lab-birch-juice-moisturizing-serum-50ml\/","title":{"rendered":"Round Lab Birch Juice Moisturizing Serum 50ml"},"content":{"rendered":"<p>Mitrino\u0161s serums ar b\u0113rzu sulu Round Lab b\u0113rzu sulas mitrino\u0161ais serums ir izstr\u0101d\u0101ts, lai akt\u012bvi c\u012bn\u012btos pret dehidrat\u0101ciju un sausumu, p\u0113c iesp\u0113jas \u012bs\u0101k\u0101 laik\u0101 nov\u0113r\u0161ot lob\u012b\u0161anos un sasprindzin\u0101jumu. Atjauno hidrolip\u012bdu l\u012bdzsvaru un normaliz\u0113 tauku dziedzeru darb\u012bbu.<\/p>\n<p>B\u0113rzu sulas (10 000 ppm), kas ir produkta sast\u0101vda\u013ca, piepilda ar miner\u0101lviel\u0101m, mikroelementiem un aminosk\u0101b\u0113m, kas nepiecie\u0161amas vesel\u012bgai \u0101dai. Palielina aizsargfunkcijas un sabl\u012bv\u0113, samazinot audu jut\u012bgumu. Tam ir akt\u012bva nomierino\u0161a un pretiekaisuma iedarb\u012bba, mazina niezi un kairin\u0101jumu, k\u0101 ar\u012b pa\u0101trina iekaisuma dz\u012b\u0161anu.<\/p>\n<p>Serums veicina barjeras veido\u0161anos uz epidermas virsmas, kas nov\u0113r\u0161 dehidrat\u0101ciju un pal\u012bdz uztur\u0113t optim\u0101lu mitruma l\u012bmeni \u0161\u016bn\u0101s. Nov\u0113r\u0161 bl\u0101vumu, uzlabo sejas kr\u0101su, toniz\u0113 un atjauno dabisko mirdzumu.<\/p>\n<p><strong>KEY INGREDIENTS:<\/strong><\/p>\n<ul>\n<li>C vitam\u012bnam ir izteikta antioksidanta iedarb\u012bba, tas efekt\u012bvi aizsarg\u0101 \u0101du no ultraviolet\u0101 starojuma boj\u0101jumiem, ierosina sava kolag\u0113na ra\u017eo\u0161anu un pal\u012bdz palielin\u0101t elast\u012bbu.<\/li>\n<li>Arti\u0161oka ekstrakts ir bag\u0101ts ar da\u017e\u0101d\u0101m uzturviel\u0101m, dzied\u0113 un uzlabo imunit\u0101ti, stiprina aizsargfunkcijas un neitraliz\u0113 \u0101r\u0113jo faktoru agres\u012bvo ietekmi. Veicina efekt\u012bvu liek\u0101 \u0161\u0137idruma izvad\u012b\u0161anu no organisma, k\u0101 d\u0113\u013c tas mazina t\u016bsku un piet\u016bkumu.<\/li>\n<li>Hialuronsk\u0101be iek\u013c\u016bst dzi\u013cajos epidermas sl\u0101\u0146os, akt\u012bvi mitrina \u0161\u016bnas un uztur optim\u0101lu hidrat\u0101cijas l\u012bmeni. Veido aizsargk\u0101rtu, kas ne\u013cauj mitrumam iztvaikot.<br \/>\nBeta-glik\u0101nam piem\u012bt im\u016bnmodul\u0113jo\u0161a, antioksidanta iedarb\u012bba, aizsarg\u0101jot un atjaunojot boj\u0101tu \u0101du, nov\u0113r\u0161ot priek\u0161laic\u012bgu noveco\u0161anos.<\/li>\n<\/ul>\n<p><strong>Piem\u0113rots sausai, kombin\u0113tai un dehidr\u0113tai \u0101dai.<\/strong><\/p>\n<p><strong>How to use:<\/strong> Uzkl\u0101jiet nepiecie\u0161amo seruma daudzumu uz toniz\u0113tas \u0101das. Pabeidziet apstr\u0101di ar kr\u0113mu vai emulsiju.<\/p>\n<p><strong>Ingredientes:\u00a0<\/strong>Purified Water, Methylpropanediol, Glycerin, 1,2-Hexanediol, Polyglycerin-3, Caprylic\/\u200bCapric Triglyceride, Birch Sap, Sodium Hyaluronate, Glyceryl Glucoside, Hydrolyzed Hyaluronic Acid, Butylene Glycol, Hyaluronic Acid, Ascorbic Acid, Beta-Glucan, Dipotassium Glycyrrhizate, Hydrogenated Lecithin, Ethylhexylglycerin, Eclipta Prostrata Leaf Extract, Laminaria Japonica Extract, Oat Kernel Extract, Artichoke Extract, Pteris Multifida Extract, Melia Azadirachta Leaf Extract, Melia Azadirachta Flower Extract, Coccinia Indica Fruit Extract, Aloe Barbadensis Flower Extract, Solanum Melongena (Eggplant) Fruit Extract, Ocimum Sanctum Leaf Extract, Corallina Officinalis Extract, Curcuma Longa (Turmeric) Root Extract, Cyclohexasiloxane, Dipropylene Glycol, Ammonium Acryloyldimethyltaurate\/\u200bVP Copolymer, Xanthan Gum, Fructooligosaccharides, Carbomer, Disodium EDTA, Polyquaternium-51, Tromethamine, Tocopherol<\/p>","protected":false},"excerpt":{"rendered":"<p>Mitrino\u0161s serums ar b\u0113rzu sulu Round Lab b\u0113rzu sulas mitrino\u0161ais serums ir izstr\u0101d\u0101ts, lai akt\u012bvi c\u012bn\u012btos pret dehidrat\u0101ciju un sausumu, p\u0113c iesp\u0113jas \u012bs\u0101k\u0101 laik\u0101 nov\u0113r\u0161ot lob\u012b\u0161anos un sasprindzin\u0101jumu. Atjauno hidrolip\u012bdu l\u012bdzsvaru un normaliz\u0113 tauku dziedzeru darb\u012bbu. B\u0113rzu sulas (10 000 ppm), kas ir produkta sast\u0101vda\u013ca, piepilda ar miner\u0101lviel\u0101m, mikroelementiem un aminosk\u0101b\u0113m, kas nepiecie\u0161amas vesel\u012bgai \u0101dai. [&hellip;]<\/p>\n","protected":false},"featured_media":13173,"comment_status":"open","ping_status":"closed","template":"","meta":{"site-sidebar-layout":"default","site-content-layout":"","ast-site-content-layout":"","site-content-style":"default","site-sidebar-style":"default","ast-global-header-display":"","ast-banner-title-visibility":"","ast-main-header-display":"","ast-hfb-above-header-display":"","ast-hfb-below-header-display":"","ast-hfb-mobile-header-display":"","site-post-title":"","ast-breadcrumbs-content":"","ast-featured-img":"","footer-sml-layout":"","theme-transparent-header-meta":"","adv-header-id-meta":"","stick-header-meta":"","header-above-stick-meta":"","header-main-stick-meta":"","header-below-stick-meta":"","astra-migrate-meta-layouts":"default","ast-page-background-enabled":"default","ast-page-background-meta":{"desktop":{"background-color":"var(--ast-global-color-4)","background-image":"","background-repeat":"repeat","background-position":"center center","background-size":"auto","background-attachment":"scroll","background-type":"","background-media":"","overlay-type":"","overlay-color":"","overlay-opacity":"","overlay-gradient":""},"tablet":{"background-color":"","background-image":"","background-repeat":"repeat","background-position":"center center","background-size":"auto","background-attachment":"scroll","background-type":"","background-media":"","overlay-type":"","overlay-color":"","overlay-opacity":"","overlay-gradient":""},"mobile":{"background-color":"","background-image":"","background-repeat":"repeat","background-position":"center center","background-size":"auto","background-attachment":"scroll","background-type":"","background-media":"","overlay-type":"","overlay-color":"","overlay-opacity":"","overlay-gradient":""}},"ast-content-background-meta":{"desktop":{"background-color":"var(--ast-global-color-5)","background-image":"","background-repeat":"repeat","background-position":"center center","background-size":"auto","background-attachment":"scroll","background-type":"","background-media":"","overlay-type":"","overlay-color":"","overlay-opacity":"","overlay-gradient":""},"tablet":{"background-color":"var(--ast-global-color-5)","background-image":"","background-repeat":"repeat","background-position":"center center","background-size":"auto","background-attachment":"scroll","background-type":"","background-media":"","overlay-type":"","overlay-color":"","overlay-opacity":"","overlay-gradient":""},"mobile":{"background-color":"var(--ast-global-color-5)","background-image":"","background-repeat":"repeat","background-position":"center center","background-size":"auto","background-attachment":"scroll","background-type":"","background-media":"","overlay-type":"","overlay-color":"","overlay-opacity":"","overlay-gradient":""}}},"product_brand":[],"product_cat":[370,371,511,372,374,363],"product_tag":[],"berocket_brand":[589],"class_list":{"0":"post-13172","1":"product","2":"type-product","3":"status-publish","4":"has-post-thumbnail","6":"product_cat-adas-mirdzumam","7":"product_cat-anti-age","8":"product_cat-atlaides","9":"product_cat-jutigai-adai-serumi","10":"product_cat-pret-pinnem","11":"product_cat-serumi","12":"berocket_brand-round-lab","13":"desktop-align-left","14":"tablet-align-left","15":"mobile-align-left","17":"first","18":"outofstock","19":"sale","20":"taxable","21":"shipping-taxable","22":"purchasable","23":"product-type-simple","24":"add-to-wishlist-before_image"},"yoast_head":"<!-- This site is optimized with the Yoast SEO plugin v27.4 - https:\/\/yoast.com\/product\/yoast-seo-wordpress\/ -->\n<title>Round Lab Birch Juice Moisturizing Serum 50ml - FACECORNER<\/title>\n<meta name=\"robots\" content=\"index, follow, max-snippet:-1, max-image-preview:large, max-video-preview:-1\" \/>\n<link rel=\"canonical\" href=\"https:\/\/www.facecorner.lv\/en\/shop\/round-lab-birch-juice-moisturizing-serum-50ml\/\" \/>\n<meta property=\"og:locale\" content=\"en_US\" \/>\n<meta property=\"og:type\" content=\"article\" \/>\n<meta property=\"og:title\" content=\"Round Lab Birch Juice Moisturizing Serum 50ml - FACECORNER\" \/>\n<meta property=\"og:description\" content=\"Mitrino\u0161s serums ar b\u0113rzu sulu Round Lab b\u0113rzu sulas mitrino\u0161ais serums ir izstr\u0101d\u0101ts, lai akt\u012bvi c\u012bn\u012btos pret dehidrat\u0101ciju un sausumu, p\u0113c iesp\u0113jas \u012bs\u0101k\u0101 laik\u0101 nov\u0113r\u0161ot lob\u012b\u0161anos un sasprindzin\u0101jumu. Atjauno hidrolip\u012bdu l\u012bdzsvaru un normaliz\u0113 tauku dziedzeru darb\u012bbu. B\u0113rzu sulas (10 000 ppm), kas ir produkta sast\u0101vda\u013ca, piepilda ar miner\u0101lviel\u0101m, mikroelementiem un aminosk\u0101b\u0113m, kas nepiecie\u0161amas vesel\u012bgai \u0101dai. [&hellip;]\" \/>\n<meta property=\"og:url\" content=\"https:\/\/www.facecorner.lv\/en\/shop\/round-lab-birch-juice-moisturizing-serum-50ml\/\" \/>\n<meta property=\"og:site_name\" content=\"FACECORNER\" \/>\n<meta property=\"article:publisher\" content=\"https:\/\/www.facebook.com\/profile.php?id=100063824551839\" \/>\n<meta property=\"article:modified_time\" content=\"2025-01-13T10:58:07+00:00\" \/>\n<meta property=\"og:image\" content=\"https:\/\/www.facecorner.lv\/wp-content\/uploads\/2023\/11\/RoundLabBirchJuiceMoisturizingSerum.png.webp\" \/>\n\t<meta property=\"og:image:width\" content=\"600\" \/>\n\t<meta property=\"og:image:height\" content=\"600\" \/>\n\t<meta property=\"og:image:type\" content=\"image\/webp\" \/>\n<meta name=\"twitter:card\" content=\"summary_large_image\" \/>\n<meta name=\"twitter:label1\" content=\"Price\" \/>\n\t<meta name=\"twitter:data1\" content=\"&euro;23.50\" \/>\n\t<meta name=\"twitter:label2\" content=\"Availability\" \/>\n\t<meta name=\"twitter:data2\" content=\"Out of stock\" \/>\n<script type=\"application\/ld+json\" class=\"yoast-schema-graph\">{\"@context\":\"https:\\\/\\\/schema.org\",\"@graph\":[{\"@type\":\"WebPage\",\"@id\":\"https:\\\/\\\/www.facecorner.lv\\\/shop\\\/round-lab-birch-juice-moisturizing-serum-50ml\\\/\",\"url\":\"https:\\\/\\\/www.facecorner.lv\\\/shop\\\/round-lab-birch-juice-moisturizing-serum-50ml\\\/\",\"name\":\"Round Lab Birch Juice Moisturizing Serum 50ml - FACECORNER\",\"isPartOf\":{\"@id\":\"https:\\\/\\\/www.facecorner.lv\\\/#website\"},\"primaryImageOfPage\":{\"@id\":\"https:\\\/\\\/www.facecorner.lv\\\/shop\\\/round-lab-birch-juice-moisturizing-serum-50ml\\\/#primaryimage\"},\"image\":{\"@id\":\"https:\\\/\\\/www.facecorner.lv\\\/shop\\\/round-lab-birch-juice-moisturizing-serum-50ml\\\/#primaryimage\"},\"thumbnailUrl\":\"https:\\\/\\\/www.facecorner.lv\\\/wp-content\\\/uploads\\\/2023\\\/11\\\/RoundLabBirchJuiceMoisturizingSerum.png.webp\",\"datePublished\":\"2023-11-30T20:40:49+00:00\",\"dateModified\":\"2025-01-13T10:58:07+00:00\",\"breadcrumb\":{\"@id\":\"https:\\\/\\\/www.facecorner.lv\\\/shop\\\/round-lab-birch-juice-moisturizing-serum-50ml\\\/#breadcrumb\"},\"inLanguage\":\"en-US\",\"potentialAction\":[{\"@type\":\"ReadAction\",\"target\":[\"https:\\\/\\\/www.facecorner.lv\\\/shop\\\/round-lab-birch-juice-moisturizing-serum-50ml\\\/\"]}]},{\"@type\":\"ImageObject\",\"inLanguage\":\"en-US\",\"@id\":\"https:\\\/\\\/www.facecorner.lv\\\/shop\\\/round-lab-birch-juice-moisturizing-serum-50ml\\\/#primaryimage\",\"url\":\"https:\\\/\\\/www.facecorner.lv\\\/wp-content\\\/uploads\\\/2023\\\/11\\\/RoundLabBirchJuiceMoisturizingSerum.png.webp\",\"contentUrl\":\"https:\\\/\\\/www.facecorner.lv\\\/wp-content\\\/uploads\\\/2023\\\/11\\\/RoundLabBirchJuiceMoisturizingSerum.png.webp\",\"width\":600,\"height\":600},{\"@type\":\"BreadcrumbList\",\"@id\":\"https:\\\/\\\/www.facecorner.lv\\\/shop\\\/round-lab-birch-juice-moisturizing-serum-50ml\\\/#breadcrumb\",\"itemListElement\":[{\"@type\":\"ListItem\",\"position\":1,\"name\":\"Home\",\"item\":\"https:\\\/\\\/www.facecorner.lv\\\/\"},{\"@type\":\"ListItem\",\"position\":2,\"name\":\"Veikals\",\"item\":\"https:\\\/\\\/www.facecorner.lv\\\/shop\\\/\"},{\"@type\":\"ListItem\",\"position\":3,\"name\":\"Round Lab Birch Juice Moisturizing Serum 50ml\"}]},{\"@type\":\"WebSite\",\"@id\":\"https:\\\/\\\/www.facecorner.lv\\\/#website\",\"url\":\"https:\\\/\\\/www.facecorner.lv\\\/\",\"name\":\"Facecorner\",\"description\":\"\",\"publisher\":{\"@id\":\"https:\\\/\\\/www.facecorner.lv\\\/#organization\"},\"potentialAction\":[{\"@type\":\"SearchAction\",\"target\":{\"@type\":\"EntryPoint\",\"urlTemplate\":\"https:\\\/\\\/www.facecorner.lv\\\/?s={search_term_string}\"},\"query-input\":{\"@type\":\"PropertyValueSpecification\",\"valueRequired\":true,\"valueName\":\"search_term_string\"}}],\"inLanguage\":\"en-US\"},{\"@type\":\"Organization\",\"@id\":\"https:\\\/\\\/www.facecorner.lv\\\/#organization\",\"name\":\"Facecorner\",\"url\":\"https:\\\/\\\/www.facecorner.lv\\\/\",\"logo\":{\"@type\":\"ImageObject\",\"inLanguage\":\"en-US\",\"@id\":\"https:\\\/\\\/www.facecorner.lv\\\/#\\\/schema\\\/logo\\\/image\\\/\",\"url\":\"https:\\\/\\\/www.facecorner.lv\\\/wp-content\\\/uploads\\\/2024\\\/04\\\/fc-logo.jpg\",\"contentUrl\":\"https:\\\/\\\/www.facecorner.lv\\\/wp-content\\\/uploads\\\/2024\\\/04\\\/fc-logo.jpg\",\"width\":174,\"height\":28,\"caption\":\"Facecorner\"},\"image\":{\"@id\":\"https:\\\/\\\/www.facecorner.lv\\\/#\\\/schema\\\/logo\\\/image\\\/\"},\"sameAs\":[\"https:\\\/\\\/www.facebook.com\\\/profile.php?id=100063824551839\",\"https:\\\/\\\/www.instagram.com\\\/facecorner_shop\\\/\"]}]}<\/script>\n<meta property=\"product:price:amount\" content=\"23.50\" \/>\n<meta property=\"product:price:currency\" content=\"EUR\" \/>\n<meta property=\"og:availability\" content=\"out of stock\" \/>\n<meta property=\"product:availability\" content=\"out of stock\" \/>\n<meta property=\"product:condition\" content=\"new\" \/>\n<!-- \/ Yoast SEO plugin. -->","yoast_head_json":{"title":"Round Lab Birch Juice Moisturizing Serum 50ml - FACECORNER","robots":{"index":"index","follow":"follow","max-snippet":"max-snippet:-1","max-image-preview":"max-image-preview:large","max-video-preview":"max-video-preview:-1"},"canonical":"https:\/\/www.facecorner.lv\/en\/shop\/round-lab-birch-juice-moisturizing-serum-50ml\/","og_locale":"en_US","og_type":"article","og_title":"Round Lab Birch Juice Moisturizing Serum 50ml - FACECORNER","og_description":"Mitrino\u0161s serums ar b\u0113rzu sulu Round Lab b\u0113rzu sulas mitrino\u0161ais serums ir izstr\u0101d\u0101ts, lai akt\u012bvi c\u012bn\u012btos pret dehidrat\u0101ciju un sausumu, p\u0113c iesp\u0113jas \u012bs\u0101k\u0101 laik\u0101 nov\u0113r\u0161ot lob\u012b\u0161anos un sasprindzin\u0101jumu. Atjauno hidrolip\u012bdu l\u012bdzsvaru un normaliz\u0113 tauku dziedzeru darb\u012bbu. B\u0113rzu sulas (10 000 ppm), kas ir produkta sast\u0101vda\u013ca, piepilda ar miner\u0101lviel\u0101m, mikroelementiem un aminosk\u0101b\u0113m, kas nepiecie\u0161amas vesel\u012bgai \u0101dai. [&hellip;]","og_url":"https:\/\/www.facecorner.lv\/en\/shop\/round-lab-birch-juice-moisturizing-serum-50ml\/","og_site_name":"FACECORNER","article_publisher":"https:\/\/www.facebook.com\/profile.php?id=100063824551839","article_modified_time":"2025-01-13T10:58:07+00:00","og_image":[{"width":600,"height":600,"url":"https:\/\/www.facecorner.lv\/wp-content\/uploads\/2023\/11\/RoundLabBirchJuiceMoisturizingSerum.png.webp","type":"image\/webp"}],"twitter_card":"summary_large_image","twitter_misc":{"Price":"&euro;23.50","Availability":"Out of stock"},"schema":{"@context":"https:\/\/schema.org","@graph":[{"@type":"WebPage","@id":"https:\/\/www.facecorner.lv\/shop\/round-lab-birch-juice-moisturizing-serum-50ml\/","url":"https:\/\/www.facecorner.lv\/shop\/round-lab-birch-juice-moisturizing-serum-50ml\/","name":"Round Lab Birch Juice Moisturizing Serum 50ml - FACECORNER","isPartOf":{"@id":"https:\/\/www.facecorner.lv\/#website"},"primaryImageOfPage":{"@id":"https:\/\/www.facecorner.lv\/shop\/round-lab-birch-juice-moisturizing-serum-50ml\/#primaryimage"},"image":{"@id":"https:\/\/www.facecorner.lv\/shop\/round-lab-birch-juice-moisturizing-serum-50ml\/#primaryimage"},"thumbnailUrl":"https:\/\/www.facecorner.lv\/wp-content\/uploads\/2023\/11\/RoundLabBirchJuiceMoisturizingSerum.png.webp","datePublished":"2023-11-30T20:40:49+00:00","dateModified":"2025-01-13T10:58:07+00:00","breadcrumb":{"@id":"https:\/\/www.facecorner.lv\/shop\/round-lab-birch-juice-moisturizing-serum-50ml\/#breadcrumb"},"inLanguage":"en-US","potentialAction":[{"@type":"ReadAction","target":["https:\/\/www.facecorner.lv\/shop\/round-lab-birch-juice-moisturizing-serum-50ml\/"]}]},{"@type":"ImageObject","inLanguage":"en-US","@id":"https:\/\/www.facecorner.lv\/shop\/round-lab-birch-juice-moisturizing-serum-50ml\/#primaryimage","url":"https:\/\/www.facecorner.lv\/wp-content\/uploads\/2023\/11\/RoundLabBirchJuiceMoisturizingSerum.png.webp","contentUrl":"https:\/\/www.facecorner.lv\/wp-content\/uploads\/2023\/11\/RoundLabBirchJuiceMoisturizingSerum.png.webp","width":600,"height":600},{"@type":"BreadcrumbList","@id":"https:\/\/www.facecorner.lv\/shop\/round-lab-birch-juice-moisturizing-serum-50ml\/#breadcrumb","itemListElement":[{"@type":"ListItem","position":1,"name":"Home","item":"https:\/\/www.facecorner.lv\/"},{"@type":"ListItem","position":2,"name":"Veikals","item":"https:\/\/www.facecorner.lv\/shop\/"},{"@type":"ListItem","position":3,"name":"Round Lab Birch Juice Moisturizing Serum 50ml"}]},{"@type":"WebSite","@id":"https:\/\/www.facecorner.lv\/#website","url":"https:\/\/www.facecorner.lv\/","name":"Facecorner","description":"","publisher":{"@id":"https:\/\/www.facecorner.lv\/#organization"},"potentialAction":[{"@type":"SearchAction","target":{"@type":"EntryPoint","urlTemplate":"https:\/\/www.facecorner.lv\/?s={search_term_string}"},"query-input":{"@type":"PropertyValueSpecification","valueRequired":true,"valueName":"search_term_string"}}],"inLanguage":"en-US"},{"@type":"Organization","@id":"https:\/\/www.facecorner.lv\/#organization","name":"Facecorner","url":"https:\/\/www.facecorner.lv\/","logo":{"@type":"ImageObject","inLanguage":"en-US","@id":"https:\/\/www.facecorner.lv\/#\/schema\/logo\/image\/","url":"https:\/\/www.facecorner.lv\/wp-content\/uploads\/2024\/04\/fc-logo.jpg","contentUrl":"https:\/\/www.facecorner.lv\/wp-content\/uploads\/2024\/04\/fc-logo.jpg","width":174,"height":28,"caption":"Facecorner"},"image":{"@id":"https:\/\/www.facecorner.lv\/#\/schema\/logo\/image\/"},"sameAs":["https:\/\/www.facebook.com\/profile.php?id=100063824551839","https:\/\/www.instagram.com\/facecorner_shop\/"]}]},"product_price_amount":"23.50","product_price_currency":"EUR","og_availability":"out of stock","product_availability":"out of stock","product_condition":"new"},"_links":{"self":[{"href":"https:\/\/www.facecorner.lv\/en\/wp-json\/wp\/v2\/product\/13172","targetHints":{"allow":["GET"]}}],"collection":[{"href":"https:\/\/www.facecorner.lv\/en\/wp-json\/wp\/v2\/product"}],"about":[{"href":"https:\/\/www.facecorner.lv\/en\/wp-json\/wp\/v2\/types\/product"}],"replies":[{"embeddable":true,"href":"https:\/\/www.facecorner.lv\/en\/wp-json\/wp\/v2\/comments?post=13172"}],"wp:featuredmedia":[{"embeddable":true,"href":"https:\/\/www.facecorner.lv\/en\/wp-json\/wp\/v2\/media\/13173"}],"wp:attachment":[{"href":"https:\/\/www.facecorner.lv\/en\/wp-json\/wp\/v2\/media?parent=13172"}],"wp:term":[{"taxonomy":"product_brand","embeddable":true,"href":"https:\/\/www.facecorner.lv\/en\/wp-json\/wp\/v2\/product_brand?post=13172"},{"taxonomy":"product_cat","embeddable":true,"href":"https:\/\/www.facecorner.lv\/en\/wp-json\/wp\/v2\/product_cat?post=13172"},{"taxonomy":"product_tag","embeddable":true,"href":"https:\/\/www.facecorner.lv\/en\/wp-json\/wp\/v2\/product_tag?post=13172"},{"taxonomy":"berocket_brand","embeddable":true,"href":"https:\/\/www.facecorner.lv\/en\/wp-json\/wp\/v2\/berocket_brand?post=13172"}],"curies":[{"name":"wp","href":"https:\/\/api.w.org\/{rel}","templated":true}]}}