{"id":13166,"date":"2023-11-30T22:06:59","date_gmt":"2023-11-30T20:06:59","guid":{"rendered":"https:\/\/www.facecorner.lv\/?post_type=product&#038;p=13166"},"modified":"2024-03-23T15:08:48","modified_gmt":"2024-03-23T13:08:48","slug":"round-lab-1025-dokdo-cream-80ml","status":"publish","type":"product","link":"https:\/\/www.facecorner.lv\/en\/shop\/round-lab-1025-dokdo-cream-80ml\/","title":{"rendered":"Round Lab 1025 Dokdo Cream 80ml"},"content":{"rendered":"<p>Round Lab 1025 Dokdo kr\u0113ms intens\u012bvi mitrina 24 stundas, nov\u0113r\u0161 sausumu un atjauno dehidr\u0113tu \u0101du, izl\u012bdzina un baro.<\/p>\n<p>Produkts sniedz komfortu, nomierina, izl\u012bdzina nel\u012bdzenu reljefu, m\u012bkstina lob\u012b\u0161anos un nostiprina aizsarg\u0101jo\u0161o hidrolip\u012bdu barjeru, kas nov\u0113r\u0161 mitruma iztvaiko\u0161anu un kait\u012bgo vielu iek\u013c\u016b\u0161anu epiderm\u0101.<\/p>\n<p><strong>Produktam ir bieza kr\u0113mveida tekst\u016bra un nav smar\u017eas.<\/strong><\/p>\n<p>Formula satur dzi\u013cj\u016bras \u016bdeni, kas att\u012br\u012bts, izmantojot nanomembr\u0101nas filtr\u0113\u0161anas tehnolo\u0123iju, t\u0101d\u0113j\u0101di \u016bdens saglab\u0101 visas labv\u0113l\u012bg\u0101s miner\u0101lvielas, kalciju un magniju. J\u016bras \u016bdens uzlabo mikrocirkul\u0101ciju, uzlabo \u0101das imunit\u0101ti un pal\u0113nina noveco\u0161an\u0101s procesus.<\/p>\n<p>Sast\u0101v\u0101 eso\u0161ais 5 keram\u012bdu komplekss darbojas, lai atjaunotu dabisko aizsargbarjeru, integr\u0113joties hidrolip\u012bdu apvalk\u0101 un nostiprinot to, samazinot jut\u012bgumu un nov\u0113r\u0161ot sausumu.<\/p>\n<p><strong>KEY INGREDIENTS:<\/strong><\/p>\n<ul>\n<li>3 hialuronsk\u0101bes veidi sp\u0113j saist\u012bt mitrumu un veidot mitrumu aizturo\u0161u barjeru uz epidermas virsmas, t\u0101d\u0113j\u0101di nov\u0113r\u0161ot savilktuma saj\u016btu un saglab\u0101jot elast\u012bbu un tvirtumu.<\/li>\n<li>\u012aru s\u016bnu ekstrakts ir sarkano j\u016brasz\u0101\u013cu veids, kam piem\u012bt pretiekaisuma un atsl\u0101bino\u0161a iedarb\u012bba, samazina mitruma zudumu un pies\u0101tina ar miner\u0101lviel\u0101m.<\/li>\n<li>Pantenols (B5 vitam\u012bns) stimul\u0113 atvese\u013co\u0161anos, mazina aps\u0101rtumu un kairin\u0101jumu, un tam piem\u012bt br\u016b\u010du dziedino\u0161as \u012bpa\u0161\u012bbas.<\/li>\n<\/ul>\n<p><strong>Piem\u0113rots \u013coti sausai un jut\u012bgai \u0101dai.<\/strong><\/p>\n<p><strong>Lieto\u0161anas nor\u0101d\u012bjumi<\/strong>: p\u0113c att\u012br\u012b\u0161anas, toniz\u0113\u0161anas un seruma lieto\u0161anas uzkl\u0101jiet kr\u0113mu uz sejas un sadaliet pa mas\u0101\u017eas l\u012bnij\u0101m.<\/p>\n<p><strong>Ingredientes:\u00a0<\/strong>Water, Glycerin, Caprylic\/Capric Triglyceride, Propylene Glycol, Hydrogenated Poly(C6-14 Olefin), Cetearyl Alcohol, Methyl Trimethicone, 1,2-Hexanediol, Caprylyl Methicone, Phenyl Trimethicone, C12-16 Alcohols, Butyrospermum Parkii (Shea) Butter, Sea Water, Chondrus Crispus Extract, Saccharum Officinarum (Sugarcane) Extract, Hyaluronic Acid, Hydrolyzed Hyaluronic Acid, Sodium Hyaluronate , Glyceryl Stearate SE, Ceramide AP, Ceramide AS, Ceramide EOP, Ceramide NP, Ceramide NS, Polymethylsilsesquioxane, Palmitic Acid, Cetearyl Glucoside, Cetearyl Olivate, Sorbitan Olivate, Hydrogenated Lecithin , Copernicia Cerifera (Carnauba) Wax, Stearic Acid, Ammonium Acryloyldimethyltaurate\/VP Copolymer, Ethylhexylglycerin, Glyceryl Caprylate, Allantoin, Panthenol , Butylene Glycol , Beta-Glucan, Cholesterol, Phytosphingosine, Disodium EDTA<\/p>","protected":false},"excerpt":{"rendered":"<p>Round Lab 1025 Dokdo kr\u0113ms intens\u012bvi mitrina 24 stundas, nov\u0113r\u0161 sausumu un atjauno dehidr\u0113tu \u0101du, izl\u012bdzina un baro. Produkts sniedz komfortu, nomierina, izl\u012bdzina nel\u012bdzenu reljefu, m\u012bkstina lob\u012b\u0161anos un nostiprina aizsarg\u0101jo\u0161o hidrolip\u012bdu barjeru, kas nov\u0113r\u0161 mitruma iztvaiko\u0161anu un kait\u012bgo vielu iek\u013c\u016b\u0161anu epiderm\u0101. Produktam ir bieza kr\u0113mveida tekst\u016bra un nav smar\u017eas. Formula satur dzi\u013cj\u016bras \u016bdeni, kas att\u012br\u012bts, [&hellip;]<\/p>\n","protected":false},"featured_media":13167,"comment_status":"open","ping_status":"closed","template":"","meta":{"site-sidebar-layout":"default","site-content-layout":"","ast-site-content-layout":"","site-content-style":"default","site-sidebar-style":"default","ast-global-header-display":"","ast-banner-title-visibility":"","ast-main-header-display":"","ast-hfb-above-header-display":"","ast-hfb-below-header-display":"","ast-hfb-mobile-header-display":"","site-post-title":"","ast-breadcrumbs-content":"","ast-featured-img":"","footer-sml-layout":"","theme-transparent-header-meta":"","adv-header-id-meta":"","stick-header-meta":"","header-above-stick-meta":"","header-main-stick-meta":"","header-below-stick-meta":"","astra-migrate-meta-layouts":"default","ast-page-background-enabled":"default","ast-page-background-meta":{"desktop":{"background-color":"var(--ast-global-color-4)","background-image":"","background-repeat":"repeat","background-position":"center center","background-size":"auto","background-attachment":"scroll","background-type":"","background-media":"","overlay-type":"","overlay-color":"","overlay-opacity":"","overlay-gradient":""},"tablet":{"background-color":"","background-image":"","background-repeat":"repeat","background-position":"center center","background-size":"auto","background-attachment":"scroll","background-type":"","background-media":"","overlay-type":"","overlay-color":"","overlay-opacity":"","overlay-gradient":""},"mobile":{"background-color":"","background-image":"","background-repeat":"repeat","background-position":"center center","background-size":"auto","background-attachment":"scroll","background-type":"","background-media":"","overlay-type":"","overlay-color":"","overlay-opacity":"","overlay-gradient":""}},"ast-content-background-meta":{"desktop":{"background-color":"var(--ast-global-color-5)","background-image":"","background-repeat":"repeat","background-position":"center center","background-size":"auto","background-attachment":"scroll","background-type":"","background-media":"","overlay-type":"","overlay-color":"","overlay-opacity":"","overlay-gradient":""},"tablet":{"background-color":"var(--ast-global-color-5)","background-image":"","background-repeat":"repeat","background-position":"center center","background-size":"auto","background-attachment":"scroll","background-type":"","background-media":"","overlay-type":"","overlay-color":"","overlay-opacity":"","overlay-gradient":""},"mobile":{"background-color":"var(--ast-global-color-5)","background-image":"","background-repeat":"repeat","background-position":"center center","background-size":"auto","background-attachment":"scroll","background-type":"","background-media":"","overlay-type":"","overlay-color":"","overlay-opacity":"","overlay-gradient":""}}},"product_brand":[],"product_cat":[366,367,362],"product_tag":[],"berocket_brand":[],"class_list":{"0":"post-13166","1":"product","2":"type-product","3":"status-publish","4":"has-post-thumbnail","6":"product_cat-mitrinoss","7":"product_cat-nomierinoss","8":"product_cat-sejas-krems","9":"desktop-align-left","10":"tablet-align-left","11":"mobile-align-left","13":"first","14":"outofstock","15":"taxable","16":"shipping-taxable","17":"purchasable","18":"product-type-simple","19":"add-to-wishlist-before_image"},"yoast_head":"<!-- This site is optimized with the Yoast SEO plugin v27.3 - https:\/\/yoast.com\/product\/yoast-seo-wordpress\/ -->\n<title>Round Lab 1025 Dokdo Cream 80ml - FACECORNER<\/title>\n<meta name=\"robots\" content=\"index, follow, max-snippet:-1, max-image-preview:large, max-video-preview:-1\" \/>\n<link rel=\"canonical\" href=\"https:\/\/www.facecorner.lv\/en\/shop\/round-lab-1025-dokdo-cream-80ml\/\" \/>\n<meta property=\"og:locale\" content=\"en_US\" \/>\n<meta property=\"og:type\" content=\"article\" \/>\n<meta property=\"og:title\" content=\"Round Lab 1025 Dokdo Cream 80ml - FACECORNER\" \/>\n<meta property=\"og:description\" content=\"Round Lab 1025 Dokdo kr\u0113ms intens\u012bvi mitrina 24 stundas, nov\u0113r\u0161 sausumu un atjauno dehidr\u0113tu \u0101du, izl\u012bdzina un baro. Produkts sniedz komfortu, nomierina, izl\u012bdzina nel\u012bdzenu reljefu, m\u012bkstina lob\u012b\u0161anos un nostiprina aizsarg\u0101jo\u0161o hidrolip\u012bdu barjeru, kas nov\u0113r\u0161 mitruma iztvaiko\u0161anu un kait\u012bgo vielu iek\u013c\u016b\u0161anu epiderm\u0101. Produktam ir bieza kr\u0113mveida tekst\u016bra un nav smar\u017eas. Formula satur dzi\u013cj\u016bras \u016bdeni, kas att\u012br\u012bts, [&hellip;]\" \/>\n<meta property=\"og:url\" content=\"https:\/\/www.facecorner.lv\/en\/shop\/round-lab-1025-dokdo-cream-80ml\/\" \/>\n<meta property=\"og:site_name\" content=\"FACECORNER\" \/>\n<meta property=\"article:publisher\" content=\"https:\/\/www.facebook.com\/profile.php?id=100063824551839\" \/>\n<meta property=\"article:modified_time\" content=\"2024-03-23T13:08:48+00:00\" \/>\n<meta property=\"og:image\" content=\"https:\/\/www.facecorner.lv\/wp-content\/uploads\/2023\/11\/image.jpg\" \/>\n\t<meta property=\"og:image:width\" content=\"900\" \/>\n\t<meta property=\"og:image:height\" content=\"900\" \/>\n\t<meta property=\"og:image:type\" content=\"image\/jpeg\" \/>\n<meta name=\"twitter:card\" content=\"summary_large_image\" \/>\n<meta name=\"twitter:label1\" content=\"Price\" \/>\n\t<meta name=\"twitter:data1\" content=\"&euro;31.00\" \/>\n\t<meta name=\"twitter:label2\" content=\"Availability\" \/>\n\t<meta name=\"twitter:data2\" content=\"Out of stock\" \/>\n<script type=\"application\/ld+json\" class=\"yoast-schema-graph\">{\"@context\":\"https:\\\/\\\/schema.org\",\"@graph\":[{\"@type\":\"WebPage\",\"@id\":\"https:\\\/\\\/www.facecorner.lv\\\/shop\\\/round-lab-1025-dokdo-cream-80ml\\\/\",\"url\":\"https:\\\/\\\/www.facecorner.lv\\\/shop\\\/round-lab-1025-dokdo-cream-80ml\\\/\",\"name\":\"Round Lab 1025 Dokdo Cream 80ml - FACECORNER\",\"isPartOf\":{\"@id\":\"https:\\\/\\\/www.facecorner.lv\\\/#website\"},\"primaryImageOfPage\":{\"@id\":\"https:\\\/\\\/www.facecorner.lv\\\/shop\\\/round-lab-1025-dokdo-cream-80ml\\\/#primaryimage\"},\"image\":{\"@id\":\"https:\\\/\\\/www.facecorner.lv\\\/shop\\\/round-lab-1025-dokdo-cream-80ml\\\/#primaryimage\"},\"thumbnailUrl\":\"https:\\\/\\\/www.facecorner.lv\\\/wp-content\\\/uploads\\\/2023\\\/11\\\/image.jpg\",\"datePublished\":\"2023-11-30T20:06:59+00:00\",\"dateModified\":\"2024-03-23T13:08:48+00:00\",\"breadcrumb\":{\"@id\":\"https:\\\/\\\/www.facecorner.lv\\\/shop\\\/round-lab-1025-dokdo-cream-80ml\\\/#breadcrumb\"},\"inLanguage\":\"en-US\",\"potentialAction\":[{\"@type\":\"ReadAction\",\"target\":[\"https:\\\/\\\/www.facecorner.lv\\\/shop\\\/round-lab-1025-dokdo-cream-80ml\\\/\"]}]},{\"@type\":\"ImageObject\",\"inLanguage\":\"en-US\",\"@id\":\"https:\\\/\\\/www.facecorner.lv\\\/shop\\\/round-lab-1025-dokdo-cream-80ml\\\/#primaryimage\",\"url\":\"https:\\\/\\\/www.facecorner.lv\\\/wp-content\\\/uploads\\\/2023\\\/11\\\/image.jpg\",\"contentUrl\":\"https:\\\/\\\/www.facecorner.lv\\\/wp-content\\\/uploads\\\/2023\\\/11\\\/image.jpg\",\"width\":900,\"height\":900},{\"@type\":\"BreadcrumbList\",\"@id\":\"https:\\\/\\\/www.facecorner.lv\\\/shop\\\/round-lab-1025-dokdo-cream-80ml\\\/#breadcrumb\",\"itemListElement\":[{\"@type\":\"ListItem\",\"position\":1,\"name\":\"Home\",\"item\":\"https:\\\/\\\/www.facecorner.lv\\\/\"},{\"@type\":\"ListItem\",\"position\":2,\"name\":\"Veikals\",\"item\":\"https:\\\/\\\/www.facecorner.lv\\\/shop\\\/\"},{\"@type\":\"ListItem\",\"position\":3,\"name\":\"Round Lab 1025 Dokdo Cream 80ml\"}]},{\"@type\":\"WebSite\",\"@id\":\"https:\\\/\\\/www.facecorner.lv\\\/#website\",\"url\":\"https:\\\/\\\/www.facecorner.lv\\\/\",\"name\":\"Facecorner\",\"description\":\"\",\"publisher\":{\"@id\":\"https:\\\/\\\/www.facecorner.lv\\\/#organization\"},\"potentialAction\":[{\"@type\":\"SearchAction\",\"target\":{\"@type\":\"EntryPoint\",\"urlTemplate\":\"https:\\\/\\\/www.facecorner.lv\\\/?s={search_term_string}\"},\"query-input\":{\"@type\":\"PropertyValueSpecification\",\"valueRequired\":true,\"valueName\":\"search_term_string\"}}],\"inLanguage\":\"en-US\"},{\"@type\":\"Organization\",\"@id\":\"https:\\\/\\\/www.facecorner.lv\\\/#organization\",\"name\":\"Facecorner\",\"url\":\"https:\\\/\\\/www.facecorner.lv\\\/\",\"logo\":{\"@type\":\"ImageObject\",\"inLanguage\":\"en-US\",\"@id\":\"https:\\\/\\\/www.facecorner.lv\\\/#\\\/schema\\\/logo\\\/image\\\/\",\"url\":\"https:\\\/\\\/www.facecorner.lv\\\/wp-content\\\/uploads\\\/2024\\\/04\\\/fc-logo.jpg\",\"contentUrl\":\"https:\\\/\\\/www.facecorner.lv\\\/wp-content\\\/uploads\\\/2024\\\/04\\\/fc-logo.jpg\",\"width\":174,\"height\":28,\"caption\":\"Facecorner\"},\"image\":{\"@id\":\"https:\\\/\\\/www.facecorner.lv\\\/#\\\/schema\\\/logo\\\/image\\\/\"},\"sameAs\":[\"https:\\\/\\\/www.facebook.com\\\/profile.php?id=100063824551839\",\"https:\\\/\\\/www.instagram.com\\\/facecorner_shop\\\/\"]}]}<\/script>\n<meta property=\"product:price:amount\" content=\"31.00\" \/>\n<meta property=\"product:price:currency\" content=\"EUR\" \/>\n<meta property=\"og:availability\" content=\"out of stock\" \/>\n<meta property=\"product:availability\" content=\"out of stock\" \/>\n<meta property=\"product:condition\" content=\"new\" \/>\n<!-- \/ Yoast SEO plugin. -->","yoast_head_json":{"title":"Round Lab 1025 Dokdo Cream 80ml - FACECORNER","robots":{"index":"index","follow":"follow","max-snippet":"max-snippet:-1","max-image-preview":"max-image-preview:large","max-video-preview":"max-video-preview:-1"},"canonical":"https:\/\/www.facecorner.lv\/en\/shop\/round-lab-1025-dokdo-cream-80ml\/","og_locale":"en_US","og_type":"article","og_title":"Round Lab 1025 Dokdo Cream 80ml - FACECORNER","og_description":"Round Lab 1025 Dokdo kr\u0113ms intens\u012bvi mitrina 24 stundas, nov\u0113r\u0161 sausumu un atjauno dehidr\u0113tu \u0101du, izl\u012bdzina un baro. Produkts sniedz komfortu, nomierina, izl\u012bdzina nel\u012bdzenu reljefu, m\u012bkstina lob\u012b\u0161anos un nostiprina aizsarg\u0101jo\u0161o hidrolip\u012bdu barjeru, kas nov\u0113r\u0161 mitruma iztvaiko\u0161anu un kait\u012bgo vielu iek\u013c\u016b\u0161anu epiderm\u0101. Produktam ir bieza kr\u0113mveida tekst\u016bra un nav smar\u017eas. Formula satur dzi\u013cj\u016bras \u016bdeni, kas att\u012br\u012bts, [&hellip;]","og_url":"https:\/\/www.facecorner.lv\/en\/shop\/round-lab-1025-dokdo-cream-80ml\/","og_site_name":"FACECORNER","article_publisher":"https:\/\/www.facebook.com\/profile.php?id=100063824551839","article_modified_time":"2024-03-23T13:08:48+00:00","og_image":[{"width":900,"height":900,"url":"https:\/\/www.facecorner.lv\/wp-content\/uploads\/2023\/11\/image.jpg","type":"image\/jpeg"}],"twitter_card":"summary_large_image","twitter_misc":{"Price":"&euro;31.00","Availability":"Out of stock"},"schema":{"@context":"https:\/\/schema.org","@graph":[{"@type":"WebPage","@id":"https:\/\/www.facecorner.lv\/shop\/round-lab-1025-dokdo-cream-80ml\/","url":"https:\/\/www.facecorner.lv\/shop\/round-lab-1025-dokdo-cream-80ml\/","name":"Round Lab 1025 Dokdo Cream 80ml - FACECORNER","isPartOf":{"@id":"https:\/\/www.facecorner.lv\/#website"},"primaryImageOfPage":{"@id":"https:\/\/www.facecorner.lv\/shop\/round-lab-1025-dokdo-cream-80ml\/#primaryimage"},"image":{"@id":"https:\/\/www.facecorner.lv\/shop\/round-lab-1025-dokdo-cream-80ml\/#primaryimage"},"thumbnailUrl":"https:\/\/www.facecorner.lv\/wp-content\/uploads\/2023\/11\/image.jpg","datePublished":"2023-11-30T20:06:59+00:00","dateModified":"2024-03-23T13:08:48+00:00","breadcrumb":{"@id":"https:\/\/www.facecorner.lv\/shop\/round-lab-1025-dokdo-cream-80ml\/#breadcrumb"},"inLanguage":"en-US","potentialAction":[{"@type":"ReadAction","target":["https:\/\/www.facecorner.lv\/shop\/round-lab-1025-dokdo-cream-80ml\/"]}]},{"@type":"ImageObject","inLanguage":"en-US","@id":"https:\/\/www.facecorner.lv\/shop\/round-lab-1025-dokdo-cream-80ml\/#primaryimage","url":"https:\/\/www.facecorner.lv\/wp-content\/uploads\/2023\/11\/image.jpg","contentUrl":"https:\/\/www.facecorner.lv\/wp-content\/uploads\/2023\/11\/image.jpg","width":900,"height":900},{"@type":"BreadcrumbList","@id":"https:\/\/www.facecorner.lv\/shop\/round-lab-1025-dokdo-cream-80ml\/#breadcrumb","itemListElement":[{"@type":"ListItem","position":1,"name":"Home","item":"https:\/\/www.facecorner.lv\/"},{"@type":"ListItem","position":2,"name":"Veikals","item":"https:\/\/www.facecorner.lv\/shop\/"},{"@type":"ListItem","position":3,"name":"Round Lab 1025 Dokdo Cream 80ml"}]},{"@type":"WebSite","@id":"https:\/\/www.facecorner.lv\/#website","url":"https:\/\/www.facecorner.lv\/","name":"Facecorner","description":"","publisher":{"@id":"https:\/\/www.facecorner.lv\/#organization"},"potentialAction":[{"@type":"SearchAction","target":{"@type":"EntryPoint","urlTemplate":"https:\/\/www.facecorner.lv\/?s={search_term_string}"},"query-input":{"@type":"PropertyValueSpecification","valueRequired":true,"valueName":"search_term_string"}}],"inLanguage":"en-US"},{"@type":"Organization","@id":"https:\/\/www.facecorner.lv\/#organization","name":"Facecorner","url":"https:\/\/www.facecorner.lv\/","logo":{"@type":"ImageObject","inLanguage":"en-US","@id":"https:\/\/www.facecorner.lv\/#\/schema\/logo\/image\/","url":"https:\/\/www.facecorner.lv\/wp-content\/uploads\/2024\/04\/fc-logo.jpg","contentUrl":"https:\/\/www.facecorner.lv\/wp-content\/uploads\/2024\/04\/fc-logo.jpg","width":174,"height":28,"caption":"Facecorner"},"image":{"@id":"https:\/\/www.facecorner.lv\/#\/schema\/logo\/image\/"},"sameAs":["https:\/\/www.facebook.com\/profile.php?id=100063824551839","https:\/\/www.instagram.com\/facecorner_shop\/"]}]},"product_price_amount":"31.00","product_price_currency":"EUR","og_availability":"out of stock","product_availability":"out of stock","product_condition":"new"},"_links":{"self":[{"href":"https:\/\/www.facecorner.lv\/en\/wp-json\/wp\/v2\/product\/13166","targetHints":{"allow":["GET"]}}],"collection":[{"href":"https:\/\/www.facecorner.lv\/en\/wp-json\/wp\/v2\/product"}],"about":[{"href":"https:\/\/www.facecorner.lv\/en\/wp-json\/wp\/v2\/types\/product"}],"replies":[{"embeddable":true,"href":"https:\/\/www.facecorner.lv\/en\/wp-json\/wp\/v2\/comments?post=13166"}],"wp:featuredmedia":[{"embeddable":true,"href":"https:\/\/www.facecorner.lv\/en\/wp-json\/wp\/v2\/media\/13167"}],"wp:attachment":[{"href":"https:\/\/www.facecorner.lv\/en\/wp-json\/wp\/v2\/media?parent=13166"}],"wp:term":[{"taxonomy":"product_brand","embeddable":true,"href":"https:\/\/www.facecorner.lv\/en\/wp-json\/wp\/v2\/product_brand?post=13166"},{"taxonomy":"product_cat","embeddable":true,"href":"https:\/\/www.facecorner.lv\/en\/wp-json\/wp\/v2\/product_cat?post=13166"},{"taxonomy":"product_tag","embeddable":true,"href":"https:\/\/www.facecorner.lv\/en\/wp-json\/wp\/v2\/product_tag?post=13166"},{"taxonomy":"berocket_brand","embeddable":true,"href":"https:\/\/www.facecorner.lv\/en\/wp-json\/wp\/v2\/berocket_brand?post=13166"}],"curies":[{"name":"wp","href":"https:\/\/api.w.org\/{rel}","templated":true}]}}