{"id":13164,"date":"2023-11-30T21:55:06","date_gmt":"2023-11-30T19:55:06","guid":{"rendered":"https:\/\/www.facecorner.lv\/?post_type=product&#038;p=13164"},"modified":"2025-09-16T12:16:00","modified_gmt":"2025-09-16T09:16:00","slug":"round-lab-1025-dokdo-toner-200ml","status":"publish","type":"product","link":"https:\/\/www.facecorner.lv\/en\/shop\/round-lab-1025-dokdo-toner-200ml\/","title":{"rendered":"Round Lab 1025 Dokdo Toner 200ml\/100ml"},"content":{"rendered":"<p>P\u012blings toniks ar j\u016bras \u016bdeni Round Lab 1025 Dokdo Toner atjauno \u0101das sk\u0101bju-b\u0101zes l\u012bdzsvaru, uztur optim\u0101lu \u0101das mitrin\u0101\u0161anas l\u012bmeni un regul\u0113 tauku dziedzeru darb\u012bbu. Toniks lieliski no\u0146em atmiru\u0161\u0101s \u0101das \u0161\u016bnas, lieko sebumu un pal\u012bdz att\u012br\u012bt poras. Pabeidz att\u012br\u012b\u0161anas procesu un sagatavo \u0101du \u0101das kop\u0161anas l\u012bdzek\u013cu uzkl\u0101\u0161anai.<\/p>\n<p>Produkts izl\u012bdzina un m\u012bkstina \u0101das tekst\u016bru, \u0161\u0137\u012bdina tauku aizb\u0101\u017e\u0146us, intens\u012bvi mitrina un nomierina \u0101du. Toniks nov\u0113r\u0161 sausuma un spieduma saj\u016btu p\u0113c mazg\u0101\u0161anas, atjauno epidermas hidrat\u0101cijas l\u012bmeni. Produkta maig\u0101 formula neizraisa kairin\u0101jumu un ir piem\u0113rota pat jut\u012bgai \u0101dai.<\/p>\n<p>Dzi\u013cj\u016bras \u016bdens no Dokdo salas satur 72 veidu labv\u0113l\u012bgus miner\u0101lus, makro un mikroelementus, kas ne tikai uztur vesel\u012bgu \u0101du, bet ar\u012b dzi\u013ci mitrina, stiprina epidermas im\u016bnsist\u0113mu un paildzina jaun\u012bbu.<\/p>\n<p>Toneris satur unik\u0101lu patent\u0113tu kompleksu, kura pamat\u0101 ir Hatching EX-07 enz\u012bmi, kas ir AHA\/BHA sk\u0101bju aizst\u0101j\u0113js. Tai ir p\u012blinga iedarb\u012bba, noloba atmiru\u0161\u0101s \u0101das \u0161\u016bnas un pa\u0101trina re\u0123ener\u0101cijas procesus.<\/p>\n<p><strong>Piem\u0113rots sausai, norm\u0101lai un kombin\u0113tai \u0101dai.<\/strong><\/p>\n<p><strong>How to use:<\/strong> samitriniet vates disku ar nepiecie\u0161amo produkta daudzumu un noslaukiet \u0101du.<\/p>\n<p><strong>Ingredientes:\u00a0<\/strong>Water, Butylene Glycol, Glycerin, Pentylene Glycol, Propanediol, Chondrus Crispus Extract, Saccharum Officinarum Ferment Extract, Seawater, 1,2-Hexanediol, Protease, Betaine, Panthenol, Ethylhexylglycerin, Allantoin, Xanthan Gum, Disodium EDTA<\/p>","protected":false},"excerpt":{"rendered":"<p>P\u012blings toniks ar j\u016bras \u016bdeni Round Lab 1025 Dokdo Toner atjauno \u0101das sk\u0101bju-b\u0101zes l\u012bdzsvaru, uztur optim\u0101lu \u0101das mitrin\u0101\u0161anas l\u012bmeni un regul\u0113 tauku dziedzeru darb\u012bbu. Toniks lieliski no\u0146em atmiru\u0161\u0101s \u0101das \u0161\u016bnas, lieko sebumu un pal\u012bdz att\u012br\u012bt poras. Pabeidz att\u012br\u012b\u0161anas procesu un sagatavo \u0101du \u0101das kop\u0161anas l\u012bdzek\u013cu uzkl\u0101\u0161anai. Produkts izl\u012bdzina un m\u012bkstina \u0101das tekst\u016bru, \u0161\u0137\u012bdina tauku aizb\u0101\u017e\u0146us, [&hellip;]<\/p>\n","protected":false},"featured_media":13165,"comment_status":"open","ping_status":"closed","template":"","meta":{"site-sidebar-layout":"default","site-content-layout":"","ast-site-content-layout":"default","site-content-style":"default","site-sidebar-style":"default","ast-global-header-display":"","ast-banner-title-visibility":"","ast-main-header-display":"","ast-hfb-above-header-display":"","ast-hfb-below-header-display":"","ast-hfb-mobile-header-display":"","site-post-title":"","ast-breadcrumbs-content":"","ast-featured-img":"","footer-sml-layout":"","theme-transparent-header-meta":"default","adv-header-id-meta":"","stick-header-meta":"","header-above-stick-meta":"","header-main-stick-meta":"","header-below-stick-meta":"","astra-migrate-meta-layouts":"set","ast-page-background-enabled":"default","ast-page-background-meta":{"desktop":{"background-color":"var(--ast-global-color-4)","background-image":"","background-repeat":"repeat","background-position":"center center","background-size":"auto","background-attachment":"scroll","background-type":"","background-media":"","overlay-type":"","overlay-color":"","overlay-opacity":"","overlay-gradient":""},"tablet":{"background-color":"","background-image":"","background-repeat":"repeat","background-position":"center center","background-size":"auto","background-attachment":"scroll","background-type":"","background-media":"","overlay-type":"","overlay-color":"","overlay-opacity":"","overlay-gradient":""},"mobile":{"background-color":"","background-image":"","background-repeat":"repeat","background-position":"center center","background-size":"auto","background-attachment":"scroll","background-type":"","background-media":"","overlay-type":"","overlay-color":"","overlay-opacity":"","overlay-gradient":""}},"ast-content-background-meta":{"desktop":{"background-color":"var(--ast-global-color-5)","background-image":"","background-repeat":"repeat","background-position":"center center","background-size":"auto","background-attachment":"scroll","background-type":"","background-media":"","overlay-type":"","overlay-color":"","overlay-opacity":"","overlay-gradient":""},"tablet":{"background-color":"var(--ast-global-color-5)","background-image":"","background-repeat":"repeat","background-position":"center center","background-size":"auto","background-attachment":"scroll","background-type":"","background-media":"","overlay-type":"","overlay-color":"","overlay-opacity":"","overlay-gradient":""},"mobile":{"background-color":"var(--ast-global-color-5)","background-image":"","background-repeat":"repeat","background-position":"center center","background-size":"auto","background-attachment":"scroll","background-type":"","background-media":"","overlay-type":"","overlay-color":"","overlay-opacity":"","overlay-gradient":""}}},"product_brand":[],"product_cat":[375,377,378,307,364,376],"product_tag":[],"berocket_brand":[589],"class_list":{"0":"post-13164","1":"product","2":"type-product","3":"status-publish","4":"has-post-thumbnail","6":"product_cat-jutigai-adai-toneri","7":"product_cat-problematiskai-adai-toneri","8":"product_cat-sausai-adai-toneri","9":"product_cat-sejai","10":"product_cat-toneri","11":"product_cat-kombinetai-adai-toneri","12":"berocket_brand-round-lab","13":"desktop-align-left","14":"tablet-align-left","15":"mobile-align-left","17":"first","18":"instock","19":"taxable","20":"shipping-taxable","21":"purchasable","22":"product-type-variable","23":"add-to-wishlist-before_image"},"yoast_head":"<!-- This site is optimized with the Yoast SEO plugin v27.4 - https:\/\/yoast.com\/product\/yoast-seo-wordpress\/ -->\n<title>Round Lab 1025 Dokdo Toner 200ml\/100ml - FACECORNER<\/title>\n<meta name=\"robots\" content=\"index, follow, max-snippet:-1, max-image-preview:large, max-video-preview:-1\" \/>\n<link rel=\"canonical\" href=\"https:\/\/www.facecorner.lv\/en\/shop\/round-lab-1025-dokdo-toner-200ml\/\" \/>\n<meta property=\"og:locale\" content=\"en_US\" \/>\n<meta property=\"og:type\" content=\"article\" \/>\n<meta property=\"og:title\" content=\"Round Lab 1025 Dokdo Toner 200ml\/100ml - FACECORNER\" \/>\n<meta property=\"og:description\" content=\"P\u012blings toniks ar j\u016bras \u016bdeni Round Lab 1025 Dokdo Toner atjauno \u0101das sk\u0101bju-b\u0101zes l\u012bdzsvaru, uztur optim\u0101lu \u0101das mitrin\u0101\u0161anas l\u012bmeni un regul\u0113 tauku dziedzeru darb\u012bbu. Toniks lieliski no\u0146em atmiru\u0161\u0101s \u0101das \u0161\u016bnas, lieko sebumu un pal\u012bdz att\u012br\u012bt poras. Pabeidz att\u012br\u012b\u0161anas procesu un sagatavo \u0101du \u0101das kop\u0161anas l\u012bdzek\u013cu uzkl\u0101\u0161anai. Produkts izl\u012bdzina un m\u012bkstina \u0101das tekst\u016bru, \u0161\u0137\u012bdina tauku aizb\u0101\u017e\u0146us, [&hellip;]\" \/>\n<meta property=\"og:url\" content=\"https:\/\/www.facecorner.lv\/en\/shop\/round-lab-1025-dokdo-toner-200ml\/\" \/>\n<meta property=\"og:site_name\" content=\"FACECORNER\" \/>\n<meta property=\"article:publisher\" content=\"https:\/\/www.facebook.com\/profile.php?id=100063824551839\" \/>\n<meta property=\"article:modified_time\" content=\"2025-09-16T09:16:00+00:00\" \/>\n<meta property=\"og:image\" content=\"https:\/\/www.facecorner.lv\/wp-content\/uploads\/2023\/11\/1025-dokdo-toner-round-lab-2_2048x2048.png.webp\" \/>\n\t<meta property=\"og:image:width\" content=\"2048\" \/>\n\t<meta property=\"og:image:height\" content=\"2048\" \/>\n\t<meta property=\"og:image:type\" content=\"image\/webp\" \/>\n<meta name=\"twitter:card\" content=\"summary_large_image\" \/>\n<meta name=\"twitter:label1\" content=\"Availability\" \/>\n\t<meta name=\"twitter:data1\" content=\"In stock\" \/>\n<script type=\"application\/ld+json\" class=\"yoast-schema-graph\">{\"@context\":\"https:\\\/\\\/schema.org\",\"@graph\":[{\"@type\":\"WebPage\",\"@id\":\"https:\\\/\\\/www.facecorner.lv\\\/shop\\\/round-lab-1025-dokdo-toner-200ml\\\/\",\"url\":\"https:\\\/\\\/www.facecorner.lv\\\/shop\\\/round-lab-1025-dokdo-toner-200ml\\\/\",\"name\":\"Round Lab 1025 Dokdo Toner 200ml\\\/100ml - FACECORNER\",\"isPartOf\":{\"@id\":\"https:\\\/\\\/www.facecorner.lv\\\/#website\"},\"primaryImageOfPage\":{\"@id\":\"https:\\\/\\\/www.facecorner.lv\\\/shop\\\/round-lab-1025-dokdo-toner-200ml\\\/#primaryimage\"},\"image\":{\"@id\":\"https:\\\/\\\/www.facecorner.lv\\\/shop\\\/round-lab-1025-dokdo-toner-200ml\\\/#primaryimage\"},\"thumbnailUrl\":\"https:\\\/\\\/www.facecorner.lv\\\/wp-content\\\/uploads\\\/2023\\\/11\\\/1025-dokdo-toner-round-lab-2_2048x2048.png.webp\",\"datePublished\":\"2023-11-30T19:55:06+00:00\",\"dateModified\":\"2025-09-16T09:16:00+00:00\",\"breadcrumb\":{\"@id\":\"https:\\\/\\\/www.facecorner.lv\\\/shop\\\/round-lab-1025-dokdo-toner-200ml\\\/#breadcrumb\"},\"inLanguage\":\"en-US\",\"potentialAction\":[{\"@type\":\"ReadAction\",\"target\":[\"https:\\\/\\\/www.facecorner.lv\\\/shop\\\/round-lab-1025-dokdo-toner-200ml\\\/\"]}]},{\"@type\":\"ImageObject\",\"inLanguage\":\"en-US\",\"@id\":\"https:\\\/\\\/www.facecorner.lv\\\/shop\\\/round-lab-1025-dokdo-toner-200ml\\\/#primaryimage\",\"url\":\"https:\\\/\\\/www.facecorner.lv\\\/wp-content\\\/uploads\\\/2023\\\/11\\\/1025-dokdo-toner-round-lab-2_2048x2048.png.webp\",\"contentUrl\":\"https:\\\/\\\/www.facecorner.lv\\\/wp-content\\\/uploads\\\/2023\\\/11\\\/1025-dokdo-toner-round-lab-2_2048x2048.png.webp\",\"width\":2048,\"height\":2048},{\"@type\":\"BreadcrumbList\",\"@id\":\"https:\\\/\\\/www.facecorner.lv\\\/shop\\\/round-lab-1025-dokdo-toner-200ml\\\/#breadcrumb\",\"itemListElement\":[{\"@type\":\"ListItem\",\"position\":1,\"name\":\"Home\",\"item\":\"https:\\\/\\\/www.facecorner.lv\\\/\"},{\"@type\":\"ListItem\",\"position\":2,\"name\":\"Veikals\",\"item\":\"https:\\\/\\\/www.facecorner.lv\\\/shop\\\/\"},{\"@type\":\"ListItem\",\"position\":3,\"name\":\"Round Lab 1025 Dokdo Toner 200ml\\\/100ml\"}]},{\"@type\":\"WebSite\",\"@id\":\"https:\\\/\\\/www.facecorner.lv\\\/#website\",\"url\":\"https:\\\/\\\/www.facecorner.lv\\\/\",\"name\":\"Facecorner\",\"description\":\"\",\"publisher\":{\"@id\":\"https:\\\/\\\/www.facecorner.lv\\\/#organization\"},\"potentialAction\":[{\"@type\":\"SearchAction\",\"target\":{\"@type\":\"EntryPoint\",\"urlTemplate\":\"https:\\\/\\\/www.facecorner.lv\\\/?s={search_term_string}\"},\"query-input\":{\"@type\":\"PropertyValueSpecification\",\"valueRequired\":true,\"valueName\":\"search_term_string\"}}],\"inLanguage\":\"en-US\"},{\"@type\":\"Organization\",\"@id\":\"https:\\\/\\\/www.facecorner.lv\\\/#organization\",\"name\":\"Facecorner\",\"url\":\"https:\\\/\\\/www.facecorner.lv\\\/\",\"logo\":{\"@type\":\"ImageObject\",\"inLanguage\":\"en-US\",\"@id\":\"https:\\\/\\\/www.facecorner.lv\\\/#\\\/schema\\\/logo\\\/image\\\/\",\"url\":\"https:\\\/\\\/www.facecorner.lv\\\/wp-content\\\/uploads\\\/2024\\\/04\\\/fc-logo.jpg\",\"contentUrl\":\"https:\\\/\\\/www.facecorner.lv\\\/wp-content\\\/uploads\\\/2024\\\/04\\\/fc-logo.jpg\",\"width\":174,\"height\":28,\"caption\":\"Facecorner\"},\"image\":{\"@id\":\"https:\\\/\\\/www.facecorner.lv\\\/#\\\/schema\\\/logo\\\/image\\\/\"},\"sameAs\":[\"https:\\\/\\\/www.facebook.com\\\/profile.php?id=100063824551839\",\"https:\\\/\\\/www.instagram.com\\\/facecorner_shop\\\/\"]}]}<\/script>\n<meta property=\"og:availability\" content=\"instock\" \/>\n<meta property=\"product:availability\" content=\"instock\" \/>\n<meta property=\"product:condition\" content=\"new\" \/>\n<!-- \/ Yoast SEO plugin. -->","yoast_head_json":{"title":"Round Lab 1025 Dokdo Toner 200ml\/100ml - FACECORNER","robots":{"index":"index","follow":"follow","max-snippet":"max-snippet:-1","max-image-preview":"max-image-preview:large","max-video-preview":"max-video-preview:-1"},"canonical":"https:\/\/www.facecorner.lv\/en\/shop\/round-lab-1025-dokdo-toner-200ml\/","og_locale":"en_US","og_type":"article","og_title":"Round Lab 1025 Dokdo Toner 200ml\/100ml - FACECORNER","og_description":"P\u012blings toniks ar j\u016bras \u016bdeni Round Lab 1025 Dokdo Toner atjauno \u0101das sk\u0101bju-b\u0101zes l\u012bdzsvaru, uztur optim\u0101lu \u0101das mitrin\u0101\u0161anas l\u012bmeni un regul\u0113 tauku dziedzeru darb\u012bbu. Toniks lieliski no\u0146em atmiru\u0161\u0101s \u0101das \u0161\u016bnas, lieko sebumu un pal\u012bdz att\u012br\u012bt poras. Pabeidz att\u012br\u012b\u0161anas procesu un sagatavo \u0101du \u0101das kop\u0161anas l\u012bdzek\u013cu uzkl\u0101\u0161anai. Produkts izl\u012bdzina un m\u012bkstina \u0101das tekst\u016bru, \u0161\u0137\u012bdina tauku aizb\u0101\u017e\u0146us, [&hellip;]","og_url":"https:\/\/www.facecorner.lv\/en\/shop\/round-lab-1025-dokdo-toner-200ml\/","og_site_name":"FACECORNER","article_publisher":"https:\/\/www.facebook.com\/profile.php?id=100063824551839","article_modified_time":"2025-09-16T09:16:00+00:00","og_image":[{"width":2048,"height":2048,"url":"https:\/\/www.facecorner.lv\/wp-content\/uploads\/2023\/11\/1025-dokdo-toner-round-lab-2_2048x2048.png.webp","type":"image\/webp"}],"twitter_card":"summary_large_image","twitter_misc":{"Availability":"In stock"},"schema":{"@context":"https:\/\/schema.org","@graph":[{"@type":"WebPage","@id":"https:\/\/www.facecorner.lv\/shop\/round-lab-1025-dokdo-toner-200ml\/","url":"https:\/\/www.facecorner.lv\/shop\/round-lab-1025-dokdo-toner-200ml\/","name":"Round Lab 1025 Dokdo Toner 200ml\/100ml - FACECORNER","isPartOf":{"@id":"https:\/\/www.facecorner.lv\/#website"},"primaryImageOfPage":{"@id":"https:\/\/www.facecorner.lv\/shop\/round-lab-1025-dokdo-toner-200ml\/#primaryimage"},"image":{"@id":"https:\/\/www.facecorner.lv\/shop\/round-lab-1025-dokdo-toner-200ml\/#primaryimage"},"thumbnailUrl":"https:\/\/www.facecorner.lv\/wp-content\/uploads\/2023\/11\/1025-dokdo-toner-round-lab-2_2048x2048.png.webp","datePublished":"2023-11-30T19:55:06+00:00","dateModified":"2025-09-16T09:16:00+00:00","breadcrumb":{"@id":"https:\/\/www.facecorner.lv\/shop\/round-lab-1025-dokdo-toner-200ml\/#breadcrumb"},"inLanguage":"en-US","potentialAction":[{"@type":"ReadAction","target":["https:\/\/www.facecorner.lv\/shop\/round-lab-1025-dokdo-toner-200ml\/"]}]},{"@type":"ImageObject","inLanguage":"en-US","@id":"https:\/\/www.facecorner.lv\/shop\/round-lab-1025-dokdo-toner-200ml\/#primaryimage","url":"https:\/\/www.facecorner.lv\/wp-content\/uploads\/2023\/11\/1025-dokdo-toner-round-lab-2_2048x2048.png.webp","contentUrl":"https:\/\/www.facecorner.lv\/wp-content\/uploads\/2023\/11\/1025-dokdo-toner-round-lab-2_2048x2048.png.webp","width":2048,"height":2048},{"@type":"BreadcrumbList","@id":"https:\/\/www.facecorner.lv\/shop\/round-lab-1025-dokdo-toner-200ml\/#breadcrumb","itemListElement":[{"@type":"ListItem","position":1,"name":"Home","item":"https:\/\/www.facecorner.lv\/"},{"@type":"ListItem","position":2,"name":"Veikals","item":"https:\/\/www.facecorner.lv\/shop\/"},{"@type":"ListItem","position":3,"name":"Round Lab 1025 Dokdo Toner 200ml\/100ml"}]},{"@type":"WebSite","@id":"https:\/\/www.facecorner.lv\/#website","url":"https:\/\/www.facecorner.lv\/","name":"Facecorner","description":"","publisher":{"@id":"https:\/\/www.facecorner.lv\/#organization"},"potentialAction":[{"@type":"SearchAction","target":{"@type":"EntryPoint","urlTemplate":"https:\/\/www.facecorner.lv\/?s={search_term_string}"},"query-input":{"@type":"PropertyValueSpecification","valueRequired":true,"valueName":"search_term_string"}}],"inLanguage":"en-US"},{"@type":"Organization","@id":"https:\/\/www.facecorner.lv\/#organization","name":"Facecorner","url":"https:\/\/www.facecorner.lv\/","logo":{"@type":"ImageObject","inLanguage":"en-US","@id":"https:\/\/www.facecorner.lv\/#\/schema\/logo\/image\/","url":"https:\/\/www.facecorner.lv\/wp-content\/uploads\/2024\/04\/fc-logo.jpg","contentUrl":"https:\/\/www.facecorner.lv\/wp-content\/uploads\/2024\/04\/fc-logo.jpg","width":174,"height":28,"caption":"Facecorner"},"image":{"@id":"https:\/\/www.facecorner.lv\/#\/schema\/logo\/image\/"},"sameAs":["https:\/\/www.facebook.com\/profile.php?id=100063824551839","https:\/\/www.instagram.com\/facecorner_shop\/"]}]},"og_availability":"instock","product_availability":"instock","product_condition":"new"},"_links":{"self":[{"href":"https:\/\/www.facecorner.lv\/en\/wp-json\/wp\/v2\/product\/13164","targetHints":{"allow":["GET"]}}],"collection":[{"href":"https:\/\/www.facecorner.lv\/en\/wp-json\/wp\/v2\/product"}],"about":[{"href":"https:\/\/www.facecorner.lv\/en\/wp-json\/wp\/v2\/types\/product"}],"replies":[{"embeddable":true,"href":"https:\/\/www.facecorner.lv\/en\/wp-json\/wp\/v2\/comments?post=13164"}],"wp:featuredmedia":[{"embeddable":true,"href":"https:\/\/www.facecorner.lv\/en\/wp-json\/wp\/v2\/media\/13165"}],"wp:attachment":[{"href":"https:\/\/www.facecorner.lv\/en\/wp-json\/wp\/v2\/media?parent=13164"}],"wp:term":[{"taxonomy":"product_brand","embeddable":true,"href":"https:\/\/www.facecorner.lv\/en\/wp-json\/wp\/v2\/product_brand?post=13164"},{"taxonomy":"product_cat","embeddable":true,"href":"https:\/\/www.facecorner.lv\/en\/wp-json\/wp\/v2\/product_cat?post=13164"},{"taxonomy":"product_tag","embeddable":true,"href":"https:\/\/www.facecorner.lv\/en\/wp-json\/wp\/v2\/product_tag?post=13164"},{"taxonomy":"berocket_brand","embeddable":true,"href":"https:\/\/www.facecorner.lv\/en\/wp-json\/wp\/v2\/berocket_brand?post=13164"}],"curies":[{"name":"wp","href":"https:\/\/api.w.org\/{rel}","templated":true}]}}