{"id":13060,"date":"2023-11-23T23:20:06","date_gmt":"2023-11-23T21:20:06","guid":{"rendered":"https:\/\/www.facecorner.lv\/?post_type=product&#038;p=13060"},"modified":"2024-06-19T11:17:01","modified_gmt":"2024-06-19T09:17:01","slug":"medi-peel-phyto-cica-nol-b5-aha-bha-vitamin-calming-toner-150ml","status":"publish","type":"product","link":"https:\/\/www.facecorner.lv\/en\/shop\/medi-peel-phyto-cica-nol-b5-aha-bha-vitamin-calming-toner-150ml\/","title":{"rendered":"Medi-Peel Phyto Cica-Nol B5 AHA BHA Vitamin Calming Toner 150ml"},"content":{"rendered":"<p>Atjaunojo\u0161s toniks pret iekaisumu Medi-Peel Phyto Cica-Nol B5 AHA BHA vitam\u012bnu nomierino\u0161ajam tonikam ir jaud\u012bgs daudzfunkcion\u0101ls sast\u0101vs, kas darbojas gan akt\u012bvi c\u012bn\u0101s pret p\u016bt\u012bt\u0113m un kairin\u0101jumiem, gan nov\u0113r\u0161 jaunu nepiln\u012bbu par\u0101d\u012b\u0161anos uz \u0101das.<\/p>\n<p>Toniks lieliski iz\u0161\u0137\u012bdina komedonus, no\u0146em lieko sebumu un regul\u0113 tauku dziedzeru darb\u012bbu. Tam ir dziedino\u0161a iedarb\u012bba uz iekaisumu un atrisina stagn\u0113jo\u0161us plankumus. Sabalans\u0113tais sast\u0101vs neiz\u017e\u016bst un neizraisa dehidrat\u0101ciju.<\/p>\n<p>Produkta galven\u0101 sast\u0101vda\u013ca ir 5% Cica-Nol kompleksa, kas ietver 5 veidu centellas ekstraktu (Centella asiatica ekstrakts, madecassoside, asiaticoside, siatic acid un madecasic acid), k\u0101 ar\u012b pantenolu. \u0160im kompleksam ir nomierino\u0161a un atjaunojo\u0161a iedarb\u012bba, intens\u012bvi mitrina un veicina mitruma uzkr\u0101\u0161anos \u0161\u016bn\u0101s, b\u016btiski uzlabo sejas kr\u0101su un izl\u012bdzina tonusu, mazina aps\u0101rtumu, akt\u012bvi baro un c\u012bn\u0101s ar sausumu.<\/p>\n<p>AHA un BHA sk\u0101bju siner\u0123ija, k\u0101 ar\u012b balt\u0101 v\u012btola mizas ekstrakts r\u016bp\u012bgi noloba epidermas raga sl\u0101ni un m\u012bkstina raupjus laukumus. Stimul\u0113 re\u0123ener\u0101cijas un atjauno\u0161an\u0101s procesus, maigi izgaismo un izl\u012bdzini kop\u0113jo toni. Veicin\u0101t iekaisuma dziedin\u0101\u0161anu bez postaknes paz\u012bm\u0113m.<\/p>\n<p><strong>KEY INGREDIENTS:<\/strong><\/p>\n<ul>\n<li>Niacinam\u012bds izgaismo, nov\u0113r\u0161 pigment\u0101cijas veido\u0161anos, nov\u0113r\u0161 taukainu sp\u012bdumu un normaliz\u0113 tauku dziedzeru darb\u012bbu.<\/li>\n<li>Laktobacillu enz\u012bmiem piem\u012bt pretiekaisuma iedarb\u012bba un tie atjauno epidermas funkcijas. Tie atvieglo iekais\u012bgu \u0101das slim\u012bbu simptomus, samazina t\u0101s jut\u012bgumu, k\u0101 ar\u012b saglab\u0101 elast\u012bbu, gludumu un tvirtumu.<\/li>\n<li>Natural Protector\u2122 (balt\u0101 v\u012btola mizas, oregano, ciprese, portulaka, kan\u0113\u013ca, galvaskausa Baik\u0101la ekstrakti, raudz\u0113ts sojas ekstrakts) ir augu komplekss, kam piem\u012bt pretiekaisuma un antibakteri\u0101la iedarb\u012bba, k\u0101 ar\u012b normaliz\u0113 sebuma veido\u0161anos, nomierina, mitrina un uztur \u016bdens l\u012bdzsvaru. .<\/li>\n<li>Kolag\u0113ns atjauno epidermas strukt\u016bru no iek\u0161puses, nostiprina \u0161\u016bnu sienas, uzlabo vielmai\u0146u<\/li>\n<\/ul>\n<p>Piem\u0113rots norm\u0101lai, kombin\u0113tai un taukainai \u0101dai.<\/p>\n<p><strong>Lieto\u0161anas nor\u0101d\u012bjumi<\/strong>: Uzkl\u0101jiet nepiecie\u0161amo tonika daudzumu uz \u0101das, izmantojot vates disku.<\/p>\n<p><strong>Ingredientes:\u00a0<\/strong>Purified water, dipropylene glycol, methyl propanediol, glycerin, niacinamide (20,000 ppm), centella asiatica extract (500 ppm), madecassoside (5,000 ppb), asiaticoside (500 ppb), asiatic acid (500 ppb), madecassic acid (500 ppb), panthenol (100 ppm), lactobacillus\/soybean fermentation extract, white willow bark extract, cinnamon bark extract, oregano leaf extract, cypress leaf extract, golden extract, purslane extract, sheet Rick Acid (10 ppm), Lactic Acid (9 ppm), Butylene Glycol, Sodium Hyaluronate, Collagen Extract, Betaine, Allantoin, Adenosine, Salicylic Acid (1,000 ppb), Disodium EDT, Glycer Acrylate\/acrylic acid copolymer, ethylhexylglycerin, 1,2-hexanediol, hydroxyacetophenone, caprylyl glycol, dipotassium glycyrrhizate, polyglyceryl-10 myristate, neopentylglyc Lycol Dicaprate, Cetylethylhexanoate, Ceteth-20, Steareth-20, Glyceryl Stearate, Cetearyl Alcohol, Tocopheryl Acetate, Carbomer, Tromethamine, Blue No. 1, Yellow No. 4 , flavoring<\/p>","protected":false},"excerpt":{"rendered":"<p>Atjaunojo\u0161s toniks pret iekaisumu Medi-Peel Phyto Cica-Nol B5 AHA BHA vitam\u012bnu nomierino\u0161ajam tonikam ir jaud\u012bgs daudzfunkcion\u0101ls sast\u0101vs, kas darbojas gan akt\u012bvi c\u012bn\u0101s pret p\u016bt\u012bt\u0113m un kairin\u0101jumiem, gan nov\u0113r\u0161 jaunu nepiln\u012bbu par\u0101d\u012b\u0161anos uz \u0101das. Toniks lieliski iz\u0161\u0137\u012bdina komedonus, no\u0146em lieko sebumu un regul\u0113 tauku dziedzeru darb\u012bbu. Tam ir dziedino\u0161a iedarb\u012bba uz iekaisumu un atrisina stagn\u0113jo\u0161us plankumus. [&hellip;]<\/p>\n","protected":false},"featured_media":13061,"comment_status":"open","ping_status":"closed","template":"","meta":{"site-sidebar-layout":"default","site-content-layout":"","ast-site-content-layout":"","site-content-style":"default","site-sidebar-style":"default","ast-global-header-display":"","ast-banner-title-visibility":"","ast-main-header-display":"","ast-hfb-above-header-display":"","ast-hfb-below-header-display":"","ast-hfb-mobile-header-display":"","site-post-title":"","ast-breadcrumbs-content":"","ast-featured-img":"","footer-sml-layout":"","theme-transparent-header-meta":"","adv-header-id-meta":"","stick-header-meta":"","header-above-stick-meta":"","header-main-stick-meta":"","header-below-stick-meta":"","astra-migrate-meta-layouts":"default","ast-page-background-enabled":"default","ast-page-background-meta":{"desktop":{"background-color":"var(--ast-global-color-4)","background-image":"","background-repeat":"repeat","background-position":"center center","background-size":"auto","background-attachment":"scroll","background-type":"","background-media":"","overlay-type":"","overlay-color":"","overlay-opacity":"","overlay-gradient":""},"tablet":{"background-color":"","background-image":"","background-repeat":"repeat","background-position":"center center","background-size":"auto","background-attachment":"scroll","background-type":"","background-media":"","overlay-type":"","overlay-color":"","overlay-opacity":"","overlay-gradient":""},"mobile":{"background-color":"","background-image":"","background-repeat":"repeat","background-position":"center center","background-size":"auto","background-attachment":"scroll","background-type":"","background-media":"","overlay-type":"","overlay-color":"","overlay-opacity":"","overlay-gradient":""}},"ast-content-background-meta":{"desktop":{"background-color":"var(--ast-global-color-5)","background-image":"","background-repeat":"repeat","background-position":"center center","background-size":"auto","background-attachment":"scroll","background-type":"","background-media":"","overlay-type":"","overlay-color":"","overlay-opacity":"","overlay-gradient":""},"tablet":{"background-color":"var(--ast-global-color-5)","background-image":"","background-repeat":"repeat","background-position":"center center","background-size":"auto","background-attachment":"scroll","background-type":"","background-media":"","overlay-type":"","overlay-color":"","overlay-opacity":"","overlay-gradient":""},"mobile":{"background-color":"var(--ast-global-color-5)","background-image":"","background-repeat":"repeat","background-position":"center center","background-size":"auto","background-attachment":"scroll","background-type":"","background-media":"","overlay-type":"","overlay-color":"","overlay-opacity":"","overlay-gradient":""}}},"product_brand":[],"product_cat":[375,377,378,363,364,376],"product_tag":[],"berocket_brand":[],"class_list":{"0":"post-13060","1":"product","2":"type-product","3":"status-publish","4":"has-post-thumbnail","6":"product_cat-jutigai-adai-toneri","7":"product_cat-problematiskai-adai-toneri","8":"product_cat-sausai-adai-toneri","9":"product_cat-serumi","10":"product_cat-toneri","11":"product_cat-kombinetai-adai-toneri","12":"desktop-align-left","13":"tablet-align-left","14":"mobile-align-left","16":"first","17":"outofstock","18":"taxable","19":"shipping-taxable","20":"purchasable","21":"product-type-simple","22":"add-to-wishlist-before_image"},"yoast_head":"<!-- This site is optimized with the Yoast SEO plugin v27.4 - https:\/\/yoast.com\/product\/yoast-seo-wordpress\/ -->\n<title>Medi-Peel Phyto Cica-Nol B5 AHA BHA Vitamin Calming Toner 150ml - FACECORNER<\/title>\n<meta name=\"robots\" content=\"index, follow, max-snippet:-1, max-image-preview:large, max-video-preview:-1\" \/>\n<link rel=\"canonical\" href=\"https:\/\/www.facecorner.lv\/en\/shop\/medi-peel-phyto-cica-nol-b5-aha-bha-vitamin-calming-toner-150ml\/\" \/>\n<meta property=\"og:locale\" content=\"en_US\" \/>\n<meta property=\"og:type\" content=\"article\" \/>\n<meta property=\"og:title\" content=\"Medi-Peel Phyto Cica-Nol B5 AHA BHA Vitamin Calming Toner 150ml - FACECORNER\" \/>\n<meta property=\"og:description\" content=\"Atjaunojo\u0161s toniks pret iekaisumu Medi-Peel Phyto Cica-Nol B5 AHA BHA vitam\u012bnu nomierino\u0161ajam tonikam ir jaud\u012bgs daudzfunkcion\u0101ls sast\u0101vs, kas darbojas gan akt\u012bvi c\u012bn\u0101s pret p\u016bt\u012bt\u0113m un kairin\u0101jumiem, gan nov\u0113r\u0161 jaunu nepiln\u012bbu par\u0101d\u012b\u0161anos uz \u0101das. Toniks lieliski iz\u0161\u0137\u012bdina komedonus, no\u0146em lieko sebumu un regul\u0113 tauku dziedzeru darb\u012bbu. Tam ir dziedino\u0161a iedarb\u012bba uz iekaisumu un atrisina stagn\u0113jo\u0161us plankumus. [&hellip;]\" \/>\n<meta property=\"og:url\" content=\"https:\/\/www.facecorner.lv\/en\/shop\/medi-peel-phyto-cica-nol-b5-aha-bha-vitamin-calming-toner-150ml\/\" \/>\n<meta property=\"og:site_name\" content=\"FACECORNER\" \/>\n<meta property=\"article:publisher\" content=\"https:\/\/www.facebook.com\/profile.php?id=100063824551839\" \/>\n<meta property=\"article:modified_time\" content=\"2024-06-19T09:17:01+00:00\" \/>\n<meta property=\"og:image\" content=\"https:\/\/www.facecorner.lv\/wp-content\/uploads\/2023\/11\/4_qqqh-hl.jpg\" \/>\n\t<meta property=\"og:image:width\" content=\"1000\" \/>\n\t<meta property=\"og:image:height\" content=\"1000\" \/>\n\t<meta property=\"og:image:type\" content=\"image\/jpeg\" \/>\n<meta name=\"twitter:card\" content=\"summary_large_image\" \/>\n<meta name=\"twitter:label1\" content=\"Price\" \/>\n\t<meta name=\"twitter:data1\" content=\"&euro;26.90\" \/>\n\t<meta name=\"twitter:label2\" content=\"Availability\" \/>\n\t<meta name=\"twitter:data2\" content=\"Out of stock\" \/>\n<script type=\"application\/ld+json\" class=\"yoast-schema-graph\">{\"@context\":\"https:\\\/\\\/schema.org\",\"@graph\":[{\"@type\":\"WebPage\",\"@id\":\"https:\\\/\\\/www.facecorner.lv\\\/shop\\\/medi-peel-phyto-cica-nol-b5-aha-bha-vitamin-calming-toner-150ml\\\/\",\"url\":\"https:\\\/\\\/www.facecorner.lv\\\/shop\\\/medi-peel-phyto-cica-nol-b5-aha-bha-vitamin-calming-toner-150ml\\\/\",\"name\":\"Medi-Peel Phyto Cica-Nol B5 AHA BHA Vitamin Calming Toner 150ml - FACECORNER\",\"isPartOf\":{\"@id\":\"https:\\\/\\\/www.facecorner.lv\\\/#website\"},\"primaryImageOfPage\":{\"@id\":\"https:\\\/\\\/www.facecorner.lv\\\/shop\\\/medi-peel-phyto-cica-nol-b5-aha-bha-vitamin-calming-toner-150ml\\\/#primaryimage\"},\"image\":{\"@id\":\"https:\\\/\\\/www.facecorner.lv\\\/shop\\\/medi-peel-phyto-cica-nol-b5-aha-bha-vitamin-calming-toner-150ml\\\/#primaryimage\"},\"thumbnailUrl\":\"https:\\\/\\\/www.facecorner.lv\\\/wp-content\\\/uploads\\\/2023\\\/11\\\/4_qqqh-hl.jpg\",\"datePublished\":\"2023-11-23T21:20:06+00:00\",\"dateModified\":\"2024-06-19T09:17:01+00:00\",\"breadcrumb\":{\"@id\":\"https:\\\/\\\/www.facecorner.lv\\\/shop\\\/medi-peel-phyto-cica-nol-b5-aha-bha-vitamin-calming-toner-150ml\\\/#breadcrumb\"},\"inLanguage\":\"en-US\",\"potentialAction\":[{\"@type\":\"ReadAction\",\"target\":[\"https:\\\/\\\/www.facecorner.lv\\\/shop\\\/medi-peel-phyto-cica-nol-b5-aha-bha-vitamin-calming-toner-150ml\\\/\"]}]},{\"@type\":\"ImageObject\",\"inLanguage\":\"en-US\",\"@id\":\"https:\\\/\\\/www.facecorner.lv\\\/shop\\\/medi-peel-phyto-cica-nol-b5-aha-bha-vitamin-calming-toner-150ml\\\/#primaryimage\",\"url\":\"https:\\\/\\\/www.facecorner.lv\\\/wp-content\\\/uploads\\\/2023\\\/11\\\/4_qqqh-hl.jpg\",\"contentUrl\":\"https:\\\/\\\/www.facecorner.lv\\\/wp-content\\\/uploads\\\/2023\\\/11\\\/4_qqqh-hl.jpg\",\"width\":1000,\"height\":1000},{\"@type\":\"BreadcrumbList\",\"@id\":\"https:\\\/\\\/www.facecorner.lv\\\/shop\\\/medi-peel-phyto-cica-nol-b5-aha-bha-vitamin-calming-toner-150ml\\\/#breadcrumb\",\"itemListElement\":[{\"@type\":\"ListItem\",\"position\":1,\"name\":\"Home\",\"item\":\"https:\\\/\\\/www.facecorner.lv\\\/\"},{\"@type\":\"ListItem\",\"position\":2,\"name\":\"Veikals\",\"item\":\"https:\\\/\\\/www.facecorner.lv\\\/shop\\\/\"},{\"@type\":\"ListItem\",\"position\":3,\"name\":\"Medi-Peel Phyto Cica-Nol B5 AHA BHA Vitamin Calming Toner 150ml\"}]},{\"@type\":\"WebSite\",\"@id\":\"https:\\\/\\\/www.facecorner.lv\\\/#website\",\"url\":\"https:\\\/\\\/www.facecorner.lv\\\/\",\"name\":\"Facecorner\",\"description\":\"\",\"publisher\":{\"@id\":\"https:\\\/\\\/www.facecorner.lv\\\/#organization\"},\"potentialAction\":[{\"@type\":\"SearchAction\",\"target\":{\"@type\":\"EntryPoint\",\"urlTemplate\":\"https:\\\/\\\/www.facecorner.lv\\\/?s={search_term_string}\"},\"query-input\":{\"@type\":\"PropertyValueSpecification\",\"valueRequired\":true,\"valueName\":\"search_term_string\"}}],\"inLanguage\":\"en-US\"},{\"@type\":\"Organization\",\"@id\":\"https:\\\/\\\/www.facecorner.lv\\\/#organization\",\"name\":\"Facecorner\",\"url\":\"https:\\\/\\\/www.facecorner.lv\\\/\",\"logo\":{\"@type\":\"ImageObject\",\"inLanguage\":\"en-US\",\"@id\":\"https:\\\/\\\/www.facecorner.lv\\\/#\\\/schema\\\/logo\\\/image\\\/\",\"url\":\"https:\\\/\\\/www.facecorner.lv\\\/wp-content\\\/uploads\\\/2024\\\/04\\\/fc-logo.jpg\",\"contentUrl\":\"https:\\\/\\\/www.facecorner.lv\\\/wp-content\\\/uploads\\\/2024\\\/04\\\/fc-logo.jpg\",\"width\":174,\"height\":28,\"caption\":\"Facecorner\"},\"image\":{\"@id\":\"https:\\\/\\\/www.facecorner.lv\\\/#\\\/schema\\\/logo\\\/image\\\/\"},\"sameAs\":[\"https:\\\/\\\/www.facebook.com\\\/profile.php?id=100063824551839\",\"https:\\\/\\\/www.instagram.com\\\/facecorner_shop\\\/\"]}]}<\/script>\n<meta property=\"product:price:amount\" content=\"26.90\" \/>\n<meta property=\"product:price:currency\" content=\"EUR\" \/>\n<meta property=\"og:availability\" content=\"out of stock\" \/>\n<meta property=\"product:availability\" content=\"out of stock\" \/>\n<meta property=\"product:condition\" content=\"new\" \/>\n<!-- \/ Yoast SEO plugin. -->","yoast_head_json":{"title":"Medi-Peel Phyto Cica-Nol B5 AHA BHA Vitamin Calming Toner 150ml - FACECORNER","robots":{"index":"index","follow":"follow","max-snippet":"max-snippet:-1","max-image-preview":"max-image-preview:large","max-video-preview":"max-video-preview:-1"},"canonical":"https:\/\/www.facecorner.lv\/en\/shop\/medi-peel-phyto-cica-nol-b5-aha-bha-vitamin-calming-toner-150ml\/","og_locale":"en_US","og_type":"article","og_title":"Medi-Peel Phyto Cica-Nol B5 AHA BHA Vitamin Calming Toner 150ml - FACECORNER","og_description":"Atjaunojo\u0161s toniks pret iekaisumu Medi-Peel Phyto Cica-Nol B5 AHA BHA vitam\u012bnu nomierino\u0161ajam tonikam ir jaud\u012bgs daudzfunkcion\u0101ls sast\u0101vs, kas darbojas gan akt\u012bvi c\u012bn\u0101s pret p\u016bt\u012bt\u0113m un kairin\u0101jumiem, gan nov\u0113r\u0161 jaunu nepiln\u012bbu par\u0101d\u012b\u0161anos uz \u0101das. Toniks lieliski iz\u0161\u0137\u012bdina komedonus, no\u0146em lieko sebumu un regul\u0113 tauku dziedzeru darb\u012bbu. Tam ir dziedino\u0161a iedarb\u012bba uz iekaisumu un atrisina stagn\u0113jo\u0161us plankumus. [&hellip;]","og_url":"https:\/\/www.facecorner.lv\/en\/shop\/medi-peel-phyto-cica-nol-b5-aha-bha-vitamin-calming-toner-150ml\/","og_site_name":"FACECORNER","article_publisher":"https:\/\/www.facebook.com\/profile.php?id=100063824551839","article_modified_time":"2024-06-19T09:17:01+00:00","og_image":[{"width":1000,"height":1000,"url":"https:\/\/www.facecorner.lv\/wp-content\/uploads\/2023\/11\/4_qqqh-hl.jpg","type":"image\/jpeg"}],"twitter_card":"summary_large_image","twitter_misc":{"Price":"&euro;26.90","Availability":"Out of stock"},"schema":{"@context":"https:\/\/schema.org","@graph":[{"@type":"WebPage","@id":"https:\/\/www.facecorner.lv\/shop\/medi-peel-phyto-cica-nol-b5-aha-bha-vitamin-calming-toner-150ml\/","url":"https:\/\/www.facecorner.lv\/shop\/medi-peel-phyto-cica-nol-b5-aha-bha-vitamin-calming-toner-150ml\/","name":"Medi-Peel Phyto Cica-Nol B5 AHA BHA Vitamin Calming Toner 150ml - FACECORNER","isPartOf":{"@id":"https:\/\/www.facecorner.lv\/#website"},"primaryImageOfPage":{"@id":"https:\/\/www.facecorner.lv\/shop\/medi-peel-phyto-cica-nol-b5-aha-bha-vitamin-calming-toner-150ml\/#primaryimage"},"image":{"@id":"https:\/\/www.facecorner.lv\/shop\/medi-peel-phyto-cica-nol-b5-aha-bha-vitamin-calming-toner-150ml\/#primaryimage"},"thumbnailUrl":"https:\/\/www.facecorner.lv\/wp-content\/uploads\/2023\/11\/4_qqqh-hl.jpg","datePublished":"2023-11-23T21:20:06+00:00","dateModified":"2024-06-19T09:17:01+00:00","breadcrumb":{"@id":"https:\/\/www.facecorner.lv\/shop\/medi-peel-phyto-cica-nol-b5-aha-bha-vitamin-calming-toner-150ml\/#breadcrumb"},"inLanguage":"en-US","potentialAction":[{"@type":"ReadAction","target":["https:\/\/www.facecorner.lv\/shop\/medi-peel-phyto-cica-nol-b5-aha-bha-vitamin-calming-toner-150ml\/"]}]},{"@type":"ImageObject","inLanguage":"en-US","@id":"https:\/\/www.facecorner.lv\/shop\/medi-peel-phyto-cica-nol-b5-aha-bha-vitamin-calming-toner-150ml\/#primaryimage","url":"https:\/\/www.facecorner.lv\/wp-content\/uploads\/2023\/11\/4_qqqh-hl.jpg","contentUrl":"https:\/\/www.facecorner.lv\/wp-content\/uploads\/2023\/11\/4_qqqh-hl.jpg","width":1000,"height":1000},{"@type":"BreadcrumbList","@id":"https:\/\/www.facecorner.lv\/shop\/medi-peel-phyto-cica-nol-b5-aha-bha-vitamin-calming-toner-150ml\/#breadcrumb","itemListElement":[{"@type":"ListItem","position":1,"name":"Home","item":"https:\/\/www.facecorner.lv\/"},{"@type":"ListItem","position":2,"name":"Veikals","item":"https:\/\/www.facecorner.lv\/shop\/"},{"@type":"ListItem","position":3,"name":"Medi-Peel Phyto Cica-Nol B5 AHA BHA Vitamin Calming Toner 150ml"}]},{"@type":"WebSite","@id":"https:\/\/www.facecorner.lv\/#website","url":"https:\/\/www.facecorner.lv\/","name":"Facecorner","description":"","publisher":{"@id":"https:\/\/www.facecorner.lv\/#organization"},"potentialAction":[{"@type":"SearchAction","target":{"@type":"EntryPoint","urlTemplate":"https:\/\/www.facecorner.lv\/?s={search_term_string}"},"query-input":{"@type":"PropertyValueSpecification","valueRequired":true,"valueName":"search_term_string"}}],"inLanguage":"en-US"},{"@type":"Organization","@id":"https:\/\/www.facecorner.lv\/#organization","name":"Facecorner","url":"https:\/\/www.facecorner.lv\/","logo":{"@type":"ImageObject","inLanguage":"en-US","@id":"https:\/\/www.facecorner.lv\/#\/schema\/logo\/image\/","url":"https:\/\/www.facecorner.lv\/wp-content\/uploads\/2024\/04\/fc-logo.jpg","contentUrl":"https:\/\/www.facecorner.lv\/wp-content\/uploads\/2024\/04\/fc-logo.jpg","width":174,"height":28,"caption":"Facecorner"},"image":{"@id":"https:\/\/www.facecorner.lv\/#\/schema\/logo\/image\/"},"sameAs":["https:\/\/www.facebook.com\/profile.php?id=100063824551839","https:\/\/www.instagram.com\/facecorner_shop\/"]}]},"product_price_amount":"26.90","product_price_currency":"EUR","og_availability":"out of stock","product_availability":"out of stock","product_condition":"new"},"_links":{"self":[{"href":"https:\/\/www.facecorner.lv\/en\/wp-json\/wp\/v2\/product\/13060","targetHints":{"allow":["GET"]}}],"collection":[{"href":"https:\/\/www.facecorner.lv\/en\/wp-json\/wp\/v2\/product"}],"about":[{"href":"https:\/\/www.facecorner.lv\/en\/wp-json\/wp\/v2\/types\/product"}],"replies":[{"embeddable":true,"href":"https:\/\/www.facecorner.lv\/en\/wp-json\/wp\/v2\/comments?post=13060"}],"wp:featuredmedia":[{"embeddable":true,"href":"https:\/\/www.facecorner.lv\/en\/wp-json\/wp\/v2\/media\/13061"}],"wp:attachment":[{"href":"https:\/\/www.facecorner.lv\/en\/wp-json\/wp\/v2\/media?parent=13060"}],"wp:term":[{"taxonomy":"product_brand","embeddable":true,"href":"https:\/\/www.facecorner.lv\/en\/wp-json\/wp\/v2\/product_brand?post=13060"},{"taxonomy":"product_cat","embeddable":true,"href":"https:\/\/www.facecorner.lv\/en\/wp-json\/wp\/v2\/product_cat?post=13060"},{"taxonomy":"product_tag","embeddable":true,"href":"https:\/\/www.facecorner.lv\/en\/wp-json\/wp\/v2\/product_tag?post=13060"},{"taxonomy":"berocket_brand","embeddable":true,"href":"https:\/\/www.facecorner.lv\/en\/wp-json\/wp\/v2\/berocket_brand?post=13060"}],"curies":[{"name":"wp","href":"https:\/\/api.w.org\/{rel}","templated":true}]}}