{"id":13049,"date":"2023-11-23T22:29:25","date_gmt":"2023-11-23T20:29:25","guid":{"rendered":"https:\/\/www.facecorner.lv\/?post_type=product&#038;p=13049"},"modified":"2024-01-08T20:35:34","modified_gmt":"2024-01-08T18:35:34","slug":"medi-peel-peptide-9-volume-white-cica-essence-100ml","status":"publish","type":"product","link":"https:\/\/www.facecorner.lv\/en\/shop\/medi-peel-peptide-9-volume-white-cica-essence-100ml\/","title":{"rendered":"Medi-Peel Peptide 9 Volume White Cica Essence 100ml"},"content":{"rendered":"<p>Gai\u0161ojo\u0161a sk\u0101bek\u013ca esence ar centella Medi-Peel Peptide 9 Volume White Cica Essence nomierina sakairin\u0101tu \u0101du, mazina niezi un iekaisumus, k\u0101 ar\u012b izl\u012bdzina kop\u0113jo sejas kr\u0101su.<\/p>\n<p>Esence dzi\u013ci iek\u013c\u016bst epidermas \u0161\u016bn\u0101s un pa\u0101trina re\u0123ener\u0101cijas procesus. Maigi atvieglo pigment\u0101ciju un p\u0113cp\u016bt\u012btes, nov\u0113r\u0161 niezi un kairin\u0101jumu.<\/p>\n<p>Produkts pie\u0161\u0137ir vesel\u012bgu mirdzumu un tonusu, iedarbojas stiprino\u0161i, paaugstina audu tvirtumu un elast\u012bbu. Pal\u012bdz samazin\u0101t grumbu dzi\u013cumu un savelk.<\/p>\n<p>Uzkl\u0101jot uz \u0101das, esence veido putas, kuru sk\u0101bek\u013ca burbu\u013ci sp\u0113j iek\u013c\u016bt p\u0113c iesp\u0113jas dzi\u013c\u0101k, veicinot akt\u012bvo vielu transport\u0113\u0161anu epidermas dzi\u013cajos sl\u0101\u0146os. Palielina absorbcijas sp\u0113ju un visaptvero\u0161i ietekm\u0113 \u0101das st\u0101vokli.<\/p>\n<p><strong>Main active ingredients:<\/strong><\/p>\n<ul>\n<li>9 veidu pept\u012bdu komplekss samazina eso\u0161\u0101s grumbas un nov\u0113r\u0161 jaunu par\u0101d\u012b\u0161anos, savelk \u0101du un sejas kont\u016bras, intens\u012bvi mitrina un stiprina \u0101das iztur\u012bbu pret neskait\u0101miem noveco\u0161an\u0101s faktoriem.<\/li>\n<li>Cica komplekss (centella asiatica ekstrakts, madecassoside, madekas\u012bnsk\u0101be, asiaticoside, asiatic sk\u0101be) &#8211; piem\u012bt pretiekaisuma un br\u016b\u010du dziedino\u0161s efekts, pal\u012bdz atjaunot \u0101das barjeras \u012bpa\u0161\u012bbas un saglab\u0101t mitrumu, samazina \u0101das jut\u012bgumu, mazina t\u016bsku, ir asinsvadus stiprino\u0161a iedarb\u012bba un samazina rosaceju.<\/li>\n<li><span style=\"color: var(--g5-color-text-main); font-family: var(--g5-body-font); font-size: var(--g5-body-font-size); font-style: var(--g5-body-font-style); letter-spacing: var(--g5-body-letter-spacing); text-transform: var(--g5-body-text-transform);\">Niacinam\u012bds pal\u012bdz stimul\u0113t kolag\u0113na sint\u0113zi un uzlabot \u0101das aizsargfunkcijas, pal\u012bdz samazin\u0101t transepiderm\u0101lo mitruma zudumu un pigment\u0101ciju, m\u012bkstina, palielina \u0101das elast\u012bbu, mitrina un savelk poras.<\/span><\/li>\n<\/ul>\n<p><strong>Ieteicams jut\u012bgai un uz pigment\u0101ciju pak\u013cautai \u0101dai.<\/strong><\/p>\n<p><strong>How to use:<\/strong> uzkl\u0101jiet nepiecie\u0161amo esences daudzumu pa \u0101du un pagaidiet, l\u012bdz par\u0101d\u0101s burbu\u013ci. Kad produkts s\u0101cis putot, veiciet vieglas glaud\u012b\u0161anas kust\u012bbas, lai pal\u012bdz\u0113tu esencei ies\u016bkties.<\/p>\n<p><strong>Ingredientes:\u00a0<\/strong>Water, Glycerin, Methylpropanediol, Methyl Perfluoroi sobutyl Ether, Hydrogenated Polyisobutene, Butylene Glycol Dicaprylate \/ Dicaprate, Caprylic \/ Capric Triglycenide, Methyl Perfluorobutyl Ether, Niacinamide, Cyclopenta siloxane, Cetearyl Alcohol, Cyclohexasiloxane Elaeis Gui neensis (Palm) Oil, Sodium Myristoyl Glutamate, Arginine, Glyceryl Stearate, PEG-100 Stearate, Decyl Glucoside, Betaine, Hydrogenated Lecithin, Hydroxyethyl Urea, Elaeis Guineensis (Palm) Kemel Ol, Dimethicone, Decylene Glycol Ammonium Aayloyldimethytaurate \/ VP Copolymer, Mynistic Acid, Hexylene Glycol, Carbomer, Propanediol, Eucalyptus Globulus Leaf Extract, Juniperus Communis Fruit Extract, Butylene Glycol, Dimethicone \/ Vinyl Dimethicone Cross polymer, Glyceryl Acrylate \/ Acrylic Acid Copolymer, Sodium Hyaluronate Crosspolymer, Urea Allantoin, Ammonium Lactate, Adenosine, Sodium Hyaluronate, Hydrolyzed Gycosaminoglycans, Laureth-23, Propylene Glycol Disodium EDTA, Buteth-3, Centella Asiatica Extract, Centella Aatica Leaf Extract, Anthemis Nobilis Flower Water, Argania Sa Kernel Oil Camellia Sinensis Leaf Extract, Magnol on dinalis Bark Extract, Fructan, Taravacum Offiainale (Dandelion) Rhizome \/ Root Extract, Sodium Benzotriazolyl Butylphenol Sulfonate, Benzyl Glycol, Alcohol, Decyl Alcohol, Tris (Tetra methylhydroxypiperidinol) Citrate, Hydrolyzed Hyaluronic Acid, Glucose, Desamido Collagen, Hydrolyzed Collagen Tranexamic Acid, Tributyl Citrate, Trideceth-6, Sodium Polyacrylate, Pentylene Glycol, Hydrogenated Polydecene, Glyceryl Polymethacrylate, Anemarrhena Asphodeloides Root Extract, Chamaecypanis Obtusa Leaf Extract, Asiatico Side, Origanum Vulgare Leaf Extract, Salix Alba (Willow) Bark Extract, Hyaluronic Add, Lactobacillus \/ Soybean Ferment Extract, Cinnamomum Cassia Bark Extract Scutellania calensis Root Extract Portulaca Oleracea Extract, Sorbitan Laurate, Polysorbate 20, Raspberry Ketone, Polysorbate 80 Chondrus Crispus Extract, Hydroxyethyicellulose, Acetyl Dipeptide-1 Cetyl Ester, Astaxuanthin, Hydrolyzed Elastin, Palmitoyl Tripeptide-5, Madecassoside. Madecassic Acid. Acetyl Hexapeptide-8, Copper Tripeptide-1, Asiatic Acid. Oligopepeide-29Oligopeptide-32. Palmitoyl Tetrapeptide-7 Palmitoyl Tripeptide-1, Palmitoyl Oligopeptide, Palmitoyl Pentapephde-4, 1,2 -Hexandiol,\u00a0Ethylglycerin Totarol, Capryyl Glycol, Fragrance, CI 42090, cI 15985, CI 19140<\/p>","protected":false},"excerpt":{"rendered":"<p>Gai\u0161ojo\u0161a sk\u0101bek\u013ca esence ar centella Medi-Peel Peptide 9 Volume White Cica Essence nomierina sakairin\u0101tu \u0101du, mazina niezi un iekaisumus, k\u0101 ar\u012b izl\u012bdzina kop\u0113jo sejas kr\u0101su. Esence dzi\u013ci iek\u013c\u016bst epidermas \u0161\u016bn\u0101s un pa\u0101trina re\u0123ener\u0101cijas procesus. Maigi atvieglo pigment\u0101ciju un p\u0113cp\u016bt\u012btes, nov\u0113r\u0161 niezi un kairin\u0101jumu. Produkts pie\u0161\u0137ir vesel\u012bgu mirdzumu un tonusu, iedarbojas stiprino\u0161i, paaugstina audu tvirtumu un [&hellip;]<\/p>\n","protected":false},"featured_media":13050,"comment_status":"open","ping_status":"closed","template":"","meta":{"site-sidebar-layout":"default","site-content-layout":"","ast-site-content-layout":"","site-content-style":"default","site-sidebar-style":"default","ast-global-header-display":"","ast-banner-title-visibility":"","ast-main-header-display":"","ast-hfb-above-header-display":"","ast-hfb-below-header-display":"","ast-hfb-mobile-header-display":"","site-post-title":"","ast-breadcrumbs-content":"","ast-featured-img":"","footer-sml-layout":"","theme-transparent-header-meta":"","adv-header-id-meta":"","stick-header-meta":"","header-above-stick-meta":"","header-main-stick-meta":"","header-below-stick-meta":"","astra-migrate-meta-layouts":"default","ast-page-background-enabled":"default","ast-page-background-meta":{"desktop":{"background-color":"var(--ast-global-color-4)","background-image":"","background-repeat":"repeat","background-position":"center center","background-size":"auto","background-attachment":"scroll","background-type":"","background-media":"","overlay-type":"","overlay-color":"","overlay-opacity":"","overlay-gradient":""},"tablet":{"background-color":"","background-image":"","background-repeat":"repeat","background-position":"center center","background-size":"auto","background-attachment":"scroll","background-type":"","background-media":"","overlay-type":"","overlay-color":"","overlay-opacity":"","overlay-gradient":""},"mobile":{"background-color":"","background-image":"","background-repeat":"repeat","background-position":"center center","background-size":"auto","background-attachment":"scroll","background-type":"","background-media":"","overlay-type":"","overlay-color":"","overlay-opacity":"","overlay-gradient":""}},"ast-content-background-meta":{"desktop":{"background-color":"var(--ast-global-color-5)","background-image":"","background-repeat":"repeat","background-position":"center center","background-size":"auto","background-attachment":"scroll","background-type":"","background-media":"","overlay-type":"","overlay-color":"","overlay-opacity":"","overlay-gradient":""},"tablet":{"background-color":"var(--ast-global-color-5)","background-image":"","background-repeat":"repeat","background-position":"center center","background-size":"auto","background-attachment":"scroll","background-type":"","background-media":"","overlay-type":"","overlay-color":"","overlay-opacity":"","overlay-gradient":""},"mobile":{"background-color":"var(--ast-global-color-5)","background-image":"","background-repeat":"repeat","background-position":"center center","background-size":"auto","background-attachment":"scroll","background-type":"","background-media":"","overlay-type":"","overlay-color":"","overlay-opacity":"","overlay-gradient":""}}},"product_brand":[],"product_cat":[370,371,372,373,374,307,363],"product_tag":[],"berocket_brand":[],"class_list":{"0":"post-13049","1":"product","2":"type-product","3":"status-publish","4":"has-post-thumbnail","6":"product_cat-adas-mirdzumam","7":"product_cat-anti-age","8":"product_cat-jutigai-adai-serumi","9":"product_cat-poras-sasaurinoss","10":"product_cat-pret-pinnem","11":"product_cat-sejai","12":"product_cat-serumi","13":"desktop-align-left","14":"tablet-align-left","15":"mobile-align-left","17":"first","18":"outofstock","19":"taxable","20":"shipping-taxable","21":"purchasable","22":"product-type-simple","23":"add-to-wishlist-before_image"},"yoast_head":"<!-- This site is optimized with the Yoast SEO plugin v27.3 - https:\/\/yoast.com\/product\/yoast-seo-wordpress\/ -->\n<title>Medi-Peel Peptide 9 Volume White Cica Essence 100ml - FACECORNER<\/title>\n<meta name=\"robots\" content=\"index, follow, max-snippet:-1, max-image-preview:large, max-video-preview:-1\" \/>\n<link rel=\"canonical\" href=\"https:\/\/www.facecorner.lv\/en\/shop\/medi-peel-peptide-9-volume-white-cica-essence-100ml\/\" \/>\n<meta property=\"og:locale\" content=\"en_US\" \/>\n<meta property=\"og:type\" content=\"article\" \/>\n<meta property=\"og:title\" content=\"Medi-Peel Peptide 9 Volume White Cica Essence 100ml - FACECORNER\" \/>\n<meta property=\"og:description\" content=\"Gai\u0161ojo\u0161a sk\u0101bek\u013ca esence ar centella Medi-Peel Peptide 9 Volume White Cica Essence nomierina sakairin\u0101tu \u0101du, mazina niezi un iekaisumus, k\u0101 ar\u012b izl\u012bdzina kop\u0113jo sejas kr\u0101su. Esence dzi\u013ci iek\u013c\u016bst epidermas \u0161\u016bn\u0101s un pa\u0101trina re\u0123ener\u0101cijas procesus. Maigi atvieglo pigment\u0101ciju un p\u0113cp\u016bt\u012btes, nov\u0113r\u0161 niezi un kairin\u0101jumu. Produkts pie\u0161\u0137ir vesel\u012bgu mirdzumu un tonusu, iedarbojas stiprino\u0161i, paaugstina audu tvirtumu un [&hellip;]\" \/>\n<meta property=\"og:url\" content=\"https:\/\/www.facecorner.lv\/en\/shop\/medi-peel-peptide-9-volume-white-cica-essence-100ml\/\" \/>\n<meta property=\"og:site_name\" content=\"FACECORNER\" \/>\n<meta property=\"article:publisher\" content=\"https:\/\/www.facebook.com\/profile.php?id=100063824551839\" \/>\n<meta property=\"article:modified_time\" content=\"2024-01-08T18:35:34+00:00\" \/>\n<meta property=\"og:image\" content=\"https:\/\/www.facecorner.lv\/wp-content\/uploads\/2023\/11\/essenciya-medi-peel-peptide-9-volume-white-cica-es.jpg\" \/>\n\t<meta property=\"og:image:width\" content=\"800\" \/>\n\t<meta property=\"og:image:height\" content=\"800\" \/>\n\t<meta property=\"og:image:type\" content=\"image\/jpeg\" \/>\n<meta name=\"twitter:card\" content=\"summary_large_image\" \/>\n<meta name=\"twitter:label1\" content=\"Price\" \/>\n\t<meta name=\"twitter:data1\" content=\"&euro;42.90\" \/>\n\t<meta name=\"twitter:label2\" content=\"Availability\" \/>\n\t<meta name=\"twitter:data2\" content=\"Out of stock\" \/>\n<script type=\"application\/ld+json\" class=\"yoast-schema-graph\">{\"@context\":\"https:\\\/\\\/schema.org\",\"@graph\":[{\"@type\":\"WebPage\",\"@id\":\"https:\\\/\\\/www.facecorner.lv\\\/shop\\\/medi-peel-peptide-9-volume-white-cica-essence-100ml\\\/\",\"url\":\"https:\\\/\\\/www.facecorner.lv\\\/shop\\\/medi-peel-peptide-9-volume-white-cica-essence-100ml\\\/\",\"name\":\"Medi-Peel Peptide 9 Volume White Cica Essence 100ml - FACECORNER\",\"isPartOf\":{\"@id\":\"https:\\\/\\\/www.facecorner.lv\\\/#website\"},\"primaryImageOfPage\":{\"@id\":\"https:\\\/\\\/www.facecorner.lv\\\/shop\\\/medi-peel-peptide-9-volume-white-cica-essence-100ml\\\/#primaryimage\"},\"image\":{\"@id\":\"https:\\\/\\\/www.facecorner.lv\\\/shop\\\/medi-peel-peptide-9-volume-white-cica-essence-100ml\\\/#primaryimage\"},\"thumbnailUrl\":\"https:\\\/\\\/www.facecorner.lv\\\/wp-content\\\/uploads\\\/2023\\\/11\\\/essenciya-medi-peel-peptide-9-volume-white-cica-es.jpg\",\"datePublished\":\"2023-11-23T20:29:25+00:00\",\"dateModified\":\"2024-01-08T18:35:34+00:00\",\"breadcrumb\":{\"@id\":\"https:\\\/\\\/www.facecorner.lv\\\/shop\\\/medi-peel-peptide-9-volume-white-cica-essence-100ml\\\/#breadcrumb\"},\"inLanguage\":\"en-US\",\"potentialAction\":[{\"@type\":\"ReadAction\",\"target\":[\"https:\\\/\\\/www.facecorner.lv\\\/shop\\\/medi-peel-peptide-9-volume-white-cica-essence-100ml\\\/\"]}]},{\"@type\":\"ImageObject\",\"inLanguage\":\"en-US\",\"@id\":\"https:\\\/\\\/www.facecorner.lv\\\/shop\\\/medi-peel-peptide-9-volume-white-cica-essence-100ml\\\/#primaryimage\",\"url\":\"https:\\\/\\\/www.facecorner.lv\\\/wp-content\\\/uploads\\\/2023\\\/11\\\/essenciya-medi-peel-peptide-9-volume-white-cica-es.jpg\",\"contentUrl\":\"https:\\\/\\\/www.facecorner.lv\\\/wp-content\\\/uploads\\\/2023\\\/11\\\/essenciya-medi-peel-peptide-9-volume-white-cica-es.jpg\",\"width\":800,\"height\":800},{\"@type\":\"BreadcrumbList\",\"@id\":\"https:\\\/\\\/www.facecorner.lv\\\/shop\\\/medi-peel-peptide-9-volume-white-cica-essence-100ml\\\/#breadcrumb\",\"itemListElement\":[{\"@type\":\"ListItem\",\"position\":1,\"name\":\"Home\",\"item\":\"https:\\\/\\\/www.facecorner.lv\\\/\"},{\"@type\":\"ListItem\",\"position\":2,\"name\":\"Veikals\",\"item\":\"https:\\\/\\\/www.facecorner.lv\\\/shop\\\/\"},{\"@type\":\"ListItem\",\"position\":3,\"name\":\"Medi-Peel Peptide 9 Volume White Cica Essence 100ml\"}]},{\"@type\":\"WebSite\",\"@id\":\"https:\\\/\\\/www.facecorner.lv\\\/#website\",\"url\":\"https:\\\/\\\/www.facecorner.lv\\\/\",\"name\":\"Facecorner\",\"description\":\"\",\"publisher\":{\"@id\":\"https:\\\/\\\/www.facecorner.lv\\\/#organization\"},\"potentialAction\":[{\"@type\":\"SearchAction\",\"target\":{\"@type\":\"EntryPoint\",\"urlTemplate\":\"https:\\\/\\\/www.facecorner.lv\\\/?s={search_term_string}\"},\"query-input\":{\"@type\":\"PropertyValueSpecification\",\"valueRequired\":true,\"valueName\":\"search_term_string\"}}],\"inLanguage\":\"en-US\"},{\"@type\":\"Organization\",\"@id\":\"https:\\\/\\\/www.facecorner.lv\\\/#organization\",\"name\":\"Facecorner\",\"url\":\"https:\\\/\\\/www.facecorner.lv\\\/\",\"logo\":{\"@type\":\"ImageObject\",\"inLanguage\":\"en-US\",\"@id\":\"https:\\\/\\\/www.facecorner.lv\\\/#\\\/schema\\\/logo\\\/image\\\/\",\"url\":\"https:\\\/\\\/www.facecorner.lv\\\/wp-content\\\/uploads\\\/2024\\\/04\\\/fc-logo.jpg\",\"contentUrl\":\"https:\\\/\\\/www.facecorner.lv\\\/wp-content\\\/uploads\\\/2024\\\/04\\\/fc-logo.jpg\",\"width\":174,\"height\":28,\"caption\":\"Facecorner\"},\"image\":{\"@id\":\"https:\\\/\\\/www.facecorner.lv\\\/#\\\/schema\\\/logo\\\/image\\\/\"},\"sameAs\":[\"https:\\\/\\\/www.facebook.com\\\/profile.php?id=100063824551839\",\"https:\\\/\\\/www.instagram.com\\\/facecorner_shop\\\/\"]}]}<\/script>\n<meta property=\"product:price:amount\" content=\"42.90\" \/>\n<meta property=\"product:price:currency\" content=\"EUR\" \/>\n<meta property=\"og:availability\" content=\"out of stock\" \/>\n<meta property=\"product:availability\" content=\"out of stock\" \/>\n<meta property=\"product:condition\" content=\"new\" \/>\n<!-- \/ Yoast SEO plugin. -->","yoast_head_json":{"title":"Medi-Peel Peptide 9 Volume White Cica Essence 100ml - FACECORNER","robots":{"index":"index","follow":"follow","max-snippet":"max-snippet:-1","max-image-preview":"max-image-preview:large","max-video-preview":"max-video-preview:-1"},"canonical":"https:\/\/www.facecorner.lv\/en\/shop\/medi-peel-peptide-9-volume-white-cica-essence-100ml\/","og_locale":"en_US","og_type":"article","og_title":"Medi-Peel Peptide 9 Volume White Cica Essence 100ml - FACECORNER","og_description":"Gai\u0161ojo\u0161a sk\u0101bek\u013ca esence ar centella Medi-Peel Peptide 9 Volume White Cica Essence nomierina sakairin\u0101tu \u0101du, mazina niezi un iekaisumus, k\u0101 ar\u012b izl\u012bdzina kop\u0113jo sejas kr\u0101su. Esence dzi\u013ci iek\u013c\u016bst epidermas \u0161\u016bn\u0101s un pa\u0101trina re\u0123ener\u0101cijas procesus. Maigi atvieglo pigment\u0101ciju un p\u0113cp\u016bt\u012btes, nov\u0113r\u0161 niezi un kairin\u0101jumu. Produkts pie\u0161\u0137ir vesel\u012bgu mirdzumu un tonusu, iedarbojas stiprino\u0161i, paaugstina audu tvirtumu un [&hellip;]","og_url":"https:\/\/www.facecorner.lv\/en\/shop\/medi-peel-peptide-9-volume-white-cica-essence-100ml\/","og_site_name":"FACECORNER","article_publisher":"https:\/\/www.facebook.com\/profile.php?id=100063824551839","article_modified_time":"2024-01-08T18:35:34+00:00","og_image":[{"width":800,"height":800,"url":"https:\/\/www.facecorner.lv\/wp-content\/uploads\/2023\/11\/essenciya-medi-peel-peptide-9-volume-white-cica-es.jpg","type":"image\/jpeg"}],"twitter_card":"summary_large_image","twitter_misc":{"Price":"&euro;42.90","Availability":"Out of stock"},"schema":{"@context":"https:\/\/schema.org","@graph":[{"@type":"WebPage","@id":"https:\/\/www.facecorner.lv\/shop\/medi-peel-peptide-9-volume-white-cica-essence-100ml\/","url":"https:\/\/www.facecorner.lv\/shop\/medi-peel-peptide-9-volume-white-cica-essence-100ml\/","name":"Medi-Peel Peptide 9 Volume White Cica Essence 100ml - FACECORNER","isPartOf":{"@id":"https:\/\/www.facecorner.lv\/#website"},"primaryImageOfPage":{"@id":"https:\/\/www.facecorner.lv\/shop\/medi-peel-peptide-9-volume-white-cica-essence-100ml\/#primaryimage"},"image":{"@id":"https:\/\/www.facecorner.lv\/shop\/medi-peel-peptide-9-volume-white-cica-essence-100ml\/#primaryimage"},"thumbnailUrl":"https:\/\/www.facecorner.lv\/wp-content\/uploads\/2023\/11\/essenciya-medi-peel-peptide-9-volume-white-cica-es.jpg","datePublished":"2023-11-23T20:29:25+00:00","dateModified":"2024-01-08T18:35:34+00:00","breadcrumb":{"@id":"https:\/\/www.facecorner.lv\/shop\/medi-peel-peptide-9-volume-white-cica-essence-100ml\/#breadcrumb"},"inLanguage":"en-US","potentialAction":[{"@type":"ReadAction","target":["https:\/\/www.facecorner.lv\/shop\/medi-peel-peptide-9-volume-white-cica-essence-100ml\/"]}]},{"@type":"ImageObject","inLanguage":"en-US","@id":"https:\/\/www.facecorner.lv\/shop\/medi-peel-peptide-9-volume-white-cica-essence-100ml\/#primaryimage","url":"https:\/\/www.facecorner.lv\/wp-content\/uploads\/2023\/11\/essenciya-medi-peel-peptide-9-volume-white-cica-es.jpg","contentUrl":"https:\/\/www.facecorner.lv\/wp-content\/uploads\/2023\/11\/essenciya-medi-peel-peptide-9-volume-white-cica-es.jpg","width":800,"height":800},{"@type":"BreadcrumbList","@id":"https:\/\/www.facecorner.lv\/shop\/medi-peel-peptide-9-volume-white-cica-essence-100ml\/#breadcrumb","itemListElement":[{"@type":"ListItem","position":1,"name":"Home","item":"https:\/\/www.facecorner.lv\/"},{"@type":"ListItem","position":2,"name":"Veikals","item":"https:\/\/www.facecorner.lv\/shop\/"},{"@type":"ListItem","position":3,"name":"Medi-Peel Peptide 9 Volume White Cica Essence 100ml"}]},{"@type":"WebSite","@id":"https:\/\/www.facecorner.lv\/#website","url":"https:\/\/www.facecorner.lv\/","name":"Facecorner","description":"","publisher":{"@id":"https:\/\/www.facecorner.lv\/#organization"},"potentialAction":[{"@type":"SearchAction","target":{"@type":"EntryPoint","urlTemplate":"https:\/\/www.facecorner.lv\/?s={search_term_string}"},"query-input":{"@type":"PropertyValueSpecification","valueRequired":true,"valueName":"search_term_string"}}],"inLanguage":"en-US"},{"@type":"Organization","@id":"https:\/\/www.facecorner.lv\/#organization","name":"Facecorner","url":"https:\/\/www.facecorner.lv\/","logo":{"@type":"ImageObject","inLanguage":"en-US","@id":"https:\/\/www.facecorner.lv\/#\/schema\/logo\/image\/","url":"https:\/\/www.facecorner.lv\/wp-content\/uploads\/2024\/04\/fc-logo.jpg","contentUrl":"https:\/\/www.facecorner.lv\/wp-content\/uploads\/2024\/04\/fc-logo.jpg","width":174,"height":28,"caption":"Facecorner"},"image":{"@id":"https:\/\/www.facecorner.lv\/#\/schema\/logo\/image\/"},"sameAs":["https:\/\/www.facebook.com\/profile.php?id=100063824551839","https:\/\/www.instagram.com\/facecorner_shop\/"]}]},"product_price_amount":"42.90","product_price_currency":"EUR","og_availability":"out of stock","product_availability":"out of stock","product_condition":"new"},"_links":{"self":[{"href":"https:\/\/www.facecorner.lv\/en\/wp-json\/wp\/v2\/product\/13049","targetHints":{"allow":["GET"]}}],"collection":[{"href":"https:\/\/www.facecorner.lv\/en\/wp-json\/wp\/v2\/product"}],"about":[{"href":"https:\/\/www.facecorner.lv\/en\/wp-json\/wp\/v2\/types\/product"}],"replies":[{"embeddable":true,"href":"https:\/\/www.facecorner.lv\/en\/wp-json\/wp\/v2\/comments?post=13049"}],"wp:featuredmedia":[{"embeddable":true,"href":"https:\/\/www.facecorner.lv\/en\/wp-json\/wp\/v2\/media\/13050"}],"wp:attachment":[{"href":"https:\/\/www.facecorner.lv\/en\/wp-json\/wp\/v2\/media?parent=13049"}],"wp:term":[{"taxonomy":"product_brand","embeddable":true,"href":"https:\/\/www.facecorner.lv\/en\/wp-json\/wp\/v2\/product_brand?post=13049"},{"taxonomy":"product_cat","embeddable":true,"href":"https:\/\/www.facecorner.lv\/en\/wp-json\/wp\/v2\/product_cat?post=13049"},{"taxonomy":"product_tag","embeddable":true,"href":"https:\/\/www.facecorner.lv\/en\/wp-json\/wp\/v2\/product_tag?post=13049"},{"taxonomy":"berocket_brand","embeddable":true,"href":"https:\/\/www.facecorner.lv\/en\/wp-json\/wp\/v2\/berocket_brand?post=13049"}],"curies":[{"name":"wp","href":"https:\/\/api.w.org\/{rel}","templated":true}]}}