{"id":12984,"date":"2023-11-17T14:05:48","date_gmt":"2023-11-17T12:05:48","guid":{"rendered":"https:\/\/www.facecorner.lv\/?post_type=product&#038;p=12984"},"modified":"2025-11-19T16:01:17","modified_gmt":"2025-11-19T13:01:17","slug":"medi-peel-cell-toxing-dermajours-cream-50ml","status":"publish","type":"product","link":"https:\/\/www.facecorner.lv\/en\/shop\/medi-peel-cell-toxing-dermajours-cream-50ml\/","title":{"rendered":"Medi-Peel Cell Toxing Dermajours Cream 50ml"},"content":{"rendered":"<p>Pretnoveco\u0161anas kr\u0113ms ar cilmes \u0161\u016bn\u0101m Medi-Peel Cell Toxing Dermajours Cream efekt\u012bvi atjauno \u0101das turgoru, paaugstinot audu tvirtumu un elast\u012bbu, nostiprinot un pievelkot sejas ov\u0101lu. Kr\u0113mam piem\u012bt liftinga efekts, akt\u012bvi c\u012bn\u0101s ar \u0101das noveco\u0161an\u0101s paz\u012bm\u0113m, izl\u012bdzina un samazina grumbu dzi\u013cumu, k\u0101 ar\u012b uztur epidermas vesel\u012bbu. Produkts uzlabo \u0101das imunit\u0101ti, pies\u0101tina ar ener\u0123iju, atjauno tonusu un vesel\u012bgu mirdzumu.<\/p>\n<p>Kr\u0113ms akt\u012bvi c\u012bn\u0101s ar \u0101das noveco\u0161anos: samazina \u0101das krunci\u0146u dzi\u013cumu, pal\u012bdz izl\u012bdzin\u0101t s\u012bk\u0101s m\u012bmikas krunci\u0146as un samazina dzi\u013c\u0101k\u0101s, palielina elast\u012bbu un pal\u0113nina noveco\u0161an\u0101s procesus, saglab\u0101jot jaun\u012bbu un vesel\u012bbu. Intens\u012bvi mitrina un uztur optim\u0101lu mitruma l\u012bmeni epidermas \u0161\u016bn\u0101s, maigi izgaismo kop\u0113jo \u0101das toni, samazina nev\u0113lam\u0101s pigment\u0101cijas un vecuma plankumu smagumu.<\/p>\n<p>Sast\u0101v\u0101 eso\u0161\u0101s liposomas nog\u0101d\u0101 akt\u012bv\u0101s sast\u0101vda\u013cas dzi\u013ci epiderm\u0101, kas \u013cauj t\u0101m darboties \u0101tr\u0101k un efekt\u012bv\u0101k.<\/p>\n<p><strong>How to use:<\/strong> Uzkl\u0101jiet nepiecie\u0161amo kr\u0113ma daudzumu k\u0101 p\u0113d\u0113jo kop\u0161anas posmu.Izteiktam efektam produktus ar EGF ieteicams lietot kursu (2-3 m\u0113ne\u0161i), p\u0113c tam ietur\u0113t p\u0101rtraukumu (1-2 m\u0113ne\u0161i). Produktus ar aug\u0161anas faktoriem nav ieteicams lietot pacientiem ar v\u0113zi vai ar augstu v\u0113\u017ea risku.<\/p>\n<p><strong>Ingredientes:\u00a0<\/strong>Water, Glycerin, Caprylic\/Capric Triglyceride, 1,2-Hexanediol, Cetyl Ethylhexanoate, Hydrogenated Polydecene, Methylpropanediol, Niacinamide, Cyclopentasiloxane, Butylene Glycol, Cetearyl Alcohol, Butyrospermum Parkii (Shea Butter), Cyclohexasiloxane, PEG-40 Hydrogenated Castor Oil, Sorbitan Stearate, Glyceryl Stearate SE, Dimethicone, Beeswax, Glyceryl Stearate, PEG-100 Stearate, Lilium Candidum Callus Culture Extract(10,000ppm), Polyacrylate-13, Trehalose, Tromethamine, Carbomer, Polyisobutene, Prunus Persica (Peach) Fruit Extract, Crataegus Cuneata Fruit Extract, Pyrus Communis (Pear) Fruit Extract, Adenosine, Hedera Helix (Ivy) Extract, Musa Sapientum (Banana) Fruit Extract, Vanilla Planifolia Fruit Extract, Malt Extract, Polysorbate 20, Magnolia Officinalis Bark Extract, Rosa Damascena Callus Culture Extract(30ppm), Glycine Soja (Soybean) Oil, Sodium Hyaluronate, Phosphatidylcholine, Fructan, Caprylyl Glycol, Hydrogenated Lecithin, Palmitoyl Tripeptide-5, Sodium Phosphate, Disodium EDTA, Sodium Ascorbyl Phosphate, PPG-26-Buteth-26, Ethylhexylglycerin, Lecithin, Acetyl Octapeptide-3, Palmitoyl Tetrapeptide-7, Palmitoyl Pentapeptide-4, Palmitoyl Tripeptide-1, Tripeptide-1, Acetyl Hexapeptide-8, Dipeptide Diaminobutyroyl Benzylamide Diacetate, Copper Tripeptide-1, Hexapeptide-9, rh-Oligopeptide-2, rh-Polypeptide-1, rh-Polypeptide-3, rh-Oligopeptide-1, Nonapeptide-1,\u00a0Palmitoyltetrapeptide-7, Palmitoyltripeptide-1, Fragrance, Butylphenylmethylpropional, Linalool, Hydroxycitronellal, Limonene<\/p>","protected":false},"excerpt":{"rendered":"<p>Pretnoveco\u0161anas kr\u0113ms ar cilmes \u0161\u016bn\u0101m Medi-Peel Cell Toxing Dermajours Cream efekt\u012bvi atjauno \u0101das turgoru, paaugstinot audu tvirtumu un elast\u012bbu, nostiprinot un pievelkot sejas ov\u0101lu. Kr\u0113mam piem\u012bt liftinga efekts, akt\u012bvi c\u012bn\u0101s ar \u0101das noveco\u0161an\u0101s paz\u012bm\u0113m, izl\u012bdzina un samazina grumbu dzi\u013cumu, k\u0101 ar\u012b uztur epidermas vesel\u012bbu. Produkts uzlabo \u0101das imunit\u0101ti, pies\u0101tina ar ener\u0123iju, atjauno tonusu un vesel\u012bgu [&hellip;]<\/p>\n","protected":false},"featured_media":12985,"comment_status":"open","ping_status":"closed","template":"","meta":{"site-sidebar-layout":"default","site-content-layout":"","ast-site-content-layout":"","site-content-style":"default","site-sidebar-style":"default","ast-global-header-display":"","ast-banner-title-visibility":"","ast-main-header-display":"","ast-hfb-above-header-display":"","ast-hfb-below-header-display":"","ast-hfb-mobile-header-display":"","site-post-title":"","ast-breadcrumbs-content":"","ast-featured-img":"","footer-sml-layout":"","theme-transparent-header-meta":"","adv-header-id-meta":"","stick-header-meta":"","header-above-stick-meta":"","header-main-stick-meta":"","header-below-stick-meta":"","astra-migrate-meta-layouts":"default","ast-page-background-enabled":"default","ast-page-background-meta":{"desktop":{"background-color":"var(--ast-global-color-4)","background-image":"","background-repeat":"repeat","background-position":"center center","background-size":"auto","background-attachment":"scroll","background-type":"","background-media":"","overlay-type":"","overlay-color":"","overlay-opacity":"","overlay-gradient":""},"tablet":{"background-color":"","background-image":"","background-repeat":"repeat","background-position":"center center","background-size":"auto","background-attachment":"scroll","background-type":"","background-media":"","overlay-type":"","overlay-color":"","overlay-opacity":"","overlay-gradient":""},"mobile":{"background-color":"","background-image":"","background-repeat":"repeat","background-position":"center center","background-size":"auto","background-attachment":"scroll","background-type":"","background-media":"","overlay-type":"","overlay-color":"","overlay-opacity":"","overlay-gradient":""}},"ast-content-background-meta":{"desktop":{"background-color":"var(--ast-global-color-5)","background-image":"","background-repeat":"repeat","background-position":"center center","background-size":"auto","background-attachment":"scroll","background-type":"","background-media":"","overlay-type":"","overlay-color":"","overlay-opacity":"","overlay-gradient":""},"tablet":{"background-color":"var(--ast-global-color-5)","background-image":"","background-repeat":"repeat","background-position":"center center","background-size":"auto","background-attachment":"scroll","background-type":"","background-media":"","overlay-type":"","overlay-color":"","overlay-opacity":"","overlay-gradient":""},"mobile":{"background-color":"var(--ast-global-color-5)","background-image":"","background-repeat":"repeat","background-position":"center center","background-size":"auto","background-attachment":"scroll","background-type":"","background-media":"","overlay-type":"","overlay-color":"","overlay-opacity":"","overlay-gradient":""}}},"product_brand":[],"product_cat":[365,368,307,362],"product_tag":[],"berocket_brand":[583],"class_list":{"0":"post-12984","1":"product","2":"type-product","3":"status-publish","4":"has-post-thumbnail","6":"product_cat-barojoss","7":"product_cat-pret-grumbam","8":"product_cat-sejai","9":"product_cat-sejas-krems","10":"berocket_brand-medi-peel","11":"desktop-align-left","12":"tablet-align-left","13":"mobile-align-left","15":"first","16":"instock","17":"taxable","18":"shipping-taxable","19":"purchasable","20":"product-type-simple","21":"add-to-wishlist-before_image"},"yoast_head":"<!-- This site is optimized with the Yoast SEO plugin v27.4 - https:\/\/yoast.com\/product\/yoast-seo-wordpress\/ -->\n<title>Medi-Peel Cell Toxing Dermajours Cream 50ml - FACECORNER<\/title>\n<meta name=\"robots\" content=\"index, follow, max-snippet:-1, max-image-preview:large, max-video-preview:-1\" \/>\n<link rel=\"canonical\" href=\"https:\/\/www.facecorner.lv\/en\/shop\/medi-peel-cell-toxing-dermajours-cream-50ml\/\" \/>\n<meta property=\"og:locale\" content=\"en_US\" \/>\n<meta property=\"og:type\" content=\"article\" \/>\n<meta property=\"og:title\" content=\"Medi-Peel Cell Toxing Dermajours Cream 50ml - FACECORNER\" \/>\n<meta property=\"og:description\" content=\"Pretnoveco\u0161anas kr\u0113ms ar cilmes \u0161\u016bn\u0101m Medi-Peel Cell Toxing Dermajours Cream efekt\u012bvi atjauno \u0101das turgoru, paaugstinot audu tvirtumu un elast\u012bbu, nostiprinot un pievelkot sejas ov\u0101lu. Kr\u0113mam piem\u012bt liftinga efekts, akt\u012bvi c\u012bn\u0101s ar \u0101das noveco\u0161an\u0101s paz\u012bm\u0113m, izl\u012bdzina un samazina grumbu dzi\u013cumu, k\u0101 ar\u012b uztur epidermas vesel\u012bbu. Produkts uzlabo \u0101das imunit\u0101ti, pies\u0101tina ar ener\u0123iju, atjauno tonusu un vesel\u012bgu [&hellip;]\" \/>\n<meta property=\"og:url\" content=\"https:\/\/www.facecorner.lv\/en\/shop\/medi-peel-cell-toxing-dermajours-cream-50ml\/\" \/>\n<meta property=\"og:site_name\" content=\"FACECORNER\" \/>\n<meta property=\"article:publisher\" content=\"https:\/\/www.facebook.com\/profile.php?id=100063824551839\" \/>\n<meta property=\"article:modified_time\" content=\"2025-11-19T13:01:17+00:00\" \/>\n<meta property=\"og:image\" content=\"https:\/\/www.facecorner.lv\/wp-content\/uploads\/2023\/11\/cilmes-sunu-atjaunojoss-krems-medi-peel-cell-747fd_reference.jpeg\" \/>\n\t<meta property=\"og:image:width\" content=\"695\" \/>\n\t<meta property=\"og:image:height\" content=\"695\" \/>\n\t<meta property=\"og:image:type\" content=\"image\/jpeg\" \/>\n<meta name=\"twitter:card\" content=\"summary_large_image\" \/>\n<meta name=\"twitter:label1\" content=\"Price\" \/>\n\t<meta name=\"twitter:data1\" content=\"&euro;31.00\" \/>\n\t<meta name=\"twitter:label2\" content=\"Availability\" \/>\n\t<meta name=\"twitter:data2\" content=\"In stock\" \/>\n<script type=\"application\/ld+json\" class=\"yoast-schema-graph\">{\"@context\":\"https:\\\/\\\/schema.org\",\"@graph\":[{\"@type\":\"WebPage\",\"@id\":\"https:\\\/\\\/www.facecorner.lv\\\/shop\\\/medi-peel-cell-toxing-dermajours-cream-50ml\\\/\",\"url\":\"https:\\\/\\\/www.facecorner.lv\\\/shop\\\/medi-peel-cell-toxing-dermajours-cream-50ml\\\/\",\"name\":\"Medi-Peel Cell Toxing Dermajours Cream 50ml - FACECORNER\",\"isPartOf\":{\"@id\":\"https:\\\/\\\/www.facecorner.lv\\\/#website\"},\"primaryImageOfPage\":{\"@id\":\"https:\\\/\\\/www.facecorner.lv\\\/shop\\\/medi-peel-cell-toxing-dermajours-cream-50ml\\\/#primaryimage\"},\"image\":{\"@id\":\"https:\\\/\\\/www.facecorner.lv\\\/shop\\\/medi-peel-cell-toxing-dermajours-cream-50ml\\\/#primaryimage\"},\"thumbnailUrl\":\"https:\\\/\\\/www.facecorner.lv\\\/wp-content\\\/uploads\\\/2023\\\/11\\\/cilmes-sunu-atjaunojoss-krems-medi-peel-cell-747fd_reference.jpeg\",\"datePublished\":\"2023-11-17T12:05:48+00:00\",\"dateModified\":\"2025-11-19T13:01:17+00:00\",\"breadcrumb\":{\"@id\":\"https:\\\/\\\/www.facecorner.lv\\\/shop\\\/medi-peel-cell-toxing-dermajours-cream-50ml\\\/#breadcrumb\"},\"inLanguage\":\"en-US\",\"potentialAction\":[{\"@type\":\"ReadAction\",\"target\":[\"https:\\\/\\\/www.facecorner.lv\\\/shop\\\/medi-peel-cell-toxing-dermajours-cream-50ml\\\/\"]}]},{\"@type\":\"ImageObject\",\"inLanguage\":\"en-US\",\"@id\":\"https:\\\/\\\/www.facecorner.lv\\\/shop\\\/medi-peel-cell-toxing-dermajours-cream-50ml\\\/#primaryimage\",\"url\":\"https:\\\/\\\/www.facecorner.lv\\\/wp-content\\\/uploads\\\/2023\\\/11\\\/cilmes-sunu-atjaunojoss-krems-medi-peel-cell-747fd_reference.jpeg\",\"contentUrl\":\"https:\\\/\\\/www.facecorner.lv\\\/wp-content\\\/uploads\\\/2023\\\/11\\\/cilmes-sunu-atjaunojoss-krems-medi-peel-cell-747fd_reference.jpeg\",\"width\":695,\"height\":695},{\"@type\":\"BreadcrumbList\",\"@id\":\"https:\\\/\\\/www.facecorner.lv\\\/shop\\\/medi-peel-cell-toxing-dermajours-cream-50ml\\\/#breadcrumb\",\"itemListElement\":[{\"@type\":\"ListItem\",\"position\":1,\"name\":\"Home\",\"item\":\"https:\\\/\\\/www.facecorner.lv\\\/\"},{\"@type\":\"ListItem\",\"position\":2,\"name\":\"Veikals\",\"item\":\"https:\\\/\\\/www.facecorner.lv\\\/shop\\\/\"},{\"@type\":\"ListItem\",\"position\":3,\"name\":\"Medi-Peel Cell Toxing Dermajours Cream 50ml\"}]},{\"@type\":\"WebSite\",\"@id\":\"https:\\\/\\\/www.facecorner.lv\\\/#website\",\"url\":\"https:\\\/\\\/www.facecorner.lv\\\/\",\"name\":\"Facecorner\",\"description\":\"\",\"publisher\":{\"@id\":\"https:\\\/\\\/www.facecorner.lv\\\/#organization\"},\"potentialAction\":[{\"@type\":\"SearchAction\",\"target\":{\"@type\":\"EntryPoint\",\"urlTemplate\":\"https:\\\/\\\/www.facecorner.lv\\\/?s={search_term_string}\"},\"query-input\":{\"@type\":\"PropertyValueSpecification\",\"valueRequired\":true,\"valueName\":\"search_term_string\"}}],\"inLanguage\":\"en-US\"},{\"@type\":\"Organization\",\"@id\":\"https:\\\/\\\/www.facecorner.lv\\\/#organization\",\"name\":\"Facecorner\",\"url\":\"https:\\\/\\\/www.facecorner.lv\\\/\",\"logo\":{\"@type\":\"ImageObject\",\"inLanguage\":\"en-US\",\"@id\":\"https:\\\/\\\/www.facecorner.lv\\\/#\\\/schema\\\/logo\\\/image\\\/\",\"url\":\"https:\\\/\\\/www.facecorner.lv\\\/wp-content\\\/uploads\\\/2024\\\/04\\\/fc-logo.jpg\",\"contentUrl\":\"https:\\\/\\\/www.facecorner.lv\\\/wp-content\\\/uploads\\\/2024\\\/04\\\/fc-logo.jpg\",\"width\":174,\"height\":28,\"caption\":\"Facecorner\"},\"image\":{\"@id\":\"https:\\\/\\\/www.facecorner.lv\\\/#\\\/schema\\\/logo\\\/image\\\/\"},\"sameAs\":[\"https:\\\/\\\/www.facebook.com\\\/profile.php?id=100063824551839\",\"https:\\\/\\\/www.instagram.com\\\/facecorner_shop\\\/\"]}]}<\/script>\n<meta property=\"product:price:amount\" content=\"31.00\" \/>\n<meta property=\"product:price:currency\" content=\"EUR\" \/>\n<meta property=\"og:availability\" content=\"instock\" \/>\n<meta property=\"product:availability\" content=\"instock\" \/>\n<meta property=\"product:condition\" content=\"new\" \/>\n<!-- \/ Yoast SEO plugin. -->","yoast_head_json":{"title":"Medi-Peel Cell Toxing Dermajours Cream 50ml - FACECORNER","robots":{"index":"index","follow":"follow","max-snippet":"max-snippet:-1","max-image-preview":"max-image-preview:large","max-video-preview":"max-video-preview:-1"},"canonical":"https:\/\/www.facecorner.lv\/en\/shop\/medi-peel-cell-toxing-dermajours-cream-50ml\/","og_locale":"en_US","og_type":"article","og_title":"Medi-Peel Cell Toxing Dermajours Cream 50ml - FACECORNER","og_description":"Pretnoveco\u0161anas kr\u0113ms ar cilmes \u0161\u016bn\u0101m Medi-Peel Cell Toxing Dermajours Cream efekt\u012bvi atjauno \u0101das turgoru, paaugstinot audu tvirtumu un elast\u012bbu, nostiprinot un pievelkot sejas ov\u0101lu. Kr\u0113mam piem\u012bt liftinga efekts, akt\u012bvi c\u012bn\u0101s ar \u0101das noveco\u0161an\u0101s paz\u012bm\u0113m, izl\u012bdzina un samazina grumbu dzi\u013cumu, k\u0101 ar\u012b uztur epidermas vesel\u012bbu. Produkts uzlabo \u0101das imunit\u0101ti, pies\u0101tina ar ener\u0123iju, atjauno tonusu un vesel\u012bgu [&hellip;]","og_url":"https:\/\/www.facecorner.lv\/en\/shop\/medi-peel-cell-toxing-dermajours-cream-50ml\/","og_site_name":"FACECORNER","article_publisher":"https:\/\/www.facebook.com\/profile.php?id=100063824551839","article_modified_time":"2025-11-19T13:01:17+00:00","og_image":[{"width":695,"height":695,"url":"https:\/\/www.facecorner.lv\/wp-content\/uploads\/2023\/11\/cilmes-sunu-atjaunojoss-krems-medi-peel-cell-747fd_reference.jpeg","type":"image\/jpeg"}],"twitter_card":"summary_large_image","twitter_misc":{"Price":"&euro;31.00","Availability":"In stock"},"schema":{"@context":"https:\/\/schema.org","@graph":[{"@type":"WebPage","@id":"https:\/\/www.facecorner.lv\/shop\/medi-peel-cell-toxing-dermajours-cream-50ml\/","url":"https:\/\/www.facecorner.lv\/shop\/medi-peel-cell-toxing-dermajours-cream-50ml\/","name":"Medi-Peel Cell Toxing Dermajours Cream 50ml - FACECORNER","isPartOf":{"@id":"https:\/\/www.facecorner.lv\/#website"},"primaryImageOfPage":{"@id":"https:\/\/www.facecorner.lv\/shop\/medi-peel-cell-toxing-dermajours-cream-50ml\/#primaryimage"},"image":{"@id":"https:\/\/www.facecorner.lv\/shop\/medi-peel-cell-toxing-dermajours-cream-50ml\/#primaryimage"},"thumbnailUrl":"https:\/\/www.facecorner.lv\/wp-content\/uploads\/2023\/11\/cilmes-sunu-atjaunojoss-krems-medi-peel-cell-747fd_reference.jpeg","datePublished":"2023-11-17T12:05:48+00:00","dateModified":"2025-11-19T13:01:17+00:00","breadcrumb":{"@id":"https:\/\/www.facecorner.lv\/shop\/medi-peel-cell-toxing-dermajours-cream-50ml\/#breadcrumb"},"inLanguage":"en-US","potentialAction":[{"@type":"ReadAction","target":["https:\/\/www.facecorner.lv\/shop\/medi-peel-cell-toxing-dermajours-cream-50ml\/"]}]},{"@type":"ImageObject","inLanguage":"en-US","@id":"https:\/\/www.facecorner.lv\/shop\/medi-peel-cell-toxing-dermajours-cream-50ml\/#primaryimage","url":"https:\/\/www.facecorner.lv\/wp-content\/uploads\/2023\/11\/cilmes-sunu-atjaunojoss-krems-medi-peel-cell-747fd_reference.jpeg","contentUrl":"https:\/\/www.facecorner.lv\/wp-content\/uploads\/2023\/11\/cilmes-sunu-atjaunojoss-krems-medi-peel-cell-747fd_reference.jpeg","width":695,"height":695},{"@type":"BreadcrumbList","@id":"https:\/\/www.facecorner.lv\/shop\/medi-peel-cell-toxing-dermajours-cream-50ml\/#breadcrumb","itemListElement":[{"@type":"ListItem","position":1,"name":"Home","item":"https:\/\/www.facecorner.lv\/"},{"@type":"ListItem","position":2,"name":"Veikals","item":"https:\/\/www.facecorner.lv\/shop\/"},{"@type":"ListItem","position":3,"name":"Medi-Peel Cell Toxing Dermajours Cream 50ml"}]},{"@type":"WebSite","@id":"https:\/\/www.facecorner.lv\/#website","url":"https:\/\/www.facecorner.lv\/","name":"Facecorner","description":"","publisher":{"@id":"https:\/\/www.facecorner.lv\/#organization"},"potentialAction":[{"@type":"SearchAction","target":{"@type":"EntryPoint","urlTemplate":"https:\/\/www.facecorner.lv\/?s={search_term_string}"},"query-input":{"@type":"PropertyValueSpecification","valueRequired":true,"valueName":"search_term_string"}}],"inLanguage":"en-US"},{"@type":"Organization","@id":"https:\/\/www.facecorner.lv\/#organization","name":"Facecorner","url":"https:\/\/www.facecorner.lv\/","logo":{"@type":"ImageObject","inLanguage":"en-US","@id":"https:\/\/www.facecorner.lv\/#\/schema\/logo\/image\/","url":"https:\/\/www.facecorner.lv\/wp-content\/uploads\/2024\/04\/fc-logo.jpg","contentUrl":"https:\/\/www.facecorner.lv\/wp-content\/uploads\/2024\/04\/fc-logo.jpg","width":174,"height":28,"caption":"Facecorner"},"image":{"@id":"https:\/\/www.facecorner.lv\/#\/schema\/logo\/image\/"},"sameAs":["https:\/\/www.facebook.com\/profile.php?id=100063824551839","https:\/\/www.instagram.com\/facecorner_shop\/"]}]},"product_price_amount":"31.00","product_price_currency":"EUR","og_availability":"instock","product_availability":"instock","product_condition":"new"},"_links":{"self":[{"href":"https:\/\/www.facecorner.lv\/en\/wp-json\/wp\/v2\/product\/12984","targetHints":{"allow":["GET"]}}],"collection":[{"href":"https:\/\/www.facecorner.lv\/en\/wp-json\/wp\/v2\/product"}],"about":[{"href":"https:\/\/www.facecorner.lv\/en\/wp-json\/wp\/v2\/types\/product"}],"replies":[{"embeddable":true,"href":"https:\/\/www.facecorner.lv\/en\/wp-json\/wp\/v2\/comments?post=12984"}],"wp:featuredmedia":[{"embeddable":true,"href":"https:\/\/www.facecorner.lv\/en\/wp-json\/wp\/v2\/media\/12985"}],"wp:attachment":[{"href":"https:\/\/www.facecorner.lv\/en\/wp-json\/wp\/v2\/media?parent=12984"}],"wp:term":[{"taxonomy":"product_brand","embeddable":true,"href":"https:\/\/www.facecorner.lv\/en\/wp-json\/wp\/v2\/product_brand?post=12984"},{"taxonomy":"product_cat","embeddable":true,"href":"https:\/\/www.facecorner.lv\/en\/wp-json\/wp\/v2\/product_cat?post=12984"},{"taxonomy":"product_tag","embeddable":true,"href":"https:\/\/www.facecorner.lv\/en\/wp-json\/wp\/v2\/product_tag?post=12984"},{"taxonomy":"berocket_brand","embeddable":true,"href":"https:\/\/www.facecorner.lv\/en\/wp-json\/wp\/v2\/berocket_brand?post=12984"}],"curies":[{"name":"wp","href":"https:\/\/api.w.org\/{rel}","templated":true}]}}