{"id":12982,"date":"2023-11-17T13:49:09","date_gmt":"2023-11-17T11:49:09","guid":{"rendered":"https:\/\/www.facecorner.lv\/?post_type=product&#038;p=12982"},"modified":"2025-06-20T14:07:51","modified_gmt":"2025-06-20T11:07:51","slug":"medi-peel-cell-toxing-dermajours-toner-250ml","status":"publish","type":"product","link":"https:\/\/www.facecorner.lv\/en\/shop\/medi-peel-cell-toxing-dermajours-toner-250ml\/","title":{"rendered":"Medi-Peel Cell Toxing Dermajours Toner 250ml"},"content":{"rendered":"<p>Pretnoveco\u0161anas toniks ar cilmes \u0161\u016bn\u0101m Medi-Peel Cell Toxing Dermajours tonikam ir daudz\u0161\u0137aut\u0146aina pretnoveco\u0161an\u0101s iedarb\u012bba uz \u0101du. Akt\u012bvi mitrina un baro \u0161\u016bnas, izl\u012bdzina mikroreljefu, samazina ar vecumu saist\u012btu izmai\u0146u smagumu un pie\u0161\u0137ir \u0101dai maigu, vesel\u012bgu mirdzumu.<\/p>\n<p>Toniks intens\u012bvi c\u012bn\u0101s ar da\u017e\u0101diem \u0101das noveco\u0161an\u0101s c\u0113lo\u0146iem un veicina \u0101tr\u0101ko un efekt\u012bv\u0101ko atvese\u013co\u0161anos. Produkts ir paredz\u0113ts \u0101das atjauno\u0161anai un noveco\u0161an\u0101s procesu pal\u0113nin\u0101\u0161anai, visaptvero\u0161i iedarbojoties uz problem\u0101tiskaj\u0101m zon\u0101m:<\/p>\n<ul>\n<li>Intens\u012bvi mitrina visus epidermas sl\u0101\u0146us, pies\u0101tina \u0161\u016bnas ar mitrumu un saglab\u0101 to dzi\u013cajos sl\u0101\u0146os, atjauno hidrolip\u012bdu l\u012bdzsvaru un nov\u0113r\u0161 mitruma zudumu, nov\u0113r\u0161ot dehidrat\u0101ciju un dehidrat\u0101ciju.<\/li>\n<li>Izl\u012bdzina mikroreljefu, samazina grumbu un \u0101das kroku dzi\u013cumu, atjauno \u0101das gludumu un elast\u012bbu.<\/li>\n<li>Uzlabo tonusu, nov\u0113r\u0161 bl\u0101vumu un nogurumu, un tai ir viegls izgaismojo\u0161s efekts. Izgaismo hiperpigment\u0101ciju un nov\u0113r\u0161 vecuma plankumu par\u0101d\u012b\u0161anos, pie\u0161\u0137irot sejai maigu mirdzumu.<\/li>\n<li>Akt\u012bvi baro \u0161\u016bnas ar labv\u0113l\u012bgiem mikroelementiem un vitam\u012bniem, atbalsta vielmai\u0146u.<\/li>\n<\/ul>\n<p>Tonerim piem\u012bt intens\u012bva izl\u012bdzino\u0161a un savelko\u0161a iedarb\u012bba, samazina dzi\u013co izteiksmes grumbu izpausmi. Nostiprina aizsargbarjeru, aizsarg\u0101 pret \u0101r\u0113jo faktoru negat\u012bvo ietekmi, nomierina un normaliz\u0113 \u0101das st\u0101vokli.<\/p>\n<p>Akt\u012bv\u0101s sast\u0101vda\u013cas ir iek\u013cautas liposom\u0101s, kas \u0101tri transport\u0113 akt\u012bv\u0101s vielas dzi\u013ci epiderm\u0101, \u013caujot t\u0101m darboties efekt\u012bv\u0101k.<\/p>\n<p>Satur unik\u0101lu 9 pept\u012bdu kompleksu, kas atjauno epidermas audus \u0161\u016bnu l\u012bmen\u012b, nov\u0113r\u0161 \u0161\u016bnu izn\u012bcin\u0101\u0161anu, pal\u0113nina oksidat\u012bvos procesus.<\/p>\n<p><strong>How to use:<\/strong> lietot p\u0113c att\u012br\u012b\u0161anas stadijas. Uzkl\u0101jiet toniku uz plaukst\u0101m un maigi sadaliet pa seju. Ar pirkstu galiem iemas\u0113jiet atliku\u0161o produktu, l\u012bdz tas piln\u012bb\u0101 uzs\u016bcas.<\/p>\n<p><strong>S\u0101stavs :\u00a0<\/strong>Purified Water, Glycerin, Dipropylene Glycol, 1,2-hexanediol, Niacinamide, Betaine, Butylene Glycol, Edelweiss Callus Culture Extract, Caprylic\/capric Triglyceride, Phenyl Trimethicone, Meadow Foam Seed Oil, Rosehip Fruit Oil, Argan Kernel Oil, Canola Oil, Sunflower Seed Oil, Leaf-leaf Bark Extract, Fig Extract, Mulberry Fruit Extract, Pomegranate Extract, Ginkgo Extract, Wheat Sprout Extract, Broccoli Extract, Cabbage Extract, Alfalfa Extract , Radish Seed Extract, Rapeseed Extract, Sodium Hyaluronate, Ceramide NP, Adenosine, Caprylyl\/caprylglucoside, Polyglyceryl-10 Laurate, Polyglyceryl-4 Laurate, Polyglyceryl-10 Stearate, Hydrogenated Lecithin, Lecithin, Polysorbate 20, Arginine, Carbomer, Acrylate\/C10-30 Alkyl Acrylate Crosspolymer, Disodium IDTA, Xanthan Gum, Ethylhexyl Glycerin, Dipeptidediaminobutyroyl Benzylamide Diacetate, Palmitoyl Tripeptide-5, Copper Tripeptide-1, Tripeptide-1, Palmitoylpentapeptide-4, Nonapeptide-1, Acetyloctapeptide-3, Acetylhexapeptide-8, Hexapeptide- 9, Palmitoyl Tetrapeptide-7, Palmitoyl Tripeptide-1, Fragrance, Butylphenylmethylpropional, Linalul<\/p>","protected":false},"excerpt":{"rendered":"<p>Pretnoveco\u0161anas toniks ar cilmes \u0161\u016bn\u0101m Medi-Peel Cell Toxing Dermajours tonikam ir daudz\u0161\u0137aut\u0146aina pretnoveco\u0161an\u0101s iedarb\u012bba uz \u0101du. Akt\u012bvi mitrina un baro \u0161\u016bnas, izl\u012bdzina mikroreljefu, samazina ar vecumu saist\u012btu izmai\u0146u smagumu un pie\u0161\u0137ir \u0101dai maigu, vesel\u012bgu mirdzumu. Toniks intens\u012bvi c\u012bn\u0101s ar da\u017e\u0101diem \u0101das noveco\u0161an\u0101s c\u0113lo\u0146iem un veicina \u0101tr\u0101ko un efekt\u012bv\u0101ko atvese\u013co\u0161anos. Produkts ir paredz\u0113ts \u0101das atjauno\u0161anai un [&hellip;]<\/p>\n","protected":false},"featured_media":12983,"comment_status":"open","ping_status":"closed","template":"","meta":{"site-sidebar-layout":"default","site-content-layout":"","ast-site-content-layout":"","site-content-style":"default","site-sidebar-style":"default","ast-global-header-display":"","ast-banner-title-visibility":"","ast-main-header-display":"","ast-hfb-above-header-display":"","ast-hfb-below-header-display":"","ast-hfb-mobile-header-display":"","site-post-title":"","ast-breadcrumbs-content":"","ast-featured-img":"","footer-sml-layout":"","theme-transparent-header-meta":"","adv-header-id-meta":"","stick-header-meta":"","header-above-stick-meta":"","header-main-stick-meta":"","header-below-stick-meta":"","astra-migrate-meta-layouts":"default","ast-page-background-enabled":"default","ast-page-background-meta":{"desktop":{"background-color":"var(--ast-global-color-4)","background-image":"","background-repeat":"repeat","background-position":"center center","background-size":"auto","background-attachment":"scroll","background-type":"","background-media":"","overlay-type":"","overlay-color":"","overlay-opacity":"","overlay-gradient":""},"tablet":{"background-color":"","background-image":"","background-repeat":"repeat","background-position":"center center","background-size":"auto","background-attachment":"scroll","background-type":"","background-media":"","overlay-type":"","overlay-color":"","overlay-opacity":"","overlay-gradient":""},"mobile":{"background-color":"","background-image":"","background-repeat":"repeat","background-position":"center center","background-size":"auto","background-attachment":"scroll","background-type":"","background-media":"","overlay-type":"","overlay-color":"","overlay-opacity":"","overlay-gradient":""}},"ast-content-background-meta":{"desktop":{"background-color":"var(--ast-global-color-5)","background-image":"","background-repeat":"repeat","background-position":"center center","background-size":"auto","background-attachment":"scroll","background-type":"","background-media":"","overlay-type":"","overlay-color":"","overlay-opacity":"","overlay-gradient":""},"tablet":{"background-color":"var(--ast-global-color-5)","background-image":"","background-repeat":"repeat","background-position":"center center","background-size":"auto","background-attachment":"scroll","background-type":"","background-media":"","overlay-type":"","overlay-color":"","overlay-opacity":"","overlay-gradient":""},"mobile":{"background-color":"var(--ast-global-color-5)","background-image":"","background-repeat":"repeat","background-position":"center center","background-size":"auto","background-attachment":"scroll","background-type":"","background-media":"","overlay-type":"","overlay-color":"","overlay-opacity":"","overlay-gradient":""}}},"product_brand":[],"product_cat":[375,378,307,364,376],"product_tag":[],"berocket_brand":[583],"class_list":{"0":"post-12982","1":"product","2":"type-product","3":"status-publish","4":"has-post-thumbnail","6":"product_cat-jutigai-adai-toneri","7":"product_cat-sausai-adai-toneri","8":"product_cat-sejai","9":"product_cat-toneri","10":"product_cat-kombinetai-adai-toneri","11":"berocket_brand-medi-peel","12":"desktop-align-left","13":"tablet-align-left","14":"mobile-align-left","16":"first","17":"outofstock","18":"taxable","19":"shipping-taxable","20":"purchasable","21":"product-type-simple","22":"add-to-wishlist-before_image"},"yoast_head":"<!-- This site is optimized with the Yoast SEO plugin v27.3 - https:\/\/yoast.com\/product\/yoast-seo-wordpress\/ -->\n<title>Medi-Peel Cell Toxing Dermajours Toner 250ml - FACECORNER<\/title>\n<meta name=\"robots\" content=\"index, follow, max-snippet:-1, max-image-preview:large, max-video-preview:-1\" \/>\n<link rel=\"canonical\" href=\"https:\/\/www.facecorner.lv\/en\/shop\/medi-peel-cell-toxing-dermajours-toner-250ml\/\" \/>\n<meta property=\"og:locale\" content=\"en_US\" \/>\n<meta property=\"og:type\" content=\"article\" \/>\n<meta property=\"og:title\" content=\"Medi-Peel Cell Toxing Dermajours Toner 250ml - FACECORNER\" \/>\n<meta property=\"og:description\" content=\"Pretnoveco\u0161anas toniks ar cilmes \u0161\u016bn\u0101m Medi-Peel Cell Toxing Dermajours tonikam ir daudz\u0161\u0137aut\u0146aina pretnoveco\u0161an\u0101s iedarb\u012bba uz \u0101du. Akt\u012bvi mitrina un baro \u0161\u016bnas, izl\u012bdzina mikroreljefu, samazina ar vecumu saist\u012btu izmai\u0146u smagumu un pie\u0161\u0137ir \u0101dai maigu, vesel\u012bgu mirdzumu. Toniks intens\u012bvi c\u012bn\u0101s ar da\u017e\u0101diem \u0101das noveco\u0161an\u0101s c\u0113lo\u0146iem un veicina \u0101tr\u0101ko un efekt\u012bv\u0101ko atvese\u013co\u0161anos. Produkts ir paredz\u0113ts \u0101das atjauno\u0161anai un [&hellip;]\" \/>\n<meta property=\"og:url\" content=\"https:\/\/www.facecorner.lv\/en\/shop\/medi-peel-cell-toxing-dermajours-toner-250ml\/\" \/>\n<meta property=\"og:site_name\" content=\"FACECORNER\" \/>\n<meta property=\"article:publisher\" content=\"https:\/\/www.facebook.com\/profile.php?id=100063824551839\" \/>\n<meta property=\"article:modified_time\" content=\"2025-06-20T11:07:51+00:00\" \/>\n<meta property=\"og:image\" content=\"https:\/\/www.facecorner.lv\/wp-content\/uploads\/2023\/11\/Unknown-2.jpeg\" \/>\n\t<meta property=\"og:image:width\" content=\"225\" \/>\n\t<meta property=\"og:image:height\" content=\"225\" \/>\n\t<meta property=\"og:image:type\" content=\"image\/jpeg\" \/>\n<meta name=\"twitter:card\" content=\"summary_large_image\" \/>\n<meta name=\"twitter:label1\" content=\"Price\" \/>\n\t<meta name=\"twitter:data1\" content=\"&euro;29.00\" \/>\n\t<meta name=\"twitter:label2\" content=\"Availability\" \/>\n\t<meta name=\"twitter:data2\" content=\"Out of stock\" \/>\n<script type=\"application\/ld+json\" class=\"yoast-schema-graph\">{\"@context\":\"https:\\\/\\\/schema.org\",\"@graph\":[{\"@type\":\"WebPage\",\"@id\":\"https:\\\/\\\/www.facecorner.lv\\\/shop\\\/medi-peel-cell-toxing-dermajours-toner-250ml\\\/\",\"url\":\"https:\\\/\\\/www.facecorner.lv\\\/shop\\\/medi-peel-cell-toxing-dermajours-toner-250ml\\\/\",\"name\":\"Medi-Peel Cell Toxing Dermajours Toner 250ml - FACECORNER\",\"isPartOf\":{\"@id\":\"https:\\\/\\\/www.facecorner.lv\\\/#website\"},\"primaryImageOfPage\":{\"@id\":\"https:\\\/\\\/www.facecorner.lv\\\/shop\\\/medi-peel-cell-toxing-dermajours-toner-250ml\\\/#primaryimage\"},\"image\":{\"@id\":\"https:\\\/\\\/www.facecorner.lv\\\/shop\\\/medi-peel-cell-toxing-dermajours-toner-250ml\\\/#primaryimage\"},\"thumbnailUrl\":\"https:\\\/\\\/www.facecorner.lv\\\/wp-content\\\/uploads\\\/2023\\\/11\\\/Unknown-2.jpeg\",\"datePublished\":\"2023-11-17T11:49:09+00:00\",\"dateModified\":\"2025-06-20T11:07:51+00:00\",\"breadcrumb\":{\"@id\":\"https:\\\/\\\/www.facecorner.lv\\\/shop\\\/medi-peel-cell-toxing-dermajours-toner-250ml\\\/#breadcrumb\"},\"inLanguage\":\"en-US\",\"potentialAction\":[{\"@type\":\"ReadAction\",\"target\":[\"https:\\\/\\\/www.facecorner.lv\\\/shop\\\/medi-peel-cell-toxing-dermajours-toner-250ml\\\/\"]}]},{\"@type\":\"ImageObject\",\"inLanguage\":\"en-US\",\"@id\":\"https:\\\/\\\/www.facecorner.lv\\\/shop\\\/medi-peel-cell-toxing-dermajours-toner-250ml\\\/#primaryimage\",\"url\":\"https:\\\/\\\/www.facecorner.lv\\\/wp-content\\\/uploads\\\/2023\\\/11\\\/Unknown-2.jpeg\",\"contentUrl\":\"https:\\\/\\\/www.facecorner.lv\\\/wp-content\\\/uploads\\\/2023\\\/11\\\/Unknown-2.jpeg\",\"width\":225,\"height\":225},{\"@type\":\"BreadcrumbList\",\"@id\":\"https:\\\/\\\/www.facecorner.lv\\\/shop\\\/medi-peel-cell-toxing-dermajours-toner-250ml\\\/#breadcrumb\",\"itemListElement\":[{\"@type\":\"ListItem\",\"position\":1,\"name\":\"Home\",\"item\":\"https:\\\/\\\/www.facecorner.lv\\\/\"},{\"@type\":\"ListItem\",\"position\":2,\"name\":\"Veikals\",\"item\":\"https:\\\/\\\/www.facecorner.lv\\\/shop\\\/\"},{\"@type\":\"ListItem\",\"position\":3,\"name\":\"Medi-Peel Cell Toxing Dermajours Toner 250ml\"}]},{\"@type\":\"WebSite\",\"@id\":\"https:\\\/\\\/www.facecorner.lv\\\/#website\",\"url\":\"https:\\\/\\\/www.facecorner.lv\\\/\",\"name\":\"Facecorner\",\"description\":\"\",\"publisher\":{\"@id\":\"https:\\\/\\\/www.facecorner.lv\\\/#organization\"},\"potentialAction\":[{\"@type\":\"SearchAction\",\"target\":{\"@type\":\"EntryPoint\",\"urlTemplate\":\"https:\\\/\\\/www.facecorner.lv\\\/?s={search_term_string}\"},\"query-input\":{\"@type\":\"PropertyValueSpecification\",\"valueRequired\":true,\"valueName\":\"search_term_string\"}}],\"inLanguage\":\"en-US\"},{\"@type\":\"Organization\",\"@id\":\"https:\\\/\\\/www.facecorner.lv\\\/#organization\",\"name\":\"Facecorner\",\"url\":\"https:\\\/\\\/www.facecorner.lv\\\/\",\"logo\":{\"@type\":\"ImageObject\",\"inLanguage\":\"en-US\",\"@id\":\"https:\\\/\\\/www.facecorner.lv\\\/#\\\/schema\\\/logo\\\/image\\\/\",\"url\":\"https:\\\/\\\/www.facecorner.lv\\\/wp-content\\\/uploads\\\/2024\\\/04\\\/fc-logo.jpg\",\"contentUrl\":\"https:\\\/\\\/www.facecorner.lv\\\/wp-content\\\/uploads\\\/2024\\\/04\\\/fc-logo.jpg\",\"width\":174,\"height\":28,\"caption\":\"Facecorner\"},\"image\":{\"@id\":\"https:\\\/\\\/www.facecorner.lv\\\/#\\\/schema\\\/logo\\\/image\\\/\"},\"sameAs\":[\"https:\\\/\\\/www.facebook.com\\\/profile.php?id=100063824551839\",\"https:\\\/\\\/www.instagram.com\\\/facecorner_shop\\\/\"]}]}<\/script>\n<meta property=\"product:price:amount\" content=\"29.00\" \/>\n<meta property=\"product:price:currency\" content=\"EUR\" \/>\n<meta property=\"og:availability\" content=\"out of stock\" \/>\n<meta property=\"product:availability\" content=\"out of stock\" \/>\n<meta property=\"product:condition\" content=\"new\" \/>\n<!-- \/ Yoast SEO plugin. -->","yoast_head_json":{"title":"Medi-Peel Cell Toxing Dermajours Toner 250ml - FACECORNER","robots":{"index":"index","follow":"follow","max-snippet":"max-snippet:-1","max-image-preview":"max-image-preview:large","max-video-preview":"max-video-preview:-1"},"canonical":"https:\/\/www.facecorner.lv\/en\/shop\/medi-peel-cell-toxing-dermajours-toner-250ml\/","og_locale":"en_US","og_type":"article","og_title":"Medi-Peel Cell Toxing Dermajours Toner 250ml - FACECORNER","og_description":"Pretnoveco\u0161anas toniks ar cilmes \u0161\u016bn\u0101m Medi-Peel Cell Toxing Dermajours tonikam ir daudz\u0161\u0137aut\u0146aina pretnoveco\u0161an\u0101s iedarb\u012bba uz \u0101du. Akt\u012bvi mitrina un baro \u0161\u016bnas, izl\u012bdzina mikroreljefu, samazina ar vecumu saist\u012btu izmai\u0146u smagumu un pie\u0161\u0137ir \u0101dai maigu, vesel\u012bgu mirdzumu. Toniks intens\u012bvi c\u012bn\u0101s ar da\u017e\u0101diem \u0101das noveco\u0161an\u0101s c\u0113lo\u0146iem un veicina \u0101tr\u0101ko un efekt\u012bv\u0101ko atvese\u013co\u0161anos. Produkts ir paredz\u0113ts \u0101das atjauno\u0161anai un [&hellip;]","og_url":"https:\/\/www.facecorner.lv\/en\/shop\/medi-peel-cell-toxing-dermajours-toner-250ml\/","og_site_name":"FACECORNER","article_publisher":"https:\/\/www.facebook.com\/profile.php?id=100063824551839","article_modified_time":"2025-06-20T11:07:51+00:00","og_image":[{"width":225,"height":225,"url":"https:\/\/www.facecorner.lv\/wp-content\/uploads\/2023\/11\/Unknown-2.jpeg","type":"image\/jpeg"}],"twitter_card":"summary_large_image","twitter_misc":{"Price":"&euro;29.00","Availability":"Out of stock"},"schema":{"@context":"https:\/\/schema.org","@graph":[{"@type":"WebPage","@id":"https:\/\/www.facecorner.lv\/shop\/medi-peel-cell-toxing-dermajours-toner-250ml\/","url":"https:\/\/www.facecorner.lv\/shop\/medi-peel-cell-toxing-dermajours-toner-250ml\/","name":"Medi-Peel Cell Toxing Dermajours Toner 250ml - FACECORNER","isPartOf":{"@id":"https:\/\/www.facecorner.lv\/#website"},"primaryImageOfPage":{"@id":"https:\/\/www.facecorner.lv\/shop\/medi-peel-cell-toxing-dermajours-toner-250ml\/#primaryimage"},"image":{"@id":"https:\/\/www.facecorner.lv\/shop\/medi-peel-cell-toxing-dermajours-toner-250ml\/#primaryimage"},"thumbnailUrl":"https:\/\/www.facecorner.lv\/wp-content\/uploads\/2023\/11\/Unknown-2.jpeg","datePublished":"2023-11-17T11:49:09+00:00","dateModified":"2025-06-20T11:07:51+00:00","breadcrumb":{"@id":"https:\/\/www.facecorner.lv\/shop\/medi-peel-cell-toxing-dermajours-toner-250ml\/#breadcrumb"},"inLanguage":"en-US","potentialAction":[{"@type":"ReadAction","target":["https:\/\/www.facecorner.lv\/shop\/medi-peel-cell-toxing-dermajours-toner-250ml\/"]}]},{"@type":"ImageObject","inLanguage":"en-US","@id":"https:\/\/www.facecorner.lv\/shop\/medi-peel-cell-toxing-dermajours-toner-250ml\/#primaryimage","url":"https:\/\/www.facecorner.lv\/wp-content\/uploads\/2023\/11\/Unknown-2.jpeg","contentUrl":"https:\/\/www.facecorner.lv\/wp-content\/uploads\/2023\/11\/Unknown-2.jpeg","width":225,"height":225},{"@type":"BreadcrumbList","@id":"https:\/\/www.facecorner.lv\/shop\/medi-peel-cell-toxing-dermajours-toner-250ml\/#breadcrumb","itemListElement":[{"@type":"ListItem","position":1,"name":"Home","item":"https:\/\/www.facecorner.lv\/"},{"@type":"ListItem","position":2,"name":"Veikals","item":"https:\/\/www.facecorner.lv\/shop\/"},{"@type":"ListItem","position":3,"name":"Medi-Peel Cell Toxing Dermajours Toner 250ml"}]},{"@type":"WebSite","@id":"https:\/\/www.facecorner.lv\/#website","url":"https:\/\/www.facecorner.lv\/","name":"Facecorner","description":"","publisher":{"@id":"https:\/\/www.facecorner.lv\/#organization"},"potentialAction":[{"@type":"SearchAction","target":{"@type":"EntryPoint","urlTemplate":"https:\/\/www.facecorner.lv\/?s={search_term_string}"},"query-input":{"@type":"PropertyValueSpecification","valueRequired":true,"valueName":"search_term_string"}}],"inLanguage":"en-US"},{"@type":"Organization","@id":"https:\/\/www.facecorner.lv\/#organization","name":"Facecorner","url":"https:\/\/www.facecorner.lv\/","logo":{"@type":"ImageObject","inLanguage":"en-US","@id":"https:\/\/www.facecorner.lv\/#\/schema\/logo\/image\/","url":"https:\/\/www.facecorner.lv\/wp-content\/uploads\/2024\/04\/fc-logo.jpg","contentUrl":"https:\/\/www.facecorner.lv\/wp-content\/uploads\/2024\/04\/fc-logo.jpg","width":174,"height":28,"caption":"Facecorner"},"image":{"@id":"https:\/\/www.facecorner.lv\/#\/schema\/logo\/image\/"},"sameAs":["https:\/\/www.facebook.com\/profile.php?id=100063824551839","https:\/\/www.instagram.com\/facecorner_shop\/"]}]},"product_price_amount":"29.00","product_price_currency":"EUR","og_availability":"out of stock","product_availability":"out of stock","product_condition":"new"},"_links":{"self":[{"href":"https:\/\/www.facecorner.lv\/en\/wp-json\/wp\/v2\/product\/12982","targetHints":{"allow":["GET"]}}],"collection":[{"href":"https:\/\/www.facecorner.lv\/en\/wp-json\/wp\/v2\/product"}],"about":[{"href":"https:\/\/www.facecorner.lv\/en\/wp-json\/wp\/v2\/types\/product"}],"replies":[{"embeddable":true,"href":"https:\/\/www.facecorner.lv\/en\/wp-json\/wp\/v2\/comments?post=12982"}],"wp:featuredmedia":[{"embeddable":true,"href":"https:\/\/www.facecorner.lv\/en\/wp-json\/wp\/v2\/media\/12983"}],"wp:attachment":[{"href":"https:\/\/www.facecorner.lv\/en\/wp-json\/wp\/v2\/media?parent=12982"}],"wp:term":[{"taxonomy":"product_brand","embeddable":true,"href":"https:\/\/www.facecorner.lv\/en\/wp-json\/wp\/v2\/product_brand?post=12982"},{"taxonomy":"product_cat","embeddable":true,"href":"https:\/\/www.facecorner.lv\/en\/wp-json\/wp\/v2\/product_cat?post=12982"},{"taxonomy":"product_tag","embeddable":true,"href":"https:\/\/www.facecorner.lv\/en\/wp-json\/wp\/v2\/product_tag?post=12982"},{"taxonomy":"berocket_brand","embeddable":true,"href":"https:\/\/www.facecorner.lv\/en\/wp-json\/wp\/v2\/berocket_brand?post=12982"}],"curies":[{"name":"wp","href":"https:\/\/api.w.org\/{rel}","templated":true}]}}