{"id":12908,"date":"2023-11-10T20:30:39","date_gmt":"2023-11-10T18:30:39","guid":{"rendered":"https:\/\/www.facecorner.lv\/?post_type=product&#038;p=12908"},"modified":"2026-03-31T14:41:01","modified_gmt":"2026-03-31T11:41:01","slug":"axis-y-quinoa-one-step-balanced-gel-cleanser-180ml","status":"publish","type":"product","link":"https:\/\/www.facecorner.lv\/en\/shop\/axis-y-quinoa-one-step-balanced-gel-cleanser-180ml\/","title":{"rendered":"Axis-y Quinoa One Step Balanced Gel Cleanser  180ml"},"content":{"rendered":"<p>Axis-y &#8211; Nomierino\u0161s g\u0113ls mazg\u0101\u0161anai &#8211; m\u012bksts att\u012bro\u0161s g\u0113ls visiem \u0101das tipiem, ar\u012b problem\u0101tiskai un taukainai \u0101dai. Tas no\u0146em net\u012brumus, vienlaikus r\u016bp\u0113joties par \u0101das st\u0101vokli un t\u0101s lip\u012bdu barjeru. Formula satur kvinojas ekstraktu, kas mitrina un m\u012bkstina epidermu. Beta\u012bns kop\u0101 ar \u0100zijas centellas ekstraktu nomierina un atjauno \u0101du, bet api\u0146u ekstraktam piem\u012bt pretaknes un pretiekaisuma iedarb\u012bba. Kli\u0146\u0123er\u012b\u0161u ekstrakts pa\u0101trina dz\u012b\u0161anu.<\/p>\n<p><strong>Bubble Pop Cleanser products fine, soft foam to cleanse away dead skin, sebum and makeup residue from your face, while hyaluronic acid moisturizes your skin.<\/strong><\/p>\n<ul>\n<li>kvinojas ekstrakts &#8211; mitrina un m\u012bkstina,<\/li>\n<li>beta\u012bns &#8211; saista \u016bdeni epiderm\u0101, uztur mitrumu, nomierina kairin\u0101jumus un pa\u0101trina epidermas atjauno\u0161anos,<\/li>\n<li>\u0100zijas centellas ekstrakts &#8211; piem\u012bt nomierino\u0161as un antibakteri\u0101las \u012bpa\u0161\u012bbas, stimul\u0113 re\u0123ener\u0101cijas procesus,<\/li>\n<li>api\u0146u ekstrakts &#8211; piem\u012bt pretp\u016bt\u012btes un pretiekaisuma iedarb\u012bba,<\/li>\n<li>kli\u0146\u0123er\u012b\u0161u ekstrakts \u2013 pa\u0101trina br\u016b\u010du dz\u012b\u0161anu, nomierina kairin\u0101jumu, nov\u0113r\u0161 \u0101das lob\u012b\u0161anos, piem\u012bt pretiekaisuma, antibakteri\u0101las un prets\u0113n\u012b\u0161u \u012bpa\u0161\u012bbas.<\/li>\n<\/ul>\n<p><strong>Lieto\u0161anas nor\u0101d\u012bjumi<\/strong>: Uzkl\u0101jiet \u017eeleju uz mitras sejas \u0101das ar mas\u0101\u017eas kust\u012bb\u0101m, not\u012briet to un p\u0113c tam noskalojiet ar \u016bdeni.<\/p>\n<p><strong>Ingredientes:\u00a0<\/strong>Aqua, Decyl Glucoside, Sodium Cocoyl Glutamate, Chenopodium Quinoa Seed Extract, Glycerin, Sodium Lauroyl Glutamate, Betaine, Glycine Soja (Soybean Oil),Melaleuca Alternifolia (Tea Tree) Extract, Chlorphenesin, Hydroxyacetophenone, Ethylhexylglycerin, Camellia Sinensis Leaf Extract, Humulus Lupulus (Hops) Extract, Ocimum Tenuiflorum Extract, Centella Asiatica Extract, Calendula Officinalis Flower Extract, Prunus Amygdalus Dulcis (Sweet Almond) Fruit Extract, Citric Acid, Geranium Maculatum Oil, Allantoin<\/p>","protected":false},"excerpt":{"rendered":"<p>Axis-y &#8211; Nomierino\u0161s g\u0113ls mazg\u0101\u0161anai &#8211; m\u012bksts att\u012bro\u0161s g\u0113ls visiem \u0101das tipiem, ar\u012b problem\u0101tiskai un taukainai \u0101dai. Tas no\u0146em net\u012brumus, vienlaikus r\u016bp\u0113joties par \u0101das st\u0101vokli un t\u0101s lip\u012bdu barjeru. Formula satur kvinojas ekstraktu, kas mitrina un m\u012bkstina epidermu. Beta\u012bns kop\u0101 ar \u0100zijas centellas ekstraktu nomierina un atjauno \u0101du, bet api\u0146u ekstraktam piem\u012bt pretaknes un pretiekaisuma [&hellip;]<\/p>\n","protected":false},"featured_media":12909,"comment_status":"open","ping_status":"closed","template":"","meta":{"site-sidebar-layout":"default","site-content-layout":"","ast-site-content-layout":"","site-content-style":"default","site-sidebar-style":"default","ast-global-header-display":"","ast-banner-title-visibility":"","ast-main-header-display":"","ast-hfb-above-header-display":"","ast-hfb-below-header-display":"","ast-hfb-mobile-header-display":"","site-post-title":"","ast-breadcrumbs-content":"","ast-featured-img":"","footer-sml-layout":"","theme-transparent-header-meta":"","adv-header-id-meta":"","stick-header-meta":"","header-above-stick-meta":"","header-main-stick-meta":"","header-below-stick-meta":"","astra-migrate-meta-layouts":"default","ast-page-background-enabled":"default","ast-page-background-meta":{"desktop":{"background-color":"var(--ast-global-color-4)","background-image":"","background-repeat":"repeat","background-position":"center center","background-size":"auto","background-attachment":"scroll","background-type":"","background-media":"","overlay-type":"","overlay-color":"","overlay-opacity":"","overlay-gradient":""},"tablet":{"background-color":"","background-image":"","background-repeat":"repeat","background-position":"center center","background-size":"auto","background-attachment":"scroll","background-type":"","background-media":"","overlay-type":"","overlay-color":"","overlay-opacity":"","overlay-gradient":""},"mobile":{"background-color":"","background-image":"","background-repeat":"repeat","background-position":"center center","background-size":"auto","background-attachment":"scroll","background-type":"","background-media":"","overlay-type":"","overlay-color":"","overlay-opacity":"","overlay-gradient":""}},"ast-content-background-meta":{"desktop":{"background-color":"var(--ast-global-color-5)","background-image":"","background-repeat":"repeat","background-position":"center center","background-size":"auto","background-attachment":"scroll","background-type":"","background-media":"","overlay-type":"","overlay-color":"","overlay-opacity":"","overlay-gradient":""},"tablet":{"background-color":"var(--ast-global-color-5)","background-image":"","background-repeat":"repeat","background-position":"center center","background-size":"auto","background-attachment":"scroll","background-type":"","background-media":"","overlay-type":"","overlay-color":"","overlay-opacity":"","overlay-gradient":""},"mobile":{"background-color":"var(--ast-global-color-5)","background-image":"","background-repeat":"repeat","background-position":"center center","background-size":"auto","background-attachment":"scroll","background-type":"","background-media":"","overlay-type":"","overlay-color":"","overlay-opacity":"","overlay-gradient":""}}},"product_brand":[],"product_cat":[511,310,312,313],"product_tag":[],"berocket_brand":[577],"class_list":{"0":"post-12908","1":"product","2":"type-product","3":"status-publish","4":"has-post-thumbnail","6":"product_cat-atlaides","7":"product_cat-attirisana","8":"product_cat-kombinetai-adai-attirisana","9":"product_cat-problematiskai-adai-attirisana","10":"berocket_brand-axis-y","11":"desktop-align-left","12":"tablet-align-left","13":"mobile-align-left","15":"first","16":"instock","17":"sale","18":"taxable","19":"shipping-taxable","20":"purchasable","21":"product-type-simple","22":"add-to-wishlist-before_image"},"yoast_head":"<!-- This site is optimized with the Yoast SEO plugin v27.3 - https:\/\/yoast.com\/product\/yoast-seo-wordpress\/ -->\n<title>Axis-y Quinoa One Step Balanced Gel Cleanser 180ml - FACECORNER<\/title>\n<meta name=\"robots\" content=\"index, follow, max-snippet:-1, max-image-preview:large, max-video-preview:-1\" \/>\n<link rel=\"canonical\" href=\"https:\/\/www.facecorner.lv\/en\/shop\/axis-y-quinoa-one-step-balanced-gel-cleanser-180ml\/\" \/>\n<meta property=\"og:locale\" content=\"en_US\" \/>\n<meta property=\"og:type\" content=\"article\" \/>\n<meta property=\"og:title\" content=\"Axis-y Quinoa One Step Balanced Gel Cleanser 180ml - FACECORNER\" \/>\n<meta property=\"og:description\" content=\"Axis-y &#8211; Nomierino\u0161s g\u0113ls mazg\u0101\u0161anai &#8211; m\u012bksts att\u012bro\u0161s g\u0113ls visiem \u0101das tipiem, ar\u012b problem\u0101tiskai un taukainai \u0101dai. Tas no\u0146em net\u012brumus, vienlaikus r\u016bp\u0113joties par \u0101das st\u0101vokli un t\u0101s lip\u012bdu barjeru. Formula satur kvinojas ekstraktu, kas mitrina un m\u012bkstina epidermu. Beta\u012bns kop\u0101 ar \u0100zijas centellas ekstraktu nomierina un atjauno \u0101du, bet api\u0146u ekstraktam piem\u012bt pretaknes un pretiekaisuma [&hellip;]\" \/>\n<meta property=\"og:url\" content=\"https:\/\/www.facecorner.lv\/en\/shop\/axis-y-quinoa-one-step-balanced-gel-cleanser-180ml\/\" \/>\n<meta property=\"og:site_name\" content=\"FACECORNER\" \/>\n<meta property=\"article:publisher\" content=\"https:\/\/www.facebook.com\/profile.php?id=100063824551839\" \/>\n<meta property=\"article:modified_time\" content=\"2026-03-31T11:41:01+00:00\" \/>\n<meta property=\"og:image\" content=\"https:\/\/www.facecorner.lv\/wp-content\/uploads\/2023\/11\/AXIS-Y_Quinoa_One_Step_Balanced_Gel_Cleanser.jpg.webp\" \/>\n\t<meta property=\"og:image:width\" content=\"1733\" \/>\n\t<meta property=\"og:image:height\" content=\"1733\" \/>\n\t<meta property=\"og:image:type\" content=\"image\/webp\" \/>\n<meta name=\"twitter:card\" content=\"summary_large_image\" \/>\n<meta name=\"twitter:label1\" content=\"Price\" \/>\n\t<meta name=\"twitter:data1\" content=\"&euro;11.99\" \/>\n\t<meta name=\"twitter:label2\" content=\"Availability\" \/>\n\t<meta name=\"twitter:data2\" content=\"In stock\" \/>\n<script type=\"application\/ld+json\" class=\"yoast-schema-graph\">{\"@context\":\"https:\\\/\\\/schema.org\",\"@graph\":[{\"@type\":\"WebPage\",\"@id\":\"https:\\\/\\\/www.facecorner.lv\\\/shop\\\/axis-y-quinoa-one-step-balanced-gel-cleanser-180ml\\\/\",\"url\":\"https:\\\/\\\/www.facecorner.lv\\\/shop\\\/axis-y-quinoa-one-step-balanced-gel-cleanser-180ml\\\/\",\"name\":\"Axis-y Quinoa One Step Balanced Gel Cleanser 180ml - FACECORNER\",\"isPartOf\":{\"@id\":\"https:\\\/\\\/www.facecorner.lv\\\/#website\"},\"primaryImageOfPage\":{\"@id\":\"https:\\\/\\\/www.facecorner.lv\\\/shop\\\/axis-y-quinoa-one-step-balanced-gel-cleanser-180ml\\\/#primaryimage\"},\"image\":{\"@id\":\"https:\\\/\\\/www.facecorner.lv\\\/shop\\\/axis-y-quinoa-one-step-balanced-gel-cleanser-180ml\\\/#primaryimage\"},\"thumbnailUrl\":\"https:\\\/\\\/www.facecorner.lv\\\/wp-content\\\/uploads\\\/2023\\\/11\\\/AXIS-Y_Quinoa_One_Step_Balanced_Gel_Cleanser.jpg.webp\",\"datePublished\":\"2023-11-10T18:30:39+00:00\",\"dateModified\":\"2026-03-31T11:41:01+00:00\",\"breadcrumb\":{\"@id\":\"https:\\\/\\\/www.facecorner.lv\\\/shop\\\/axis-y-quinoa-one-step-balanced-gel-cleanser-180ml\\\/#breadcrumb\"},\"inLanguage\":\"en-US\",\"potentialAction\":[{\"@type\":\"ReadAction\",\"target\":[\"https:\\\/\\\/www.facecorner.lv\\\/shop\\\/axis-y-quinoa-one-step-balanced-gel-cleanser-180ml\\\/\"]}]},{\"@type\":\"ImageObject\",\"inLanguage\":\"en-US\",\"@id\":\"https:\\\/\\\/www.facecorner.lv\\\/shop\\\/axis-y-quinoa-one-step-balanced-gel-cleanser-180ml\\\/#primaryimage\",\"url\":\"https:\\\/\\\/www.facecorner.lv\\\/wp-content\\\/uploads\\\/2023\\\/11\\\/AXIS-Y_Quinoa_One_Step_Balanced_Gel_Cleanser.jpg.webp\",\"contentUrl\":\"https:\\\/\\\/www.facecorner.lv\\\/wp-content\\\/uploads\\\/2023\\\/11\\\/AXIS-Y_Quinoa_One_Step_Balanced_Gel_Cleanser.jpg.webp\",\"width\":1733,\"height\":1733},{\"@type\":\"BreadcrumbList\",\"@id\":\"https:\\\/\\\/www.facecorner.lv\\\/shop\\\/axis-y-quinoa-one-step-balanced-gel-cleanser-180ml\\\/#breadcrumb\",\"itemListElement\":[{\"@type\":\"ListItem\",\"position\":1,\"name\":\"Home\",\"item\":\"https:\\\/\\\/www.facecorner.lv\\\/\"},{\"@type\":\"ListItem\",\"position\":2,\"name\":\"Veikals\",\"item\":\"https:\\\/\\\/www.facecorner.lv\\\/shop\\\/\"},{\"@type\":\"ListItem\",\"position\":3,\"name\":\"Axis-y Quinoa One Step Balanced Gel Cleanser 180ml\"}]},{\"@type\":\"WebSite\",\"@id\":\"https:\\\/\\\/www.facecorner.lv\\\/#website\",\"url\":\"https:\\\/\\\/www.facecorner.lv\\\/\",\"name\":\"Facecorner\",\"description\":\"\",\"publisher\":{\"@id\":\"https:\\\/\\\/www.facecorner.lv\\\/#organization\"},\"potentialAction\":[{\"@type\":\"SearchAction\",\"target\":{\"@type\":\"EntryPoint\",\"urlTemplate\":\"https:\\\/\\\/www.facecorner.lv\\\/?s={search_term_string}\"},\"query-input\":{\"@type\":\"PropertyValueSpecification\",\"valueRequired\":true,\"valueName\":\"search_term_string\"}}],\"inLanguage\":\"en-US\"},{\"@type\":\"Organization\",\"@id\":\"https:\\\/\\\/www.facecorner.lv\\\/#organization\",\"name\":\"Facecorner\",\"url\":\"https:\\\/\\\/www.facecorner.lv\\\/\",\"logo\":{\"@type\":\"ImageObject\",\"inLanguage\":\"en-US\",\"@id\":\"https:\\\/\\\/www.facecorner.lv\\\/#\\\/schema\\\/logo\\\/image\\\/\",\"url\":\"https:\\\/\\\/www.facecorner.lv\\\/wp-content\\\/uploads\\\/2024\\\/04\\\/fc-logo.jpg\",\"contentUrl\":\"https:\\\/\\\/www.facecorner.lv\\\/wp-content\\\/uploads\\\/2024\\\/04\\\/fc-logo.jpg\",\"width\":174,\"height\":28,\"caption\":\"Facecorner\"},\"image\":{\"@id\":\"https:\\\/\\\/www.facecorner.lv\\\/#\\\/schema\\\/logo\\\/image\\\/\"},\"sameAs\":[\"https:\\\/\\\/www.facebook.com\\\/profile.php?id=100063824551839\",\"https:\\\/\\\/www.instagram.com\\\/facecorner_shop\\\/\"]}]}<\/script>\n<meta property=\"product:price:amount\" content=\"11.99\" \/>\n<meta property=\"product:price:currency\" content=\"EUR\" \/>\n<meta property=\"og:availability\" content=\"instock\" \/>\n<meta property=\"product:availability\" content=\"instock\" \/>\n<meta property=\"product:condition\" content=\"new\" \/>\n<!-- \/ Yoast SEO plugin. -->","yoast_head_json":{"title":"Axis-y Quinoa One Step Balanced Gel Cleanser 180ml - FACECORNER","robots":{"index":"index","follow":"follow","max-snippet":"max-snippet:-1","max-image-preview":"max-image-preview:large","max-video-preview":"max-video-preview:-1"},"canonical":"https:\/\/www.facecorner.lv\/en\/shop\/axis-y-quinoa-one-step-balanced-gel-cleanser-180ml\/","og_locale":"en_US","og_type":"article","og_title":"Axis-y Quinoa One Step Balanced Gel Cleanser 180ml - FACECORNER","og_description":"Axis-y &#8211; Nomierino\u0161s g\u0113ls mazg\u0101\u0161anai &#8211; m\u012bksts att\u012bro\u0161s g\u0113ls visiem \u0101das tipiem, ar\u012b problem\u0101tiskai un taukainai \u0101dai. Tas no\u0146em net\u012brumus, vienlaikus r\u016bp\u0113joties par \u0101das st\u0101vokli un t\u0101s lip\u012bdu barjeru. Formula satur kvinojas ekstraktu, kas mitrina un m\u012bkstina epidermu. Beta\u012bns kop\u0101 ar \u0100zijas centellas ekstraktu nomierina un atjauno \u0101du, bet api\u0146u ekstraktam piem\u012bt pretaknes un pretiekaisuma [&hellip;]","og_url":"https:\/\/www.facecorner.lv\/en\/shop\/axis-y-quinoa-one-step-balanced-gel-cleanser-180ml\/","og_site_name":"FACECORNER","article_publisher":"https:\/\/www.facebook.com\/profile.php?id=100063824551839","article_modified_time":"2026-03-31T11:41:01+00:00","og_image":[{"width":1733,"height":1733,"url":"https:\/\/www.facecorner.lv\/wp-content\/uploads\/2023\/11\/AXIS-Y_Quinoa_One_Step_Balanced_Gel_Cleanser.jpg.webp","type":"image\/webp"}],"twitter_card":"summary_large_image","twitter_misc":{"Price":"&euro;11.99","Availability":"In stock"},"schema":{"@context":"https:\/\/schema.org","@graph":[{"@type":"WebPage","@id":"https:\/\/www.facecorner.lv\/shop\/axis-y-quinoa-one-step-balanced-gel-cleanser-180ml\/","url":"https:\/\/www.facecorner.lv\/shop\/axis-y-quinoa-one-step-balanced-gel-cleanser-180ml\/","name":"Axis-y Quinoa One Step Balanced Gel Cleanser 180ml - FACECORNER","isPartOf":{"@id":"https:\/\/www.facecorner.lv\/#website"},"primaryImageOfPage":{"@id":"https:\/\/www.facecorner.lv\/shop\/axis-y-quinoa-one-step-balanced-gel-cleanser-180ml\/#primaryimage"},"image":{"@id":"https:\/\/www.facecorner.lv\/shop\/axis-y-quinoa-one-step-balanced-gel-cleanser-180ml\/#primaryimage"},"thumbnailUrl":"https:\/\/www.facecorner.lv\/wp-content\/uploads\/2023\/11\/AXIS-Y_Quinoa_One_Step_Balanced_Gel_Cleanser.jpg.webp","datePublished":"2023-11-10T18:30:39+00:00","dateModified":"2026-03-31T11:41:01+00:00","breadcrumb":{"@id":"https:\/\/www.facecorner.lv\/shop\/axis-y-quinoa-one-step-balanced-gel-cleanser-180ml\/#breadcrumb"},"inLanguage":"en-US","potentialAction":[{"@type":"ReadAction","target":["https:\/\/www.facecorner.lv\/shop\/axis-y-quinoa-one-step-balanced-gel-cleanser-180ml\/"]}]},{"@type":"ImageObject","inLanguage":"en-US","@id":"https:\/\/www.facecorner.lv\/shop\/axis-y-quinoa-one-step-balanced-gel-cleanser-180ml\/#primaryimage","url":"https:\/\/www.facecorner.lv\/wp-content\/uploads\/2023\/11\/AXIS-Y_Quinoa_One_Step_Balanced_Gel_Cleanser.jpg.webp","contentUrl":"https:\/\/www.facecorner.lv\/wp-content\/uploads\/2023\/11\/AXIS-Y_Quinoa_One_Step_Balanced_Gel_Cleanser.jpg.webp","width":1733,"height":1733},{"@type":"BreadcrumbList","@id":"https:\/\/www.facecorner.lv\/shop\/axis-y-quinoa-one-step-balanced-gel-cleanser-180ml\/#breadcrumb","itemListElement":[{"@type":"ListItem","position":1,"name":"Home","item":"https:\/\/www.facecorner.lv\/"},{"@type":"ListItem","position":2,"name":"Veikals","item":"https:\/\/www.facecorner.lv\/shop\/"},{"@type":"ListItem","position":3,"name":"Axis-y Quinoa One Step Balanced Gel Cleanser 180ml"}]},{"@type":"WebSite","@id":"https:\/\/www.facecorner.lv\/#website","url":"https:\/\/www.facecorner.lv\/","name":"Facecorner","description":"","publisher":{"@id":"https:\/\/www.facecorner.lv\/#organization"},"potentialAction":[{"@type":"SearchAction","target":{"@type":"EntryPoint","urlTemplate":"https:\/\/www.facecorner.lv\/?s={search_term_string}"},"query-input":{"@type":"PropertyValueSpecification","valueRequired":true,"valueName":"search_term_string"}}],"inLanguage":"en-US"},{"@type":"Organization","@id":"https:\/\/www.facecorner.lv\/#organization","name":"Facecorner","url":"https:\/\/www.facecorner.lv\/","logo":{"@type":"ImageObject","inLanguage":"en-US","@id":"https:\/\/www.facecorner.lv\/#\/schema\/logo\/image\/","url":"https:\/\/www.facecorner.lv\/wp-content\/uploads\/2024\/04\/fc-logo.jpg","contentUrl":"https:\/\/www.facecorner.lv\/wp-content\/uploads\/2024\/04\/fc-logo.jpg","width":174,"height":28,"caption":"Facecorner"},"image":{"@id":"https:\/\/www.facecorner.lv\/#\/schema\/logo\/image\/"},"sameAs":["https:\/\/www.facebook.com\/profile.php?id=100063824551839","https:\/\/www.instagram.com\/facecorner_shop\/"]}]},"product_price_amount":"11.99","product_price_currency":"EUR","og_availability":"instock","product_availability":"instock","product_condition":"new"},"_links":{"self":[{"href":"https:\/\/www.facecorner.lv\/en\/wp-json\/wp\/v2\/product\/12908","targetHints":{"allow":["GET"]}}],"collection":[{"href":"https:\/\/www.facecorner.lv\/en\/wp-json\/wp\/v2\/product"}],"about":[{"href":"https:\/\/www.facecorner.lv\/en\/wp-json\/wp\/v2\/types\/product"}],"replies":[{"embeddable":true,"href":"https:\/\/www.facecorner.lv\/en\/wp-json\/wp\/v2\/comments?post=12908"}],"wp:featuredmedia":[{"embeddable":true,"href":"https:\/\/www.facecorner.lv\/en\/wp-json\/wp\/v2\/media\/12909"}],"wp:attachment":[{"href":"https:\/\/www.facecorner.lv\/en\/wp-json\/wp\/v2\/media?parent=12908"}],"wp:term":[{"taxonomy":"product_brand","embeddable":true,"href":"https:\/\/www.facecorner.lv\/en\/wp-json\/wp\/v2\/product_brand?post=12908"},{"taxonomy":"product_cat","embeddable":true,"href":"https:\/\/www.facecorner.lv\/en\/wp-json\/wp\/v2\/product_cat?post=12908"},{"taxonomy":"product_tag","embeddable":true,"href":"https:\/\/www.facecorner.lv\/en\/wp-json\/wp\/v2\/product_tag?post=12908"},{"taxonomy":"berocket_brand","embeddable":true,"href":"https:\/\/www.facecorner.lv\/en\/wp-json\/wp\/v2\/berocket_brand?post=12908"}],"curies":[{"name":"wp","href":"https:\/\/api.w.org\/{rel}","templated":true}]}}