{"id":12905,"date":"2023-11-10T20:23:51","date_gmt":"2023-11-10T18:23:51","guid":{"rendered":"https:\/\/www.facecorner.lv\/?post_type=product&#038;p=12905"},"modified":"2024-03-02T15:22:50","modified_gmt":"2024-03-02T13:22:50","slug":"axis-y-cera-heart-my-type-duo-cream-60-ml","status":"publish","type":"product","link":"https:\/\/www.facecorner.lv\/en\/shop\/axis-y-cera-heart-my-type-duo-cream-60-ml\/","title":{"rendered":"Axis-Y Cera-Heart My Type Duo Cream 60 ml"},"content":{"rendered":"<p>AXIS-Y Cera-Heart My Type Duo Cream ir divk\u0101r\u0161s mitrino\u0161s kr\u0113ms kombin\u0113tai \u0101dai, kas \u012bpa\u0161i izstr\u0101d\u0101ts T-zonai un U-zonai, r\u016bp\u0113joties par da\u017e\u0101d\u0101m \u0101das probl\u0113m\u0101m, kas var rasties. AXYS-Y ir veg\u0101nu z\u012bmols, tas netiek test\u0113ts uz dz\u012bvniekiem, un neviens produkts nesatur m\u0101ksl\u012bg\u0101s kr\u0101svielas, miner\u0101le\u013c\u013cas, smar\u017evielas vai parab\u0113nus. Tikai EWG sertific\u0113tas za\u013c\u0101s kvalit\u0101tes sast\u0101vda\u013cas ar minim\u0101lu sast\u0101vda\u013cu daudzumu.<\/p>\n<p>Satur Centella Asiatica ab\u0101s formul\u0101s, lai uzlabotu visp\u0101r\u0113jo mitruma l\u012bmeni un \u0101das tekst\u016bru. Sorgo ekstrakts atjauno un veicina izgaismo\u0161anos, samazinot grumbu par\u0101d\u012b\u0161anos. U Zone un T Zone kr\u0113mi nodro\u0161ina \u0101das kop\u0161anu visa gada garum\u0101 pat ar past\u0101v\u012bgi main\u012bg\u0101m mitrin\u0101\u0161anas vajadz\u012bb\u0101m<strong>. \u0160\u012bs ir divas unik\u0101las formulas, lai apmierin\u0101tu jebk\u0101das mitrin\u0101\u0161anas vajadz\u012bbas: mitrina taukainu \u0101du, neradot taukainas saj\u016btas; baro un m\u012bkstina sausu \u0101du.<\/strong><\/p>\n<p><strong>How to use:\nAfter cleansing and toning, place the mask sheet on your face and let it rest for 30 minutes.<\/strong>Uzkl\u0101jiet nelielu daudzumu k\u0101 p\u0113d\u0113jo kop\u0161anas soli:<\/p>\n<ul>\n<li>T Zone kr\u0113ms taukain\u0101m zon\u0101m;<\/li>\n<li>U Zone kr\u0113ms saus\u0101k\u0101m viet\u0101m;<\/li>\n<li>Sajauciet norm\u0101l\u0101m zon\u0101m.<\/li>\n<\/ul>\n<p><strong>Ingredientes:\u00a0<\/strong><span style=\"color: var(--g5-color-text-main); font-family: var(--g5-body-font); font-size: var(--g5-body-font-size); font-style: var(--g5-body-font-style); letter-spacing: var(--g5-body-letter-spacing); text-transform: var(--g5-body-text-transform);\">T Zone Cream<\/span><\/p>\n<div class=\"container m-t-30 m-b-80 m-b-30-sm m-t-10-xs\">\n<div class=\"row is-grid m-t-30\">\n<div class=\"cell-12\">\n<div class=\"product-description pallette_2 no_bg\">\n<div class=\"tabs product_tabs js-tabs is-active-container\" data-tabs-container=\"\">\n<div class=\"tabs-box\" data-tab-box=\"tabs\">\n<div class=\"tabs-target editor is-tab-active\" data-tab-target=\"sostav\">\n<p>Water, Propanediol, Glycerin, Sodium Hyaluronate, Butylene Glycol, Sorbitol, Isohexadecane, Caprylic\/Capric Triglyceride, Houttuynia Cordata Extract, Betaine, Centella Asiatica Extract, Glyceryl Stearate, Salvia Officinalis (Sage) Extract, Glycyrrhiza Glabra (Licorice) Root Extract, Sorghum Bicolor Leaf\/Stem Extract, Aspergillus Ferment, Chlorphenesin, Arginine, Acrylates\/C10-30 Alkyl Acrylate Crosspolymer, Allantoin, Sorbitan Sesquioleate, Ethylhexylglycerin, Xanthan Gum, Guaiazulene<\/p>\n<p>U Zone Cream<br \/>\nWater, Butylene Glycol, Glycerin, Cetyl Ethylhexanoate, Simmondsia Chinensis (Jojoba) Seed Oil, Caprylic\/Capric Triglyceride, Isohexadecane, Sodium Hyaluronate, Ceramide NP, Sorbitan Stearate, Glyceryl Stearate, Microcrystalline Wax, Sorbitol, Centella Asiatica Extract, Candelilla Cera, Sorbitan Sesquioleate, Sorghum Bicolor Leaf\/Stem Extract, Aspergillus Ferment, Portulaca Oleracea Extract, Salicornia Herbacea Extract, Phragmites Communis Extract, Chlorphenesin, Arginine, Carbomer, Xanthan Gum, Allantoin, Ethylhexylglycerin<\/p>\n<\/div>\n<\/div>\n<\/div>\n<\/div>\n<\/div>\n<\/div>\n<\/div>\n<div class=\"p-b-100 p-b-50-m\">\n<div class=\"js-products-slider products products-is-related slider-afe6f0ff004649e683f4a02617650eca arrow-hide\">\n<div class=\"container relative\"><\/div>\n<\/div>\n<\/div>","protected":false},"excerpt":{"rendered":"<p>AXIS-Y Cera-Heart My Type Duo Cream ir divk\u0101r\u0161s mitrino\u0161s kr\u0113ms kombin\u0113tai \u0101dai, kas \u012bpa\u0161i izstr\u0101d\u0101ts T-zonai un U-zonai, r\u016bp\u0113joties par da\u017e\u0101d\u0101m \u0101das probl\u0113m\u0101m, kas var rasties. AXYS-Y ir veg\u0101nu z\u012bmols, tas netiek test\u0113ts uz dz\u012bvniekiem, un neviens produkts nesatur m\u0101ksl\u012bg\u0101s kr\u0101svielas, miner\u0101le\u013c\u013cas, smar\u017evielas vai parab\u0113nus. Tikai EWG sertific\u0113tas za\u013c\u0101s kvalit\u0101tes sast\u0101vda\u013cas ar minim\u0101lu sast\u0101vda\u013cu daudzumu. [&hellip;]<\/p>\n","protected":false},"featured_media":12907,"comment_status":"open","ping_status":"closed","template":"","meta":{"site-sidebar-layout":"default","site-content-layout":"","ast-site-content-layout":"","site-content-style":"default","site-sidebar-style":"default","ast-global-header-display":"","ast-banner-title-visibility":"","ast-main-header-display":"","ast-hfb-above-header-display":"","ast-hfb-below-header-display":"","ast-hfb-mobile-header-display":"","site-post-title":"","ast-breadcrumbs-content":"","ast-featured-img":"","footer-sml-layout":"","theme-transparent-header-meta":"","adv-header-id-meta":"","stick-header-meta":"","header-above-stick-meta":"","header-main-stick-meta":"","header-below-stick-meta":"","astra-migrate-meta-layouts":"default","ast-page-background-enabled":"default","ast-page-background-meta":{"desktop":{"background-color":"var(--ast-global-color-4)","background-image":"","background-repeat":"repeat","background-position":"center center","background-size":"auto","background-attachment":"scroll","background-type":"","background-media":"","overlay-type":"","overlay-color":"","overlay-opacity":"","overlay-gradient":""},"tablet":{"background-color":"","background-image":"","background-repeat":"repeat","background-position":"center center","background-size":"auto","background-attachment":"scroll","background-type":"","background-media":"","overlay-type":"","overlay-color":"","overlay-opacity":"","overlay-gradient":""},"mobile":{"background-color":"","background-image":"","background-repeat":"repeat","background-position":"center center","background-size":"auto","background-attachment":"scroll","background-type":"","background-media":"","overlay-type":"","overlay-color":"","overlay-opacity":"","overlay-gradient":""}},"ast-content-background-meta":{"desktop":{"background-color":"var(--ast-global-color-5)","background-image":"","background-repeat":"repeat","background-position":"center center","background-size":"auto","background-attachment":"scroll","background-type":"","background-media":"","overlay-type":"","overlay-color":"","overlay-opacity":"","overlay-gradient":""},"tablet":{"background-color":"var(--ast-global-color-5)","background-image":"","background-repeat":"repeat","background-position":"center center","background-size":"auto","background-attachment":"scroll","background-type":"","background-media":"","overlay-type":"","overlay-color":"","overlay-opacity":"","overlay-gradient":""},"mobile":{"background-color":"var(--ast-global-color-5)","background-image":"","background-repeat":"repeat","background-position":"center center","background-size":"auto","background-attachment":"scroll","background-type":"","background-media":"","overlay-type":"","overlay-color":"","overlay-opacity":"","overlay-gradient":""}}},"product_brand":[],"product_cat":[365,366,367,369,362],"product_tag":[],"berocket_brand":[],"class_list":{"0":"post-12905","1":"product","2":"type-product","3":"status-publish","4":"has-post-thumbnail","6":"product_cat-barojoss","7":"product_cat-mitrinoss","8":"product_cat-nomierinoss","9":"product_cat-problematiskai-adai-sejas-krems","10":"product_cat-sejas-krems","11":"desktop-align-left","12":"tablet-align-left","13":"mobile-align-left","15":"first","16":"outofstock","17":"taxable","18":"shipping-taxable","19":"purchasable","20":"product-type-simple","21":"add-to-wishlist-before_image"},"yoast_head":"<!-- This site is optimized with the Yoast SEO plugin v27.3 - https:\/\/yoast.com\/product\/yoast-seo-wordpress\/ -->\n<title>Axis-Y Cera-Heart My Type Duo Cream 60 ml - FACECORNER<\/title>\n<meta name=\"robots\" content=\"index, follow, max-snippet:-1, max-image-preview:large, max-video-preview:-1\" \/>\n<link rel=\"canonical\" href=\"https:\/\/www.facecorner.lv\/en\/shop\/axis-y-cera-heart-my-type-duo-cream-60-ml\/\" \/>\n<meta property=\"og:locale\" content=\"en_US\" \/>\n<meta property=\"og:type\" content=\"article\" \/>\n<meta property=\"og:title\" content=\"Axis-Y Cera-Heart My Type Duo Cream 60 ml - FACECORNER\" \/>\n<meta property=\"og:description\" content=\"AXIS-Y Cera-Heart My Type Duo Cream ir divk\u0101r\u0161s mitrino\u0161s kr\u0113ms kombin\u0113tai \u0101dai, kas \u012bpa\u0161i izstr\u0101d\u0101ts T-zonai un U-zonai, r\u016bp\u0113joties par da\u017e\u0101d\u0101m \u0101das probl\u0113m\u0101m, kas var rasties. AXYS-Y ir veg\u0101nu z\u012bmols, tas netiek test\u0113ts uz dz\u012bvniekiem, un neviens produkts nesatur m\u0101ksl\u012bg\u0101s kr\u0101svielas, miner\u0101le\u013c\u013cas, smar\u017evielas vai parab\u0113nus. Tikai EWG sertific\u0113tas za\u013c\u0101s kvalit\u0101tes sast\u0101vda\u013cas ar minim\u0101lu sast\u0101vda\u013cu daudzumu. [&hellip;]\" \/>\n<meta property=\"og:url\" content=\"https:\/\/www.facecorner.lv\/en\/shop\/axis-y-cera-heart-my-type-duo-cream-60-ml\/\" \/>\n<meta property=\"og:site_name\" content=\"FACECORNER\" \/>\n<meta property=\"article:publisher\" content=\"https:\/\/www.facebook.com\/profile.php?id=100063824551839\" \/>\n<meta property=\"article:modified_time\" content=\"2024-03-02T13:22:50+00:00\" \/>\n<meta property=\"og:image\" content=\"https:\/\/www.facecorner.lv\/wp-content\/uploads\/2023\/11\/3-e51d11b5749295b1a906b4f7ae942fb8.jpg\" \/>\n\t<meta property=\"og:image:width\" content=\"700\" \/>\n\t<meta property=\"og:image:height\" content=\"700\" \/>\n\t<meta property=\"og:image:type\" content=\"image\/jpeg\" \/>\n<meta name=\"twitter:card\" content=\"summary_large_image\" \/>\n<meta name=\"twitter:label1\" content=\"Price\" \/>\n\t<meta name=\"twitter:data1\" content=\"&euro;25.30\" \/>\n\t<meta name=\"twitter:label2\" content=\"Availability\" \/>\n\t<meta name=\"twitter:data2\" content=\"Out of stock\" \/>\n<script type=\"application\/ld+json\" class=\"yoast-schema-graph\">{\"@context\":\"https:\\\/\\\/schema.org\",\"@graph\":[{\"@type\":\"WebPage\",\"@id\":\"https:\\\/\\\/www.facecorner.lv\\\/shop\\\/axis-y-cera-heart-my-type-duo-cream-60-ml\\\/\",\"url\":\"https:\\\/\\\/www.facecorner.lv\\\/shop\\\/axis-y-cera-heart-my-type-duo-cream-60-ml\\\/\",\"name\":\"Axis-Y Cera-Heart My Type Duo Cream 60 ml - FACECORNER\",\"isPartOf\":{\"@id\":\"https:\\\/\\\/www.facecorner.lv\\\/#website\"},\"primaryImageOfPage\":{\"@id\":\"https:\\\/\\\/www.facecorner.lv\\\/shop\\\/axis-y-cera-heart-my-type-duo-cream-60-ml\\\/#primaryimage\"},\"image\":{\"@id\":\"https:\\\/\\\/www.facecorner.lv\\\/shop\\\/axis-y-cera-heart-my-type-duo-cream-60-ml\\\/#primaryimage\"},\"thumbnailUrl\":\"https:\\\/\\\/www.facecorner.lv\\\/wp-content\\\/uploads\\\/2023\\\/11\\\/3-e51d11b5749295b1a906b4f7ae942fb8.jpg\",\"datePublished\":\"2023-11-10T18:23:51+00:00\",\"dateModified\":\"2024-03-02T13:22:50+00:00\",\"breadcrumb\":{\"@id\":\"https:\\\/\\\/www.facecorner.lv\\\/shop\\\/axis-y-cera-heart-my-type-duo-cream-60-ml\\\/#breadcrumb\"},\"inLanguage\":\"en-US\",\"potentialAction\":[{\"@type\":\"ReadAction\",\"target\":[\"https:\\\/\\\/www.facecorner.lv\\\/shop\\\/axis-y-cera-heart-my-type-duo-cream-60-ml\\\/\"]}]},{\"@type\":\"ImageObject\",\"inLanguage\":\"en-US\",\"@id\":\"https:\\\/\\\/www.facecorner.lv\\\/shop\\\/axis-y-cera-heart-my-type-duo-cream-60-ml\\\/#primaryimage\",\"url\":\"https:\\\/\\\/www.facecorner.lv\\\/wp-content\\\/uploads\\\/2023\\\/11\\\/3-e51d11b5749295b1a906b4f7ae942fb8.jpg\",\"contentUrl\":\"https:\\\/\\\/www.facecorner.lv\\\/wp-content\\\/uploads\\\/2023\\\/11\\\/3-e51d11b5749295b1a906b4f7ae942fb8.jpg\",\"width\":700,\"height\":700},{\"@type\":\"BreadcrumbList\",\"@id\":\"https:\\\/\\\/www.facecorner.lv\\\/shop\\\/axis-y-cera-heart-my-type-duo-cream-60-ml\\\/#breadcrumb\",\"itemListElement\":[{\"@type\":\"ListItem\",\"position\":1,\"name\":\"Home\",\"item\":\"https:\\\/\\\/www.facecorner.lv\\\/\"},{\"@type\":\"ListItem\",\"position\":2,\"name\":\"Veikals\",\"item\":\"https:\\\/\\\/www.facecorner.lv\\\/shop\\\/\"},{\"@type\":\"ListItem\",\"position\":3,\"name\":\"Axis-Y Cera-Heart My Type Duo Cream 60 ml\"}]},{\"@type\":\"WebSite\",\"@id\":\"https:\\\/\\\/www.facecorner.lv\\\/#website\",\"url\":\"https:\\\/\\\/www.facecorner.lv\\\/\",\"name\":\"Facecorner\",\"description\":\"\",\"publisher\":{\"@id\":\"https:\\\/\\\/www.facecorner.lv\\\/#organization\"},\"potentialAction\":[{\"@type\":\"SearchAction\",\"target\":{\"@type\":\"EntryPoint\",\"urlTemplate\":\"https:\\\/\\\/www.facecorner.lv\\\/?s={search_term_string}\"},\"query-input\":{\"@type\":\"PropertyValueSpecification\",\"valueRequired\":true,\"valueName\":\"search_term_string\"}}],\"inLanguage\":\"en-US\"},{\"@type\":\"Organization\",\"@id\":\"https:\\\/\\\/www.facecorner.lv\\\/#organization\",\"name\":\"Facecorner\",\"url\":\"https:\\\/\\\/www.facecorner.lv\\\/\",\"logo\":{\"@type\":\"ImageObject\",\"inLanguage\":\"en-US\",\"@id\":\"https:\\\/\\\/www.facecorner.lv\\\/#\\\/schema\\\/logo\\\/image\\\/\",\"url\":\"https:\\\/\\\/www.facecorner.lv\\\/wp-content\\\/uploads\\\/2024\\\/04\\\/fc-logo.jpg\",\"contentUrl\":\"https:\\\/\\\/www.facecorner.lv\\\/wp-content\\\/uploads\\\/2024\\\/04\\\/fc-logo.jpg\",\"width\":174,\"height\":28,\"caption\":\"Facecorner\"},\"image\":{\"@id\":\"https:\\\/\\\/www.facecorner.lv\\\/#\\\/schema\\\/logo\\\/image\\\/\"},\"sameAs\":[\"https:\\\/\\\/www.facebook.com\\\/profile.php?id=100063824551839\",\"https:\\\/\\\/www.instagram.com\\\/facecorner_shop\\\/\"]}]}<\/script>\n<meta property=\"product:price:amount\" content=\"25.30\" \/>\n<meta property=\"product:price:currency\" content=\"EUR\" \/>\n<meta property=\"og:availability\" content=\"out of stock\" \/>\n<meta property=\"product:availability\" content=\"out of stock\" \/>\n<meta property=\"product:condition\" content=\"new\" \/>\n<!-- \/ Yoast SEO plugin. -->","yoast_head_json":{"title":"Axis-Y Cera-Heart My Type Duo Cream 60 ml - FACECORNER","robots":{"index":"index","follow":"follow","max-snippet":"max-snippet:-1","max-image-preview":"max-image-preview:large","max-video-preview":"max-video-preview:-1"},"canonical":"https:\/\/www.facecorner.lv\/en\/shop\/axis-y-cera-heart-my-type-duo-cream-60-ml\/","og_locale":"en_US","og_type":"article","og_title":"Axis-Y Cera-Heart My Type Duo Cream 60 ml - FACECORNER","og_description":"AXIS-Y Cera-Heart My Type Duo Cream ir divk\u0101r\u0161s mitrino\u0161s kr\u0113ms kombin\u0113tai \u0101dai, kas \u012bpa\u0161i izstr\u0101d\u0101ts T-zonai un U-zonai, r\u016bp\u0113joties par da\u017e\u0101d\u0101m \u0101das probl\u0113m\u0101m, kas var rasties. AXYS-Y ir veg\u0101nu z\u012bmols, tas netiek test\u0113ts uz dz\u012bvniekiem, un neviens produkts nesatur m\u0101ksl\u012bg\u0101s kr\u0101svielas, miner\u0101le\u013c\u013cas, smar\u017evielas vai parab\u0113nus. Tikai EWG sertific\u0113tas za\u013c\u0101s kvalit\u0101tes sast\u0101vda\u013cas ar minim\u0101lu sast\u0101vda\u013cu daudzumu. [&hellip;]","og_url":"https:\/\/www.facecorner.lv\/en\/shop\/axis-y-cera-heart-my-type-duo-cream-60-ml\/","og_site_name":"FACECORNER","article_publisher":"https:\/\/www.facebook.com\/profile.php?id=100063824551839","article_modified_time":"2024-03-02T13:22:50+00:00","og_image":[{"width":700,"height":700,"url":"https:\/\/www.facecorner.lv\/wp-content\/uploads\/2023\/11\/3-e51d11b5749295b1a906b4f7ae942fb8.jpg","type":"image\/jpeg"}],"twitter_card":"summary_large_image","twitter_misc":{"Price":"&euro;25.30","Availability":"Out of stock"},"schema":{"@context":"https:\/\/schema.org","@graph":[{"@type":"WebPage","@id":"https:\/\/www.facecorner.lv\/shop\/axis-y-cera-heart-my-type-duo-cream-60-ml\/","url":"https:\/\/www.facecorner.lv\/shop\/axis-y-cera-heart-my-type-duo-cream-60-ml\/","name":"Axis-Y Cera-Heart My Type Duo Cream 60 ml - FACECORNER","isPartOf":{"@id":"https:\/\/www.facecorner.lv\/#website"},"primaryImageOfPage":{"@id":"https:\/\/www.facecorner.lv\/shop\/axis-y-cera-heart-my-type-duo-cream-60-ml\/#primaryimage"},"image":{"@id":"https:\/\/www.facecorner.lv\/shop\/axis-y-cera-heart-my-type-duo-cream-60-ml\/#primaryimage"},"thumbnailUrl":"https:\/\/www.facecorner.lv\/wp-content\/uploads\/2023\/11\/3-e51d11b5749295b1a906b4f7ae942fb8.jpg","datePublished":"2023-11-10T18:23:51+00:00","dateModified":"2024-03-02T13:22:50+00:00","breadcrumb":{"@id":"https:\/\/www.facecorner.lv\/shop\/axis-y-cera-heart-my-type-duo-cream-60-ml\/#breadcrumb"},"inLanguage":"en-US","potentialAction":[{"@type":"ReadAction","target":["https:\/\/www.facecorner.lv\/shop\/axis-y-cera-heart-my-type-duo-cream-60-ml\/"]}]},{"@type":"ImageObject","inLanguage":"en-US","@id":"https:\/\/www.facecorner.lv\/shop\/axis-y-cera-heart-my-type-duo-cream-60-ml\/#primaryimage","url":"https:\/\/www.facecorner.lv\/wp-content\/uploads\/2023\/11\/3-e51d11b5749295b1a906b4f7ae942fb8.jpg","contentUrl":"https:\/\/www.facecorner.lv\/wp-content\/uploads\/2023\/11\/3-e51d11b5749295b1a906b4f7ae942fb8.jpg","width":700,"height":700},{"@type":"BreadcrumbList","@id":"https:\/\/www.facecorner.lv\/shop\/axis-y-cera-heart-my-type-duo-cream-60-ml\/#breadcrumb","itemListElement":[{"@type":"ListItem","position":1,"name":"Home","item":"https:\/\/www.facecorner.lv\/"},{"@type":"ListItem","position":2,"name":"Veikals","item":"https:\/\/www.facecorner.lv\/shop\/"},{"@type":"ListItem","position":3,"name":"Axis-Y Cera-Heart My Type Duo Cream 60 ml"}]},{"@type":"WebSite","@id":"https:\/\/www.facecorner.lv\/#website","url":"https:\/\/www.facecorner.lv\/","name":"Facecorner","description":"","publisher":{"@id":"https:\/\/www.facecorner.lv\/#organization"},"potentialAction":[{"@type":"SearchAction","target":{"@type":"EntryPoint","urlTemplate":"https:\/\/www.facecorner.lv\/?s={search_term_string}"},"query-input":{"@type":"PropertyValueSpecification","valueRequired":true,"valueName":"search_term_string"}}],"inLanguage":"en-US"},{"@type":"Organization","@id":"https:\/\/www.facecorner.lv\/#organization","name":"Facecorner","url":"https:\/\/www.facecorner.lv\/","logo":{"@type":"ImageObject","inLanguage":"en-US","@id":"https:\/\/www.facecorner.lv\/#\/schema\/logo\/image\/","url":"https:\/\/www.facecorner.lv\/wp-content\/uploads\/2024\/04\/fc-logo.jpg","contentUrl":"https:\/\/www.facecorner.lv\/wp-content\/uploads\/2024\/04\/fc-logo.jpg","width":174,"height":28,"caption":"Facecorner"},"image":{"@id":"https:\/\/www.facecorner.lv\/#\/schema\/logo\/image\/"},"sameAs":["https:\/\/www.facebook.com\/profile.php?id=100063824551839","https:\/\/www.instagram.com\/facecorner_shop\/"]}]},"product_price_amount":"25.30","product_price_currency":"EUR","og_availability":"out of stock","product_availability":"out of stock","product_condition":"new"},"_links":{"self":[{"href":"https:\/\/www.facecorner.lv\/en\/wp-json\/wp\/v2\/product\/12905","targetHints":{"allow":["GET"]}}],"collection":[{"href":"https:\/\/www.facecorner.lv\/en\/wp-json\/wp\/v2\/product"}],"about":[{"href":"https:\/\/www.facecorner.lv\/en\/wp-json\/wp\/v2\/types\/product"}],"replies":[{"embeddable":true,"href":"https:\/\/www.facecorner.lv\/en\/wp-json\/wp\/v2\/comments?post=12905"}],"wp:featuredmedia":[{"embeddable":true,"href":"https:\/\/www.facecorner.lv\/en\/wp-json\/wp\/v2\/media\/12907"}],"wp:attachment":[{"href":"https:\/\/www.facecorner.lv\/en\/wp-json\/wp\/v2\/media?parent=12905"}],"wp:term":[{"taxonomy":"product_brand","embeddable":true,"href":"https:\/\/www.facecorner.lv\/en\/wp-json\/wp\/v2\/product_brand?post=12905"},{"taxonomy":"product_cat","embeddable":true,"href":"https:\/\/www.facecorner.lv\/en\/wp-json\/wp\/v2\/product_cat?post=12905"},{"taxonomy":"product_tag","embeddable":true,"href":"https:\/\/www.facecorner.lv\/en\/wp-json\/wp\/v2\/product_tag?post=12905"},{"taxonomy":"berocket_brand","embeddable":true,"href":"https:\/\/www.facecorner.lv\/en\/wp-json\/wp\/v2\/berocket_brand?post=12905"}],"curies":[{"name":"wp","href":"https:\/\/api.w.org\/{rel}","templated":true}]}}