{"id":12902,"date":"2023-11-10T20:12:16","date_gmt":"2023-11-10T18:12:16","guid":{"rendered":"https:\/\/www.facecorner.lv\/?post_type=product&#038;p=12902"},"modified":"2026-03-31T14:41:12","modified_gmt":"2026-03-31T11:41:12","slug":"axis-y-dark-spot-correcting-glow-serum-50ml","status":"publish","type":"product","link":"https:\/\/www.facecorner.lv\/en\/shop\/axis-y-dark-spot-correcting-glow-serum-50ml\/","title":{"rendered":"AXIS-Y Dark Spot Correcting Glow Serum 50ml"},"content":{"rendered":"<p>Izgaismojo\u0161s serums ar niacinam\u012bdu AXIS-Y Dark Spot Correcting Glow Serum toniz\u0113 \u0101du no iek\u0161puses, padara gai\u0161\u0101ku, izl\u012bdzina toni, uzlabo \u0101das kr\u0101su un st\u0101vokli, un pats galvenais, pal\u012bdz atbr\u012bvoties no tum\u0161ajiem lokiem zem ac\u012bm.<\/p>\n<p><strong>Niacinam\u012bda izgaismojo\u0161s serums:<\/strong><\/p>\n<ul>\n<li>intens\u012bvi mitrina \u0101du<\/li>\n<li>nov\u0113r\u0161 sausumu un lob\u012b\u0161anos<\/li>\n<li>ir efekt\u012bvs l\u012bdzeklis pigment\u0101cijas nov\u0113r\u0161anai p\u0113c l\u0101zerterapijas<\/li>\n<li>ir izgaismojo\u0161s efekts un izl\u012bdzina \u0101das toni<\/li>\n<li>pa\u0101trina p\u016bt\u012btes dz\u012b\u0161anu un nomierina iekaisu\u0161o \u0101du<\/li>\n<li>piem\u012bt antioksidanta un nomierino\u0161as \u012bpa\u0161\u012bbas<\/li>\n<li>Serumam ir nedaudz caursp\u012bd\u012bga g\u0113la tekst\u016bra, kas lieliski ies\u016bcas un neatst\u0101j lip\u012bgu saj\u016btu, tikai mitrina fini\u0161u.<\/li>\n<\/ul>\n<p>Produkts nesatur parab\u0113nus un citas kait\u012bgas sint\u0113tiskas vielas un m\u0101ksl\u012bg\u0101s kr\u0101svielas, tas ir \u0113tisks kosm\u0113tikas l\u012bdzeklis, jo nav test\u0113ts uz dz\u012bvniekiem.<\/p>\n<p><strong>How to use:\nAfter cleansing and toning, place the mask sheet on your face and let it rest for 30 minutes.\u00a0<\/strong>P\u0113c t\u012br\u012b\u0161anas un tonera lieto\u0161anas uzkl\u0101jiet nelielu produkta daudzumu uz problem\u0101tiskaj\u0101m zon\u0101m vai uz visas sejas un ar maig\u0101m mas\u0101\u017eas kust\u012bb\u0101m iemas\u0113jiet, l\u012bdz tas piln\u012bb\u0101 uzs\u016bcas.<\/p>\n<p><strong>Ra\u017eot\u0101ja ieteikumi:\u00a0<\/strong>Lai sasniegtu redzamus rezult\u0101tus, produktu ieteicams lietot no r\u012bta un vakar\u0101.<br \/>\nVakaros varat to izmantot k\u0101 nakts nenomazg\u0101jamu masku.<\/p>\n<p><strong>Ingredientes:<\/strong> Water, Glycerin, Niacina mide, Sodium Hyaluronate, Propanediol, Erythritol, But ylene Glycol, Squalane, Ory za Sativa (Rice) Bran Extra ct, Calendula Officinalis Ex tract, Carica Papaya (Papay a) Fruit Extract, Hippophae Rhamnoides Fruit Extract, Malpighia Glabra (Acerola) Fruit Extract, Polyglyceryl -10 Laurate, Chlorphenesin, Arginine, Ethylhexylglycer in, Carbomer, Glutathione, 1,2-Hexanediol, Hydroxprop yl Cyclodextrin, Disodium EDTA, Hydroxyethylcellulo se, Allantoin, Rosmarinus Officinalis (Rosemary) Leaf Oil<\/p>","protected":false},"excerpt":{"rendered":"<p>Izgaismojo\u0161s serums ar niacinam\u012bdu AXIS-Y Dark Spot Correcting Glow Serum toniz\u0113 \u0101du no iek\u0161puses, padara gai\u0161\u0101ku, izl\u012bdzina toni, uzlabo \u0101das kr\u0101su un st\u0101vokli, un pats galvenais, pal\u012bdz atbr\u012bvoties no tum\u0161ajiem lokiem zem ac\u012bm. Niacinam\u012bda izgaismojo\u0161s serums: intens\u012bvi mitrina \u0101du nov\u0113r\u0161 sausumu un lob\u012b\u0161anos ir efekt\u012bvs l\u012bdzeklis pigment\u0101cijas nov\u0113r\u0161anai p\u0113c l\u0101zerterapijas ir izgaismojo\u0161s efekts un izl\u012bdzina [&hellip;]<\/p>\n","protected":false},"featured_media":12904,"comment_status":"open","ping_status":"closed","template":"","meta":{"site-sidebar-layout":"default","site-content-layout":"","ast-site-content-layout":"default","site-content-style":"default","site-sidebar-style":"default","ast-global-header-display":"","ast-banner-title-visibility":"","ast-main-header-display":"","ast-hfb-above-header-display":"","ast-hfb-below-header-display":"","ast-hfb-mobile-header-display":"","site-post-title":"","ast-breadcrumbs-content":"","ast-featured-img":"","footer-sml-layout":"","theme-transparent-header-meta":"default","adv-header-id-meta":"","stick-header-meta":"","header-above-stick-meta":"","header-main-stick-meta":"","header-below-stick-meta":"","astra-migrate-meta-layouts":"set","ast-page-background-enabled":"default","ast-page-background-meta":{"desktop":{"background-color":"var(--ast-global-color-4)","background-image":"","background-repeat":"repeat","background-position":"center center","background-size":"auto","background-attachment":"scroll","background-type":"","background-media":"","overlay-type":"","overlay-color":"","overlay-opacity":"","overlay-gradient":""},"tablet":{"background-color":"","background-image":"","background-repeat":"repeat","background-position":"center center","background-size":"auto","background-attachment":"scroll","background-type":"","background-media":"","overlay-type":"","overlay-color":"","overlay-opacity":"","overlay-gradient":""},"mobile":{"background-color":"","background-image":"","background-repeat":"repeat","background-position":"center center","background-size":"auto","background-attachment":"scroll","background-type":"","background-media":"","overlay-type":"","overlay-color":"","overlay-opacity":"","overlay-gradient":""}},"ast-content-background-meta":{"desktop":{"background-color":"var(--ast-global-color-5)","background-image":"","background-repeat":"repeat","background-position":"center center","background-size":"auto","background-attachment":"scroll","background-type":"","background-media":"","overlay-type":"","overlay-color":"","overlay-opacity":"","overlay-gradient":""},"tablet":{"background-color":"var(--ast-global-color-5)","background-image":"","background-repeat":"repeat","background-position":"center center","background-size":"auto","background-attachment":"scroll","background-type":"","background-media":"","overlay-type":"","overlay-color":"","overlay-opacity":"","overlay-gradient":""},"mobile":{"background-color":"var(--ast-global-color-5)","background-image":"","background-repeat":"repeat","background-position":"center center","background-size":"auto","background-attachment":"scroll","background-type":"","background-media":"","overlay-type":"","overlay-color":"","overlay-opacity":"","overlay-gradient":""}}},"product_brand":[],"product_cat":[370,371,372,373,374,363],"product_tag":[],"berocket_brand":[577],"class_list":{"0":"post-12902","1":"product","2":"type-product","3":"status-publish","4":"has-post-thumbnail","6":"product_cat-adas-mirdzumam","7":"product_cat-anti-age","8":"product_cat-jutigai-adai-serumi","9":"product_cat-poras-sasaurinoss","10":"product_cat-pret-pinnem","11":"product_cat-serumi","12":"berocket_brand-axis-y","13":"desktop-align-left","14":"tablet-align-left","15":"mobile-align-left","17":"first","18":"outofstock","19":"taxable","20":"shipping-taxable","21":"purchasable","22":"product-type-simple","23":"add-to-wishlist-before_image"},"yoast_head":"<!-- This site is optimized with the Yoast SEO plugin v27.4 - https:\/\/yoast.com\/product\/yoast-seo-wordpress\/ -->\n<title>AXIS-Y Dark Spot Correcting Glow Serum 50ml - FACECORNER<\/title>\n<meta name=\"robots\" content=\"index, follow, max-snippet:-1, max-image-preview:large, max-video-preview:-1\" \/>\n<link rel=\"canonical\" href=\"https:\/\/www.facecorner.lv\/en\/shop\/axis-y-dark-spot-correcting-glow-serum-50ml\/\" \/>\n<meta property=\"og:locale\" content=\"en_US\" \/>\n<meta property=\"og:type\" content=\"article\" \/>\n<meta property=\"og:title\" content=\"AXIS-Y Dark Spot Correcting Glow Serum 50ml - FACECORNER\" \/>\n<meta property=\"og:description\" content=\"Izgaismojo\u0161s serums ar niacinam\u012bdu AXIS-Y Dark Spot Correcting Glow Serum toniz\u0113 \u0101du no iek\u0161puses, padara gai\u0161\u0101ku, izl\u012bdzina toni, uzlabo \u0101das kr\u0101su un st\u0101vokli, un pats galvenais, pal\u012bdz atbr\u012bvoties no tum\u0161ajiem lokiem zem ac\u012bm. Niacinam\u012bda izgaismojo\u0161s serums: intens\u012bvi mitrina \u0101du nov\u0113r\u0161 sausumu un lob\u012b\u0161anos ir efekt\u012bvs l\u012bdzeklis pigment\u0101cijas nov\u0113r\u0161anai p\u0113c l\u0101zerterapijas ir izgaismojo\u0161s efekts un izl\u012bdzina [&hellip;]\" \/>\n<meta property=\"og:url\" content=\"https:\/\/www.facecorner.lv\/en\/shop\/axis-y-dark-spot-correcting-glow-serum-50ml\/\" \/>\n<meta property=\"og:site_name\" content=\"FACECORNER\" \/>\n<meta property=\"article:publisher\" content=\"https:\/\/www.facebook.com\/profile.php?id=100063824551839\" \/>\n<meta property=\"article:modified_time\" content=\"2026-03-31T11:41:12+00:00\" \/>\n<meta property=\"og:image\" content=\"https:\/\/www.facecorner.lv\/wp-content\/uploads\/2023\/11\/AXIS-Y-Dark-Spot-Correcting-Glow-Serum-50ml-1000x1000.png.webp\" \/>\n\t<meta property=\"og:image:width\" content=\"1000\" \/>\n\t<meta property=\"og:image:height\" content=\"1000\" \/>\n\t<meta property=\"og:image:type\" content=\"image\/webp\" \/>\n<meta name=\"twitter:card\" content=\"summary_large_image\" \/>\n<meta name=\"twitter:label1\" content=\"Price\" \/>\n\t<meta name=\"twitter:data1\" content=\"&euro;24.00\" \/>\n\t<meta name=\"twitter:label2\" content=\"Availability\" \/>\n\t<meta name=\"twitter:data2\" content=\"Out of stock\" \/>\n<script type=\"application\/ld+json\" class=\"yoast-schema-graph\">{\"@context\":\"https:\\\/\\\/schema.org\",\"@graph\":[{\"@type\":\"WebPage\",\"@id\":\"https:\\\/\\\/www.facecorner.lv\\\/shop\\\/axis-y-dark-spot-correcting-glow-serum-50ml\\\/\",\"url\":\"https:\\\/\\\/www.facecorner.lv\\\/shop\\\/axis-y-dark-spot-correcting-glow-serum-50ml\\\/\",\"name\":\"AXIS-Y Dark Spot Correcting Glow Serum 50ml - FACECORNER\",\"isPartOf\":{\"@id\":\"https:\\\/\\\/www.facecorner.lv\\\/#website\"},\"primaryImageOfPage\":{\"@id\":\"https:\\\/\\\/www.facecorner.lv\\\/shop\\\/axis-y-dark-spot-correcting-glow-serum-50ml\\\/#primaryimage\"},\"image\":{\"@id\":\"https:\\\/\\\/www.facecorner.lv\\\/shop\\\/axis-y-dark-spot-correcting-glow-serum-50ml\\\/#primaryimage\"},\"thumbnailUrl\":\"https:\\\/\\\/www.facecorner.lv\\\/wp-content\\\/uploads\\\/2023\\\/11\\\/AXIS-Y-Dark-Spot-Correcting-Glow-Serum-50ml-1000x1000.png.webp\",\"datePublished\":\"2023-11-10T18:12:16+00:00\",\"dateModified\":\"2026-03-31T11:41:12+00:00\",\"breadcrumb\":{\"@id\":\"https:\\\/\\\/www.facecorner.lv\\\/shop\\\/axis-y-dark-spot-correcting-glow-serum-50ml\\\/#breadcrumb\"},\"inLanguage\":\"en-US\",\"potentialAction\":[{\"@type\":\"ReadAction\",\"target\":[\"https:\\\/\\\/www.facecorner.lv\\\/shop\\\/axis-y-dark-spot-correcting-glow-serum-50ml\\\/\"]}]},{\"@type\":\"ImageObject\",\"inLanguage\":\"en-US\",\"@id\":\"https:\\\/\\\/www.facecorner.lv\\\/shop\\\/axis-y-dark-spot-correcting-glow-serum-50ml\\\/#primaryimage\",\"url\":\"https:\\\/\\\/www.facecorner.lv\\\/wp-content\\\/uploads\\\/2023\\\/11\\\/AXIS-Y-Dark-Spot-Correcting-Glow-Serum-50ml-1000x1000.png.webp\",\"contentUrl\":\"https:\\\/\\\/www.facecorner.lv\\\/wp-content\\\/uploads\\\/2023\\\/11\\\/AXIS-Y-Dark-Spot-Correcting-Glow-Serum-50ml-1000x1000.png.webp\",\"width\":1000,\"height\":1000},{\"@type\":\"BreadcrumbList\",\"@id\":\"https:\\\/\\\/www.facecorner.lv\\\/shop\\\/axis-y-dark-spot-correcting-glow-serum-50ml\\\/#breadcrumb\",\"itemListElement\":[{\"@type\":\"ListItem\",\"position\":1,\"name\":\"Home\",\"item\":\"https:\\\/\\\/www.facecorner.lv\\\/\"},{\"@type\":\"ListItem\",\"position\":2,\"name\":\"Veikals\",\"item\":\"https:\\\/\\\/www.facecorner.lv\\\/shop\\\/\"},{\"@type\":\"ListItem\",\"position\":3,\"name\":\"AXIS-Y Dark Spot Correcting Glow Serum 50ml\"}]},{\"@type\":\"WebSite\",\"@id\":\"https:\\\/\\\/www.facecorner.lv\\\/#website\",\"url\":\"https:\\\/\\\/www.facecorner.lv\\\/\",\"name\":\"Facecorner\",\"description\":\"\",\"publisher\":{\"@id\":\"https:\\\/\\\/www.facecorner.lv\\\/#organization\"},\"potentialAction\":[{\"@type\":\"SearchAction\",\"target\":{\"@type\":\"EntryPoint\",\"urlTemplate\":\"https:\\\/\\\/www.facecorner.lv\\\/?s={search_term_string}\"},\"query-input\":{\"@type\":\"PropertyValueSpecification\",\"valueRequired\":true,\"valueName\":\"search_term_string\"}}],\"inLanguage\":\"en-US\"},{\"@type\":\"Organization\",\"@id\":\"https:\\\/\\\/www.facecorner.lv\\\/#organization\",\"name\":\"Facecorner\",\"url\":\"https:\\\/\\\/www.facecorner.lv\\\/\",\"logo\":{\"@type\":\"ImageObject\",\"inLanguage\":\"en-US\",\"@id\":\"https:\\\/\\\/www.facecorner.lv\\\/#\\\/schema\\\/logo\\\/image\\\/\",\"url\":\"https:\\\/\\\/www.facecorner.lv\\\/wp-content\\\/uploads\\\/2024\\\/04\\\/fc-logo.jpg\",\"contentUrl\":\"https:\\\/\\\/www.facecorner.lv\\\/wp-content\\\/uploads\\\/2024\\\/04\\\/fc-logo.jpg\",\"width\":174,\"height\":28,\"caption\":\"Facecorner\"},\"image\":{\"@id\":\"https:\\\/\\\/www.facecorner.lv\\\/#\\\/schema\\\/logo\\\/image\\\/\"},\"sameAs\":[\"https:\\\/\\\/www.facebook.com\\\/profile.php?id=100063824551839\",\"https:\\\/\\\/www.instagram.com\\\/facecorner_shop\\\/\"]}]}<\/script>\n<meta property=\"product:price:amount\" content=\"24.00\" \/>\n<meta property=\"product:price:currency\" content=\"EUR\" \/>\n<meta property=\"og:availability\" content=\"out of stock\" \/>\n<meta property=\"product:availability\" content=\"out of stock\" \/>\n<meta property=\"product:condition\" content=\"new\" \/>\n<!-- \/ Yoast SEO plugin. -->","yoast_head_json":{"title":"AXIS-Y Dark Spot Correcting Glow Serum 50ml - FACECORNER","robots":{"index":"index","follow":"follow","max-snippet":"max-snippet:-1","max-image-preview":"max-image-preview:large","max-video-preview":"max-video-preview:-1"},"canonical":"https:\/\/www.facecorner.lv\/en\/shop\/axis-y-dark-spot-correcting-glow-serum-50ml\/","og_locale":"en_US","og_type":"article","og_title":"AXIS-Y Dark Spot Correcting Glow Serum 50ml - FACECORNER","og_description":"Izgaismojo\u0161s serums ar niacinam\u012bdu AXIS-Y Dark Spot Correcting Glow Serum toniz\u0113 \u0101du no iek\u0161puses, padara gai\u0161\u0101ku, izl\u012bdzina toni, uzlabo \u0101das kr\u0101su un st\u0101vokli, un pats galvenais, pal\u012bdz atbr\u012bvoties no tum\u0161ajiem lokiem zem ac\u012bm. Niacinam\u012bda izgaismojo\u0161s serums: intens\u012bvi mitrina \u0101du nov\u0113r\u0161 sausumu un lob\u012b\u0161anos ir efekt\u012bvs l\u012bdzeklis pigment\u0101cijas nov\u0113r\u0161anai p\u0113c l\u0101zerterapijas ir izgaismojo\u0161s efekts un izl\u012bdzina [&hellip;]","og_url":"https:\/\/www.facecorner.lv\/en\/shop\/axis-y-dark-spot-correcting-glow-serum-50ml\/","og_site_name":"FACECORNER","article_publisher":"https:\/\/www.facebook.com\/profile.php?id=100063824551839","article_modified_time":"2026-03-31T11:41:12+00:00","og_image":[{"width":1000,"height":1000,"url":"https:\/\/www.facecorner.lv\/wp-content\/uploads\/2023\/11\/AXIS-Y-Dark-Spot-Correcting-Glow-Serum-50ml-1000x1000.png.webp","type":"image\/webp"}],"twitter_card":"summary_large_image","twitter_misc":{"Price":"&euro;24.00","Availability":"Out of stock"},"schema":{"@context":"https:\/\/schema.org","@graph":[{"@type":"WebPage","@id":"https:\/\/www.facecorner.lv\/shop\/axis-y-dark-spot-correcting-glow-serum-50ml\/","url":"https:\/\/www.facecorner.lv\/shop\/axis-y-dark-spot-correcting-glow-serum-50ml\/","name":"AXIS-Y Dark Spot Correcting Glow Serum 50ml - FACECORNER","isPartOf":{"@id":"https:\/\/www.facecorner.lv\/#website"},"primaryImageOfPage":{"@id":"https:\/\/www.facecorner.lv\/shop\/axis-y-dark-spot-correcting-glow-serum-50ml\/#primaryimage"},"image":{"@id":"https:\/\/www.facecorner.lv\/shop\/axis-y-dark-spot-correcting-glow-serum-50ml\/#primaryimage"},"thumbnailUrl":"https:\/\/www.facecorner.lv\/wp-content\/uploads\/2023\/11\/AXIS-Y-Dark-Spot-Correcting-Glow-Serum-50ml-1000x1000.png.webp","datePublished":"2023-11-10T18:12:16+00:00","dateModified":"2026-03-31T11:41:12+00:00","breadcrumb":{"@id":"https:\/\/www.facecorner.lv\/shop\/axis-y-dark-spot-correcting-glow-serum-50ml\/#breadcrumb"},"inLanguage":"en-US","potentialAction":[{"@type":"ReadAction","target":["https:\/\/www.facecorner.lv\/shop\/axis-y-dark-spot-correcting-glow-serum-50ml\/"]}]},{"@type":"ImageObject","inLanguage":"en-US","@id":"https:\/\/www.facecorner.lv\/shop\/axis-y-dark-spot-correcting-glow-serum-50ml\/#primaryimage","url":"https:\/\/www.facecorner.lv\/wp-content\/uploads\/2023\/11\/AXIS-Y-Dark-Spot-Correcting-Glow-Serum-50ml-1000x1000.png.webp","contentUrl":"https:\/\/www.facecorner.lv\/wp-content\/uploads\/2023\/11\/AXIS-Y-Dark-Spot-Correcting-Glow-Serum-50ml-1000x1000.png.webp","width":1000,"height":1000},{"@type":"BreadcrumbList","@id":"https:\/\/www.facecorner.lv\/shop\/axis-y-dark-spot-correcting-glow-serum-50ml\/#breadcrumb","itemListElement":[{"@type":"ListItem","position":1,"name":"Home","item":"https:\/\/www.facecorner.lv\/"},{"@type":"ListItem","position":2,"name":"Veikals","item":"https:\/\/www.facecorner.lv\/shop\/"},{"@type":"ListItem","position":3,"name":"AXIS-Y Dark Spot Correcting Glow Serum 50ml"}]},{"@type":"WebSite","@id":"https:\/\/www.facecorner.lv\/#website","url":"https:\/\/www.facecorner.lv\/","name":"Facecorner","description":"","publisher":{"@id":"https:\/\/www.facecorner.lv\/#organization"},"potentialAction":[{"@type":"SearchAction","target":{"@type":"EntryPoint","urlTemplate":"https:\/\/www.facecorner.lv\/?s={search_term_string}"},"query-input":{"@type":"PropertyValueSpecification","valueRequired":true,"valueName":"search_term_string"}}],"inLanguage":"en-US"},{"@type":"Organization","@id":"https:\/\/www.facecorner.lv\/#organization","name":"Facecorner","url":"https:\/\/www.facecorner.lv\/","logo":{"@type":"ImageObject","inLanguage":"en-US","@id":"https:\/\/www.facecorner.lv\/#\/schema\/logo\/image\/","url":"https:\/\/www.facecorner.lv\/wp-content\/uploads\/2024\/04\/fc-logo.jpg","contentUrl":"https:\/\/www.facecorner.lv\/wp-content\/uploads\/2024\/04\/fc-logo.jpg","width":174,"height":28,"caption":"Facecorner"},"image":{"@id":"https:\/\/www.facecorner.lv\/#\/schema\/logo\/image\/"},"sameAs":["https:\/\/www.facebook.com\/profile.php?id=100063824551839","https:\/\/www.instagram.com\/facecorner_shop\/"]}]},"product_price_amount":"24.00","product_price_currency":"EUR","og_availability":"out of stock","product_availability":"out of stock","product_condition":"new"},"_links":{"self":[{"href":"https:\/\/www.facecorner.lv\/en\/wp-json\/wp\/v2\/product\/12902","targetHints":{"allow":["GET"]}}],"collection":[{"href":"https:\/\/www.facecorner.lv\/en\/wp-json\/wp\/v2\/product"}],"about":[{"href":"https:\/\/www.facecorner.lv\/en\/wp-json\/wp\/v2\/types\/product"}],"replies":[{"embeddable":true,"href":"https:\/\/www.facecorner.lv\/en\/wp-json\/wp\/v2\/comments?post=12902"}],"wp:featuredmedia":[{"embeddable":true,"href":"https:\/\/www.facecorner.lv\/en\/wp-json\/wp\/v2\/media\/12904"}],"wp:attachment":[{"href":"https:\/\/www.facecorner.lv\/en\/wp-json\/wp\/v2\/media?parent=12902"}],"wp:term":[{"taxonomy":"product_brand","embeddable":true,"href":"https:\/\/www.facecorner.lv\/en\/wp-json\/wp\/v2\/product_brand?post=12902"},{"taxonomy":"product_cat","embeddable":true,"href":"https:\/\/www.facecorner.lv\/en\/wp-json\/wp\/v2\/product_cat?post=12902"},{"taxonomy":"product_tag","embeddable":true,"href":"https:\/\/www.facecorner.lv\/en\/wp-json\/wp\/v2\/product_tag?post=12902"},{"taxonomy":"berocket_brand","embeddable":true,"href":"https:\/\/www.facecorner.lv\/en\/wp-json\/wp\/v2\/berocket_brand?post=12902"}],"curies":[{"name":"wp","href":"https:\/\/api.w.org\/{rel}","templated":true}]}}