{"id":12847,"date":"2023-11-08T14:48:28","date_gmt":"2023-11-08T12:48:28","guid":{"rendered":"https:\/\/www.facecorner.lv\/?post_type=product&#038;p=12847"},"modified":"2026-01-02T21:39:56","modified_gmt":"2026-01-02T18:39:56","slug":"medi-peel-retinol-collagen-lifting-ampoule-50ml","status":"publish","type":"product","link":"https:\/\/www.facecorner.lv\/en\/shop\/medi-peel-retinol-collagen-lifting-ampoule-50ml\/","title":{"rendered":"Medi-Peel Retinol Collagen Lifting Ampoule 50ml"},"content":{"rendered":"<p>Medi-Peel Retinol Collagen Lifting Ampoule ir intens\u012bvs l\u012bdzek\u013cu koncentr\u0101ts ar pier\u0101d\u012btu efektivit\u0101ti, kas savelk un izl\u012bdzina \u0101du, samazina grumbu dzi\u013cumu, sa\u0161aurina papla\u0161in\u0101t\u0101s poras un izl\u012bdzina mikroreljefu.<\/p>\n<p>Produkts saglab\u0101 sejas kont\u016bras, mitrina, iedarbina kolag\u0113na ra\u017eo\u0161anu un paildzina jaun\u012bbu. Samazina grumbas p\u0113c miega, izl\u012bdzina tonusu, samazina pigment\u0101cijas redzam\u012bbu, pie\u0161\u0137ir vesel\u012bgu mirdzumu, nov\u0113r\u0161 sausumu, c\u012bn\u0101s ar grumb\u0101m mutes kakti\u0146os, ap ac\u012bm un deguna-lab\u012bbas krok\u0101s.<\/p>\n<p>Ampula neatst\u0101j lip\u012bgumu un \u0101tri uzs\u016bcas. Formulai ir starptautisks V-Label\u00ae sertifik\u0101ts, kas apliecina, ka produkts nesatur dz\u012bvnieku izcelsmes sast\u0101vda\u013cas.<\/p>\n<p><strong>Satur patent\u0113tu akt\u012bvo Retinolgen\u2122 (10000ME \u2013 3 mg akt\u012bv\u0101s vielas) \u2013 6 veidu retinola un kolag\u0113na iekapsul\u0113tu formu. Ir 6 retinola veidi:<\/strong><\/p>\n<ul>\n<li>Retinilpalmit\u0101ts ir A vitam\u012bna esteris, kas vispirms tiek p\u0101rveidots par retinolu, p\u0113c tam par t\u012bkleni un tikai p\u0113c tam par retinolsk\u0101bi. Piem\u012bt antioksidanta iedarb\u012bba un pal\u0113nina \u0101das noveco\u0161anos.<\/li>\n<li>Retinilretino\u0101ts ir moderna retinola forma. Iedarbina hialuronsk\u0101bes ra\u017eo\u0161anu, nom\u0101c iekaisuma procesu, darbojas \u0101tr\u0101k ar maz\u0101ku kairin\u0101jumu.<\/li>\n<li>Granakt\u012bvais retino\u012bds (hidroksipinakolona retino\u0101ts) ir \u012bpa\u0161i stabila jaun\u0101s paaudzes retinola forma. T\u0101 ir efekt\u012bva un \u0101tra iedarb\u012bba, izraisot maz\u0101ku kairin\u0101jumu.<\/li>\n<li>T\u012bklene ir sp\u0113c\u012bga A vitam\u012bna forma, kas nekav\u0113joties tiek p\u0101rveidota par retino\u012bnsk\u0101bi. Piem\u012bt pretnoveco\u0161an\u0101s efekts, stimul\u0113 \u0161\u016bnu atjauno\u0161anos.<\/li>\n<li>Retinols ir visizplat\u012bt\u0101kais retino\u012bdu veids; tas tiek p\u0101rveidots par t\u012bkleni, p\u0113c tam par retinolsk\u0101bi. Ir pretnoveco\u0161an\u0101s efekts.<\/li>\n<li>Sibil\u012bns ir augu viela, ko ieg\u016bst no piena dad\u017eu ekstrakta (S\u00edlybum Marianum). Tam ir sp\u0113c\u012bga antioksidanta iedarb\u012bba, tas nom\u0101c iekaisumu un samazina UV staru rad\u012btos boj\u0101jumus.<\/li>\n<\/ul>\n<p>Retino\u012bdi stimul\u0113 \u0161\u016bnu atjauno\u0161anos, k\u0101 ar\u012b kolag\u0113na un hialuronsk\u0101bes ra\u017eo\u0161anu \u2013 pateicoties tam, tie izl\u012bdzina un savelk \u0101du, samazina grumbas, normaliz\u0113 sebuma sekr\u0113ciju un izgaismo pigment\u0101ciju. Sast\u0101v\u0101 eso\u0161ais hidroliz\u0113ts kolag\u0113ns lieliski mitrina un nov\u0113r\u0161 mitruma iztvaiko\u0161anu, saglab\u0101jot tekst\u016bras maigumu un gludumu.<\/p>\n<p><strong>How to use:<\/strong> p\u0113c mazg\u0101\u0161anas un toniz\u0113\u0161anas uzkl\u0101jiet ampulu uz sejas un sadaliet pa mas\u0101\u017eas l\u012bnij\u0101m. Dienas laik\u0101 lietojiet sau\u013co\u0161an\u0101s l\u012bdzekli. Nav ieteicams lietot gr\u016btniec\u012bbas un z\u012bd\u012b\u0161anas laik\u0101.<\/p>\n<p><strong>Ingredientes:\u00a0<\/strong>Water, butylene glycol, glycerin, cetyl ethylhexanoate, niacinamide, cetearyl alcohol, meadowform seed oil, propanediol, true rose of jerico extract, camellia flower extract, tomato extract, 1,2-hexanediol, caprylic\/capric triglyceride, argan kernel oil, macadamia seed oil, sunflower seed oil, dipropylene glycol, hydrogenated polydecene, sodium hyaluronate, glucose, dipotassium glycyrrhizate, retinyl palmitate (10, 000 IU\/g), SH-Polypeptide-121 (9,900 ppb), retinol (461 ppb), retinal (50 ppb), retinyl retinoate (30 ppb), hydroxypinacolone retinoate (10 ppb), water-soluble collagen (0.01 ppb), silybin, cetearyl glucoside, caprylyl glycol, sodium polyacrylate, arginine, lecithin, xanthan gum, tocopherol, yellow lotus root extract, tocopheryl acetate, diisopropyl adipate, C14-22 alcohol, cetyl palmitate, sorbitan olivate, sorbitan palmitate, C12-20 alkyl glucoside, isopropyllauroyl sacosinate, pentylene glycol, madecassoside, decyl glucoside, benzotriazoyldodecyl p-cresol, diethylhexyloxide silidene malonate, simethicone, cetearyl ethylhexanoate, acrylate\/C10-30 alkyl acrylate crosspolymer, hydroxyacetophenone, carbomer, peanut oil, ethylhexylglycerin, potassium sorbate, ppg-13-decyl tetradesces-24, polysorbate 20, BHT, BHA, disodium EDTA, fragrance<\/p>","protected":false},"excerpt":{"rendered":"<p>Medi-Peel Retinol Collagen Lifting Ampoule ir intens\u012bvs l\u012bdzek\u013cu koncentr\u0101ts ar pier\u0101d\u012btu efektivit\u0101ti, kas savelk un izl\u012bdzina \u0101du, samazina grumbu dzi\u013cumu, sa\u0161aurina papla\u0161in\u0101t\u0101s poras un izl\u012bdzina mikroreljefu. Produkts saglab\u0101 sejas kont\u016bras, mitrina, iedarbina kolag\u0113na ra\u017eo\u0161anu un paildzina jaun\u012bbu. Samazina grumbas p\u0113c miega, izl\u012bdzina tonusu, samazina pigment\u0101cijas redzam\u012bbu, pie\u0161\u0137ir vesel\u012bgu mirdzumu, nov\u0113r\u0161 sausumu, c\u012bn\u0101s ar grumb\u0101m mutes [&hellip;]<\/p>\n","protected":false},"featured_media":12848,"comment_status":"open","ping_status":"closed","template":"","meta":{"site-sidebar-layout":"default","site-content-layout":"","ast-site-content-layout":"","site-content-style":"default","site-sidebar-style":"default","ast-global-header-display":"","ast-banner-title-visibility":"","ast-main-header-display":"","ast-hfb-above-header-display":"","ast-hfb-below-header-display":"","ast-hfb-mobile-header-display":"","site-post-title":"","ast-breadcrumbs-content":"","ast-featured-img":"","footer-sml-layout":"","theme-transparent-header-meta":"","adv-header-id-meta":"","stick-header-meta":"","header-above-stick-meta":"","header-main-stick-meta":"","header-below-stick-meta":"","astra-migrate-meta-layouts":"default","ast-page-background-enabled":"default","ast-page-background-meta":{"desktop":{"background-color":"var(--ast-global-color-4)","background-image":"","background-repeat":"repeat","background-position":"center center","background-size":"auto","background-attachment":"scroll","background-type":"","background-media":"","overlay-type":"","overlay-color":"","overlay-opacity":"","overlay-gradient":""},"tablet":{"background-color":"","background-image":"","background-repeat":"repeat","background-position":"center center","background-size":"auto","background-attachment":"scroll","background-type":"","background-media":"","overlay-type":"","overlay-color":"","overlay-opacity":"","overlay-gradient":""},"mobile":{"background-color":"","background-image":"","background-repeat":"repeat","background-position":"center center","background-size":"auto","background-attachment":"scroll","background-type":"","background-media":"","overlay-type":"","overlay-color":"","overlay-opacity":"","overlay-gradient":""}},"ast-content-background-meta":{"desktop":{"background-color":"var(--ast-global-color-5)","background-image":"","background-repeat":"repeat","background-position":"center center","background-size":"auto","background-attachment":"scroll","background-type":"","background-media":"","overlay-type":"","overlay-color":"","overlay-opacity":"","overlay-gradient":""},"tablet":{"background-color":"var(--ast-global-color-5)","background-image":"","background-repeat":"repeat","background-position":"center center","background-size":"auto","background-attachment":"scroll","background-type":"","background-media":"","overlay-type":"","overlay-color":"","overlay-opacity":"","overlay-gradient":""},"mobile":{"background-color":"var(--ast-global-color-5)","background-image":"","background-repeat":"repeat","background-position":"center center","background-size":"auto","background-attachment":"scroll","background-type":"","background-media":"","overlay-type":"","overlay-color":"","overlay-opacity":"","overlay-gradient":""}}},"product_brand":[],"product_cat":[370,371,472,363],"product_tag":[],"berocket_brand":[583],"class_list":{"0":"post-12847","1":"product","2":"type-product","3":"status-publish","4":"has-post-thumbnail","6":"product_cat-adas-mirdzumam","7":"product_cat-anti-age","8":"product_cat-retinols","9":"product_cat-serumi","10":"berocket_brand-medi-peel","11":"desktop-align-left","12":"tablet-align-left","13":"mobile-align-left","15":"first","16":"instock","17":"taxable","18":"shipping-taxable","19":"purchasable","20":"product-type-simple","21":"add-to-wishlist-before_image"},"yoast_head":"<!-- This site is optimized with the Yoast SEO plugin v27.3 - https:\/\/yoast.com\/product\/yoast-seo-wordpress\/ -->\n<title>Medi-Peel Retinol Collagen Lifting Ampoule 50ml - FACECORNER<\/title>\n<meta name=\"robots\" content=\"index, follow, max-snippet:-1, max-image-preview:large, max-video-preview:-1\" \/>\n<link rel=\"canonical\" href=\"https:\/\/www.facecorner.lv\/en\/shop\/medi-peel-retinol-collagen-lifting-ampoule-50ml\/\" \/>\n<meta property=\"og:locale\" content=\"en_US\" \/>\n<meta property=\"og:type\" content=\"article\" \/>\n<meta property=\"og:title\" content=\"Medi-Peel Retinol Collagen Lifting Ampoule 50ml - FACECORNER\" \/>\n<meta property=\"og:description\" content=\"Medi-Peel Retinol Collagen Lifting Ampoule ir intens\u012bvs l\u012bdzek\u013cu koncentr\u0101ts ar pier\u0101d\u012btu efektivit\u0101ti, kas savelk un izl\u012bdzina \u0101du, samazina grumbu dzi\u013cumu, sa\u0161aurina papla\u0161in\u0101t\u0101s poras un izl\u012bdzina mikroreljefu. Produkts saglab\u0101 sejas kont\u016bras, mitrina, iedarbina kolag\u0113na ra\u017eo\u0161anu un paildzina jaun\u012bbu. Samazina grumbas p\u0113c miega, izl\u012bdzina tonusu, samazina pigment\u0101cijas redzam\u012bbu, pie\u0161\u0137ir vesel\u012bgu mirdzumu, nov\u0113r\u0161 sausumu, c\u012bn\u0101s ar grumb\u0101m mutes [&hellip;]\" \/>\n<meta property=\"og:url\" content=\"https:\/\/www.facecorner.lv\/en\/shop\/medi-peel-retinol-collagen-lifting-ampoule-50ml\/\" \/>\n<meta property=\"og:site_name\" content=\"FACECORNER\" \/>\n<meta property=\"article:publisher\" content=\"https:\/\/www.facebook.com\/profile.php?id=100063824551839\" \/>\n<meta property=\"article:modified_time\" content=\"2026-01-02T18:39:56+00:00\" \/>\n<meta property=\"og:image\" content=\"https:\/\/www.facecorner.lv\/wp-content\/uploads\/2023\/11\/31qyy25a1lkv4ih47u3x95jvsg4j84c3.jpeg\" \/>\n\t<meta property=\"og:image:width\" content=\"1000\" \/>\n\t<meta property=\"og:image:height\" content=\"1000\" \/>\n\t<meta property=\"og:image:type\" content=\"image\/jpeg\" \/>\n<meta name=\"twitter:card\" content=\"summary_large_image\" \/>\n<meta name=\"twitter:label1\" content=\"Price\" \/>\n\t<meta name=\"twitter:data1\" content=\"&euro;29.50\" \/>\n\t<meta name=\"twitter:label2\" content=\"Availability\" \/>\n\t<meta name=\"twitter:data2\" content=\"In stock\" \/>\n<script type=\"application\/ld+json\" class=\"yoast-schema-graph\">{\"@context\":\"https:\\\/\\\/schema.org\",\"@graph\":[{\"@type\":\"WebPage\",\"@id\":\"https:\\\/\\\/www.facecorner.lv\\\/shop\\\/medi-peel-retinol-collagen-lifting-ampoule-50ml\\\/\",\"url\":\"https:\\\/\\\/www.facecorner.lv\\\/shop\\\/medi-peel-retinol-collagen-lifting-ampoule-50ml\\\/\",\"name\":\"Medi-Peel Retinol Collagen Lifting Ampoule 50ml - FACECORNER\",\"isPartOf\":{\"@id\":\"https:\\\/\\\/www.facecorner.lv\\\/#website\"},\"primaryImageOfPage\":{\"@id\":\"https:\\\/\\\/www.facecorner.lv\\\/shop\\\/medi-peel-retinol-collagen-lifting-ampoule-50ml\\\/#primaryimage\"},\"image\":{\"@id\":\"https:\\\/\\\/www.facecorner.lv\\\/shop\\\/medi-peel-retinol-collagen-lifting-ampoule-50ml\\\/#primaryimage\"},\"thumbnailUrl\":\"https:\\\/\\\/www.facecorner.lv\\\/wp-content\\\/uploads\\\/2023\\\/11\\\/31qyy25a1lkv4ih47u3x95jvsg4j84c3.jpeg\",\"datePublished\":\"2023-11-08T12:48:28+00:00\",\"dateModified\":\"2026-01-02T18:39:56+00:00\",\"breadcrumb\":{\"@id\":\"https:\\\/\\\/www.facecorner.lv\\\/shop\\\/medi-peel-retinol-collagen-lifting-ampoule-50ml\\\/#breadcrumb\"},\"inLanguage\":\"en-US\",\"potentialAction\":[{\"@type\":\"ReadAction\",\"target\":[\"https:\\\/\\\/www.facecorner.lv\\\/shop\\\/medi-peel-retinol-collagen-lifting-ampoule-50ml\\\/\"]}]},{\"@type\":\"ImageObject\",\"inLanguage\":\"en-US\",\"@id\":\"https:\\\/\\\/www.facecorner.lv\\\/shop\\\/medi-peel-retinol-collagen-lifting-ampoule-50ml\\\/#primaryimage\",\"url\":\"https:\\\/\\\/www.facecorner.lv\\\/wp-content\\\/uploads\\\/2023\\\/11\\\/31qyy25a1lkv4ih47u3x95jvsg4j84c3.jpeg\",\"contentUrl\":\"https:\\\/\\\/www.facecorner.lv\\\/wp-content\\\/uploads\\\/2023\\\/11\\\/31qyy25a1lkv4ih47u3x95jvsg4j84c3.jpeg\",\"width\":1000,\"height\":1000},{\"@type\":\"BreadcrumbList\",\"@id\":\"https:\\\/\\\/www.facecorner.lv\\\/shop\\\/medi-peel-retinol-collagen-lifting-ampoule-50ml\\\/#breadcrumb\",\"itemListElement\":[{\"@type\":\"ListItem\",\"position\":1,\"name\":\"Home\",\"item\":\"https:\\\/\\\/www.facecorner.lv\\\/\"},{\"@type\":\"ListItem\",\"position\":2,\"name\":\"Veikals\",\"item\":\"https:\\\/\\\/www.facecorner.lv\\\/shop\\\/\"},{\"@type\":\"ListItem\",\"position\":3,\"name\":\"Medi-Peel Retinol Collagen Lifting Ampoule 50ml\"}]},{\"@type\":\"WebSite\",\"@id\":\"https:\\\/\\\/www.facecorner.lv\\\/#website\",\"url\":\"https:\\\/\\\/www.facecorner.lv\\\/\",\"name\":\"Facecorner\",\"description\":\"\",\"publisher\":{\"@id\":\"https:\\\/\\\/www.facecorner.lv\\\/#organization\"},\"potentialAction\":[{\"@type\":\"SearchAction\",\"target\":{\"@type\":\"EntryPoint\",\"urlTemplate\":\"https:\\\/\\\/www.facecorner.lv\\\/?s={search_term_string}\"},\"query-input\":{\"@type\":\"PropertyValueSpecification\",\"valueRequired\":true,\"valueName\":\"search_term_string\"}}],\"inLanguage\":\"en-US\"},{\"@type\":\"Organization\",\"@id\":\"https:\\\/\\\/www.facecorner.lv\\\/#organization\",\"name\":\"Facecorner\",\"url\":\"https:\\\/\\\/www.facecorner.lv\\\/\",\"logo\":{\"@type\":\"ImageObject\",\"inLanguage\":\"en-US\",\"@id\":\"https:\\\/\\\/www.facecorner.lv\\\/#\\\/schema\\\/logo\\\/image\\\/\",\"url\":\"https:\\\/\\\/www.facecorner.lv\\\/wp-content\\\/uploads\\\/2024\\\/04\\\/fc-logo.jpg\",\"contentUrl\":\"https:\\\/\\\/www.facecorner.lv\\\/wp-content\\\/uploads\\\/2024\\\/04\\\/fc-logo.jpg\",\"width\":174,\"height\":28,\"caption\":\"Facecorner\"},\"image\":{\"@id\":\"https:\\\/\\\/www.facecorner.lv\\\/#\\\/schema\\\/logo\\\/image\\\/\"},\"sameAs\":[\"https:\\\/\\\/www.facebook.com\\\/profile.php?id=100063824551839\",\"https:\\\/\\\/www.instagram.com\\\/facecorner_shop\\\/\"]}]}<\/script>\n<meta property=\"product:price:amount\" content=\"29.50\" \/>\n<meta property=\"product:price:currency\" content=\"EUR\" \/>\n<meta property=\"og:availability\" content=\"instock\" \/>\n<meta property=\"product:availability\" content=\"instock\" \/>\n<meta property=\"product:condition\" content=\"new\" \/>\n<!-- \/ Yoast SEO plugin. -->","yoast_head_json":{"title":"Medi-Peel Retinol Collagen Lifting Ampoule 50ml - FACECORNER","robots":{"index":"index","follow":"follow","max-snippet":"max-snippet:-1","max-image-preview":"max-image-preview:large","max-video-preview":"max-video-preview:-1"},"canonical":"https:\/\/www.facecorner.lv\/en\/shop\/medi-peel-retinol-collagen-lifting-ampoule-50ml\/","og_locale":"en_US","og_type":"article","og_title":"Medi-Peel Retinol Collagen Lifting Ampoule 50ml - FACECORNER","og_description":"Medi-Peel Retinol Collagen Lifting Ampoule ir intens\u012bvs l\u012bdzek\u013cu koncentr\u0101ts ar pier\u0101d\u012btu efektivit\u0101ti, kas savelk un izl\u012bdzina \u0101du, samazina grumbu dzi\u013cumu, sa\u0161aurina papla\u0161in\u0101t\u0101s poras un izl\u012bdzina mikroreljefu. Produkts saglab\u0101 sejas kont\u016bras, mitrina, iedarbina kolag\u0113na ra\u017eo\u0161anu un paildzina jaun\u012bbu. Samazina grumbas p\u0113c miega, izl\u012bdzina tonusu, samazina pigment\u0101cijas redzam\u012bbu, pie\u0161\u0137ir vesel\u012bgu mirdzumu, nov\u0113r\u0161 sausumu, c\u012bn\u0101s ar grumb\u0101m mutes [&hellip;]","og_url":"https:\/\/www.facecorner.lv\/en\/shop\/medi-peel-retinol-collagen-lifting-ampoule-50ml\/","og_site_name":"FACECORNER","article_publisher":"https:\/\/www.facebook.com\/profile.php?id=100063824551839","article_modified_time":"2026-01-02T18:39:56+00:00","og_image":[{"width":1000,"height":1000,"url":"https:\/\/www.facecorner.lv\/wp-content\/uploads\/2023\/11\/31qyy25a1lkv4ih47u3x95jvsg4j84c3.jpeg","type":"image\/jpeg"}],"twitter_card":"summary_large_image","twitter_misc":{"Price":"&euro;29.50","Availability":"In stock"},"schema":{"@context":"https:\/\/schema.org","@graph":[{"@type":"WebPage","@id":"https:\/\/www.facecorner.lv\/shop\/medi-peel-retinol-collagen-lifting-ampoule-50ml\/","url":"https:\/\/www.facecorner.lv\/shop\/medi-peel-retinol-collagen-lifting-ampoule-50ml\/","name":"Medi-Peel Retinol Collagen Lifting Ampoule 50ml - FACECORNER","isPartOf":{"@id":"https:\/\/www.facecorner.lv\/#website"},"primaryImageOfPage":{"@id":"https:\/\/www.facecorner.lv\/shop\/medi-peel-retinol-collagen-lifting-ampoule-50ml\/#primaryimage"},"image":{"@id":"https:\/\/www.facecorner.lv\/shop\/medi-peel-retinol-collagen-lifting-ampoule-50ml\/#primaryimage"},"thumbnailUrl":"https:\/\/www.facecorner.lv\/wp-content\/uploads\/2023\/11\/31qyy25a1lkv4ih47u3x95jvsg4j84c3.jpeg","datePublished":"2023-11-08T12:48:28+00:00","dateModified":"2026-01-02T18:39:56+00:00","breadcrumb":{"@id":"https:\/\/www.facecorner.lv\/shop\/medi-peel-retinol-collagen-lifting-ampoule-50ml\/#breadcrumb"},"inLanguage":"en-US","potentialAction":[{"@type":"ReadAction","target":["https:\/\/www.facecorner.lv\/shop\/medi-peel-retinol-collagen-lifting-ampoule-50ml\/"]}]},{"@type":"ImageObject","inLanguage":"en-US","@id":"https:\/\/www.facecorner.lv\/shop\/medi-peel-retinol-collagen-lifting-ampoule-50ml\/#primaryimage","url":"https:\/\/www.facecorner.lv\/wp-content\/uploads\/2023\/11\/31qyy25a1lkv4ih47u3x95jvsg4j84c3.jpeg","contentUrl":"https:\/\/www.facecorner.lv\/wp-content\/uploads\/2023\/11\/31qyy25a1lkv4ih47u3x95jvsg4j84c3.jpeg","width":1000,"height":1000},{"@type":"BreadcrumbList","@id":"https:\/\/www.facecorner.lv\/shop\/medi-peel-retinol-collagen-lifting-ampoule-50ml\/#breadcrumb","itemListElement":[{"@type":"ListItem","position":1,"name":"Home","item":"https:\/\/www.facecorner.lv\/"},{"@type":"ListItem","position":2,"name":"Veikals","item":"https:\/\/www.facecorner.lv\/shop\/"},{"@type":"ListItem","position":3,"name":"Medi-Peel Retinol Collagen Lifting Ampoule 50ml"}]},{"@type":"WebSite","@id":"https:\/\/www.facecorner.lv\/#website","url":"https:\/\/www.facecorner.lv\/","name":"Facecorner","description":"","publisher":{"@id":"https:\/\/www.facecorner.lv\/#organization"},"potentialAction":[{"@type":"SearchAction","target":{"@type":"EntryPoint","urlTemplate":"https:\/\/www.facecorner.lv\/?s={search_term_string}"},"query-input":{"@type":"PropertyValueSpecification","valueRequired":true,"valueName":"search_term_string"}}],"inLanguage":"en-US"},{"@type":"Organization","@id":"https:\/\/www.facecorner.lv\/#organization","name":"Facecorner","url":"https:\/\/www.facecorner.lv\/","logo":{"@type":"ImageObject","inLanguage":"en-US","@id":"https:\/\/www.facecorner.lv\/#\/schema\/logo\/image\/","url":"https:\/\/www.facecorner.lv\/wp-content\/uploads\/2024\/04\/fc-logo.jpg","contentUrl":"https:\/\/www.facecorner.lv\/wp-content\/uploads\/2024\/04\/fc-logo.jpg","width":174,"height":28,"caption":"Facecorner"},"image":{"@id":"https:\/\/www.facecorner.lv\/#\/schema\/logo\/image\/"},"sameAs":["https:\/\/www.facebook.com\/profile.php?id=100063824551839","https:\/\/www.instagram.com\/facecorner_shop\/"]}]},"product_price_amount":"29.50","product_price_currency":"EUR","og_availability":"instock","product_availability":"instock","product_condition":"new"},"_links":{"self":[{"href":"https:\/\/www.facecorner.lv\/en\/wp-json\/wp\/v2\/product\/12847","targetHints":{"allow":["GET"]}}],"collection":[{"href":"https:\/\/www.facecorner.lv\/en\/wp-json\/wp\/v2\/product"}],"about":[{"href":"https:\/\/www.facecorner.lv\/en\/wp-json\/wp\/v2\/types\/product"}],"replies":[{"embeddable":true,"href":"https:\/\/www.facecorner.lv\/en\/wp-json\/wp\/v2\/comments?post=12847"}],"wp:featuredmedia":[{"embeddable":true,"href":"https:\/\/www.facecorner.lv\/en\/wp-json\/wp\/v2\/media\/12848"}],"wp:attachment":[{"href":"https:\/\/www.facecorner.lv\/en\/wp-json\/wp\/v2\/media?parent=12847"}],"wp:term":[{"taxonomy":"product_brand","embeddable":true,"href":"https:\/\/www.facecorner.lv\/en\/wp-json\/wp\/v2\/product_brand?post=12847"},{"taxonomy":"product_cat","embeddable":true,"href":"https:\/\/www.facecorner.lv\/en\/wp-json\/wp\/v2\/product_cat?post=12847"},{"taxonomy":"product_tag","embeddable":true,"href":"https:\/\/www.facecorner.lv\/en\/wp-json\/wp\/v2\/product_tag?post=12847"},{"taxonomy":"berocket_brand","embeddable":true,"href":"https:\/\/www.facecorner.lv\/en\/wp-json\/wp\/v2\/berocket_brand?post=12847"}],"curies":[{"name":"wp","href":"https:\/\/api.w.org\/{rel}","templated":true}]}}