{"id":12819,"date":"2023-11-07T13:41:33","date_gmt":"2023-11-07T11:41:33","guid":{"rendered":"https:\/\/www.facecorner.lv\/?post_type=product&#038;p=12819"},"modified":"2026-03-23T15:34:03","modified_gmt":"2026-03-23T12:34:03","slug":"atopalm-mle-cream","status":"publish","type":"product","link":"https:\/\/www.facecorner.lv\/en\/shop\/atopalm-mle-cream\/","title":{"rendered":"Atopalm MLE Cream 100ml"},"content":{"rendered":"<p>Mitrino\u0161s sejas kr\u0113ms Atopalm MLE Cream ir paredz\u0113ts intens\u012bvai \u0101das atjauno\u0161anai, palielinot t\u0101s aizsargfunkcijas. Piem\u012bt sp\u0113c\u012bgs anti-cosidant efekts. Pal\u0113nina priek\u0161laic\u012bgas \u0101das noveco\u0161an\u0101s procesus.<\/p>\n<p>Kr\u0113ms rad\u012bts, izmantojot Multi Lamellar Emulsion (MLE \u00ae) tehnolo\u0123iju, kas nostiprina \u0101das barjeru un paaugstina \u0101das aizsargfunkcijas.<\/p>\n<p>Lamel\u0101rie l\u012bdzek\u013ci fiziolo\u0123iski ir l\u012bdz\u012bgi raga sl\u0101\u0146a lip\u012bdiem. Kr\u0113ms k\u0101 \u201cpl\u0101ksteris\u201d atjauno epidermas nep\u0101rtraukt\u012bbu. T\u0101s da\u013ci\u0146as ir organiski integr\u0113tas lip\u012bdu sl\u0101n\u012b, dzied\u0113 boj\u0101jumus un atjauno t\u0101 integrit\u0101ti.<\/p>\n<p><strong>Main active ingredients:<\/strong><\/p>\n<ul>\n<li>V\u012bnogu e\u013c\u013ca tiek nov\u0113rt\u0113ta galvenok\u0101rt t\u0101s antioksidantu \u012bpa\u0161\u012bbu d\u0113\u013c. Darbojas, lai palielin\u0101tu \u0101das elast\u012bbu, samazin\u0101tu grumbas, palielin\u0101tu asinsvadu elast\u012bbu, nov\u0113rstu piet\u016bkumu un noguruma paz\u012bmes.<\/li>\n<li>Portulaka ekstraktam piem\u012bt toniz\u0113jo\u0161a, br\u016b\u010du dz\u012b\u0161anas, antitoksiska iedarb\u012bba, k\u0101 ar\u012b stimul\u0113 audu re\u0123ener\u0101ciju.<\/li>\n<li>Jojobas e\u013c\u013ca satur tauksk\u0101bes, kolag\u0113nu un E vitam\u012bnu. Tai piem\u012bt re\u0123ener\u0113jo\u0161as, pretiekaisuma un normaliz\u0113jo\u0161as \u012bpa\u0161\u012bbas. \u0100tri ies\u016bcas \u0101d\u0101, neatst\u0101jot smaguma saj\u016btu vai taukainu sp\u012bdumu.<\/li>\n<\/ul>\n<p>Videi draudz\u012bgs z\u012bmols Atopalm ir absol\u016bti dro\u0161s gan \u0101dai, gan videi. Produkta iepakojums ir izgatavots no FSC (Forest Stewardship Council) sertific\u0113tiem materi\u0101liem, un tintes viet\u0101 druk\u0101\u0161anas laik\u0101 tiek izmantota speci\u0101la sojas kr\u0101sa, kas neatst\u0101j negat\u012bvu ietekmi apstr\u0101des proces\u0101.<\/p>\n<p><strong>Piem\u0113rots norm\u0101lai, sausai, jut\u012bgai \u0101dai.<\/strong><\/p>\n<p><strong>How to use:<\/strong> lietojiet kr\u0113mu p\u0113c \u0101das att\u012br\u012b\u0161anas un toniz\u0113\u0161anas. Piem\u0113rots ikdienas lieto\u0161anai no r\u012bta un vakar\u0101.<\/p>\n<p><strong>Ingredientes:\u00a0<\/strong>Water\/Aqua, Glycerin, Caprylic\/capric Triglyceride, Cetearyl Alcohol, Pentaerythrityl Stearate\/caprate\/caprylate\/adipate, Pentylene Glycol, Butyrospermum Parkii (Shea) Butter, Propanediol, Sorbitan Stearate, Stearic Acid, Squalane, Polyglyceryl-5 Stearate, Simmondsia Chinensis (Jojoba) Seed Oil, Glyceryl Stearate, Palmitoyl Palmitamide Mea, N-decanoyl Serinol, Bis-capryloyloxypalmitamido Isopropanol, Allantoin, Houttuynia Cordata Extract, Leucine, Lysine, Valine, Threonine, Phenylalanine, Hydrogenated Vegetable Oil, Olea Europaea (Olive) Fruitoil, Tocopherol, Carbomer, Phytosterols, Phytosteryl Oleate, Carthamus Tinctorius (Safflower) Seed Oil, Vitis Vinifera (Grape) Seed Oil, Sodium Phytate, Arginine, Portulaca Oleracea Extract, Xanthan Gum, Helianthus Annuus (sunflower) Seed Oil, Viscum Album (Mistletoe) Fruit Extract, Camellia Sinensis Seed Oil, Sodium Hyaluronate, Sunflower Oil Decyl Esters, Salvia Officinalis (Sage) Oil, Beta-glucan, Elettaria Cardamomum Seed Oil, Pogostemon Cablin Oil, Juniperus Mexicana Oil, Juniperus Communis Fruit Oil, Anthemis Nobilis Flower Oil, Butylene Glycol, 1,2-hexanediol, Caprylic\/capric Glycerides<\/p>","protected":false},"excerpt":{"rendered":"<p>Mitrino\u0161s sejas kr\u0113ms Atopalm MLE Cream ir paredz\u0113ts intens\u012bvai \u0101das atjauno\u0161anai, palielinot t\u0101s aizsargfunkcijas. Piem\u012bt sp\u0113c\u012bgs anti-cosidant efekts. Pal\u0113nina priek\u0161laic\u012bgas \u0101das noveco\u0161an\u0101s procesus. Kr\u0113ms rad\u012bts, izmantojot Multi Lamellar Emulsion (MLE \u00ae) tehnolo\u0123iju, kas nostiprina \u0101das barjeru un paaugstina \u0101das aizsargfunkcijas. Lamel\u0101rie l\u012bdzek\u013ci fiziolo\u0123iski ir l\u012bdz\u012bgi raga sl\u0101\u0146a lip\u012bdiem. Kr\u0113ms k\u0101 \u201cpl\u0101ksteris\u201d atjauno epidermas nep\u0101rtraukt\u012bbu. T\u0101s [&hellip;]<\/p>\n","protected":false},"featured_media":13979,"comment_status":"open","ping_status":"closed","template":"","meta":{"site-sidebar-layout":"default","site-content-layout":"","ast-site-content-layout":"default","site-content-style":"default","site-sidebar-style":"default","ast-global-header-display":"","ast-banner-title-visibility":"","ast-main-header-display":"","ast-hfb-above-header-display":"","ast-hfb-below-header-display":"","ast-hfb-mobile-header-display":"","site-post-title":"","ast-breadcrumbs-content":"","ast-featured-img":"","footer-sml-layout":"","theme-transparent-header-meta":"default","adv-header-id-meta":"","stick-header-meta":"","header-above-stick-meta":"","header-main-stick-meta":"","header-below-stick-meta":"","astra-migrate-meta-layouts":"set","ast-page-background-enabled":"default","ast-page-background-meta":{"desktop":{"background-color":"var(--ast-global-color-4)","background-image":"","background-repeat":"repeat","background-position":"center center","background-size":"auto","background-attachment":"scroll","background-type":"","background-media":"","overlay-type":"","overlay-color":"","overlay-opacity":"","overlay-gradient":""},"tablet":{"background-color":"","background-image":"","background-repeat":"repeat","background-position":"center center","background-size":"auto","background-attachment":"scroll","background-type":"","background-media":"","overlay-type":"","overlay-color":"","overlay-opacity":"","overlay-gradient":""},"mobile":{"background-color":"","background-image":"","background-repeat":"repeat","background-position":"center center","background-size":"auto","background-attachment":"scroll","background-type":"","background-media":"","overlay-type":"","overlay-color":"","overlay-opacity":"","overlay-gradient":""}},"ast-content-background-meta":{"desktop":{"background-color":"var(--ast-global-color-5)","background-image":"","background-repeat":"repeat","background-position":"center center","background-size":"auto","background-attachment":"scroll","background-type":"","background-media":"","overlay-type":"","overlay-color":"","overlay-opacity":"","overlay-gradient":""},"tablet":{"background-color":"var(--ast-global-color-5)","background-image":"","background-repeat":"repeat","background-position":"center center","background-size":"auto","background-attachment":"scroll","background-type":"","background-media":"","overlay-type":"","overlay-color":"","overlay-opacity":"","overlay-gradient":""},"mobile":{"background-color":"var(--ast-global-color-5)","background-image":"","background-repeat":"repeat","background-position":"center center","background-size":"auto","background-attachment":"scroll","background-type":"","background-media":"","overlay-type":"","overlay-color":"","overlay-opacity":"","overlay-gradient":""}}},"product_brand":[],"product_cat":[365,366,367,362],"product_tag":[],"berocket_brand":[576],"class_list":{"0":"post-12819","1":"product","2":"type-product","3":"status-publish","4":"has-post-thumbnail","6":"product_cat-barojoss","7":"product_cat-mitrinoss","8":"product_cat-nomierinoss","9":"product_cat-sejas-krems","10":"berocket_brand-atopalm","11":"desktop-align-left","12":"tablet-align-left","13":"mobile-align-left","15":"first","16":"instock","17":"taxable","18":"shipping-taxable","19":"purchasable","20":"product-type-simple","21":"add-to-wishlist-before_image"},"yoast_head":"<!-- This site is optimized with the Yoast SEO plugin v27.4 - https:\/\/yoast.com\/product\/yoast-seo-wordpress\/ -->\n<title>Atopalm MLE Cream 100ml - FACECORNER<\/title>\n<meta name=\"robots\" content=\"index, follow, max-snippet:-1, max-image-preview:large, max-video-preview:-1\" \/>\n<link rel=\"canonical\" href=\"https:\/\/www.facecorner.lv\/en\/shop\/atopalm-mle-cream\/\" \/>\n<meta property=\"og:locale\" content=\"en_US\" \/>\n<meta property=\"og:type\" content=\"article\" \/>\n<meta property=\"og:title\" content=\"Atopalm MLE Cream 100ml - FACECORNER\" \/>\n<meta property=\"og:description\" content=\"Mitrino\u0161s sejas kr\u0113ms Atopalm MLE Cream ir paredz\u0113ts intens\u012bvai \u0101das atjauno\u0161anai, palielinot t\u0101s aizsargfunkcijas. Piem\u012bt sp\u0113c\u012bgs anti-cosidant efekts. Pal\u0113nina priek\u0161laic\u012bgas \u0101das noveco\u0161an\u0101s procesus. Kr\u0113ms rad\u012bts, izmantojot Multi Lamellar Emulsion (MLE \u00ae) tehnolo\u0123iju, kas nostiprina \u0101das barjeru un paaugstina \u0101das aizsargfunkcijas. Lamel\u0101rie l\u012bdzek\u013ci fiziolo\u0123iski ir l\u012bdz\u012bgi raga sl\u0101\u0146a lip\u012bdiem. Kr\u0113ms k\u0101 \u201cpl\u0101ksteris\u201d atjauno epidermas nep\u0101rtraukt\u012bbu. T\u0101s [&hellip;]\" \/>\n<meta property=\"og:url\" content=\"https:\/\/www.facecorner.lv\/en\/shop\/atopalm-mle-cream\/\" \/>\n<meta property=\"og:site_name\" content=\"FACECORNER\" \/>\n<meta property=\"article:publisher\" content=\"https:\/\/www.facebook.com\/profile.php?id=100063824551839\" \/>\n<meta property=\"article:modified_time\" content=\"2026-03-23T12:34:03+00:00\" \/>\n<meta property=\"og:image\" content=\"https:\/\/www.facecorner.lv\/wp-content\/uploads\/2023\/11\/IMG_2879.webp\" \/>\n\t<meta property=\"og:image:width\" content=\"600\" \/>\n\t<meta property=\"og:image:height\" content=\"600\" \/>\n\t<meta property=\"og:image:type\" content=\"image\/webp\" \/>\n<meta name=\"twitter:card\" content=\"summary_large_image\" \/>\n<meta name=\"twitter:label1\" content=\"Price\" \/>\n\t<meta name=\"twitter:data1\" content=\"&euro;29.95\" \/>\n\t<meta name=\"twitter:label2\" content=\"Availability\" \/>\n\t<meta name=\"twitter:data2\" content=\"In stock\" \/>\n<script type=\"application\/ld+json\" class=\"yoast-schema-graph\">{\"@context\":\"https:\\\/\\\/schema.org\",\"@graph\":[{\"@type\":\"WebPage\",\"@id\":\"https:\\\/\\\/www.facecorner.lv\\\/shop\\\/atopalm-mle-cream\\\/\",\"url\":\"https:\\\/\\\/www.facecorner.lv\\\/shop\\\/atopalm-mle-cream\\\/\",\"name\":\"Atopalm MLE Cream 100ml - FACECORNER\",\"isPartOf\":{\"@id\":\"https:\\\/\\\/www.facecorner.lv\\\/#website\"},\"primaryImageOfPage\":{\"@id\":\"https:\\\/\\\/www.facecorner.lv\\\/shop\\\/atopalm-mle-cream\\\/#primaryimage\"},\"image\":{\"@id\":\"https:\\\/\\\/www.facecorner.lv\\\/shop\\\/atopalm-mle-cream\\\/#primaryimage\"},\"thumbnailUrl\":\"https:\\\/\\\/www.facecorner.lv\\\/wp-content\\\/uploads\\\/2023\\\/11\\\/IMG_2879.webp\",\"datePublished\":\"2023-11-07T11:41:33+00:00\",\"dateModified\":\"2026-03-23T12:34:03+00:00\",\"breadcrumb\":{\"@id\":\"https:\\\/\\\/www.facecorner.lv\\\/shop\\\/atopalm-mle-cream\\\/#breadcrumb\"},\"inLanguage\":\"en-US\",\"potentialAction\":[{\"@type\":\"ReadAction\",\"target\":[\"https:\\\/\\\/www.facecorner.lv\\\/shop\\\/atopalm-mle-cream\\\/\"]}]},{\"@type\":\"ImageObject\",\"inLanguage\":\"en-US\",\"@id\":\"https:\\\/\\\/www.facecorner.lv\\\/shop\\\/atopalm-mle-cream\\\/#primaryimage\",\"url\":\"https:\\\/\\\/www.facecorner.lv\\\/wp-content\\\/uploads\\\/2023\\\/11\\\/IMG_2879.webp\",\"contentUrl\":\"https:\\\/\\\/www.facecorner.lv\\\/wp-content\\\/uploads\\\/2023\\\/11\\\/IMG_2879.webp\",\"width\":600,\"height\":600},{\"@type\":\"BreadcrumbList\",\"@id\":\"https:\\\/\\\/www.facecorner.lv\\\/shop\\\/atopalm-mle-cream\\\/#breadcrumb\",\"itemListElement\":[{\"@type\":\"ListItem\",\"position\":1,\"name\":\"Home\",\"item\":\"https:\\\/\\\/www.facecorner.lv\\\/\"},{\"@type\":\"ListItem\",\"position\":2,\"name\":\"Veikals\",\"item\":\"https:\\\/\\\/www.facecorner.lv\\\/shop\\\/\"},{\"@type\":\"ListItem\",\"position\":3,\"name\":\"Atopalm MLE Cream 100ml\"}]},{\"@type\":\"WebSite\",\"@id\":\"https:\\\/\\\/www.facecorner.lv\\\/#website\",\"url\":\"https:\\\/\\\/www.facecorner.lv\\\/\",\"name\":\"Facecorner\",\"description\":\"\",\"publisher\":{\"@id\":\"https:\\\/\\\/www.facecorner.lv\\\/#organization\"},\"potentialAction\":[{\"@type\":\"SearchAction\",\"target\":{\"@type\":\"EntryPoint\",\"urlTemplate\":\"https:\\\/\\\/www.facecorner.lv\\\/?s={search_term_string}\"},\"query-input\":{\"@type\":\"PropertyValueSpecification\",\"valueRequired\":true,\"valueName\":\"search_term_string\"}}],\"inLanguage\":\"en-US\"},{\"@type\":\"Organization\",\"@id\":\"https:\\\/\\\/www.facecorner.lv\\\/#organization\",\"name\":\"Facecorner\",\"url\":\"https:\\\/\\\/www.facecorner.lv\\\/\",\"logo\":{\"@type\":\"ImageObject\",\"inLanguage\":\"en-US\",\"@id\":\"https:\\\/\\\/www.facecorner.lv\\\/#\\\/schema\\\/logo\\\/image\\\/\",\"url\":\"https:\\\/\\\/www.facecorner.lv\\\/wp-content\\\/uploads\\\/2024\\\/04\\\/fc-logo.jpg\",\"contentUrl\":\"https:\\\/\\\/www.facecorner.lv\\\/wp-content\\\/uploads\\\/2024\\\/04\\\/fc-logo.jpg\",\"width\":174,\"height\":28,\"caption\":\"Facecorner\"},\"image\":{\"@id\":\"https:\\\/\\\/www.facecorner.lv\\\/#\\\/schema\\\/logo\\\/image\\\/\"},\"sameAs\":[\"https:\\\/\\\/www.facebook.com\\\/profile.php?id=100063824551839\",\"https:\\\/\\\/www.instagram.com\\\/facecorner_shop\\\/\"]}]}<\/script>\n<meta property=\"product:price:amount\" content=\"29.95\" \/>\n<meta property=\"product:price:currency\" content=\"EUR\" \/>\n<meta property=\"og:availability\" content=\"instock\" \/>\n<meta property=\"product:availability\" content=\"instock\" \/>\n<meta property=\"product:condition\" content=\"new\" \/>\n<!-- \/ Yoast SEO plugin. -->","yoast_head_json":{"title":"Atopalm MLE Cream 100ml - FACECORNER","robots":{"index":"index","follow":"follow","max-snippet":"max-snippet:-1","max-image-preview":"max-image-preview:large","max-video-preview":"max-video-preview:-1"},"canonical":"https:\/\/www.facecorner.lv\/en\/shop\/atopalm-mle-cream\/","og_locale":"en_US","og_type":"article","og_title":"Atopalm MLE Cream 100ml - FACECORNER","og_description":"Mitrino\u0161s sejas kr\u0113ms Atopalm MLE Cream ir paredz\u0113ts intens\u012bvai \u0101das atjauno\u0161anai, palielinot t\u0101s aizsargfunkcijas. Piem\u012bt sp\u0113c\u012bgs anti-cosidant efekts. Pal\u0113nina priek\u0161laic\u012bgas \u0101das noveco\u0161an\u0101s procesus. Kr\u0113ms rad\u012bts, izmantojot Multi Lamellar Emulsion (MLE \u00ae) tehnolo\u0123iju, kas nostiprina \u0101das barjeru un paaugstina \u0101das aizsargfunkcijas. Lamel\u0101rie l\u012bdzek\u013ci fiziolo\u0123iski ir l\u012bdz\u012bgi raga sl\u0101\u0146a lip\u012bdiem. Kr\u0113ms k\u0101 \u201cpl\u0101ksteris\u201d atjauno epidermas nep\u0101rtraukt\u012bbu. T\u0101s [&hellip;]","og_url":"https:\/\/www.facecorner.lv\/en\/shop\/atopalm-mle-cream\/","og_site_name":"FACECORNER","article_publisher":"https:\/\/www.facebook.com\/profile.php?id=100063824551839","article_modified_time":"2026-03-23T12:34:03+00:00","og_image":[{"width":600,"height":600,"url":"https:\/\/www.facecorner.lv\/wp-content\/uploads\/2023\/11\/IMG_2879.webp","type":"image\/webp"}],"twitter_card":"summary_large_image","twitter_misc":{"Price":"&euro;29.95","Availability":"In stock"},"schema":{"@context":"https:\/\/schema.org","@graph":[{"@type":"WebPage","@id":"https:\/\/www.facecorner.lv\/shop\/atopalm-mle-cream\/","url":"https:\/\/www.facecorner.lv\/shop\/atopalm-mle-cream\/","name":"Atopalm MLE Cream 100ml - FACECORNER","isPartOf":{"@id":"https:\/\/www.facecorner.lv\/#website"},"primaryImageOfPage":{"@id":"https:\/\/www.facecorner.lv\/shop\/atopalm-mle-cream\/#primaryimage"},"image":{"@id":"https:\/\/www.facecorner.lv\/shop\/atopalm-mle-cream\/#primaryimage"},"thumbnailUrl":"https:\/\/www.facecorner.lv\/wp-content\/uploads\/2023\/11\/IMG_2879.webp","datePublished":"2023-11-07T11:41:33+00:00","dateModified":"2026-03-23T12:34:03+00:00","breadcrumb":{"@id":"https:\/\/www.facecorner.lv\/shop\/atopalm-mle-cream\/#breadcrumb"},"inLanguage":"en-US","potentialAction":[{"@type":"ReadAction","target":["https:\/\/www.facecorner.lv\/shop\/atopalm-mle-cream\/"]}]},{"@type":"ImageObject","inLanguage":"en-US","@id":"https:\/\/www.facecorner.lv\/shop\/atopalm-mle-cream\/#primaryimage","url":"https:\/\/www.facecorner.lv\/wp-content\/uploads\/2023\/11\/IMG_2879.webp","contentUrl":"https:\/\/www.facecorner.lv\/wp-content\/uploads\/2023\/11\/IMG_2879.webp","width":600,"height":600},{"@type":"BreadcrumbList","@id":"https:\/\/www.facecorner.lv\/shop\/atopalm-mle-cream\/#breadcrumb","itemListElement":[{"@type":"ListItem","position":1,"name":"Home","item":"https:\/\/www.facecorner.lv\/"},{"@type":"ListItem","position":2,"name":"Veikals","item":"https:\/\/www.facecorner.lv\/shop\/"},{"@type":"ListItem","position":3,"name":"Atopalm MLE Cream 100ml"}]},{"@type":"WebSite","@id":"https:\/\/www.facecorner.lv\/#website","url":"https:\/\/www.facecorner.lv\/","name":"Facecorner","description":"","publisher":{"@id":"https:\/\/www.facecorner.lv\/#organization"},"potentialAction":[{"@type":"SearchAction","target":{"@type":"EntryPoint","urlTemplate":"https:\/\/www.facecorner.lv\/?s={search_term_string}"},"query-input":{"@type":"PropertyValueSpecification","valueRequired":true,"valueName":"search_term_string"}}],"inLanguage":"en-US"},{"@type":"Organization","@id":"https:\/\/www.facecorner.lv\/#organization","name":"Facecorner","url":"https:\/\/www.facecorner.lv\/","logo":{"@type":"ImageObject","inLanguage":"en-US","@id":"https:\/\/www.facecorner.lv\/#\/schema\/logo\/image\/","url":"https:\/\/www.facecorner.lv\/wp-content\/uploads\/2024\/04\/fc-logo.jpg","contentUrl":"https:\/\/www.facecorner.lv\/wp-content\/uploads\/2024\/04\/fc-logo.jpg","width":174,"height":28,"caption":"Facecorner"},"image":{"@id":"https:\/\/www.facecorner.lv\/#\/schema\/logo\/image\/"},"sameAs":["https:\/\/www.facebook.com\/profile.php?id=100063824551839","https:\/\/www.instagram.com\/facecorner_shop\/"]}]},"product_price_amount":"29.95","product_price_currency":"EUR","og_availability":"instock","product_availability":"instock","product_condition":"new"},"_links":{"self":[{"href":"https:\/\/www.facecorner.lv\/en\/wp-json\/wp\/v2\/product\/12819","targetHints":{"allow":["GET"]}}],"collection":[{"href":"https:\/\/www.facecorner.lv\/en\/wp-json\/wp\/v2\/product"}],"about":[{"href":"https:\/\/www.facecorner.lv\/en\/wp-json\/wp\/v2\/types\/product"}],"replies":[{"embeddable":true,"href":"https:\/\/www.facecorner.lv\/en\/wp-json\/wp\/v2\/comments?post=12819"}],"wp:featuredmedia":[{"embeddable":true,"href":"https:\/\/www.facecorner.lv\/en\/wp-json\/wp\/v2\/media\/13979"}],"wp:attachment":[{"href":"https:\/\/www.facecorner.lv\/en\/wp-json\/wp\/v2\/media?parent=12819"}],"wp:term":[{"taxonomy":"product_brand","embeddable":true,"href":"https:\/\/www.facecorner.lv\/en\/wp-json\/wp\/v2\/product_brand?post=12819"},{"taxonomy":"product_cat","embeddable":true,"href":"https:\/\/www.facecorner.lv\/en\/wp-json\/wp\/v2\/product_cat?post=12819"},{"taxonomy":"product_tag","embeddable":true,"href":"https:\/\/www.facecorner.lv\/en\/wp-json\/wp\/v2\/product_tag?post=12819"},{"taxonomy":"berocket_brand","embeddable":true,"href":"https:\/\/www.facecorner.lv\/en\/wp-json\/wp\/v2\/berocket_brand?post=12819"}],"curies":[{"name":"wp","href":"https:\/\/api.w.org\/{rel}","templated":true}]}}