{"id":12773,"date":"2023-11-02T20:32:47","date_gmt":"2023-11-02T18:32:47","guid":{"rendered":"https:\/\/www.facecorner.lv\/?post_type=product&#038;p=12773"},"modified":"2024-03-26T23:04:30","modified_gmt":"2024-03-26T21:04:30","slug":"beauty-of-joseon-ginseng-essence-water-150ml","status":"publish","type":"product","link":"https:\/\/www.facecorner.lv\/en\/shop\/beauty-of-joseon-ginseng-essence-water-150ml\/","title":{"rendered":"Beauty of Joseon Ginseng Essence Water 150ml"},"content":{"rendered":"<p>Atjaunojo\u0161a tonera esence ar \u017ee\u0146\u0161e\u0146u Beauty of Joseon Ginseng Essence Water intens\u012bvi mitrina un pal\u012bdz aizpild\u012bt mitruma tr\u016bkumu \u0101d\u0101, k\u0101 ar\u012b tai ir sp\u0113c\u012bga imunit\u0101ti stiprino\u0161a iedarb\u012bba. Palielina epidermas barjeras funkcijas un aizsarg\u0101 pret \u0101r\u0113jo faktoru kait\u012bgo ietekmi. Stimul\u0113 \u0161\u016bnu atjauno\u0161anos, pal\u012bdz izl\u012bdzin\u0101t s\u012bk\u0101s grumbi\u0146as un \u0101das krokas.<\/p>\n<p>Produkta pamat\u0101 ir 63% \u016bdens no \u017ee\u0146\u0161e\u0146a saknes un \u012bpa\u0161s \u017ee\u0146\u0161e\u0146a komplekss, kur\u0101 ietilpst sak\u0146u ekstrakts, cilmes \u0161\u016bnas, aug\u013ci un fermenti. \u017de\u0146\u0161e\u0146s ir viens no sen\u0101kajiem un popul\u0101r\u0101kajiem augiem austrumu medic\u012bn\u0101, tas ir bag\u0101ts ar sapon\u012bniem dzi\u013cai un kvalitat\u012bvai epidermas mitrin\u0101\u0161anai. Paaugstina imunit\u0101ti, atjauno vesel\u012bbu un jaun\u012bbu. Stimul\u0113 asinsriti, uzlabo sejas kr\u0101su, atjauno un atjauno. Aizsarg\u0101 \u0161\u016bnas no izn\u012bcin\u0101\u0161anas, stiprina un savelk<\/p>\n<p><strong>KEY INGREDIENTS:<\/strong><\/p>\n<ul>\n<li>2% Niacinam\u012bds ir \u016bden\u012b \u0161\u0137\u012bsto\u0161s vitam\u012bns, kas pal\u012bdz man\u0101mi uzlabot papla\u0161in\u0101to poru izskatu, izl\u012bdzina tonusu un izl\u012bdzina grumbas.<\/li>\n<li>Pantenols nomierina, m\u012bkstina, aktiviz\u0113 re\u0123ener\u0101cijas procesus, atjauno boj\u0101t\u0101s vietas, mazina kairin\u0101jumu.<\/li>\n<li>Adenoz\u012bns stimul\u0113 kolag\u0113na sint\u0113zi, palielina elast\u012bbu un bl\u012bvumu, k\u0101 ar\u012b nov\u0113r\u0161 grumbu par\u0101d\u012b\u0161anos.<\/li>\n<\/ul>\n<p><strong>How to use:<\/strong> Uzkl\u0101jiet nepiecie\u0161amo produkta daudzumu uz t\u012bras \u0101das ar viegl\u0101m gl\u0101st\u012b\u0161anas kust\u012bb\u0101m.<\/p>\n<p><strong>Ingredientes:\u00a0<\/strong>Panax Ginseng Root Water, Butylene Glycol, Glycerin, Propanediol, Niacinamide, 1,2-Hexanediol, Water, Hydroxyacetophenone, Glyceryl Glucoside, Xanthna Gum, Panthenol, Dipotassium Glycyrrhizate, Allantoin, Adenosine, Panax Ginseng Callus Culture Extract, Theobroma Cacao (Cocoa) Extract, Dextrin, Glucose, Panax Ginseng Root Extract, Panax Ginseng Berry Extract, Lactobacillus\/Panax Ginseng Root Ferment Filtrate, Sodium Hyaluronate, Ethylhexyglycerin, Disodium EDTA<\/p>\n<p>&nbsp;<\/p>","protected":false},"excerpt":{"rendered":"<p>Atjaunojo\u0161a tonera esence ar \u017ee\u0146\u0161e\u0146u Beauty of Joseon Ginseng Essence Water intens\u012bvi mitrina un pal\u012bdz aizpild\u012bt mitruma tr\u016bkumu \u0101d\u0101, k\u0101 ar\u012b tai ir sp\u0113c\u012bga imunit\u0101ti stiprino\u0161a iedarb\u012bba. Palielina epidermas barjeras funkcijas un aizsarg\u0101 pret \u0101r\u0113jo faktoru kait\u012bgo ietekmi. Stimul\u0113 \u0161\u016bnu atjauno\u0161anos, pal\u012bdz izl\u012bdzin\u0101t s\u012bk\u0101s grumbi\u0146as un \u0101das krokas. Produkta pamat\u0101 ir 63% \u016bdens no \u017ee\u0146\u0161e\u0146a [&hellip;]<\/p>\n","protected":false},"featured_media":12774,"comment_status":"open","ping_status":"closed","template":"","meta":{"site-sidebar-layout":"default","site-content-layout":"","ast-site-content-layout":"","site-content-style":"default","site-sidebar-style":"default","ast-global-header-display":"","ast-banner-title-visibility":"","ast-main-header-display":"","ast-hfb-above-header-display":"","ast-hfb-below-header-display":"","ast-hfb-mobile-header-display":"","site-post-title":"","ast-breadcrumbs-content":"","ast-featured-img":"","footer-sml-layout":"","theme-transparent-header-meta":"","adv-header-id-meta":"","stick-header-meta":"","header-above-stick-meta":"","header-main-stick-meta":"","header-below-stick-meta":"","astra-migrate-meta-layouts":"default","ast-page-background-enabled":"default","ast-page-background-meta":{"desktop":{"background-color":"var(--ast-global-color-4)","background-image":"","background-repeat":"repeat","background-position":"center center","background-size":"auto","background-attachment":"scroll","background-type":"","background-media":"","overlay-type":"","overlay-color":"","overlay-opacity":"","overlay-gradient":""},"tablet":{"background-color":"","background-image":"","background-repeat":"repeat","background-position":"center center","background-size":"auto","background-attachment":"scroll","background-type":"","background-media":"","overlay-type":"","overlay-color":"","overlay-opacity":"","overlay-gradient":""},"mobile":{"background-color":"","background-image":"","background-repeat":"repeat","background-position":"center center","background-size":"auto","background-attachment":"scroll","background-type":"","background-media":"","overlay-type":"","overlay-color":"","overlay-opacity":"","overlay-gradient":""}},"ast-content-background-meta":{"desktop":{"background-color":"var(--ast-global-color-5)","background-image":"","background-repeat":"repeat","background-position":"center center","background-size":"auto","background-attachment":"scroll","background-type":"","background-media":"","overlay-type":"","overlay-color":"","overlay-opacity":"","overlay-gradient":""},"tablet":{"background-color":"var(--ast-global-color-5)","background-image":"","background-repeat":"repeat","background-position":"center center","background-size":"auto","background-attachment":"scroll","background-type":"","background-media":"","overlay-type":"","overlay-color":"","overlay-opacity":"","overlay-gradient":""},"mobile":{"background-color":"var(--ast-global-color-5)","background-image":"","background-repeat":"repeat","background-position":"center center","background-size":"auto","background-attachment":"scroll","background-type":"","background-media":"","overlay-type":"","overlay-color":"","overlay-opacity":"","overlay-gradient":""}}},"product_brand":[],"product_cat":[380,381,379,364],"product_tag":[],"berocket_brand":[],"class_list":{"0":"post-12773","1":"product","2":"type-product","3":"status-publish","4":"has-post-thumbnail","6":"product_cat-kombinetai-adai","7":"product_cat-problematiskai-un-taukainai-adai","8":"product_cat-sausai-adai-anti-age","9":"product_cat-toneri","10":"desktop-align-left","11":"tablet-align-left","12":"mobile-align-left","14":"first","15":"outofstock","16":"taxable","17":"shipping-taxable","18":"purchasable","19":"product-type-simple","20":"add-to-wishlist-before_image"},"yoast_head":"<!-- This site is optimized with the Yoast SEO plugin v27.4 - https:\/\/yoast.com\/product\/yoast-seo-wordpress\/ -->\n<title>Beauty of Joseon Ginseng Essence Water 150ml - FACECORNER<\/title>\n<meta name=\"robots\" content=\"index, follow, max-snippet:-1, max-image-preview:large, max-video-preview:-1\" \/>\n<link rel=\"canonical\" href=\"https:\/\/www.facecorner.lv\/en\/shop\/beauty-of-joseon-ginseng-essence-water-150ml\/\" \/>\n<meta property=\"og:locale\" content=\"en_US\" \/>\n<meta property=\"og:type\" content=\"article\" \/>\n<meta property=\"og:title\" content=\"Beauty of Joseon Ginseng Essence Water 150ml - FACECORNER\" \/>\n<meta property=\"og:description\" content=\"Atjaunojo\u0161a tonera esence ar \u017ee\u0146\u0161e\u0146u Beauty of Joseon Ginseng Essence Water intens\u012bvi mitrina un pal\u012bdz aizpild\u012bt mitruma tr\u016bkumu \u0101d\u0101, k\u0101 ar\u012b tai ir sp\u0113c\u012bga imunit\u0101ti stiprino\u0161a iedarb\u012bba. Palielina epidermas barjeras funkcijas un aizsarg\u0101 pret \u0101r\u0113jo faktoru kait\u012bgo ietekmi. Stimul\u0113 \u0161\u016bnu atjauno\u0161anos, pal\u012bdz izl\u012bdzin\u0101t s\u012bk\u0101s grumbi\u0146as un \u0101das krokas. Produkta pamat\u0101 ir 63% \u016bdens no \u017ee\u0146\u0161e\u0146a [&hellip;]\" \/>\n<meta property=\"og:url\" content=\"https:\/\/www.facecorner.lv\/en\/shop\/beauty-of-joseon-ginseng-essence-water-150ml\/\" \/>\n<meta property=\"og:site_name\" content=\"FACECORNER\" \/>\n<meta property=\"article:publisher\" content=\"https:\/\/www.facebook.com\/profile.php?id=100063824551839\" \/>\n<meta property=\"article:modified_time\" content=\"2024-03-26T21:04:30+00:00\" \/>\n<meta property=\"og:image\" content=\"https:\/\/www.facecorner.lv\/wp-content\/uploads\/2023\/11\/BeautyofJoseonGinsengEssenceWater5.webp.jpeg\" \/>\n\t<meta property=\"og:image:width\" content=\"800\" \/>\n\t<meta property=\"og:image:height\" content=\"800\" \/>\n\t<meta property=\"og:image:type\" content=\"image\/jpeg\" \/>\n<meta name=\"twitter:card\" content=\"summary_large_image\" \/>\n<meta name=\"twitter:label1\" content=\"Price\" \/>\n\t<meta name=\"twitter:data1\" content=\"&euro;21.00\" \/>\n\t<meta name=\"twitter:label2\" content=\"Availability\" \/>\n\t<meta name=\"twitter:data2\" content=\"Out of stock\" \/>\n<script type=\"application\/ld+json\" class=\"yoast-schema-graph\">{\"@context\":\"https:\\\/\\\/schema.org\",\"@graph\":[{\"@type\":\"WebPage\",\"@id\":\"https:\\\/\\\/www.facecorner.lv\\\/shop\\\/beauty-of-joseon-ginseng-essence-water-150ml\\\/\",\"url\":\"https:\\\/\\\/www.facecorner.lv\\\/shop\\\/beauty-of-joseon-ginseng-essence-water-150ml\\\/\",\"name\":\"Beauty of Joseon Ginseng Essence Water 150ml - FACECORNER\",\"isPartOf\":{\"@id\":\"https:\\\/\\\/www.facecorner.lv\\\/#website\"},\"primaryImageOfPage\":{\"@id\":\"https:\\\/\\\/www.facecorner.lv\\\/shop\\\/beauty-of-joseon-ginseng-essence-water-150ml\\\/#primaryimage\"},\"image\":{\"@id\":\"https:\\\/\\\/www.facecorner.lv\\\/shop\\\/beauty-of-joseon-ginseng-essence-water-150ml\\\/#primaryimage\"},\"thumbnailUrl\":\"https:\\\/\\\/www.facecorner.lv\\\/wp-content\\\/uploads\\\/2023\\\/11\\\/BeautyofJoseonGinsengEssenceWater5.webp.jpeg\",\"datePublished\":\"2023-11-02T18:32:47+00:00\",\"dateModified\":\"2024-03-26T21:04:30+00:00\",\"breadcrumb\":{\"@id\":\"https:\\\/\\\/www.facecorner.lv\\\/shop\\\/beauty-of-joseon-ginseng-essence-water-150ml\\\/#breadcrumb\"},\"inLanguage\":\"en-US\",\"potentialAction\":[{\"@type\":\"ReadAction\",\"target\":[\"https:\\\/\\\/www.facecorner.lv\\\/shop\\\/beauty-of-joseon-ginseng-essence-water-150ml\\\/\"]}]},{\"@type\":\"ImageObject\",\"inLanguage\":\"en-US\",\"@id\":\"https:\\\/\\\/www.facecorner.lv\\\/shop\\\/beauty-of-joseon-ginseng-essence-water-150ml\\\/#primaryimage\",\"url\":\"https:\\\/\\\/www.facecorner.lv\\\/wp-content\\\/uploads\\\/2023\\\/11\\\/BeautyofJoseonGinsengEssenceWater5.webp.jpeg\",\"contentUrl\":\"https:\\\/\\\/www.facecorner.lv\\\/wp-content\\\/uploads\\\/2023\\\/11\\\/BeautyofJoseonGinsengEssenceWater5.webp.jpeg\",\"width\":800,\"height\":800},{\"@type\":\"BreadcrumbList\",\"@id\":\"https:\\\/\\\/www.facecorner.lv\\\/shop\\\/beauty-of-joseon-ginseng-essence-water-150ml\\\/#breadcrumb\",\"itemListElement\":[{\"@type\":\"ListItem\",\"position\":1,\"name\":\"Home\",\"item\":\"https:\\\/\\\/www.facecorner.lv\\\/\"},{\"@type\":\"ListItem\",\"position\":2,\"name\":\"Veikals\",\"item\":\"https:\\\/\\\/www.facecorner.lv\\\/shop\\\/\"},{\"@type\":\"ListItem\",\"position\":3,\"name\":\"Beauty of Joseon Ginseng Essence Water 150ml\"}]},{\"@type\":\"WebSite\",\"@id\":\"https:\\\/\\\/www.facecorner.lv\\\/#website\",\"url\":\"https:\\\/\\\/www.facecorner.lv\\\/\",\"name\":\"Facecorner\",\"description\":\"\",\"publisher\":{\"@id\":\"https:\\\/\\\/www.facecorner.lv\\\/#organization\"},\"potentialAction\":[{\"@type\":\"SearchAction\",\"target\":{\"@type\":\"EntryPoint\",\"urlTemplate\":\"https:\\\/\\\/www.facecorner.lv\\\/?s={search_term_string}\"},\"query-input\":{\"@type\":\"PropertyValueSpecification\",\"valueRequired\":true,\"valueName\":\"search_term_string\"}}],\"inLanguage\":\"en-US\"},{\"@type\":\"Organization\",\"@id\":\"https:\\\/\\\/www.facecorner.lv\\\/#organization\",\"name\":\"Facecorner\",\"url\":\"https:\\\/\\\/www.facecorner.lv\\\/\",\"logo\":{\"@type\":\"ImageObject\",\"inLanguage\":\"en-US\",\"@id\":\"https:\\\/\\\/www.facecorner.lv\\\/#\\\/schema\\\/logo\\\/image\\\/\",\"url\":\"https:\\\/\\\/www.facecorner.lv\\\/wp-content\\\/uploads\\\/2024\\\/04\\\/fc-logo.jpg\",\"contentUrl\":\"https:\\\/\\\/www.facecorner.lv\\\/wp-content\\\/uploads\\\/2024\\\/04\\\/fc-logo.jpg\",\"width\":174,\"height\":28,\"caption\":\"Facecorner\"},\"image\":{\"@id\":\"https:\\\/\\\/www.facecorner.lv\\\/#\\\/schema\\\/logo\\\/image\\\/\"},\"sameAs\":[\"https:\\\/\\\/www.facebook.com\\\/profile.php?id=100063824551839\",\"https:\\\/\\\/www.instagram.com\\\/facecorner_shop\\\/\"]}]}<\/script>\n<meta property=\"product:price:amount\" content=\"21.00\" \/>\n<meta property=\"product:price:currency\" content=\"EUR\" \/>\n<meta property=\"og:availability\" content=\"out of stock\" \/>\n<meta property=\"product:availability\" content=\"out of stock\" \/>\n<meta property=\"product:condition\" content=\"new\" \/>\n<!-- \/ Yoast SEO plugin. -->","yoast_head_json":{"title":"Beauty of Joseon Ginseng Essence Water 150ml - FACECORNER","robots":{"index":"index","follow":"follow","max-snippet":"max-snippet:-1","max-image-preview":"max-image-preview:large","max-video-preview":"max-video-preview:-1"},"canonical":"https:\/\/www.facecorner.lv\/en\/shop\/beauty-of-joseon-ginseng-essence-water-150ml\/","og_locale":"en_US","og_type":"article","og_title":"Beauty of Joseon Ginseng Essence Water 150ml - FACECORNER","og_description":"Atjaunojo\u0161a tonera esence ar \u017ee\u0146\u0161e\u0146u Beauty of Joseon Ginseng Essence Water intens\u012bvi mitrina un pal\u012bdz aizpild\u012bt mitruma tr\u016bkumu \u0101d\u0101, k\u0101 ar\u012b tai ir sp\u0113c\u012bga imunit\u0101ti stiprino\u0161a iedarb\u012bba. Palielina epidermas barjeras funkcijas un aizsarg\u0101 pret \u0101r\u0113jo faktoru kait\u012bgo ietekmi. Stimul\u0113 \u0161\u016bnu atjauno\u0161anos, pal\u012bdz izl\u012bdzin\u0101t s\u012bk\u0101s grumbi\u0146as un \u0101das krokas. Produkta pamat\u0101 ir 63% \u016bdens no \u017ee\u0146\u0161e\u0146a [&hellip;]","og_url":"https:\/\/www.facecorner.lv\/en\/shop\/beauty-of-joseon-ginseng-essence-water-150ml\/","og_site_name":"FACECORNER","article_publisher":"https:\/\/www.facebook.com\/profile.php?id=100063824551839","article_modified_time":"2024-03-26T21:04:30+00:00","og_image":[{"width":800,"height":800,"url":"https:\/\/www.facecorner.lv\/wp-content\/uploads\/2023\/11\/BeautyofJoseonGinsengEssenceWater5.webp.jpeg","type":"image\/jpeg"}],"twitter_card":"summary_large_image","twitter_misc":{"Price":"&euro;21.00","Availability":"Out of stock"},"schema":{"@context":"https:\/\/schema.org","@graph":[{"@type":"WebPage","@id":"https:\/\/www.facecorner.lv\/shop\/beauty-of-joseon-ginseng-essence-water-150ml\/","url":"https:\/\/www.facecorner.lv\/shop\/beauty-of-joseon-ginseng-essence-water-150ml\/","name":"Beauty of Joseon Ginseng Essence Water 150ml - FACECORNER","isPartOf":{"@id":"https:\/\/www.facecorner.lv\/#website"},"primaryImageOfPage":{"@id":"https:\/\/www.facecorner.lv\/shop\/beauty-of-joseon-ginseng-essence-water-150ml\/#primaryimage"},"image":{"@id":"https:\/\/www.facecorner.lv\/shop\/beauty-of-joseon-ginseng-essence-water-150ml\/#primaryimage"},"thumbnailUrl":"https:\/\/www.facecorner.lv\/wp-content\/uploads\/2023\/11\/BeautyofJoseonGinsengEssenceWater5.webp.jpeg","datePublished":"2023-11-02T18:32:47+00:00","dateModified":"2024-03-26T21:04:30+00:00","breadcrumb":{"@id":"https:\/\/www.facecorner.lv\/shop\/beauty-of-joseon-ginseng-essence-water-150ml\/#breadcrumb"},"inLanguage":"en-US","potentialAction":[{"@type":"ReadAction","target":["https:\/\/www.facecorner.lv\/shop\/beauty-of-joseon-ginseng-essence-water-150ml\/"]}]},{"@type":"ImageObject","inLanguage":"en-US","@id":"https:\/\/www.facecorner.lv\/shop\/beauty-of-joseon-ginseng-essence-water-150ml\/#primaryimage","url":"https:\/\/www.facecorner.lv\/wp-content\/uploads\/2023\/11\/BeautyofJoseonGinsengEssenceWater5.webp.jpeg","contentUrl":"https:\/\/www.facecorner.lv\/wp-content\/uploads\/2023\/11\/BeautyofJoseonGinsengEssenceWater5.webp.jpeg","width":800,"height":800},{"@type":"BreadcrumbList","@id":"https:\/\/www.facecorner.lv\/shop\/beauty-of-joseon-ginseng-essence-water-150ml\/#breadcrumb","itemListElement":[{"@type":"ListItem","position":1,"name":"Home","item":"https:\/\/www.facecorner.lv\/"},{"@type":"ListItem","position":2,"name":"Veikals","item":"https:\/\/www.facecorner.lv\/shop\/"},{"@type":"ListItem","position":3,"name":"Beauty of Joseon Ginseng Essence Water 150ml"}]},{"@type":"WebSite","@id":"https:\/\/www.facecorner.lv\/#website","url":"https:\/\/www.facecorner.lv\/","name":"Facecorner","description":"","publisher":{"@id":"https:\/\/www.facecorner.lv\/#organization"},"potentialAction":[{"@type":"SearchAction","target":{"@type":"EntryPoint","urlTemplate":"https:\/\/www.facecorner.lv\/?s={search_term_string}"},"query-input":{"@type":"PropertyValueSpecification","valueRequired":true,"valueName":"search_term_string"}}],"inLanguage":"en-US"},{"@type":"Organization","@id":"https:\/\/www.facecorner.lv\/#organization","name":"Facecorner","url":"https:\/\/www.facecorner.lv\/","logo":{"@type":"ImageObject","inLanguage":"en-US","@id":"https:\/\/www.facecorner.lv\/#\/schema\/logo\/image\/","url":"https:\/\/www.facecorner.lv\/wp-content\/uploads\/2024\/04\/fc-logo.jpg","contentUrl":"https:\/\/www.facecorner.lv\/wp-content\/uploads\/2024\/04\/fc-logo.jpg","width":174,"height":28,"caption":"Facecorner"},"image":{"@id":"https:\/\/www.facecorner.lv\/#\/schema\/logo\/image\/"},"sameAs":["https:\/\/www.facebook.com\/profile.php?id=100063824551839","https:\/\/www.instagram.com\/facecorner_shop\/"]}]},"product_price_amount":"21.00","product_price_currency":"EUR","og_availability":"out of stock","product_availability":"out of stock","product_condition":"new"},"_links":{"self":[{"href":"https:\/\/www.facecorner.lv\/en\/wp-json\/wp\/v2\/product\/12773","targetHints":{"allow":["GET"]}}],"collection":[{"href":"https:\/\/www.facecorner.lv\/en\/wp-json\/wp\/v2\/product"}],"about":[{"href":"https:\/\/www.facecorner.lv\/en\/wp-json\/wp\/v2\/types\/product"}],"replies":[{"embeddable":true,"href":"https:\/\/www.facecorner.lv\/en\/wp-json\/wp\/v2\/comments?post=12773"}],"wp:featuredmedia":[{"embeddable":true,"href":"https:\/\/www.facecorner.lv\/en\/wp-json\/wp\/v2\/media\/12774"}],"wp:attachment":[{"href":"https:\/\/www.facecorner.lv\/en\/wp-json\/wp\/v2\/media?parent=12773"}],"wp:term":[{"taxonomy":"product_brand","embeddable":true,"href":"https:\/\/www.facecorner.lv\/en\/wp-json\/wp\/v2\/product_brand?post=12773"},{"taxonomy":"product_cat","embeddable":true,"href":"https:\/\/www.facecorner.lv\/en\/wp-json\/wp\/v2\/product_cat?post=12773"},{"taxonomy":"product_tag","embeddable":true,"href":"https:\/\/www.facecorner.lv\/en\/wp-json\/wp\/v2\/product_tag?post=12773"},{"taxonomy":"berocket_brand","embeddable":true,"href":"https:\/\/www.facecorner.lv\/en\/wp-json\/wp\/v2\/berocket_brand?post=12773"}],"curies":[{"name":"wp","href":"https:\/\/api.w.org\/{rel}","templated":true}]}}