{"id":12678,"date":"2023-10-24T16:26:53","date_gmt":"2023-10-24T14:26:53","guid":{"rendered":"https:\/\/www.facecorner.lv\/?post_type=product&#038;p=12678"},"modified":"2026-04-19T12:33:41","modified_gmt":"2026-04-19T09:33:41","slug":"k-secret-extra-illuminating-eye-gel-patches","status":"publish","type":"product","link":"https:\/\/www.facecorner.lv\/en\/shop\/k-secret-extra-illuminating-eye-gel-patches\/","title":{"rendered":"K-Secret Extra Illuminating Eye Gel Patches"},"content":{"rendered":"<p>Hidrog\u0113la pl\u0101ksteri no\u0146em tum\u0161os lokus zem ac\u012bm, dz\u0113\u0161 noguruma paz\u012bmes un izl\u012bdzina tonusu, izgaismojot nev\u0113lamo pigment\u0101ciju.<br \/>\nPl\u0101ksteru akt\u012bv\u0101 sast\u0101vda\u013ca ir C vitam\u012bns, sp\u0113c\u012bgs antioksidants, mazina stresu, stimul\u0113 kolag\u0113na ra\u017eo\u0161anu, saglab\u0101jot \u0101du elast\u012bgu un tvirtu, piepilda \u0101du ar ener\u0123iju un mirdzumu.<\/p>\n<p><strong>Bubble Pop Cleanser products fine, soft foam to cleanse away dead skin, sebum and makeup residue from your face, while hyaluronic acid moisturizes your skin.<\/strong><\/p>\n<ul>\n<li><strong>C vitam\u012bns (askorb\u012bnsk\u0101be)<\/strong> &#8211; \u0161is komponents var ne tikai izgaismot vecuma plankumus, bet ar\u012b lieliski aizsarg\u0101 pret br\u012bvajiem radik\u0101\u013ciem, stimul\u0113 kolag\u0113na ra\u017eo\u0161anu, c\u012bn\u0101s ar grumb\u0101m, k\u0101 ar\u012b uzlabo UV aizsardz\u012bbu, ja to lieto zem sau\u013co\u0161an\u0101s. Sp\u0113c\u012bgs antioksidants, aizsarg\u0101 \u0101du no \u0101r\u0113jas nelabv\u0113l\u012bgas ietekmes, izl\u012bdzina \u0101das toni, no\u0146em pigment\u0101ciju, pal\u012bdz dab\u012bg\u0101 kolag\u0113na ra\u017eo\u0161anai, stiprina asinsvadu sieni\u0146as, pal\u012bdz br\u016b\u010du dz\u012b\u0161anai.<\/li>\n<li><strong>Niacinam\u012bds (B3 vitam\u012bns)<\/strong> ir sp\u0113c\u012bgs antioksidants ar augstu fotostabilit\u0101ti, kas noz\u012bm\u0113, ka tas netiek izn\u012bcin\u0101ts UV iedarb\u012bbas rezult\u0101t\u0101 un gl\u0101bj \u0101das \u0161\u016bnas no t\u0101, nov\u0113r\u0161ot fotonoveco\u0161anos. Tas lieliski izgaismo vecuma plankumus, ne\u013caujot pigmentam p\u0101rvietoties uz epidermas aug\u0161\u0113jiem sl\u0101\u0146iem.<\/li>\n<li><strong>Kolag\u0113na hidroliz\u0101ts<\/strong> &#8211; Uzlabo \u0101das visp\u0101r\u0113jo st\u0101vokli: izl\u012bdzina un izl\u012bdzina to, padara to tvirtu un elast\u012bgu, no\u0146em s\u012bk\u0101s krunci\u0146as un atsvaidzina. Tai ir br\u016b\u010du dziedino\u0161a un nomierino\u0161a iedarb\u012bba, saglab\u0101 mitrumu dzi\u013cajos \u0101das sl\u0101\u0146os. Piem\u012bt re\u0123ener\u0113jo\u0161a iedarb\u012bba.<\/li>\n<\/ul>\n<p><strong>Ingredientes:\u00a0<\/strong>Water, Glycerin, Niacinamide, Carrageenan, Butylene Glycol, Ascorbic Acid, Sodium Starch Octenylsuccinate, Calcium Pantothenate, Maltodextrin, Pyridoxine HCl, Sodium Ascorbyl Phosphate, Silica, Hydrolyzed Elastin, Hydrolyzed Collagen, Sodium Hyaluronate, Cyamopsis Tetragonoloba (Guar) Gum, Ethyl Hexanediol, Ceratonia Siliqua (Carob) Gum, Hexylene Glycol, Allantoin, Propanediol, Polyglyceryl-10 Laurate, Pentylene Glycol, Synthetic Fluorphlogopite, Pinus Sylvestris Leaf Extract, Potassium Chloride, Calcium Chloride, Cellulose Gum, Titanium Dioxide, Sucrose, Hydroxyacetophenone, 1,2-Hexanediol, Adenosine, Illicium Verum (Anise) Fruit Extract, Ethylhexylglycerin, Calcium Lactate, Disodium EDTA, Dipotassium Glycyrrhizate, Arginine, Ricinus Communis (Castor) Seed Oil, Caprylyl Glycol, Tin Oxide, Tocopheryl Acetate, Chlorphenesin, Fragrance<\/p>","protected":false},"excerpt":{"rendered":"<p>Hidrog\u0113la pl\u0101ksteri no\u0146em tum\u0161os lokus zem ac\u012bm, dz\u0113\u0161 noguruma paz\u012bmes un izl\u012bdzina tonusu, izgaismojot nev\u0113lamo pigment\u0101ciju. Pl\u0101ksteru akt\u012bv\u0101 sast\u0101vda\u013ca ir C vitam\u012bns, sp\u0113c\u012bgs antioksidants, mazina stresu, stimul\u0113 kolag\u0113na ra\u017eo\u0161anu, saglab\u0101jot \u0101du elast\u012bgu un tvirtu, piepilda \u0101du ar ener\u0123iju un mirdzumu. Akt\u012bv\u0101s sast\u0101vda\u013cas: C vitam\u012bns (askorb\u012bnsk\u0101be) &#8211; \u0161is komponents var ne tikai izgaismot vecuma plankumus, bet [&hellip;]<\/p>\n","protected":false},"featured_media":12680,"comment_status":"open","ping_status":"closed","template":"","meta":{"site-sidebar-layout":"default","site-content-layout":"","ast-site-content-layout":"","site-content-style":"default","site-sidebar-style":"default","ast-global-header-display":"","ast-banner-title-visibility":"","ast-main-header-display":"","ast-hfb-above-header-display":"","ast-hfb-below-header-display":"","ast-hfb-mobile-header-display":"","site-post-title":"","ast-breadcrumbs-content":"","ast-featured-img":"","footer-sml-layout":"","theme-transparent-header-meta":"","adv-header-id-meta":"","stick-header-meta":"","header-above-stick-meta":"","header-main-stick-meta":"","header-below-stick-meta":"","astra-migrate-meta-layouts":"default","ast-page-background-enabled":"default","ast-page-background-meta":{"desktop":{"background-color":"var(--ast-global-color-4)","background-image":"","background-repeat":"repeat","background-position":"center center","background-size":"auto","background-attachment":"scroll","background-type":"","background-media":"","overlay-type":"","overlay-color":"","overlay-opacity":"","overlay-gradient":""},"tablet":{"background-color":"","background-image":"","background-repeat":"repeat","background-position":"center center","background-size":"auto","background-attachment":"scroll","background-type":"","background-media":"","overlay-type":"","overlay-color":"","overlay-opacity":"","overlay-gradient":""},"mobile":{"background-color":"","background-image":"","background-repeat":"repeat","background-position":"center center","background-size":"auto","background-attachment":"scroll","background-type":"","background-media":"","overlay-type":"","overlay-color":"","overlay-opacity":"","overlay-gradient":""}},"ast-content-background-meta":{"desktop":{"background-color":"var(--ast-global-color-5)","background-image":"","background-repeat":"repeat","background-position":"center center","background-size":"auto","background-attachment":"scroll","background-type":"","background-media":"","overlay-type":"","overlay-color":"","overlay-opacity":"","overlay-gradient":""},"tablet":{"background-color":"var(--ast-global-color-5)","background-image":"","background-repeat":"repeat","background-position":"center center","background-size":"auto","background-attachment":"scroll","background-type":"","background-media":"","overlay-type":"","overlay-color":"","overlay-opacity":"","overlay-gradient":""},"mobile":{"background-color":"var(--ast-global-color-5)","background-image":"","background-repeat":"repeat","background-position":"center center","background-size":"auto","background-attachment":"scroll","background-type":"","background-media":"","overlay-type":"","overlay-color":"","overlay-opacity":"","overlay-gradient":""}}},"product_brand":[],"product_cat":[327,569],"product_tag":[],"berocket_brand":[628],"class_list":{"0":"post-12678","1":"product","2":"type-product","3":"status-publish","4":"has-post-thumbnail","6":"product_cat-patci","7":"product_cat-vitamin-c","8":"berocket_brand-k-secret","9":"desktop-align-left","10":"tablet-align-left","11":"mobile-align-left","13":"first","14":"outofstock","15":"sale","16":"taxable","17":"shipping-taxable","18":"purchasable","19":"product-type-simple","20":"add-to-wishlist-before_image"},"yoast_head":"<!-- This site is optimized with the Yoast SEO plugin v27.4 - https:\/\/yoast.com\/product\/yoast-seo-wordpress\/ -->\n<title>K-Secret Extra Illuminating Eye Gel Patches - FACECORNER<\/title>\n<meta name=\"robots\" content=\"index, follow, max-snippet:-1, max-image-preview:large, max-video-preview:-1\" \/>\n<link rel=\"canonical\" href=\"https:\/\/www.facecorner.lv\/en\/shop\/k-secret-extra-illuminating-eye-gel-patches\/\" \/>\n<meta property=\"og:locale\" content=\"en_US\" \/>\n<meta property=\"og:type\" content=\"article\" \/>\n<meta property=\"og:title\" content=\"K-Secret Extra Illuminating Eye Gel Patches - FACECORNER\" \/>\n<meta property=\"og:description\" content=\"Hidrog\u0113la pl\u0101ksteri no\u0146em tum\u0161os lokus zem ac\u012bm, dz\u0113\u0161 noguruma paz\u012bmes un izl\u012bdzina tonusu, izgaismojot nev\u0113lamo pigment\u0101ciju. Pl\u0101ksteru akt\u012bv\u0101 sast\u0101vda\u013ca ir C vitam\u012bns, sp\u0113c\u012bgs antioksidants, mazina stresu, stimul\u0113 kolag\u0113na ra\u017eo\u0161anu, saglab\u0101jot \u0101du elast\u012bgu un tvirtu, piepilda \u0101du ar ener\u0123iju un mirdzumu. Akt\u012bv\u0101s sast\u0101vda\u013cas: C vitam\u012bns (askorb\u012bnsk\u0101be) &#8211; \u0161is komponents var ne tikai izgaismot vecuma plankumus, bet [&hellip;]\" \/>\n<meta property=\"og:url\" content=\"https:\/\/www.facecorner.lv\/en\/shop\/k-secret-extra-illuminating-eye-gel-patches\/\" \/>\n<meta property=\"og:site_name\" content=\"FACECORNER\" \/>\n<meta property=\"article:publisher\" content=\"https:\/\/www.facebook.com\/profile.php?id=100063824551839\" \/>\n<meta property=\"article:modified_time\" content=\"2026-04-19T09:33:41+00:00\" \/>\n<meta property=\"og:image\" content=\"https:\/\/www.facecorner.lv\/wp-content\/uploads\/2023\/10\/Vitamin_1_952x.webp\" \/>\n\t<meta property=\"og:image:width\" content=\"952\" \/>\n\t<meta property=\"og:image:height\" content=\"952\" \/>\n\t<meta property=\"og:image:type\" content=\"image\/webp\" \/>\n<meta name=\"twitter:card\" content=\"summary_large_image\" \/>\n<meta name=\"twitter:label1\" content=\"Price\" \/>\n\t<meta name=\"twitter:data1\" content=\"&euro;27.90\" \/>\n\t<meta name=\"twitter:label2\" content=\"Availability\" \/>\n\t<meta name=\"twitter:data2\" content=\"Out of stock\" \/>\n<script type=\"application\/ld+json\" class=\"yoast-schema-graph\">{\"@context\":\"https:\\\/\\\/schema.org\",\"@graph\":[{\"@type\":\"WebPage\",\"@id\":\"https:\\\/\\\/www.facecorner.lv\\\/shop\\\/k-secret-extra-illuminating-eye-gel-patches\\\/\",\"url\":\"https:\\\/\\\/www.facecorner.lv\\\/shop\\\/k-secret-extra-illuminating-eye-gel-patches\\\/\",\"name\":\"K-Secret Extra Illuminating Eye Gel Patches - FACECORNER\",\"isPartOf\":{\"@id\":\"https:\\\/\\\/www.facecorner.lv\\\/#website\"},\"primaryImageOfPage\":{\"@id\":\"https:\\\/\\\/www.facecorner.lv\\\/shop\\\/k-secret-extra-illuminating-eye-gel-patches\\\/#primaryimage\"},\"image\":{\"@id\":\"https:\\\/\\\/www.facecorner.lv\\\/shop\\\/k-secret-extra-illuminating-eye-gel-patches\\\/#primaryimage\"},\"thumbnailUrl\":\"https:\\\/\\\/www.facecorner.lv\\\/wp-content\\\/uploads\\\/2023\\\/10\\\/Vitamin_1_952x.webp\",\"datePublished\":\"2023-10-24T14:26:53+00:00\",\"dateModified\":\"2026-04-19T09:33:41+00:00\",\"breadcrumb\":{\"@id\":\"https:\\\/\\\/www.facecorner.lv\\\/shop\\\/k-secret-extra-illuminating-eye-gel-patches\\\/#breadcrumb\"},\"inLanguage\":\"en-US\",\"potentialAction\":[{\"@type\":\"ReadAction\",\"target\":[\"https:\\\/\\\/www.facecorner.lv\\\/shop\\\/k-secret-extra-illuminating-eye-gel-patches\\\/\"]}]},{\"@type\":\"ImageObject\",\"inLanguage\":\"en-US\",\"@id\":\"https:\\\/\\\/www.facecorner.lv\\\/shop\\\/k-secret-extra-illuminating-eye-gel-patches\\\/#primaryimage\",\"url\":\"https:\\\/\\\/www.facecorner.lv\\\/wp-content\\\/uploads\\\/2023\\\/10\\\/Vitamin_1_952x.webp\",\"contentUrl\":\"https:\\\/\\\/www.facecorner.lv\\\/wp-content\\\/uploads\\\/2023\\\/10\\\/Vitamin_1_952x.webp\",\"width\":952,\"height\":952},{\"@type\":\"BreadcrumbList\",\"@id\":\"https:\\\/\\\/www.facecorner.lv\\\/shop\\\/k-secret-extra-illuminating-eye-gel-patches\\\/#breadcrumb\",\"itemListElement\":[{\"@type\":\"ListItem\",\"position\":1,\"name\":\"Home\",\"item\":\"https:\\\/\\\/www.facecorner.lv\\\/\"},{\"@type\":\"ListItem\",\"position\":2,\"name\":\"Veikals\",\"item\":\"https:\\\/\\\/www.facecorner.lv\\\/shop\\\/\"},{\"@type\":\"ListItem\",\"position\":3,\"name\":\"K-Secret Extra Illuminating Eye Gel Patches\"}]},{\"@type\":\"WebSite\",\"@id\":\"https:\\\/\\\/www.facecorner.lv\\\/#website\",\"url\":\"https:\\\/\\\/www.facecorner.lv\\\/\",\"name\":\"Facecorner\",\"description\":\"\",\"publisher\":{\"@id\":\"https:\\\/\\\/www.facecorner.lv\\\/#organization\"},\"potentialAction\":[{\"@type\":\"SearchAction\",\"target\":{\"@type\":\"EntryPoint\",\"urlTemplate\":\"https:\\\/\\\/www.facecorner.lv\\\/?s={search_term_string}\"},\"query-input\":{\"@type\":\"PropertyValueSpecification\",\"valueRequired\":true,\"valueName\":\"search_term_string\"}}],\"inLanguage\":\"en-US\"},{\"@type\":\"Organization\",\"@id\":\"https:\\\/\\\/www.facecorner.lv\\\/#organization\",\"name\":\"Facecorner\",\"url\":\"https:\\\/\\\/www.facecorner.lv\\\/\",\"logo\":{\"@type\":\"ImageObject\",\"inLanguage\":\"en-US\",\"@id\":\"https:\\\/\\\/www.facecorner.lv\\\/#\\\/schema\\\/logo\\\/image\\\/\",\"url\":\"https:\\\/\\\/www.facecorner.lv\\\/wp-content\\\/uploads\\\/2024\\\/04\\\/fc-logo.jpg\",\"contentUrl\":\"https:\\\/\\\/www.facecorner.lv\\\/wp-content\\\/uploads\\\/2024\\\/04\\\/fc-logo.jpg\",\"width\":174,\"height\":28,\"caption\":\"Facecorner\"},\"image\":{\"@id\":\"https:\\\/\\\/www.facecorner.lv\\\/#\\\/schema\\\/logo\\\/image\\\/\"},\"sameAs\":[\"https:\\\/\\\/www.facebook.com\\\/profile.php?id=100063824551839\",\"https:\\\/\\\/www.instagram.com\\\/facecorner_shop\\\/\"]}]}<\/script>\n<meta property=\"product:price:amount\" content=\"27.90\" \/>\n<meta property=\"product:price:currency\" content=\"EUR\" \/>\n<meta property=\"og:availability\" content=\"out of stock\" \/>\n<meta property=\"product:availability\" content=\"out of stock\" \/>\n<meta property=\"product:condition\" content=\"new\" \/>\n<!-- \/ Yoast SEO plugin. -->","yoast_head_json":{"title":"K-Secret Extra Illuminating Eye Gel Patches - FACECORNER","robots":{"index":"index","follow":"follow","max-snippet":"max-snippet:-1","max-image-preview":"max-image-preview:large","max-video-preview":"max-video-preview:-1"},"canonical":"https:\/\/www.facecorner.lv\/en\/shop\/k-secret-extra-illuminating-eye-gel-patches\/","og_locale":"en_US","og_type":"article","og_title":"K-Secret Extra Illuminating Eye Gel Patches - FACECORNER","og_description":"Hidrog\u0113la pl\u0101ksteri no\u0146em tum\u0161os lokus zem ac\u012bm, dz\u0113\u0161 noguruma paz\u012bmes un izl\u012bdzina tonusu, izgaismojot nev\u0113lamo pigment\u0101ciju. Pl\u0101ksteru akt\u012bv\u0101 sast\u0101vda\u013ca ir C vitam\u012bns, sp\u0113c\u012bgs antioksidants, mazina stresu, stimul\u0113 kolag\u0113na ra\u017eo\u0161anu, saglab\u0101jot \u0101du elast\u012bgu un tvirtu, piepilda \u0101du ar ener\u0123iju un mirdzumu. Akt\u012bv\u0101s sast\u0101vda\u013cas: C vitam\u012bns (askorb\u012bnsk\u0101be) &#8211; \u0161is komponents var ne tikai izgaismot vecuma plankumus, bet [&hellip;]","og_url":"https:\/\/www.facecorner.lv\/en\/shop\/k-secret-extra-illuminating-eye-gel-patches\/","og_site_name":"FACECORNER","article_publisher":"https:\/\/www.facebook.com\/profile.php?id=100063824551839","article_modified_time":"2026-04-19T09:33:41+00:00","og_image":[{"width":952,"height":952,"url":"https:\/\/www.facecorner.lv\/wp-content\/uploads\/2023\/10\/Vitamin_1_952x.webp","type":"image\/webp"}],"twitter_card":"summary_large_image","twitter_misc":{"Price":"&euro;27.90","Availability":"Out of stock"},"schema":{"@context":"https:\/\/schema.org","@graph":[{"@type":"WebPage","@id":"https:\/\/www.facecorner.lv\/shop\/k-secret-extra-illuminating-eye-gel-patches\/","url":"https:\/\/www.facecorner.lv\/shop\/k-secret-extra-illuminating-eye-gel-patches\/","name":"K-Secret Extra Illuminating Eye Gel Patches - FACECORNER","isPartOf":{"@id":"https:\/\/www.facecorner.lv\/#website"},"primaryImageOfPage":{"@id":"https:\/\/www.facecorner.lv\/shop\/k-secret-extra-illuminating-eye-gel-patches\/#primaryimage"},"image":{"@id":"https:\/\/www.facecorner.lv\/shop\/k-secret-extra-illuminating-eye-gel-patches\/#primaryimage"},"thumbnailUrl":"https:\/\/www.facecorner.lv\/wp-content\/uploads\/2023\/10\/Vitamin_1_952x.webp","datePublished":"2023-10-24T14:26:53+00:00","dateModified":"2026-04-19T09:33:41+00:00","breadcrumb":{"@id":"https:\/\/www.facecorner.lv\/shop\/k-secret-extra-illuminating-eye-gel-patches\/#breadcrumb"},"inLanguage":"en-US","potentialAction":[{"@type":"ReadAction","target":["https:\/\/www.facecorner.lv\/shop\/k-secret-extra-illuminating-eye-gel-patches\/"]}]},{"@type":"ImageObject","inLanguage":"en-US","@id":"https:\/\/www.facecorner.lv\/shop\/k-secret-extra-illuminating-eye-gel-patches\/#primaryimage","url":"https:\/\/www.facecorner.lv\/wp-content\/uploads\/2023\/10\/Vitamin_1_952x.webp","contentUrl":"https:\/\/www.facecorner.lv\/wp-content\/uploads\/2023\/10\/Vitamin_1_952x.webp","width":952,"height":952},{"@type":"BreadcrumbList","@id":"https:\/\/www.facecorner.lv\/shop\/k-secret-extra-illuminating-eye-gel-patches\/#breadcrumb","itemListElement":[{"@type":"ListItem","position":1,"name":"Home","item":"https:\/\/www.facecorner.lv\/"},{"@type":"ListItem","position":2,"name":"Veikals","item":"https:\/\/www.facecorner.lv\/shop\/"},{"@type":"ListItem","position":3,"name":"K-Secret Extra Illuminating Eye Gel Patches"}]},{"@type":"WebSite","@id":"https:\/\/www.facecorner.lv\/#website","url":"https:\/\/www.facecorner.lv\/","name":"Facecorner","description":"","publisher":{"@id":"https:\/\/www.facecorner.lv\/#organization"},"potentialAction":[{"@type":"SearchAction","target":{"@type":"EntryPoint","urlTemplate":"https:\/\/www.facecorner.lv\/?s={search_term_string}"},"query-input":{"@type":"PropertyValueSpecification","valueRequired":true,"valueName":"search_term_string"}}],"inLanguage":"en-US"},{"@type":"Organization","@id":"https:\/\/www.facecorner.lv\/#organization","name":"Facecorner","url":"https:\/\/www.facecorner.lv\/","logo":{"@type":"ImageObject","inLanguage":"en-US","@id":"https:\/\/www.facecorner.lv\/#\/schema\/logo\/image\/","url":"https:\/\/www.facecorner.lv\/wp-content\/uploads\/2024\/04\/fc-logo.jpg","contentUrl":"https:\/\/www.facecorner.lv\/wp-content\/uploads\/2024\/04\/fc-logo.jpg","width":174,"height":28,"caption":"Facecorner"},"image":{"@id":"https:\/\/www.facecorner.lv\/#\/schema\/logo\/image\/"},"sameAs":["https:\/\/www.facebook.com\/profile.php?id=100063824551839","https:\/\/www.instagram.com\/facecorner_shop\/"]}]},"product_price_amount":"27.90","product_price_currency":"EUR","og_availability":"out of stock","product_availability":"out of stock","product_condition":"new"},"_links":{"self":[{"href":"https:\/\/www.facecorner.lv\/en\/wp-json\/wp\/v2\/product\/12678","targetHints":{"allow":["GET"]}}],"collection":[{"href":"https:\/\/www.facecorner.lv\/en\/wp-json\/wp\/v2\/product"}],"about":[{"href":"https:\/\/www.facecorner.lv\/en\/wp-json\/wp\/v2\/types\/product"}],"replies":[{"embeddable":true,"href":"https:\/\/www.facecorner.lv\/en\/wp-json\/wp\/v2\/comments?post=12678"}],"wp:featuredmedia":[{"embeddable":true,"href":"https:\/\/www.facecorner.lv\/en\/wp-json\/wp\/v2\/media\/12680"}],"wp:attachment":[{"href":"https:\/\/www.facecorner.lv\/en\/wp-json\/wp\/v2\/media?parent=12678"}],"wp:term":[{"taxonomy":"product_brand","embeddable":true,"href":"https:\/\/www.facecorner.lv\/en\/wp-json\/wp\/v2\/product_brand?post=12678"},{"taxonomy":"product_cat","embeddable":true,"href":"https:\/\/www.facecorner.lv\/en\/wp-json\/wp\/v2\/product_cat?post=12678"},{"taxonomy":"product_tag","embeddable":true,"href":"https:\/\/www.facecorner.lv\/en\/wp-json\/wp\/v2\/product_tag?post=12678"},{"taxonomy":"berocket_brand","embeddable":true,"href":"https:\/\/www.facecorner.lv\/en\/wp-json\/wp\/v2\/berocket_brand?post=12678"}],"curies":[{"name":"wp","href":"https:\/\/api.w.org\/{rel}","templated":true}]}}