{"id":12674,"date":"2023-10-24T16:17:11","date_gmt":"2023-10-24T14:17:11","guid":{"rendered":"https:\/\/www.facecorner.lv\/?post_type=product&#038;p=12674"},"modified":"2026-02-09T15:15:21","modified_gmt":"2026-02-09T12:15:21","slug":"k-secret-advanced-regenerating-eye-gel-patches","status":"publish","type":"product","link":"https:\/\/www.facecorner.lv\/en\/shop\/k-secret-advanced-regenerating-eye-gel-patches\/","title":{"rendered":"K-Secret Advanced Regenerating Eye Gel Patches"},"content":{"rendered":"<p>Atjaunojo\u0161ie acu pl\u0101ksteri ar retinolu K-SECRET Advanced Regenerating Eye Gel Patches ir izteikta izl\u012bdzino\u0161a iedarb\u012bba, samazina m\u012bmikas l\u012bniju dzi\u013cumu un v\u0101rnu p\u0113das. Stimul\u0113 savu elast\u012bna un kolag\u0113na \u0161\u0137iedru sint\u0113zi, palielinot \u0101das elast\u012bbu acu zon\u0101. Sabl\u012bv\u0113 plaksti\u0146u pl\u0101no \u0101du, nostiprina un atjauno lip\u012bdu apvalka integrit\u0101ti \u0161aj\u0101 zon\u0101.<\/p>\n<p>Produkts pal\u012bdz samazin\u0101t tum\u0161os lokus un pigment\u0101ciju, atsvaidzina un nov\u0113r\u0161 piet\u016bkumu. Akt\u012bvi baro, nov\u0113r\u0161 sausumu, sasprindzin\u0101jumu un lob\u012b\u0161anos.<br \/>\nIzteikt\u0101kam atv\u0113sino\u0161am un toniz\u0113jo\u0161am efektam pl\u0101ksterus var uzglab\u0101t ledusskap\u012b.<\/p>\n<p><strong>Main active ingredients:<\/strong><\/p>\n<ul>\n<li><strong>Retinolam<\/strong> piem\u012bt sp\u0113c\u012bga atjaunojo\u0161a iedarb\u012bba, tas stimul\u0113 kolag\u0113na un elast\u012bna sint\u0113zi epidermas \u0161\u016bn\u0101s un efekt\u012bvi palielina elast\u012bbu.<\/li>\n<li><strong>Argirel\u012bnam<\/strong> ir botul\u012bnam l\u012bdz\u012bga iedarb\u012bba, kas darbojas k\u0101 musku\u013cu relaksants: atsl\u0101bina m\u012bmikas musku\u013cus, t\u0101d\u0113j\u0101di nov\u0113r\u0161ot m\u012bmikas grumbu veido\u0161anos ap ac\u012bm un samazinot eso\u0161o dzi\u013cumu, izl\u012bdzinot \u0101du.<\/li>\n<li><strong>Sojas ster\u012bni<\/strong> palielina audu bl\u012bvumu un stiprina lip\u012bdu apvalku. Pateicoties \u0161ai \u012bpa\u0161\u012bbai, \u0161\u0101di augu ster\u012bni sp\u0113j efekt\u012bvi dzied\u0113t \u0101du un atjaunot boj\u0101to aizsargbarjeru.<\/li>\n<li><strong>Koenz\u012bmam Q10<\/strong> piem\u012bt atjaunojo\u0161a un antioksidanta iedarb\u012bba, tas pal\u012bdz izl\u012bdzin\u0101t grumbas, pa\u0101trina kolag\u0113na \u0161\u0137iedru atjauno\u0161anos un sint\u0113zi \u0161\u016bn\u0101s. Stimul\u0113 saistaudu aug\u0161anu, aizsarg\u0101 \u0161\u016bnas no izn\u012bcin\u0101\u0161anas.<\/li>\n<\/ul>\n<p><strong>S\u0101stavs : <\/strong>Water, Glycerin, Carrageenan, Niacinamide, Butylene Glycol, Hydrogenated Lecithin, Glycine Soja (Soybean) Sterols, Hydroxydecyl Ubiquinone, Astaxanthin, Resveratrol, Ubiquinone, Oleoyl Pine Bark Extract, Acetyl Hexapeptide-8, Propanediol, Pentylene Glycol, Cocos Nucifera (Coconut) Fruit Extract, Pinus Sylvestris Leaf Extract, PEG-60 Hydrogenated Castor Oil, Ceratonia Siliqua (Carob) Gum, Sucrose, Potassium Chloride, Cyamopsis Tetragonoloba (Guar) Gum, Synthetic Fluorphlogopite, Tin Oxide, Titanium Dioxide, Calcium Chloride, Allantoin, Cellulose Gum, Glycine Soja (Soybean) Oil, Retinol, BHT, Sodium Hyaluronate, Calcium Lactate, Adenosine, Disodium EDTA, Dipotassium Glycyrrhizate, Arginine, Ethylhexylglycerin, Ricinus Communis (Castor) Seed Oil, Caprylyl Glycol, Ethyl Hexanediol, 1,2-Hexanediol, Chlorphenesin, Fragrance<\/p>","protected":false},"excerpt":{"rendered":"<p>Atjaunojo\u0161ie acu pl\u0101ksteri ar retinolu K-SECRET Advanced Regenerating Eye Gel Patches ir izteikta izl\u012bdzino\u0161a iedarb\u012bba, samazina m\u012bmikas l\u012bniju dzi\u013cumu un v\u0101rnu p\u0113das. Stimul\u0113 savu elast\u012bna un kolag\u0113na \u0161\u0137iedru sint\u0113zi, palielinot \u0101das elast\u012bbu acu zon\u0101. Sabl\u012bv\u0113 plaksti\u0146u pl\u0101no \u0101du, nostiprina un atjauno lip\u012bdu apvalka integrit\u0101ti \u0161aj\u0101 zon\u0101. Produkts pal\u012bdz samazin\u0101t tum\u0161os lokus un pigment\u0101ciju, atsvaidzina un [&hellip;]<\/p>\n","protected":false},"featured_media":12675,"comment_status":"open","ping_status":"closed","template":"","meta":{"site-sidebar-layout":"default","site-content-layout":"","ast-site-content-layout":"default","site-content-style":"default","site-sidebar-style":"default","ast-global-header-display":"","ast-banner-title-visibility":"","ast-main-header-display":"","ast-hfb-above-header-display":"","ast-hfb-below-header-display":"","ast-hfb-mobile-header-display":"","site-post-title":"","ast-breadcrumbs-content":"","ast-featured-img":"","footer-sml-layout":"","theme-transparent-header-meta":"default","adv-header-id-meta":"","stick-header-meta":"","header-above-stick-meta":"","header-main-stick-meta":"","header-below-stick-meta":"","astra-migrate-meta-layouts":"set","ast-page-background-enabled":"default","ast-page-background-meta":{"desktop":{"background-color":"var(--ast-global-color-4)","background-image":"","background-repeat":"repeat","background-position":"center center","background-size":"auto","background-attachment":"scroll","background-type":"","background-media":"","overlay-type":"","overlay-color":"","overlay-opacity":"","overlay-gradient":""},"tablet":{"background-color":"","background-image":"","background-repeat":"repeat","background-position":"center center","background-size":"auto","background-attachment":"scroll","background-type":"","background-media":"","overlay-type":"","overlay-color":"","overlay-opacity":"","overlay-gradient":""},"mobile":{"background-color":"","background-image":"","background-repeat":"repeat","background-position":"center center","background-size":"auto","background-attachment":"scroll","background-type":"","background-media":"","overlay-type":"","overlay-color":"","overlay-opacity":"","overlay-gradient":""}},"ast-content-background-meta":{"desktop":{"background-color":"var(--ast-global-color-5)","background-image":"","background-repeat":"repeat","background-position":"center center","background-size":"auto","background-attachment":"scroll","background-type":"","background-media":"","overlay-type":"","overlay-color":"","overlay-opacity":"","overlay-gradient":""},"tablet":{"background-color":"var(--ast-global-color-5)","background-image":"","background-repeat":"repeat","background-position":"center center","background-size":"auto","background-attachment":"scroll","background-type":"","background-media":"","overlay-type":"","overlay-color":"","overlay-opacity":"","overlay-gradient":""},"mobile":{"background-color":"var(--ast-global-color-5)","background-image":"","background-repeat":"repeat","background-position":"center center","background-size":"auto","background-attachment":"scroll","background-type":"","background-media":"","overlay-type":"","overlay-color":"","overlay-opacity":"","overlay-gradient":""}}},"product_brand":[],"product_cat":[327,568],"product_tag":[],"berocket_brand":[628],"class_list":{"0":"post-12674","1":"product","2":"type-product","3":"status-publish","4":"has-post-thumbnail","6":"product_cat-patci","7":"product_cat-retinols-komponenti","8":"berocket_brand-k-secret","9":"desktop-align-left","10":"tablet-align-left","11":"mobile-align-left","13":"first","14":"outofstock","15":"sale","16":"taxable","17":"shipping-taxable","18":"purchasable","19":"product-type-simple","20":"add-to-wishlist-before_image"},"yoast_head":"<!-- This site is optimized with the Yoast SEO plugin v27.4 - https:\/\/yoast.com\/product\/yoast-seo-wordpress\/ -->\n<title>K-Secret Advanced Regenerating Eye Gel Patches - FACECORNER<\/title>\n<meta name=\"robots\" content=\"index, follow, max-snippet:-1, max-image-preview:large, max-video-preview:-1\" \/>\n<link rel=\"canonical\" href=\"https:\/\/www.facecorner.lv\/en\/shop\/k-secret-advanced-regenerating-eye-gel-patches\/\" \/>\n<meta property=\"og:locale\" content=\"en_US\" \/>\n<meta property=\"og:type\" content=\"article\" \/>\n<meta property=\"og:title\" content=\"K-Secret Advanced Regenerating Eye Gel Patches - FACECORNER\" \/>\n<meta property=\"og:description\" content=\"Atjaunojo\u0161ie acu pl\u0101ksteri ar retinolu K-SECRET Advanced Regenerating Eye Gel Patches ir izteikta izl\u012bdzino\u0161a iedarb\u012bba, samazina m\u012bmikas l\u012bniju dzi\u013cumu un v\u0101rnu p\u0113das. Stimul\u0113 savu elast\u012bna un kolag\u0113na \u0161\u0137iedru sint\u0113zi, palielinot \u0101das elast\u012bbu acu zon\u0101. Sabl\u012bv\u0113 plaksti\u0146u pl\u0101no \u0101du, nostiprina un atjauno lip\u012bdu apvalka integrit\u0101ti \u0161aj\u0101 zon\u0101. Produkts pal\u012bdz samazin\u0101t tum\u0161os lokus un pigment\u0101ciju, atsvaidzina un [&hellip;]\" \/>\n<meta property=\"og:url\" content=\"https:\/\/www.facecorner.lv\/en\/shop\/k-secret-advanced-regenerating-eye-gel-patches\/\" \/>\n<meta property=\"og:site_name\" content=\"FACECORNER\" \/>\n<meta property=\"article:publisher\" content=\"https:\/\/www.facebook.com\/profile.php?id=100063824551839\" \/>\n<meta property=\"article:modified_time\" content=\"2026-02-09T12:15:21+00:00\" \/>\n<meta property=\"og:image\" content=\"https:\/\/www.facecorner.lv\/wp-content\/uploads\/2023\/10\/eyepatch_with_box_2_900x.webp\" \/>\n\t<meta property=\"og:image:width\" content=\"750\" \/>\n\t<meta property=\"og:image:height\" content=\"750\" \/>\n\t<meta property=\"og:image:type\" content=\"image\/webp\" \/>\n<meta name=\"twitter:card\" content=\"summary_large_image\" \/>\n<meta name=\"twitter:label1\" content=\"Price\" \/>\n\t<meta name=\"twitter:data1\" content=\"&euro;27.90\" \/>\n\t<meta name=\"twitter:label2\" content=\"Availability\" \/>\n\t<meta name=\"twitter:data2\" content=\"Out of stock\" \/>\n<script type=\"application\/ld+json\" class=\"yoast-schema-graph\">{\"@context\":\"https:\\\/\\\/schema.org\",\"@graph\":[{\"@type\":\"WebPage\",\"@id\":\"https:\\\/\\\/www.facecorner.lv\\\/shop\\\/k-secret-advanced-regenerating-eye-gel-patches\\\/\",\"url\":\"https:\\\/\\\/www.facecorner.lv\\\/shop\\\/k-secret-advanced-regenerating-eye-gel-patches\\\/\",\"name\":\"K-Secret Advanced Regenerating Eye Gel Patches - FACECORNER\",\"isPartOf\":{\"@id\":\"https:\\\/\\\/www.facecorner.lv\\\/#website\"},\"primaryImageOfPage\":{\"@id\":\"https:\\\/\\\/www.facecorner.lv\\\/shop\\\/k-secret-advanced-regenerating-eye-gel-patches\\\/#primaryimage\"},\"image\":{\"@id\":\"https:\\\/\\\/www.facecorner.lv\\\/shop\\\/k-secret-advanced-regenerating-eye-gel-patches\\\/#primaryimage\"},\"thumbnailUrl\":\"https:\\\/\\\/www.facecorner.lv\\\/wp-content\\\/uploads\\\/2023\\\/10\\\/eyepatch_with_box_2_900x.webp\",\"datePublished\":\"2023-10-24T14:17:11+00:00\",\"dateModified\":\"2026-02-09T12:15:21+00:00\",\"breadcrumb\":{\"@id\":\"https:\\\/\\\/www.facecorner.lv\\\/shop\\\/k-secret-advanced-regenerating-eye-gel-patches\\\/#breadcrumb\"},\"inLanguage\":\"en-US\",\"potentialAction\":[{\"@type\":\"ReadAction\",\"target\":[\"https:\\\/\\\/www.facecorner.lv\\\/shop\\\/k-secret-advanced-regenerating-eye-gel-patches\\\/\"]}]},{\"@type\":\"ImageObject\",\"inLanguage\":\"en-US\",\"@id\":\"https:\\\/\\\/www.facecorner.lv\\\/shop\\\/k-secret-advanced-regenerating-eye-gel-patches\\\/#primaryimage\",\"url\":\"https:\\\/\\\/www.facecorner.lv\\\/wp-content\\\/uploads\\\/2023\\\/10\\\/eyepatch_with_box_2_900x.webp\",\"contentUrl\":\"https:\\\/\\\/www.facecorner.lv\\\/wp-content\\\/uploads\\\/2023\\\/10\\\/eyepatch_with_box_2_900x.webp\",\"width\":750,\"height\":750},{\"@type\":\"BreadcrumbList\",\"@id\":\"https:\\\/\\\/www.facecorner.lv\\\/shop\\\/k-secret-advanced-regenerating-eye-gel-patches\\\/#breadcrumb\",\"itemListElement\":[{\"@type\":\"ListItem\",\"position\":1,\"name\":\"Home\",\"item\":\"https:\\\/\\\/www.facecorner.lv\\\/\"},{\"@type\":\"ListItem\",\"position\":2,\"name\":\"Veikals\",\"item\":\"https:\\\/\\\/www.facecorner.lv\\\/shop\\\/\"},{\"@type\":\"ListItem\",\"position\":3,\"name\":\"K-Secret Advanced Regenerating Eye Gel Patches\"}]},{\"@type\":\"WebSite\",\"@id\":\"https:\\\/\\\/www.facecorner.lv\\\/#website\",\"url\":\"https:\\\/\\\/www.facecorner.lv\\\/\",\"name\":\"Facecorner\",\"description\":\"\",\"publisher\":{\"@id\":\"https:\\\/\\\/www.facecorner.lv\\\/#organization\"},\"potentialAction\":[{\"@type\":\"SearchAction\",\"target\":{\"@type\":\"EntryPoint\",\"urlTemplate\":\"https:\\\/\\\/www.facecorner.lv\\\/?s={search_term_string}\"},\"query-input\":{\"@type\":\"PropertyValueSpecification\",\"valueRequired\":true,\"valueName\":\"search_term_string\"}}],\"inLanguage\":\"en-US\"},{\"@type\":\"Organization\",\"@id\":\"https:\\\/\\\/www.facecorner.lv\\\/#organization\",\"name\":\"Facecorner\",\"url\":\"https:\\\/\\\/www.facecorner.lv\\\/\",\"logo\":{\"@type\":\"ImageObject\",\"inLanguage\":\"en-US\",\"@id\":\"https:\\\/\\\/www.facecorner.lv\\\/#\\\/schema\\\/logo\\\/image\\\/\",\"url\":\"https:\\\/\\\/www.facecorner.lv\\\/wp-content\\\/uploads\\\/2024\\\/04\\\/fc-logo.jpg\",\"contentUrl\":\"https:\\\/\\\/www.facecorner.lv\\\/wp-content\\\/uploads\\\/2024\\\/04\\\/fc-logo.jpg\",\"width\":174,\"height\":28,\"caption\":\"Facecorner\"},\"image\":{\"@id\":\"https:\\\/\\\/www.facecorner.lv\\\/#\\\/schema\\\/logo\\\/image\\\/\"},\"sameAs\":[\"https:\\\/\\\/www.facebook.com\\\/profile.php?id=100063824551839\",\"https:\\\/\\\/www.instagram.com\\\/facecorner_shop\\\/\"]}]}<\/script>\n<meta property=\"product:price:amount\" content=\"27.90\" \/>\n<meta property=\"product:price:currency\" content=\"EUR\" \/>\n<meta property=\"og:availability\" content=\"out of stock\" \/>\n<meta property=\"product:availability\" content=\"out of stock\" \/>\n<meta property=\"product:condition\" content=\"new\" \/>\n<!-- \/ Yoast SEO plugin. -->","yoast_head_json":{"title":"K-Secret Advanced Regenerating Eye Gel Patches - FACECORNER","robots":{"index":"index","follow":"follow","max-snippet":"max-snippet:-1","max-image-preview":"max-image-preview:large","max-video-preview":"max-video-preview:-1"},"canonical":"https:\/\/www.facecorner.lv\/en\/shop\/k-secret-advanced-regenerating-eye-gel-patches\/","og_locale":"en_US","og_type":"article","og_title":"K-Secret Advanced Regenerating Eye Gel Patches - FACECORNER","og_description":"Atjaunojo\u0161ie acu pl\u0101ksteri ar retinolu K-SECRET Advanced Regenerating Eye Gel Patches ir izteikta izl\u012bdzino\u0161a iedarb\u012bba, samazina m\u012bmikas l\u012bniju dzi\u013cumu un v\u0101rnu p\u0113das. Stimul\u0113 savu elast\u012bna un kolag\u0113na \u0161\u0137iedru sint\u0113zi, palielinot \u0101das elast\u012bbu acu zon\u0101. Sabl\u012bv\u0113 plaksti\u0146u pl\u0101no \u0101du, nostiprina un atjauno lip\u012bdu apvalka integrit\u0101ti \u0161aj\u0101 zon\u0101. Produkts pal\u012bdz samazin\u0101t tum\u0161os lokus un pigment\u0101ciju, atsvaidzina un [&hellip;]","og_url":"https:\/\/www.facecorner.lv\/en\/shop\/k-secret-advanced-regenerating-eye-gel-patches\/","og_site_name":"FACECORNER","article_publisher":"https:\/\/www.facebook.com\/profile.php?id=100063824551839","article_modified_time":"2026-02-09T12:15:21+00:00","og_image":[{"width":750,"height":750,"url":"https:\/\/www.facecorner.lv\/wp-content\/uploads\/2023\/10\/eyepatch_with_box_2_900x.webp","type":"image\/webp"}],"twitter_card":"summary_large_image","twitter_misc":{"Price":"&euro;27.90","Availability":"Out of stock"},"schema":{"@context":"https:\/\/schema.org","@graph":[{"@type":"WebPage","@id":"https:\/\/www.facecorner.lv\/shop\/k-secret-advanced-regenerating-eye-gel-patches\/","url":"https:\/\/www.facecorner.lv\/shop\/k-secret-advanced-regenerating-eye-gel-patches\/","name":"K-Secret Advanced Regenerating Eye Gel Patches - FACECORNER","isPartOf":{"@id":"https:\/\/www.facecorner.lv\/#website"},"primaryImageOfPage":{"@id":"https:\/\/www.facecorner.lv\/shop\/k-secret-advanced-regenerating-eye-gel-patches\/#primaryimage"},"image":{"@id":"https:\/\/www.facecorner.lv\/shop\/k-secret-advanced-regenerating-eye-gel-patches\/#primaryimage"},"thumbnailUrl":"https:\/\/www.facecorner.lv\/wp-content\/uploads\/2023\/10\/eyepatch_with_box_2_900x.webp","datePublished":"2023-10-24T14:17:11+00:00","dateModified":"2026-02-09T12:15:21+00:00","breadcrumb":{"@id":"https:\/\/www.facecorner.lv\/shop\/k-secret-advanced-regenerating-eye-gel-patches\/#breadcrumb"},"inLanguage":"en-US","potentialAction":[{"@type":"ReadAction","target":["https:\/\/www.facecorner.lv\/shop\/k-secret-advanced-regenerating-eye-gel-patches\/"]}]},{"@type":"ImageObject","inLanguage":"en-US","@id":"https:\/\/www.facecorner.lv\/shop\/k-secret-advanced-regenerating-eye-gel-patches\/#primaryimage","url":"https:\/\/www.facecorner.lv\/wp-content\/uploads\/2023\/10\/eyepatch_with_box_2_900x.webp","contentUrl":"https:\/\/www.facecorner.lv\/wp-content\/uploads\/2023\/10\/eyepatch_with_box_2_900x.webp","width":750,"height":750},{"@type":"BreadcrumbList","@id":"https:\/\/www.facecorner.lv\/shop\/k-secret-advanced-regenerating-eye-gel-patches\/#breadcrumb","itemListElement":[{"@type":"ListItem","position":1,"name":"Home","item":"https:\/\/www.facecorner.lv\/"},{"@type":"ListItem","position":2,"name":"Veikals","item":"https:\/\/www.facecorner.lv\/shop\/"},{"@type":"ListItem","position":3,"name":"K-Secret Advanced Regenerating Eye Gel Patches"}]},{"@type":"WebSite","@id":"https:\/\/www.facecorner.lv\/#website","url":"https:\/\/www.facecorner.lv\/","name":"Facecorner","description":"","publisher":{"@id":"https:\/\/www.facecorner.lv\/#organization"},"potentialAction":[{"@type":"SearchAction","target":{"@type":"EntryPoint","urlTemplate":"https:\/\/www.facecorner.lv\/?s={search_term_string}"},"query-input":{"@type":"PropertyValueSpecification","valueRequired":true,"valueName":"search_term_string"}}],"inLanguage":"en-US"},{"@type":"Organization","@id":"https:\/\/www.facecorner.lv\/#organization","name":"Facecorner","url":"https:\/\/www.facecorner.lv\/","logo":{"@type":"ImageObject","inLanguage":"en-US","@id":"https:\/\/www.facecorner.lv\/#\/schema\/logo\/image\/","url":"https:\/\/www.facecorner.lv\/wp-content\/uploads\/2024\/04\/fc-logo.jpg","contentUrl":"https:\/\/www.facecorner.lv\/wp-content\/uploads\/2024\/04\/fc-logo.jpg","width":174,"height":28,"caption":"Facecorner"},"image":{"@id":"https:\/\/www.facecorner.lv\/#\/schema\/logo\/image\/"},"sameAs":["https:\/\/www.facebook.com\/profile.php?id=100063824551839","https:\/\/www.instagram.com\/facecorner_shop\/"]}]},"product_price_amount":"27.90","product_price_currency":"EUR","og_availability":"out of stock","product_availability":"out of stock","product_condition":"new"},"_links":{"self":[{"href":"https:\/\/www.facecorner.lv\/en\/wp-json\/wp\/v2\/product\/12674","targetHints":{"allow":["GET"]}}],"collection":[{"href":"https:\/\/www.facecorner.lv\/en\/wp-json\/wp\/v2\/product"}],"about":[{"href":"https:\/\/www.facecorner.lv\/en\/wp-json\/wp\/v2\/types\/product"}],"replies":[{"embeddable":true,"href":"https:\/\/www.facecorner.lv\/en\/wp-json\/wp\/v2\/comments?post=12674"}],"wp:featuredmedia":[{"embeddable":true,"href":"https:\/\/www.facecorner.lv\/en\/wp-json\/wp\/v2\/media\/12675"}],"wp:attachment":[{"href":"https:\/\/www.facecorner.lv\/en\/wp-json\/wp\/v2\/media?parent=12674"}],"wp:term":[{"taxonomy":"product_brand","embeddable":true,"href":"https:\/\/www.facecorner.lv\/en\/wp-json\/wp\/v2\/product_brand?post=12674"},{"taxonomy":"product_cat","embeddable":true,"href":"https:\/\/www.facecorner.lv\/en\/wp-json\/wp\/v2\/product_cat?post=12674"},{"taxonomy":"product_tag","embeddable":true,"href":"https:\/\/www.facecorner.lv\/en\/wp-json\/wp\/v2\/product_tag?post=12674"},{"taxonomy":"berocket_brand","embeddable":true,"href":"https:\/\/www.facecorner.lv\/en\/wp-json\/wp\/v2\/berocket_brand?post=12674"}],"curies":[{"name":"wp","href":"https:\/\/api.w.org\/{rel}","templated":true}]}}