{"id":12605,"date":"2023-10-13T15:21:25","date_gmt":"2023-10-13T13:21:25","guid":{"rendered":"https:\/\/www.facecorner.lv\/?post_type=product&#038;p=12605"},"modified":"2025-02-19T14:07:42","modified_gmt":"2025-02-19T11:07:42","slug":"cosrx-the-retinol-0-5-oil-20ml","status":"publish","type":"product","link":"https:\/\/www.facecorner.lv\/en\/shop\/cosrx-the-retinol-0-5-oil-20ml\/","title":{"rendered":"COSRX The Retinol 0.5 Oil 20ml"},"content":{"rendered":"<p>COSRX Retinol 0.5 e\u013c\u013ca izl\u012bdzina un m\u012bkstina, pal\u0113nina pirm\u0101s ar vecumu saist\u012bt\u0101s izmai\u0146as un uzlabo \u0101das st\u0101vokli. Produkts ir lieliski piem\u0113rots, lai ieviestu retinolu un kori\u0123\u0113tu pirm\u0101s ar vecumu saist\u012bt\u0101s izmai\u0146as.<\/p>\n<p>Palielina elast\u012bbu, izl\u012bdzina grumbas un savelk papla\u0161in\u0101t\u0101s poras, savelk \u0101du, izl\u012bdzina tonusu un pie\u0161\u0137ir vesel\u012bgu mirdzumu.<\/p>\n<p>Galven\u0101s sast\u0101vda\u013cas ir 0,5% t\u012bra retinola, stabila A vitam\u012bna forma. Retinols stimul\u0113 \u0161\u016bnu atjauno\u0161anos, t\u0101d\u0113j\u0101di izl\u012bdzinot grumbas, padarot \u0101du gludu un elast\u012bgu, samazinot grumbu un pigment\u0101cijas redzam\u012bbu, k\u0101 ar\u012b nov\u0113r\u0161ot iekaisumus.<\/p>\n<p><strong>KEY INGREDIENTS:<\/strong><\/p>\n<ul>\n<li>Skval\u0101ns ir antioksidants, intens\u012bvi mitrina un nov\u0113r\u0161 sausumu, pa\u0101trina dz\u012b\u0161anu un nov\u0113r\u0161 priek\u0161laic\u012bgu noveco\u0161anos.<\/li>\n<li>Tokotrienols ir taukos \u0161\u0137\u012bsto\u0161a E vitam\u012bna forma, kas atrodama kokosriekstu un kakao e\u013c\u013c\u0101s, r\u012bsu klij\u0101s un cit\u0101s.<\/li>\n<li>Tokotrienols palielina C vitam\u012bna efektivit\u0101ti, nov\u0113r\u0161 p\u0101rm\u0113r\u012bgu kapil\u0101ru caurlaid\u012bbu, palielina kolag\u0113na sint\u0113zi un aizsarg\u0101 pret oksidat\u012bvo stresu.<\/li>\n<li>Tokoferols (E vitam\u012bns) nodro\u0161ina antioksidantu aizsardz\u012bbu, m\u012bkstina un izl\u012bdzina, nov\u0113r\u0161 priek\u0161laic\u012bgu noveco\u0161anos<\/li>\n<\/ul>\n<p><strong>How to use:<\/strong> vakara kop\u0161anas laik\u0101, mitrin\u0101\u0161anas stadij\u0101, uzkl\u0101jiet e\u013c\u013cu uz sejas, izmantojot pirkstu galus, sadaliet no centra uz perif\u0113riju. Piev\u0113rsiet \u012bpa\u0161u uzman\u012bbu viet\u0101m ar pirmaj\u0101m ar vecumu saist\u012bt\u0101m izmai\u0146\u0101m, piem\u0113ram, pierei, ap ac\u012bm, ap muti, nasolabi\u0101laj\u0101m krok\u0101m. Ja pirmo reizi ievie\u0161at produktu ar retinolu, s\u0101ciet lietot produktu 3 reizes ned\u0113\u013c\u0101 un pak\u0101peniski palieliniet lieto\u0161anas bie\u017eumu l\u012bdz 2 reiz\u0113m dien\u0101. Dienas laik\u0101 lietojiet sau\u013co\u0161an\u0101s l\u012bdzekli. Nav ieteicams lietot gr\u016btniec\u012bbas un z\u012bd\u012b\u0161anas laik\u0101. Nelietot kop\u0101 ar produktiem, kas satur sk\u0101bes vai augstu C vitam\u012bna koncentr\u0101ciju.<\/p>\n<p><strong>Ingredientes:\u00a0<\/strong>Squalane, Glycine Soja (Soybean) Oil, Di-C12-13 Alkyl Malate, Retinol (0.5%), Caprylic\/Capric Triglyceride, BHT, Tocotrienols, Tocopherol, Elaeis Guineensis (Palm) Oil, Hydroxymethoxyphenyl Decanone<\/p>","protected":false},"excerpt":{"rendered":"<p>COSRX Retinol 0.5 e\u013c\u013ca izl\u012bdzina un m\u012bkstina, pal\u0113nina pirm\u0101s ar vecumu saist\u012bt\u0101s izmai\u0146as un uzlabo \u0101das st\u0101vokli. Produkts ir lieliski piem\u0113rots, lai ieviestu retinolu un kori\u0123\u0113tu pirm\u0101s ar vecumu saist\u012bt\u0101s izmai\u0146as. Palielina elast\u012bbu, izl\u012bdzina grumbas un savelk papla\u0161in\u0101t\u0101s poras, savelk \u0101du, izl\u012bdzina tonusu un pie\u0161\u0137ir vesel\u012bgu mirdzumu. Galven\u0101s sast\u0101vda\u013cas ir 0,5% t\u012bra retinola, stabila A [&hellip;]<\/p>\n","protected":false},"featured_media":12606,"comment_status":"open","ping_status":"closed","template":"","meta":{"site-sidebar-layout":"default","site-content-layout":"","ast-site-content-layout":"","site-content-style":"default","site-sidebar-style":"default","ast-global-header-display":"","ast-banner-title-visibility":"","ast-main-header-display":"","ast-hfb-above-header-display":"","ast-hfb-below-header-display":"","ast-hfb-mobile-header-display":"","site-post-title":"","ast-breadcrumbs-content":"","ast-featured-img":"","footer-sml-layout":"","theme-transparent-header-meta":"","adv-header-id-meta":"","stick-header-meta":"","header-above-stick-meta":"","header-main-stick-meta":"","header-below-stick-meta":"","astra-migrate-meta-layouts":"default","ast-page-background-enabled":"default","ast-page-background-meta":{"desktop":{"background-color":"var(--ast-global-color-4)","background-image":"","background-repeat":"repeat","background-position":"center center","background-size":"auto","background-attachment":"scroll","background-type":"","background-media":"","overlay-type":"","overlay-color":"","overlay-opacity":"","overlay-gradient":""},"tablet":{"background-color":"","background-image":"","background-repeat":"repeat","background-position":"center center","background-size":"auto","background-attachment":"scroll","background-type":"","background-media":"","overlay-type":"","overlay-color":"","overlay-opacity":"","overlay-gradient":""},"mobile":{"background-color":"","background-image":"","background-repeat":"repeat","background-position":"center center","background-size":"auto","background-attachment":"scroll","background-type":"","background-media":"","overlay-type":"","overlay-color":"","overlay-opacity":"","overlay-gradient":""}},"ast-content-background-meta":{"desktop":{"background-color":"var(--ast-global-color-5)","background-image":"","background-repeat":"repeat","background-position":"center center","background-size":"auto","background-attachment":"scroll","background-type":"","background-media":"","overlay-type":"","overlay-color":"","overlay-opacity":"","overlay-gradient":""},"tablet":{"background-color":"var(--ast-global-color-5)","background-image":"","background-repeat":"repeat","background-position":"center center","background-size":"auto","background-attachment":"scroll","background-type":"","background-media":"","overlay-type":"","overlay-color":"","overlay-opacity":"","overlay-gradient":""},"mobile":{"background-color":"var(--ast-global-color-5)","background-image":"","background-repeat":"repeat","background-position":"center center","background-size":"auto","background-attachment":"scroll","background-type":"","background-media":"","overlay-type":"","overlay-color":"","overlay-opacity":"","overlay-gradient":""}}},"product_brand":[],"product_cat":[370,371,373,374,363],"product_tag":[],"berocket_brand":[],"class_list":{"0":"post-12605","1":"product","2":"type-product","3":"status-publish","4":"has-post-thumbnail","6":"product_cat-adas-mirdzumam","7":"product_cat-anti-age","8":"product_cat-poras-sasaurinoss","9":"product_cat-pret-pinnem","10":"product_cat-serumi","11":"desktop-align-left","12":"tablet-align-left","13":"mobile-align-left","15":"first","16":"outofstock","17":"taxable","18":"shipping-taxable","19":"purchasable","20":"product-type-simple","21":"add-to-wishlist-before_image"},"yoast_head":"<!-- This site is optimized with the Yoast SEO plugin v27.4 - https:\/\/yoast.com\/product\/yoast-seo-wordpress\/ -->\n<title>COSRX The Retinol 0.5 Oil 20ml - FACECORNER<\/title>\n<meta name=\"robots\" content=\"index, follow, max-snippet:-1, max-image-preview:large, max-video-preview:-1\" \/>\n<link rel=\"canonical\" href=\"https:\/\/www.facecorner.lv\/en\/shop\/cosrx-the-retinol-0-5-oil-20ml\/\" \/>\n<meta property=\"og:locale\" content=\"en_US\" \/>\n<meta property=\"og:type\" content=\"article\" \/>\n<meta property=\"og:title\" content=\"COSRX The Retinol 0.5 Oil 20ml - FACECORNER\" \/>\n<meta property=\"og:description\" content=\"COSRX Retinol 0.5 e\u013c\u013ca izl\u012bdzina un m\u012bkstina, pal\u0113nina pirm\u0101s ar vecumu saist\u012bt\u0101s izmai\u0146as un uzlabo \u0101das st\u0101vokli. Produkts ir lieliski piem\u0113rots, lai ieviestu retinolu un kori\u0123\u0113tu pirm\u0101s ar vecumu saist\u012bt\u0101s izmai\u0146as. Palielina elast\u012bbu, izl\u012bdzina grumbas un savelk papla\u0161in\u0101t\u0101s poras, savelk \u0101du, izl\u012bdzina tonusu un pie\u0161\u0137ir vesel\u012bgu mirdzumu. Galven\u0101s sast\u0101vda\u013cas ir 0,5% t\u012bra retinola, stabila A [&hellip;]\" \/>\n<meta property=\"og:url\" content=\"https:\/\/www.facecorner.lv\/en\/shop\/cosrx-the-retinol-0-5-oil-20ml\/\" \/>\n<meta property=\"og:site_name\" content=\"FACECORNER\" \/>\n<meta property=\"article:publisher\" content=\"https:\/\/www.facebook.com\/profile.php?id=100063824551839\" \/>\n<meta property=\"article:modified_time\" content=\"2025-02-19T11:07:42+00:00\" \/>\n<meta property=\"og:image\" content=\"https:\/\/www.facecorner.lv\/wp-content\/uploads\/2023\/10\/61VSIR8ZZML.jpeg\" \/>\n\t<meta property=\"og:image:width\" content=\"2000\" \/>\n\t<meta property=\"og:image:height\" content=\"2000\" \/>\n\t<meta property=\"og:image:type\" content=\"image\/jpeg\" \/>\n<meta name=\"twitter:card\" content=\"summary_large_image\" \/>\n<meta name=\"twitter:label1\" content=\"Price\" \/>\n\t<meta name=\"twitter:data1\" content=\"&euro;27.00\" \/>\n\t<meta name=\"twitter:label2\" content=\"Availability\" \/>\n\t<meta name=\"twitter:data2\" content=\"Out of stock\" \/>\n<script type=\"application\/ld+json\" class=\"yoast-schema-graph\">{\"@context\":\"https:\\\/\\\/schema.org\",\"@graph\":[{\"@type\":\"WebPage\",\"@id\":\"https:\\\/\\\/www.facecorner.lv\\\/shop\\\/cosrx-the-retinol-0-5-oil-20ml\\\/\",\"url\":\"https:\\\/\\\/www.facecorner.lv\\\/shop\\\/cosrx-the-retinol-0-5-oil-20ml\\\/\",\"name\":\"COSRX The Retinol 0.5 Oil 20ml - FACECORNER\",\"isPartOf\":{\"@id\":\"https:\\\/\\\/www.facecorner.lv\\\/#website\"},\"primaryImageOfPage\":{\"@id\":\"https:\\\/\\\/www.facecorner.lv\\\/shop\\\/cosrx-the-retinol-0-5-oil-20ml\\\/#primaryimage\"},\"image\":{\"@id\":\"https:\\\/\\\/www.facecorner.lv\\\/shop\\\/cosrx-the-retinol-0-5-oil-20ml\\\/#primaryimage\"},\"thumbnailUrl\":\"https:\\\/\\\/www.facecorner.lv\\\/wp-content\\\/uploads\\\/2023\\\/10\\\/61VSIR8ZZML.jpeg\",\"datePublished\":\"2023-10-13T13:21:25+00:00\",\"dateModified\":\"2025-02-19T11:07:42+00:00\",\"breadcrumb\":{\"@id\":\"https:\\\/\\\/www.facecorner.lv\\\/shop\\\/cosrx-the-retinol-0-5-oil-20ml\\\/#breadcrumb\"},\"inLanguage\":\"en-US\",\"potentialAction\":[{\"@type\":\"ReadAction\",\"target\":[\"https:\\\/\\\/www.facecorner.lv\\\/shop\\\/cosrx-the-retinol-0-5-oil-20ml\\\/\"]}]},{\"@type\":\"ImageObject\",\"inLanguage\":\"en-US\",\"@id\":\"https:\\\/\\\/www.facecorner.lv\\\/shop\\\/cosrx-the-retinol-0-5-oil-20ml\\\/#primaryimage\",\"url\":\"https:\\\/\\\/www.facecorner.lv\\\/wp-content\\\/uploads\\\/2023\\\/10\\\/61VSIR8ZZML.jpeg\",\"contentUrl\":\"https:\\\/\\\/www.facecorner.lv\\\/wp-content\\\/uploads\\\/2023\\\/10\\\/61VSIR8ZZML.jpeg\",\"width\":2000,\"height\":2000},{\"@type\":\"BreadcrumbList\",\"@id\":\"https:\\\/\\\/www.facecorner.lv\\\/shop\\\/cosrx-the-retinol-0-5-oil-20ml\\\/#breadcrumb\",\"itemListElement\":[{\"@type\":\"ListItem\",\"position\":1,\"name\":\"Home\",\"item\":\"https:\\\/\\\/www.facecorner.lv\\\/\"},{\"@type\":\"ListItem\",\"position\":2,\"name\":\"Veikals\",\"item\":\"https:\\\/\\\/www.facecorner.lv\\\/shop\\\/\"},{\"@type\":\"ListItem\",\"position\":3,\"name\":\"COSRX The Retinol 0.5 Oil 20ml\"}]},{\"@type\":\"WebSite\",\"@id\":\"https:\\\/\\\/www.facecorner.lv\\\/#website\",\"url\":\"https:\\\/\\\/www.facecorner.lv\\\/\",\"name\":\"Facecorner\",\"description\":\"\",\"publisher\":{\"@id\":\"https:\\\/\\\/www.facecorner.lv\\\/#organization\"},\"potentialAction\":[{\"@type\":\"SearchAction\",\"target\":{\"@type\":\"EntryPoint\",\"urlTemplate\":\"https:\\\/\\\/www.facecorner.lv\\\/?s={search_term_string}\"},\"query-input\":{\"@type\":\"PropertyValueSpecification\",\"valueRequired\":true,\"valueName\":\"search_term_string\"}}],\"inLanguage\":\"en-US\"},{\"@type\":\"Organization\",\"@id\":\"https:\\\/\\\/www.facecorner.lv\\\/#organization\",\"name\":\"Facecorner\",\"url\":\"https:\\\/\\\/www.facecorner.lv\\\/\",\"logo\":{\"@type\":\"ImageObject\",\"inLanguage\":\"en-US\",\"@id\":\"https:\\\/\\\/www.facecorner.lv\\\/#\\\/schema\\\/logo\\\/image\\\/\",\"url\":\"https:\\\/\\\/www.facecorner.lv\\\/wp-content\\\/uploads\\\/2024\\\/04\\\/fc-logo.jpg\",\"contentUrl\":\"https:\\\/\\\/www.facecorner.lv\\\/wp-content\\\/uploads\\\/2024\\\/04\\\/fc-logo.jpg\",\"width\":174,\"height\":28,\"caption\":\"Facecorner\"},\"image\":{\"@id\":\"https:\\\/\\\/www.facecorner.lv\\\/#\\\/schema\\\/logo\\\/image\\\/\"},\"sameAs\":[\"https:\\\/\\\/www.facebook.com\\\/profile.php?id=100063824551839\",\"https:\\\/\\\/www.instagram.com\\\/facecorner_shop\\\/\"]}]}<\/script>\n<meta property=\"product:price:amount\" content=\"27.00\" \/>\n<meta property=\"product:price:currency\" content=\"EUR\" \/>\n<meta property=\"og:availability\" content=\"out of stock\" \/>\n<meta property=\"product:availability\" content=\"out of stock\" \/>\n<meta property=\"product:condition\" content=\"new\" \/>\n<!-- \/ Yoast SEO plugin. -->","yoast_head_json":{"title":"COSRX The Retinol 0.5 Oil 20ml - FACECORNER","robots":{"index":"index","follow":"follow","max-snippet":"max-snippet:-1","max-image-preview":"max-image-preview:large","max-video-preview":"max-video-preview:-1"},"canonical":"https:\/\/www.facecorner.lv\/en\/shop\/cosrx-the-retinol-0-5-oil-20ml\/","og_locale":"en_US","og_type":"article","og_title":"COSRX The Retinol 0.5 Oil 20ml - FACECORNER","og_description":"COSRX Retinol 0.5 e\u013c\u013ca izl\u012bdzina un m\u012bkstina, pal\u0113nina pirm\u0101s ar vecumu saist\u012bt\u0101s izmai\u0146as un uzlabo \u0101das st\u0101vokli. Produkts ir lieliski piem\u0113rots, lai ieviestu retinolu un kori\u0123\u0113tu pirm\u0101s ar vecumu saist\u012bt\u0101s izmai\u0146as. Palielina elast\u012bbu, izl\u012bdzina grumbas un savelk papla\u0161in\u0101t\u0101s poras, savelk \u0101du, izl\u012bdzina tonusu un pie\u0161\u0137ir vesel\u012bgu mirdzumu. Galven\u0101s sast\u0101vda\u013cas ir 0,5% t\u012bra retinola, stabila A [&hellip;]","og_url":"https:\/\/www.facecorner.lv\/en\/shop\/cosrx-the-retinol-0-5-oil-20ml\/","og_site_name":"FACECORNER","article_publisher":"https:\/\/www.facebook.com\/profile.php?id=100063824551839","article_modified_time":"2025-02-19T11:07:42+00:00","og_image":[{"width":2000,"height":2000,"url":"https:\/\/www.facecorner.lv\/wp-content\/uploads\/2023\/10\/61VSIR8ZZML.jpeg","type":"image\/jpeg"}],"twitter_card":"summary_large_image","twitter_misc":{"Price":"&euro;27.00","Availability":"Out of stock"},"schema":{"@context":"https:\/\/schema.org","@graph":[{"@type":"WebPage","@id":"https:\/\/www.facecorner.lv\/shop\/cosrx-the-retinol-0-5-oil-20ml\/","url":"https:\/\/www.facecorner.lv\/shop\/cosrx-the-retinol-0-5-oil-20ml\/","name":"COSRX The Retinol 0.5 Oil 20ml - FACECORNER","isPartOf":{"@id":"https:\/\/www.facecorner.lv\/#website"},"primaryImageOfPage":{"@id":"https:\/\/www.facecorner.lv\/shop\/cosrx-the-retinol-0-5-oil-20ml\/#primaryimage"},"image":{"@id":"https:\/\/www.facecorner.lv\/shop\/cosrx-the-retinol-0-5-oil-20ml\/#primaryimage"},"thumbnailUrl":"https:\/\/www.facecorner.lv\/wp-content\/uploads\/2023\/10\/61VSIR8ZZML.jpeg","datePublished":"2023-10-13T13:21:25+00:00","dateModified":"2025-02-19T11:07:42+00:00","breadcrumb":{"@id":"https:\/\/www.facecorner.lv\/shop\/cosrx-the-retinol-0-5-oil-20ml\/#breadcrumb"},"inLanguage":"en-US","potentialAction":[{"@type":"ReadAction","target":["https:\/\/www.facecorner.lv\/shop\/cosrx-the-retinol-0-5-oil-20ml\/"]}]},{"@type":"ImageObject","inLanguage":"en-US","@id":"https:\/\/www.facecorner.lv\/shop\/cosrx-the-retinol-0-5-oil-20ml\/#primaryimage","url":"https:\/\/www.facecorner.lv\/wp-content\/uploads\/2023\/10\/61VSIR8ZZML.jpeg","contentUrl":"https:\/\/www.facecorner.lv\/wp-content\/uploads\/2023\/10\/61VSIR8ZZML.jpeg","width":2000,"height":2000},{"@type":"BreadcrumbList","@id":"https:\/\/www.facecorner.lv\/shop\/cosrx-the-retinol-0-5-oil-20ml\/#breadcrumb","itemListElement":[{"@type":"ListItem","position":1,"name":"Home","item":"https:\/\/www.facecorner.lv\/"},{"@type":"ListItem","position":2,"name":"Veikals","item":"https:\/\/www.facecorner.lv\/shop\/"},{"@type":"ListItem","position":3,"name":"COSRX The Retinol 0.5 Oil 20ml"}]},{"@type":"WebSite","@id":"https:\/\/www.facecorner.lv\/#website","url":"https:\/\/www.facecorner.lv\/","name":"Facecorner","description":"","publisher":{"@id":"https:\/\/www.facecorner.lv\/#organization"},"potentialAction":[{"@type":"SearchAction","target":{"@type":"EntryPoint","urlTemplate":"https:\/\/www.facecorner.lv\/?s={search_term_string}"},"query-input":{"@type":"PropertyValueSpecification","valueRequired":true,"valueName":"search_term_string"}}],"inLanguage":"en-US"},{"@type":"Organization","@id":"https:\/\/www.facecorner.lv\/#organization","name":"Facecorner","url":"https:\/\/www.facecorner.lv\/","logo":{"@type":"ImageObject","inLanguage":"en-US","@id":"https:\/\/www.facecorner.lv\/#\/schema\/logo\/image\/","url":"https:\/\/www.facecorner.lv\/wp-content\/uploads\/2024\/04\/fc-logo.jpg","contentUrl":"https:\/\/www.facecorner.lv\/wp-content\/uploads\/2024\/04\/fc-logo.jpg","width":174,"height":28,"caption":"Facecorner"},"image":{"@id":"https:\/\/www.facecorner.lv\/#\/schema\/logo\/image\/"},"sameAs":["https:\/\/www.facebook.com\/profile.php?id=100063824551839","https:\/\/www.instagram.com\/facecorner_shop\/"]}]},"product_price_amount":"27.00","product_price_currency":"EUR","og_availability":"out of stock","product_availability":"out of stock","product_condition":"new"},"_links":{"self":[{"href":"https:\/\/www.facecorner.lv\/en\/wp-json\/wp\/v2\/product\/12605","targetHints":{"allow":["GET"]}}],"collection":[{"href":"https:\/\/www.facecorner.lv\/en\/wp-json\/wp\/v2\/product"}],"about":[{"href":"https:\/\/www.facecorner.lv\/en\/wp-json\/wp\/v2\/types\/product"}],"replies":[{"embeddable":true,"href":"https:\/\/www.facecorner.lv\/en\/wp-json\/wp\/v2\/comments?post=12605"}],"wp:featuredmedia":[{"embeddable":true,"href":"https:\/\/www.facecorner.lv\/en\/wp-json\/wp\/v2\/media\/12606"}],"wp:attachment":[{"href":"https:\/\/www.facecorner.lv\/en\/wp-json\/wp\/v2\/media?parent=12605"}],"wp:term":[{"taxonomy":"product_brand","embeddable":true,"href":"https:\/\/www.facecorner.lv\/en\/wp-json\/wp\/v2\/product_brand?post=12605"},{"taxonomy":"product_cat","embeddable":true,"href":"https:\/\/www.facecorner.lv\/en\/wp-json\/wp\/v2\/product_cat?post=12605"},{"taxonomy":"product_tag","embeddable":true,"href":"https:\/\/www.facecorner.lv\/en\/wp-json\/wp\/v2\/product_tag?post=12605"},{"taxonomy":"berocket_brand","embeddable":true,"href":"https:\/\/www.facecorner.lv\/en\/wp-json\/wp\/v2\/berocket_brand?post=12605"}],"curies":[{"name":"wp","href":"https:\/\/api.w.org\/{rel}","templated":true}]}}