{"id":12601,"date":"2023-10-13T15:13:16","date_gmt":"2023-10-13T13:13:16","guid":{"rendered":"https:\/\/www.facecorner.lv\/?post_type=product&#038;p=12601"},"modified":"2025-02-19T14:07:32","modified_gmt":"2025-02-19T11:07:32","slug":"cosrx-the-retinol-0-1-cream-20ml","status":"publish","type":"product","link":"https:\/\/www.facecorner.lv\/en\/shop\/cosrx-the-retinol-0-1-cream-20ml\/","title":{"rendered":"COSRX The Retinol 0.1 Cream 20ml"},"content":{"rendered":"<p>COSRX Retinol 0.1 kr\u0113ms izl\u012bdzina \u0101du un pal\u0113nina noveco\u0161an\u0101s procesus, samazinot sausuma rad\u012bto smalko grumbi\u0146u dzi\u013cumu.<\/p>\n<p>Lieliski piem\u0113rots tiem, kuri retinolu ievie\u0161 sav\u0101 \u0101das kop\u0161anas sh\u0113m\u0101 pirmo reizi: produkts ir bag\u0101ts ar barojo\u0161\u0101m un mitrino\u0161\u0101m sast\u0101vda\u013c\u0101m, kas nov\u0113r\u0161 retinola izrais\u012btu kairin\u0101jumu.<\/p>\n<p>Izl\u012bdzina \u0101das toni un tekst\u016bru, pie\u0161\u0137ir elast\u012bbu un tvirtumu, k\u0101 ar\u012b maigi izgaismo pinnes p\u0113das. Samazina p\u0101rm\u0113r\u012bgu sebuma veido\u0161anos, nov\u0113r\u0161 taukaina sp\u012bduma par\u0101d\u012b\u0161anos un aizsprostotas poras. Samazina komedonu skaitu.<\/p>\n<p>0,1% t\u012bra retinola ir formulas galven\u0101 sast\u0101vda\u013ca. Tas izraisa \u0161\u016bnu atjauno\u0161anos, k\u0101 rezult\u0101t\u0101 tas izl\u012bdzina grumbas, izl\u012bdzina mikroreljefu un samazina pigment\u0101cijas redzam\u012bbu.<\/p>\n<p><strong>KEY INGREDIENTS:<\/strong><\/p>\n<ul>\n<li><strong>Pantenols (B5 vitam\u012bns)<\/strong> mazina aps\u0101rtumu un niezi, stiprina hidrolip\u012bdu barjeru, nov\u0113r\u0161 mitruma iztvaiko\u0161anu un veicina atvese\u013co\u0161anos.<\/li>\n<li><strong>Tokotrienols<\/strong> ir taukos \u0161\u0137\u012bsto\u0161a E vitam\u012bna forma, kas atrodama kokosriekstu un kakao e\u013c\u013c\u0101s, r\u012bsu klij\u0101s un cit\u0101s. Tokotrienols palielina C vitam\u012bna efektivit\u0101ti, nov\u0113r\u0161 p\u0101rm\u0113r\u012bgu kapil\u0101ru caurlaid\u012bbu, palielina kolag\u0113na sint\u0113zi un aizsarg\u0101 pret oksidat\u012bvo stresu.<\/li>\n<li><strong>Adenoz\u012bns<\/strong> ir sp\u0113c\u012bgs pretnoveco\u0161an\u0101s l\u012bdzeklis, stimul\u0113 kolag\u0113na ra\u017eo\u0161anu, palielina elast\u012bbu un bl\u012bvumu, savelk un izl\u012bdzina, pal\u0113nina noveco\u0161anos.<\/li>\n<\/ul>\n<p><strong>How to use:<\/strong> p\u0113c att\u012br\u012b\u0161anas un toniz\u0113\u0161anas uzkl\u0101jiet kr\u0113mu uz \u0101das viet\u0101m, kur par\u0101d\u0101s pirm\u0101s ar vecumu saist\u012bt\u0101s izmai\u0146as: uz pieres, ap ac\u012bm, nasolabi\u0101lo kroku zon\u0101. Ja pirmo reizi ievie\u0161at l\u012bdzekli ar retinolu, s\u0101ciet lietot kr\u0113mu 3 reizes ned\u0113\u013c\u0101 un pak\u0101peniski palieliniet lieto\u0161anas bie\u017eumu l\u012bdz 2 reiz\u0113m dien\u0101. Dienas laik\u0101 lietojiet sau\u013co\u0161an\u0101s l\u012bdzekli. Nav ieteicams lietot gr\u016btniec\u012bbas un z\u012bd\u012b\u0161anas laik\u0101. Nelietot kop\u0101 ar produktiem, kas satur sk\u0101bes vai augstu C vitam\u012bna koncentr\u0101ciju.<\/p>\n<p><strong>Ingredientes:\u00a0<\/strong>Water, Caprylic\/Capric Triglyceride, Propanediol, Glycerin, Tocopheryl Acetate, Cetearyl Alcohol, Trehalose, Panthenol, Butyrospermum Parkii (Shea) Butter, Glycine Soja (Soybean) Oil, Ammonium Acryloyldimethyltaurate\/VP Copolymer, Dimethicone, Glyceryl Polymethacrylate, Helianthus Annuus (Sunflower) Seed Oil, Polyglyceryl-10 Stearate, Hydrogenated Lecithin, Hydroxyethyl Acrylate\/Sodium Acryloyldimethyl Taurate Copolymer, Carbomer, Tromethamine, Glyceryl Stearate, Polysilicone-11, Sodium Sulfite, Tocopherol, Daucus Carota Sativa (Carrot) Root Extract, Retinol(0.1%), Allantoin, Glyceryl Caprylate, Oryza Sativa (Rice) Bran Wax, Tocotrienols, Stearic Acid, Polyglyceryl-3 Methylglucose Distearate, Palmitic Acid, Disodium EDTA, Ethylhexylglycerin, Adenosine, Sorbitan Isostearate, Elaeis Guineensis (Palm) Oil, BHT, Beta-Carotene, Myristic Acid, Lauric Acid, Ascorbic Acid, Limnanthes Alba (Meadowfoam) Seed Oil, 3-O-Ethyl Ascorbic Acid, Glutathione, Sodium Hyaluronate, 1,2-Hexanediol, Hydrolyzed Hyaluronic Acid, Sodium Hyaluronate Crosspolymer, Hyaluronic Acid, Sodium Acetylated Hyaluronate<\/p>","protected":false},"excerpt":{"rendered":"<p>COSRX Retinol 0.1 kr\u0113ms izl\u012bdzina \u0101du un pal\u0113nina noveco\u0161an\u0101s procesus, samazinot sausuma rad\u012bto smalko grumbi\u0146u dzi\u013cumu. Lieliski piem\u0113rots tiem, kuri retinolu ievie\u0161 sav\u0101 \u0101das kop\u0161anas sh\u0113m\u0101 pirmo reizi: produkts ir bag\u0101ts ar barojo\u0161\u0101m un mitrino\u0161\u0101m sast\u0101vda\u013c\u0101m, kas nov\u0113r\u0161 retinola izrais\u012btu kairin\u0101jumu. Izl\u012bdzina \u0101das toni un tekst\u016bru, pie\u0161\u0137ir elast\u012bbu un tvirtumu, k\u0101 ar\u012b maigi izgaismo pinnes [&hellip;]<\/p>\n","protected":false},"featured_media":12602,"comment_status":"open","ping_status":"closed","template":"","meta":{"site-sidebar-layout":"default","site-content-layout":"","ast-site-content-layout":"","site-content-style":"default","site-sidebar-style":"default","ast-global-header-display":"","ast-banner-title-visibility":"","ast-main-header-display":"","ast-hfb-above-header-display":"","ast-hfb-below-header-display":"","ast-hfb-mobile-header-display":"","site-post-title":"","ast-breadcrumbs-content":"","ast-featured-img":"","footer-sml-layout":"","theme-transparent-header-meta":"","adv-header-id-meta":"","stick-header-meta":"","header-above-stick-meta":"","header-main-stick-meta":"","header-below-stick-meta":"","astra-migrate-meta-layouts":"default","ast-page-background-enabled":"default","ast-page-background-meta":{"desktop":{"background-color":"var(--ast-global-color-4)","background-image":"","background-repeat":"repeat","background-position":"center center","background-size":"auto","background-attachment":"scroll","background-type":"","background-media":"","overlay-type":"","overlay-color":"","overlay-opacity":"","overlay-gradient":""},"tablet":{"background-color":"","background-image":"","background-repeat":"repeat","background-position":"center center","background-size":"auto","background-attachment":"scroll","background-type":"","background-media":"","overlay-type":"","overlay-color":"","overlay-opacity":"","overlay-gradient":""},"mobile":{"background-color":"","background-image":"","background-repeat":"repeat","background-position":"center center","background-size":"auto","background-attachment":"scroll","background-type":"","background-media":"","overlay-type":"","overlay-color":"","overlay-opacity":"","overlay-gradient":""}},"ast-content-background-meta":{"desktop":{"background-color":"var(--ast-global-color-5)","background-image":"","background-repeat":"repeat","background-position":"center center","background-size":"auto","background-attachment":"scroll","background-type":"","background-media":"","overlay-type":"","overlay-color":"","overlay-opacity":"","overlay-gradient":""},"tablet":{"background-color":"var(--ast-global-color-5)","background-image":"","background-repeat":"repeat","background-position":"center center","background-size":"auto","background-attachment":"scroll","background-type":"","background-media":"","overlay-type":"","overlay-color":"","overlay-opacity":"","overlay-gradient":""},"mobile":{"background-color":"var(--ast-global-color-5)","background-image":"","background-repeat":"repeat","background-position":"center center","background-size":"auto","background-attachment":"scroll","background-type":"","background-media":"","overlay-type":"","overlay-color":"","overlay-opacity":"","overlay-gradient":""}}},"product_brand":[],"product_cat":[366,368,472,307,362],"product_tag":[],"berocket_brand":[],"class_list":{"0":"post-12601","1":"product","2":"type-product","3":"status-publish","4":"has-post-thumbnail","6":"product_cat-mitrinoss","7":"product_cat-pret-grumbam","8":"product_cat-retinols","9":"product_cat-sejai","10":"product_cat-sejas-krems","11":"desktop-align-left","12":"tablet-align-left","13":"mobile-align-left","15":"first","16":"outofstock","17":"taxable","18":"shipping-taxable","19":"purchasable","20":"product-type-simple","21":"add-to-wishlist-before_image"},"yoast_head":"<!-- This site is optimized with the Yoast SEO plugin v27.4 - https:\/\/yoast.com\/product\/yoast-seo-wordpress\/ -->\n<title>COSRX The Retinol 0.1 Cream 20ml - FACECORNER<\/title>\n<meta name=\"robots\" content=\"index, follow, max-snippet:-1, max-image-preview:large, max-video-preview:-1\" \/>\n<link rel=\"canonical\" href=\"https:\/\/www.facecorner.lv\/en\/shop\/cosrx-the-retinol-0-1-cream-20ml\/\" \/>\n<meta property=\"og:locale\" content=\"en_US\" \/>\n<meta property=\"og:type\" content=\"article\" \/>\n<meta property=\"og:title\" content=\"COSRX The Retinol 0.1 Cream 20ml - FACECORNER\" \/>\n<meta property=\"og:description\" content=\"COSRX Retinol 0.1 kr\u0113ms izl\u012bdzina \u0101du un pal\u0113nina noveco\u0161an\u0101s procesus, samazinot sausuma rad\u012bto smalko grumbi\u0146u dzi\u013cumu. Lieliski piem\u0113rots tiem, kuri retinolu ievie\u0161 sav\u0101 \u0101das kop\u0161anas sh\u0113m\u0101 pirmo reizi: produkts ir bag\u0101ts ar barojo\u0161\u0101m un mitrino\u0161\u0101m sast\u0101vda\u013c\u0101m, kas nov\u0113r\u0161 retinola izrais\u012btu kairin\u0101jumu. Izl\u012bdzina \u0101das toni un tekst\u016bru, pie\u0161\u0137ir elast\u012bbu un tvirtumu, k\u0101 ar\u012b maigi izgaismo pinnes [&hellip;]\" \/>\n<meta property=\"og:url\" content=\"https:\/\/www.facecorner.lv\/en\/shop\/cosrx-the-retinol-0-1-cream-20ml\/\" \/>\n<meta property=\"og:site_name\" content=\"FACECORNER\" \/>\n<meta property=\"article:publisher\" content=\"https:\/\/www.facebook.com\/profile.php?id=100063824551839\" \/>\n<meta property=\"article:modified_time\" content=\"2025-02-19T11:07:32+00:00\" \/>\n<meta property=\"og:image\" content=\"https:\/\/www.facecorner.lv\/wp-content\/uploads\/2023\/10\/The-COSRX-The-Retinol-0.1-Cream-Nudie-Glow-Australia_800x.webp\" \/>\n\t<meta property=\"og:image:width\" content=\"800\" \/>\n\t<meta property=\"og:image:height\" content=\"800\" \/>\n\t<meta property=\"og:image:type\" content=\"image\/webp\" \/>\n<meta name=\"twitter:card\" content=\"summary_large_image\" \/>\n<meta name=\"twitter:label1\" content=\"Price\" \/>\n\t<meta name=\"twitter:data1\" content=\"&euro;24.00\" \/>\n\t<meta name=\"twitter:label2\" content=\"Availability\" \/>\n\t<meta name=\"twitter:data2\" content=\"Out of stock\" \/>\n<script type=\"application\/ld+json\" class=\"yoast-schema-graph\">{\"@context\":\"https:\\\/\\\/schema.org\",\"@graph\":[{\"@type\":\"WebPage\",\"@id\":\"https:\\\/\\\/www.facecorner.lv\\\/shop\\\/cosrx-the-retinol-0-1-cream-20ml\\\/\",\"url\":\"https:\\\/\\\/www.facecorner.lv\\\/shop\\\/cosrx-the-retinol-0-1-cream-20ml\\\/\",\"name\":\"COSRX The Retinol 0.1 Cream 20ml - FACECORNER\",\"isPartOf\":{\"@id\":\"https:\\\/\\\/www.facecorner.lv\\\/#website\"},\"primaryImageOfPage\":{\"@id\":\"https:\\\/\\\/www.facecorner.lv\\\/shop\\\/cosrx-the-retinol-0-1-cream-20ml\\\/#primaryimage\"},\"image\":{\"@id\":\"https:\\\/\\\/www.facecorner.lv\\\/shop\\\/cosrx-the-retinol-0-1-cream-20ml\\\/#primaryimage\"},\"thumbnailUrl\":\"https:\\\/\\\/www.facecorner.lv\\\/wp-content\\\/uploads\\\/2023\\\/10\\\/The-COSRX-The-Retinol-0.1-Cream-Nudie-Glow-Australia_800x.webp\",\"datePublished\":\"2023-10-13T13:13:16+00:00\",\"dateModified\":\"2025-02-19T11:07:32+00:00\",\"breadcrumb\":{\"@id\":\"https:\\\/\\\/www.facecorner.lv\\\/shop\\\/cosrx-the-retinol-0-1-cream-20ml\\\/#breadcrumb\"},\"inLanguage\":\"en-US\",\"potentialAction\":[{\"@type\":\"ReadAction\",\"target\":[\"https:\\\/\\\/www.facecorner.lv\\\/shop\\\/cosrx-the-retinol-0-1-cream-20ml\\\/\"]}]},{\"@type\":\"ImageObject\",\"inLanguage\":\"en-US\",\"@id\":\"https:\\\/\\\/www.facecorner.lv\\\/shop\\\/cosrx-the-retinol-0-1-cream-20ml\\\/#primaryimage\",\"url\":\"https:\\\/\\\/www.facecorner.lv\\\/wp-content\\\/uploads\\\/2023\\\/10\\\/The-COSRX-The-Retinol-0.1-Cream-Nudie-Glow-Australia_800x.webp\",\"contentUrl\":\"https:\\\/\\\/www.facecorner.lv\\\/wp-content\\\/uploads\\\/2023\\\/10\\\/The-COSRX-The-Retinol-0.1-Cream-Nudie-Glow-Australia_800x.webp\",\"width\":800,\"height\":800},{\"@type\":\"BreadcrumbList\",\"@id\":\"https:\\\/\\\/www.facecorner.lv\\\/shop\\\/cosrx-the-retinol-0-1-cream-20ml\\\/#breadcrumb\",\"itemListElement\":[{\"@type\":\"ListItem\",\"position\":1,\"name\":\"Home\",\"item\":\"https:\\\/\\\/www.facecorner.lv\\\/\"},{\"@type\":\"ListItem\",\"position\":2,\"name\":\"Veikals\",\"item\":\"https:\\\/\\\/www.facecorner.lv\\\/shop\\\/\"},{\"@type\":\"ListItem\",\"position\":3,\"name\":\"COSRX The Retinol 0.1 Cream 20ml\"}]},{\"@type\":\"WebSite\",\"@id\":\"https:\\\/\\\/www.facecorner.lv\\\/#website\",\"url\":\"https:\\\/\\\/www.facecorner.lv\\\/\",\"name\":\"Facecorner\",\"description\":\"\",\"publisher\":{\"@id\":\"https:\\\/\\\/www.facecorner.lv\\\/#organization\"},\"potentialAction\":[{\"@type\":\"SearchAction\",\"target\":{\"@type\":\"EntryPoint\",\"urlTemplate\":\"https:\\\/\\\/www.facecorner.lv\\\/?s={search_term_string}\"},\"query-input\":{\"@type\":\"PropertyValueSpecification\",\"valueRequired\":true,\"valueName\":\"search_term_string\"}}],\"inLanguage\":\"en-US\"},{\"@type\":\"Organization\",\"@id\":\"https:\\\/\\\/www.facecorner.lv\\\/#organization\",\"name\":\"Facecorner\",\"url\":\"https:\\\/\\\/www.facecorner.lv\\\/\",\"logo\":{\"@type\":\"ImageObject\",\"inLanguage\":\"en-US\",\"@id\":\"https:\\\/\\\/www.facecorner.lv\\\/#\\\/schema\\\/logo\\\/image\\\/\",\"url\":\"https:\\\/\\\/www.facecorner.lv\\\/wp-content\\\/uploads\\\/2024\\\/04\\\/fc-logo.jpg\",\"contentUrl\":\"https:\\\/\\\/www.facecorner.lv\\\/wp-content\\\/uploads\\\/2024\\\/04\\\/fc-logo.jpg\",\"width\":174,\"height\":28,\"caption\":\"Facecorner\"},\"image\":{\"@id\":\"https:\\\/\\\/www.facecorner.lv\\\/#\\\/schema\\\/logo\\\/image\\\/\"},\"sameAs\":[\"https:\\\/\\\/www.facebook.com\\\/profile.php?id=100063824551839\",\"https:\\\/\\\/www.instagram.com\\\/facecorner_shop\\\/\"]}]}<\/script>\n<meta property=\"product:price:amount\" content=\"24.00\" \/>\n<meta property=\"product:price:currency\" content=\"EUR\" \/>\n<meta property=\"og:availability\" content=\"out of stock\" \/>\n<meta property=\"product:availability\" content=\"out of stock\" \/>\n<meta property=\"product:condition\" content=\"new\" \/>\n<!-- \/ Yoast SEO plugin. -->","yoast_head_json":{"title":"COSRX The Retinol 0.1 Cream 20ml - FACECORNER","robots":{"index":"index","follow":"follow","max-snippet":"max-snippet:-1","max-image-preview":"max-image-preview:large","max-video-preview":"max-video-preview:-1"},"canonical":"https:\/\/www.facecorner.lv\/en\/shop\/cosrx-the-retinol-0-1-cream-20ml\/","og_locale":"en_US","og_type":"article","og_title":"COSRX The Retinol 0.1 Cream 20ml - FACECORNER","og_description":"COSRX Retinol 0.1 kr\u0113ms izl\u012bdzina \u0101du un pal\u0113nina noveco\u0161an\u0101s procesus, samazinot sausuma rad\u012bto smalko grumbi\u0146u dzi\u013cumu. Lieliski piem\u0113rots tiem, kuri retinolu ievie\u0161 sav\u0101 \u0101das kop\u0161anas sh\u0113m\u0101 pirmo reizi: produkts ir bag\u0101ts ar barojo\u0161\u0101m un mitrino\u0161\u0101m sast\u0101vda\u013c\u0101m, kas nov\u0113r\u0161 retinola izrais\u012btu kairin\u0101jumu. Izl\u012bdzina \u0101das toni un tekst\u016bru, pie\u0161\u0137ir elast\u012bbu un tvirtumu, k\u0101 ar\u012b maigi izgaismo pinnes [&hellip;]","og_url":"https:\/\/www.facecorner.lv\/en\/shop\/cosrx-the-retinol-0-1-cream-20ml\/","og_site_name":"FACECORNER","article_publisher":"https:\/\/www.facebook.com\/profile.php?id=100063824551839","article_modified_time":"2025-02-19T11:07:32+00:00","og_image":[{"width":800,"height":800,"url":"https:\/\/www.facecorner.lv\/wp-content\/uploads\/2023\/10\/The-COSRX-The-Retinol-0.1-Cream-Nudie-Glow-Australia_800x.webp","type":"image\/webp"}],"twitter_card":"summary_large_image","twitter_misc":{"Price":"&euro;24.00","Availability":"Out of stock"},"schema":{"@context":"https:\/\/schema.org","@graph":[{"@type":"WebPage","@id":"https:\/\/www.facecorner.lv\/shop\/cosrx-the-retinol-0-1-cream-20ml\/","url":"https:\/\/www.facecorner.lv\/shop\/cosrx-the-retinol-0-1-cream-20ml\/","name":"COSRX The Retinol 0.1 Cream 20ml - FACECORNER","isPartOf":{"@id":"https:\/\/www.facecorner.lv\/#website"},"primaryImageOfPage":{"@id":"https:\/\/www.facecorner.lv\/shop\/cosrx-the-retinol-0-1-cream-20ml\/#primaryimage"},"image":{"@id":"https:\/\/www.facecorner.lv\/shop\/cosrx-the-retinol-0-1-cream-20ml\/#primaryimage"},"thumbnailUrl":"https:\/\/www.facecorner.lv\/wp-content\/uploads\/2023\/10\/The-COSRX-The-Retinol-0.1-Cream-Nudie-Glow-Australia_800x.webp","datePublished":"2023-10-13T13:13:16+00:00","dateModified":"2025-02-19T11:07:32+00:00","breadcrumb":{"@id":"https:\/\/www.facecorner.lv\/shop\/cosrx-the-retinol-0-1-cream-20ml\/#breadcrumb"},"inLanguage":"en-US","potentialAction":[{"@type":"ReadAction","target":["https:\/\/www.facecorner.lv\/shop\/cosrx-the-retinol-0-1-cream-20ml\/"]}]},{"@type":"ImageObject","inLanguage":"en-US","@id":"https:\/\/www.facecorner.lv\/shop\/cosrx-the-retinol-0-1-cream-20ml\/#primaryimage","url":"https:\/\/www.facecorner.lv\/wp-content\/uploads\/2023\/10\/The-COSRX-The-Retinol-0.1-Cream-Nudie-Glow-Australia_800x.webp","contentUrl":"https:\/\/www.facecorner.lv\/wp-content\/uploads\/2023\/10\/The-COSRX-The-Retinol-0.1-Cream-Nudie-Glow-Australia_800x.webp","width":800,"height":800},{"@type":"BreadcrumbList","@id":"https:\/\/www.facecorner.lv\/shop\/cosrx-the-retinol-0-1-cream-20ml\/#breadcrumb","itemListElement":[{"@type":"ListItem","position":1,"name":"Home","item":"https:\/\/www.facecorner.lv\/"},{"@type":"ListItem","position":2,"name":"Veikals","item":"https:\/\/www.facecorner.lv\/shop\/"},{"@type":"ListItem","position":3,"name":"COSRX The Retinol 0.1 Cream 20ml"}]},{"@type":"WebSite","@id":"https:\/\/www.facecorner.lv\/#website","url":"https:\/\/www.facecorner.lv\/","name":"Facecorner","description":"","publisher":{"@id":"https:\/\/www.facecorner.lv\/#organization"},"potentialAction":[{"@type":"SearchAction","target":{"@type":"EntryPoint","urlTemplate":"https:\/\/www.facecorner.lv\/?s={search_term_string}"},"query-input":{"@type":"PropertyValueSpecification","valueRequired":true,"valueName":"search_term_string"}}],"inLanguage":"en-US"},{"@type":"Organization","@id":"https:\/\/www.facecorner.lv\/#organization","name":"Facecorner","url":"https:\/\/www.facecorner.lv\/","logo":{"@type":"ImageObject","inLanguage":"en-US","@id":"https:\/\/www.facecorner.lv\/#\/schema\/logo\/image\/","url":"https:\/\/www.facecorner.lv\/wp-content\/uploads\/2024\/04\/fc-logo.jpg","contentUrl":"https:\/\/www.facecorner.lv\/wp-content\/uploads\/2024\/04\/fc-logo.jpg","width":174,"height":28,"caption":"Facecorner"},"image":{"@id":"https:\/\/www.facecorner.lv\/#\/schema\/logo\/image\/"},"sameAs":["https:\/\/www.facebook.com\/profile.php?id=100063824551839","https:\/\/www.instagram.com\/facecorner_shop\/"]}]},"product_price_amount":"24.00","product_price_currency":"EUR","og_availability":"out of stock","product_availability":"out of stock","product_condition":"new"},"_links":{"self":[{"href":"https:\/\/www.facecorner.lv\/en\/wp-json\/wp\/v2\/product\/12601","targetHints":{"allow":["GET"]}}],"collection":[{"href":"https:\/\/www.facecorner.lv\/en\/wp-json\/wp\/v2\/product"}],"about":[{"href":"https:\/\/www.facecorner.lv\/en\/wp-json\/wp\/v2\/types\/product"}],"replies":[{"embeddable":true,"href":"https:\/\/www.facecorner.lv\/en\/wp-json\/wp\/v2\/comments?post=12601"}],"wp:featuredmedia":[{"embeddable":true,"href":"https:\/\/www.facecorner.lv\/en\/wp-json\/wp\/v2\/media\/12602"}],"wp:attachment":[{"href":"https:\/\/www.facecorner.lv\/en\/wp-json\/wp\/v2\/media?parent=12601"}],"wp:term":[{"taxonomy":"product_brand","embeddable":true,"href":"https:\/\/www.facecorner.lv\/en\/wp-json\/wp\/v2\/product_brand?post=12601"},{"taxonomy":"product_cat","embeddable":true,"href":"https:\/\/www.facecorner.lv\/en\/wp-json\/wp\/v2\/product_cat?post=12601"},{"taxonomy":"product_tag","embeddable":true,"href":"https:\/\/www.facecorner.lv\/en\/wp-json\/wp\/v2\/product_tag?post=12601"},{"taxonomy":"berocket_brand","embeddable":true,"href":"https:\/\/www.facecorner.lv\/en\/wp-json\/wp\/v2\/berocket_brand?post=12601"}],"curies":[{"name":"wp","href":"https:\/\/api.w.org\/{rel}","templated":true}]}}