{"id":12557,"date":"2023-10-09T17:14:41","date_gmt":"2023-10-09T15:14:41","guid":{"rendered":"https:\/\/www.facecorner.lv\/?post_type=product&#038;p=12557"},"modified":"2024-11-15T16:23:45","modified_gmt":"2024-11-15T13:23:45","slug":"jm-solution-water-luminous-nmn-mask-premium","status":"publish","type":"product","link":"https:\/\/www.facecorner.lv\/en\/shop\/jm-solution-water-luminous-nmn-mask-premium\/","title":{"rendered":"JM SOLUTION WATER LUMINOUS NMN MASK PREMIUM"},"content":{"rendered":"<p>Jm Solution Water Luminous Nmn Mask Premium Inovat\u012bva maska, kas izstr\u0101d\u0101ta, lai intens\u012bvi mitrin\u0101tu un barotu \u0101du. Tas satur unik\u0101las sast\u0101vda\u013cas, piem\u0113ram, niaotinam\u012bdu (NMN), hialuronsk\u0101bi un ziedu ekstraktus, lai nodro\u0161in\u0101tu t\u016bl\u012bt\u0113ju atsvaidzin\u0101\u0161anu un mirdzumu \u0101dai.<\/p>\n<p>\u0160ai maskai ir \u0113rta forma un t\u0101 lieliski piegu\u013c sejas kont\u016br\u0101m, nodro\u0161inot piln\u012bgu p\u0101rkl\u0101jumu un lab\u0101ko efekt\u012bvo sast\u0101vda\u013cu uzs\u016bk\u0161anos.<\/p>\n<p>Pateicoties NMN kl\u0101tb\u016btnei, tas veicina \u0161\u016bnu atjauno\u0161anos, paaugstina \u0101das tvirtumu un elast\u012bbu, k\u0101 ar\u012b samazina grumbu par\u0101d\u012b\u0161anos un ar vecumu saist\u012btas izmai\u0146as.<\/p>\n<p><strong>How to use:<\/strong> Uzkl\u0101jiet masku uz iepriek\u0161 att\u012br\u012btas \u0101das. Izl\u012bdziniet un atst\u0101jiet 15 &#8211; 20 min\u016btes, p\u0113c tam no\u0146emiet un uzman\u012bgi sadaliet atliku\u0161o esenci ar mas\u0101\u017eas kust\u012bb\u0101m pa seju, l\u012bdz t\u0101 piln\u012bb\u0101 ies\u016bcas.<\/p>","protected":false},"excerpt":{"rendered":"<p>Jm Solution Water Luminous Nmn Mask Premium Inovat\u012bva maska, kas izstr\u0101d\u0101ta, lai intens\u012bvi mitrin\u0101tu un barotu \u0101du. Tas satur unik\u0101las sast\u0101vda\u013cas, piem\u0113ram, niaotinam\u012bdu (NMN), hialuronsk\u0101bi un ziedu ekstraktus, lai nodro\u0161in\u0101tu t\u016bl\u012bt\u0113ju atsvaidzin\u0101\u0161anu un mirdzumu \u0101dai. \u0160ai maskai ir \u0113rta forma un t\u0101 lieliski piegu\u013c sejas kont\u016br\u0101m, nodro\u0161inot piln\u012bgu p\u0101rkl\u0101jumu un lab\u0101ko efekt\u012bvo sast\u0101vda\u013cu uzs\u016bk\u0161anos. Pateicoties [&hellip;]<\/p>\n","protected":false},"featured_media":12558,"comment_status":"open","ping_status":"closed","template":"","meta":{"site-sidebar-layout":"default","site-content-layout":"","ast-site-content-layout":"","site-content-style":"default","site-sidebar-style":"default","ast-global-header-display":"","ast-banner-title-visibility":"","ast-main-header-display":"","ast-hfb-above-header-display":"","ast-hfb-below-header-display":"","ast-hfb-mobile-header-display":"","site-post-title":"","ast-breadcrumbs-content":"","ast-featured-img":"","footer-sml-layout":"","theme-transparent-header-meta":"","adv-header-id-meta":"","stick-header-meta":"","header-above-stick-meta":"","header-main-stick-meta":"","header-below-stick-meta":"","astra-migrate-meta-layouts":"default","ast-page-background-enabled":"default","ast-page-background-meta":{"desktop":{"background-color":"var(--ast-global-color-4)","background-image":"","background-repeat":"repeat","background-position":"center center","background-size":"auto","background-attachment":"scroll","background-type":"","background-media":"","overlay-type":"","overlay-color":"","overlay-opacity":"","overlay-gradient":""},"tablet":{"background-color":"","background-image":"","background-repeat":"repeat","background-position":"center center","background-size":"auto","background-attachment":"scroll","background-type":"","background-media":"","overlay-type":"","overlay-color":"","overlay-opacity":"","overlay-gradient":""},"mobile":{"background-color":"","background-image":"","background-repeat":"repeat","background-position":"center center","background-size":"auto","background-attachment":"scroll","background-type":"","background-media":"","overlay-type":"","overlay-color":"","overlay-opacity":"","overlay-gradient":""}},"ast-content-background-meta":{"desktop":{"background-color":"var(--ast-global-color-5)","background-image":"","background-repeat":"repeat","background-position":"center center","background-size":"auto","background-attachment":"scroll","background-type":"","background-media":"","overlay-type":"","overlay-color":"","overlay-opacity":"","overlay-gradient":""},"tablet":{"background-color":"var(--ast-global-color-5)","background-image":"","background-repeat":"repeat","background-position":"center center","background-size":"auto","background-attachment":"scroll","background-type":"","background-media":"","overlay-type":"","overlay-color":"","overlay-opacity":"","overlay-gradient":""},"mobile":{"background-color":"var(--ast-global-color-5)","background-image":"","background-repeat":"repeat","background-position":"center center","background-size":"auto","background-attachment":"scroll","background-type":"","background-media":"","overlay-type":"","overlay-color":"","overlay-opacity":"","overlay-gradient":""}}},"product_brand":[],"product_cat":[324,315],"product_tag":[],"berocket_brand":[],"class_list":{"0":"post-12557","1":"product","2":"type-product","3":"status-publish","4":"has-post-thumbnail","6":"product_cat-auduma","7":"product_cat-maskas","8":"desktop-align-left","9":"tablet-align-left","10":"mobile-align-left","12":"first","13":"instock","14":"taxable","15":"shipping-taxable","16":"purchasable","17":"product-type-simple","18":"add-to-wishlist-before_image"},"yoast_head":"<!-- This site is optimized with the Yoast SEO plugin v27.4 - https:\/\/yoast.com\/product\/yoast-seo-wordpress\/ -->\n<title>JM SOLUTION WATER LUMINOUS NMN MASK PREMIUM - FACECORNER<\/title>\n<meta name=\"robots\" content=\"index, follow, max-snippet:-1, max-image-preview:large, max-video-preview:-1\" \/>\n<link rel=\"canonical\" href=\"https:\/\/www.facecorner.lv\/en\/shop\/jm-solution-water-luminous-nmn-mask-premium\/\" \/>\n<meta property=\"og:locale\" content=\"en_US\" \/>\n<meta property=\"og:type\" content=\"article\" \/>\n<meta property=\"og:title\" content=\"JM SOLUTION WATER LUMINOUS NMN MASK PREMIUM - FACECORNER\" \/>\n<meta property=\"og:description\" content=\"Jm Solution Water Luminous Nmn Mask Premium Inovat\u012bva maska, kas izstr\u0101d\u0101ta, lai intens\u012bvi mitrin\u0101tu un barotu \u0101du. Tas satur unik\u0101las sast\u0101vda\u013cas, piem\u0113ram, niaotinam\u012bdu (NMN), hialuronsk\u0101bi un ziedu ekstraktus, lai nodro\u0161in\u0101tu t\u016bl\u012bt\u0113ju atsvaidzin\u0101\u0161anu un mirdzumu \u0101dai. \u0160ai maskai ir \u0113rta forma un t\u0101 lieliski piegu\u013c sejas kont\u016br\u0101m, nodro\u0161inot piln\u012bgu p\u0101rkl\u0101jumu un lab\u0101ko efekt\u012bvo sast\u0101vda\u013cu uzs\u016bk\u0161anos. Pateicoties [&hellip;]\" \/>\n<meta property=\"og:url\" content=\"https:\/\/www.facecorner.lv\/en\/shop\/jm-solution-water-luminous-nmn-mask-premium\/\" \/>\n<meta property=\"og:site_name\" content=\"FACECORNER\" \/>\n<meta property=\"article:publisher\" content=\"https:\/\/www.facebook.com\/profile.php?id=100063824551839\" \/>\n<meta property=\"article:modified_time\" content=\"2024-11-15T13:23:45+00:00\" \/>\n<meta property=\"og:image\" content=\"https:\/\/www.facecorner.lv\/wp-content\/uploads\/2023\/10\/max_50038.jpeg\" \/>\n\t<meta property=\"og:image:width\" content=\"750\" \/>\n\t<meta property=\"og:image:height\" content=\"750\" \/>\n\t<meta property=\"og:image:type\" content=\"image\/jpeg\" \/>\n<meta name=\"twitter:card\" content=\"summary_large_image\" \/>\n<meta name=\"twitter:label1\" content=\"Price\" \/>\n\t<meta name=\"twitter:data1\" content=\"&euro;3.50\" \/>\n\t<meta name=\"twitter:label2\" content=\"Availability\" \/>\n\t<meta name=\"twitter:data2\" content=\"In stock\" \/>\n<script type=\"application\/ld+json\" class=\"yoast-schema-graph\">{\"@context\":\"https:\\\/\\\/schema.org\",\"@graph\":[{\"@type\":\"WebPage\",\"@id\":\"https:\\\/\\\/www.facecorner.lv\\\/shop\\\/jm-solution-water-luminous-nmn-mask-premium\\\/\",\"url\":\"https:\\\/\\\/www.facecorner.lv\\\/shop\\\/jm-solution-water-luminous-nmn-mask-premium\\\/\",\"name\":\"JM SOLUTION WATER LUMINOUS NMN MASK PREMIUM - FACECORNER\",\"isPartOf\":{\"@id\":\"https:\\\/\\\/www.facecorner.lv\\\/#website\"},\"primaryImageOfPage\":{\"@id\":\"https:\\\/\\\/www.facecorner.lv\\\/shop\\\/jm-solution-water-luminous-nmn-mask-premium\\\/#primaryimage\"},\"image\":{\"@id\":\"https:\\\/\\\/www.facecorner.lv\\\/shop\\\/jm-solution-water-luminous-nmn-mask-premium\\\/#primaryimage\"},\"thumbnailUrl\":\"https:\\\/\\\/www.facecorner.lv\\\/wp-content\\\/uploads\\\/2023\\\/10\\\/max_50038.jpeg\",\"datePublished\":\"2023-10-09T15:14:41+00:00\",\"dateModified\":\"2024-11-15T13:23:45+00:00\",\"breadcrumb\":{\"@id\":\"https:\\\/\\\/www.facecorner.lv\\\/shop\\\/jm-solution-water-luminous-nmn-mask-premium\\\/#breadcrumb\"},\"inLanguage\":\"en-US\",\"potentialAction\":[{\"@type\":\"ReadAction\",\"target\":[\"https:\\\/\\\/www.facecorner.lv\\\/shop\\\/jm-solution-water-luminous-nmn-mask-premium\\\/\"]}]},{\"@type\":\"ImageObject\",\"inLanguage\":\"en-US\",\"@id\":\"https:\\\/\\\/www.facecorner.lv\\\/shop\\\/jm-solution-water-luminous-nmn-mask-premium\\\/#primaryimage\",\"url\":\"https:\\\/\\\/www.facecorner.lv\\\/wp-content\\\/uploads\\\/2023\\\/10\\\/max_50038.jpeg\",\"contentUrl\":\"https:\\\/\\\/www.facecorner.lv\\\/wp-content\\\/uploads\\\/2023\\\/10\\\/max_50038.jpeg\",\"width\":750,\"height\":750},{\"@type\":\"BreadcrumbList\",\"@id\":\"https:\\\/\\\/www.facecorner.lv\\\/shop\\\/jm-solution-water-luminous-nmn-mask-premium\\\/#breadcrumb\",\"itemListElement\":[{\"@type\":\"ListItem\",\"position\":1,\"name\":\"Home\",\"item\":\"https:\\\/\\\/www.facecorner.lv\\\/\"},{\"@type\":\"ListItem\",\"position\":2,\"name\":\"Veikals\",\"item\":\"https:\\\/\\\/www.facecorner.lv\\\/shop\\\/\"},{\"@type\":\"ListItem\",\"position\":3,\"name\":\"JM SOLUTION WATER LUMINOUS NMN MASK PREMIUM\"}]},{\"@type\":\"WebSite\",\"@id\":\"https:\\\/\\\/www.facecorner.lv\\\/#website\",\"url\":\"https:\\\/\\\/www.facecorner.lv\\\/\",\"name\":\"Facecorner\",\"description\":\"\",\"publisher\":{\"@id\":\"https:\\\/\\\/www.facecorner.lv\\\/#organization\"},\"potentialAction\":[{\"@type\":\"SearchAction\",\"target\":{\"@type\":\"EntryPoint\",\"urlTemplate\":\"https:\\\/\\\/www.facecorner.lv\\\/?s={search_term_string}\"},\"query-input\":{\"@type\":\"PropertyValueSpecification\",\"valueRequired\":true,\"valueName\":\"search_term_string\"}}],\"inLanguage\":\"en-US\"},{\"@type\":\"Organization\",\"@id\":\"https:\\\/\\\/www.facecorner.lv\\\/#organization\",\"name\":\"Facecorner\",\"url\":\"https:\\\/\\\/www.facecorner.lv\\\/\",\"logo\":{\"@type\":\"ImageObject\",\"inLanguage\":\"en-US\",\"@id\":\"https:\\\/\\\/www.facecorner.lv\\\/#\\\/schema\\\/logo\\\/image\\\/\",\"url\":\"https:\\\/\\\/www.facecorner.lv\\\/wp-content\\\/uploads\\\/2024\\\/04\\\/fc-logo.jpg\",\"contentUrl\":\"https:\\\/\\\/www.facecorner.lv\\\/wp-content\\\/uploads\\\/2024\\\/04\\\/fc-logo.jpg\",\"width\":174,\"height\":28,\"caption\":\"Facecorner\"},\"image\":{\"@id\":\"https:\\\/\\\/www.facecorner.lv\\\/#\\\/schema\\\/logo\\\/image\\\/\"},\"sameAs\":[\"https:\\\/\\\/www.facebook.com\\\/profile.php?id=100063824551839\",\"https:\\\/\\\/www.instagram.com\\\/facecorner_shop\\\/\"]}]}<\/script>\n<meta property=\"product:price:amount\" content=\"3.50\" \/>\n<meta property=\"product:price:currency\" content=\"EUR\" \/>\n<meta property=\"og:availability\" content=\"instock\" \/>\n<meta property=\"product:availability\" content=\"instock\" \/>\n<meta property=\"product:condition\" content=\"new\" \/>\n<!-- \/ Yoast SEO plugin. -->","yoast_head_json":{"title":"JM SOLUTION WATER LUMINOUS NMN MASK PREMIUM - FACECORNER","robots":{"index":"index","follow":"follow","max-snippet":"max-snippet:-1","max-image-preview":"max-image-preview:large","max-video-preview":"max-video-preview:-1"},"canonical":"https:\/\/www.facecorner.lv\/en\/shop\/jm-solution-water-luminous-nmn-mask-premium\/","og_locale":"en_US","og_type":"article","og_title":"JM SOLUTION WATER LUMINOUS NMN MASK PREMIUM - FACECORNER","og_description":"Jm Solution Water Luminous Nmn Mask Premium Inovat\u012bva maska, kas izstr\u0101d\u0101ta, lai intens\u012bvi mitrin\u0101tu un barotu \u0101du. Tas satur unik\u0101las sast\u0101vda\u013cas, piem\u0113ram, niaotinam\u012bdu (NMN), hialuronsk\u0101bi un ziedu ekstraktus, lai nodro\u0161in\u0101tu t\u016bl\u012bt\u0113ju atsvaidzin\u0101\u0161anu un mirdzumu \u0101dai. \u0160ai maskai ir \u0113rta forma un t\u0101 lieliski piegu\u013c sejas kont\u016br\u0101m, nodro\u0161inot piln\u012bgu p\u0101rkl\u0101jumu un lab\u0101ko efekt\u012bvo sast\u0101vda\u013cu uzs\u016bk\u0161anos. Pateicoties [&hellip;]","og_url":"https:\/\/www.facecorner.lv\/en\/shop\/jm-solution-water-luminous-nmn-mask-premium\/","og_site_name":"FACECORNER","article_publisher":"https:\/\/www.facebook.com\/profile.php?id=100063824551839","article_modified_time":"2024-11-15T13:23:45+00:00","og_image":[{"width":750,"height":750,"url":"https:\/\/www.facecorner.lv\/wp-content\/uploads\/2023\/10\/max_50038.jpeg","type":"image\/jpeg"}],"twitter_card":"summary_large_image","twitter_misc":{"Price":"&euro;3.50","Availability":"In stock"},"schema":{"@context":"https:\/\/schema.org","@graph":[{"@type":"WebPage","@id":"https:\/\/www.facecorner.lv\/shop\/jm-solution-water-luminous-nmn-mask-premium\/","url":"https:\/\/www.facecorner.lv\/shop\/jm-solution-water-luminous-nmn-mask-premium\/","name":"JM SOLUTION WATER LUMINOUS NMN MASK PREMIUM - FACECORNER","isPartOf":{"@id":"https:\/\/www.facecorner.lv\/#website"},"primaryImageOfPage":{"@id":"https:\/\/www.facecorner.lv\/shop\/jm-solution-water-luminous-nmn-mask-premium\/#primaryimage"},"image":{"@id":"https:\/\/www.facecorner.lv\/shop\/jm-solution-water-luminous-nmn-mask-premium\/#primaryimage"},"thumbnailUrl":"https:\/\/www.facecorner.lv\/wp-content\/uploads\/2023\/10\/max_50038.jpeg","datePublished":"2023-10-09T15:14:41+00:00","dateModified":"2024-11-15T13:23:45+00:00","breadcrumb":{"@id":"https:\/\/www.facecorner.lv\/shop\/jm-solution-water-luminous-nmn-mask-premium\/#breadcrumb"},"inLanguage":"en-US","potentialAction":[{"@type":"ReadAction","target":["https:\/\/www.facecorner.lv\/shop\/jm-solution-water-luminous-nmn-mask-premium\/"]}]},{"@type":"ImageObject","inLanguage":"en-US","@id":"https:\/\/www.facecorner.lv\/shop\/jm-solution-water-luminous-nmn-mask-premium\/#primaryimage","url":"https:\/\/www.facecorner.lv\/wp-content\/uploads\/2023\/10\/max_50038.jpeg","contentUrl":"https:\/\/www.facecorner.lv\/wp-content\/uploads\/2023\/10\/max_50038.jpeg","width":750,"height":750},{"@type":"BreadcrumbList","@id":"https:\/\/www.facecorner.lv\/shop\/jm-solution-water-luminous-nmn-mask-premium\/#breadcrumb","itemListElement":[{"@type":"ListItem","position":1,"name":"Home","item":"https:\/\/www.facecorner.lv\/"},{"@type":"ListItem","position":2,"name":"Veikals","item":"https:\/\/www.facecorner.lv\/shop\/"},{"@type":"ListItem","position":3,"name":"JM SOLUTION WATER LUMINOUS NMN MASK PREMIUM"}]},{"@type":"WebSite","@id":"https:\/\/www.facecorner.lv\/#website","url":"https:\/\/www.facecorner.lv\/","name":"Facecorner","description":"","publisher":{"@id":"https:\/\/www.facecorner.lv\/#organization"},"potentialAction":[{"@type":"SearchAction","target":{"@type":"EntryPoint","urlTemplate":"https:\/\/www.facecorner.lv\/?s={search_term_string}"},"query-input":{"@type":"PropertyValueSpecification","valueRequired":true,"valueName":"search_term_string"}}],"inLanguage":"en-US"},{"@type":"Organization","@id":"https:\/\/www.facecorner.lv\/#organization","name":"Facecorner","url":"https:\/\/www.facecorner.lv\/","logo":{"@type":"ImageObject","inLanguage":"en-US","@id":"https:\/\/www.facecorner.lv\/#\/schema\/logo\/image\/","url":"https:\/\/www.facecorner.lv\/wp-content\/uploads\/2024\/04\/fc-logo.jpg","contentUrl":"https:\/\/www.facecorner.lv\/wp-content\/uploads\/2024\/04\/fc-logo.jpg","width":174,"height":28,"caption":"Facecorner"},"image":{"@id":"https:\/\/www.facecorner.lv\/#\/schema\/logo\/image\/"},"sameAs":["https:\/\/www.facebook.com\/profile.php?id=100063824551839","https:\/\/www.instagram.com\/facecorner_shop\/"]}]},"product_price_amount":"3.50","product_price_currency":"EUR","og_availability":"instock","product_availability":"instock","product_condition":"new"},"_links":{"self":[{"href":"https:\/\/www.facecorner.lv\/en\/wp-json\/wp\/v2\/product\/12557","targetHints":{"allow":["GET"]}}],"collection":[{"href":"https:\/\/www.facecorner.lv\/en\/wp-json\/wp\/v2\/product"}],"about":[{"href":"https:\/\/www.facecorner.lv\/en\/wp-json\/wp\/v2\/types\/product"}],"replies":[{"embeddable":true,"href":"https:\/\/www.facecorner.lv\/en\/wp-json\/wp\/v2\/comments?post=12557"}],"wp:featuredmedia":[{"embeddable":true,"href":"https:\/\/www.facecorner.lv\/en\/wp-json\/wp\/v2\/media\/12558"}],"wp:attachment":[{"href":"https:\/\/www.facecorner.lv\/en\/wp-json\/wp\/v2\/media?parent=12557"}],"wp:term":[{"taxonomy":"product_brand","embeddable":true,"href":"https:\/\/www.facecorner.lv\/en\/wp-json\/wp\/v2\/product_brand?post=12557"},{"taxonomy":"product_cat","embeddable":true,"href":"https:\/\/www.facecorner.lv\/en\/wp-json\/wp\/v2\/product_cat?post=12557"},{"taxonomy":"product_tag","embeddable":true,"href":"https:\/\/www.facecorner.lv\/en\/wp-json\/wp\/v2\/product_tag?post=12557"},{"taxonomy":"berocket_brand","embeddable":true,"href":"https:\/\/www.facecorner.lv\/en\/wp-json\/wp\/v2\/berocket_brand?post=12557"}],"curies":[{"name":"wp","href":"https:\/\/api.w.org\/{rel}","templated":true}]}}