{"id":12536,"date":"2023-10-09T13:09:37","date_gmt":"2023-10-09T11:09:37","guid":{"rendered":"https:\/\/www.facecorner.lv\/?post_type=product&#038;p=12536"},"modified":"2024-03-07T14:51:04","modified_gmt":"2024-03-07T12:51:04","slug":"tocobo-coconut-clay-cleansing-foam-150ml","status":"publish","type":"product","link":"https:\/\/www.facecorner.lv\/en\/shop\/tocobo-coconut-clay-cleansing-foam-150ml\/","title":{"rendered":"Tocobo Coconut Clay Cleansing Foam 150ml"},"content":{"rendered":"<p>Tocobo Coconut Clay t\u012br\u012b\u0161anas putas ar m\u0101liem ies\u016bcas dzi\u013ci por\u0101s, efekt\u012bvi uzs\u016bc lieko sebumu, normaliz\u0113 tauku dziedzeru darb\u012bbu un samazina \u0101das taukain\u012bbu visas dienas garum\u0101. Tas labi pal\u012bdz c\u012b\u0146\u0101 pret pinn\u0113m, iz\u017e\u016bst iekaisuma vietas un stimul\u0113 to dz\u012b\u0161anu.<\/p>\n<p>Produkta pamat\u0101 ir m\u012bkstas augu virsmakt\u012bv\u0101s vielas, kas ieg\u016btas no kokosriekstu un ziepju koku lap\u0101m. Tie iedarbojas smalki: piem\u012bt bakteric\u012bdas \u012bpa\u0161\u012bbas, no\u0146em net\u012brumus no \u0101das virsmas, nesausina un nekairina, veido maigas putas. Likvid\u0113 net\u012brumus un lieko sebumu, nov\u0113r\u0161 poru aizs\u0113r\u0113\u0161anu.<\/p>\n<p><strong>Kalam\u012bnam<\/strong> ir izteikta uzs\u016bk\u0161an\u0101s sp\u0113ja, tas \u0161\u0137\u012bdina tauku aizb\u0101\u017e\u0146us un att\u012bra poras no melnajiem punktiem, pal\u012bdz sa\u0161aurin\u0101t papla\u0161in\u0101t\u0101s poras. Stimul\u0113 \u0101das integrit\u0101tes atjauno\u0161anos, nov\u0113r\u0161 kairino\u0161u faktoru darb\u012bbu, nomierina kairin\u0101jumu un iekaisumus, mazina t\u016bsku.<\/p>\n<p><strong>Benton\u012bts<\/strong> nedaudz \u017e\u016bst, aktiviz\u0113 \u0161\u016bnu atjauno\u0161anos, blo\u0137\u0113 toks\u012bnus, m\u012bkstina un pies\u0101tina ar labv\u0113l\u012bg\u0101m miner\u0101lviel\u0101m.<\/p>\n<p>Putas smalki noloba epidermas raga sl\u0101ni, no\u0146em lob\u012b\u0161anos un m\u012bkstina raupjus \u0101das laukumus. Pal\u012bdz sa\u0161aurin\u0101t papla\u0161in\u0101t\u0101s poras un atjaunot hidrolip\u012bdu l\u012bdzsvaru. Produkta maig\u0101 veg\u0101nisk\u0101 formula neizraisa sausumu.<\/p>\n<p><strong>Piem\u0113rots kombin\u0113tai un taukainai \u0101dai.<\/strong><\/p>\n<p><strong>How to use:<\/strong> ieziest produktu plaukst\u0101s, uzkl\u0101t uz mitras \u0101das, iemas\u0113t un noskalot ar siltu \u016bdeni.<\/p>\n<p><strong>Ingredientes:\u00a0<\/strong>Purified water, glycerin, hydrogenated palm acid, potassium hydroxide, potassium cocoate, calamine, soap grass leaf extract, bentonite, glyceryl stearate, butylene glycol, polyquaternium-7, acrylate\/C10-30 Alkyl Acrylate Crosspolymer, Sodium Phytate, EDTA, Sodium Benzoate, Fragrance, Red No. 504 (CI 14700)<\/p>","protected":false},"excerpt":{"rendered":"<p>Tocobo Coconut Clay t\u012br\u012b\u0161anas putas ar m\u0101liem ies\u016bcas dzi\u013ci por\u0101s, efekt\u012bvi uzs\u016bc lieko sebumu, normaliz\u0113 tauku dziedzeru darb\u012bbu un samazina \u0101das taukain\u012bbu visas dienas garum\u0101. Tas labi pal\u012bdz c\u012b\u0146\u0101 pret pinn\u0113m, iz\u017e\u016bst iekaisuma vietas un stimul\u0113 to dz\u012b\u0161anu. Produkta pamat\u0101 ir m\u012bkstas augu virsmakt\u012bv\u0101s vielas, kas ieg\u016btas no kokosriekstu un ziepju koku lap\u0101m. Tie iedarbojas [&hellip;]<\/p>\n","protected":false},"featured_media":12538,"comment_status":"open","ping_status":"closed","template":"","meta":{"site-sidebar-layout":"default","site-content-layout":"","ast-site-content-layout":"","site-content-style":"default","site-sidebar-style":"default","ast-global-header-display":"","ast-banner-title-visibility":"","ast-main-header-display":"","ast-hfb-above-header-display":"","ast-hfb-below-header-display":"","ast-hfb-mobile-header-display":"","site-post-title":"","ast-breadcrumbs-content":"","ast-featured-img":"","footer-sml-layout":"","theme-transparent-header-meta":"","adv-header-id-meta":"","stick-header-meta":"","header-above-stick-meta":"","header-main-stick-meta":"","header-below-stick-meta":"","astra-migrate-meta-layouts":"default","ast-page-background-enabled":"default","ast-page-background-meta":{"desktop":{"background-color":"var(--ast-global-color-4)","background-image":"","background-repeat":"repeat","background-position":"center center","background-size":"auto","background-attachment":"scroll","background-type":"","background-media":"","overlay-type":"","overlay-color":"","overlay-opacity":"","overlay-gradient":""},"tablet":{"background-color":"","background-image":"","background-repeat":"repeat","background-position":"center center","background-size":"auto","background-attachment":"scroll","background-type":"","background-media":"","overlay-type":"","overlay-color":"","overlay-opacity":"","overlay-gradient":""},"mobile":{"background-color":"","background-image":"","background-repeat":"repeat","background-position":"center center","background-size":"auto","background-attachment":"scroll","background-type":"","background-media":"","overlay-type":"","overlay-color":"","overlay-opacity":"","overlay-gradient":""}},"ast-content-background-meta":{"desktop":{"background-color":"var(--ast-global-color-5)","background-image":"","background-repeat":"repeat","background-position":"center center","background-size":"auto","background-attachment":"scroll","background-type":"","background-media":"","overlay-type":"","overlay-color":"","overlay-opacity":"","overlay-gradient":""},"tablet":{"background-color":"var(--ast-global-color-5)","background-image":"","background-repeat":"repeat","background-position":"center center","background-size":"auto","background-attachment":"scroll","background-type":"","background-media":"","overlay-type":"","overlay-color":"","overlay-opacity":"","overlay-gradient":""},"mobile":{"background-color":"var(--ast-global-color-5)","background-image":"","background-repeat":"repeat","background-position":"center center","background-size":"auto","background-attachment":"scroll","background-type":"","background-media":"","overlay-type":"","overlay-color":"","overlay-opacity":"","overlay-gradient":""}}},"product_brand":[],"product_cat":[310,312,313,314],"product_tag":[],"berocket_brand":[],"class_list":{"0":"post-12536","1":"product","2":"type-product","3":"status-publish","4":"has-post-thumbnail","6":"product_cat-attirisana","7":"product_cat-kombinetai-adai-attirisana","8":"product_cat-problematiskai-adai-attirisana","9":"product_cat-taukainai-adai-attirisana","10":"desktop-align-left","11":"tablet-align-left","12":"mobile-align-left","14":"first","15":"outofstock","16":"taxable","17":"shipping-taxable","18":"purchasable","19":"product-type-simple","20":"add-to-wishlist-before_image"},"yoast_head":"<!-- This site is optimized with the Yoast SEO plugin v27.4 - https:\/\/yoast.com\/product\/yoast-seo-wordpress\/ -->\n<title>Tocobo Coconut Clay Cleansing Foam 150ml - FACECORNER<\/title>\n<meta name=\"robots\" content=\"index, follow, max-snippet:-1, max-image-preview:large, max-video-preview:-1\" \/>\n<link rel=\"canonical\" href=\"https:\/\/www.facecorner.lv\/en\/shop\/tocobo-coconut-clay-cleansing-foam-150ml\/\" \/>\n<meta property=\"og:locale\" content=\"en_US\" \/>\n<meta property=\"og:type\" content=\"article\" \/>\n<meta property=\"og:title\" content=\"Tocobo Coconut Clay Cleansing Foam 150ml - FACECORNER\" \/>\n<meta property=\"og:description\" content=\"Tocobo Coconut Clay t\u012br\u012b\u0161anas putas ar m\u0101liem ies\u016bcas dzi\u013ci por\u0101s, efekt\u012bvi uzs\u016bc lieko sebumu, normaliz\u0113 tauku dziedzeru darb\u012bbu un samazina \u0101das taukain\u012bbu visas dienas garum\u0101. Tas labi pal\u012bdz c\u012b\u0146\u0101 pret pinn\u0113m, iz\u017e\u016bst iekaisuma vietas un stimul\u0113 to dz\u012b\u0161anu. Produkta pamat\u0101 ir m\u012bkstas augu virsmakt\u012bv\u0101s vielas, kas ieg\u016btas no kokosriekstu un ziepju koku lap\u0101m. Tie iedarbojas [&hellip;]\" \/>\n<meta property=\"og:url\" content=\"https:\/\/www.facecorner.lv\/en\/shop\/tocobo-coconut-clay-cleansing-foam-150ml\/\" \/>\n<meta property=\"og:site_name\" content=\"FACECORNER\" \/>\n<meta property=\"article:publisher\" content=\"https:\/\/www.facebook.com\/profile.php?id=100063824551839\" \/>\n<meta property=\"article:modified_time\" content=\"2024-03-07T12:51:04+00:00\" \/>\n<meta property=\"og:image\" content=\"https:\/\/www.facecorner.lv\/wp-content\/uploads\/2023\/10\/TOCOBOCoconutClayCleansingFoam150mltexture1_800x.webp\" \/>\n\t<meta property=\"og:image:width\" content=\"800\" \/>\n\t<meta property=\"og:image:height\" content=\"800\" \/>\n\t<meta property=\"og:image:type\" content=\"image\/webp\" \/>\n<meta name=\"twitter:card\" content=\"summary_large_image\" \/>\n<meta name=\"twitter:label1\" content=\"Price\" \/>\n\t<meta name=\"twitter:data1\" content=\"&euro;14.00\" \/>\n\t<meta name=\"twitter:label2\" content=\"Availability\" \/>\n\t<meta name=\"twitter:data2\" content=\"Out of stock\" \/>\n<script type=\"application\/ld+json\" class=\"yoast-schema-graph\">{\"@context\":\"https:\\\/\\\/schema.org\",\"@graph\":[{\"@type\":\"WebPage\",\"@id\":\"https:\\\/\\\/www.facecorner.lv\\\/ru\\\/shop\\\/tocobo-coconut-clay-cleansing-foam-150ml\\\/\",\"url\":\"https:\\\/\\\/www.facecorner.lv\\\/ru\\\/shop\\\/tocobo-coconut-clay-cleansing-foam-150ml\\\/\",\"name\":\"Tocobo Coconut Clay Cleansing Foam 150ml - FACECORNER\",\"isPartOf\":{\"@id\":\"https:\\\/\\\/www.facecorner.lv\\\/#website\"},\"primaryImageOfPage\":{\"@id\":\"https:\\\/\\\/www.facecorner.lv\\\/ru\\\/shop\\\/tocobo-coconut-clay-cleansing-foam-150ml\\\/#primaryimage\"},\"image\":{\"@id\":\"https:\\\/\\\/www.facecorner.lv\\\/ru\\\/shop\\\/tocobo-coconut-clay-cleansing-foam-150ml\\\/#primaryimage\"},\"thumbnailUrl\":\"https:\\\/\\\/www.facecorner.lv\\\/wp-content\\\/uploads\\\/2023\\\/10\\\/TOCOBOCoconutClayCleansingFoam150mltexture1_800x.webp\",\"datePublished\":\"2023-10-09T11:09:37+00:00\",\"dateModified\":\"2024-03-07T12:51:04+00:00\",\"breadcrumb\":{\"@id\":\"https:\\\/\\\/www.facecorner.lv\\\/ru\\\/shop\\\/tocobo-coconut-clay-cleansing-foam-150ml\\\/#breadcrumb\"},\"inLanguage\":\"en-US\",\"potentialAction\":[{\"@type\":\"ReadAction\",\"target\":[\"https:\\\/\\\/www.facecorner.lv\\\/ru\\\/shop\\\/tocobo-coconut-clay-cleansing-foam-150ml\\\/\"]}]},{\"@type\":\"ImageObject\",\"inLanguage\":\"en-US\",\"@id\":\"https:\\\/\\\/www.facecorner.lv\\\/ru\\\/shop\\\/tocobo-coconut-clay-cleansing-foam-150ml\\\/#primaryimage\",\"url\":\"https:\\\/\\\/www.facecorner.lv\\\/wp-content\\\/uploads\\\/2023\\\/10\\\/TOCOBOCoconutClayCleansingFoam150mltexture1_800x.webp\",\"contentUrl\":\"https:\\\/\\\/www.facecorner.lv\\\/wp-content\\\/uploads\\\/2023\\\/10\\\/TOCOBOCoconutClayCleansingFoam150mltexture1_800x.webp\",\"width\":800,\"height\":800},{\"@type\":\"BreadcrumbList\",\"@id\":\"https:\\\/\\\/www.facecorner.lv\\\/ru\\\/shop\\\/tocobo-coconut-clay-cleansing-foam-150ml\\\/#breadcrumb\",\"itemListElement\":[{\"@type\":\"ListItem\",\"position\":1,\"name\":\"Home\",\"item\":\"https:\\\/\\\/www.facecorner.lv\\\/\"},{\"@type\":\"ListItem\",\"position\":2,\"name\":\"Veikals\",\"item\":\"https:\\\/\\\/www.facecorner.lv\\\/shop\\\/\"},{\"@type\":\"ListItem\",\"position\":3,\"name\":\"Tocobo Coconut Clay Cleansing Foam 150ml\"}]},{\"@type\":\"WebSite\",\"@id\":\"https:\\\/\\\/www.facecorner.lv\\\/#website\",\"url\":\"https:\\\/\\\/www.facecorner.lv\\\/\",\"name\":\"Facecorner\",\"description\":\"\",\"publisher\":{\"@id\":\"https:\\\/\\\/www.facecorner.lv\\\/#organization\"},\"potentialAction\":[{\"@type\":\"SearchAction\",\"target\":{\"@type\":\"EntryPoint\",\"urlTemplate\":\"https:\\\/\\\/www.facecorner.lv\\\/?s={search_term_string}\"},\"query-input\":{\"@type\":\"PropertyValueSpecification\",\"valueRequired\":true,\"valueName\":\"search_term_string\"}}],\"inLanguage\":\"en-US\"},{\"@type\":\"Organization\",\"@id\":\"https:\\\/\\\/www.facecorner.lv\\\/#organization\",\"name\":\"Facecorner\",\"url\":\"https:\\\/\\\/www.facecorner.lv\\\/\",\"logo\":{\"@type\":\"ImageObject\",\"inLanguage\":\"en-US\",\"@id\":\"https:\\\/\\\/www.facecorner.lv\\\/#\\\/schema\\\/logo\\\/image\\\/\",\"url\":\"https:\\\/\\\/www.facecorner.lv\\\/wp-content\\\/uploads\\\/2024\\\/04\\\/fc-logo.jpg\",\"contentUrl\":\"https:\\\/\\\/www.facecorner.lv\\\/wp-content\\\/uploads\\\/2024\\\/04\\\/fc-logo.jpg\",\"width\":174,\"height\":28,\"caption\":\"Facecorner\"},\"image\":{\"@id\":\"https:\\\/\\\/www.facecorner.lv\\\/#\\\/schema\\\/logo\\\/image\\\/\"},\"sameAs\":[\"https:\\\/\\\/www.facebook.com\\\/profile.php?id=100063824551839\",\"https:\\\/\\\/www.instagram.com\\\/facecorner_shop\\\/\"]}]}<\/script>\n<meta property=\"product:price:amount\" content=\"14.00\" \/>\n<meta property=\"product:price:currency\" content=\"EUR\" \/>\n<meta property=\"og:availability\" content=\"out of stock\" \/>\n<meta property=\"product:availability\" content=\"out of stock\" \/>\n<meta property=\"product:condition\" content=\"new\" \/>\n<!-- \/ Yoast SEO plugin. -->","yoast_head_json":{"title":"Tocobo Coconut Clay Cleansing Foam 150ml - FACECORNER","robots":{"index":"index","follow":"follow","max-snippet":"max-snippet:-1","max-image-preview":"max-image-preview:large","max-video-preview":"max-video-preview:-1"},"canonical":"https:\/\/www.facecorner.lv\/en\/shop\/tocobo-coconut-clay-cleansing-foam-150ml\/","og_locale":"en_US","og_type":"article","og_title":"Tocobo Coconut Clay Cleansing Foam 150ml - FACECORNER","og_description":"Tocobo Coconut Clay t\u012br\u012b\u0161anas putas ar m\u0101liem ies\u016bcas dzi\u013ci por\u0101s, efekt\u012bvi uzs\u016bc lieko sebumu, normaliz\u0113 tauku dziedzeru darb\u012bbu un samazina \u0101das taukain\u012bbu visas dienas garum\u0101. Tas labi pal\u012bdz c\u012b\u0146\u0101 pret pinn\u0113m, iz\u017e\u016bst iekaisuma vietas un stimul\u0113 to dz\u012b\u0161anu. Produkta pamat\u0101 ir m\u012bkstas augu virsmakt\u012bv\u0101s vielas, kas ieg\u016btas no kokosriekstu un ziepju koku lap\u0101m. Tie iedarbojas [&hellip;]","og_url":"https:\/\/www.facecorner.lv\/en\/shop\/tocobo-coconut-clay-cleansing-foam-150ml\/","og_site_name":"FACECORNER","article_publisher":"https:\/\/www.facebook.com\/profile.php?id=100063824551839","article_modified_time":"2024-03-07T12:51:04+00:00","og_image":[{"width":800,"height":800,"url":"https:\/\/www.facecorner.lv\/wp-content\/uploads\/2023\/10\/TOCOBOCoconutClayCleansingFoam150mltexture1_800x.webp","type":"image\/webp"}],"twitter_card":"summary_large_image","twitter_misc":{"Price":"&euro;14.00","Availability":"Out of stock"},"schema":{"@context":"https:\/\/schema.org","@graph":[{"@type":"WebPage","@id":"https:\/\/www.facecorner.lv\/ru\/shop\/tocobo-coconut-clay-cleansing-foam-150ml\/","url":"https:\/\/www.facecorner.lv\/ru\/shop\/tocobo-coconut-clay-cleansing-foam-150ml\/","name":"Tocobo Coconut Clay Cleansing Foam 150ml - FACECORNER","isPartOf":{"@id":"https:\/\/www.facecorner.lv\/#website"},"primaryImageOfPage":{"@id":"https:\/\/www.facecorner.lv\/ru\/shop\/tocobo-coconut-clay-cleansing-foam-150ml\/#primaryimage"},"image":{"@id":"https:\/\/www.facecorner.lv\/ru\/shop\/tocobo-coconut-clay-cleansing-foam-150ml\/#primaryimage"},"thumbnailUrl":"https:\/\/www.facecorner.lv\/wp-content\/uploads\/2023\/10\/TOCOBOCoconutClayCleansingFoam150mltexture1_800x.webp","datePublished":"2023-10-09T11:09:37+00:00","dateModified":"2024-03-07T12:51:04+00:00","breadcrumb":{"@id":"https:\/\/www.facecorner.lv\/ru\/shop\/tocobo-coconut-clay-cleansing-foam-150ml\/#breadcrumb"},"inLanguage":"en-US","potentialAction":[{"@type":"ReadAction","target":["https:\/\/www.facecorner.lv\/ru\/shop\/tocobo-coconut-clay-cleansing-foam-150ml\/"]}]},{"@type":"ImageObject","inLanguage":"en-US","@id":"https:\/\/www.facecorner.lv\/ru\/shop\/tocobo-coconut-clay-cleansing-foam-150ml\/#primaryimage","url":"https:\/\/www.facecorner.lv\/wp-content\/uploads\/2023\/10\/TOCOBOCoconutClayCleansingFoam150mltexture1_800x.webp","contentUrl":"https:\/\/www.facecorner.lv\/wp-content\/uploads\/2023\/10\/TOCOBOCoconutClayCleansingFoam150mltexture1_800x.webp","width":800,"height":800},{"@type":"BreadcrumbList","@id":"https:\/\/www.facecorner.lv\/ru\/shop\/tocobo-coconut-clay-cleansing-foam-150ml\/#breadcrumb","itemListElement":[{"@type":"ListItem","position":1,"name":"Home","item":"https:\/\/www.facecorner.lv\/"},{"@type":"ListItem","position":2,"name":"Veikals","item":"https:\/\/www.facecorner.lv\/shop\/"},{"@type":"ListItem","position":3,"name":"Tocobo Coconut Clay Cleansing Foam 150ml"}]},{"@type":"WebSite","@id":"https:\/\/www.facecorner.lv\/#website","url":"https:\/\/www.facecorner.lv\/","name":"Facecorner","description":"","publisher":{"@id":"https:\/\/www.facecorner.lv\/#organization"},"potentialAction":[{"@type":"SearchAction","target":{"@type":"EntryPoint","urlTemplate":"https:\/\/www.facecorner.lv\/?s={search_term_string}"},"query-input":{"@type":"PropertyValueSpecification","valueRequired":true,"valueName":"search_term_string"}}],"inLanguage":"en-US"},{"@type":"Organization","@id":"https:\/\/www.facecorner.lv\/#organization","name":"Facecorner","url":"https:\/\/www.facecorner.lv\/","logo":{"@type":"ImageObject","inLanguage":"en-US","@id":"https:\/\/www.facecorner.lv\/#\/schema\/logo\/image\/","url":"https:\/\/www.facecorner.lv\/wp-content\/uploads\/2024\/04\/fc-logo.jpg","contentUrl":"https:\/\/www.facecorner.lv\/wp-content\/uploads\/2024\/04\/fc-logo.jpg","width":174,"height":28,"caption":"Facecorner"},"image":{"@id":"https:\/\/www.facecorner.lv\/#\/schema\/logo\/image\/"},"sameAs":["https:\/\/www.facebook.com\/profile.php?id=100063824551839","https:\/\/www.instagram.com\/facecorner_shop\/"]}]},"product_price_amount":"14.00","product_price_currency":"EUR","og_availability":"out of stock","product_availability":"out of stock","product_condition":"new"},"_links":{"self":[{"href":"https:\/\/www.facecorner.lv\/en\/wp-json\/wp\/v2\/product\/12536","targetHints":{"allow":["GET"]}}],"collection":[{"href":"https:\/\/www.facecorner.lv\/en\/wp-json\/wp\/v2\/product"}],"about":[{"href":"https:\/\/www.facecorner.lv\/en\/wp-json\/wp\/v2\/types\/product"}],"replies":[{"embeddable":true,"href":"https:\/\/www.facecorner.lv\/en\/wp-json\/wp\/v2\/comments?post=12536"}],"wp:featuredmedia":[{"embeddable":true,"href":"https:\/\/www.facecorner.lv\/en\/wp-json\/wp\/v2\/media\/12538"}],"wp:attachment":[{"href":"https:\/\/www.facecorner.lv\/en\/wp-json\/wp\/v2\/media?parent=12536"}],"wp:term":[{"taxonomy":"product_brand","embeddable":true,"href":"https:\/\/www.facecorner.lv\/en\/wp-json\/wp\/v2\/product_brand?post=12536"},{"taxonomy":"product_cat","embeddable":true,"href":"https:\/\/www.facecorner.lv\/en\/wp-json\/wp\/v2\/product_cat?post=12536"},{"taxonomy":"product_tag","embeddable":true,"href":"https:\/\/www.facecorner.lv\/en\/wp-json\/wp\/v2\/product_tag?post=12536"},{"taxonomy":"berocket_brand","embeddable":true,"href":"https:\/\/www.facecorner.lv\/en\/wp-json\/wp\/v2\/berocket_brand?post=12536"}],"curies":[{"name":"wp","href":"https:\/\/api.w.org\/{rel}","templated":true}]}}