{"id":12317,"date":"2023-09-21T15:04:11","date_gmt":"2023-09-21T13:04:11","guid":{"rendered":"https:\/\/www.facecorner.lv\/?post_type=product&#038;p=12317"},"modified":"2024-02-19T13:21:40","modified_gmt":"2024-02-19T11:21:40","slug":"some-by-mi-beta-panthenol-repair-cream-50ml","status":"publish","type":"product","link":"https:\/\/www.facecorner.lv\/en\/shop\/some-by-mi-beta-panthenol-repair-cream-50ml\/","title":{"rendered":"Some By Mi Beta Panthenol Repair Cream 50ml"},"content":{"rendered":"<p>Some By Mi Beta Panthenol Repair Cream ar beta pantenolu un probiotik\u0101m ir izteikti stiprino\u0161a iedarb\u012bba, sabiez\u0113 pl\u0101no \u0101du, paaugstinot tvirtumu un elast\u012bbu. Lieliski baro, mitrina, mazina sausumu un pal\u012bdz uztur\u0113t optim\u0101lu mitruma l\u012bmeni \u0161\u016bn\u0101s.<\/p>\n<p>Aktiviz\u0113 kolag\u0113na un elast\u012bna \u0161\u0137iedru sint\u0113zi epiderm\u0101, savelk un pal\u012bdz izl\u012bdzin\u0101t \u0101das krokas un krunci\u0146as, ko izraisa sausa \u0101da. Tam ir ilgsto\u0161a mitrino\u0161a iedarb\u012bba un tam piem\u012bt antioksidanta \u012bpa\u0161\u012bbas. Nomierina kairin\u0101jumu un niezi.<\/p>\n<p>Kr\u0113mam ir bag\u0101t\u012bga, barojo\u0161a tekst\u016bra.<\/p>\n<p><strong>Produkta galven\u0101s sast\u0101vda\u013cas:<\/strong><\/p>\n<ul>\n<li>D-pantenolam ir izteikta nomierino\u0161a iedarb\u012bba (24 reizes liel\u0101ka nek\u0101 parastajam pantenolam), normaliz\u0113 lipo\u0123en\u0113zes procesu, kas \u013cauj uztur\u0113t nepiecie\u0161amo mitruma l\u012bmeni \u0161\u016bn\u0101s un pasarg\u0101 no dehidrat\u0101cijas.<\/li>\n<li>Probiotikas komplekss uztur norm\u0101lu mikrofloru, k\u0101 ar\u012b pal\u012bdz izgaismot pigment\u0101ciju un izl\u012bdzin\u0101t tonusu. Mitrina, nov\u0113r\u0161 aps\u0101rtumu, regul\u0113 melan\u012bna veido\u0161anos epiderm\u0101, maigi noloba raga sl\u0101ni un pa\u0101trina re\u0123ener\u0101cijas procesus.<\/li>\n<\/ul>\n<p>Piem\u0113rots sausai, norm\u0101lai un jut\u012bgai \u0101dai.<\/p>\n<p><strong>How to use:<\/strong> Uzkl\u0101jiet nepiecie\u0161amo kr\u0113ma daudzumu k\u0101 p\u0113d\u0113jo kop\u0161anas soli.<\/p>\n<p><strong>Ingredientes: \u00a0<\/strong>Purified Water, Panthenol (50,000 ppm), Dipropylene Glycol, Propanediol, Methyl Propanediol, Betaine, Octyldodecanol, 1,2-Hexanediol, Candida Bombicola\/Glucose\/Methyl Rapsidate Fermented Product, Palmitic Acid, Hydroxyethyl Acrylate\/Sodium Acryloyldimethyltaurate Copolymer, Glycerin, Stearic Acid, Beta-Sitosterol (5,000ppm), Squalane, Vinyl Dimethicone, Ammonium Acryloyl Dimethicone Methyl Taurate\/VP Copolymer, Jojoba Ester, Glyceryl Stearate, Stearyl Alcohol, Cetyl Alcohol, Polymethylsilsesquioxane, Phytosterol, Sunflower Seed Wax, Sodium Stearoyl Glutamate, Ethylhexylglycerin, Helianthus Annuus (Sunflower) Seed Oil, Hydroxyethyl Cellulose, Xanthan Gum, Dipotassium Glycyrrhizate, Hydrogenated Lecithin, Sorbitan Isostearate, Sorbitan Olivate, Adenosine, Cetearyl Olivate, Citric Acid, Musa Sapientum (Banana) Fruit Extract, Damask Rose Flower Water, Sodium Phytate, Pyrus Communis Fruit Extract, Biosaccharide Gum-1, Prunus Domestica Extract, Cucumis Melo (Melon) Fruit Extract, Safflower Seed Oil, Butyrospermum Parkii Butter, Polyglycerin-3, Butylene Glycol, Hedera Helix Leaf\/Stem Extract, Disodium Phosphate, Sodium Phosphate, Tocopherol, Lactococcus Fermentation Lysate, Bifida Fermentation Lysate, Acetyl Hexapeptide-8, Lactobacillus Fermentation Lysate, Copper Tripeptide-1, Palmitoyl Tripeptide-5, Palmitoyl Tripeptide-1, Palmitoylpentapeptide-4, Nonapeptide-1, Carnosine, Acetyltetrapeptide-9, Acetyltetrapeptide-5, Acetyltetrapeptide-2, Acetyl Octapeptide-3, Acetyltetrapeptide-3.<\/p>","protected":false},"excerpt":{"rendered":"<p>Some By Mi Beta Panthenol Repair Cream ar beta pantenolu un probiotik\u0101m ir izteikti stiprino\u0161a iedarb\u012bba, sabiez\u0113 pl\u0101no \u0101du, paaugstinot tvirtumu un elast\u012bbu. Lieliski baro, mitrina, mazina sausumu un pal\u012bdz uztur\u0113t optim\u0101lu mitruma l\u012bmeni \u0161\u016bn\u0101s. Aktiviz\u0113 kolag\u0113na un elast\u012bna \u0161\u0137iedru sint\u0113zi epiderm\u0101, savelk un pal\u012bdz izl\u012bdzin\u0101t \u0101das krokas un krunci\u0146as, ko izraisa sausa \u0101da. Tam [&hellip;]<\/p>\n","protected":false},"featured_media":12318,"comment_status":"open","ping_status":"closed","template":"","meta":{"site-sidebar-layout":"default","site-content-layout":"","ast-site-content-layout":"","site-content-style":"default","site-sidebar-style":"default","ast-global-header-display":"","ast-banner-title-visibility":"","ast-main-header-display":"","ast-hfb-above-header-display":"","ast-hfb-below-header-display":"","ast-hfb-mobile-header-display":"","site-post-title":"","ast-breadcrumbs-content":"","ast-featured-img":"","footer-sml-layout":"","theme-transparent-header-meta":"","adv-header-id-meta":"","stick-header-meta":"","header-above-stick-meta":"","header-main-stick-meta":"","header-below-stick-meta":"","astra-migrate-meta-layouts":"default","ast-page-background-enabled":"default","ast-page-background-meta":{"desktop":{"background-color":"var(--ast-global-color-4)","background-image":"","background-repeat":"repeat","background-position":"center center","background-size":"auto","background-attachment":"scroll","background-type":"","background-media":"","overlay-type":"","overlay-color":"","overlay-opacity":"","overlay-gradient":""},"tablet":{"background-color":"","background-image":"","background-repeat":"repeat","background-position":"center center","background-size":"auto","background-attachment":"scroll","background-type":"","background-media":"","overlay-type":"","overlay-color":"","overlay-opacity":"","overlay-gradient":""},"mobile":{"background-color":"","background-image":"","background-repeat":"repeat","background-position":"center center","background-size":"auto","background-attachment":"scroll","background-type":"","background-media":"","overlay-type":"","overlay-color":"","overlay-opacity":"","overlay-gradient":""}},"ast-content-background-meta":{"desktop":{"background-color":"var(--ast-global-color-5)","background-image":"","background-repeat":"repeat","background-position":"center center","background-size":"auto","background-attachment":"scroll","background-type":"","background-media":"","overlay-type":"","overlay-color":"","overlay-opacity":"","overlay-gradient":""},"tablet":{"background-color":"var(--ast-global-color-5)","background-image":"","background-repeat":"repeat","background-position":"center center","background-size":"auto","background-attachment":"scroll","background-type":"","background-media":"","overlay-type":"","overlay-color":"","overlay-opacity":"","overlay-gradient":""},"mobile":{"background-color":"var(--ast-global-color-5)","background-image":"","background-repeat":"repeat","background-position":"center center","background-size":"auto","background-attachment":"scroll","background-type":"","background-media":"","overlay-type":"","overlay-color":"","overlay-opacity":"","overlay-gradient":""}}},"product_brand":[],"product_cat":[365,366,367,362],"product_tag":[],"berocket_brand":[],"class_list":{"0":"post-12317","1":"product","2":"type-product","3":"status-publish","4":"has-post-thumbnail","6":"product_cat-barojoss","7":"product_cat-mitrinoss","8":"product_cat-nomierinoss","9":"product_cat-sejas-krems","10":"desktop-align-left","11":"tablet-align-left","12":"mobile-align-left","14":"first","15":"outofstock","16":"taxable","17":"shipping-taxable","18":"purchasable","19":"product-type-simple","20":"add-to-wishlist-before_image"},"yoast_head":"<!-- This site is optimized with the Yoast SEO plugin v27.4 - https:\/\/yoast.com\/product\/yoast-seo-wordpress\/ -->\n<title>Some By Mi Beta Panthenol Repair Cream 50ml - FACECORNER<\/title>\n<meta name=\"robots\" content=\"index, follow, max-snippet:-1, max-image-preview:large, max-video-preview:-1\" \/>\n<link rel=\"canonical\" href=\"https:\/\/www.facecorner.lv\/en\/shop\/some-by-mi-beta-panthenol-repair-cream-50ml\/\" \/>\n<meta property=\"og:locale\" content=\"en_US\" \/>\n<meta property=\"og:type\" content=\"article\" \/>\n<meta property=\"og:title\" content=\"Some By Mi Beta Panthenol Repair Cream 50ml - FACECORNER\" \/>\n<meta property=\"og:description\" content=\"Some By Mi Beta Panthenol Repair Cream ar beta pantenolu un probiotik\u0101m ir izteikti stiprino\u0161a iedarb\u012bba, sabiez\u0113 pl\u0101no \u0101du, paaugstinot tvirtumu un elast\u012bbu. Lieliski baro, mitrina, mazina sausumu un pal\u012bdz uztur\u0113t optim\u0101lu mitruma l\u012bmeni \u0161\u016bn\u0101s. Aktiviz\u0113 kolag\u0113na un elast\u012bna \u0161\u0137iedru sint\u0113zi epiderm\u0101, savelk un pal\u012bdz izl\u012bdzin\u0101t \u0101das krokas un krunci\u0146as, ko izraisa sausa \u0101da. Tam [&hellip;]\" \/>\n<meta property=\"og:url\" content=\"https:\/\/www.facecorner.lv\/en\/shop\/some-by-mi-beta-panthenol-repair-cream-50ml\/\" \/>\n<meta property=\"og:site_name\" content=\"FACECORNER\" \/>\n<meta property=\"article:publisher\" content=\"https:\/\/www.facebook.com\/profile.php?id=100063824551839\" \/>\n<meta property=\"article:modified_time\" content=\"2024-02-19T11:21:40+00:00\" \/>\n<meta property=\"og:image\" content=\"https:\/\/www.facecorner.lv\/wp-content\/uploads\/2023\/09\/AX6H1987w.webp\" \/>\n\t<meta property=\"og:image:width\" content=\"1000\" \/>\n\t<meta property=\"og:image:height\" content=\"1000\" \/>\n\t<meta property=\"og:image:type\" content=\"image\/webp\" \/>\n<meta name=\"twitter:card\" content=\"summary_large_image\" \/>\n<meta name=\"twitter:label1\" content=\"Price\" \/>\n\t<meta name=\"twitter:data1\" content=\"&euro;20.50\" \/>\n\t<meta name=\"twitter:label2\" content=\"Availability\" \/>\n\t<meta name=\"twitter:data2\" content=\"Out of stock\" \/>\n<script type=\"application\/ld+json\" class=\"yoast-schema-graph\">{\"@context\":\"https:\\\/\\\/schema.org\",\"@graph\":[{\"@type\":\"WebPage\",\"@id\":\"https:\\\/\\\/www.facecorner.lv\\\/en\\\/shop\\\/some-by-mi-beta-panthenol-repair-cream-50ml\\\/\",\"url\":\"https:\\\/\\\/www.facecorner.lv\\\/en\\\/shop\\\/some-by-mi-beta-panthenol-repair-cream-50ml\\\/\",\"name\":\"Some By Mi Beta Panthenol Repair Cream 50ml - FACECORNER\",\"isPartOf\":{\"@id\":\"https:\\\/\\\/www.facecorner.lv\\\/#website\"},\"primaryImageOfPage\":{\"@id\":\"https:\\\/\\\/www.facecorner.lv\\\/en\\\/shop\\\/some-by-mi-beta-panthenol-repair-cream-50ml\\\/#primaryimage\"},\"image\":{\"@id\":\"https:\\\/\\\/www.facecorner.lv\\\/en\\\/shop\\\/some-by-mi-beta-panthenol-repair-cream-50ml\\\/#primaryimage\"},\"thumbnailUrl\":\"https:\\\/\\\/www.facecorner.lv\\\/wp-content\\\/uploads\\\/2023\\\/09\\\/AX6H1987w.webp\",\"datePublished\":\"2023-09-21T13:04:11+00:00\",\"dateModified\":\"2024-02-19T11:21:40+00:00\",\"breadcrumb\":{\"@id\":\"https:\\\/\\\/www.facecorner.lv\\\/en\\\/shop\\\/some-by-mi-beta-panthenol-repair-cream-50ml\\\/#breadcrumb\"},\"inLanguage\":\"en-US\",\"potentialAction\":[{\"@type\":\"ReadAction\",\"target\":[\"https:\\\/\\\/www.facecorner.lv\\\/en\\\/shop\\\/some-by-mi-beta-panthenol-repair-cream-50ml\\\/\"]}]},{\"@type\":\"ImageObject\",\"inLanguage\":\"en-US\",\"@id\":\"https:\\\/\\\/www.facecorner.lv\\\/en\\\/shop\\\/some-by-mi-beta-panthenol-repair-cream-50ml\\\/#primaryimage\",\"url\":\"https:\\\/\\\/www.facecorner.lv\\\/wp-content\\\/uploads\\\/2023\\\/09\\\/AX6H1987w.webp\",\"contentUrl\":\"https:\\\/\\\/www.facecorner.lv\\\/wp-content\\\/uploads\\\/2023\\\/09\\\/AX6H1987w.webp\",\"width\":1000,\"height\":1000},{\"@type\":\"BreadcrumbList\",\"@id\":\"https:\\\/\\\/www.facecorner.lv\\\/en\\\/shop\\\/some-by-mi-beta-panthenol-repair-cream-50ml\\\/#breadcrumb\",\"itemListElement\":[{\"@type\":\"ListItem\",\"position\":1,\"name\":\"Home\",\"item\":\"https:\\\/\\\/www.facecorner.lv\\\/\"},{\"@type\":\"ListItem\",\"position\":2,\"name\":\"Veikals\",\"item\":\"https:\\\/\\\/www.facecorner.lv\\\/shop\\\/\"},{\"@type\":\"ListItem\",\"position\":3,\"name\":\"Some By Mi Beta Panthenol Repair Cream 50ml\"}]},{\"@type\":\"WebSite\",\"@id\":\"https:\\\/\\\/www.facecorner.lv\\\/#website\",\"url\":\"https:\\\/\\\/www.facecorner.lv\\\/\",\"name\":\"Facecorner\",\"description\":\"\",\"publisher\":{\"@id\":\"https:\\\/\\\/www.facecorner.lv\\\/#organization\"},\"potentialAction\":[{\"@type\":\"SearchAction\",\"target\":{\"@type\":\"EntryPoint\",\"urlTemplate\":\"https:\\\/\\\/www.facecorner.lv\\\/?s={search_term_string}\"},\"query-input\":{\"@type\":\"PropertyValueSpecification\",\"valueRequired\":true,\"valueName\":\"search_term_string\"}}],\"inLanguage\":\"en-US\"},{\"@type\":\"Organization\",\"@id\":\"https:\\\/\\\/www.facecorner.lv\\\/#organization\",\"name\":\"Facecorner\",\"url\":\"https:\\\/\\\/www.facecorner.lv\\\/\",\"logo\":{\"@type\":\"ImageObject\",\"inLanguage\":\"en-US\",\"@id\":\"https:\\\/\\\/www.facecorner.lv\\\/#\\\/schema\\\/logo\\\/image\\\/\",\"url\":\"https:\\\/\\\/www.facecorner.lv\\\/wp-content\\\/uploads\\\/2024\\\/04\\\/fc-logo.jpg\",\"contentUrl\":\"https:\\\/\\\/www.facecorner.lv\\\/wp-content\\\/uploads\\\/2024\\\/04\\\/fc-logo.jpg\",\"width\":174,\"height\":28,\"caption\":\"Facecorner\"},\"image\":{\"@id\":\"https:\\\/\\\/www.facecorner.lv\\\/#\\\/schema\\\/logo\\\/image\\\/\"},\"sameAs\":[\"https:\\\/\\\/www.facebook.com\\\/profile.php?id=100063824551839\",\"https:\\\/\\\/www.instagram.com\\\/facecorner_shop\\\/\"]}]}<\/script>\n<meta property=\"product:price:amount\" content=\"20.50\" \/>\n<meta property=\"product:price:currency\" content=\"EUR\" \/>\n<meta property=\"og:availability\" content=\"out of stock\" \/>\n<meta property=\"product:availability\" content=\"out of stock\" \/>\n<meta property=\"product:condition\" content=\"new\" \/>\n<!-- \/ Yoast SEO plugin. -->","yoast_head_json":{"title":"Some By Mi Beta Panthenol Repair Cream 50ml - FACECORNER","robots":{"index":"index","follow":"follow","max-snippet":"max-snippet:-1","max-image-preview":"max-image-preview:large","max-video-preview":"max-video-preview:-1"},"canonical":"https:\/\/www.facecorner.lv\/en\/shop\/some-by-mi-beta-panthenol-repair-cream-50ml\/","og_locale":"en_US","og_type":"article","og_title":"Some By Mi Beta Panthenol Repair Cream 50ml - FACECORNER","og_description":"Some By Mi Beta Panthenol Repair Cream ar beta pantenolu un probiotik\u0101m ir izteikti stiprino\u0161a iedarb\u012bba, sabiez\u0113 pl\u0101no \u0101du, paaugstinot tvirtumu un elast\u012bbu. Lieliski baro, mitrina, mazina sausumu un pal\u012bdz uztur\u0113t optim\u0101lu mitruma l\u012bmeni \u0161\u016bn\u0101s. Aktiviz\u0113 kolag\u0113na un elast\u012bna \u0161\u0137iedru sint\u0113zi epiderm\u0101, savelk un pal\u012bdz izl\u012bdzin\u0101t \u0101das krokas un krunci\u0146as, ko izraisa sausa \u0101da. Tam [&hellip;]","og_url":"https:\/\/www.facecorner.lv\/en\/shop\/some-by-mi-beta-panthenol-repair-cream-50ml\/","og_site_name":"FACECORNER","article_publisher":"https:\/\/www.facebook.com\/profile.php?id=100063824551839","article_modified_time":"2024-02-19T11:21:40+00:00","og_image":[{"width":1000,"height":1000,"url":"https:\/\/www.facecorner.lv\/wp-content\/uploads\/2023\/09\/AX6H1987w.webp","type":"image\/webp"}],"twitter_card":"summary_large_image","twitter_misc":{"Price":"&euro;20.50","Availability":"Out of stock"},"schema":{"@context":"https:\/\/schema.org","@graph":[{"@type":"WebPage","@id":"https:\/\/www.facecorner.lv\/en\/shop\/some-by-mi-beta-panthenol-repair-cream-50ml\/","url":"https:\/\/www.facecorner.lv\/en\/shop\/some-by-mi-beta-panthenol-repair-cream-50ml\/","name":"Some By Mi Beta Panthenol Repair Cream 50ml - FACECORNER","isPartOf":{"@id":"https:\/\/www.facecorner.lv\/#website"},"primaryImageOfPage":{"@id":"https:\/\/www.facecorner.lv\/en\/shop\/some-by-mi-beta-panthenol-repair-cream-50ml\/#primaryimage"},"image":{"@id":"https:\/\/www.facecorner.lv\/en\/shop\/some-by-mi-beta-panthenol-repair-cream-50ml\/#primaryimage"},"thumbnailUrl":"https:\/\/www.facecorner.lv\/wp-content\/uploads\/2023\/09\/AX6H1987w.webp","datePublished":"2023-09-21T13:04:11+00:00","dateModified":"2024-02-19T11:21:40+00:00","breadcrumb":{"@id":"https:\/\/www.facecorner.lv\/en\/shop\/some-by-mi-beta-panthenol-repair-cream-50ml\/#breadcrumb"},"inLanguage":"en-US","potentialAction":[{"@type":"ReadAction","target":["https:\/\/www.facecorner.lv\/en\/shop\/some-by-mi-beta-panthenol-repair-cream-50ml\/"]}]},{"@type":"ImageObject","inLanguage":"en-US","@id":"https:\/\/www.facecorner.lv\/en\/shop\/some-by-mi-beta-panthenol-repair-cream-50ml\/#primaryimage","url":"https:\/\/www.facecorner.lv\/wp-content\/uploads\/2023\/09\/AX6H1987w.webp","contentUrl":"https:\/\/www.facecorner.lv\/wp-content\/uploads\/2023\/09\/AX6H1987w.webp","width":1000,"height":1000},{"@type":"BreadcrumbList","@id":"https:\/\/www.facecorner.lv\/en\/shop\/some-by-mi-beta-panthenol-repair-cream-50ml\/#breadcrumb","itemListElement":[{"@type":"ListItem","position":1,"name":"Home","item":"https:\/\/www.facecorner.lv\/"},{"@type":"ListItem","position":2,"name":"Veikals","item":"https:\/\/www.facecorner.lv\/shop\/"},{"@type":"ListItem","position":3,"name":"Some By Mi Beta Panthenol Repair Cream 50ml"}]},{"@type":"WebSite","@id":"https:\/\/www.facecorner.lv\/#website","url":"https:\/\/www.facecorner.lv\/","name":"Facecorner","description":"","publisher":{"@id":"https:\/\/www.facecorner.lv\/#organization"},"potentialAction":[{"@type":"SearchAction","target":{"@type":"EntryPoint","urlTemplate":"https:\/\/www.facecorner.lv\/?s={search_term_string}"},"query-input":{"@type":"PropertyValueSpecification","valueRequired":true,"valueName":"search_term_string"}}],"inLanguage":"en-US"},{"@type":"Organization","@id":"https:\/\/www.facecorner.lv\/#organization","name":"Facecorner","url":"https:\/\/www.facecorner.lv\/","logo":{"@type":"ImageObject","inLanguage":"en-US","@id":"https:\/\/www.facecorner.lv\/#\/schema\/logo\/image\/","url":"https:\/\/www.facecorner.lv\/wp-content\/uploads\/2024\/04\/fc-logo.jpg","contentUrl":"https:\/\/www.facecorner.lv\/wp-content\/uploads\/2024\/04\/fc-logo.jpg","width":174,"height":28,"caption":"Facecorner"},"image":{"@id":"https:\/\/www.facecorner.lv\/#\/schema\/logo\/image\/"},"sameAs":["https:\/\/www.facebook.com\/profile.php?id=100063824551839","https:\/\/www.instagram.com\/facecorner_shop\/"]}]},"product_price_amount":"20.50","product_price_currency":"EUR","og_availability":"out of stock","product_availability":"out of stock","product_condition":"new"},"_links":{"self":[{"href":"https:\/\/www.facecorner.lv\/en\/wp-json\/wp\/v2\/product\/12317","targetHints":{"allow":["GET"]}}],"collection":[{"href":"https:\/\/www.facecorner.lv\/en\/wp-json\/wp\/v2\/product"}],"about":[{"href":"https:\/\/www.facecorner.lv\/en\/wp-json\/wp\/v2\/types\/product"}],"replies":[{"embeddable":true,"href":"https:\/\/www.facecorner.lv\/en\/wp-json\/wp\/v2\/comments?post=12317"}],"wp:featuredmedia":[{"embeddable":true,"href":"https:\/\/www.facecorner.lv\/en\/wp-json\/wp\/v2\/media\/12318"}],"wp:attachment":[{"href":"https:\/\/www.facecorner.lv\/en\/wp-json\/wp\/v2\/media?parent=12317"}],"wp:term":[{"taxonomy":"product_brand","embeddable":true,"href":"https:\/\/www.facecorner.lv\/en\/wp-json\/wp\/v2\/product_brand?post=12317"},{"taxonomy":"product_cat","embeddable":true,"href":"https:\/\/www.facecorner.lv\/en\/wp-json\/wp\/v2\/product_cat?post=12317"},{"taxonomy":"product_tag","embeddable":true,"href":"https:\/\/www.facecorner.lv\/en\/wp-json\/wp\/v2\/product_tag?post=12317"},{"taxonomy":"berocket_brand","embeddable":true,"href":"https:\/\/www.facecorner.lv\/en\/wp-json\/wp\/v2\/berocket_brand?post=12317"}],"curies":[{"name":"wp","href":"https:\/\/api.w.org\/{rel}","templated":true}]}}