{"id":12149,"date":"2023-08-29T11:53:26","date_gmt":"2023-08-29T09:53:26","guid":{"rendered":"https:\/\/www.facecorner.lv\/?post_type=product&#038;p=12149"},"modified":"2024-11-30T12:30:09","modified_gmt":"2024-11-30T09:30:09","slug":"beauty-of-joseon-revive-eye-serum-ginsengretinal-30ml","status":"publish","type":"product","link":"https:\/\/www.facecorner.lv\/en\/shop\/beauty-of-joseon-revive-eye-serum-ginsengretinal-30ml\/","title":{"rendered":"Beauty of Joseon Revive Eye Serum: Ginseng+Retinal 30ml"},"content":{"rendered":"<p>Liposomu atjaunojo\u0161s acu serums Beauty of Joseon Revive Eye Serum: Ginseng + Retinal piem\u012bt izteikta atjaunojo\u0161a un nostiprino\u0161a iedarb\u012bba. Efekt\u012bvi iedarbojas uz \u0101das tvirtuma un elast\u012bbas paaugstin\u0101\u0161anu, pal\u012bdz atbr\u012bvoties no tum\u0161ajiem lokiem un t\u016bskas, piem\u012bt sp\u0113c\u012bga antioksidanta iedarb\u012bba.<\/p>\n<p>Stimul\u0113 \u0161\u016bnu vielmai\u0146as procesus un kolag\u0113na \u0161\u0137iedru sint\u0113zi, lai stiprin\u0101tu un palielin\u0101tu audu bl\u012bvumu. Pal\u012bdz samazin\u0101t m\u012bmisko grumbu dzi\u013cumu un izl\u012bdzina v\u0101rnu p\u0113das. Maigi izgaismo, nov\u0113r\u0161 bl\u0101vumu, atjauno \u0101das toni un svaigumu.<\/p>\n<p>Liposomu tehnolo\u0123ija \u013cauj stabiliz\u0113t t\u0101du kapr\u012bzu sast\u0101vda\u013cu k\u0101 t\u012bklene. Tas uzlabo akt\u012bv\u0101s vielas iek\u013c\u016b\u0161anu dzi\u013ci epidermas \u0161\u016bn\u0101s un palielina t\u0101 uzs\u016bk\u0161an\u0101s pak\u0101pi, vienlaikus neizraisot kairin\u0101jumu. Piem\u0113rots pirmajai iepaz\u012b\u0161anai ar A vitam\u012bnu.<\/p>\n<p><strong>How to use:<\/strong> \u00a0Uzkl\u0101jiet nepiecie\u0161amo produkta daudzumu ar viegl\u0101m gl\u0101sto\u0161\u0101m kust\u012bb\u0101m uz zonu ap ac\u012bm.<\/p>\n<p><strong>Ingredientes:\u00a0<\/strong>Water, panax ginseng root extract, glycerin, dipropylene glycol, caprylic\/caprictriglyceride, 1,2-hexanediol, pentaerythrityl tetraethylhexanoate, niacinamide, butyleneglycol dicaprylate\/dicaprate, cetearyl alcohol, sorbitan olivate, cetearyl olivate,butylene glycol, hydrogenated lecithin, tromethamine, carbomer, glyceryl stearate,macadamia ternifolia seed oil, adenosine, theobroma cacao (cocoa) extract, dextrin,cholesterol, polyglyceryl-10 oleate, retinal, brassica campestris (rapeseed) sterols,phytosteryl\/behenyl\/octyldodecyl lauroyl glutamate, silica, sodium hyaluronate,tocopherol, aluminum\/magnesium hydroxide stearate, potassium cetyl phosphate,pentaerythrityl tetra-di-t-butyl hydroxyhydrocinnamate, ceramide np, palmitoyltripeptide-5, disodium edta, ethylhexylglycerin<\/p>","protected":false},"excerpt":{"rendered":"<p>Liposomu atjaunojo\u0161s acu serums Beauty of Joseon Revive Eye Serum: Ginseng + Retinal piem\u012bt izteikta atjaunojo\u0161a un nostiprino\u0161a iedarb\u012bba. Efekt\u012bvi iedarbojas uz \u0101das tvirtuma un elast\u012bbas paaugstin\u0101\u0161anu, pal\u012bdz atbr\u012bvoties no tum\u0161ajiem lokiem un t\u016bskas, piem\u012bt sp\u0113c\u012bga antioksidanta iedarb\u012bba. Stimul\u0113 \u0161\u016bnu vielmai\u0146as procesus un kolag\u0113na \u0161\u0137iedru sint\u0113zi, lai stiprin\u0101tu un palielin\u0101tu audu bl\u012bvumu. Pal\u012bdz samazin\u0101t m\u012bmisko [&hellip;]<\/p>\n","protected":false},"featured_media":12150,"comment_status":"open","ping_status":"closed","template":"","meta":{"site-sidebar-layout":"default","site-content-layout":"","ast-site-content-layout":"","site-content-style":"default","site-sidebar-style":"default","ast-global-header-display":"","ast-banner-title-visibility":"","ast-main-header-display":"","ast-hfb-above-header-display":"","ast-hfb-below-header-display":"","ast-hfb-mobile-header-display":"","site-post-title":"","ast-breadcrumbs-content":"","ast-featured-img":"","footer-sml-layout":"","theme-transparent-header-meta":"","adv-header-id-meta":"","stick-header-meta":"","header-above-stick-meta":"","header-main-stick-meta":"","header-below-stick-meta":"","astra-migrate-meta-layouts":"default","ast-page-background-enabled":"default","ast-page-background-meta":{"desktop":{"background-color":"var(--ast-global-color-4)","background-image":"","background-repeat":"repeat","background-position":"center center","background-size":"auto","background-attachment":"scroll","background-type":"","background-media":"","overlay-type":"","overlay-color":"","overlay-opacity":"","overlay-gradient":""},"tablet":{"background-color":"","background-image":"","background-repeat":"repeat","background-position":"center center","background-size":"auto","background-attachment":"scroll","background-type":"","background-media":"","overlay-type":"","overlay-color":"","overlay-opacity":"","overlay-gradient":""},"mobile":{"background-color":"","background-image":"","background-repeat":"repeat","background-position":"center center","background-size":"auto","background-attachment":"scroll","background-type":"","background-media":"","overlay-type":"","overlay-color":"","overlay-opacity":"","overlay-gradient":""}},"ast-content-background-meta":{"desktop":{"background-color":"var(--ast-global-color-5)","background-image":"","background-repeat":"repeat","background-position":"center center","background-size":"auto","background-attachment":"scroll","background-type":"","background-media":"","overlay-type":"","overlay-color":"","overlay-opacity":"","overlay-gradient":""},"tablet":{"background-color":"var(--ast-global-color-5)","background-image":"","background-repeat":"repeat","background-position":"center center","background-size":"auto","background-attachment":"scroll","background-type":"","background-media":"","overlay-type":"","overlay-color":"","overlay-opacity":"","overlay-gradient":""},"mobile":{"background-color":"var(--ast-global-color-5)","background-image":"","background-repeat":"repeat","background-position":"center center","background-size":"auto","background-attachment":"scroll","background-type":"","background-media":"","overlay-type":"","overlay-color":"","overlay-opacity":"","overlay-gradient":""}}},"product_brand":[],"product_cat":[308],"product_tag":[],"berocket_brand":[],"class_list":{"0":"post-12149","1":"product","2":"type-product","3":"status-publish","4":"has-post-thumbnail","6":"product_cat-acu-krems","7":"desktop-align-left","8":"tablet-align-left","9":"mobile-align-left","11":"first","12":"outofstock","13":"taxable","14":"shipping-taxable","15":"purchasable","16":"product-type-simple","17":"add-to-wishlist-before_image"},"yoast_head":"<!-- This site is optimized with the Yoast SEO plugin v27.4 - https:\/\/yoast.com\/product\/yoast-seo-wordpress\/ -->\n<title>Beauty of Joseon Revive Eye Serum: Ginseng+Retinal 30ml - FACECORNER<\/title>\n<meta name=\"robots\" content=\"index, follow, max-snippet:-1, max-image-preview:large, max-video-preview:-1\" \/>\n<link rel=\"canonical\" href=\"https:\/\/www.facecorner.lv\/en\/shop\/beauty-of-joseon-revive-eye-serum-ginsengretinal-30ml\/\" \/>\n<meta property=\"og:locale\" content=\"en_US\" \/>\n<meta property=\"og:type\" content=\"article\" \/>\n<meta property=\"og:title\" content=\"Beauty of Joseon Revive Eye Serum: Ginseng+Retinal 30ml - FACECORNER\" \/>\n<meta property=\"og:description\" content=\"Liposomu atjaunojo\u0161s acu serums Beauty of Joseon Revive Eye Serum: Ginseng + Retinal piem\u012bt izteikta atjaunojo\u0161a un nostiprino\u0161a iedarb\u012bba. Efekt\u012bvi iedarbojas uz \u0101das tvirtuma un elast\u012bbas paaugstin\u0101\u0161anu, pal\u012bdz atbr\u012bvoties no tum\u0161ajiem lokiem un t\u016bskas, piem\u012bt sp\u0113c\u012bga antioksidanta iedarb\u012bba. Stimul\u0113 \u0161\u016bnu vielmai\u0146as procesus un kolag\u0113na \u0161\u0137iedru sint\u0113zi, lai stiprin\u0101tu un palielin\u0101tu audu bl\u012bvumu. Pal\u012bdz samazin\u0101t m\u012bmisko [&hellip;]\" \/>\n<meta property=\"og:url\" content=\"https:\/\/www.facecorner.lv\/en\/shop\/beauty-of-joseon-revive-eye-serum-ginsengretinal-30ml\/\" \/>\n<meta property=\"og:site_name\" content=\"FACECORNER\" \/>\n<meta property=\"article:publisher\" content=\"https:\/\/www.facebook.com\/profile.php?id=100063824551839\" \/>\n<meta property=\"article:modified_time\" content=\"2024-11-30T09:30:09+00:00\" \/>\n<meta property=\"og:image\" content=\"https:\/\/www.facecorner.lv\/wp-content\/uploads\/2023\/08\/rus_pl_Beauty-of-Joseon-ANTIVOZRASTNAIA-SYVOROTKA-DLIA-KOZHI-VOKRUG-GLAZ-Revive-Eye-Serum-Ginseng-Retinal-30ml-13698_1.webp\" \/>\n\t<meta property=\"og:image:width\" content=\"1500\" \/>\n\t<meta property=\"og:image:height\" content=\"1500\" \/>\n\t<meta property=\"og:image:type\" content=\"image\/webp\" \/>\n<meta name=\"twitter:card\" content=\"summary_large_image\" \/>\n<meta name=\"twitter:label1\" content=\"Price\" \/>\n\t<meta name=\"twitter:data1\" content=\"&euro;16.00\" \/>\n\t<meta name=\"twitter:label2\" content=\"Availability\" \/>\n\t<meta name=\"twitter:data2\" content=\"Out of stock\" \/>\n<script type=\"application\/ld+json\" class=\"yoast-schema-graph\">{\"@context\":\"https:\\\/\\\/schema.org\",\"@graph\":[{\"@type\":\"WebPage\",\"@id\":\"https:\\\/\\\/www.facecorner.lv\\\/shop\\\/beauty-of-joseon-revive-eye-serum-ginsengretinal-30ml\\\/\",\"url\":\"https:\\\/\\\/www.facecorner.lv\\\/shop\\\/beauty-of-joseon-revive-eye-serum-ginsengretinal-30ml\\\/\",\"name\":\"Beauty of Joseon Revive Eye Serum: Ginseng+Retinal 30ml - FACECORNER\",\"isPartOf\":{\"@id\":\"https:\\\/\\\/www.facecorner.lv\\\/#website\"},\"primaryImageOfPage\":{\"@id\":\"https:\\\/\\\/www.facecorner.lv\\\/shop\\\/beauty-of-joseon-revive-eye-serum-ginsengretinal-30ml\\\/#primaryimage\"},\"image\":{\"@id\":\"https:\\\/\\\/www.facecorner.lv\\\/shop\\\/beauty-of-joseon-revive-eye-serum-ginsengretinal-30ml\\\/#primaryimage\"},\"thumbnailUrl\":\"https:\\\/\\\/www.facecorner.lv\\\/wp-content\\\/uploads\\\/2023\\\/08\\\/rus_pl_Beauty-of-Joseon-ANTIVOZRASTNAIA-SYVOROTKA-DLIA-KOZHI-VOKRUG-GLAZ-Revive-Eye-Serum-Ginseng-Retinal-30ml-13698_1.webp\",\"datePublished\":\"2023-08-29T09:53:26+00:00\",\"dateModified\":\"2024-11-30T09:30:09+00:00\",\"breadcrumb\":{\"@id\":\"https:\\\/\\\/www.facecorner.lv\\\/shop\\\/beauty-of-joseon-revive-eye-serum-ginsengretinal-30ml\\\/#breadcrumb\"},\"inLanguage\":\"en-US\",\"potentialAction\":[{\"@type\":\"ReadAction\",\"target\":[\"https:\\\/\\\/www.facecorner.lv\\\/shop\\\/beauty-of-joseon-revive-eye-serum-ginsengretinal-30ml\\\/\"]}]},{\"@type\":\"ImageObject\",\"inLanguage\":\"en-US\",\"@id\":\"https:\\\/\\\/www.facecorner.lv\\\/shop\\\/beauty-of-joseon-revive-eye-serum-ginsengretinal-30ml\\\/#primaryimage\",\"url\":\"https:\\\/\\\/www.facecorner.lv\\\/wp-content\\\/uploads\\\/2023\\\/08\\\/rus_pl_Beauty-of-Joseon-ANTIVOZRASTNAIA-SYVOROTKA-DLIA-KOZHI-VOKRUG-GLAZ-Revive-Eye-Serum-Ginseng-Retinal-30ml-13698_1.webp\",\"contentUrl\":\"https:\\\/\\\/www.facecorner.lv\\\/wp-content\\\/uploads\\\/2023\\\/08\\\/rus_pl_Beauty-of-Joseon-ANTIVOZRASTNAIA-SYVOROTKA-DLIA-KOZHI-VOKRUG-GLAZ-Revive-Eye-Serum-Ginseng-Retinal-30ml-13698_1.webp\",\"width\":1500,\"height\":1500},{\"@type\":\"BreadcrumbList\",\"@id\":\"https:\\\/\\\/www.facecorner.lv\\\/shop\\\/beauty-of-joseon-revive-eye-serum-ginsengretinal-30ml\\\/#breadcrumb\",\"itemListElement\":[{\"@type\":\"ListItem\",\"position\":1,\"name\":\"Home\",\"item\":\"https:\\\/\\\/www.facecorner.lv\\\/\"},{\"@type\":\"ListItem\",\"position\":2,\"name\":\"Veikals\",\"item\":\"https:\\\/\\\/www.facecorner.lv\\\/shop\\\/\"},{\"@type\":\"ListItem\",\"position\":3,\"name\":\"Beauty of Joseon Revive Eye Serum: Ginseng+Retinal 30ml\"}]},{\"@type\":\"WebSite\",\"@id\":\"https:\\\/\\\/www.facecorner.lv\\\/#website\",\"url\":\"https:\\\/\\\/www.facecorner.lv\\\/\",\"name\":\"Facecorner\",\"description\":\"\",\"publisher\":{\"@id\":\"https:\\\/\\\/www.facecorner.lv\\\/#organization\"},\"potentialAction\":[{\"@type\":\"SearchAction\",\"target\":{\"@type\":\"EntryPoint\",\"urlTemplate\":\"https:\\\/\\\/www.facecorner.lv\\\/?s={search_term_string}\"},\"query-input\":{\"@type\":\"PropertyValueSpecification\",\"valueRequired\":true,\"valueName\":\"search_term_string\"}}],\"inLanguage\":\"en-US\"},{\"@type\":\"Organization\",\"@id\":\"https:\\\/\\\/www.facecorner.lv\\\/#organization\",\"name\":\"Facecorner\",\"url\":\"https:\\\/\\\/www.facecorner.lv\\\/\",\"logo\":{\"@type\":\"ImageObject\",\"inLanguage\":\"en-US\",\"@id\":\"https:\\\/\\\/www.facecorner.lv\\\/#\\\/schema\\\/logo\\\/image\\\/\",\"url\":\"https:\\\/\\\/www.facecorner.lv\\\/wp-content\\\/uploads\\\/2024\\\/04\\\/fc-logo.jpg\",\"contentUrl\":\"https:\\\/\\\/www.facecorner.lv\\\/wp-content\\\/uploads\\\/2024\\\/04\\\/fc-logo.jpg\",\"width\":174,\"height\":28,\"caption\":\"Facecorner\"},\"image\":{\"@id\":\"https:\\\/\\\/www.facecorner.lv\\\/#\\\/schema\\\/logo\\\/image\\\/\"},\"sameAs\":[\"https:\\\/\\\/www.facebook.com\\\/profile.php?id=100063824551839\",\"https:\\\/\\\/www.instagram.com\\\/facecorner_shop\\\/\"]}]}<\/script>\n<meta property=\"product:price:amount\" content=\"16.00\" \/>\n<meta property=\"product:price:currency\" content=\"EUR\" \/>\n<meta property=\"og:availability\" content=\"out of stock\" \/>\n<meta property=\"product:availability\" content=\"out of stock\" \/>\n<meta property=\"product:condition\" content=\"new\" \/>\n<!-- \/ Yoast SEO plugin. -->","yoast_head_json":{"title":"Beauty of Joseon Revive Eye Serum: Ginseng+Retinal 30ml - FACECORNER","robots":{"index":"index","follow":"follow","max-snippet":"max-snippet:-1","max-image-preview":"max-image-preview:large","max-video-preview":"max-video-preview:-1"},"canonical":"https:\/\/www.facecorner.lv\/en\/shop\/beauty-of-joseon-revive-eye-serum-ginsengretinal-30ml\/","og_locale":"en_US","og_type":"article","og_title":"Beauty of Joseon Revive Eye Serum: Ginseng+Retinal 30ml - FACECORNER","og_description":"Liposomu atjaunojo\u0161s acu serums Beauty of Joseon Revive Eye Serum: Ginseng + Retinal piem\u012bt izteikta atjaunojo\u0161a un nostiprino\u0161a iedarb\u012bba. Efekt\u012bvi iedarbojas uz \u0101das tvirtuma un elast\u012bbas paaugstin\u0101\u0161anu, pal\u012bdz atbr\u012bvoties no tum\u0161ajiem lokiem un t\u016bskas, piem\u012bt sp\u0113c\u012bga antioksidanta iedarb\u012bba. Stimul\u0113 \u0161\u016bnu vielmai\u0146as procesus un kolag\u0113na \u0161\u0137iedru sint\u0113zi, lai stiprin\u0101tu un palielin\u0101tu audu bl\u012bvumu. Pal\u012bdz samazin\u0101t m\u012bmisko [&hellip;]","og_url":"https:\/\/www.facecorner.lv\/en\/shop\/beauty-of-joseon-revive-eye-serum-ginsengretinal-30ml\/","og_site_name":"FACECORNER","article_publisher":"https:\/\/www.facebook.com\/profile.php?id=100063824551839","article_modified_time":"2024-11-30T09:30:09+00:00","og_image":[{"width":1500,"height":1500,"url":"https:\/\/www.facecorner.lv\/wp-content\/uploads\/2023\/08\/rus_pl_Beauty-of-Joseon-ANTIVOZRASTNAIA-SYVOROTKA-DLIA-KOZHI-VOKRUG-GLAZ-Revive-Eye-Serum-Ginseng-Retinal-30ml-13698_1.webp","type":"image\/webp"}],"twitter_card":"summary_large_image","twitter_misc":{"Price":"&euro;16.00","Availability":"Out of stock"},"schema":{"@context":"https:\/\/schema.org","@graph":[{"@type":"WebPage","@id":"https:\/\/www.facecorner.lv\/shop\/beauty-of-joseon-revive-eye-serum-ginsengretinal-30ml\/","url":"https:\/\/www.facecorner.lv\/shop\/beauty-of-joseon-revive-eye-serum-ginsengretinal-30ml\/","name":"Beauty of Joseon Revive Eye Serum: Ginseng+Retinal 30ml - FACECORNER","isPartOf":{"@id":"https:\/\/www.facecorner.lv\/#website"},"primaryImageOfPage":{"@id":"https:\/\/www.facecorner.lv\/shop\/beauty-of-joseon-revive-eye-serum-ginsengretinal-30ml\/#primaryimage"},"image":{"@id":"https:\/\/www.facecorner.lv\/shop\/beauty-of-joseon-revive-eye-serum-ginsengretinal-30ml\/#primaryimage"},"thumbnailUrl":"https:\/\/www.facecorner.lv\/wp-content\/uploads\/2023\/08\/rus_pl_Beauty-of-Joseon-ANTIVOZRASTNAIA-SYVOROTKA-DLIA-KOZHI-VOKRUG-GLAZ-Revive-Eye-Serum-Ginseng-Retinal-30ml-13698_1.webp","datePublished":"2023-08-29T09:53:26+00:00","dateModified":"2024-11-30T09:30:09+00:00","breadcrumb":{"@id":"https:\/\/www.facecorner.lv\/shop\/beauty-of-joseon-revive-eye-serum-ginsengretinal-30ml\/#breadcrumb"},"inLanguage":"en-US","potentialAction":[{"@type":"ReadAction","target":["https:\/\/www.facecorner.lv\/shop\/beauty-of-joseon-revive-eye-serum-ginsengretinal-30ml\/"]}]},{"@type":"ImageObject","inLanguage":"en-US","@id":"https:\/\/www.facecorner.lv\/shop\/beauty-of-joseon-revive-eye-serum-ginsengretinal-30ml\/#primaryimage","url":"https:\/\/www.facecorner.lv\/wp-content\/uploads\/2023\/08\/rus_pl_Beauty-of-Joseon-ANTIVOZRASTNAIA-SYVOROTKA-DLIA-KOZHI-VOKRUG-GLAZ-Revive-Eye-Serum-Ginseng-Retinal-30ml-13698_1.webp","contentUrl":"https:\/\/www.facecorner.lv\/wp-content\/uploads\/2023\/08\/rus_pl_Beauty-of-Joseon-ANTIVOZRASTNAIA-SYVOROTKA-DLIA-KOZHI-VOKRUG-GLAZ-Revive-Eye-Serum-Ginseng-Retinal-30ml-13698_1.webp","width":1500,"height":1500},{"@type":"BreadcrumbList","@id":"https:\/\/www.facecorner.lv\/shop\/beauty-of-joseon-revive-eye-serum-ginsengretinal-30ml\/#breadcrumb","itemListElement":[{"@type":"ListItem","position":1,"name":"Home","item":"https:\/\/www.facecorner.lv\/"},{"@type":"ListItem","position":2,"name":"Veikals","item":"https:\/\/www.facecorner.lv\/shop\/"},{"@type":"ListItem","position":3,"name":"Beauty of Joseon Revive Eye Serum: Ginseng+Retinal 30ml"}]},{"@type":"WebSite","@id":"https:\/\/www.facecorner.lv\/#website","url":"https:\/\/www.facecorner.lv\/","name":"Facecorner","description":"","publisher":{"@id":"https:\/\/www.facecorner.lv\/#organization"},"potentialAction":[{"@type":"SearchAction","target":{"@type":"EntryPoint","urlTemplate":"https:\/\/www.facecorner.lv\/?s={search_term_string}"},"query-input":{"@type":"PropertyValueSpecification","valueRequired":true,"valueName":"search_term_string"}}],"inLanguage":"en-US"},{"@type":"Organization","@id":"https:\/\/www.facecorner.lv\/#organization","name":"Facecorner","url":"https:\/\/www.facecorner.lv\/","logo":{"@type":"ImageObject","inLanguage":"en-US","@id":"https:\/\/www.facecorner.lv\/#\/schema\/logo\/image\/","url":"https:\/\/www.facecorner.lv\/wp-content\/uploads\/2024\/04\/fc-logo.jpg","contentUrl":"https:\/\/www.facecorner.lv\/wp-content\/uploads\/2024\/04\/fc-logo.jpg","width":174,"height":28,"caption":"Facecorner"},"image":{"@id":"https:\/\/www.facecorner.lv\/#\/schema\/logo\/image\/"},"sameAs":["https:\/\/www.facebook.com\/profile.php?id=100063824551839","https:\/\/www.instagram.com\/facecorner_shop\/"]}]},"product_price_amount":"16.00","product_price_currency":"EUR","og_availability":"out of stock","product_availability":"out of stock","product_condition":"new"},"_links":{"self":[{"href":"https:\/\/www.facecorner.lv\/en\/wp-json\/wp\/v2\/product\/12149","targetHints":{"allow":["GET"]}}],"collection":[{"href":"https:\/\/www.facecorner.lv\/en\/wp-json\/wp\/v2\/product"}],"about":[{"href":"https:\/\/www.facecorner.lv\/en\/wp-json\/wp\/v2\/types\/product"}],"replies":[{"embeddable":true,"href":"https:\/\/www.facecorner.lv\/en\/wp-json\/wp\/v2\/comments?post=12149"}],"wp:featuredmedia":[{"embeddable":true,"href":"https:\/\/www.facecorner.lv\/en\/wp-json\/wp\/v2\/media\/12150"}],"wp:attachment":[{"href":"https:\/\/www.facecorner.lv\/en\/wp-json\/wp\/v2\/media?parent=12149"}],"wp:term":[{"taxonomy":"product_brand","embeddable":true,"href":"https:\/\/www.facecorner.lv\/en\/wp-json\/wp\/v2\/product_brand?post=12149"},{"taxonomy":"product_cat","embeddable":true,"href":"https:\/\/www.facecorner.lv\/en\/wp-json\/wp\/v2\/product_cat?post=12149"},{"taxonomy":"product_tag","embeddable":true,"href":"https:\/\/www.facecorner.lv\/en\/wp-json\/wp\/v2\/product_tag?post=12149"},{"taxonomy":"berocket_brand","embeddable":true,"href":"https:\/\/www.facecorner.lv\/en\/wp-json\/wp\/v2\/berocket_brand?post=12149"}],"curies":[{"name":"wp","href":"https:\/\/api.w.org\/{rel}","templated":true}]}}