{"id":12007,"date":"2023-08-24T10:43:10","date_gmt":"2023-08-24T08:43:10","guid":{"rendered":"https:\/\/www.facecorner.lv\/?post_type=product&#038;p=12007"},"modified":"2025-09-23T14:30:07","modified_gmt":"2025-09-23T11:30:07","slug":"esthetic-house-cp-1-aquaxyl-complex-intense-moisture-conditioner-100-500ml","status":"publish","type":"product","link":"https:\/\/www.facecorner.lv\/en\/shop\/esthetic-house-cp-1-aquaxyl-complex-intense-moisture-conditioner-100-500ml\/","title":{"rendered":"Esthetic House CP-1 Aquaxyl Complex Intense Moisture Conditioner 100\/500ml"},"content":{"rendered":"<p>Mitrino\u0161s kondicionieris ar aminosk\u0101b\u0113m Esthetic House CP-1 Aquaxyl Complex Intense Moisture Conditioner ir 2023. gada jaunums no atz\u012bt\u0101 z\u012bmola CP-1, kas apvieno intens\u012bvu mitrin\u0101\u0161anu, uzturu un atjauno\u0161anos bez sv\u0113r\u0161anas, jo satur tikai viena veida silikonu. Kondicionieris ir bag\u0101ts ar mitrino\u0161\u0101m un atjaunojo\u0161\u0101m sast\u0101vda\u013c\u0101m: \u013coti mitrino\u0161s Aquaxyl komplekss, aminosk\u0101bes, e\u013c\u013cas komplekss, hidroliz\u0113ts kolag\u0113ns, kerat\u012bns un elast\u012bns. Pateicoties tam, tas padar\u012bs matus m\u012bkst\u0101kus, viegl\u0101k vad\u0101mus, atvieglos \u0137emm\u0113\u0161anu, atvieglos sausumu un p\u016bkain\u012bbu.<\/p>\n<p><strong>Priek\u0161roc\u012bbas<\/strong>:<\/p>\n<ul>\n<li>Baro un atjauno matu strukt\u016bru, m\u012bkstina un atvieglo \u0137emm\u0113\u0161anu p\u0113c mazg\u0101\u0161anas ar \u0161amp\u016bnu.<\/li>\n<li>Nov\u0113r\u0161 matu sausumu un trauslumu.<\/li>\n<li>Pie\u0161\u0137ir matiem vesel\u012bgu izskatu un elast\u012bbu.<\/li>\n<\/ul>\n<p><strong>It is a total care mask that tightens the skin.<\/strong><\/p>\n<ul>\n<li>Patent\u0113tais Aquaxyl\u2122 komplekss nodro\u0161ina 3D mitrin\u0101\u0161anu matiem.<\/li>\n<li>Mazmolekul\u0101ri augu prote\u012bni, dab\u012bg\u0101s e\u013c\u013cas (argans, jojoba), z\u012bda prote\u012bns, keram\u012bds un aminosk\u0101bju komplekss atjauno boj\u0101to matu zonu strukt\u016bru, izl\u012bdzina matu virsmu, nov\u0113r\u0161 mitruma zudumu, nov\u0113r\u0161 sausumu un trauslumu.<\/li>\n<li>Br\u016bno a\u013c\u0123u ekstrakts (Fukoid\u0101ns) intens\u012bvi mitrina matus un pie\u0161\u0137ir vesel\u012bgu sp\u012bdumu.<\/li>\n<\/ul>\n<p><strong>Ingredientes: \u00a0<\/strong><span style=\"color: var(--g5-color-text-main); font-family: var(--g5-body-font); font-size: var(--g5-body-font-size); font-style: var(--g5-body-font-style); letter-spacing: var(--g5-body-letter-spacing); text-transform: var(--g5-body-text-transform);\">Water, Cetearyl Alcohol, Glycerin, Cyclopentasiloxane, Dimethicone, Distearyldimonium Chloride, Cetrimonium Chloride, Glyceryl Stearate, Hydroxyethylcellulose, Chlorhexidine Digluconate, Adansonia Digitata Seed Oil, Argania Spinosa Kernel Oil, Tocopheryl Acetate, Simmondsia Chinensis (Jojoba) Seed Oil, Butylene Glycol, Xylitylglucoside(4PPM), Anhydroxylitol(2.8PPM), Octyldodecanol, Hydrolyzed Collagen, Hydrolyzed Keratin, Xylitol(1.2PPM), Hydrolyzed Wheat Protein, Hydrolyzed Soy Protein, Silkworm Cocoon Extract, Milk Protein Extract, Hydrolyzed Silk, Hydrolyzed Rice Protein, Hydrolyzed Elastin, Gelatin, Hydrogenated Lecithin, Glucose(0.4PPM), Avena Sativa (Oat) Protein Extract, Glycine, Serine, Glutamic Acid, Ceramide NP, Silk Powder, Keratin Amino Acids, Hydrolyzed Corn Protein, Aspartic Acid, Leucine, Ethyl Hexanediol, Fucoidan, Alanine, Lysine, Arginine, Tyrosine, Phenylalanine, Valine, Threonine, Proline, Isoleucine, Caprylyl Glycol, Histidine, Methionine, Cysteine, 1,2-Hexanediol, Brilliant Blue FCF, Disodium EDTA, Fragrance.<\/span><\/p>\n<div class=\"accordeon__item\"><\/div>\n<p>&nbsp;<\/p>","protected":false},"excerpt":{"rendered":"<p>Mitrino\u0161s kondicionieris ar aminosk\u0101b\u0113m Esthetic House CP-1 Aquaxyl Complex Intense Moisture Conditioner ir 2023. gada jaunums no atz\u012bt\u0101 z\u012bmola CP-1, kas apvieno intens\u012bvu mitrin\u0101\u0161anu, uzturu un atjauno\u0161anos bez sv\u0113r\u0161anas, jo satur tikai viena veida silikonu. Kondicionieris ir bag\u0101ts ar mitrino\u0161\u0101m un atjaunojo\u0161\u0101m sast\u0101vda\u013c\u0101m: \u013coti mitrino\u0161s Aquaxyl komplekss, aminosk\u0101bes, e\u013c\u013cas komplekss, hidroliz\u0113ts kolag\u0113ns, kerat\u012bns un elast\u012bns. [&hellip;]<\/p>\n","protected":false},"featured_media":12008,"comment_status":"open","ping_status":"closed","template":"","meta":{"site-sidebar-layout":"default","site-content-layout":"","ast-site-content-layout":"default","site-content-style":"default","site-sidebar-style":"default","ast-global-header-display":"","ast-banner-title-visibility":"","ast-main-header-display":"","ast-hfb-above-header-display":"","ast-hfb-below-header-display":"","ast-hfb-mobile-header-display":"","site-post-title":"","ast-breadcrumbs-content":"","ast-featured-img":"","footer-sml-layout":"","theme-transparent-header-meta":"default","adv-header-id-meta":"","stick-header-meta":"","header-above-stick-meta":"","header-main-stick-meta":"","header-below-stick-meta":"","astra-migrate-meta-layouts":"set","ast-page-background-enabled":"default","ast-page-background-meta":{"desktop":{"background-color":"var(--ast-global-color-4)","background-image":"","background-repeat":"repeat","background-position":"center center","background-size":"auto","background-attachment":"scroll","background-type":"","background-media":"","overlay-type":"","overlay-color":"","overlay-opacity":"","overlay-gradient":""},"tablet":{"background-color":"","background-image":"","background-repeat":"repeat","background-position":"center center","background-size":"auto","background-attachment":"scroll","background-type":"","background-media":"","overlay-type":"","overlay-color":"","overlay-opacity":"","overlay-gradient":""},"mobile":{"background-color":"","background-image":"","background-repeat":"repeat","background-position":"center center","background-size":"auto","background-attachment":"scroll","background-type":"","background-media":"","overlay-type":"","overlay-color":"","overlay-opacity":"","overlay-gradient":""}},"ast-content-background-meta":{"desktop":{"background-color":"var(--ast-global-color-5)","background-image":"","background-repeat":"repeat","background-position":"center center","background-size":"auto","background-attachment":"scroll","background-type":"","background-media":"","overlay-type":"","overlay-color":"","overlay-opacity":"","overlay-gradient":""},"tablet":{"background-color":"var(--ast-global-color-5)","background-image":"","background-repeat":"repeat","background-position":"center center","background-size":"auto","background-attachment":"scroll","background-type":"","background-media":"","overlay-type":"","overlay-color":"","overlay-opacity":"","overlay-gradient":""},"mobile":{"background-color":"var(--ast-global-color-5)","background-image":"","background-repeat":"repeat","background-position":"center center","background-size":"auto","background-attachment":"scroll","background-type":"","background-media":"","overlay-type":"","overlay-color":"","overlay-opacity":"","overlay-gradient":""}}},"product_brand":[],"product_cat":[511,356,330],"product_tag":[],"berocket_brand":[592],"class_list":{"0":"post-12007","1":"product","2":"type-product","3":"status-publish","4":"has-post-thumbnail","6":"product_cat-atlaides","7":"product_cat-kondicionieri","8":"product_cat-matiem","9":"berocket_brand-esthetic-house","10":"desktop-align-left","11":"tablet-align-left","12":"mobile-align-left","14":"first","15":"outofstock","16":"sale","17":"taxable","18":"shipping-taxable","19":"purchasable","20":"product-type-variable","21":"add-to-wishlist-before_image"},"yoast_head":"<!-- This site is optimized with the Yoast SEO plugin v27.3 - https:\/\/yoast.com\/product\/yoast-seo-wordpress\/ -->\n<title>Esthetic House CP-1 Aquaxyl Complex Intense Moisture Conditioner 100\/500ml - FACECORNER<\/title>\n<meta name=\"robots\" content=\"index, follow, max-snippet:-1, max-image-preview:large, max-video-preview:-1\" \/>\n<link rel=\"canonical\" href=\"https:\/\/www.facecorner.lv\/en\/shop\/esthetic-house-cp-1-aquaxyl-complex-intense-moisture-conditioner-100-500ml\/\" \/>\n<meta property=\"og:locale\" content=\"en_US\" \/>\n<meta property=\"og:type\" content=\"article\" \/>\n<meta property=\"og:title\" content=\"Esthetic House CP-1 Aquaxyl Complex Intense Moisture Conditioner 100\/500ml - FACECORNER\" \/>\n<meta property=\"og:description\" content=\"Mitrino\u0161s kondicionieris ar aminosk\u0101b\u0113m Esthetic House CP-1 Aquaxyl Complex Intense Moisture Conditioner ir 2023. gada jaunums no atz\u012bt\u0101 z\u012bmola CP-1, kas apvieno intens\u012bvu mitrin\u0101\u0161anu, uzturu un atjauno\u0161anos bez sv\u0113r\u0161anas, jo satur tikai viena veida silikonu. Kondicionieris ir bag\u0101ts ar mitrino\u0161\u0101m un atjaunojo\u0161\u0101m sast\u0101vda\u013c\u0101m: \u013coti mitrino\u0161s Aquaxyl komplekss, aminosk\u0101bes, e\u013c\u013cas komplekss, hidroliz\u0113ts kolag\u0113ns, kerat\u012bns un elast\u012bns. [&hellip;]\" \/>\n<meta property=\"og:url\" content=\"https:\/\/www.facecorner.lv\/en\/shop\/esthetic-house-cp-1-aquaxyl-complex-intense-moisture-conditioner-100-500ml\/\" \/>\n<meta property=\"og:site_name\" content=\"FACECORNER\" \/>\n<meta property=\"article:publisher\" content=\"https:\/\/www.facebook.com\/profile.php?id=100063824551839\" \/>\n<meta property=\"article:modified_time\" content=\"2025-09-23T11:30:07+00:00\" \/>\n<meta property=\"og:image\" content=\"https:\/\/www.facecorner.lv\/wp-content\/uploads\/2023\/08\/kondiczioner-esthetic-house-cp-1-aquaxyl-complex-intense-moisture.jpeg\" \/>\n\t<meta property=\"og:image:width\" content=\"800\" \/>\n\t<meta property=\"og:image:height\" content=\"800\" \/>\n\t<meta property=\"og:image:type\" content=\"image\/jpeg\" \/>\n<meta name=\"twitter:card\" content=\"summary_large_image\" \/>\n<meta name=\"twitter:label1\" content=\"Availability\" \/>\n\t<meta name=\"twitter:data1\" content=\"Out of stock\" \/>\n<script type=\"application\/ld+json\" class=\"yoast-schema-graph\">{\"@context\":\"https:\\\/\\\/schema.org\",\"@graph\":[{\"@type\":\"WebPage\",\"@id\":\"https:\\\/\\\/www.facecorner.lv\\\/shop\\\/esthetic-house-cp-1-aquaxyl-complex-intense-moisture-conditioner-100-500ml\\\/\",\"url\":\"https:\\\/\\\/www.facecorner.lv\\\/shop\\\/esthetic-house-cp-1-aquaxyl-complex-intense-moisture-conditioner-100-500ml\\\/\",\"name\":\"Esthetic House CP-1 Aquaxyl Complex Intense Moisture Conditioner 100\\\/500ml - FACECORNER\",\"isPartOf\":{\"@id\":\"https:\\\/\\\/www.facecorner.lv\\\/#website\"},\"primaryImageOfPage\":{\"@id\":\"https:\\\/\\\/www.facecorner.lv\\\/shop\\\/esthetic-house-cp-1-aquaxyl-complex-intense-moisture-conditioner-100-500ml\\\/#primaryimage\"},\"image\":{\"@id\":\"https:\\\/\\\/www.facecorner.lv\\\/shop\\\/esthetic-house-cp-1-aquaxyl-complex-intense-moisture-conditioner-100-500ml\\\/#primaryimage\"},\"thumbnailUrl\":\"https:\\\/\\\/www.facecorner.lv\\\/wp-content\\\/uploads\\\/2023\\\/08\\\/kondiczioner-esthetic-house-cp-1-aquaxyl-complex-intense-moisture.jpeg\",\"datePublished\":\"2023-08-24T08:43:10+00:00\",\"dateModified\":\"2025-09-23T11:30:07+00:00\",\"breadcrumb\":{\"@id\":\"https:\\\/\\\/www.facecorner.lv\\\/shop\\\/esthetic-house-cp-1-aquaxyl-complex-intense-moisture-conditioner-100-500ml\\\/#breadcrumb\"},\"inLanguage\":\"en-US\",\"potentialAction\":[{\"@type\":\"ReadAction\",\"target\":[\"https:\\\/\\\/www.facecorner.lv\\\/shop\\\/esthetic-house-cp-1-aquaxyl-complex-intense-moisture-conditioner-100-500ml\\\/\"]}]},{\"@type\":\"ImageObject\",\"inLanguage\":\"en-US\",\"@id\":\"https:\\\/\\\/www.facecorner.lv\\\/shop\\\/esthetic-house-cp-1-aquaxyl-complex-intense-moisture-conditioner-100-500ml\\\/#primaryimage\",\"url\":\"https:\\\/\\\/www.facecorner.lv\\\/wp-content\\\/uploads\\\/2023\\\/08\\\/kondiczioner-esthetic-house-cp-1-aquaxyl-complex-intense-moisture.jpeg\",\"contentUrl\":\"https:\\\/\\\/www.facecorner.lv\\\/wp-content\\\/uploads\\\/2023\\\/08\\\/kondiczioner-esthetic-house-cp-1-aquaxyl-complex-intense-moisture.jpeg\",\"width\":800,\"height\":800},{\"@type\":\"BreadcrumbList\",\"@id\":\"https:\\\/\\\/www.facecorner.lv\\\/shop\\\/esthetic-house-cp-1-aquaxyl-complex-intense-moisture-conditioner-100-500ml\\\/#breadcrumb\",\"itemListElement\":[{\"@type\":\"ListItem\",\"position\":1,\"name\":\"Home\",\"item\":\"https:\\\/\\\/www.facecorner.lv\\\/\"},{\"@type\":\"ListItem\",\"position\":2,\"name\":\"Veikals\",\"item\":\"https:\\\/\\\/www.facecorner.lv\\\/shop\\\/\"},{\"@type\":\"ListItem\",\"position\":3,\"name\":\"Esthetic House CP-1 Aquaxyl Complex Intense Moisture Conditioner 100\\\/500ml\"}]},{\"@type\":\"WebSite\",\"@id\":\"https:\\\/\\\/www.facecorner.lv\\\/#website\",\"url\":\"https:\\\/\\\/www.facecorner.lv\\\/\",\"name\":\"Facecorner\",\"description\":\"\",\"publisher\":{\"@id\":\"https:\\\/\\\/www.facecorner.lv\\\/#organization\"},\"potentialAction\":[{\"@type\":\"SearchAction\",\"target\":{\"@type\":\"EntryPoint\",\"urlTemplate\":\"https:\\\/\\\/www.facecorner.lv\\\/?s={search_term_string}\"},\"query-input\":{\"@type\":\"PropertyValueSpecification\",\"valueRequired\":true,\"valueName\":\"search_term_string\"}}],\"inLanguage\":\"en-US\"},{\"@type\":\"Organization\",\"@id\":\"https:\\\/\\\/www.facecorner.lv\\\/#organization\",\"name\":\"Facecorner\",\"url\":\"https:\\\/\\\/www.facecorner.lv\\\/\",\"logo\":{\"@type\":\"ImageObject\",\"inLanguage\":\"en-US\",\"@id\":\"https:\\\/\\\/www.facecorner.lv\\\/#\\\/schema\\\/logo\\\/image\\\/\",\"url\":\"https:\\\/\\\/www.facecorner.lv\\\/wp-content\\\/uploads\\\/2024\\\/04\\\/fc-logo.jpg\",\"contentUrl\":\"https:\\\/\\\/www.facecorner.lv\\\/wp-content\\\/uploads\\\/2024\\\/04\\\/fc-logo.jpg\",\"width\":174,\"height\":28,\"caption\":\"Facecorner\"},\"image\":{\"@id\":\"https:\\\/\\\/www.facecorner.lv\\\/#\\\/schema\\\/logo\\\/image\\\/\"},\"sameAs\":[\"https:\\\/\\\/www.facebook.com\\\/profile.php?id=100063824551839\",\"https:\\\/\\\/www.instagram.com\\\/facecorner_shop\\\/\"]}]}<\/script>\n<meta property=\"og:availability\" content=\"out of stock\" \/>\n<meta property=\"product:availability\" content=\"out of stock\" \/>\n<meta property=\"product:condition\" content=\"new\" \/>\n<!-- \/ Yoast SEO plugin. -->","yoast_head_json":{"title":"Esthetic House CP-1 Aquaxyl Complex Intense Moisture Conditioner 100\/500ml - FACECORNER","robots":{"index":"index","follow":"follow","max-snippet":"max-snippet:-1","max-image-preview":"max-image-preview:large","max-video-preview":"max-video-preview:-1"},"canonical":"https:\/\/www.facecorner.lv\/en\/shop\/esthetic-house-cp-1-aquaxyl-complex-intense-moisture-conditioner-100-500ml\/","og_locale":"en_US","og_type":"article","og_title":"Esthetic House CP-1 Aquaxyl Complex Intense Moisture Conditioner 100\/500ml - FACECORNER","og_description":"Mitrino\u0161s kondicionieris ar aminosk\u0101b\u0113m Esthetic House CP-1 Aquaxyl Complex Intense Moisture Conditioner ir 2023. gada jaunums no atz\u012bt\u0101 z\u012bmola CP-1, kas apvieno intens\u012bvu mitrin\u0101\u0161anu, uzturu un atjauno\u0161anos bez sv\u0113r\u0161anas, jo satur tikai viena veida silikonu. Kondicionieris ir bag\u0101ts ar mitrino\u0161\u0101m un atjaunojo\u0161\u0101m sast\u0101vda\u013c\u0101m: \u013coti mitrino\u0161s Aquaxyl komplekss, aminosk\u0101bes, e\u013c\u013cas komplekss, hidroliz\u0113ts kolag\u0113ns, kerat\u012bns un elast\u012bns. [&hellip;]","og_url":"https:\/\/www.facecorner.lv\/en\/shop\/esthetic-house-cp-1-aquaxyl-complex-intense-moisture-conditioner-100-500ml\/","og_site_name":"FACECORNER","article_publisher":"https:\/\/www.facebook.com\/profile.php?id=100063824551839","article_modified_time":"2025-09-23T11:30:07+00:00","og_image":[{"width":800,"height":800,"url":"https:\/\/www.facecorner.lv\/wp-content\/uploads\/2023\/08\/kondiczioner-esthetic-house-cp-1-aquaxyl-complex-intense-moisture.jpeg","type":"image\/jpeg"}],"twitter_card":"summary_large_image","twitter_misc":{"Availability":"Out of stock"},"schema":{"@context":"https:\/\/schema.org","@graph":[{"@type":"WebPage","@id":"https:\/\/www.facecorner.lv\/shop\/esthetic-house-cp-1-aquaxyl-complex-intense-moisture-conditioner-100-500ml\/","url":"https:\/\/www.facecorner.lv\/shop\/esthetic-house-cp-1-aquaxyl-complex-intense-moisture-conditioner-100-500ml\/","name":"Esthetic House CP-1 Aquaxyl Complex Intense Moisture Conditioner 100\/500ml - FACECORNER","isPartOf":{"@id":"https:\/\/www.facecorner.lv\/#website"},"primaryImageOfPage":{"@id":"https:\/\/www.facecorner.lv\/shop\/esthetic-house-cp-1-aquaxyl-complex-intense-moisture-conditioner-100-500ml\/#primaryimage"},"image":{"@id":"https:\/\/www.facecorner.lv\/shop\/esthetic-house-cp-1-aquaxyl-complex-intense-moisture-conditioner-100-500ml\/#primaryimage"},"thumbnailUrl":"https:\/\/www.facecorner.lv\/wp-content\/uploads\/2023\/08\/kondiczioner-esthetic-house-cp-1-aquaxyl-complex-intense-moisture.jpeg","datePublished":"2023-08-24T08:43:10+00:00","dateModified":"2025-09-23T11:30:07+00:00","breadcrumb":{"@id":"https:\/\/www.facecorner.lv\/shop\/esthetic-house-cp-1-aquaxyl-complex-intense-moisture-conditioner-100-500ml\/#breadcrumb"},"inLanguage":"en-US","potentialAction":[{"@type":"ReadAction","target":["https:\/\/www.facecorner.lv\/shop\/esthetic-house-cp-1-aquaxyl-complex-intense-moisture-conditioner-100-500ml\/"]}]},{"@type":"ImageObject","inLanguage":"en-US","@id":"https:\/\/www.facecorner.lv\/shop\/esthetic-house-cp-1-aquaxyl-complex-intense-moisture-conditioner-100-500ml\/#primaryimage","url":"https:\/\/www.facecorner.lv\/wp-content\/uploads\/2023\/08\/kondiczioner-esthetic-house-cp-1-aquaxyl-complex-intense-moisture.jpeg","contentUrl":"https:\/\/www.facecorner.lv\/wp-content\/uploads\/2023\/08\/kondiczioner-esthetic-house-cp-1-aquaxyl-complex-intense-moisture.jpeg","width":800,"height":800},{"@type":"BreadcrumbList","@id":"https:\/\/www.facecorner.lv\/shop\/esthetic-house-cp-1-aquaxyl-complex-intense-moisture-conditioner-100-500ml\/#breadcrumb","itemListElement":[{"@type":"ListItem","position":1,"name":"Home","item":"https:\/\/www.facecorner.lv\/"},{"@type":"ListItem","position":2,"name":"Veikals","item":"https:\/\/www.facecorner.lv\/shop\/"},{"@type":"ListItem","position":3,"name":"Esthetic House CP-1 Aquaxyl Complex Intense Moisture Conditioner 100\/500ml"}]},{"@type":"WebSite","@id":"https:\/\/www.facecorner.lv\/#website","url":"https:\/\/www.facecorner.lv\/","name":"Facecorner","description":"","publisher":{"@id":"https:\/\/www.facecorner.lv\/#organization"},"potentialAction":[{"@type":"SearchAction","target":{"@type":"EntryPoint","urlTemplate":"https:\/\/www.facecorner.lv\/?s={search_term_string}"},"query-input":{"@type":"PropertyValueSpecification","valueRequired":true,"valueName":"search_term_string"}}],"inLanguage":"en-US"},{"@type":"Organization","@id":"https:\/\/www.facecorner.lv\/#organization","name":"Facecorner","url":"https:\/\/www.facecorner.lv\/","logo":{"@type":"ImageObject","inLanguage":"en-US","@id":"https:\/\/www.facecorner.lv\/#\/schema\/logo\/image\/","url":"https:\/\/www.facecorner.lv\/wp-content\/uploads\/2024\/04\/fc-logo.jpg","contentUrl":"https:\/\/www.facecorner.lv\/wp-content\/uploads\/2024\/04\/fc-logo.jpg","width":174,"height":28,"caption":"Facecorner"},"image":{"@id":"https:\/\/www.facecorner.lv\/#\/schema\/logo\/image\/"},"sameAs":["https:\/\/www.facebook.com\/profile.php?id=100063824551839","https:\/\/www.instagram.com\/facecorner_shop\/"]}]},"og_availability":"out of stock","product_availability":"out of stock","product_condition":"new"},"_links":{"self":[{"href":"https:\/\/www.facecorner.lv\/en\/wp-json\/wp\/v2\/product\/12007","targetHints":{"allow":["GET"]}}],"collection":[{"href":"https:\/\/www.facecorner.lv\/en\/wp-json\/wp\/v2\/product"}],"about":[{"href":"https:\/\/www.facecorner.lv\/en\/wp-json\/wp\/v2\/types\/product"}],"replies":[{"embeddable":true,"href":"https:\/\/www.facecorner.lv\/en\/wp-json\/wp\/v2\/comments?post=12007"}],"wp:featuredmedia":[{"embeddable":true,"href":"https:\/\/www.facecorner.lv\/en\/wp-json\/wp\/v2\/media\/12008"}],"wp:attachment":[{"href":"https:\/\/www.facecorner.lv\/en\/wp-json\/wp\/v2\/media?parent=12007"}],"wp:term":[{"taxonomy":"product_brand","embeddable":true,"href":"https:\/\/www.facecorner.lv\/en\/wp-json\/wp\/v2\/product_brand?post=12007"},{"taxonomy":"product_cat","embeddable":true,"href":"https:\/\/www.facecorner.lv\/en\/wp-json\/wp\/v2\/product_cat?post=12007"},{"taxonomy":"product_tag","embeddable":true,"href":"https:\/\/www.facecorner.lv\/en\/wp-json\/wp\/v2\/product_tag?post=12007"},{"taxonomy":"berocket_brand","embeddable":true,"href":"https:\/\/www.facecorner.lv\/en\/wp-json\/wp\/v2\/berocket_brand?post=12007"}],"curies":[{"name":"wp","href":"https:\/\/api.w.org\/{rel}","templated":true}]}}