{"id":11922,"date":"2023-08-15T15:22:45","date_gmt":"2023-08-15T13:22:45","guid":{"rendered":"https:\/\/www.facecorner.lv\/?post_type=product&#038;p=11922"},"modified":"2024-04-21T20:37:00","modified_gmt":"2024-04-21T18:37:00","slug":"klairs-rich-moist-soothing-cream-80ml","status":"publish","type":"product","link":"https:\/\/www.facecorner.lv\/en\/shop\/klairs-rich-moist-soothing-cream-80ml\/","title":{"rendered":"Klairs Rich Moist Soothing Cream  80ml"},"content":{"rendered":"<p>Klairs Rich Moist Soothing Cream atjauno lip\u012bdu barjeru, nofiks\u0113 mitrumu \u0161\u016bn\u0101s un uztur optim\u0101lu hidrat\u0101cijas l\u012bmeni.<\/p>\n<p>Tam ir nomierino\u0161a iedarb\u012bba, mazina niezi un iekaisumu, pal\u012bdz atbr\u012bvoties no lob\u012b\u0161an\u0101s un sausuma.<\/p>\n<p>\u0160is veg\u0101niskais kr\u0113ms uz beta-glik\u0101na b\u0101zes ir v\u0113rsts uz dzi\u013cu intens\u012bvu mitrin\u0101\u0161anu, \u0101tri nov\u0113r\u0161 savilktuma un sausuma saj\u016btu. Nekairino\u0161s un piem\u0113rots pat visjut\u012bg\u0101kajai \u0101dai.<\/p>\n<p>Tas aktiviz\u0113 \u0161\u016bnu atjauno\u0161anos, stiprina epidermas lip\u012bdu barjeru un aizsarg\u0101 pret agres\u012bviem \u0101r\u0113jiem faktoriem.<\/p>\n<p>Normaliz\u0113 \u016bdens-tauku l\u012bdzsvaru, tiek gal\u0101 ar sausumu un lob\u012b\u0161anos p\u0113c iesp\u0113jas \u012bs\u0101k\u0101 laik\u0101.<\/p>\n<p>Pateicoties akt\u012bvajam mitrino\u0161ajam sast\u0101vam, kr\u0113mu var lietot uzreiz p\u0113c tonera, neizmantojot serumu vai esenci.<\/p>\n<p><strong>Main active ingredients:<\/strong><\/p>\n<ul>\n<li>Beta-glik\u0101ns ir polisahar\u012bds, dabisks im\u016bnstimulants, kas izol\u0113ts no auz\u0101m. Tam ir im\u016bnmodul\u0113jo\u0161a, antioksidanta iedarb\u012bba, aizsarg\u0101jot un atjaunojot boj\u0101tu \u0101du, k\u0101 ar\u012b nov\u0113r\u0161ot priek\u0161laic\u012bgu noveco\u0161anos.<\/li>\n<li>Hialuronsk\u0101be ir atbild\u012bga par dzi\u013cu mitrin\u0101\u0161anu un optim\u0101la dabisk\u0101 ph l\u012bdzsvara l\u012bme\u0146a uztur\u0113\u0161anu. Hialuronsk\u0101be veido netveramu aizsargsl\u0101ni, kas nov\u0113r\u0161 mitruma iztvaiko\u0161anu un sniedz komfortablu svaiguma un mitrin\u0101\u0161anas saj\u016btu uz sejas.<\/li>\n<li>\u0160\u012b sviests m\u012bkstina, pal\u012bdz \u0101tri atjaunot \u0101du, re\u0123ener\u0113 un iedarbojas pret noveco\u0161anos, ir labs m\u012bkstino\u0161s, pretiekaisuma efekts un pa\u0101trina dz\u012b\u0161anu. Neaizsprosto poras.<\/li>\n<\/ul>\n<p>Kr\u0113ms nesatur etanolu, stero\u012bdus, m\u0101ksl\u012bg\u0101s kr\u0101svielas, gar\u0161as un dz\u012bvnieku izcelsmes sast\u0101vda\u013cas.<\/p>\n<p>Ieteicams sausai un jut\u012bgai \u0101dai.<\/p>\n<p><strong>How to use:<\/strong> Uzkl\u0101jiet nepiecie\u0161amo kr\u0113ma daudzumu uz t\u012bras, ar toniku samitrin\u0101tas \u0101das. Uzkl\u0101jiet papildu kr\u0113ma k\u0101rtu zon\u0101m, kur\u0101m nepiecie\u0161ama \u012bpa\u0161a mitrin\u0101\u0161ana.<\/p>\n<p><strong>Ingredientes:\u00a0<\/strong>Water, Glycerin, Caprylic\/Capric Triglyceride, Cyclopentasiloxane, Cetyl Alcohol, Glyceryl Stearate, Cetyl Ethylhexanoate, Butyrospermum Parkii (Shea) Butter, Simmondsia Chinensis (Jojoba) Seed Oil, Stearic Acid, Butylene Glycol, Sorbitan Sesquioleate, Microcrystalline Wax, Betaine, Sorbitan Stearate, PEG-100 Stearate, Dimethicone, Arginine, Carbomer, Chlorphenesin, Tocopheryl Acetate, Paeonia Suffruticosa Root Extract, Illicium Verum (Anise) Fruit Extract, Nelumbium Speciosum Flower Extract, Citrus Paradisi (Grapefruit) Fruit Extract, Scutellaria Baicalensis Root Extract, Citric Acid, Beta-Glucan, Hydrogenated Lecithin, Portulaca Oleracea Extract, 1,2-Hexanediol, Centella Asiatica Extract, Aloe Barbadensis Leaf Extract, Althaea Rosea Flower Extract, Sodium Hyaluronate, Ceramide NP, Disodium EDTA, Polyquaternium-51, Apium Graveolens (Celery) Extract, Brassica Rapa (Turnip) Leaf Extract, Oryza Sativa (Rice) Bran Extract, Brassica Oleracea Capitata (Cabbage) Leaf Extract, Disodium Adenosine Triphosphate, Daucus Carota Sativa (Carrot) Root Extract, Brassica Oleracea Italica (Broccoli) Extract, Solanum Lycopersicum (Tomato) Fruit\/Leaf\/Stem Extract, Lysine HCl, Sodium Ascorbyl Phosphate, Acetyl Methionine, Theanine, Proline, Palmitic Acid, Arachidic Acid, Oleic Acid, Sodium Hydroxide, Algin, Carica Papaya (Papaya) Fruit Extract, Natto Gum, Citrus Limon (Lemon) Peel Oil, Lavandula Angustifolia (Lavender) Oil, Citrus Aurantium Dulcis (Orange) Peel Oil, Pelargonium Graveolens Flower Oil, Cananga Odorata Flower Oil, Eucalyptus Globulus Leaf Oil<\/p>","protected":false},"excerpt":{"rendered":"<p>Klairs Rich Moist Soothing Cream atjauno lip\u012bdu barjeru, nofiks\u0113 mitrumu \u0161\u016bn\u0101s un uztur optim\u0101lu hidrat\u0101cijas l\u012bmeni. Tam ir nomierino\u0161a iedarb\u012bba, mazina niezi un iekaisumu, pal\u012bdz atbr\u012bvoties no lob\u012b\u0161an\u0101s un sausuma. \u0160is veg\u0101niskais kr\u0113ms uz beta-glik\u0101na b\u0101zes ir v\u0113rsts uz dzi\u013cu intens\u012bvu mitrin\u0101\u0161anu, \u0101tri nov\u0113r\u0161 savilktuma un sausuma saj\u016btu. Nekairino\u0161s un piem\u0113rots pat visjut\u012bg\u0101kajai \u0101dai. Tas [&hellip;]<\/p>\n","protected":false},"featured_media":11923,"comment_status":"open","ping_status":"closed","template":"","meta":{"site-sidebar-layout":"default","site-content-layout":"","ast-site-content-layout":"","site-content-style":"default","site-sidebar-style":"default","ast-global-header-display":"","ast-banner-title-visibility":"","ast-main-header-display":"","ast-hfb-above-header-display":"","ast-hfb-below-header-display":"","ast-hfb-mobile-header-display":"","site-post-title":"","ast-breadcrumbs-content":"","ast-featured-img":"","footer-sml-layout":"","theme-transparent-header-meta":"","adv-header-id-meta":"","stick-header-meta":"","header-above-stick-meta":"","header-main-stick-meta":"","header-below-stick-meta":"","astra-migrate-meta-layouts":"default","ast-page-background-enabled":"default","ast-page-background-meta":{"desktop":{"background-color":"var(--ast-global-color-4)","background-image":"","background-repeat":"repeat","background-position":"center center","background-size":"auto","background-attachment":"scroll","background-type":"","background-media":"","overlay-type":"","overlay-color":"","overlay-opacity":"","overlay-gradient":""},"tablet":{"background-color":"","background-image":"","background-repeat":"repeat","background-position":"center center","background-size":"auto","background-attachment":"scroll","background-type":"","background-media":"","overlay-type":"","overlay-color":"","overlay-opacity":"","overlay-gradient":""},"mobile":{"background-color":"","background-image":"","background-repeat":"repeat","background-position":"center center","background-size":"auto","background-attachment":"scroll","background-type":"","background-media":"","overlay-type":"","overlay-color":"","overlay-opacity":"","overlay-gradient":""}},"ast-content-background-meta":{"desktop":{"background-color":"var(--ast-global-color-5)","background-image":"","background-repeat":"repeat","background-position":"center center","background-size":"auto","background-attachment":"scroll","background-type":"","background-media":"","overlay-type":"","overlay-color":"","overlay-opacity":"","overlay-gradient":""},"tablet":{"background-color":"var(--ast-global-color-5)","background-image":"","background-repeat":"repeat","background-position":"center center","background-size":"auto","background-attachment":"scroll","background-type":"","background-media":"","overlay-type":"","overlay-color":"","overlay-opacity":"","overlay-gradient":""},"mobile":{"background-color":"var(--ast-global-color-5)","background-image":"","background-repeat":"repeat","background-position":"center center","background-size":"auto","background-attachment":"scroll","background-type":"","background-media":"","overlay-type":"","overlay-color":"","overlay-opacity":"","overlay-gradient":""}}},"product_brand":[],"product_cat":[365,366,367,362],"product_tag":[],"berocket_brand":[],"class_list":{"0":"post-11922","1":"product","2":"type-product","3":"status-publish","4":"has-post-thumbnail","6":"product_cat-barojoss","7":"product_cat-mitrinoss","8":"product_cat-nomierinoss","9":"product_cat-sejas-krems","10":"desktop-align-left","11":"tablet-align-left","12":"mobile-align-left","14":"first","15":"outofstock","16":"taxable","17":"shipping-taxable","18":"purchasable","19":"product-type-simple","20":"add-to-wishlist-before_image"},"yoast_head":"<!-- This site is optimized with the Yoast SEO plugin v27.4 - https:\/\/yoast.com\/product\/yoast-seo-wordpress\/ -->\n<title>Klairs Rich Moist Soothing Cream 80ml - FACECORNER<\/title>\n<meta name=\"robots\" content=\"index, follow, max-snippet:-1, max-image-preview:large, max-video-preview:-1\" \/>\n<link rel=\"canonical\" href=\"https:\/\/www.facecorner.lv\/en\/shop\/klairs-rich-moist-soothing-cream-80ml\/\" \/>\n<meta property=\"og:locale\" content=\"en_US\" \/>\n<meta property=\"og:type\" content=\"article\" \/>\n<meta property=\"og:title\" content=\"Klairs Rich Moist Soothing Cream 80ml - FACECORNER\" \/>\n<meta property=\"og:description\" content=\"Klairs Rich Moist Soothing Cream atjauno lip\u012bdu barjeru, nofiks\u0113 mitrumu \u0161\u016bn\u0101s un uztur optim\u0101lu hidrat\u0101cijas l\u012bmeni. Tam ir nomierino\u0161a iedarb\u012bba, mazina niezi un iekaisumu, pal\u012bdz atbr\u012bvoties no lob\u012b\u0161an\u0101s un sausuma. \u0160is veg\u0101niskais kr\u0113ms uz beta-glik\u0101na b\u0101zes ir v\u0113rsts uz dzi\u013cu intens\u012bvu mitrin\u0101\u0161anu, \u0101tri nov\u0113r\u0161 savilktuma un sausuma saj\u016btu. Nekairino\u0161s un piem\u0113rots pat visjut\u012bg\u0101kajai \u0101dai. Tas [&hellip;]\" \/>\n<meta property=\"og:url\" content=\"https:\/\/www.facecorner.lv\/en\/shop\/klairs-rich-moist-soothing-cream-80ml\/\" \/>\n<meta property=\"og:site_name\" content=\"FACECORNER\" \/>\n<meta property=\"article:publisher\" content=\"https:\/\/www.facebook.com\/profile.php?id=100063824551839\" \/>\n<meta property=\"article:modified_time\" content=\"2024-04-21T18:37:00+00:00\" \/>\n<meta property=\"og:image\" content=\"https:\/\/www.facecorner.lv\/wp-content\/uploads\/2023\/08\/611PvsWxDL.jpeg\" \/>\n\t<meta property=\"og:image:width\" content=\"1000\" \/>\n\t<meta property=\"og:image:height\" content=\"1000\" \/>\n\t<meta property=\"og:image:type\" content=\"image\/jpeg\" \/>\n<meta name=\"twitter:card\" content=\"summary_large_image\" \/>\n<meta name=\"twitter:label1\" content=\"Price\" \/>\n\t<meta name=\"twitter:data1\" content=\"&euro;28.90\" \/>\n\t<meta name=\"twitter:label2\" content=\"Availability\" \/>\n\t<meta name=\"twitter:data2\" content=\"Out of stock\" \/>\n<script type=\"application\/ld+json\" class=\"yoast-schema-graph\">{\"@context\":\"https:\\\/\\\/schema.org\",\"@graph\":[{\"@type\":\"WebPage\",\"@id\":\"https:\\\/\\\/www.facecorner.lv\\\/shop\\\/klairs-rich-moist-soothing-cream-80ml\\\/\",\"url\":\"https:\\\/\\\/www.facecorner.lv\\\/shop\\\/klairs-rich-moist-soothing-cream-80ml\\\/\",\"name\":\"Klairs Rich Moist Soothing Cream 80ml - FACECORNER\",\"isPartOf\":{\"@id\":\"https:\\\/\\\/www.facecorner.lv\\\/#website\"},\"primaryImageOfPage\":{\"@id\":\"https:\\\/\\\/www.facecorner.lv\\\/shop\\\/klairs-rich-moist-soothing-cream-80ml\\\/#primaryimage\"},\"image\":{\"@id\":\"https:\\\/\\\/www.facecorner.lv\\\/shop\\\/klairs-rich-moist-soothing-cream-80ml\\\/#primaryimage\"},\"thumbnailUrl\":\"https:\\\/\\\/www.facecorner.lv\\\/wp-content\\\/uploads\\\/2023\\\/08\\\/611PvsWxDL.jpeg\",\"datePublished\":\"2023-08-15T13:22:45+00:00\",\"dateModified\":\"2024-04-21T18:37:00+00:00\",\"breadcrumb\":{\"@id\":\"https:\\\/\\\/www.facecorner.lv\\\/shop\\\/klairs-rich-moist-soothing-cream-80ml\\\/#breadcrumb\"},\"inLanguage\":\"en-US\",\"potentialAction\":[{\"@type\":\"ReadAction\",\"target\":[\"https:\\\/\\\/www.facecorner.lv\\\/shop\\\/klairs-rich-moist-soothing-cream-80ml\\\/\"]}]},{\"@type\":\"ImageObject\",\"inLanguage\":\"en-US\",\"@id\":\"https:\\\/\\\/www.facecorner.lv\\\/shop\\\/klairs-rich-moist-soothing-cream-80ml\\\/#primaryimage\",\"url\":\"https:\\\/\\\/www.facecorner.lv\\\/wp-content\\\/uploads\\\/2023\\\/08\\\/611PvsWxDL.jpeg\",\"contentUrl\":\"https:\\\/\\\/www.facecorner.lv\\\/wp-content\\\/uploads\\\/2023\\\/08\\\/611PvsWxDL.jpeg\",\"width\":1000,\"height\":1000},{\"@type\":\"BreadcrumbList\",\"@id\":\"https:\\\/\\\/www.facecorner.lv\\\/shop\\\/klairs-rich-moist-soothing-cream-80ml\\\/#breadcrumb\",\"itemListElement\":[{\"@type\":\"ListItem\",\"position\":1,\"name\":\"Home\",\"item\":\"https:\\\/\\\/www.facecorner.lv\\\/\"},{\"@type\":\"ListItem\",\"position\":2,\"name\":\"Veikals\",\"item\":\"https:\\\/\\\/www.facecorner.lv\\\/shop\\\/\"},{\"@type\":\"ListItem\",\"position\":3,\"name\":\"Klairs Rich Moist Soothing Cream 80ml\"}]},{\"@type\":\"WebSite\",\"@id\":\"https:\\\/\\\/www.facecorner.lv\\\/#website\",\"url\":\"https:\\\/\\\/www.facecorner.lv\\\/\",\"name\":\"Facecorner\",\"description\":\"\",\"publisher\":{\"@id\":\"https:\\\/\\\/www.facecorner.lv\\\/#organization\"},\"potentialAction\":[{\"@type\":\"SearchAction\",\"target\":{\"@type\":\"EntryPoint\",\"urlTemplate\":\"https:\\\/\\\/www.facecorner.lv\\\/?s={search_term_string}\"},\"query-input\":{\"@type\":\"PropertyValueSpecification\",\"valueRequired\":true,\"valueName\":\"search_term_string\"}}],\"inLanguage\":\"en-US\"},{\"@type\":\"Organization\",\"@id\":\"https:\\\/\\\/www.facecorner.lv\\\/#organization\",\"name\":\"Facecorner\",\"url\":\"https:\\\/\\\/www.facecorner.lv\\\/\",\"logo\":{\"@type\":\"ImageObject\",\"inLanguage\":\"en-US\",\"@id\":\"https:\\\/\\\/www.facecorner.lv\\\/#\\\/schema\\\/logo\\\/image\\\/\",\"url\":\"https:\\\/\\\/www.facecorner.lv\\\/wp-content\\\/uploads\\\/2024\\\/04\\\/fc-logo.jpg\",\"contentUrl\":\"https:\\\/\\\/www.facecorner.lv\\\/wp-content\\\/uploads\\\/2024\\\/04\\\/fc-logo.jpg\",\"width\":174,\"height\":28,\"caption\":\"Facecorner\"},\"image\":{\"@id\":\"https:\\\/\\\/www.facecorner.lv\\\/#\\\/schema\\\/logo\\\/image\\\/\"},\"sameAs\":[\"https:\\\/\\\/www.facebook.com\\\/profile.php?id=100063824551839\",\"https:\\\/\\\/www.instagram.com\\\/facecorner_shop\\\/\"]}]}<\/script>\n<meta property=\"product:price:amount\" content=\"28.90\" \/>\n<meta property=\"product:price:currency\" content=\"EUR\" \/>\n<meta property=\"og:availability\" content=\"out of stock\" \/>\n<meta property=\"product:availability\" content=\"out of stock\" \/>\n<meta property=\"product:condition\" content=\"new\" \/>\n<!-- \/ Yoast SEO plugin. -->","yoast_head_json":{"title":"Klairs Rich Moist Soothing Cream 80ml - FACECORNER","robots":{"index":"index","follow":"follow","max-snippet":"max-snippet:-1","max-image-preview":"max-image-preview:large","max-video-preview":"max-video-preview:-1"},"canonical":"https:\/\/www.facecorner.lv\/en\/shop\/klairs-rich-moist-soothing-cream-80ml\/","og_locale":"en_US","og_type":"article","og_title":"Klairs Rich Moist Soothing Cream 80ml - FACECORNER","og_description":"Klairs Rich Moist Soothing Cream atjauno lip\u012bdu barjeru, nofiks\u0113 mitrumu \u0161\u016bn\u0101s un uztur optim\u0101lu hidrat\u0101cijas l\u012bmeni. Tam ir nomierino\u0161a iedarb\u012bba, mazina niezi un iekaisumu, pal\u012bdz atbr\u012bvoties no lob\u012b\u0161an\u0101s un sausuma. \u0160is veg\u0101niskais kr\u0113ms uz beta-glik\u0101na b\u0101zes ir v\u0113rsts uz dzi\u013cu intens\u012bvu mitrin\u0101\u0161anu, \u0101tri nov\u0113r\u0161 savilktuma un sausuma saj\u016btu. Nekairino\u0161s un piem\u0113rots pat visjut\u012bg\u0101kajai \u0101dai. Tas [&hellip;]","og_url":"https:\/\/www.facecorner.lv\/en\/shop\/klairs-rich-moist-soothing-cream-80ml\/","og_site_name":"FACECORNER","article_publisher":"https:\/\/www.facebook.com\/profile.php?id=100063824551839","article_modified_time":"2024-04-21T18:37:00+00:00","og_image":[{"width":1000,"height":1000,"url":"https:\/\/www.facecorner.lv\/wp-content\/uploads\/2023\/08\/611PvsWxDL.jpeg","type":"image\/jpeg"}],"twitter_card":"summary_large_image","twitter_misc":{"Price":"&euro;28.90","Availability":"Out of stock"},"schema":{"@context":"https:\/\/schema.org","@graph":[{"@type":"WebPage","@id":"https:\/\/www.facecorner.lv\/shop\/klairs-rich-moist-soothing-cream-80ml\/","url":"https:\/\/www.facecorner.lv\/shop\/klairs-rich-moist-soothing-cream-80ml\/","name":"Klairs Rich Moist Soothing Cream 80ml - FACECORNER","isPartOf":{"@id":"https:\/\/www.facecorner.lv\/#website"},"primaryImageOfPage":{"@id":"https:\/\/www.facecorner.lv\/shop\/klairs-rich-moist-soothing-cream-80ml\/#primaryimage"},"image":{"@id":"https:\/\/www.facecorner.lv\/shop\/klairs-rich-moist-soothing-cream-80ml\/#primaryimage"},"thumbnailUrl":"https:\/\/www.facecorner.lv\/wp-content\/uploads\/2023\/08\/611PvsWxDL.jpeg","datePublished":"2023-08-15T13:22:45+00:00","dateModified":"2024-04-21T18:37:00+00:00","breadcrumb":{"@id":"https:\/\/www.facecorner.lv\/shop\/klairs-rich-moist-soothing-cream-80ml\/#breadcrumb"},"inLanguage":"en-US","potentialAction":[{"@type":"ReadAction","target":["https:\/\/www.facecorner.lv\/shop\/klairs-rich-moist-soothing-cream-80ml\/"]}]},{"@type":"ImageObject","inLanguage":"en-US","@id":"https:\/\/www.facecorner.lv\/shop\/klairs-rich-moist-soothing-cream-80ml\/#primaryimage","url":"https:\/\/www.facecorner.lv\/wp-content\/uploads\/2023\/08\/611PvsWxDL.jpeg","contentUrl":"https:\/\/www.facecorner.lv\/wp-content\/uploads\/2023\/08\/611PvsWxDL.jpeg","width":1000,"height":1000},{"@type":"BreadcrumbList","@id":"https:\/\/www.facecorner.lv\/shop\/klairs-rich-moist-soothing-cream-80ml\/#breadcrumb","itemListElement":[{"@type":"ListItem","position":1,"name":"Home","item":"https:\/\/www.facecorner.lv\/"},{"@type":"ListItem","position":2,"name":"Veikals","item":"https:\/\/www.facecorner.lv\/shop\/"},{"@type":"ListItem","position":3,"name":"Klairs Rich Moist Soothing Cream 80ml"}]},{"@type":"WebSite","@id":"https:\/\/www.facecorner.lv\/#website","url":"https:\/\/www.facecorner.lv\/","name":"Facecorner","description":"","publisher":{"@id":"https:\/\/www.facecorner.lv\/#organization"},"potentialAction":[{"@type":"SearchAction","target":{"@type":"EntryPoint","urlTemplate":"https:\/\/www.facecorner.lv\/?s={search_term_string}"},"query-input":{"@type":"PropertyValueSpecification","valueRequired":true,"valueName":"search_term_string"}}],"inLanguage":"en-US"},{"@type":"Organization","@id":"https:\/\/www.facecorner.lv\/#organization","name":"Facecorner","url":"https:\/\/www.facecorner.lv\/","logo":{"@type":"ImageObject","inLanguage":"en-US","@id":"https:\/\/www.facecorner.lv\/#\/schema\/logo\/image\/","url":"https:\/\/www.facecorner.lv\/wp-content\/uploads\/2024\/04\/fc-logo.jpg","contentUrl":"https:\/\/www.facecorner.lv\/wp-content\/uploads\/2024\/04\/fc-logo.jpg","width":174,"height":28,"caption":"Facecorner"},"image":{"@id":"https:\/\/www.facecorner.lv\/#\/schema\/logo\/image\/"},"sameAs":["https:\/\/www.facebook.com\/profile.php?id=100063824551839","https:\/\/www.instagram.com\/facecorner_shop\/"]}]},"product_price_amount":"28.90","product_price_currency":"EUR","og_availability":"out of stock","product_availability":"out of stock","product_condition":"new"},"_links":{"self":[{"href":"https:\/\/www.facecorner.lv\/en\/wp-json\/wp\/v2\/product\/11922","targetHints":{"allow":["GET"]}}],"collection":[{"href":"https:\/\/www.facecorner.lv\/en\/wp-json\/wp\/v2\/product"}],"about":[{"href":"https:\/\/www.facecorner.lv\/en\/wp-json\/wp\/v2\/types\/product"}],"replies":[{"embeddable":true,"href":"https:\/\/www.facecorner.lv\/en\/wp-json\/wp\/v2\/comments?post=11922"}],"wp:featuredmedia":[{"embeddable":true,"href":"https:\/\/www.facecorner.lv\/en\/wp-json\/wp\/v2\/media\/11923"}],"wp:attachment":[{"href":"https:\/\/www.facecorner.lv\/en\/wp-json\/wp\/v2\/media?parent=11922"}],"wp:term":[{"taxonomy":"product_brand","embeddable":true,"href":"https:\/\/www.facecorner.lv\/en\/wp-json\/wp\/v2\/product_brand?post=11922"},{"taxonomy":"product_cat","embeddable":true,"href":"https:\/\/www.facecorner.lv\/en\/wp-json\/wp\/v2\/product_cat?post=11922"},{"taxonomy":"product_tag","embeddable":true,"href":"https:\/\/www.facecorner.lv\/en\/wp-json\/wp\/v2\/product_tag?post=11922"},{"taxonomy":"berocket_brand","embeddable":true,"href":"https:\/\/www.facecorner.lv\/en\/wp-json\/wp\/v2\/berocket_brand?post=11922"}],"curies":[{"name":"wp","href":"https:\/\/api.w.org\/{rel}","templated":true}]}}