{"id":11919,"date":"2023-08-15T15:16:14","date_gmt":"2023-08-15T13:16:14","guid":{"rendered":"https:\/\/www.facecorner.lv\/?post_type=product&#038;p=11919"},"modified":"2026-01-12T17:23:46","modified_gmt":"2026-01-12T14:23:46","slug":"dear-klairs-rich-moist-sooting-serum-80ml","status":"publish","type":"product","link":"https:\/\/www.facecorner.lv\/en\/shop\/dear-klairs-rich-moist-sooting-serum-80ml\/","title":{"rendered":"Dear, Klairs Rich Moist Sooting Serum 80ml"},"content":{"rendered":"<p>Klairs Rich Moist Sooting serums visiem \u0101das tipiem.<\/p>\n<p>Serums saglab\u0101 mitrumu \u0101das \u0161\u016bn\u0101s, nov\u0113r\u0161 dehidrat\u0101ciju, sasprindzin\u0101jumu un lob\u012b\u0161anos. Regul\u0101ras l\u012bdzek\u013ca lieto\u0161anas rezult\u0101t\u0101 \u0101da no iek\u0161puses tiek savelkta, izl\u012bdzin\u0101ta un ieg\u016bst svaig\u0101ku un jaun\u0101ku izskatu.<\/p>\n<p>Serums ir g\u0113la konsistences, viegli kl\u0101jas pa seju, \u0101tri ies\u016bcas, acumirkl\u012b pie\u0161\u0137irot \u0101dai gludumu, elast\u012bbu un maigumu.<\/p>\n<p><strong>Main active ingredients:<\/strong><\/p>\n<ul>\n<li>Centella asiatica ekstrakts mitrina, nomierina, mazina iekaisumu.<\/li>\n<li>Lakricas ekstrakts maigi atvieglo postaknes un citu nev\u0113lamu pigment\u0101ciju. Izl\u012bdzina kop\u0113jo \u0101das toni, uzlabo sejas kr\u0101su.<\/li>\n<li>Pantenolam piem\u012bt dziedino\u0161s, mitrino\u0161s un izl\u012bdzino\u0161s efekts.<\/li>\n<li>Argin\u012bnam ir br\u016b\u010du dziedino\u0161s un atjaunojo\u0161s efekts.<\/li>\n<li>Beta-glik\u0101ns ir polisahar\u012bds, dabisks im\u016bnstimulants, kas izol\u0113ts no auz\u0101m. Tam ir im\u016bnmodul\u0113jo\u0161a, antioksidanta iedarb\u012bba, aizsarg\u0101jot un atjaunojot boj\u0101tu \u0101du, k\u0101 ar\u012b nov\u0113r\u0161ot priek\u0161laic\u012bgu noveco\u0161anos.<\/li>\n<li>Lavandas ekstrakts dezinfic\u0113, \u0101rst\u0113 iekaisumus, nomierina.<\/li>\n<\/ul>\n<p>Serums nesatur silikonus, parab\u0113nus, miner\u0101le\u013c\u013cu. Tam ir piln\u012bgi dro\u0161s un dabisks sast\u0101vs.<\/p>\n<p><strong>How to use:<\/strong> Uzkl\u0101jiet serumu uz sejas p\u0113c t\u012br\u012b\u0161anas un toniz\u0113\u0161anas. Piem\u0113rots ikdienas lieto\u0161anai no r\u012bta un vakar\u0101.<\/p>\n<p><strong>Ingredientes:\u00a0<\/strong>Purified water, butylene glycol, dimethyl sulfone, betaine, propanediol, disodium EDTA, Spanish licorice root extract, Centella asiatica extract, algin, carbomer, 1,2-hexanediol, clofenesin, Tocopheryl Acetate, PEG-60 Hydrogenated Castor Oil, Peony Root Extract, Star Anise Extract, Lotus Extract, Grapefruit Extract, Golden.\u00a0 extract, glycerin, sodium hyaluronate, panthenol, loofah cucumber fruit\/leaf\/stem extract, aloe vera leaf extract, hollyhock extract, purslane extract, polyquaternium-51, celery extract turnip leaf extract, rice bran extract, cabbage extract , Carrot Extract, Broccoli Extract, Tomato Fruit\/Leaf\/Stem Extract, Beta-Glucan, Lysine HCL.\u00a0 Sodium Ascorbyl Phosphate, Acetyl Methionine, Theanine, Proline, Natto Gum<\/p>","protected":false},"excerpt":{"rendered":"<p>Klairs Rich Moist Sooting serums visiem \u0101das tipiem. Serums saglab\u0101 mitrumu \u0101das \u0161\u016bn\u0101s, nov\u0113r\u0161 dehidrat\u0101ciju, sasprindzin\u0101jumu un lob\u012b\u0161anos. Regul\u0101ras l\u012bdzek\u013ca lieto\u0161anas rezult\u0101t\u0101 \u0101da no iek\u0161puses tiek savelkta, izl\u012bdzin\u0101ta un ieg\u016bst svaig\u0101ku un jaun\u0101ku izskatu. Serums ir g\u0113la konsistences, viegli kl\u0101jas pa seju, \u0101tri ies\u016bcas, acumirkl\u012b pie\u0161\u0137irot \u0101dai gludumu, elast\u012bbu un maigumu. Galven\u0101s akt\u012bv\u0101s sast\u0101vda\u013cas: Centella [&hellip;]<\/p>\n","protected":false},"featured_media":11921,"comment_status":"open","ping_status":"closed","template":"","meta":{"site-sidebar-layout":"default","site-content-layout":"","ast-site-content-layout":"","site-content-style":"default","site-sidebar-style":"default","ast-global-header-display":"","ast-banner-title-visibility":"","ast-main-header-display":"","ast-hfb-above-header-display":"","ast-hfb-below-header-display":"","ast-hfb-mobile-header-display":"","site-post-title":"","ast-breadcrumbs-content":"","ast-featured-img":"","footer-sml-layout":"","theme-transparent-header-meta":"","adv-header-id-meta":"","stick-header-meta":"","header-above-stick-meta":"","header-main-stick-meta":"","header-below-stick-meta":"","astra-migrate-meta-layouts":"default","ast-page-background-enabled":"default","ast-page-background-meta":{"desktop":{"background-color":"var(--ast-global-color-4)","background-image":"","background-repeat":"repeat","background-position":"center center","background-size":"auto","background-attachment":"scroll","background-type":"","background-media":"","overlay-type":"","overlay-color":"","overlay-opacity":"","overlay-gradient":""},"tablet":{"background-color":"","background-image":"","background-repeat":"repeat","background-position":"center center","background-size":"auto","background-attachment":"scroll","background-type":"","background-media":"","overlay-type":"","overlay-color":"","overlay-opacity":"","overlay-gradient":""},"mobile":{"background-color":"","background-image":"","background-repeat":"repeat","background-position":"center center","background-size":"auto","background-attachment":"scroll","background-type":"","background-media":"","overlay-type":"","overlay-color":"","overlay-opacity":"","overlay-gradient":""}},"ast-content-background-meta":{"desktop":{"background-color":"var(--ast-global-color-5)","background-image":"","background-repeat":"repeat","background-position":"center center","background-size":"auto","background-attachment":"scroll","background-type":"","background-media":"","overlay-type":"","overlay-color":"","overlay-opacity":"","overlay-gradient":""},"tablet":{"background-color":"var(--ast-global-color-5)","background-image":"","background-repeat":"repeat","background-position":"center center","background-size":"auto","background-attachment":"scroll","background-type":"","background-media":"","overlay-type":"","overlay-color":"","overlay-opacity":"","overlay-gradient":""},"mobile":{"background-color":"var(--ast-global-color-5)","background-image":"","background-repeat":"repeat","background-position":"center center","background-size":"auto","background-attachment":"scroll","background-type":"","background-media":"","overlay-type":"","overlay-color":"","overlay-opacity":"","overlay-gradient":""}}},"product_brand":[],"product_cat":[370,371,372,379,363],"product_tag":[],"berocket_brand":[630],"class_list":{"0":"post-11919","1":"product","2":"type-product","3":"status-publish","4":"has-post-thumbnail","6":"product_cat-adas-mirdzumam","7":"product_cat-anti-age","8":"product_cat-jutigai-adai-serumi","9":"product_cat-sausai-adai-anti-age","10":"product_cat-serumi","11":"berocket_brand-dear-klairs","12":"desktop-align-left","13":"tablet-align-left","14":"mobile-align-left","16":"first","17":"outofstock","18":"taxable","19":"shipping-taxable","20":"purchasable","21":"product-type-simple","22":"add-to-wishlist-before_image"},"yoast_head":"<!-- This site is optimized with the Yoast SEO plugin v27.3 - https:\/\/yoast.com\/product\/yoast-seo-wordpress\/ -->\n<title>Dear, Klairs Rich Moist Sooting Serum 80ml - FACECORNER<\/title>\n<meta name=\"robots\" content=\"index, follow, max-snippet:-1, max-image-preview:large, max-video-preview:-1\" \/>\n<link rel=\"canonical\" href=\"https:\/\/www.facecorner.lv\/en\/shop\/dear-klairs-rich-moist-sooting-serum-80ml\/\" \/>\n<meta property=\"og:locale\" content=\"en_US\" \/>\n<meta property=\"og:type\" content=\"article\" \/>\n<meta property=\"og:title\" content=\"Dear, Klairs Rich Moist Sooting Serum 80ml - FACECORNER\" \/>\n<meta property=\"og:description\" content=\"Klairs Rich Moist Sooting serums visiem \u0101das tipiem. Serums saglab\u0101 mitrumu \u0101das \u0161\u016bn\u0101s, nov\u0113r\u0161 dehidrat\u0101ciju, sasprindzin\u0101jumu un lob\u012b\u0161anos. Regul\u0101ras l\u012bdzek\u013ca lieto\u0161anas rezult\u0101t\u0101 \u0101da no iek\u0161puses tiek savelkta, izl\u012bdzin\u0101ta un ieg\u016bst svaig\u0101ku un jaun\u0101ku izskatu. Serums ir g\u0113la konsistences, viegli kl\u0101jas pa seju, \u0101tri ies\u016bcas, acumirkl\u012b pie\u0161\u0137irot \u0101dai gludumu, elast\u012bbu un maigumu. Galven\u0101s akt\u012bv\u0101s sast\u0101vda\u013cas: Centella [&hellip;]\" \/>\n<meta property=\"og:url\" content=\"https:\/\/www.facecorner.lv\/en\/shop\/dear-klairs-rich-moist-sooting-serum-80ml\/\" \/>\n<meta property=\"og:site_name\" content=\"FACECORNER\" \/>\n<meta property=\"article:publisher\" content=\"https:\/\/www.facebook.com\/profile.php?id=100063824551839\" \/>\n<meta property=\"article:modified_time\" content=\"2026-01-12T14:23:46+00:00\" \/>\n<meta property=\"og:image\" content=\"https:\/\/www.facecorner.lv\/wp-content\/uploads\/2023\/08\/61fCdtiX0VS.jpeg\" \/>\n\t<meta property=\"og:image:width\" content=\"1080\" \/>\n\t<meta property=\"og:image:height\" content=\"1080\" \/>\n\t<meta property=\"og:image:type\" content=\"image\/jpeg\" \/>\n<meta name=\"twitter:card\" content=\"summary_large_image\" \/>\n<meta name=\"twitter:label1\" content=\"Price\" \/>\n\t<meta name=\"twitter:data1\" content=\"&euro;26.00\" \/>\n\t<meta name=\"twitter:label2\" content=\"Availability\" \/>\n\t<meta name=\"twitter:data2\" content=\"Out of stock\" \/>\n<script type=\"application\/ld+json\" class=\"yoast-schema-graph\">{\"@context\":\"https:\\\/\\\/schema.org\",\"@graph\":[{\"@type\":\"WebPage\",\"@id\":\"https:\\\/\\\/www.facecorner.lv\\\/shop\\\/dear-klairs-rich-moist-sooting-serum-80ml\\\/\",\"url\":\"https:\\\/\\\/www.facecorner.lv\\\/shop\\\/dear-klairs-rich-moist-sooting-serum-80ml\\\/\",\"name\":\"Dear, Klairs Rich Moist Sooting Serum 80ml - FACECORNER\",\"isPartOf\":{\"@id\":\"https:\\\/\\\/www.facecorner.lv\\\/#website\"},\"primaryImageOfPage\":{\"@id\":\"https:\\\/\\\/www.facecorner.lv\\\/shop\\\/dear-klairs-rich-moist-sooting-serum-80ml\\\/#primaryimage\"},\"image\":{\"@id\":\"https:\\\/\\\/www.facecorner.lv\\\/shop\\\/dear-klairs-rich-moist-sooting-serum-80ml\\\/#primaryimage\"},\"thumbnailUrl\":\"https:\\\/\\\/www.facecorner.lv\\\/wp-content\\\/uploads\\\/2023\\\/08\\\/61fCdtiX0VS.jpeg\",\"datePublished\":\"2023-08-15T13:16:14+00:00\",\"dateModified\":\"2026-01-12T14:23:46+00:00\",\"breadcrumb\":{\"@id\":\"https:\\\/\\\/www.facecorner.lv\\\/shop\\\/dear-klairs-rich-moist-sooting-serum-80ml\\\/#breadcrumb\"},\"inLanguage\":\"en-US\",\"potentialAction\":[{\"@type\":\"ReadAction\",\"target\":[\"https:\\\/\\\/www.facecorner.lv\\\/shop\\\/dear-klairs-rich-moist-sooting-serum-80ml\\\/\"]}]},{\"@type\":\"ImageObject\",\"inLanguage\":\"en-US\",\"@id\":\"https:\\\/\\\/www.facecorner.lv\\\/shop\\\/dear-klairs-rich-moist-sooting-serum-80ml\\\/#primaryimage\",\"url\":\"https:\\\/\\\/www.facecorner.lv\\\/wp-content\\\/uploads\\\/2023\\\/08\\\/61fCdtiX0VS.jpeg\",\"contentUrl\":\"https:\\\/\\\/www.facecorner.lv\\\/wp-content\\\/uploads\\\/2023\\\/08\\\/61fCdtiX0VS.jpeg\",\"width\":1080,\"height\":1080},{\"@type\":\"BreadcrumbList\",\"@id\":\"https:\\\/\\\/www.facecorner.lv\\\/shop\\\/dear-klairs-rich-moist-sooting-serum-80ml\\\/#breadcrumb\",\"itemListElement\":[{\"@type\":\"ListItem\",\"position\":1,\"name\":\"Home\",\"item\":\"https:\\\/\\\/www.facecorner.lv\\\/\"},{\"@type\":\"ListItem\",\"position\":2,\"name\":\"Veikals\",\"item\":\"https:\\\/\\\/www.facecorner.lv\\\/shop\\\/\"},{\"@type\":\"ListItem\",\"position\":3,\"name\":\"Dear, Klairs Rich Moist Sooting Serum 80ml\"}]},{\"@type\":\"WebSite\",\"@id\":\"https:\\\/\\\/www.facecorner.lv\\\/#website\",\"url\":\"https:\\\/\\\/www.facecorner.lv\\\/\",\"name\":\"Facecorner\",\"description\":\"\",\"publisher\":{\"@id\":\"https:\\\/\\\/www.facecorner.lv\\\/#organization\"},\"potentialAction\":[{\"@type\":\"SearchAction\",\"target\":{\"@type\":\"EntryPoint\",\"urlTemplate\":\"https:\\\/\\\/www.facecorner.lv\\\/?s={search_term_string}\"},\"query-input\":{\"@type\":\"PropertyValueSpecification\",\"valueRequired\":true,\"valueName\":\"search_term_string\"}}],\"inLanguage\":\"en-US\"},{\"@type\":\"Organization\",\"@id\":\"https:\\\/\\\/www.facecorner.lv\\\/#organization\",\"name\":\"Facecorner\",\"url\":\"https:\\\/\\\/www.facecorner.lv\\\/\",\"logo\":{\"@type\":\"ImageObject\",\"inLanguage\":\"en-US\",\"@id\":\"https:\\\/\\\/www.facecorner.lv\\\/#\\\/schema\\\/logo\\\/image\\\/\",\"url\":\"https:\\\/\\\/www.facecorner.lv\\\/wp-content\\\/uploads\\\/2024\\\/04\\\/fc-logo.jpg\",\"contentUrl\":\"https:\\\/\\\/www.facecorner.lv\\\/wp-content\\\/uploads\\\/2024\\\/04\\\/fc-logo.jpg\",\"width\":174,\"height\":28,\"caption\":\"Facecorner\"},\"image\":{\"@id\":\"https:\\\/\\\/www.facecorner.lv\\\/#\\\/schema\\\/logo\\\/image\\\/\"},\"sameAs\":[\"https:\\\/\\\/www.facebook.com\\\/profile.php?id=100063824551839\",\"https:\\\/\\\/www.instagram.com\\\/facecorner_shop\\\/\"]}]}<\/script>\n<meta property=\"product:price:amount\" content=\"26.00\" \/>\n<meta property=\"product:price:currency\" content=\"EUR\" \/>\n<meta property=\"og:availability\" content=\"out of stock\" \/>\n<meta property=\"product:availability\" content=\"out of stock\" \/>\n<meta property=\"product:condition\" content=\"new\" \/>\n<!-- \/ Yoast SEO plugin. -->","yoast_head_json":{"title":"Dear, Klairs Rich Moist Sooting Serum 80ml - FACECORNER","robots":{"index":"index","follow":"follow","max-snippet":"max-snippet:-1","max-image-preview":"max-image-preview:large","max-video-preview":"max-video-preview:-1"},"canonical":"https:\/\/www.facecorner.lv\/en\/shop\/dear-klairs-rich-moist-sooting-serum-80ml\/","og_locale":"en_US","og_type":"article","og_title":"Dear, Klairs Rich Moist Sooting Serum 80ml - FACECORNER","og_description":"Klairs Rich Moist Sooting serums visiem \u0101das tipiem. Serums saglab\u0101 mitrumu \u0101das \u0161\u016bn\u0101s, nov\u0113r\u0161 dehidrat\u0101ciju, sasprindzin\u0101jumu un lob\u012b\u0161anos. Regul\u0101ras l\u012bdzek\u013ca lieto\u0161anas rezult\u0101t\u0101 \u0101da no iek\u0161puses tiek savelkta, izl\u012bdzin\u0101ta un ieg\u016bst svaig\u0101ku un jaun\u0101ku izskatu. Serums ir g\u0113la konsistences, viegli kl\u0101jas pa seju, \u0101tri ies\u016bcas, acumirkl\u012b pie\u0161\u0137irot \u0101dai gludumu, elast\u012bbu un maigumu. Galven\u0101s akt\u012bv\u0101s sast\u0101vda\u013cas: Centella [&hellip;]","og_url":"https:\/\/www.facecorner.lv\/en\/shop\/dear-klairs-rich-moist-sooting-serum-80ml\/","og_site_name":"FACECORNER","article_publisher":"https:\/\/www.facebook.com\/profile.php?id=100063824551839","article_modified_time":"2026-01-12T14:23:46+00:00","og_image":[{"width":1080,"height":1080,"url":"https:\/\/www.facecorner.lv\/wp-content\/uploads\/2023\/08\/61fCdtiX0VS.jpeg","type":"image\/jpeg"}],"twitter_card":"summary_large_image","twitter_misc":{"Price":"&euro;26.00","Availability":"Out of stock"},"schema":{"@context":"https:\/\/schema.org","@graph":[{"@type":"WebPage","@id":"https:\/\/www.facecorner.lv\/shop\/dear-klairs-rich-moist-sooting-serum-80ml\/","url":"https:\/\/www.facecorner.lv\/shop\/dear-klairs-rich-moist-sooting-serum-80ml\/","name":"Dear, Klairs Rich Moist Sooting Serum 80ml - FACECORNER","isPartOf":{"@id":"https:\/\/www.facecorner.lv\/#website"},"primaryImageOfPage":{"@id":"https:\/\/www.facecorner.lv\/shop\/dear-klairs-rich-moist-sooting-serum-80ml\/#primaryimage"},"image":{"@id":"https:\/\/www.facecorner.lv\/shop\/dear-klairs-rich-moist-sooting-serum-80ml\/#primaryimage"},"thumbnailUrl":"https:\/\/www.facecorner.lv\/wp-content\/uploads\/2023\/08\/61fCdtiX0VS.jpeg","datePublished":"2023-08-15T13:16:14+00:00","dateModified":"2026-01-12T14:23:46+00:00","breadcrumb":{"@id":"https:\/\/www.facecorner.lv\/shop\/dear-klairs-rich-moist-sooting-serum-80ml\/#breadcrumb"},"inLanguage":"en-US","potentialAction":[{"@type":"ReadAction","target":["https:\/\/www.facecorner.lv\/shop\/dear-klairs-rich-moist-sooting-serum-80ml\/"]}]},{"@type":"ImageObject","inLanguage":"en-US","@id":"https:\/\/www.facecorner.lv\/shop\/dear-klairs-rich-moist-sooting-serum-80ml\/#primaryimage","url":"https:\/\/www.facecorner.lv\/wp-content\/uploads\/2023\/08\/61fCdtiX0VS.jpeg","contentUrl":"https:\/\/www.facecorner.lv\/wp-content\/uploads\/2023\/08\/61fCdtiX0VS.jpeg","width":1080,"height":1080},{"@type":"BreadcrumbList","@id":"https:\/\/www.facecorner.lv\/shop\/dear-klairs-rich-moist-sooting-serum-80ml\/#breadcrumb","itemListElement":[{"@type":"ListItem","position":1,"name":"Home","item":"https:\/\/www.facecorner.lv\/"},{"@type":"ListItem","position":2,"name":"Veikals","item":"https:\/\/www.facecorner.lv\/shop\/"},{"@type":"ListItem","position":3,"name":"Dear, Klairs Rich Moist Sooting Serum 80ml"}]},{"@type":"WebSite","@id":"https:\/\/www.facecorner.lv\/#website","url":"https:\/\/www.facecorner.lv\/","name":"Facecorner","description":"","publisher":{"@id":"https:\/\/www.facecorner.lv\/#organization"},"potentialAction":[{"@type":"SearchAction","target":{"@type":"EntryPoint","urlTemplate":"https:\/\/www.facecorner.lv\/?s={search_term_string}"},"query-input":{"@type":"PropertyValueSpecification","valueRequired":true,"valueName":"search_term_string"}}],"inLanguage":"en-US"},{"@type":"Organization","@id":"https:\/\/www.facecorner.lv\/#organization","name":"Facecorner","url":"https:\/\/www.facecorner.lv\/","logo":{"@type":"ImageObject","inLanguage":"en-US","@id":"https:\/\/www.facecorner.lv\/#\/schema\/logo\/image\/","url":"https:\/\/www.facecorner.lv\/wp-content\/uploads\/2024\/04\/fc-logo.jpg","contentUrl":"https:\/\/www.facecorner.lv\/wp-content\/uploads\/2024\/04\/fc-logo.jpg","width":174,"height":28,"caption":"Facecorner"},"image":{"@id":"https:\/\/www.facecorner.lv\/#\/schema\/logo\/image\/"},"sameAs":["https:\/\/www.facebook.com\/profile.php?id=100063824551839","https:\/\/www.instagram.com\/facecorner_shop\/"]}]},"product_price_amount":"26.00","product_price_currency":"EUR","og_availability":"out of stock","product_availability":"out of stock","product_condition":"new"},"_links":{"self":[{"href":"https:\/\/www.facecorner.lv\/en\/wp-json\/wp\/v2\/product\/11919","targetHints":{"allow":["GET"]}}],"collection":[{"href":"https:\/\/www.facecorner.lv\/en\/wp-json\/wp\/v2\/product"}],"about":[{"href":"https:\/\/www.facecorner.lv\/en\/wp-json\/wp\/v2\/types\/product"}],"replies":[{"embeddable":true,"href":"https:\/\/www.facecorner.lv\/en\/wp-json\/wp\/v2\/comments?post=11919"}],"wp:featuredmedia":[{"embeddable":true,"href":"https:\/\/www.facecorner.lv\/en\/wp-json\/wp\/v2\/media\/11921"}],"wp:attachment":[{"href":"https:\/\/www.facecorner.lv\/en\/wp-json\/wp\/v2\/media?parent=11919"}],"wp:term":[{"taxonomy":"product_brand","embeddable":true,"href":"https:\/\/www.facecorner.lv\/en\/wp-json\/wp\/v2\/product_brand?post=11919"},{"taxonomy":"product_cat","embeddable":true,"href":"https:\/\/www.facecorner.lv\/en\/wp-json\/wp\/v2\/product_cat?post=11919"},{"taxonomy":"product_tag","embeddable":true,"href":"https:\/\/www.facecorner.lv\/en\/wp-json\/wp\/v2\/product_tag?post=11919"},{"taxonomy":"berocket_brand","embeddable":true,"href":"https:\/\/www.facecorner.lv\/en\/wp-json\/wp\/v2\/berocket_brand?post=11919"}],"curies":[{"name":"wp","href":"https:\/\/api.w.org\/{rel}","templated":true}]}}