{"id":11916,"date":"2023-08-15T15:08:12","date_gmt":"2023-08-15T13:08:12","guid":{"rendered":"https:\/\/www.facecorner.lv\/?post_type=product&#038;p=11916"},"modified":"2024-11-29T00:08:11","modified_gmt":"2024-11-28T21:08:11","slug":"by-wishtrend-vitamin-75-maximizing-cream-50ml","status":"publish","type":"product","link":"https:\/\/www.facecorner.lv\/en\/shop\/by-wishtrend-vitamin-75-maximizing-cream-50ml\/","title":{"rendered":"By Wishtrend Vitamin 75 Maximizing Cream 50ml"},"content":{"rendered":"<p>By Wishtrend Vitamin 75 Maximizing Cream ir C vitam\u012bna kr\u0113ms uz smilts\u0113rk\u0161\u0137u hidrol\u0101ta b\u0101zes, kas bag\u0101ts ar C vitam\u012bnu. Kr\u0113ms ir piem\u0113rots norm\u0101lai, sausai, bl\u0101vai un \u201cnoguru\u0161ai\u201d \u0101dai. Tam ir viegla, \u0113rta tekst\u016bra, neatst\u0101j lip\u012bguma un taukainas saj\u016btas, \u0101tri ies\u016bcas. Maksim\u0101li mitrina \u0101du. Bag\u0101tin\u0101ts ar vitam\u012bniem, kuru d\u0113\u013c uzlabo un atsvaidzina sejas kr\u0101su, pie\u0161\u0137ir \u0101dai skaistu, dabisku mirdzumu.<\/p>\n<p><strong>Main active ingredients:<\/strong><\/p>\n<ul>\n<li>Pirmaj\u0101 viet\u0101 kr\u0113ma sast\u0101v\u0101 ir smilts\u0113rk\u0161\u0137u hidrol\u0101ts (Hippophae Rhamnoides Water) &#8211; tas ir slavens ar sav\u0101m br\u016b\u010du dziedino\u0161aj\u0101m \u012bpa\u0161\u012bb\u0101m, mazina kairin\u0101jumu, izl\u012bdzina grumbas, mitrina, un tam piem\u012bt antioksidanta aktivit\u0101te. Pal\u012bdz nov\u0113rst kairin\u0101jumu, aps\u0101rtumu un lok\u0101lu \u0101das sausumu, pie\u0161\u0137ir tai elast\u012bbu un nov\u0113r\u0161 priek\u0161laic\u012bgu noveco\u0161anos.<\/li>\n<li>Saulespu\u0137u e\u013c\u013ca (Helianthus Annuus (Sunflower) Seed Oil) m\u012bkstina un mitrina \u0101du, tai ir nomierino\u0161a un atjaunojo\u0161a iedarb\u012bba.<\/li>\n<li>Pantenols (Panthenol) \u2013 provitam\u012bnam B5 piem\u012bt dziedino\u0161s, mitrino\u0161s un izl\u012bdzino\u0161s efekts.<\/li>\n<\/ul>\n<p><strong>How to use:<\/strong> Uzkl\u0101jiet kr\u0113mu uz t\u012bras sejas \u0101das ar viegl\u0101m pirkstu galu kust\u012bb\u0101m. Piem\u0113rots ikdienas lieto\u0161anai.<\/p>\n<p><strong>Ingredientes:\u00a0<\/strong>Hippophae Rhamnoides Water, Butylene Glycol, Helianthus Annuus (Sunflower) Seed Oil, Glycerin, Cetearyl Alcohol, 1,2-Hexanediol, Cetearyl Olivate, Sorbitan Olivate, Hydroxyethyl Acrylate\/Sodium Acryloyldimethyl Taurate Copolymer, Betaine, Caprylic\/Capric Triglyceride, Elaeis Guineensis (Palm) Kernel Oil, Panthenol, Macadamia Ternifolia Seed Oil, Dimethicone, Beeswax, Elaeis Guineensis (Palm) Oil, Ethyl Hexanediol, Allantoin, Arginine, Xanthan Gum, Carbomer, Ethylhexylglycerin, Citrus Limon (Lemon) Peel Oil, Limonene, Citral<\/p>\n<p>&nbsp;<\/p>\n<p>&nbsp;<\/p>","protected":false},"excerpt":{"rendered":"<p>By Wishtrend Vitamin 75 Maximizing Cream ir C vitam\u012bna kr\u0113ms uz smilts\u0113rk\u0161\u0137u hidrol\u0101ta b\u0101zes, kas bag\u0101ts ar C vitam\u012bnu. Kr\u0113ms ir piem\u0113rots norm\u0101lai, sausai, bl\u0101vai un \u201cnoguru\u0161ai\u201d \u0101dai. Tam ir viegla, \u0113rta tekst\u016bra, neatst\u0101j lip\u012bguma un taukainas saj\u016btas, \u0101tri ies\u016bcas. Maksim\u0101li mitrina \u0101du. Bag\u0101tin\u0101ts ar vitam\u012bniem, kuru d\u0113\u013c uzlabo un atsvaidzina sejas kr\u0101su, pie\u0161\u0137ir \u0101dai [&hellip;]<\/p>\n","protected":false},"featured_media":11917,"comment_status":"open","ping_status":"closed","template":"","meta":{"site-sidebar-layout":"default","site-content-layout":"","ast-site-content-layout":"","site-content-style":"default","site-sidebar-style":"default","ast-global-header-display":"","ast-banner-title-visibility":"","ast-main-header-display":"","ast-hfb-above-header-display":"","ast-hfb-below-header-display":"","ast-hfb-mobile-header-display":"","site-post-title":"","ast-breadcrumbs-content":"","ast-featured-img":"","footer-sml-layout":"","theme-transparent-header-meta":"","adv-header-id-meta":"","stick-header-meta":"","header-above-stick-meta":"","header-main-stick-meta":"","header-below-stick-meta":"","astra-migrate-meta-layouts":"default","ast-page-background-enabled":"default","ast-page-background-meta":{"desktop":{"background-color":"var(--ast-global-color-4)","background-image":"","background-repeat":"repeat","background-position":"center center","background-size":"auto","background-attachment":"scroll","background-type":"","background-media":"","overlay-type":"","overlay-color":"","overlay-opacity":"","overlay-gradient":""},"tablet":{"background-color":"","background-image":"","background-repeat":"repeat","background-position":"center center","background-size":"auto","background-attachment":"scroll","background-type":"","background-media":"","overlay-type":"","overlay-color":"","overlay-opacity":"","overlay-gradient":""},"mobile":{"background-color":"","background-image":"","background-repeat":"repeat","background-position":"center center","background-size":"auto","background-attachment":"scroll","background-type":"","background-media":"","overlay-type":"","overlay-color":"","overlay-opacity":"","overlay-gradient":""}},"ast-content-background-meta":{"desktop":{"background-color":"var(--ast-global-color-5)","background-image":"","background-repeat":"repeat","background-position":"center center","background-size":"auto","background-attachment":"scroll","background-type":"","background-media":"","overlay-type":"","overlay-color":"","overlay-opacity":"","overlay-gradient":""},"tablet":{"background-color":"var(--ast-global-color-5)","background-image":"","background-repeat":"repeat","background-position":"center center","background-size":"auto","background-attachment":"scroll","background-type":"","background-media":"","overlay-type":"","overlay-color":"","overlay-opacity":"","overlay-gradient":""},"mobile":{"background-color":"var(--ast-global-color-5)","background-image":"","background-repeat":"repeat","background-position":"center center","background-size":"auto","background-attachment":"scroll","background-type":"","background-media":"","overlay-type":"","overlay-color":"","overlay-opacity":"","overlay-gradient":""}}},"product_brand":[],"product_cat":[365,380,366,367,368,369,381,379,362],"product_tag":[],"berocket_brand":[],"class_list":{"0":"post-11916","1":"product","2":"type-product","3":"status-publish","4":"has-post-thumbnail","6":"product_cat-barojoss","7":"product_cat-kombinetai-adai","8":"product_cat-mitrinoss","9":"product_cat-nomierinoss","10":"product_cat-pret-grumbam","11":"product_cat-problematiskai-adai-sejas-krems","12":"product_cat-problematiskai-un-taukainai-adai","13":"product_cat-sausai-adai-anti-age","14":"product_cat-sejas-krems","15":"desktop-align-left","16":"tablet-align-left","17":"mobile-align-left","19":"first","20":"outofstock","21":"taxable","22":"shipping-taxable","23":"purchasable","24":"product-type-simple","25":"add-to-wishlist-before_image"},"yoast_head":"<!-- This site is optimized with the Yoast SEO plugin v27.4 - https:\/\/yoast.com\/product\/yoast-seo-wordpress\/ -->\n<title>By Wishtrend Vitamin 75 Maximizing Cream 50ml - FACECORNER<\/title>\n<meta name=\"robots\" content=\"index, follow, max-snippet:-1, max-image-preview:large, max-video-preview:-1\" \/>\n<link rel=\"canonical\" href=\"https:\/\/www.facecorner.lv\/en\/shop\/by-wishtrend-vitamin-75-maximizing-cream-50ml\/\" \/>\n<meta property=\"og:locale\" content=\"en_US\" \/>\n<meta property=\"og:type\" content=\"article\" \/>\n<meta property=\"og:title\" content=\"By Wishtrend Vitamin 75 Maximizing Cream 50ml - FACECORNER\" \/>\n<meta property=\"og:description\" content=\"By Wishtrend Vitamin 75 Maximizing Cream ir C vitam\u012bna kr\u0113ms uz smilts\u0113rk\u0161\u0137u hidrol\u0101ta b\u0101zes, kas bag\u0101ts ar C vitam\u012bnu. Kr\u0113ms ir piem\u0113rots norm\u0101lai, sausai, bl\u0101vai un \u201cnoguru\u0161ai\u201d \u0101dai. Tam ir viegla, \u0113rta tekst\u016bra, neatst\u0101j lip\u012bguma un taukainas saj\u016btas, \u0101tri ies\u016bcas. Maksim\u0101li mitrina \u0101du. Bag\u0101tin\u0101ts ar vitam\u012bniem, kuru d\u0113\u013c uzlabo un atsvaidzina sejas kr\u0101su, pie\u0161\u0137ir \u0101dai [&hellip;]\" \/>\n<meta property=\"og:url\" content=\"https:\/\/www.facecorner.lv\/en\/shop\/by-wishtrend-vitamin-75-maximizing-cream-50ml\/\" \/>\n<meta property=\"og:site_name\" content=\"FACECORNER\" \/>\n<meta property=\"article:publisher\" content=\"https:\/\/www.facebook.com\/profile.php?id=100063824551839\" \/>\n<meta property=\"article:modified_time\" content=\"2024-11-28T21:08:11+00:00\" \/>\n<meta property=\"og:image\" content=\"https:\/\/www.facecorner.lv\/wp-content\/uploads\/2023\/08\/517T2sLERL.jpeg\" \/>\n\t<meta property=\"og:image:width\" content=\"1080\" \/>\n\t<meta property=\"og:image:height\" content=\"1080\" \/>\n\t<meta property=\"og:image:type\" content=\"image\/jpeg\" \/>\n<meta name=\"twitter:card\" content=\"summary_large_image\" \/>\n<meta name=\"twitter:label1\" content=\"Price\" \/>\n\t<meta name=\"twitter:data1\" content=\"&euro;29.90\" \/>\n\t<meta name=\"twitter:label2\" content=\"Availability\" \/>\n\t<meta name=\"twitter:data2\" content=\"Out of stock\" \/>\n<script type=\"application\/ld+json\" class=\"yoast-schema-graph\">{\"@context\":\"https:\\\/\\\/schema.org\",\"@graph\":[{\"@type\":\"WebPage\",\"@id\":\"https:\\\/\\\/www.facecorner.lv\\\/shop\\\/by-wishtrend-vitamin-75-maximizing-cream-50ml\\\/\",\"url\":\"https:\\\/\\\/www.facecorner.lv\\\/shop\\\/by-wishtrend-vitamin-75-maximizing-cream-50ml\\\/\",\"name\":\"By Wishtrend Vitamin 75 Maximizing Cream 50ml - FACECORNER\",\"isPartOf\":{\"@id\":\"https:\\\/\\\/www.facecorner.lv\\\/#website\"},\"primaryImageOfPage\":{\"@id\":\"https:\\\/\\\/www.facecorner.lv\\\/shop\\\/by-wishtrend-vitamin-75-maximizing-cream-50ml\\\/#primaryimage\"},\"image\":{\"@id\":\"https:\\\/\\\/www.facecorner.lv\\\/shop\\\/by-wishtrend-vitamin-75-maximizing-cream-50ml\\\/#primaryimage\"},\"thumbnailUrl\":\"https:\\\/\\\/www.facecorner.lv\\\/wp-content\\\/uploads\\\/2023\\\/08\\\/517T2sLERL.jpeg\",\"datePublished\":\"2023-08-15T13:08:12+00:00\",\"dateModified\":\"2024-11-28T21:08:11+00:00\",\"breadcrumb\":{\"@id\":\"https:\\\/\\\/www.facecorner.lv\\\/shop\\\/by-wishtrend-vitamin-75-maximizing-cream-50ml\\\/#breadcrumb\"},\"inLanguage\":\"en-US\",\"potentialAction\":[{\"@type\":\"ReadAction\",\"target\":[\"https:\\\/\\\/www.facecorner.lv\\\/shop\\\/by-wishtrend-vitamin-75-maximizing-cream-50ml\\\/\"]}]},{\"@type\":\"ImageObject\",\"inLanguage\":\"en-US\",\"@id\":\"https:\\\/\\\/www.facecorner.lv\\\/shop\\\/by-wishtrend-vitamin-75-maximizing-cream-50ml\\\/#primaryimage\",\"url\":\"https:\\\/\\\/www.facecorner.lv\\\/wp-content\\\/uploads\\\/2023\\\/08\\\/517T2sLERL.jpeg\",\"contentUrl\":\"https:\\\/\\\/www.facecorner.lv\\\/wp-content\\\/uploads\\\/2023\\\/08\\\/517T2sLERL.jpeg\",\"width\":1080,\"height\":1080},{\"@type\":\"BreadcrumbList\",\"@id\":\"https:\\\/\\\/www.facecorner.lv\\\/shop\\\/by-wishtrend-vitamin-75-maximizing-cream-50ml\\\/#breadcrumb\",\"itemListElement\":[{\"@type\":\"ListItem\",\"position\":1,\"name\":\"Home\",\"item\":\"https:\\\/\\\/www.facecorner.lv\\\/\"},{\"@type\":\"ListItem\",\"position\":2,\"name\":\"Veikals\",\"item\":\"https:\\\/\\\/www.facecorner.lv\\\/shop\\\/\"},{\"@type\":\"ListItem\",\"position\":3,\"name\":\"By Wishtrend Vitamin 75 Maximizing Cream 50ml\"}]},{\"@type\":\"WebSite\",\"@id\":\"https:\\\/\\\/www.facecorner.lv\\\/#website\",\"url\":\"https:\\\/\\\/www.facecorner.lv\\\/\",\"name\":\"Facecorner\",\"description\":\"\",\"publisher\":{\"@id\":\"https:\\\/\\\/www.facecorner.lv\\\/#organization\"},\"potentialAction\":[{\"@type\":\"SearchAction\",\"target\":{\"@type\":\"EntryPoint\",\"urlTemplate\":\"https:\\\/\\\/www.facecorner.lv\\\/?s={search_term_string}\"},\"query-input\":{\"@type\":\"PropertyValueSpecification\",\"valueRequired\":true,\"valueName\":\"search_term_string\"}}],\"inLanguage\":\"en-US\"},{\"@type\":\"Organization\",\"@id\":\"https:\\\/\\\/www.facecorner.lv\\\/#organization\",\"name\":\"Facecorner\",\"url\":\"https:\\\/\\\/www.facecorner.lv\\\/\",\"logo\":{\"@type\":\"ImageObject\",\"inLanguage\":\"en-US\",\"@id\":\"https:\\\/\\\/www.facecorner.lv\\\/#\\\/schema\\\/logo\\\/image\\\/\",\"url\":\"https:\\\/\\\/www.facecorner.lv\\\/wp-content\\\/uploads\\\/2024\\\/04\\\/fc-logo.jpg\",\"contentUrl\":\"https:\\\/\\\/www.facecorner.lv\\\/wp-content\\\/uploads\\\/2024\\\/04\\\/fc-logo.jpg\",\"width\":174,\"height\":28,\"caption\":\"Facecorner\"},\"image\":{\"@id\":\"https:\\\/\\\/www.facecorner.lv\\\/#\\\/schema\\\/logo\\\/image\\\/\"},\"sameAs\":[\"https:\\\/\\\/www.facebook.com\\\/profile.php?id=100063824551839\",\"https:\\\/\\\/www.instagram.com\\\/facecorner_shop\\\/\"]}]}<\/script>\n<meta property=\"product:price:amount\" content=\"29.90\" \/>\n<meta property=\"product:price:currency\" content=\"EUR\" \/>\n<meta property=\"og:availability\" content=\"out of stock\" \/>\n<meta property=\"product:availability\" content=\"out of stock\" \/>\n<meta property=\"product:condition\" content=\"new\" \/>\n<!-- \/ Yoast SEO plugin. -->","yoast_head_json":{"title":"By Wishtrend Vitamin 75 Maximizing Cream 50ml - FACECORNER","robots":{"index":"index","follow":"follow","max-snippet":"max-snippet:-1","max-image-preview":"max-image-preview:large","max-video-preview":"max-video-preview:-1"},"canonical":"https:\/\/www.facecorner.lv\/en\/shop\/by-wishtrend-vitamin-75-maximizing-cream-50ml\/","og_locale":"en_US","og_type":"article","og_title":"By Wishtrend Vitamin 75 Maximizing Cream 50ml - FACECORNER","og_description":"By Wishtrend Vitamin 75 Maximizing Cream ir C vitam\u012bna kr\u0113ms uz smilts\u0113rk\u0161\u0137u hidrol\u0101ta b\u0101zes, kas bag\u0101ts ar C vitam\u012bnu. Kr\u0113ms ir piem\u0113rots norm\u0101lai, sausai, bl\u0101vai un \u201cnoguru\u0161ai\u201d \u0101dai. Tam ir viegla, \u0113rta tekst\u016bra, neatst\u0101j lip\u012bguma un taukainas saj\u016btas, \u0101tri ies\u016bcas. Maksim\u0101li mitrina \u0101du. Bag\u0101tin\u0101ts ar vitam\u012bniem, kuru d\u0113\u013c uzlabo un atsvaidzina sejas kr\u0101su, pie\u0161\u0137ir \u0101dai [&hellip;]","og_url":"https:\/\/www.facecorner.lv\/en\/shop\/by-wishtrend-vitamin-75-maximizing-cream-50ml\/","og_site_name":"FACECORNER","article_publisher":"https:\/\/www.facebook.com\/profile.php?id=100063824551839","article_modified_time":"2024-11-28T21:08:11+00:00","og_image":[{"width":1080,"height":1080,"url":"https:\/\/www.facecorner.lv\/wp-content\/uploads\/2023\/08\/517T2sLERL.jpeg","type":"image\/jpeg"}],"twitter_card":"summary_large_image","twitter_misc":{"Price":"&euro;29.90","Availability":"Out of stock"},"schema":{"@context":"https:\/\/schema.org","@graph":[{"@type":"WebPage","@id":"https:\/\/www.facecorner.lv\/shop\/by-wishtrend-vitamin-75-maximizing-cream-50ml\/","url":"https:\/\/www.facecorner.lv\/shop\/by-wishtrend-vitamin-75-maximizing-cream-50ml\/","name":"By Wishtrend Vitamin 75 Maximizing Cream 50ml - FACECORNER","isPartOf":{"@id":"https:\/\/www.facecorner.lv\/#website"},"primaryImageOfPage":{"@id":"https:\/\/www.facecorner.lv\/shop\/by-wishtrend-vitamin-75-maximizing-cream-50ml\/#primaryimage"},"image":{"@id":"https:\/\/www.facecorner.lv\/shop\/by-wishtrend-vitamin-75-maximizing-cream-50ml\/#primaryimage"},"thumbnailUrl":"https:\/\/www.facecorner.lv\/wp-content\/uploads\/2023\/08\/517T2sLERL.jpeg","datePublished":"2023-08-15T13:08:12+00:00","dateModified":"2024-11-28T21:08:11+00:00","breadcrumb":{"@id":"https:\/\/www.facecorner.lv\/shop\/by-wishtrend-vitamin-75-maximizing-cream-50ml\/#breadcrumb"},"inLanguage":"en-US","potentialAction":[{"@type":"ReadAction","target":["https:\/\/www.facecorner.lv\/shop\/by-wishtrend-vitamin-75-maximizing-cream-50ml\/"]}]},{"@type":"ImageObject","inLanguage":"en-US","@id":"https:\/\/www.facecorner.lv\/shop\/by-wishtrend-vitamin-75-maximizing-cream-50ml\/#primaryimage","url":"https:\/\/www.facecorner.lv\/wp-content\/uploads\/2023\/08\/517T2sLERL.jpeg","contentUrl":"https:\/\/www.facecorner.lv\/wp-content\/uploads\/2023\/08\/517T2sLERL.jpeg","width":1080,"height":1080},{"@type":"BreadcrumbList","@id":"https:\/\/www.facecorner.lv\/shop\/by-wishtrend-vitamin-75-maximizing-cream-50ml\/#breadcrumb","itemListElement":[{"@type":"ListItem","position":1,"name":"Home","item":"https:\/\/www.facecorner.lv\/"},{"@type":"ListItem","position":2,"name":"Veikals","item":"https:\/\/www.facecorner.lv\/shop\/"},{"@type":"ListItem","position":3,"name":"By Wishtrend Vitamin 75 Maximizing Cream 50ml"}]},{"@type":"WebSite","@id":"https:\/\/www.facecorner.lv\/#website","url":"https:\/\/www.facecorner.lv\/","name":"Facecorner","description":"","publisher":{"@id":"https:\/\/www.facecorner.lv\/#organization"},"potentialAction":[{"@type":"SearchAction","target":{"@type":"EntryPoint","urlTemplate":"https:\/\/www.facecorner.lv\/?s={search_term_string}"},"query-input":{"@type":"PropertyValueSpecification","valueRequired":true,"valueName":"search_term_string"}}],"inLanguage":"en-US"},{"@type":"Organization","@id":"https:\/\/www.facecorner.lv\/#organization","name":"Facecorner","url":"https:\/\/www.facecorner.lv\/","logo":{"@type":"ImageObject","inLanguage":"en-US","@id":"https:\/\/www.facecorner.lv\/#\/schema\/logo\/image\/","url":"https:\/\/www.facecorner.lv\/wp-content\/uploads\/2024\/04\/fc-logo.jpg","contentUrl":"https:\/\/www.facecorner.lv\/wp-content\/uploads\/2024\/04\/fc-logo.jpg","width":174,"height":28,"caption":"Facecorner"},"image":{"@id":"https:\/\/www.facecorner.lv\/#\/schema\/logo\/image\/"},"sameAs":["https:\/\/www.facebook.com\/profile.php?id=100063824551839","https:\/\/www.instagram.com\/facecorner_shop\/"]}]},"product_price_amount":"29.90","product_price_currency":"EUR","og_availability":"out of stock","product_availability":"out of stock","product_condition":"new"},"_links":{"self":[{"href":"https:\/\/www.facecorner.lv\/en\/wp-json\/wp\/v2\/product\/11916","targetHints":{"allow":["GET"]}}],"collection":[{"href":"https:\/\/www.facecorner.lv\/en\/wp-json\/wp\/v2\/product"}],"about":[{"href":"https:\/\/www.facecorner.lv\/en\/wp-json\/wp\/v2\/types\/product"}],"replies":[{"embeddable":true,"href":"https:\/\/www.facecorner.lv\/en\/wp-json\/wp\/v2\/comments?post=11916"}],"wp:featuredmedia":[{"embeddable":true,"href":"https:\/\/www.facecorner.lv\/en\/wp-json\/wp\/v2\/media\/11917"}],"wp:attachment":[{"href":"https:\/\/www.facecorner.lv\/en\/wp-json\/wp\/v2\/media?parent=11916"}],"wp:term":[{"taxonomy":"product_brand","embeddable":true,"href":"https:\/\/www.facecorner.lv\/en\/wp-json\/wp\/v2\/product_brand?post=11916"},{"taxonomy":"product_cat","embeddable":true,"href":"https:\/\/www.facecorner.lv\/en\/wp-json\/wp\/v2\/product_cat?post=11916"},{"taxonomy":"product_tag","embeddable":true,"href":"https:\/\/www.facecorner.lv\/en\/wp-json\/wp\/v2\/product_tag?post=11916"},{"taxonomy":"berocket_brand","embeddable":true,"href":"https:\/\/www.facecorner.lv\/en\/wp-json\/wp\/v2\/berocket_brand?post=11916"}],"curies":[{"name":"wp","href":"https:\/\/api.w.org\/{rel}","templated":true}]}}