{"id":11914,"date":"2023-08-15T15:01:04","date_gmt":"2023-08-15T13:01:04","guid":{"rendered":"https:\/\/www.facecorner.lv\/?post_type=product&#038;p=11914"},"modified":"2023-11-24T14:23:58","modified_gmt":"2023-11-24T12:23:58","slug":"by-wishtrend-clear-skin-shield-patch-36-pc","status":"publish","type":"product","link":"https:\/\/www.facecorner.lv\/en\/shop\/by-wishtrend-clear-skin-shield-patch-36-pc\/","title":{"rendered":"BY WISHTREND Clear Skin Shield Patch 36 pc"},"content":{"rendered":"<p>This hydrocolloid acne patch protects the skin against dirty water, dust and physical contact. The thin, breathable fabric quickly absorbs impurities while naturally covering problem areas. Irritation-free spot care for breakouts and pimples.<\/p>\n<p>2 Shapes: Circular, Oval\n3 Sizes: 10mm, 12mm, 14x23mm\n39 Patches in 3 Sheets: 10mm * 15 Patches, 12mm * 15 Patches, 14x23mm * 9 Patches<\/p>\n<p>All Skin Types<\/p>\n<p>How to use: 1) Clean and dry the problem spot before use.\n2) Select the right patch for individual problem spots.\n3) Gently press the adhesive side of the patch over the problem spot to cover it completely.<\/p>","protected":false},"excerpt":{"rendered":"<p>Caursp\u012bd\u012bgi pl\u0101ksteri pret p\u016bt\u012bt\u0113m pa\u0101trina iekaisuma dziedin\u0101\u0161anu. Hidrokolo\u012bda materi\u0101ls dro\u0161i aizsarg\u0101 boj\u0101to, iekaisu\u0161o \u0101das zonu no \u0101r\u0113j\u0101s vides ietekmes, pies\u0101r\u0146ojuma, \u016bdens, putek\u013ciem un fiziska kontakta. Instruments mazina niezi, aps\u0101rtumu un kairin\u0101jumu, nov\u0113r\u0161 r\u0113tu par\u0101d\u012b\u0161anos. Pl\u0101ksteri darbojas 2 virzienos: tie \u0101rst\u0113 un mazina iekaisumu, k\u0101 ar\u012b nov\u0113r\u0161 t\u0101 izplat\u012b\u0161anos un palielin\u0101\u0161anos. Nav test\u0113ts uz dz\u012bvniekiem. Piem\u0113rots [&hellip;]<\/p>\n","protected":false},"featured_media":11915,"comment_status":"open","ping_status":"closed","template":"","meta":{"site-sidebar-layout":"default","site-content-layout":"","ast-site-content-layout":"","site-content-style":"default","site-sidebar-style":"default","ast-global-header-display":"","ast-banner-title-visibility":"","ast-main-header-display":"","ast-hfb-above-header-display":"","ast-hfb-below-header-display":"","ast-hfb-mobile-header-display":"","site-post-title":"","ast-breadcrumbs-content":"","ast-featured-img":"","footer-sml-layout":"","theme-transparent-header-meta":"","adv-header-id-meta":"","stick-header-meta":"","header-above-stick-meta":"","header-main-stick-meta":"","header-below-stick-meta":"","astra-migrate-meta-layouts":"default","ast-page-background-enabled":"default","ast-page-background-meta":{"desktop":{"background-color":"var(--ast-global-color-4)","background-image":"","background-repeat":"repeat","background-position":"center center","background-size":"auto","background-attachment":"scroll","background-type":"","background-media":"","overlay-type":"","overlay-color":"","overlay-opacity":"","overlay-gradient":""},"tablet":{"background-color":"","background-image":"","background-repeat":"repeat","background-position":"center center","background-size":"auto","background-attachment":"scroll","background-type":"","background-media":"","overlay-type":"","overlay-color":"","overlay-opacity":"","overlay-gradient":""},"mobile":{"background-color":"","background-image":"","background-repeat":"repeat","background-position":"center center","background-size":"auto","background-attachment":"scroll","background-type":"","background-media":"","overlay-type":"","overlay-color":"","overlay-opacity":"","overlay-gradient":""}},"ast-content-background-meta":{"desktop":{"background-color":"var(--ast-global-color-5)","background-image":"","background-repeat":"repeat","background-position":"center center","background-size":"auto","background-attachment":"scroll","background-type":"","background-media":"","overlay-type":"","overlay-color":"","overlay-opacity":"","overlay-gradient":""},"tablet":{"background-color":"var(--ast-global-color-5)","background-image":"","background-repeat":"repeat","background-position":"center center","background-size":"auto","background-attachment":"scroll","background-type":"","background-media":"","overlay-type":"","overlay-color":"","overlay-opacity":"","overlay-gradient":""},"mobile":{"background-color":"var(--ast-global-color-5)","background-image":"","background-repeat":"repeat","background-position":"center center","background-size":"auto","background-attachment":"scroll","background-type":"","background-media":"","overlay-type":"","overlay-color":"","overlay-opacity":"","overlay-gradient":""}}},"product_brand":[],"product_cat":[310,380,313,381,379,307],"product_tag":[],"berocket_brand":[],"class_list":{"0":"post-11914","1":"product","2":"type-product","3":"status-publish","4":"has-post-thumbnail","6":"product_cat-attirisana","7":"product_cat-kombinetai-adai","8":"product_cat-problematiskai-adai-attirisana","9":"product_cat-problematiskai-un-taukainai-adai","10":"product_cat-sausai-adai-anti-age","11":"product_cat-sejai","12":"desktop-align-left","13":"tablet-align-left","14":"mobile-align-left","16":"first","17":"outofstock","18":"taxable","19":"shipping-taxable","20":"purchasable","21":"product-type-simple","22":"add-to-wishlist-before_image"},"yoast_head":"<!-- This site is optimized with the Yoast SEO plugin v27.4 - https:\/\/yoast.com\/product\/yoast-seo-wordpress\/ -->\n<title>BY WISHTREND Clear Skin Shield Patch 36 pc - FACECORNER<\/title>\n<meta name=\"robots\" content=\"index, follow, max-snippet:-1, max-image-preview:large, max-video-preview:-1\" \/>\n<link rel=\"canonical\" href=\"https:\/\/www.facecorner.lv\/en\/shop\/by-wishtrend-clear-skin-shield-patch-36-pc\/\" \/>\n<meta property=\"og:locale\" content=\"en_US\" \/>\n<meta property=\"og:type\" content=\"article\" \/>\n<meta property=\"og:title\" content=\"BY WISHTREND Clear Skin Shield Patch 36 pc - FACECORNER\" \/>\n<meta property=\"og:description\" content=\"Caursp\u012bd\u012bgi pl\u0101ksteri pret p\u016bt\u012bt\u0113m pa\u0101trina iekaisuma dziedin\u0101\u0161anu. Hidrokolo\u012bda materi\u0101ls dro\u0161i aizsarg\u0101 boj\u0101to, iekaisu\u0161o \u0101das zonu no \u0101r\u0113j\u0101s vides ietekmes, pies\u0101r\u0146ojuma, \u016bdens, putek\u013ciem un fiziska kontakta. Instruments mazina niezi, aps\u0101rtumu un kairin\u0101jumu, nov\u0113r\u0161 r\u0113tu par\u0101d\u012b\u0161anos. Pl\u0101ksteri darbojas 2 virzienos: tie \u0101rst\u0113 un mazina iekaisumu, k\u0101 ar\u012b nov\u0113r\u0161 t\u0101 izplat\u012b\u0161anos un palielin\u0101\u0161anos. Nav test\u0113ts uz dz\u012bvniekiem. Piem\u0113rots [&hellip;]\" \/>\n<meta property=\"og:url\" content=\"https:\/\/www.facecorner.lv\/en\/shop\/by-wishtrend-clear-skin-shield-patch-36-pc\/\" \/>\n<meta property=\"og:site_name\" content=\"FACECORNER\" \/>\n<meta property=\"article:publisher\" content=\"https:\/\/www.facebook.com\/profile.php?id=100063824551839\" \/>\n<meta property=\"article:modified_time\" content=\"2023-11-24T12:23:58+00:00\" \/>\n<meta property=\"og:image\" content=\"https:\/\/www.facecorner.lv\/wp-content\/uploads\/2023\/08\/image.jpeg\" \/>\n\t<meta property=\"og:image:width\" content=\"1000\" \/>\n\t<meta property=\"og:image:height\" content=\"1000\" \/>\n\t<meta property=\"og:image:type\" content=\"image\/jpeg\" \/>\n<meta name=\"twitter:card\" content=\"summary_large_image\" \/>\n<meta name=\"twitter:label1\" content=\"Price\" \/>\n\t<meta name=\"twitter:data1\" content=\"&euro;10.00\" \/>\n\t<meta name=\"twitter:label2\" content=\"Availability\" \/>\n\t<meta name=\"twitter:data2\" content=\"Out of stock\" \/>\n<script type=\"application\/ld+json\" class=\"yoast-schema-graph\">{\"@context\":\"https:\\\/\\\/schema.org\",\"@graph\":[{\"@type\":\"WebPage\",\"@id\":\"https:\\\/\\\/www.facecorner.lv\\\/en\\\/shop\\\/by-wishtrend-clear-skin-shield-patch-36-pc\\\/\",\"url\":\"https:\\\/\\\/www.facecorner.lv\\\/en\\\/shop\\\/by-wishtrend-clear-skin-shield-patch-36-pc\\\/\",\"name\":\"BY WISHTREND Clear Skin Shield Patch 36 pc - FACECORNER\",\"isPartOf\":{\"@id\":\"https:\\\/\\\/www.facecorner.lv\\\/#website\"},\"primaryImageOfPage\":{\"@id\":\"https:\\\/\\\/www.facecorner.lv\\\/en\\\/shop\\\/by-wishtrend-clear-skin-shield-patch-36-pc\\\/#primaryimage\"},\"image\":{\"@id\":\"https:\\\/\\\/www.facecorner.lv\\\/en\\\/shop\\\/by-wishtrend-clear-skin-shield-patch-36-pc\\\/#primaryimage\"},\"thumbnailUrl\":\"https:\\\/\\\/www.facecorner.lv\\\/wp-content\\\/uploads\\\/2023\\\/08\\\/image.jpeg\",\"datePublished\":\"2023-08-15T13:01:04+00:00\",\"dateModified\":\"2023-11-24T12:23:58+00:00\",\"breadcrumb\":{\"@id\":\"https:\\\/\\\/www.facecorner.lv\\\/en\\\/shop\\\/by-wishtrend-clear-skin-shield-patch-36-pc\\\/#breadcrumb\"},\"inLanguage\":\"en-US\",\"potentialAction\":[{\"@type\":\"ReadAction\",\"target\":[\"https:\\\/\\\/www.facecorner.lv\\\/en\\\/shop\\\/by-wishtrend-clear-skin-shield-patch-36-pc\\\/\"]}]},{\"@type\":\"ImageObject\",\"inLanguage\":\"en-US\",\"@id\":\"https:\\\/\\\/www.facecorner.lv\\\/en\\\/shop\\\/by-wishtrend-clear-skin-shield-patch-36-pc\\\/#primaryimage\",\"url\":\"https:\\\/\\\/www.facecorner.lv\\\/wp-content\\\/uploads\\\/2023\\\/08\\\/image.jpeg\",\"contentUrl\":\"https:\\\/\\\/www.facecorner.lv\\\/wp-content\\\/uploads\\\/2023\\\/08\\\/image.jpeg\",\"width\":1000,\"height\":1000},{\"@type\":\"BreadcrumbList\",\"@id\":\"https:\\\/\\\/www.facecorner.lv\\\/en\\\/shop\\\/by-wishtrend-clear-skin-shield-patch-36-pc\\\/#breadcrumb\",\"itemListElement\":[{\"@type\":\"ListItem\",\"position\":1,\"name\":\"Home\",\"item\":\"https:\\\/\\\/www.facecorner.lv\\\/\"},{\"@type\":\"ListItem\",\"position\":2,\"name\":\"Veikals\",\"item\":\"https:\\\/\\\/www.facecorner.lv\\\/shop\\\/\"},{\"@type\":\"ListItem\",\"position\":3,\"name\":\"BY WISHTREND Clear Skin Shield Patch 36 pc\"}]},{\"@type\":\"WebSite\",\"@id\":\"https:\\\/\\\/www.facecorner.lv\\\/#website\",\"url\":\"https:\\\/\\\/www.facecorner.lv\\\/\",\"name\":\"Facecorner\",\"description\":\"\",\"publisher\":{\"@id\":\"https:\\\/\\\/www.facecorner.lv\\\/#organization\"},\"potentialAction\":[{\"@type\":\"SearchAction\",\"target\":{\"@type\":\"EntryPoint\",\"urlTemplate\":\"https:\\\/\\\/www.facecorner.lv\\\/?s={search_term_string}\"},\"query-input\":{\"@type\":\"PropertyValueSpecification\",\"valueRequired\":true,\"valueName\":\"search_term_string\"}}],\"inLanguage\":\"en-US\"},{\"@type\":\"Organization\",\"@id\":\"https:\\\/\\\/www.facecorner.lv\\\/#organization\",\"name\":\"Facecorner\",\"url\":\"https:\\\/\\\/www.facecorner.lv\\\/\",\"logo\":{\"@type\":\"ImageObject\",\"inLanguage\":\"en-US\",\"@id\":\"https:\\\/\\\/www.facecorner.lv\\\/#\\\/schema\\\/logo\\\/image\\\/\",\"url\":\"https:\\\/\\\/www.facecorner.lv\\\/wp-content\\\/uploads\\\/2024\\\/04\\\/fc-logo.jpg\",\"contentUrl\":\"https:\\\/\\\/www.facecorner.lv\\\/wp-content\\\/uploads\\\/2024\\\/04\\\/fc-logo.jpg\",\"width\":174,\"height\":28,\"caption\":\"Facecorner\"},\"image\":{\"@id\":\"https:\\\/\\\/www.facecorner.lv\\\/#\\\/schema\\\/logo\\\/image\\\/\"},\"sameAs\":[\"https:\\\/\\\/www.facebook.com\\\/profile.php?id=100063824551839\",\"https:\\\/\\\/www.instagram.com\\\/facecorner_shop\\\/\"]}]}<\/script>\n<meta property=\"product:price:amount\" content=\"10.00\" \/>\n<meta property=\"product:price:currency\" content=\"EUR\" \/>\n<meta property=\"og:availability\" content=\"out of stock\" \/>\n<meta property=\"product:availability\" content=\"out of stock\" \/>\n<meta property=\"product:condition\" content=\"new\" \/>\n<!-- \/ Yoast SEO plugin. -->","yoast_head_json":{"title":"BY WISHTREND Clear Skin Shield Patch 36 pc - FACECORNER","robots":{"index":"index","follow":"follow","max-snippet":"max-snippet:-1","max-image-preview":"max-image-preview:large","max-video-preview":"max-video-preview:-1"},"canonical":"https:\/\/www.facecorner.lv\/en\/shop\/by-wishtrend-clear-skin-shield-patch-36-pc\/","og_locale":"en_US","og_type":"article","og_title":"BY WISHTREND Clear Skin Shield Patch 36 pc - FACECORNER","og_description":"Caursp\u012bd\u012bgi pl\u0101ksteri pret p\u016bt\u012bt\u0113m pa\u0101trina iekaisuma dziedin\u0101\u0161anu. Hidrokolo\u012bda materi\u0101ls dro\u0161i aizsarg\u0101 boj\u0101to, iekaisu\u0161o \u0101das zonu no \u0101r\u0113j\u0101s vides ietekmes, pies\u0101r\u0146ojuma, \u016bdens, putek\u013ciem un fiziska kontakta. Instruments mazina niezi, aps\u0101rtumu un kairin\u0101jumu, nov\u0113r\u0161 r\u0113tu par\u0101d\u012b\u0161anos. Pl\u0101ksteri darbojas 2 virzienos: tie \u0101rst\u0113 un mazina iekaisumu, k\u0101 ar\u012b nov\u0113r\u0161 t\u0101 izplat\u012b\u0161anos un palielin\u0101\u0161anos. Nav test\u0113ts uz dz\u012bvniekiem. Piem\u0113rots [&hellip;]","og_url":"https:\/\/www.facecorner.lv\/en\/shop\/by-wishtrend-clear-skin-shield-patch-36-pc\/","og_site_name":"FACECORNER","article_publisher":"https:\/\/www.facebook.com\/profile.php?id=100063824551839","article_modified_time":"2023-11-24T12:23:58+00:00","og_image":[{"width":1000,"height":1000,"url":"https:\/\/www.facecorner.lv\/wp-content\/uploads\/2023\/08\/image.jpeg","type":"image\/jpeg"}],"twitter_card":"summary_large_image","twitter_misc":{"Price":"&euro;10.00","Availability":"Out of stock"},"schema":{"@context":"https:\/\/schema.org","@graph":[{"@type":"WebPage","@id":"https:\/\/www.facecorner.lv\/en\/shop\/by-wishtrend-clear-skin-shield-patch-36-pc\/","url":"https:\/\/www.facecorner.lv\/en\/shop\/by-wishtrend-clear-skin-shield-patch-36-pc\/","name":"BY WISHTREND Clear Skin Shield Patch 36 pc - FACECORNER","isPartOf":{"@id":"https:\/\/www.facecorner.lv\/#website"},"primaryImageOfPage":{"@id":"https:\/\/www.facecorner.lv\/en\/shop\/by-wishtrend-clear-skin-shield-patch-36-pc\/#primaryimage"},"image":{"@id":"https:\/\/www.facecorner.lv\/en\/shop\/by-wishtrend-clear-skin-shield-patch-36-pc\/#primaryimage"},"thumbnailUrl":"https:\/\/www.facecorner.lv\/wp-content\/uploads\/2023\/08\/image.jpeg","datePublished":"2023-08-15T13:01:04+00:00","dateModified":"2023-11-24T12:23:58+00:00","breadcrumb":{"@id":"https:\/\/www.facecorner.lv\/en\/shop\/by-wishtrend-clear-skin-shield-patch-36-pc\/#breadcrumb"},"inLanguage":"en-US","potentialAction":[{"@type":"ReadAction","target":["https:\/\/www.facecorner.lv\/en\/shop\/by-wishtrend-clear-skin-shield-patch-36-pc\/"]}]},{"@type":"ImageObject","inLanguage":"en-US","@id":"https:\/\/www.facecorner.lv\/en\/shop\/by-wishtrend-clear-skin-shield-patch-36-pc\/#primaryimage","url":"https:\/\/www.facecorner.lv\/wp-content\/uploads\/2023\/08\/image.jpeg","contentUrl":"https:\/\/www.facecorner.lv\/wp-content\/uploads\/2023\/08\/image.jpeg","width":1000,"height":1000},{"@type":"BreadcrumbList","@id":"https:\/\/www.facecorner.lv\/en\/shop\/by-wishtrend-clear-skin-shield-patch-36-pc\/#breadcrumb","itemListElement":[{"@type":"ListItem","position":1,"name":"Home","item":"https:\/\/www.facecorner.lv\/"},{"@type":"ListItem","position":2,"name":"Veikals","item":"https:\/\/www.facecorner.lv\/shop\/"},{"@type":"ListItem","position":3,"name":"BY WISHTREND Clear Skin Shield Patch 36 pc"}]},{"@type":"WebSite","@id":"https:\/\/www.facecorner.lv\/#website","url":"https:\/\/www.facecorner.lv\/","name":"Facecorner","description":"","publisher":{"@id":"https:\/\/www.facecorner.lv\/#organization"},"potentialAction":[{"@type":"SearchAction","target":{"@type":"EntryPoint","urlTemplate":"https:\/\/www.facecorner.lv\/?s={search_term_string}"},"query-input":{"@type":"PropertyValueSpecification","valueRequired":true,"valueName":"search_term_string"}}],"inLanguage":"en-US"},{"@type":"Organization","@id":"https:\/\/www.facecorner.lv\/#organization","name":"Facecorner","url":"https:\/\/www.facecorner.lv\/","logo":{"@type":"ImageObject","inLanguage":"en-US","@id":"https:\/\/www.facecorner.lv\/#\/schema\/logo\/image\/","url":"https:\/\/www.facecorner.lv\/wp-content\/uploads\/2024\/04\/fc-logo.jpg","contentUrl":"https:\/\/www.facecorner.lv\/wp-content\/uploads\/2024\/04\/fc-logo.jpg","width":174,"height":28,"caption":"Facecorner"},"image":{"@id":"https:\/\/www.facecorner.lv\/#\/schema\/logo\/image\/"},"sameAs":["https:\/\/www.facebook.com\/profile.php?id=100063824551839","https:\/\/www.instagram.com\/facecorner_shop\/"]}]},"product_price_amount":"10.00","product_price_currency":"EUR","og_availability":"out of stock","product_availability":"out of stock","product_condition":"new"},"_links":{"self":[{"href":"https:\/\/www.facecorner.lv\/en\/wp-json\/wp\/v2\/product\/11914","targetHints":{"allow":["GET"]}}],"collection":[{"href":"https:\/\/www.facecorner.lv\/en\/wp-json\/wp\/v2\/product"}],"about":[{"href":"https:\/\/www.facecorner.lv\/en\/wp-json\/wp\/v2\/types\/product"}],"replies":[{"embeddable":true,"href":"https:\/\/www.facecorner.lv\/en\/wp-json\/wp\/v2\/comments?post=11914"}],"wp:featuredmedia":[{"embeddable":true,"href":"https:\/\/www.facecorner.lv\/en\/wp-json\/wp\/v2\/media\/11915"}],"wp:attachment":[{"href":"https:\/\/www.facecorner.lv\/en\/wp-json\/wp\/v2\/media?parent=11914"}],"wp:term":[{"taxonomy":"product_brand","embeddable":true,"href":"https:\/\/www.facecorner.lv\/en\/wp-json\/wp\/v2\/product_brand?post=11914"},{"taxonomy":"product_cat","embeddable":true,"href":"https:\/\/www.facecorner.lv\/en\/wp-json\/wp\/v2\/product_cat?post=11914"},{"taxonomy":"product_tag","embeddable":true,"href":"https:\/\/www.facecorner.lv\/en\/wp-json\/wp\/v2\/product_tag?post=11914"},{"taxonomy":"berocket_brand","embeddable":true,"href":"https:\/\/www.facecorner.lv\/en\/wp-json\/wp\/v2\/berocket_brand?post=11914"}],"curies":[{"name":"wp","href":"https:\/\/api.w.org\/{rel}","templated":true}]}}