{"id":11867,"date":"2023-08-10T11:21:42","date_gmt":"2023-08-10T09:21:42","guid":{"rendered":"https:\/\/www.facecorner.lv\/?post_type=product&#038;p=11867"},"modified":"2026-03-06T15:05:27","modified_gmt":"2026-03-06T12:05:27","slug":"medi-peel-peptide-9-volume-tension-tox-cream-50ml","status":"publish","type":"product","link":"https:\/\/www.facecorner.lv\/en\/shop\/medi-peel-peptide-9-volume-tension-tox-cream-50ml\/","title":{"rendered":"Medi-Peel Peptide 9 Volume &#038; Tension Tox Cream 50ml"},"content":{"rendered":"<p>Barojo\u0161s pept\u012bdu kr\u0113ms ar liftinga efektu Medi-Peel Peptide 9 Volume &amp; Tension Tox Cream iedarbojas 2 virzienos:<\/p>\n<ul>\n<li>Savelk un stiprina, samazina grumbu smagumu, \u012bpa\u0161i ap ac\u012bm un nasolabi\u0101lo kroku zon\u0101, pie\u0161\u0137ir elast\u012bbu.<\/li>\n<li>Izl\u012bdzina tonusu un padara to gai\u0161\u0101ku, c\u012bn\u0101s ar bl\u0101vumu un atdz\u012bvina \u0101du.<\/li>\n<li>Barojo\u0161s produkts, kas nodro\u0161ina pretnoveco\u0161an\u0101s apr\u016bpi ar formulu, kas bag\u0101ta ar p\u0101rbaud\u012bt\u0101m akt\u012bvaj\u0101m sast\u0101vda\u013c\u0101m.<\/li>\n<li><span style=\"color: var(--g5-color-text-main); font-family: var(--g5-body-font); font-size: var(--g5-body-font-size); font-style: var(--g5-body-font-style); letter-spacing: var(--g5-body-letter-spacing); text-transform: var(--g5-body-text-transform);\">nov\u0113r\u0161 nevienm\u0113r\u012bgu toni, uzlabo sejas kr\u0101su un intens\u012bvi mitrina.<\/span><\/li>\n<\/ul>\n<p>Main active ingredients:<\/p>\n<ul>\n<li>Volufil\u012bns ir komplekss, kas satur augu Anemarrhena asphodeloides saknes ekstraktu, kas ir patent\u0113ts fran\u010du komp\u0101nijas SEDERMA izstr\u0101de. Stimul\u0113 lip\u012bdu uzkr\u0101\u0161anos, k\u0101 rezult\u0101t\u0101 par\u0101d\u0101s nepiecie\u0161amais apjoms un \u0101da sabiez\u0113.<\/li>\n<li>9 pept\u012bdu komplekss baro, izl\u012bdzina, savelk un savelk, nodro\u0161inot notur\u012bgu pretnoveco\u0161an\u0101s efektu.<\/li>\n<\/ul>\n<p><strong>How to use:<\/strong> Uzkl\u0101jiet kr\u0113mu uz att\u012br\u012btas \u0101das p\u0113c tonika un seruma lieto\u0161anas.<\/p>\n<p><strong>Ingredientes:\u00a0<\/strong>Water, Butylene Glycol, Caprylic\/Capric Triglyceride, Cetyl Ethylhexanoate, Glycerin, Cetearyl Alcohol, Glyceryl Stearate, Niacinamide, Stearic Acid, Dimethicone, 1,2-Hexanediol, Sorbitan Stearate, Sorbitan Sesquioleate, Microcrystalline Wax, Beeswax Isopentyldiol, Betaine, Sodium Hyaluronate, Hydroxypropyltrimonium Hyaluronate, Sodium Acetylated Hyaluronate, Hydrolyzed Hyaluronic Acid, Hyaluronic Acid, Sodium Hyaluronate Crosspolymer, Hydrolyzed Sodium Hyaluronate, Potassium Hyaluronate, Leontopodium Culture Extract, Curall Roota (Tassium Hyaluronate, Leontopodium Extract, Alpinum Longa) Officinalis Extract, Centella Asiatica Extract, Camellia Sinensis Leaf Extract, Polygonum Cuspidatum Root Extract, Scutellaria Baicalensis Root Extract, Chamomilla Recutita (Matricaria) Flower Extract, Glycyrrhiza Glabra (Licorice) Root Extract, Rosmarinus Officinalis (Rosemary) Angustifolia Extract, ) Flower Extract, Aloe Barbadensis Leaf Extract, Melia Azadirachta Flower Extract, Melia Azadirachta Leaf Extract, Ocimum Sanctum Leaf Extract, Coccinia Indica Fruit Extract, Royal Jelly Extract, Cladosiphon Okamuranus Extract, Ginkgo Biloba Leaf Extract, Chondrus Crispus Extract, Anemarrhena Asphodeloides Root Extract, Collagen Extract, Soluble Collagen Extract, Collagen Amino Acids, Hydrolyzed Collagen, Collagen, Hydrolyzed Elastin, Astaxanthin, Tocopherol, Fructan, Hydrogenated Polyisobutene, Dipotassium Glycyrrhizate, Adenosine, Arginine, Glycine, Serine, Glutamic Acid, Aspartic Acid, Leucine, Aspartic Acid, Leucine, , Threonine, Proline, Isoleucine, Histidine, Methionine, Cysteine, Copper Tripeptide-1 (20 ppb), Tripeptide-1 (20 ppb), Acetyl hexapeptide-8 (10.5 ppb), Nonapeptide-1 (10 ppb), Acetyl Octapeptide- 3 (10 ppb), Palmitoyl Pentapeptide-4 (10 ppb), Hexapeptide-9 (10 ppb), Palmitoyl Tetrapeptide-7 (5 ppb), Palmitoyl Tripeptide-1 (5 ppb), Carbomer, Hydrogenated Lecithin, Polysorbate 20, PEG -100 Stearate, Go ld, Diamond powder, Ethylhexylglycerin, Pentylene Glycol, Hydroxyacetophenone, Caprylyl Glycol, Disodium EDTA, Fragrance<\/p>","protected":false},"excerpt":{"rendered":"<p>Barojo\u0161s pept\u012bdu kr\u0113ms ar liftinga efektu Medi-Peel Peptide 9 Volume &amp; Tension Tox Cream iedarbojas 2 virzienos: Savelk un stiprina, samazina grumbu smagumu, \u012bpa\u0161i ap ac\u012bm un nasolabi\u0101lo kroku zon\u0101, pie\u0161\u0137ir elast\u012bbu. Izl\u012bdzina tonusu un padara to gai\u0161\u0101ku, c\u012bn\u0101s ar bl\u0101vumu un atdz\u012bvina \u0101du. Barojo\u0161s produkts, kas nodro\u0161ina pretnoveco\u0161an\u0101s apr\u016bpi ar formulu, kas bag\u0101ta ar [&hellip;]<\/p>\n","protected":false},"featured_media":11868,"comment_status":"open","ping_status":"closed","template":"","meta":{"site-sidebar-layout":"default","site-content-layout":"","ast-site-content-layout":"default","site-content-style":"default","site-sidebar-style":"default","ast-global-header-display":"","ast-banner-title-visibility":"","ast-main-header-display":"","ast-hfb-above-header-display":"","ast-hfb-below-header-display":"","ast-hfb-mobile-header-display":"","site-post-title":"","ast-breadcrumbs-content":"","ast-featured-img":"","footer-sml-layout":"","theme-transparent-header-meta":"default","adv-header-id-meta":"","stick-header-meta":"","header-above-stick-meta":"","header-main-stick-meta":"","header-below-stick-meta":"","astra-migrate-meta-layouts":"set","ast-page-background-enabled":"default","ast-page-background-meta":{"desktop":{"background-color":"var(--ast-global-color-4)","background-image":"","background-repeat":"repeat","background-position":"center center","background-size":"auto","background-attachment":"scroll","background-type":"","background-media":"","overlay-type":"","overlay-color":"","overlay-opacity":"","overlay-gradient":""},"tablet":{"background-color":"","background-image":"","background-repeat":"repeat","background-position":"center center","background-size":"auto","background-attachment":"scroll","background-type":"","background-media":"","overlay-type":"","overlay-color":"","overlay-opacity":"","overlay-gradient":""},"mobile":{"background-color":"","background-image":"","background-repeat":"repeat","background-position":"center center","background-size":"auto","background-attachment":"scroll","background-type":"","background-media":"","overlay-type":"","overlay-color":"","overlay-opacity":"","overlay-gradient":""}},"ast-content-background-meta":{"desktop":{"background-color":"var(--ast-global-color-5)","background-image":"","background-repeat":"repeat","background-position":"center center","background-size":"auto","background-attachment":"scroll","background-type":"","background-media":"","overlay-type":"","overlay-color":"","overlay-opacity":"","overlay-gradient":""},"tablet":{"background-color":"var(--ast-global-color-5)","background-image":"","background-repeat":"repeat","background-position":"center center","background-size":"auto","background-attachment":"scroll","background-type":"","background-media":"","overlay-type":"","overlay-color":"","overlay-opacity":"","overlay-gradient":""},"mobile":{"background-color":"var(--ast-global-color-5)","background-image":"","background-repeat":"repeat","background-position":"center center","background-size":"auto","background-attachment":"scroll","background-type":"","background-media":"","overlay-type":"","overlay-color":"","overlay-opacity":"","overlay-gradient":""}}},"product_brand":[],"product_cat":[365,380,366,367,368,379,362],"product_tag":[],"berocket_brand":[583],"class_list":{"0":"post-11867","1":"product","2":"type-product","3":"status-publish","4":"has-post-thumbnail","6":"product_cat-barojoss","7":"product_cat-kombinetai-adai","8":"product_cat-mitrinoss","9":"product_cat-nomierinoss","10":"product_cat-pret-grumbam","11":"product_cat-sausai-adai-anti-age","12":"product_cat-sejas-krems","13":"berocket_brand-medi-peel","14":"desktop-align-left","15":"tablet-align-left","16":"mobile-align-left","18":"first","19":"instock","20":"taxable","21":"shipping-taxable","22":"purchasable","23":"product-type-simple","24":"add-to-wishlist-before_image"},"yoast_head":"<!-- This site is optimized with the Yoast SEO plugin v27.3 - https:\/\/yoast.com\/product\/yoast-seo-wordpress\/ -->\n<title>Medi-Peel Peptide 9 Volume &amp; Tension Tox Cream 50ml - FACECORNER<\/title>\n<meta name=\"robots\" content=\"index, follow, max-snippet:-1, max-image-preview:large, max-video-preview:-1\" \/>\n<link rel=\"canonical\" href=\"https:\/\/www.facecorner.lv\/en\/shop\/medi-peel-peptide-9-volume-tension-tox-cream-50ml\/\" \/>\n<meta property=\"og:locale\" content=\"en_US\" \/>\n<meta property=\"og:type\" content=\"article\" \/>\n<meta property=\"og:title\" content=\"Medi-Peel Peptide 9 Volume &amp; Tension Tox Cream 50ml - FACECORNER\" \/>\n<meta property=\"og:description\" content=\"Barojo\u0161s pept\u012bdu kr\u0113ms ar liftinga efektu Medi-Peel Peptide 9 Volume &amp; Tension Tox Cream iedarbojas 2 virzienos: Savelk un stiprina, samazina grumbu smagumu, \u012bpa\u0161i ap ac\u012bm un nasolabi\u0101lo kroku zon\u0101, pie\u0161\u0137ir elast\u012bbu. Izl\u012bdzina tonusu un padara to gai\u0161\u0101ku, c\u012bn\u0101s ar bl\u0101vumu un atdz\u012bvina \u0101du. Barojo\u0161s produkts, kas nodro\u0161ina pretnoveco\u0161an\u0101s apr\u016bpi ar formulu, kas bag\u0101ta ar [&hellip;]\" \/>\n<meta property=\"og:url\" content=\"https:\/\/www.facecorner.lv\/en\/shop\/medi-peel-peptide-9-volume-tension-tox-cream-50ml\/\" \/>\n<meta property=\"og:site_name\" content=\"FACECORNER\" \/>\n<meta property=\"article:publisher\" content=\"https:\/\/www.facebook.com\/profile.php?id=100063824551839\" \/>\n<meta property=\"article:modified_time\" content=\"2026-03-06T12:05:27+00:00\" \/>\n<meta property=\"og:image\" content=\"https:\/\/www.facecorner.lv\/wp-content\/uploads\/2023\/08\/MDP080-1-600x600-1.png\" \/>\n\t<meta property=\"og:image:width\" content=\"600\" \/>\n\t<meta property=\"og:image:height\" content=\"600\" \/>\n\t<meta property=\"og:image:type\" content=\"image\/png\" \/>\n<meta name=\"twitter:card\" content=\"summary_large_image\" \/>\n<meta name=\"twitter:label1\" content=\"Price\" \/>\n\t<meta name=\"twitter:data1\" content=\"&euro;26.50\" \/>\n\t<meta name=\"twitter:label2\" content=\"Availability\" \/>\n\t<meta name=\"twitter:data2\" content=\"In stock\" \/>\n<script type=\"application\/ld+json\" class=\"yoast-schema-graph\">{\"@context\":\"https:\\\/\\\/schema.org\",\"@graph\":[{\"@type\":\"WebPage\",\"@id\":\"https:\\\/\\\/www.facecorner.lv\\\/shop\\\/medi-peel-peptide-9-volume-tension-tox-cream-50ml\\\/\",\"url\":\"https:\\\/\\\/www.facecorner.lv\\\/shop\\\/medi-peel-peptide-9-volume-tension-tox-cream-50ml\\\/\",\"name\":\"Medi-Peel Peptide 9 Volume & Tension Tox Cream 50ml - FACECORNER\",\"isPartOf\":{\"@id\":\"https:\\\/\\\/www.facecorner.lv\\\/#website\"},\"primaryImageOfPage\":{\"@id\":\"https:\\\/\\\/www.facecorner.lv\\\/shop\\\/medi-peel-peptide-9-volume-tension-tox-cream-50ml\\\/#primaryimage\"},\"image\":{\"@id\":\"https:\\\/\\\/www.facecorner.lv\\\/shop\\\/medi-peel-peptide-9-volume-tension-tox-cream-50ml\\\/#primaryimage\"},\"thumbnailUrl\":\"https:\\\/\\\/www.facecorner.lv\\\/wp-content\\\/uploads\\\/2023\\\/08\\\/MDP080-1-600x600-1.png\",\"datePublished\":\"2023-08-10T09:21:42+00:00\",\"dateModified\":\"2026-03-06T12:05:27+00:00\",\"breadcrumb\":{\"@id\":\"https:\\\/\\\/www.facecorner.lv\\\/shop\\\/medi-peel-peptide-9-volume-tension-tox-cream-50ml\\\/#breadcrumb\"},\"inLanguage\":\"en-US\",\"potentialAction\":[{\"@type\":\"ReadAction\",\"target\":[\"https:\\\/\\\/www.facecorner.lv\\\/shop\\\/medi-peel-peptide-9-volume-tension-tox-cream-50ml\\\/\"]}]},{\"@type\":\"ImageObject\",\"inLanguage\":\"en-US\",\"@id\":\"https:\\\/\\\/www.facecorner.lv\\\/shop\\\/medi-peel-peptide-9-volume-tension-tox-cream-50ml\\\/#primaryimage\",\"url\":\"https:\\\/\\\/www.facecorner.lv\\\/wp-content\\\/uploads\\\/2023\\\/08\\\/MDP080-1-600x600-1.png\",\"contentUrl\":\"https:\\\/\\\/www.facecorner.lv\\\/wp-content\\\/uploads\\\/2023\\\/08\\\/MDP080-1-600x600-1.png\",\"width\":600,\"height\":600},{\"@type\":\"BreadcrumbList\",\"@id\":\"https:\\\/\\\/www.facecorner.lv\\\/shop\\\/medi-peel-peptide-9-volume-tension-tox-cream-50ml\\\/#breadcrumb\",\"itemListElement\":[{\"@type\":\"ListItem\",\"position\":1,\"name\":\"Home\",\"item\":\"https:\\\/\\\/www.facecorner.lv\\\/\"},{\"@type\":\"ListItem\",\"position\":2,\"name\":\"Veikals\",\"item\":\"https:\\\/\\\/www.facecorner.lv\\\/shop\\\/\"},{\"@type\":\"ListItem\",\"position\":3,\"name\":\"Medi-Peel Peptide 9 Volume &#038; Tension Tox Cream 50ml\"}]},{\"@type\":\"WebSite\",\"@id\":\"https:\\\/\\\/www.facecorner.lv\\\/#website\",\"url\":\"https:\\\/\\\/www.facecorner.lv\\\/\",\"name\":\"Facecorner\",\"description\":\"\",\"publisher\":{\"@id\":\"https:\\\/\\\/www.facecorner.lv\\\/#organization\"},\"potentialAction\":[{\"@type\":\"SearchAction\",\"target\":{\"@type\":\"EntryPoint\",\"urlTemplate\":\"https:\\\/\\\/www.facecorner.lv\\\/?s={search_term_string}\"},\"query-input\":{\"@type\":\"PropertyValueSpecification\",\"valueRequired\":true,\"valueName\":\"search_term_string\"}}],\"inLanguage\":\"en-US\"},{\"@type\":\"Organization\",\"@id\":\"https:\\\/\\\/www.facecorner.lv\\\/#organization\",\"name\":\"Facecorner\",\"url\":\"https:\\\/\\\/www.facecorner.lv\\\/\",\"logo\":{\"@type\":\"ImageObject\",\"inLanguage\":\"en-US\",\"@id\":\"https:\\\/\\\/www.facecorner.lv\\\/#\\\/schema\\\/logo\\\/image\\\/\",\"url\":\"https:\\\/\\\/www.facecorner.lv\\\/wp-content\\\/uploads\\\/2024\\\/04\\\/fc-logo.jpg\",\"contentUrl\":\"https:\\\/\\\/www.facecorner.lv\\\/wp-content\\\/uploads\\\/2024\\\/04\\\/fc-logo.jpg\",\"width\":174,\"height\":28,\"caption\":\"Facecorner\"},\"image\":{\"@id\":\"https:\\\/\\\/www.facecorner.lv\\\/#\\\/schema\\\/logo\\\/image\\\/\"},\"sameAs\":[\"https:\\\/\\\/www.facebook.com\\\/profile.php?id=100063824551839\",\"https:\\\/\\\/www.instagram.com\\\/facecorner_shop\\\/\"]}]}<\/script>\n<meta property=\"product:price:amount\" content=\"26.50\" \/>\n<meta property=\"product:price:currency\" content=\"EUR\" \/>\n<meta property=\"og:availability\" content=\"instock\" \/>\n<meta property=\"product:availability\" content=\"instock\" \/>\n<meta property=\"product:condition\" content=\"new\" \/>\n<!-- \/ Yoast SEO plugin. -->","yoast_head_json":{"title":"Medi-Peel Peptide 9 Volume & Tension Tox Cream 50ml - FACECORNER","robots":{"index":"index","follow":"follow","max-snippet":"max-snippet:-1","max-image-preview":"max-image-preview:large","max-video-preview":"max-video-preview:-1"},"canonical":"https:\/\/www.facecorner.lv\/en\/shop\/medi-peel-peptide-9-volume-tension-tox-cream-50ml\/","og_locale":"en_US","og_type":"article","og_title":"Medi-Peel Peptide 9 Volume & Tension Tox Cream 50ml - FACECORNER","og_description":"Barojo\u0161s pept\u012bdu kr\u0113ms ar liftinga efektu Medi-Peel Peptide 9 Volume &amp; Tension Tox Cream iedarbojas 2 virzienos: Savelk un stiprina, samazina grumbu smagumu, \u012bpa\u0161i ap ac\u012bm un nasolabi\u0101lo kroku zon\u0101, pie\u0161\u0137ir elast\u012bbu. Izl\u012bdzina tonusu un padara to gai\u0161\u0101ku, c\u012bn\u0101s ar bl\u0101vumu un atdz\u012bvina \u0101du. Barojo\u0161s produkts, kas nodro\u0161ina pretnoveco\u0161an\u0101s apr\u016bpi ar formulu, kas bag\u0101ta ar [&hellip;]","og_url":"https:\/\/www.facecorner.lv\/en\/shop\/medi-peel-peptide-9-volume-tension-tox-cream-50ml\/","og_site_name":"FACECORNER","article_publisher":"https:\/\/www.facebook.com\/profile.php?id=100063824551839","article_modified_time":"2026-03-06T12:05:27+00:00","og_image":[{"width":600,"height":600,"url":"https:\/\/www.facecorner.lv\/wp-content\/uploads\/2023\/08\/MDP080-1-600x600-1.png","type":"image\/png"}],"twitter_card":"summary_large_image","twitter_misc":{"Price":"&euro;26.50","Availability":"In stock"},"schema":{"@context":"https:\/\/schema.org","@graph":[{"@type":"WebPage","@id":"https:\/\/www.facecorner.lv\/shop\/medi-peel-peptide-9-volume-tension-tox-cream-50ml\/","url":"https:\/\/www.facecorner.lv\/shop\/medi-peel-peptide-9-volume-tension-tox-cream-50ml\/","name":"Medi-Peel Peptide 9 Volume & Tension Tox Cream 50ml - FACECORNER","isPartOf":{"@id":"https:\/\/www.facecorner.lv\/#website"},"primaryImageOfPage":{"@id":"https:\/\/www.facecorner.lv\/shop\/medi-peel-peptide-9-volume-tension-tox-cream-50ml\/#primaryimage"},"image":{"@id":"https:\/\/www.facecorner.lv\/shop\/medi-peel-peptide-9-volume-tension-tox-cream-50ml\/#primaryimage"},"thumbnailUrl":"https:\/\/www.facecorner.lv\/wp-content\/uploads\/2023\/08\/MDP080-1-600x600-1.png","datePublished":"2023-08-10T09:21:42+00:00","dateModified":"2026-03-06T12:05:27+00:00","breadcrumb":{"@id":"https:\/\/www.facecorner.lv\/shop\/medi-peel-peptide-9-volume-tension-tox-cream-50ml\/#breadcrumb"},"inLanguage":"en-US","potentialAction":[{"@type":"ReadAction","target":["https:\/\/www.facecorner.lv\/shop\/medi-peel-peptide-9-volume-tension-tox-cream-50ml\/"]}]},{"@type":"ImageObject","inLanguage":"en-US","@id":"https:\/\/www.facecorner.lv\/shop\/medi-peel-peptide-9-volume-tension-tox-cream-50ml\/#primaryimage","url":"https:\/\/www.facecorner.lv\/wp-content\/uploads\/2023\/08\/MDP080-1-600x600-1.png","contentUrl":"https:\/\/www.facecorner.lv\/wp-content\/uploads\/2023\/08\/MDP080-1-600x600-1.png","width":600,"height":600},{"@type":"BreadcrumbList","@id":"https:\/\/www.facecorner.lv\/shop\/medi-peel-peptide-9-volume-tension-tox-cream-50ml\/#breadcrumb","itemListElement":[{"@type":"ListItem","position":1,"name":"Home","item":"https:\/\/www.facecorner.lv\/"},{"@type":"ListItem","position":2,"name":"Veikals","item":"https:\/\/www.facecorner.lv\/shop\/"},{"@type":"ListItem","position":3,"name":"Medi-Peel Peptide 9 Volume &#038; Tension Tox Cream 50ml"}]},{"@type":"WebSite","@id":"https:\/\/www.facecorner.lv\/#website","url":"https:\/\/www.facecorner.lv\/","name":"Facecorner","description":"","publisher":{"@id":"https:\/\/www.facecorner.lv\/#organization"},"potentialAction":[{"@type":"SearchAction","target":{"@type":"EntryPoint","urlTemplate":"https:\/\/www.facecorner.lv\/?s={search_term_string}"},"query-input":{"@type":"PropertyValueSpecification","valueRequired":true,"valueName":"search_term_string"}}],"inLanguage":"en-US"},{"@type":"Organization","@id":"https:\/\/www.facecorner.lv\/#organization","name":"Facecorner","url":"https:\/\/www.facecorner.lv\/","logo":{"@type":"ImageObject","inLanguage":"en-US","@id":"https:\/\/www.facecorner.lv\/#\/schema\/logo\/image\/","url":"https:\/\/www.facecorner.lv\/wp-content\/uploads\/2024\/04\/fc-logo.jpg","contentUrl":"https:\/\/www.facecorner.lv\/wp-content\/uploads\/2024\/04\/fc-logo.jpg","width":174,"height":28,"caption":"Facecorner"},"image":{"@id":"https:\/\/www.facecorner.lv\/#\/schema\/logo\/image\/"},"sameAs":["https:\/\/www.facebook.com\/profile.php?id=100063824551839","https:\/\/www.instagram.com\/facecorner_shop\/"]}]},"product_price_amount":"26.50","product_price_currency":"EUR","og_availability":"instock","product_availability":"instock","product_condition":"new"},"_links":{"self":[{"href":"https:\/\/www.facecorner.lv\/en\/wp-json\/wp\/v2\/product\/11867","targetHints":{"allow":["GET"]}}],"collection":[{"href":"https:\/\/www.facecorner.lv\/en\/wp-json\/wp\/v2\/product"}],"about":[{"href":"https:\/\/www.facecorner.lv\/en\/wp-json\/wp\/v2\/types\/product"}],"replies":[{"embeddable":true,"href":"https:\/\/www.facecorner.lv\/en\/wp-json\/wp\/v2\/comments?post=11867"}],"wp:featuredmedia":[{"embeddable":true,"href":"https:\/\/www.facecorner.lv\/en\/wp-json\/wp\/v2\/media\/11868"}],"wp:attachment":[{"href":"https:\/\/www.facecorner.lv\/en\/wp-json\/wp\/v2\/media?parent=11867"}],"wp:term":[{"taxonomy":"product_brand","embeddable":true,"href":"https:\/\/www.facecorner.lv\/en\/wp-json\/wp\/v2\/product_brand?post=11867"},{"taxonomy":"product_cat","embeddable":true,"href":"https:\/\/www.facecorner.lv\/en\/wp-json\/wp\/v2\/product_cat?post=11867"},{"taxonomy":"product_tag","embeddable":true,"href":"https:\/\/www.facecorner.lv\/en\/wp-json\/wp\/v2\/product_tag?post=11867"},{"taxonomy":"berocket_brand","embeddable":true,"href":"https:\/\/www.facecorner.lv\/en\/wp-json\/wp\/v2\/berocket_brand?post=11867"}],"curies":[{"name":"wp","href":"https:\/\/api.w.org\/{rel}","templated":true}]}}