{"id":11736,"date":"2023-08-01T10:01:10","date_gmt":"2023-08-01T08:01:10","guid":{"rendered":"https:\/\/www.facecorner.lv\/?post_type=product&#038;p=11736"},"modified":"2025-03-26T14:06:00","modified_gmt":"2025-03-26T11:06:00","slug":"hanskin-vitamin-c-glow-powder-cleanser-70g","status":"publish","type":"product","link":"https:\/\/www.facecorner.lv\/en\/shop\/hanskin-vitamin-c-glow-powder-cleanser-70g\/","title":{"rendered":"HANSKIN Vitamin C Glow Powder Cleanser 70g"},"content":{"rendered":"<p>HANSKIN Vitamin C Glow Powder Cleanser Enz\u012bmu pulveris ar C vitam\u012bnu. Pie\u0161\u0137iriet savai \u0101dai mirdzumu ar \u0161o t\u012br\u012b\u0161anas l\u012bdzekli. \u0160\u012b unik\u0101l\u0101 formula, kas ir neticami maiga ikdienas lieto\u0161anai, p\u0101rv\u0113r\u0161as no pulvera par kr\u0113mveida t\u012br\u012b\u0161anas l\u012bdzekli, tikl\u012bdz to sajauc ar \u016bdeni.<\/p>\n<ul>\n<li>Papaijas enz\u012bms tiek aktiviz\u0113ts saskar\u0113, maigi iz\u0161\u0137\u012bdinot atmiru\u0161\u0101s \u0101das \u0161\u016bnas un padarot \u0101du m\u012bkst\u0101ku un z\u012bdain\u0101ku.<\/li>\n<li>Askorb\u012bnsk\u0101be pal\u012bdz padar\u012bt bl\u0101vu \u0101du gai\u0161\u0101ku, pie\u0161\u0137irot tai mirdzo\u0161u izskatu.<\/li>\n<li>C vitam\u012bnam piem\u012bt ar\u012b pretiekaisuma \u012bpa\u0161\u012bbas, veicina br\u016b\u010du dz\u012b\u0161anu. Pal\u012bdz citiem vitam\u012bniem \u2013 galvenok\u0101rt B vitam\u012bniem \u2013 darboties lab\u0101k, t\u0101 m\u0113r\u0137is ir izl\u012bdzin\u0101t \u0101das toni un uzlabot smalko krunci\u0146u izskatu, nodro\u0161ina fotoaizsardz\u012bbu no saules un nomierina \u0101du.<\/li>\n<\/ul>\n<p><strong>Priek\u0161roc\u012bbas:<\/strong><\/p>\n<ul>\n<li>Izgaismojo\u0161s un toniz\u0113jo\u0161s efekts<\/li>\n<li><span style=\"color: var(--g5-color-text-main); font-family: var(--g5-body-font); font-size: var(--g5-body-font-size); font-style: var(--g5-body-font-style); letter-spacing: var(--g5-body-letter-spacing); text-transform: var(--g5-body-text-transform);\">Nesatur silikonu un smar\u017evielas<\/span><\/li>\n<li><span style=\"color: var(--g5-color-text-main); font-family: var(--g5-body-font); font-size: var(--g5-body-font-size); font-style: var(--g5-body-font-style); letter-spacing: var(--g5-body-letter-spacing); text-transform: var(--g5-body-text-transform);\">Noloba un atsvaidzina \u0101du<\/span><\/li>\n<\/ul>\n<p><strong>How to use:\nAfter cleansing and toning, place the mask sheet on your face and let it rest for 30 minutes.<\/strong>Ielejiet nelielu daudzumu pulvera uz mitr\u0101m rok\u0101m. Berz\u0113jiet rokas kop\u0101, lai izveidotu putas, un uzkl\u0101jiet uz visas sejas, izvairoties no acu zonas. Vienu min\u016bti iemas\u0113t \u0101d\u0101, p\u0113c tam r\u016bp\u012bgi noskalot.<\/p>\n<p><strong>Ingredientes:<\/strong>\u00a0Zea Mays (Corn) Starch, Sodium Cocoyl Isethionate, Sodium Lauroyl Glutamate, Diglycerin, Maltodextrin, Papain, Ascorbic Acid.<\/p>","protected":false},"excerpt":{"rendered":"<p>HANSKIN Vitamin C Glow Powder Cleanser Enz\u012bmu pulveris ar C vitam\u012bnu. Pie\u0161\u0137iriet savai \u0101dai mirdzumu ar \u0161o t\u012br\u012b\u0161anas l\u012bdzekli. \u0160\u012b unik\u0101l\u0101 formula, kas ir neticami maiga ikdienas lieto\u0161anai, p\u0101rv\u0113r\u0161as no pulvera par kr\u0113mveida t\u012br\u012b\u0161anas l\u012bdzekli, tikl\u012bdz to sajauc ar \u016bdeni. Papaijas enz\u012bms tiek aktiviz\u0113ts saskar\u0113, maigi iz\u0161\u0137\u012bdinot atmiru\u0161\u0101s \u0101das \u0161\u016bnas un padarot \u0101du m\u012bkst\u0101ku un [&hellip;]<\/p>\n","protected":false},"featured_media":11738,"comment_status":"open","ping_status":"closed","template":"","meta":{"site-sidebar-layout":"default","site-content-layout":"","ast-site-content-layout":"","site-content-style":"default","site-sidebar-style":"default","ast-global-header-display":"","ast-banner-title-visibility":"","ast-main-header-display":"","ast-hfb-above-header-display":"","ast-hfb-below-header-display":"","ast-hfb-mobile-header-display":"","site-post-title":"","ast-breadcrumbs-content":"","ast-featured-img":"","footer-sml-layout":"","theme-transparent-header-meta":"","adv-header-id-meta":"","stick-header-meta":"","header-above-stick-meta":"","header-main-stick-meta":"","header-below-stick-meta":"","astra-migrate-meta-layouts":"default","ast-page-background-enabled":"default","ast-page-background-meta":{"desktop":{"background-color":"var(--ast-global-color-4)","background-image":"","background-repeat":"repeat","background-position":"center center","background-size":"auto","background-attachment":"scroll","background-type":"","background-media":"","overlay-type":"","overlay-color":"","overlay-opacity":"","overlay-gradient":""},"tablet":{"background-color":"","background-image":"","background-repeat":"repeat","background-position":"center center","background-size":"auto","background-attachment":"scroll","background-type":"","background-media":"","overlay-type":"","overlay-color":"","overlay-opacity":"","overlay-gradient":""},"mobile":{"background-color":"","background-image":"","background-repeat":"repeat","background-position":"center center","background-size":"auto","background-attachment":"scroll","background-type":"","background-media":"","overlay-type":"","overlay-color":"","overlay-opacity":"","overlay-gradient":""}},"ast-content-background-meta":{"desktop":{"background-color":"var(--ast-global-color-5)","background-image":"","background-repeat":"repeat","background-position":"center center","background-size":"auto","background-attachment":"scroll","background-type":"","background-media":"","overlay-type":"","overlay-color":"","overlay-opacity":"","overlay-gradient":""},"tablet":{"background-color":"var(--ast-global-color-5)","background-image":"","background-repeat":"repeat","background-position":"center center","background-size":"auto","background-attachment":"scroll","background-type":"","background-media":"","overlay-type":"","overlay-color":"","overlay-opacity":"","overlay-gradient":""},"mobile":{"background-color":"var(--ast-global-color-5)","background-image":"","background-repeat":"repeat","background-position":"center center","background-size":"auto","background-attachment":"scroll","background-type":"","background-media":"","overlay-type":"","overlay-color":"","overlay-opacity":"","overlay-gradient":""}}},"product_brand":[],"product_cat":[310,312,380,328,313,381,317,379,314],"product_tag":[],"berocket_brand":[],"class_list":{"0":"post-11736","1":"product","2":"type-product","3":"status-publish","4":"has-post-thumbnail","6":"product_cat-attirisana","7":"product_cat-kombinetai-adai-attirisana","8":"product_cat-kombinetai-adai","9":"product_cat-pilingi-un-skrubji","10":"product_cat-problematiskai-adai-attirisana","11":"product_cat-problematiskai-un-taukainai-adai","12":"product_cat-sausai-adai-attirisana","13":"product_cat-sausai-adai-anti-age","14":"product_cat-taukainai-adai-attirisana","15":"desktop-align-left","16":"tablet-align-left","17":"mobile-align-left","19":"first","20":"outofstock","21":"taxable","22":"shipping-taxable","23":"purchasable","24":"product-type-simple","25":"add-to-wishlist-before_image"},"yoast_head":"<!-- This site is optimized with the Yoast SEO plugin v27.4 - https:\/\/yoast.com\/product\/yoast-seo-wordpress\/ -->\n<title>HANSKIN Vitamin C Glow Powder Cleanser 70g - FACECORNER<\/title>\n<meta name=\"robots\" content=\"index, follow, max-snippet:-1, max-image-preview:large, max-video-preview:-1\" \/>\n<link rel=\"canonical\" href=\"https:\/\/www.facecorner.lv\/en\/shop\/hanskin-vitamin-c-glow-powder-cleanser-70g\/\" \/>\n<meta property=\"og:locale\" content=\"en_US\" \/>\n<meta property=\"og:type\" content=\"article\" \/>\n<meta property=\"og:title\" content=\"HANSKIN Vitamin C Glow Powder Cleanser 70g - FACECORNER\" \/>\n<meta property=\"og:description\" content=\"HANSKIN Vitamin C Glow Powder Cleanser Enz\u012bmu pulveris ar C vitam\u012bnu. Pie\u0161\u0137iriet savai \u0101dai mirdzumu ar \u0161o t\u012br\u012b\u0161anas l\u012bdzekli. \u0160\u012b unik\u0101l\u0101 formula, kas ir neticami maiga ikdienas lieto\u0161anai, p\u0101rv\u0113r\u0161as no pulvera par kr\u0113mveida t\u012br\u012b\u0161anas l\u012bdzekli, tikl\u012bdz to sajauc ar \u016bdeni. Papaijas enz\u012bms tiek aktiviz\u0113ts saskar\u0113, maigi iz\u0161\u0137\u012bdinot atmiru\u0161\u0101s \u0101das \u0161\u016bnas un padarot \u0101du m\u012bkst\u0101ku un [&hellip;]\" \/>\n<meta property=\"og:url\" content=\"https:\/\/www.facecorner.lv\/en\/shop\/hanskin-vitamin-c-glow-powder-cleanser-70g\/\" \/>\n<meta property=\"og:site_name\" content=\"FACECORNER\" \/>\n<meta property=\"article:publisher\" content=\"https:\/\/www.facebook.com\/profile.php?id=100063824551839\" \/>\n<meta property=\"article:modified_time\" content=\"2025-03-26T11:06:00+00:00\" \/>\n<meta property=\"og:image\" content=\"https:\/\/www.facecorner.lv\/wp-content\/uploads\/2023\/07\/hanskin_p27__vitamin_c_glow_powder_cleanser-_-1645617237.webp\" \/>\n\t<meta property=\"og:image:width\" content=\"1000\" \/>\n\t<meta property=\"og:image:height\" content=\"1000\" \/>\n\t<meta property=\"og:image:type\" content=\"image\/webp\" \/>\n<meta name=\"twitter:card\" content=\"summary_large_image\" \/>\n<meta name=\"twitter:label1\" content=\"Price\" \/>\n\t<meta name=\"twitter:data1\" content=\"&euro;29.00\" \/>\n\t<meta name=\"twitter:label2\" content=\"Availability\" \/>\n\t<meta name=\"twitter:data2\" content=\"Out of stock\" \/>\n<script type=\"application\/ld+json\" class=\"yoast-schema-graph\">{\"@context\":\"https:\\\/\\\/schema.org\",\"@graph\":[{\"@type\":\"WebPage\",\"@id\":\"https:\\\/\\\/www.facecorner.lv\\\/shop\\\/hanskin-vitamin-c-glow-powder-cleanser-70g\\\/\",\"url\":\"https:\\\/\\\/www.facecorner.lv\\\/shop\\\/hanskin-vitamin-c-glow-powder-cleanser-70g\\\/\",\"name\":\"HANSKIN Vitamin C Glow Powder Cleanser 70g - FACECORNER\",\"isPartOf\":{\"@id\":\"https:\\\/\\\/www.facecorner.lv\\\/#website\"},\"primaryImageOfPage\":{\"@id\":\"https:\\\/\\\/www.facecorner.lv\\\/shop\\\/hanskin-vitamin-c-glow-powder-cleanser-70g\\\/#primaryimage\"},\"image\":{\"@id\":\"https:\\\/\\\/www.facecorner.lv\\\/shop\\\/hanskin-vitamin-c-glow-powder-cleanser-70g\\\/#primaryimage\"},\"thumbnailUrl\":\"https:\\\/\\\/www.facecorner.lv\\\/wp-content\\\/uploads\\\/2023\\\/07\\\/hanskin_p27__vitamin_c_glow_powder_cleanser-_-1645617237.webp\",\"datePublished\":\"2023-08-01T08:01:10+00:00\",\"dateModified\":\"2025-03-26T11:06:00+00:00\",\"breadcrumb\":{\"@id\":\"https:\\\/\\\/www.facecorner.lv\\\/shop\\\/hanskin-vitamin-c-glow-powder-cleanser-70g\\\/#breadcrumb\"},\"inLanguage\":\"en-US\",\"potentialAction\":[{\"@type\":\"ReadAction\",\"target\":[\"https:\\\/\\\/www.facecorner.lv\\\/shop\\\/hanskin-vitamin-c-glow-powder-cleanser-70g\\\/\"]}]},{\"@type\":\"ImageObject\",\"inLanguage\":\"en-US\",\"@id\":\"https:\\\/\\\/www.facecorner.lv\\\/shop\\\/hanskin-vitamin-c-glow-powder-cleanser-70g\\\/#primaryimage\",\"url\":\"https:\\\/\\\/www.facecorner.lv\\\/wp-content\\\/uploads\\\/2023\\\/07\\\/hanskin_p27__vitamin_c_glow_powder_cleanser-_-1645617237.webp\",\"contentUrl\":\"https:\\\/\\\/www.facecorner.lv\\\/wp-content\\\/uploads\\\/2023\\\/07\\\/hanskin_p27__vitamin_c_glow_powder_cleanser-_-1645617237.webp\",\"width\":1000,\"height\":1000},{\"@type\":\"BreadcrumbList\",\"@id\":\"https:\\\/\\\/www.facecorner.lv\\\/shop\\\/hanskin-vitamin-c-glow-powder-cleanser-70g\\\/#breadcrumb\",\"itemListElement\":[{\"@type\":\"ListItem\",\"position\":1,\"name\":\"Home\",\"item\":\"https:\\\/\\\/www.facecorner.lv\\\/\"},{\"@type\":\"ListItem\",\"position\":2,\"name\":\"Veikals\",\"item\":\"https:\\\/\\\/www.facecorner.lv\\\/shop\\\/\"},{\"@type\":\"ListItem\",\"position\":3,\"name\":\"HANSKIN Vitamin C Glow Powder Cleanser 70g\"}]},{\"@type\":\"WebSite\",\"@id\":\"https:\\\/\\\/www.facecorner.lv\\\/#website\",\"url\":\"https:\\\/\\\/www.facecorner.lv\\\/\",\"name\":\"Facecorner\",\"description\":\"\",\"publisher\":{\"@id\":\"https:\\\/\\\/www.facecorner.lv\\\/#organization\"},\"potentialAction\":[{\"@type\":\"SearchAction\",\"target\":{\"@type\":\"EntryPoint\",\"urlTemplate\":\"https:\\\/\\\/www.facecorner.lv\\\/?s={search_term_string}\"},\"query-input\":{\"@type\":\"PropertyValueSpecification\",\"valueRequired\":true,\"valueName\":\"search_term_string\"}}],\"inLanguage\":\"en-US\"},{\"@type\":\"Organization\",\"@id\":\"https:\\\/\\\/www.facecorner.lv\\\/#organization\",\"name\":\"Facecorner\",\"url\":\"https:\\\/\\\/www.facecorner.lv\\\/\",\"logo\":{\"@type\":\"ImageObject\",\"inLanguage\":\"en-US\",\"@id\":\"https:\\\/\\\/www.facecorner.lv\\\/#\\\/schema\\\/logo\\\/image\\\/\",\"url\":\"https:\\\/\\\/www.facecorner.lv\\\/wp-content\\\/uploads\\\/2024\\\/04\\\/fc-logo.jpg\",\"contentUrl\":\"https:\\\/\\\/www.facecorner.lv\\\/wp-content\\\/uploads\\\/2024\\\/04\\\/fc-logo.jpg\",\"width\":174,\"height\":28,\"caption\":\"Facecorner\"},\"image\":{\"@id\":\"https:\\\/\\\/www.facecorner.lv\\\/#\\\/schema\\\/logo\\\/image\\\/\"},\"sameAs\":[\"https:\\\/\\\/www.facebook.com\\\/profile.php?id=100063824551839\",\"https:\\\/\\\/www.instagram.com\\\/facecorner_shop\\\/\"]}]}<\/script>\n<meta property=\"product:price:amount\" content=\"29.00\" \/>\n<meta property=\"product:price:currency\" content=\"EUR\" \/>\n<meta property=\"og:availability\" content=\"out of stock\" \/>\n<meta property=\"product:availability\" content=\"out of stock\" \/>\n<meta property=\"product:condition\" content=\"new\" \/>\n<!-- \/ Yoast SEO plugin. -->","yoast_head_json":{"title":"HANSKIN Vitamin C Glow Powder Cleanser 70g - FACECORNER","robots":{"index":"index","follow":"follow","max-snippet":"max-snippet:-1","max-image-preview":"max-image-preview:large","max-video-preview":"max-video-preview:-1"},"canonical":"https:\/\/www.facecorner.lv\/en\/shop\/hanskin-vitamin-c-glow-powder-cleanser-70g\/","og_locale":"en_US","og_type":"article","og_title":"HANSKIN Vitamin C Glow Powder Cleanser 70g - FACECORNER","og_description":"HANSKIN Vitamin C Glow Powder Cleanser Enz\u012bmu pulveris ar C vitam\u012bnu. Pie\u0161\u0137iriet savai \u0101dai mirdzumu ar \u0161o t\u012br\u012b\u0161anas l\u012bdzekli. \u0160\u012b unik\u0101l\u0101 formula, kas ir neticami maiga ikdienas lieto\u0161anai, p\u0101rv\u0113r\u0161as no pulvera par kr\u0113mveida t\u012br\u012b\u0161anas l\u012bdzekli, tikl\u012bdz to sajauc ar \u016bdeni. Papaijas enz\u012bms tiek aktiviz\u0113ts saskar\u0113, maigi iz\u0161\u0137\u012bdinot atmiru\u0161\u0101s \u0101das \u0161\u016bnas un padarot \u0101du m\u012bkst\u0101ku un [&hellip;]","og_url":"https:\/\/www.facecorner.lv\/en\/shop\/hanskin-vitamin-c-glow-powder-cleanser-70g\/","og_site_name":"FACECORNER","article_publisher":"https:\/\/www.facebook.com\/profile.php?id=100063824551839","article_modified_time":"2025-03-26T11:06:00+00:00","og_image":[{"width":1000,"height":1000,"url":"https:\/\/www.facecorner.lv\/wp-content\/uploads\/2023\/07\/hanskin_p27__vitamin_c_glow_powder_cleanser-_-1645617237.webp","type":"image\/webp"}],"twitter_card":"summary_large_image","twitter_misc":{"Price":"&euro;29.00","Availability":"Out of stock"},"schema":{"@context":"https:\/\/schema.org","@graph":[{"@type":"WebPage","@id":"https:\/\/www.facecorner.lv\/shop\/hanskin-vitamin-c-glow-powder-cleanser-70g\/","url":"https:\/\/www.facecorner.lv\/shop\/hanskin-vitamin-c-glow-powder-cleanser-70g\/","name":"HANSKIN Vitamin C Glow Powder Cleanser 70g - FACECORNER","isPartOf":{"@id":"https:\/\/www.facecorner.lv\/#website"},"primaryImageOfPage":{"@id":"https:\/\/www.facecorner.lv\/shop\/hanskin-vitamin-c-glow-powder-cleanser-70g\/#primaryimage"},"image":{"@id":"https:\/\/www.facecorner.lv\/shop\/hanskin-vitamin-c-glow-powder-cleanser-70g\/#primaryimage"},"thumbnailUrl":"https:\/\/www.facecorner.lv\/wp-content\/uploads\/2023\/07\/hanskin_p27__vitamin_c_glow_powder_cleanser-_-1645617237.webp","datePublished":"2023-08-01T08:01:10+00:00","dateModified":"2025-03-26T11:06:00+00:00","breadcrumb":{"@id":"https:\/\/www.facecorner.lv\/shop\/hanskin-vitamin-c-glow-powder-cleanser-70g\/#breadcrumb"},"inLanguage":"en-US","potentialAction":[{"@type":"ReadAction","target":["https:\/\/www.facecorner.lv\/shop\/hanskin-vitamin-c-glow-powder-cleanser-70g\/"]}]},{"@type":"ImageObject","inLanguage":"en-US","@id":"https:\/\/www.facecorner.lv\/shop\/hanskin-vitamin-c-glow-powder-cleanser-70g\/#primaryimage","url":"https:\/\/www.facecorner.lv\/wp-content\/uploads\/2023\/07\/hanskin_p27__vitamin_c_glow_powder_cleanser-_-1645617237.webp","contentUrl":"https:\/\/www.facecorner.lv\/wp-content\/uploads\/2023\/07\/hanskin_p27__vitamin_c_glow_powder_cleanser-_-1645617237.webp","width":1000,"height":1000},{"@type":"BreadcrumbList","@id":"https:\/\/www.facecorner.lv\/shop\/hanskin-vitamin-c-glow-powder-cleanser-70g\/#breadcrumb","itemListElement":[{"@type":"ListItem","position":1,"name":"Home","item":"https:\/\/www.facecorner.lv\/"},{"@type":"ListItem","position":2,"name":"Veikals","item":"https:\/\/www.facecorner.lv\/shop\/"},{"@type":"ListItem","position":3,"name":"HANSKIN Vitamin C Glow Powder Cleanser 70g"}]},{"@type":"WebSite","@id":"https:\/\/www.facecorner.lv\/#website","url":"https:\/\/www.facecorner.lv\/","name":"Facecorner","description":"","publisher":{"@id":"https:\/\/www.facecorner.lv\/#organization"},"potentialAction":[{"@type":"SearchAction","target":{"@type":"EntryPoint","urlTemplate":"https:\/\/www.facecorner.lv\/?s={search_term_string}"},"query-input":{"@type":"PropertyValueSpecification","valueRequired":true,"valueName":"search_term_string"}}],"inLanguage":"en-US"},{"@type":"Organization","@id":"https:\/\/www.facecorner.lv\/#organization","name":"Facecorner","url":"https:\/\/www.facecorner.lv\/","logo":{"@type":"ImageObject","inLanguage":"en-US","@id":"https:\/\/www.facecorner.lv\/#\/schema\/logo\/image\/","url":"https:\/\/www.facecorner.lv\/wp-content\/uploads\/2024\/04\/fc-logo.jpg","contentUrl":"https:\/\/www.facecorner.lv\/wp-content\/uploads\/2024\/04\/fc-logo.jpg","width":174,"height":28,"caption":"Facecorner"},"image":{"@id":"https:\/\/www.facecorner.lv\/#\/schema\/logo\/image\/"},"sameAs":["https:\/\/www.facebook.com\/profile.php?id=100063824551839","https:\/\/www.instagram.com\/facecorner_shop\/"]}]},"product_price_amount":"29.00","product_price_currency":"EUR","og_availability":"out of stock","product_availability":"out of stock","product_condition":"new"},"_links":{"self":[{"href":"https:\/\/www.facecorner.lv\/en\/wp-json\/wp\/v2\/product\/11736","targetHints":{"allow":["GET"]}}],"collection":[{"href":"https:\/\/www.facecorner.lv\/en\/wp-json\/wp\/v2\/product"}],"about":[{"href":"https:\/\/www.facecorner.lv\/en\/wp-json\/wp\/v2\/types\/product"}],"replies":[{"embeddable":true,"href":"https:\/\/www.facecorner.lv\/en\/wp-json\/wp\/v2\/comments?post=11736"}],"wp:featuredmedia":[{"embeddable":true,"href":"https:\/\/www.facecorner.lv\/en\/wp-json\/wp\/v2\/media\/11738"}],"wp:attachment":[{"href":"https:\/\/www.facecorner.lv\/en\/wp-json\/wp\/v2\/media?parent=11736"}],"wp:term":[{"taxonomy":"product_brand","embeddable":true,"href":"https:\/\/www.facecorner.lv\/en\/wp-json\/wp\/v2\/product_brand?post=11736"},{"taxonomy":"product_cat","embeddable":true,"href":"https:\/\/www.facecorner.lv\/en\/wp-json\/wp\/v2\/product_cat?post=11736"},{"taxonomy":"product_tag","embeddable":true,"href":"https:\/\/www.facecorner.lv\/en\/wp-json\/wp\/v2\/product_tag?post=11736"},{"taxonomy":"berocket_brand","embeddable":true,"href":"https:\/\/www.facecorner.lv\/en\/wp-json\/wp\/v2\/berocket_brand?post=11736"}],"curies":[{"name":"wp","href":"https:\/\/api.w.org\/{rel}","templated":true}]}}