{"id":11729,"date":"2023-07-31T20:08:56","date_gmt":"2023-07-31T18:08:56","guid":{"rendered":"https:\/\/www.facecorner.lv\/?post_type=product&#038;p=11729"},"modified":"2024-09-23T18:08:00","modified_gmt":"2024-09-23T16:08:00","slug":"hanskin-real-complexion-hyaluron-skin-essence-150ml","status":"publish","type":"product","link":"https:\/\/www.facecorner.lv\/en\/shop\/hanskin-real-complexion-hyaluron-skin-essence-150ml\/","title":{"rendered":"HANSKIN Real Complexion Hyaluron Skin Essence 150ml"},"content":{"rendered":"<p>K\u0101p\u0113c mums ir vajadz\u012bga esence un kur m\u0113s varam tai atv\u0113l\u0113t vietu apr\u016bp\u0113, ja beidzot esat pan\u0101ku\u0161i harmoniju un atradu\u0161i savus uztic\u012bgos biedrus?<br \/>\nPrecizit\u0101tei j\u0101saka, ka Hanskin esence ir \u201cbag\u0101tin\u0101ts toniks\u201d, ar nedaudz pies\u0101tin\u0101t\u0101ku sast\u0101vu (fokuss ir uz dzi\u013c\u0101ku mitrin\u0101\u0161anu) un bl\u012bv\u0101ks par mums ierasto \u016bdeni, \u0113rti izdaliet ar rok\u0101m, bet, ja nav kur bez vates spilventi\u0146u vai spilventi\u0146u, tad m\u0113s neuzdro\u0161in\u0101mies apst\u0101ties.<\/p>\n<p><span style=\"color: var(--g5-color-text-main); font-family: var(--g5-body-font); font-size: var(--g5-body-font-size); font-style: var(--g5-body-font-style); letter-spacing: var(--g5-body-letter-spacing); text-transform: var(--g5-body-text-transform);\">\u0160\u0101ds produkts var aizst\u0101t j\u016bsu toniku (toniku) p\u0113c t\u012br\u012b\u0161anas, bet p\u0113c tam iesl\u0113gt izt\u0113li un s\u0101kt tikai no person\u012bgaj\u0101m saj\u016bt\u0101m un \u0101das st\u0101vok\u013ca:<\/span><\/p>\n<ul>\n<li>2-3 sl\u0101\u0146i taukainai \u0101dai var vienk\u0101r\u0161ot r\u012bta kop\u0161anu un \u013caut atteikties no kr\u0113miem un serumiem;<\/li>\n<li>Viena k\u0101rta un da\u017eas sekundes paglaud\u012b\u0161ana ir ide\u0101ls sl\u0101nis, lai pievienotu papildu mitrin\u0101\u0161anu sausai, dehidr\u0113tai \u0101dai, kurai nepiecie\u0161ama \u012bpa\u0161a kop\u0161ana un uzman\u012bba.<\/li>\n<\/ul>\n<p>Hanskin Real Complexion Hyaluron Skin Essence toneris-emulsija ir izstr\u0101d\u0101ta, lai \u0101tri atjaunotu \u0101das toni un samtainu, barotu to ar mitrumu, izl\u012bdzin\u0101tu smalk\u0101s krunci\u0146as, atjaunotu elast\u012bbu, paspilgtin\u0101tu un izl\u012bdzin\u0101tu kr\u0101su.<\/p>\n<p>Taj\u0101 pa\u0161\u0101 laik\u0101 emulsija labi baro \u0101du, savelk poras un regul\u0113 tauku dziedzeru darb\u012bbu.<\/p>\n<p><strong>How to use:<\/strong> Uzkl\u0101jiet uz \u0101das p\u0113c mazg\u0101\u0161anas un toniz\u0113\u0161anas ar rok\u0101m vai vates tamponu. Pirms kr\u0113ma uzkl\u0101\u0161anas uzgaidiet min\u016bti, l\u012bdz produkts ies\u016bcas.<\/p>\n<p><strong>Ingredientes:\u00a0<\/strong>Water, Glycerin, ButyleneGlycol, PentyleneGlycol, 1,2-Hexanediol, Phenoxyethanol, Sodium Hyaluronate, Linum Usitatissimum (Linseed) Seed Extract, Disodium EDTA, Hydroxyethylcellulose, Sodium Citrate, Citric Acid, Hydrolyzed Hyaluronic Acid, SaccharideIsomerate, Rhus Semialata Gall Extract, Hydrolyzed Algin, Gynostemma Pentaphyllum Leaf \/ Stem Extract, Hydrolyzed Collagen, Zostera Marina Extract<\/p>","protected":false},"excerpt":{"rendered":"<p>K\u0101p\u0113c mums ir vajadz\u012bga esence un kur m\u0113s varam tai atv\u0113l\u0113t vietu apr\u016bp\u0113, ja beidzot esat pan\u0101ku\u0161i harmoniju un atradu\u0161i savus uztic\u012bgos biedrus? Precizit\u0101tei j\u0101saka, ka Hanskin esence ir \u201cbag\u0101tin\u0101ts toniks\u201d, ar nedaudz pies\u0101tin\u0101t\u0101ku sast\u0101vu (fokuss ir uz dzi\u013c\u0101ku mitrin\u0101\u0161anu) un bl\u012bv\u0101ks par mums ierasto \u016bdeni, \u0113rti izdaliet ar rok\u0101m, bet, ja nav kur bez [&hellip;]<\/p>\n","protected":false},"featured_media":11731,"comment_status":"open","ping_status":"closed","template":"","meta":{"site-sidebar-layout":"default","site-content-layout":"","ast-site-content-layout":"","site-content-style":"default","site-sidebar-style":"default","ast-global-header-display":"","ast-banner-title-visibility":"","ast-main-header-display":"","ast-hfb-above-header-display":"","ast-hfb-below-header-display":"","ast-hfb-mobile-header-display":"","site-post-title":"","ast-breadcrumbs-content":"","ast-featured-img":"","footer-sml-layout":"","theme-transparent-header-meta":"","adv-header-id-meta":"","stick-header-meta":"","header-above-stick-meta":"","header-main-stick-meta":"","header-below-stick-meta":"","astra-migrate-meta-layouts":"default","ast-page-background-enabled":"default","ast-page-background-meta":{"desktop":{"background-color":"var(--ast-global-color-4)","background-image":"","background-repeat":"repeat","background-position":"center center","background-size":"auto","background-attachment":"scroll","background-type":"","background-media":"","overlay-type":"","overlay-color":"","overlay-opacity":"","overlay-gradient":""},"tablet":{"background-color":"","background-image":"","background-repeat":"repeat","background-position":"center center","background-size":"auto","background-attachment":"scroll","background-type":"","background-media":"","overlay-type":"","overlay-color":"","overlay-opacity":"","overlay-gradient":""},"mobile":{"background-color":"","background-image":"","background-repeat":"repeat","background-position":"center center","background-size":"auto","background-attachment":"scroll","background-type":"","background-media":"","overlay-type":"","overlay-color":"","overlay-opacity":"","overlay-gradient":""}},"ast-content-background-meta":{"desktop":{"background-color":"var(--ast-global-color-5)","background-image":"","background-repeat":"repeat","background-position":"center center","background-size":"auto","background-attachment":"scroll","background-type":"","background-media":"","overlay-type":"","overlay-color":"","overlay-opacity":"","overlay-gradient":""},"tablet":{"background-color":"var(--ast-global-color-5)","background-image":"","background-repeat":"repeat","background-position":"center center","background-size":"auto","background-attachment":"scroll","background-type":"","background-media":"","overlay-type":"","overlay-color":"","overlay-opacity":"","overlay-gradient":""},"mobile":{"background-color":"var(--ast-global-color-5)","background-image":"","background-repeat":"repeat","background-position":"center center","background-size":"auto","background-attachment":"scroll","background-type":"","background-media":"","overlay-type":"","overlay-color":"","overlay-opacity":"","overlay-gradient":""}}},"product_brand":[],"product_cat":[375,380,377,381,378,379,364,376],"product_tag":[],"berocket_brand":[],"class_list":{"0":"post-11729","1":"product","2":"type-product","3":"status-publish","4":"has-post-thumbnail","6":"product_cat-jutigai-adai-toneri","7":"product_cat-kombinetai-adai","8":"product_cat-problematiskai-adai-toneri","9":"product_cat-problematiskai-un-taukainai-adai","10":"product_cat-sausai-adai-toneri","11":"product_cat-sausai-adai-anti-age","12":"product_cat-toneri","13":"product_cat-kombinetai-adai-toneri","14":"desktop-align-left","15":"tablet-align-left","16":"mobile-align-left","18":"first","19":"instock","20":"taxable","21":"shipping-taxable","22":"purchasable","23":"product-type-simple","24":"add-to-wishlist-before_image"},"yoast_head":"<!-- This site is optimized with the Yoast SEO plugin v27.3 - https:\/\/yoast.com\/product\/yoast-seo-wordpress\/ -->\n<title>HANSKIN Real Complexion Hyaluron Skin Essence 150ml - FACECORNER<\/title>\n<meta name=\"robots\" content=\"index, follow, max-snippet:-1, max-image-preview:large, max-video-preview:-1\" \/>\n<link rel=\"canonical\" href=\"https:\/\/www.facecorner.lv\/en\/shop\/hanskin-real-complexion-hyaluron-skin-essence-150ml\/\" \/>\n<meta property=\"og:locale\" content=\"en_US\" \/>\n<meta property=\"og:type\" content=\"article\" \/>\n<meta property=\"og:title\" content=\"HANSKIN Real Complexion Hyaluron Skin Essence 150ml - FACECORNER\" \/>\n<meta property=\"og:description\" content=\"K\u0101p\u0113c mums ir vajadz\u012bga esence un kur m\u0113s varam tai atv\u0113l\u0113t vietu apr\u016bp\u0113, ja beidzot esat pan\u0101ku\u0161i harmoniju un atradu\u0161i savus uztic\u012bgos biedrus? Precizit\u0101tei j\u0101saka, ka Hanskin esence ir \u201cbag\u0101tin\u0101ts toniks\u201d, ar nedaudz pies\u0101tin\u0101t\u0101ku sast\u0101vu (fokuss ir uz dzi\u013c\u0101ku mitrin\u0101\u0161anu) un bl\u012bv\u0101ks par mums ierasto \u016bdeni, \u0113rti izdaliet ar rok\u0101m, bet, ja nav kur bez [&hellip;]\" \/>\n<meta property=\"og:url\" content=\"https:\/\/www.facecorner.lv\/en\/shop\/hanskin-real-complexion-hyaluron-skin-essence-150ml\/\" \/>\n<meta property=\"og:site_name\" content=\"FACECORNER\" \/>\n<meta property=\"article:publisher\" content=\"https:\/\/www.facebook.com\/profile.php?id=100063824551839\" \/>\n<meta property=\"article:modified_time\" content=\"2024-09-23T16:08:00+00:00\" \/>\n<meta property=\"og:image\" content=\"https:\/\/www.facecorner.lv\/wp-content\/uploads\/2023\/07\/image.webp\" \/>\n\t<meta property=\"og:image:width\" content=\"900\" \/>\n\t<meta property=\"og:image:height\" content=\"900\" \/>\n\t<meta property=\"og:image:type\" content=\"image\/webp\" \/>\n<meta name=\"twitter:card\" content=\"summary_large_image\" \/>\n<meta name=\"twitter:label1\" content=\"Price\" \/>\n\t<meta name=\"twitter:data1\" content=\"&euro;30.00\" \/>\n\t<meta name=\"twitter:label2\" content=\"Availability\" \/>\n\t<meta name=\"twitter:data2\" content=\"In stock\" \/>\n<script type=\"application\/ld+json\" class=\"yoast-schema-graph\">{\"@context\":\"https:\\\/\\\/schema.org\",\"@graph\":[{\"@type\":\"WebPage\",\"@id\":\"https:\\\/\\\/www.facecorner.lv\\\/en\\\/shop\\\/hanskin-real-complexion-hyaluron-skin-essence-150ml\\\/\",\"url\":\"https:\\\/\\\/www.facecorner.lv\\\/en\\\/shop\\\/hanskin-real-complexion-hyaluron-skin-essence-150ml\\\/\",\"name\":\"HANSKIN Real Complexion Hyaluron Skin Essence 150ml - FACECORNER\",\"isPartOf\":{\"@id\":\"https:\\\/\\\/www.facecorner.lv\\\/#website\"},\"primaryImageOfPage\":{\"@id\":\"https:\\\/\\\/www.facecorner.lv\\\/en\\\/shop\\\/hanskin-real-complexion-hyaluron-skin-essence-150ml\\\/#primaryimage\"},\"image\":{\"@id\":\"https:\\\/\\\/www.facecorner.lv\\\/en\\\/shop\\\/hanskin-real-complexion-hyaluron-skin-essence-150ml\\\/#primaryimage\"},\"thumbnailUrl\":\"https:\\\/\\\/www.facecorner.lv\\\/wp-content\\\/uploads\\\/2023\\\/07\\\/image.webp\",\"datePublished\":\"2023-07-31T18:08:56+00:00\",\"dateModified\":\"2024-09-23T16:08:00+00:00\",\"breadcrumb\":{\"@id\":\"https:\\\/\\\/www.facecorner.lv\\\/en\\\/shop\\\/hanskin-real-complexion-hyaluron-skin-essence-150ml\\\/#breadcrumb\"},\"inLanguage\":\"en-US\",\"potentialAction\":[{\"@type\":\"ReadAction\",\"target\":[\"https:\\\/\\\/www.facecorner.lv\\\/en\\\/shop\\\/hanskin-real-complexion-hyaluron-skin-essence-150ml\\\/\"]}]},{\"@type\":\"ImageObject\",\"inLanguage\":\"en-US\",\"@id\":\"https:\\\/\\\/www.facecorner.lv\\\/en\\\/shop\\\/hanskin-real-complexion-hyaluron-skin-essence-150ml\\\/#primaryimage\",\"url\":\"https:\\\/\\\/www.facecorner.lv\\\/wp-content\\\/uploads\\\/2023\\\/07\\\/image.webp\",\"contentUrl\":\"https:\\\/\\\/www.facecorner.lv\\\/wp-content\\\/uploads\\\/2023\\\/07\\\/image.webp\",\"width\":900,\"height\":900},{\"@type\":\"BreadcrumbList\",\"@id\":\"https:\\\/\\\/www.facecorner.lv\\\/en\\\/shop\\\/hanskin-real-complexion-hyaluron-skin-essence-150ml\\\/#breadcrumb\",\"itemListElement\":[{\"@type\":\"ListItem\",\"position\":1,\"name\":\"Home\",\"item\":\"https:\\\/\\\/www.facecorner.lv\\\/\"},{\"@type\":\"ListItem\",\"position\":2,\"name\":\"Veikals\",\"item\":\"https:\\\/\\\/www.facecorner.lv\\\/shop\\\/\"},{\"@type\":\"ListItem\",\"position\":3,\"name\":\"HANSKIN Real Complexion Hyaluron Skin Essence 150ml\"}]},{\"@type\":\"WebSite\",\"@id\":\"https:\\\/\\\/www.facecorner.lv\\\/#website\",\"url\":\"https:\\\/\\\/www.facecorner.lv\\\/\",\"name\":\"Facecorner\",\"description\":\"\",\"publisher\":{\"@id\":\"https:\\\/\\\/www.facecorner.lv\\\/#organization\"},\"potentialAction\":[{\"@type\":\"SearchAction\",\"target\":{\"@type\":\"EntryPoint\",\"urlTemplate\":\"https:\\\/\\\/www.facecorner.lv\\\/?s={search_term_string}\"},\"query-input\":{\"@type\":\"PropertyValueSpecification\",\"valueRequired\":true,\"valueName\":\"search_term_string\"}}],\"inLanguage\":\"en-US\"},{\"@type\":\"Organization\",\"@id\":\"https:\\\/\\\/www.facecorner.lv\\\/#organization\",\"name\":\"Facecorner\",\"url\":\"https:\\\/\\\/www.facecorner.lv\\\/\",\"logo\":{\"@type\":\"ImageObject\",\"inLanguage\":\"en-US\",\"@id\":\"https:\\\/\\\/www.facecorner.lv\\\/#\\\/schema\\\/logo\\\/image\\\/\",\"url\":\"https:\\\/\\\/www.facecorner.lv\\\/wp-content\\\/uploads\\\/2024\\\/04\\\/fc-logo.jpg\",\"contentUrl\":\"https:\\\/\\\/www.facecorner.lv\\\/wp-content\\\/uploads\\\/2024\\\/04\\\/fc-logo.jpg\",\"width\":174,\"height\":28,\"caption\":\"Facecorner\"},\"image\":{\"@id\":\"https:\\\/\\\/www.facecorner.lv\\\/#\\\/schema\\\/logo\\\/image\\\/\"},\"sameAs\":[\"https:\\\/\\\/www.facebook.com\\\/profile.php?id=100063824551839\",\"https:\\\/\\\/www.instagram.com\\\/facecorner_shop\\\/\"]}]}<\/script>\n<meta property=\"product:price:amount\" content=\"30.00\" \/>\n<meta property=\"product:price:currency\" content=\"EUR\" \/>\n<meta property=\"og:availability\" content=\"instock\" \/>\n<meta property=\"product:availability\" content=\"instock\" \/>\n<meta property=\"product:condition\" content=\"new\" \/>\n<!-- \/ Yoast SEO plugin. -->","yoast_head_json":{"title":"HANSKIN Real Complexion Hyaluron Skin Essence 150ml - FACECORNER","robots":{"index":"index","follow":"follow","max-snippet":"max-snippet:-1","max-image-preview":"max-image-preview:large","max-video-preview":"max-video-preview:-1"},"canonical":"https:\/\/www.facecorner.lv\/en\/shop\/hanskin-real-complexion-hyaluron-skin-essence-150ml\/","og_locale":"en_US","og_type":"article","og_title":"HANSKIN Real Complexion Hyaluron Skin Essence 150ml - FACECORNER","og_description":"K\u0101p\u0113c mums ir vajadz\u012bga esence un kur m\u0113s varam tai atv\u0113l\u0113t vietu apr\u016bp\u0113, ja beidzot esat pan\u0101ku\u0161i harmoniju un atradu\u0161i savus uztic\u012bgos biedrus? Precizit\u0101tei j\u0101saka, ka Hanskin esence ir \u201cbag\u0101tin\u0101ts toniks\u201d, ar nedaudz pies\u0101tin\u0101t\u0101ku sast\u0101vu (fokuss ir uz dzi\u013c\u0101ku mitrin\u0101\u0161anu) un bl\u012bv\u0101ks par mums ierasto \u016bdeni, \u0113rti izdaliet ar rok\u0101m, bet, ja nav kur bez [&hellip;]","og_url":"https:\/\/www.facecorner.lv\/en\/shop\/hanskin-real-complexion-hyaluron-skin-essence-150ml\/","og_site_name":"FACECORNER","article_publisher":"https:\/\/www.facebook.com\/profile.php?id=100063824551839","article_modified_time":"2024-09-23T16:08:00+00:00","og_image":[{"width":900,"height":900,"url":"https:\/\/www.facecorner.lv\/wp-content\/uploads\/2023\/07\/image.webp","type":"image\/webp"}],"twitter_card":"summary_large_image","twitter_misc":{"Price":"&euro;30.00","Availability":"In stock"},"schema":{"@context":"https:\/\/schema.org","@graph":[{"@type":"WebPage","@id":"https:\/\/www.facecorner.lv\/en\/shop\/hanskin-real-complexion-hyaluron-skin-essence-150ml\/","url":"https:\/\/www.facecorner.lv\/en\/shop\/hanskin-real-complexion-hyaluron-skin-essence-150ml\/","name":"HANSKIN Real Complexion Hyaluron Skin Essence 150ml - FACECORNER","isPartOf":{"@id":"https:\/\/www.facecorner.lv\/#website"},"primaryImageOfPage":{"@id":"https:\/\/www.facecorner.lv\/en\/shop\/hanskin-real-complexion-hyaluron-skin-essence-150ml\/#primaryimage"},"image":{"@id":"https:\/\/www.facecorner.lv\/en\/shop\/hanskin-real-complexion-hyaluron-skin-essence-150ml\/#primaryimage"},"thumbnailUrl":"https:\/\/www.facecorner.lv\/wp-content\/uploads\/2023\/07\/image.webp","datePublished":"2023-07-31T18:08:56+00:00","dateModified":"2024-09-23T16:08:00+00:00","breadcrumb":{"@id":"https:\/\/www.facecorner.lv\/en\/shop\/hanskin-real-complexion-hyaluron-skin-essence-150ml\/#breadcrumb"},"inLanguage":"en-US","potentialAction":[{"@type":"ReadAction","target":["https:\/\/www.facecorner.lv\/en\/shop\/hanskin-real-complexion-hyaluron-skin-essence-150ml\/"]}]},{"@type":"ImageObject","inLanguage":"en-US","@id":"https:\/\/www.facecorner.lv\/en\/shop\/hanskin-real-complexion-hyaluron-skin-essence-150ml\/#primaryimage","url":"https:\/\/www.facecorner.lv\/wp-content\/uploads\/2023\/07\/image.webp","contentUrl":"https:\/\/www.facecorner.lv\/wp-content\/uploads\/2023\/07\/image.webp","width":900,"height":900},{"@type":"BreadcrumbList","@id":"https:\/\/www.facecorner.lv\/en\/shop\/hanskin-real-complexion-hyaluron-skin-essence-150ml\/#breadcrumb","itemListElement":[{"@type":"ListItem","position":1,"name":"Home","item":"https:\/\/www.facecorner.lv\/"},{"@type":"ListItem","position":2,"name":"Veikals","item":"https:\/\/www.facecorner.lv\/shop\/"},{"@type":"ListItem","position":3,"name":"HANSKIN Real Complexion Hyaluron Skin Essence 150ml"}]},{"@type":"WebSite","@id":"https:\/\/www.facecorner.lv\/#website","url":"https:\/\/www.facecorner.lv\/","name":"Facecorner","description":"","publisher":{"@id":"https:\/\/www.facecorner.lv\/#organization"},"potentialAction":[{"@type":"SearchAction","target":{"@type":"EntryPoint","urlTemplate":"https:\/\/www.facecorner.lv\/?s={search_term_string}"},"query-input":{"@type":"PropertyValueSpecification","valueRequired":true,"valueName":"search_term_string"}}],"inLanguage":"en-US"},{"@type":"Organization","@id":"https:\/\/www.facecorner.lv\/#organization","name":"Facecorner","url":"https:\/\/www.facecorner.lv\/","logo":{"@type":"ImageObject","inLanguage":"en-US","@id":"https:\/\/www.facecorner.lv\/#\/schema\/logo\/image\/","url":"https:\/\/www.facecorner.lv\/wp-content\/uploads\/2024\/04\/fc-logo.jpg","contentUrl":"https:\/\/www.facecorner.lv\/wp-content\/uploads\/2024\/04\/fc-logo.jpg","width":174,"height":28,"caption":"Facecorner"},"image":{"@id":"https:\/\/www.facecorner.lv\/#\/schema\/logo\/image\/"},"sameAs":["https:\/\/www.facebook.com\/profile.php?id=100063824551839","https:\/\/www.instagram.com\/facecorner_shop\/"]}]},"product_price_amount":"30.00","product_price_currency":"EUR","og_availability":"instock","product_availability":"instock","product_condition":"new"},"_links":{"self":[{"href":"https:\/\/www.facecorner.lv\/en\/wp-json\/wp\/v2\/product\/11729","targetHints":{"allow":["GET"]}}],"collection":[{"href":"https:\/\/www.facecorner.lv\/en\/wp-json\/wp\/v2\/product"}],"about":[{"href":"https:\/\/www.facecorner.lv\/en\/wp-json\/wp\/v2\/types\/product"}],"replies":[{"embeddable":true,"href":"https:\/\/www.facecorner.lv\/en\/wp-json\/wp\/v2\/comments?post=11729"}],"wp:featuredmedia":[{"embeddable":true,"href":"https:\/\/www.facecorner.lv\/en\/wp-json\/wp\/v2\/media\/11731"}],"wp:attachment":[{"href":"https:\/\/www.facecorner.lv\/en\/wp-json\/wp\/v2\/media?parent=11729"}],"wp:term":[{"taxonomy":"product_brand","embeddable":true,"href":"https:\/\/www.facecorner.lv\/en\/wp-json\/wp\/v2\/product_brand?post=11729"},{"taxonomy":"product_cat","embeddable":true,"href":"https:\/\/www.facecorner.lv\/en\/wp-json\/wp\/v2\/product_cat?post=11729"},{"taxonomy":"product_tag","embeddable":true,"href":"https:\/\/www.facecorner.lv\/en\/wp-json\/wp\/v2\/product_tag?post=11729"},{"taxonomy":"berocket_brand","embeddable":true,"href":"https:\/\/www.facecorner.lv\/en\/wp-json\/wp\/v2\/berocket_brand?post=11729"}],"curies":[{"name":"wp","href":"https:\/\/api.w.org\/{rel}","templated":true}]}}