{"id":11723,"date":"2023-07-31T19:50:56","date_gmt":"2023-07-31T17:50:56","guid":{"rendered":"https:\/\/www.facecorner.lv\/?post_type=product&#038;p=11723"},"modified":"2024-02-23T19:50:20","modified_gmt":"2024-02-23T17:50:20","slug":"hanskin-pore-cleansing-oil-pha-300ml","status":"publish","type":"product","link":"https:\/\/www.facecorner.lv\/en\/shop\/hanskin-pore-cleansing-oil-pha-300ml\/","title":{"rendered":"Hanskin Pore Cleansing Oil PHA 300ml"},"content":{"rendered":"<p>Ja j\u016bs c\u012bn\u0101s ar pinn\u0113m un nevienm\u0113r\u012bgu \u0101das strukt\u016bru, \u0161\u012b hidrofil\u0101 e\u013c\u013ca ir ide\u0101ls risin\u0101jums jums!<\/p>\n<p>\u0160is t\u012br\u012b\u0161anas l\u012bdzeklis ir \u012bpa\u0161i izstr\u0101d\u0101ts ar polihidroksi sk\u0101b\u0113m (PHA), maigu sk\u0101bi, kas piem\u0113rota jut\u012bgu \u0101das tipu vieglai p\u012blingam.<\/p>\n<p>T\u0113jas koka lapu e\u013c\u013ca ar\u012b pal\u012bdz c\u012bn\u012bties ar izsitumiem, savuk\u0101rt jojobas e\u013c\u013ca un citi ekstrakti mitrina \u0101du.<\/p>\n<p>Pievienojiet \u0161o t\u012br\u012b\u0161anas l\u012bdzekli savai ikdienas rut\u012bnai, lai ieg\u016btu skaidr\u0101ku un m\u012bkst\u0101ku \u0101du.<\/p>\n<p><strong>How to use:<\/strong>\u00a0Ar saus\u0101m rok\u0101m uz sausas sejas uzkl\u0101jiet l\u012bdzekli (pietiek ar 1-2 pumpi\u0146\u0101m), maigi iemas\u0113jiet ar ap\u013cveida kust\u012bb\u0101m, ar\u012b zonu ap ac\u012bm. Noskalo ar siltu \u016bdeni \u2013 e\u013c\u013ca p\u0101rv\u0113rt\u012bsies pien\u0101 un lieliski nomazg\u0101s kosm\u0113tiku. T\u0101l\u0101k nomazg\u0101jiet ar put\u0101m.<\/p>\n<p><strong>Ingredientes: \u00a0<\/strong>Glycine Soja (Soybean) Oil, Ethylhexyl Palmitate, Triethylhexanoin, PEG-20 Glyceryl Triisostearate, Helianthus Annuus (Sunflower) Seed Oil, Caprylic\/Capric Triglyceride, 1,2-Hexanediol, Litsea Cubeba Fruit Oil, Pentaerythrityl Tetra-di-t-Butyl Hydroxyhydrocinnamate, Tocopheryl Linoleate, Citrus Aurantium Dulcis (Orange) Peel Oil, Lavandula Angustifolia (Lavender) Oil, Pelargonium Graveolens Oil, Water, Canarium Luzonicum Gum Nonvolatiles, Rosmarinus Officinalis (Rosemary) Leaf Oil, Eucalyptus Globulus Leaf Oil, Citrus Aurantium Amara (Bitter Orange) Flower Oil, Anthemis Nobilis Flower Oil, Gluconolactone(10ppm), Prunus Armeniaca (Apricot) Kernel Oil, Squalane, Camellia Kissi Seed Oil, Simmondsia Chinensis (Jojoba) Seed Oil, Butylene Glycol, Allantoin, Melaleuca Alternifolia (Tea Tree) Leaf Oil, Glycerin, Camellia Sinensis Leaf Extract, Camellia Japonica Flower Extract, Rhus Semialata Gall Extract, Oxygen, Nelumbium Speciosum Flower Extract, Pentylene Glycol<\/p>","protected":false},"excerpt":{"rendered":"<p>Ja j\u016bs c\u012bn\u0101s ar pinn\u0113m un nevienm\u0113r\u012bgu \u0101das strukt\u016bru, \u0161\u012b hidrofil\u0101 e\u013c\u013ca ir ide\u0101ls risin\u0101jums jums! \u0160is t\u012br\u012b\u0161anas l\u012bdzeklis ir \u012bpa\u0161i izstr\u0101d\u0101ts ar polihidroksi sk\u0101b\u0113m (PHA), maigu sk\u0101bi, kas piem\u0113rota jut\u012bgu \u0101das tipu vieglai p\u012blingam. T\u0113jas koka lapu e\u013c\u013ca ar\u012b pal\u012bdz c\u012bn\u012bties ar izsitumiem, savuk\u0101rt jojobas e\u013c\u013ca un citi ekstrakti mitrina \u0101du. Pievienojiet \u0161o t\u012br\u012b\u0161anas [&hellip;]<\/p>\n","protected":false},"featured_media":11725,"comment_status":"open","ping_status":"closed","template":"","meta":{"site-sidebar-layout":"default","site-content-layout":"","ast-site-content-layout":"","site-content-style":"default","site-sidebar-style":"default","ast-global-header-display":"","ast-banner-title-visibility":"","ast-main-header-display":"","ast-hfb-above-header-display":"","ast-hfb-below-header-display":"","ast-hfb-mobile-header-display":"","site-post-title":"","ast-breadcrumbs-content":"","ast-featured-img":"","footer-sml-layout":"","theme-transparent-header-meta":"","adv-header-id-meta":"","stick-header-meta":"","header-above-stick-meta":"","header-main-stick-meta":"","header-below-stick-meta":"","astra-migrate-meta-layouts":"default","ast-page-background-enabled":"default","ast-page-background-meta":{"desktop":{"background-color":"var(--ast-global-color-4)","background-image":"","background-repeat":"repeat","background-position":"center center","background-size":"auto","background-attachment":"scroll","background-type":"","background-media":"","overlay-type":"","overlay-color":"","overlay-opacity":"","overlay-gradient":""},"tablet":{"background-color":"","background-image":"","background-repeat":"repeat","background-position":"center center","background-size":"auto","background-attachment":"scroll","background-type":"","background-media":"","overlay-type":"","overlay-color":"","overlay-opacity":"","overlay-gradient":""},"mobile":{"background-color":"","background-image":"","background-repeat":"repeat","background-position":"center center","background-size":"auto","background-attachment":"scroll","background-type":"","background-media":"","overlay-type":"","overlay-color":"","overlay-opacity":"","overlay-gradient":""}},"ast-content-background-meta":{"desktop":{"background-color":"var(--ast-global-color-5)","background-image":"","background-repeat":"repeat","background-position":"center center","background-size":"auto","background-attachment":"scroll","background-type":"","background-media":"","overlay-type":"","overlay-color":"","overlay-opacity":"","overlay-gradient":""},"tablet":{"background-color":"var(--ast-global-color-5)","background-image":"","background-repeat":"repeat","background-position":"center center","background-size":"auto","background-attachment":"scroll","background-type":"","background-media":"","overlay-type":"","overlay-color":"","overlay-opacity":"","overlay-gradient":""},"mobile":{"background-color":"var(--ast-global-color-5)","background-image":"","background-repeat":"repeat","background-position":"center center","background-size":"auto","background-attachment":"scroll","background-type":"","background-media":"","overlay-type":"","overlay-color":"","overlay-opacity":"","overlay-gradient":""}}},"product_brand":[],"product_cat":[321],"product_tag":[],"berocket_brand":[],"class_list":{"0":"post-11723","1":"product","2":"type-product","3":"status-publish","4":"has-post-thumbnail","6":"product_cat-hidrofila-ella","7":"desktop-align-left","8":"tablet-align-left","9":"mobile-align-left","11":"first","12":"outofstock","13":"taxable","14":"shipping-taxable","15":"purchasable","16":"product-type-simple","17":"add-to-wishlist-before_image"},"yoast_head":"<!-- This site is optimized with the Yoast SEO plugin v27.4 - https:\/\/yoast.com\/product\/yoast-seo-wordpress\/ -->\n<title>Hanskin Pore Cleansing Oil PHA 300ml - FACECORNER<\/title>\n<meta name=\"robots\" content=\"index, follow, max-snippet:-1, max-image-preview:large, max-video-preview:-1\" \/>\n<link rel=\"canonical\" href=\"https:\/\/www.facecorner.lv\/en\/shop\/hanskin-pore-cleansing-oil-pha-300ml\/\" \/>\n<meta property=\"og:locale\" content=\"en_US\" \/>\n<meta property=\"og:type\" content=\"article\" \/>\n<meta property=\"og:title\" content=\"Hanskin Pore Cleansing Oil PHA 300ml - FACECORNER\" \/>\n<meta property=\"og:description\" content=\"Ja j\u016bs c\u012bn\u0101s ar pinn\u0113m un nevienm\u0113r\u012bgu \u0101das strukt\u016bru, \u0161\u012b hidrofil\u0101 e\u013c\u013ca ir ide\u0101ls risin\u0101jums jums! \u0160is t\u012br\u012b\u0161anas l\u012bdzeklis ir \u012bpa\u0161i izstr\u0101d\u0101ts ar polihidroksi sk\u0101b\u0113m (PHA), maigu sk\u0101bi, kas piem\u0113rota jut\u012bgu \u0101das tipu vieglai p\u012blingam. T\u0113jas koka lapu e\u013c\u013ca ar\u012b pal\u012bdz c\u012bn\u012bties ar izsitumiem, savuk\u0101rt jojobas e\u013c\u013ca un citi ekstrakti mitrina \u0101du. Pievienojiet \u0161o t\u012br\u012b\u0161anas [&hellip;]\" \/>\n<meta property=\"og:url\" content=\"https:\/\/www.facecorner.lv\/en\/shop\/hanskin-pore-cleansing-oil-pha-300ml\/\" \/>\n<meta property=\"og:site_name\" content=\"FACECORNER\" \/>\n<meta property=\"article:publisher\" content=\"https:\/\/www.facebook.com\/profile.php?id=100063824551839\" \/>\n<meta property=\"article:modified_time\" content=\"2024-02-23T17:50:20+00:00\" \/>\n<meta property=\"og:image\" content=\"https:\/\/www.facecorner.lv\/wp-content\/uploads\/2023\/07\/hanskin_p40__p_h_a_pore_cleansing_oil-_-1645626635.webp\" \/>\n\t<meta property=\"og:image:width\" content=\"1000\" \/>\n\t<meta property=\"og:image:height\" content=\"1000\" \/>\n\t<meta property=\"og:image:type\" content=\"image\/webp\" \/>\n<meta name=\"twitter:card\" content=\"summary_large_image\" \/>\n<meta name=\"twitter:label1\" content=\"Price\" \/>\n\t<meta name=\"twitter:data1\" content=\"&euro;29.00\" \/>\n\t<meta name=\"twitter:label2\" content=\"Availability\" \/>\n\t<meta name=\"twitter:data2\" content=\"Out of stock\" \/>\n<script type=\"application\/ld+json\" class=\"yoast-schema-graph\">{\"@context\":\"https:\\\/\\\/schema.org\",\"@graph\":[{\"@type\":\"WebPage\",\"@id\":\"https:\\\/\\\/www.facecorner.lv\\\/shop\\\/hanskin-pore-cleansing-oil-pha-300ml\\\/\",\"url\":\"https:\\\/\\\/www.facecorner.lv\\\/shop\\\/hanskin-pore-cleansing-oil-pha-300ml\\\/\",\"name\":\"Hanskin Pore Cleansing Oil PHA 300ml - FACECORNER\",\"isPartOf\":{\"@id\":\"https:\\\/\\\/www.facecorner.lv\\\/#website\"},\"primaryImageOfPage\":{\"@id\":\"https:\\\/\\\/www.facecorner.lv\\\/shop\\\/hanskin-pore-cleansing-oil-pha-300ml\\\/#primaryimage\"},\"image\":{\"@id\":\"https:\\\/\\\/www.facecorner.lv\\\/shop\\\/hanskin-pore-cleansing-oil-pha-300ml\\\/#primaryimage\"},\"thumbnailUrl\":\"https:\\\/\\\/www.facecorner.lv\\\/wp-content\\\/uploads\\\/2023\\\/07\\\/hanskin_p40__p_h_a_pore_cleansing_oil-_-1645626635.webp\",\"datePublished\":\"2023-07-31T17:50:56+00:00\",\"dateModified\":\"2024-02-23T17:50:20+00:00\",\"breadcrumb\":{\"@id\":\"https:\\\/\\\/www.facecorner.lv\\\/shop\\\/hanskin-pore-cleansing-oil-pha-300ml\\\/#breadcrumb\"},\"inLanguage\":\"en-US\",\"potentialAction\":[{\"@type\":\"ReadAction\",\"target\":[\"https:\\\/\\\/www.facecorner.lv\\\/shop\\\/hanskin-pore-cleansing-oil-pha-300ml\\\/\"]}]},{\"@type\":\"ImageObject\",\"inLanguage\":\"en-US\",\"@id\":\"https:\\\/\\\/www.facecorner.lv\\\/shop\\\/hanskin-pore-cleansing-oil-pha-300ml\\\/#primaryimage\",\"url\":\"https:\\\/\\\/www.facecorner.lv\\\/wp-content\\\/uploads\\\/2023\\\/07\\\/hanskin_p40__p_h_a_pore_cleansing_oil-_-1645626635.webp\",\"contentUrl\":\"https:\\\/\\\/www.facecorner.lv\\\/wp-content\\\/uploads\\\/2023\\\/07\\\/hanskin_p40__p_h_a_pore_cleansing_oil-_-1645626635.webp\",\"width\":1000,\"height\":1000},{\"@type\":\"BreadcrumbList\",\"@id\":\"https:\\\/\\\/www.facecorner.lv\\\/shop\\\/hanskin-pore-cleansing-oil-pha-300ml\\\/#breadcrumb\",\"itemListElement\":[{\"@type\":\"ListItem\",\"position\":1,\"name\":\"Home\",\"item\":\"https:\\\/\\\/www.facecorner.lv\\\/\"},{\"@type\":\"ListItem\",\"position\":2,\"name\":\"Veikals\",\"item\":\"https:\\\/\\\/www.facecorner.lv\\\/shop\\\/\"},{\"@type\":\"ListItem\",\"position\":3,\"name\":\"Hanskin Pore Cleansing Oil PHA 300ml\"}]},{\"@type\":\"WebSite\",\"@id\":\"https:\\\/\\\/www.facecorner.lv\\\/#website\",\"url\":\"https:\\\/\\\/www.facecorner.lv\\\/\",\"name\":\"Facecorner\",\"description\":\"\",\"publisher\":{\"@id\":\"https:\\\/\\\/www.facecorner.lv\\\/#organization\"},\"potentialAction\":[{\"@type\":\"SearchAction\",\"target\":{\"@type\":\"EntryPoint\",\"urlTemplate\":\"https:\\\/\\\/www.facecorner.lv\\\/?s={search_term_string}\"},\"query-input\":{\"@type\":\"PropertyValueSpecification\",\"valueRequired\":true,\"valueName\":\"search_term_string\"}}],\"inLanguage\":\"en-US\"},{\"@type\":\"Organization\",\"@id\":\"https:\\\/\\\/www.facecorner.lv\\\/#organization\",\"name\":\"Facecorner\",\"url\":\"https:\\\/\\\/www.facecorner.lv\\\/\",\"logo\":{\"@type\":\"ImageObject\",\"inLanguage\":\"en-US\",\"@id\":\"https:\\\/\\\/www.facecorner.lv\\\/#\\\/schema\\\/logo\\\/image\\\/\",\"url\":\"https:\\\/\\\/www.facecorner.lv\\\/wp-content\\\/uploads\\\/2024\\\/04\\\/fc-logo.jpg\",\"contentUrl\":\"https:\\\/\\\/www.facecorner.lv\\\/wp-content\\\/uploads\\\/2024\\\/04\\\/fc-logo.jpg\",\"width\":174,\"height\":28,\"caption\":\"Facecorner\"},\"image\":{\"@id\":\"https:\\\/\\\/www.facecorner.lv\\\/#\\\/schema\\\/logo\\\/image\\\/\"},\"sameAs\":[\"https:\\\/\\\/www.facebook.com\\\/profile.php?id=100063824551839\",\"https:\\\/\\\/www.instagram.com\\\/facecorner_shop\\\/\"]}]}<\/script>\n<meta property=\"product:price:amount\" content=\"29.00\" \/>\n<meta property=\"product:price:currency\" content=\"EUR\" \/>\n<meta property=\"og:availability\" content=\"out of stock\" \/>\n<meta property=\"product:availability\" content=\"out of stock\" \/>\n<meta property=\"product:condition\" content=\"new\" \/>\n<!-- \/ Yoast SEO plugin. -->","yoast_head_json":{"title":"Hanskin Pore Cleansing Oil PHA 300ml - FACECORNER","robots":{"index":"index","follow":"follow","max-snippet":"max-snippet:-1","max-image-preview":"max-image-preview:large","max-video-preview":"max-video-preview:-1"},"canonical":"https:\/\/www.facecorner.lv\/en\/shop\/hanskin-pore-cleansing-oil-pha-300ml\/","og_locale":"en_US","og_type":"article","og_title":"Hanskin Pore Cleansing Oil PHA 300ml - FACECORNER","og_description":"Ja j\u016bs c\u012bn\u0101s ar pinn\u0113m un nevienm\u0113r\u012bgu \u0101das strukt\u016bru, \u0161\u012b hidrofil\u0101 e\u013c\u013ca ir ide\u0101ls risin\u0101jums jums! \u0160is t\u012br\u012b\u0161anas l\u012bdzeklis ir \u012bpa\u0161i izstr\u0101d\u0101ts ar polihidroksi sk\u0101b\u0113m (PHA), maigu sk\u0101bi, kas piem\u0113rota jut\u012bgu \u0101das tipu vieglai p\u012blingam. T\u0113jas koka lapu e\u013c\u013ca ar\u012b pal\u012bdz c\u012bn\u012bties ar izsitumiem, savuk\u0101rt jojobas e\u013c\u013ca un citi ekstrakti mitrina \u0101du. Pievienojiet \u0161o t\u012br\u012b\u0161anas [&hellip;]","og_url":"https:\/\/www.facecorner.lv\/en\/shop\/hanskin-pore-cleansing-oil-pha-300ml\/","og_site_name":"FACECORNER","article_publisher":"https:\/\/www.facebook.com\/profile.php?id=100063824551839","article_modified_time":"2024-02-23T17:50:20+00:00","og_image":[{"width":1000,"height":1000,"url":"https:\/\/www.facecorner.lv\/wp-content\/uploads\/2023\/07\/hanskin_p40__p_h_a_pore_cleansing_oil-_-1645626635.webp","type":"image\/webp"}],"twitter_card":"summary_large_image","twitter_misc":{"Price":"&euro;29.00","Availability":"Out of stock"},"schema":{"@context":"https:\/\/schema.org","@graph":[{"@type":"WebPage","@id":"https:\/\/www.facecorner.lv\/shop\/hanskin-pore-cleansing-oil-pha-300ml\/","url":"https:\/\/www.facecorner.lv\/shop\/hanskin-pore-cleansing-oil-pha-300ml\/","name":"Hanskin Pore Cleansing Oil PHA 300ml - FACECORNER","isPartOf":{"@id":"https:\/\/www.facecorner.lv\/#website"},"primaryImageOfPage":{"@id":"https:\/\/www.facecorner.lv\/shop\/hanskin-pore-cleansing-oil-pha-300ml\/#primaryimage"},"image":{"@id":"https:\/\/www.facecorner.lv\/shop\/hanskin-pore-cleansing-oil-pha-300ml\/#primaryimage"},"thumbnailUrl":"https:\/\/www.facecorner.lv\/wp-content\/uploads\/2023\/07\/hanskin_p40__p_h_a_pore_cleansing_oil-_-1645626635.webp","datePublished":"2023-07-31T17:50:56+00:00","dateModified":"2024-02-23T17:50:20+00:00","breadcrumb":{"@id":"https:\/\/www.facecorner.lv\/shop\/hanskin-pore-cleansing-oil-pha-300ml\/#breadcrumb"},"inLanguage":"en-US","potentialAction":[{"@type":"ReadAction","target":["https:\/\/www.facecorner.lv\/shop\/hanskin-pore-cleansing-oil-pha-300ml\/"]}]},{"@type":"ImageObject","inLanguage":"en-US","@id":"https:\/\/www.facecorner.lv\/shop\/hanskin-pore-cleansing-oil-pha-300ml\/#primaryimage","url":"https:\/\/www.facecorner.lv\/wp-content\/uploads\/2023\/07\/hanskin_p40__p_h_a_pore_cleansing_oil-_-1645626635.webp","contentUrl":"https:\/\/www.facecorner.lv\/wp-content\/uploads\/2023\/07\/hanskin_p40__p_h_a_pore_cleansing_oil-_-1645626635.webp","width":1000,"height":1000},{"@type":"BreadcrumbList","@id":"https:\/\/www.facecorner.lv\/shop\/hanskin-pore-cleansing-oil-pha-300ml\/#breadcrumb","itemListElement":[{"@type":"ListItem","position":1,"name":"Home","item":"https:\/\/www.facecorner.lv\/"},{"@type":"ListItem","position":2,"name":"Veikals","item":"https:\/\/www.facecorner.lv\/shop\/"},{"@type":"ListItem","position":3,"name":"Hanskin Pore Cleansing Oil PHA 300ml"}]},{"@type":"WebSite","@id":"https:\/\/www.facecorner.lv\/#website","url":"https:\/\/www.facecorner.lv\/","name":"Facecorner","description":"","publisher":{"@id":"https:\/\/www.facecorner.lv\/#organization"},"potentialAction":[{"@type":"SearchAction","target":{"@type":"EntryPoint","urlTemplate":"https:\/\/www.facecorner.lv\/?s={search_term_string}"},"query-input":{"@type":"PropertyValueSpecification","valueRequired":true,"valueName":"search_term_string"}}],"inLanguage":"en-US"},{"@type":"Organization","@id":"https:\/\/www.facecorner.lv\/#organization","name":"Facecorner","url":"https:\/\/www.facecorner.lv\/","logo":{"@type":"ImageObject","inLanguage":"en-US","@id":"https:\/\/www.facecorner.lv\/#\/schema\/logo\/image\/","url":"https:\/\/www.facecorner.lv\/wp-content\/uploads\/2024\/04\/fc-logo.jpg","contentUrl":"https:\/\/www.facecorner.lv\/wp-content\/uploads\/2024\/04\/fc-logo.jpg","width":174,"height":28,"caption":"Facecorner"},"image":{"@id":"https:\/\/www.facecorner.lv\/#\/schema\/logo\/image\/"},"sameAs":["https:\/\/www.facebook.com\/profile.php?id=100063824551839","https:\/\/www.instagram.com\/facecorner_shop\/"]}]},"product_price_amount":"29.00","product_price_currency":"EUR","og_availability":"out of stock","product_availability":"out of stock","product_condition":"new"},"_links":{"self":[{"href":"https:\/\/www.facecorner.lv\/en\/wp-json\/wp\/v2\/product\/11723","targetHints":{"allow":["GET"]}}],"collection":[{"href":"https:\/\/www.facecorner.lv\/en\/wp-json\/wp\/v2\/product"}],"about":[{"href":"https:\/\/www.facecorner.lv\/en\/wp-json\/wp\/v2\/types\/product"}],"replies":[{"embeddable":true,"href":"https:\/\/www.facecorner.lv\/en\/wp-json\/wp\/v2\/comments?post=11723"}],"wp:featuredmedia":[{"embeddable":true,"href":"https:\/\/www.facecorner.lv\/en\/wp-json\/wp\/v2\/media\/11725"}],"wp:attachment":[{"href":"https:\/\/www.facecorner.lv\/en\/wp-json\/wp\/v2\/media?parent=11723"}],"wp:term":[{"taxonomy":"product_brand","embeddable":true,"href":"https:\/\/www.facecorner.lv\/en\/wp-json\/wp\/v2\/product_brand?post=11723"},{"taxonomy":"product_cat","embeddable":true,"href":"https:\/\/www.facecorner.lv\/en\/wp-json\/wp\/v2\/product_cat?post=11723"},{"taxonomy":"product_tag","embeddable":true,"href":"https:\/\/www.facecorner.lv\/en\/wp-json\/wp\/v2\/product_tag?post=11723"},{"taxonomy":"berocket_brand","embeddable":true,"href":"https:\/\/www.facecorner.lv\/en\/wp-json\/wp\/v2\/berocket_brand?post=11723"}],"curies":[{"name":"wp","href":"https:\/\/api.w.org\/{rel}","templated":true}]}}