{"id":11448,"date":"2023-07-07T14:17:32","date_gmt":"2023-07-07T12:17:32","guid":{"rendered":"https:\/\/www.facecorner.lv\/?post_type=product&#038;p=11448"},"modified":"2024-05-21T13:35:30","modified_gmt":"2024-05-21T11:35:30","slug":"heimish-all-clean-balm-mandarin-50ml","status":"publish","type":"product","link":"https:\/\/www.facecorner.lv\/en\/shop\/heimish-all-clean-balm-mandarin-50ml\/","title":{"rendered":"Heimish All Clean Balm Mandarin 120ml"},"content":{"rendered":"<p>Heimish All Clean Balm Mandarin att\u012bro\u0161ais balzams dekorat\u012bv\u0101s kosm\u0113tikas no\u0146em\u0161anai ar mandar\u012bnu ies\u016bcas dzi\u013ci por\u0101s un efekt\u012bvi no\u0146em visa veida net\u012brumus, lieko \u0101das sebumu, notur\u012bgo grimu, sau\u013co\u0161an\u0101s un ton\u0101los produktus. Iz\u0161\u0137\u012bdina komedonus, pal\u012bdz atbr\u012bvoties no melnajiem plankumiem un normaliz\u0113 taukainu \u0101du.<\/p>\n<p>Tas ir pirmais t\u012br\u012b\u0161anas posms, neizraisa sausuma un sasprindzin\u0101juma par\u0101d\u012b\u0161anos pat p\u0113c mazg\u0101\u0161anas. Tam ir pat\u012bkama \u0161erbeta tekst\u016bra, kas, mijiedarbojoties ar \u0101das temperat\u016bru, k\u016bst, viegli kl\u0101jas un labi noskalojas ar \u016bdeni.<\/p>\n<p>Balzamam ir atsvaidzino\u0161a citrusaug\u013cu smar\u017ea.<\/p>\n<p>Suitable for all skin types.<\/p>\n<p>How to use:\nAfter cleansing and toning, place the mask sheet on your face and let it rest for 30 minutes.<\/p>\n<ul>\n<li>Izmantojot speci\u0101lu l\u0101psti\u0146u, no\u0146emiet nepiecie\u0161amo balzama daudzumu un novietojiet to uz plaukstas \u0101rpuses, lai produkts nedaudz k\u016bst;<\/li>\n<li>Uzkl\u0101jiet ar pirkstiem uz pieres, vaigiem, zoda un deguna;<\/li>\n<li>Viegli iemas\u0113jiet \u0101du, l\u012bdz \u0161erbets p\u0101rv\u0113r\u0161as e\u013c\u013c\u0101, p\u0113c tam pievienojiet nelielu daudzumu \u016bdens un turpiniet mas\u0113t \u0101du, l\u012bdz grims piln\u012bb\u0101 iz\u0161\u0137\u012bdis;<\/li>\n<li>Noskalojiet atliku\u0161o produktu un nosusiniet seju ar dvieli.<\/li>\n<\/ul>\n<p><strong>Ingredientes:\u00a0<\/strong>Ethylhexyl Palmitate, Cetyl Ethylhexanoate, PEG-20 Glyceryl Triisostearate, Synthetic Wax, PEG-8 Isostearate, Synthetic Wax, Artemisia Vulgaris Oil Citrus Aurantium Amara (Bitter Orange) Leaf\/Twig Oil, Lavandula Angustifolia (Lavender) Oil, Litsea Cubeba Fruit Oil, Laurus Nobilis Leaf Extract, Cetyl PEG\/PPG-10\/1 Dimethicone, 1,2-Hexanediol, Curcuma Longa (Turmeric) Root Extract, Melia Azadirachta Flower Extract, Melia Azadirachta Leaf Extract, Corallina Officinalis Extract, Melia, Azadirachta Bark Extract, Moringa Oleifera Seed Oil, Ocimum Sanctum Leaf Extract Tocopheryl Acetate, Eclipta Prostrata Extract, Melia Azadirachta Leaf Extract, Moringa Oleifera Seed Oil, Glycerin, Moringa Oleifera Seed Oil Ceramide NP, Phytosphingosine, Hydrogenated Lecithin, Moringa Oleifera Seed Oil, Octyldodecanol, Oleyl Alcohol, Butyrospermum Parkii (Shea) Butter, Candida Bombicola\/Glucose\/Methyl Rapeseedate Ferment, Glycine Soja (Soybean) Sterols, Tocopherol, Citrus Junos Fruit Oil, Citrus Unshiu Fruit Oil Water, 1,2-Hexanediol, Citrus Reticulata (Tangerine) Fruit Extract Water, Butylene Glycol, Camellia Sinensis Leaf Extract, Vaccinium Macrocarpon (Cranberry) Fruit Extract Water, Butylene Glycol Carica Papaya (Papaya) Fruit Extract<\/p>","protected":false},"excerpt":{"rendered":"<p>Heimish All Clean Balm Mandarin att\u012bro\u0161ais balzams dekorat\u012bv\u0101s kosm\u0113tikas no\u0146em\u0161anai ar mandar\u012bnu ies\u016bcas dzi\u013ci por\u0101s un efekt\u012bvi no\u0146em visa veida net\u012brumus, lieko \u0101das sebumu, notur\u012bgo grimu, sau\u013co\u0161an\u0101s un ton\u0101los produktus. Iz\u0161\u0137\u012bdina komedonus, pal\u012bdz atbr\u012bvoties no melnajiem plankumiem un normaliz\u0113 taukainu \u0101du. Tas ir pirmais t\u012br\u012b\u0161anas posms, neizraisa sausuma un sasprindzin\u0101juma par\u0101d\u012b\u0161anos pat p\u0113c mazg\u0101\u0161anas. Tam [&hellip;]<\/p>\n","protected":false},"featured_media":11449,"comment_status":"open","ping_status":"closed","template":"","meta":{"site-sidebar-layout":"default","site-content-layout":"","ast-site-content-layout":"","site-content-style":"default","site-sidebar-style":"default","ast-global-header-display":"","ast-banner-title-visibility":"","ast-main-header-display":"","ast-hfb-above-header-display":"","ast-hfb-below-header-display":"","ast-hfb-mobile-header-display":"","site-post-title":"","ast-breadcrumbs-content":"","ast-featured-img":"","footer-sml-layout":"","theme-transparent-header-meta":"","adv-header-id-meta":"","stick-header-meta":"","header-above-stick-meta":"","header-main-stick-meta":"","header-below-stick-meta":"","astra-migrate-meta-layouts":"default","ast-page-background-enabled":"default","ast-page-background-meta":{"desktop":{"background-color":"var(--ast-global-color-4)","background-image":"","background-repeat":"repeat","background-position":"center center","background-size":"auto","background-attachment":"scroll","background-type":"","background-media":"","overlay-type":"","overlay-color":"","overlay-opacity":"","overlay-gradient":""},"tablet":{"background-color":"","background-image":"","background-repeat":"repeat","background-position":"center center","background-size":"auto","background-attachment":"scroll","background-type":"","background-media":"","overlay-type":"","overlay-color":"","overlay-opacity":"","overlay-gradient":""},"mobile":{"background-color":"","background-image":"","background-repeat":"repeat","background-position":"center center","background-size":"auto","background-attachment":"scroll","background-type":"","background-media":"","overlay-type":"","overlay-color":"","overlay-opacity":"","overlay-gradient":""}},"ast-content-background-meta":{"desktop":{"background-color":"var(--ast-global-color-5)","background-image":"","background-repeat":"repeat","background-position":"center center","background-size":"auto","background-attachment":"scroll","background-type":"","background-media":"","overlay-type":"","overlay-color":"","overlay-opacity":"","overlay-gradient":""},"tablet":{"background-color":"var(--ast-global-color-5)","background-image":"","background-repeat":"repeat","background-position":"center center","background-size":"auto","background-attachment":"scroll","background-type":"","background-media":"","overlay-type":"","overlay-color":"","overlay-opacity":"","overlay-gradient":""},"mobile":{"background-color":"var(--ast-global-color-5)","background-image":"","background-repeat":"repeat","background-position":"center center","background-size":"auto","background-attachment":"scroll","background-type":"","background-media":"","overlay-type":"","overlay-color":"","overlay-opacity":"","overlay-gradient":""}}},"product_brand":[],"product_cat":[310,321,311,312,313,317,314],"product_tag":[],"berocket_brand":[],"class_list":{"0":"post-11448","1":"product","2":"type-product","3":"status-publish","4":"has-post-thumbnail","6":"product_cat-attirisana","7":"product_cat-hidrofila-ella","8":"product_cat-jutigai-adai-attirisana","9":"product_cat-kombinetai-adai-attirisana","10":"product_cat-problematiskai-adai-attirisana","11":"product_cat-sausai-adai-attirisana","12":"product_cat-taukainai-adai-attirisana","13":"desktop-align-left","14":"tablet-align-left","15":"mobile-align-left","17":"first","18":"outofstock","19":"taxable","20":"shipping-taxable","21":"purchasable","22":"product-type-simple","23":"add-to-wishlist-before_image"},"yoast_head":"<!-- This site is optimized with the Yoast SEO plugin v27.4 - https:\/\/yoast.com\/product\/yoast-seo-wordpress\/ -->\n<title>Heimish All Clean Balm Mandarin 120ml - FACECORNER<\/title>\n<meta name=\"robots\" content=\"index, follow, max-snippet:-1, max-image-preview:large, max-video-preview:-1\" \/>\n<link rel=\"canonical\" href=\"https:\/\/www.facecorner.lv\/en\/shop\/heimish-all-clean-balm-mandarin-50ml\/\" \/>\n<meta property=\"og:locale\" content=\"en_US\" \/>\n<meta property=\"og:type\" content=\"article\" \/>\n<meta property=\"og:title\" content=\"Heimish All Clean Balm Mandarin 120ml - FACECORNER\" \/>\n<meta property=\"og:description\" content=\"Heimish All Clean Balm Mandarin att\u012bro\u0161ais balzams dekorat\u012bv\u0101s kosm\u0113tikas no\u0146em\u0161anai ar mandar\u012bnu ies\u016bcas dzi\u013ci por\u0101s un efekt\u012bvi no\u0146em visa veida net\u012brumus, lieko \u0101das sebumu, notur\u012bgo grimu, sau\u013co\u0161an\u0101s un ton\u0101los produktus. Iz\u0161\u0137\u012bdina komedonus, pal\u012bdz atbr\u012bvoties no melnajiem plankumiem un normaliz\u0113 taukainu \u0101du. Tas ir pirmais t\u012br\u012b\u0161anas posms, neizraisa sausuma un sasprindzin\u0101juma par\u0101d\u012b\u0161anos pat p\u0113c mazg\u0101\u0161anas. Tam [&hellip;]\" \/>\n<meta property=\"og:url\" content=\"https:\/\/www.facecorner.lv\/en\/shop\/heimish-all-clean-balm-mandarin-50ml\/\" \/>\n<meta property=\"og:site_name\" content=\"FACECORNER\" \/>\n<meta property=\"article:publisher\" content=\"https:\/\/www.facebook.com\/profile.php?id=100063824551839\" \/>\n<meta property=\"article:modified_time\" content=\"2024-05-21T11:35:30+00:00\" \/>\n<meta property=\"og:image\" content=\"https:\/\/www.facecorner.lv\/wp-content\/uploads\/2023\/07\/Heimish-All-Clean-Balm-_Mandarin_-Nudie-Glow-Australia_1024x1024.webp\" \/>\n\t<meta property=\"og:image:width\" content=\"1024\" \/>\n\t<meta property=\"og:image:height\" content=\"1024\" \/>\n\t<meta property=\"og:image:type\" content=\"image\/webp\" \/>\n<meta name=\"twitter:card\" content=\"summary_large_image\" \/>\n<meta name=\"twitter:label1\" content=\"Price\" \/>\n\t<meta name=\"twitter:data1\" content=\"&euro;21.00\" \/>\n\t<meta name=\"twitter:label2\" content=\"Availability\" \/>\n\t<meta name=\"twitter:data2\" content=\"Out of stock\" \/>\n<script type=\"application\/ld+json\" class=\"yoast-schema-graph\">{\"@context\":\"https:\\\/\\\/schema.org\",\"@graph\":[{\"@type\":\"WebPage\",\"@id\":\"https:\\\/\\\/www.facecorner.lv\\\/shop\\\/heimish-all-clean-balm-mandarin-50ml\\\/\",\"url\":\"https:\\\/\\\/www.facecorner.lv\\\/shop\\\/heimish-all-clean-balm-mandarin-50ml\\\/\",\"name\":\"Heimish All Clean Balm Mandarin 120ml - FACECORNER\",\"isPartOf\":{\"@id\":\"https:\\\/\\\/www.facecorner.lv\\\/#website\"},\"primaryImageOfPage\":{\"@id\":\"https:\\\/\\\/www.facecorner.lv\\\/shop\\\/heimish-all-clean-balm-mandarin-50ml\\\/#primaryimage\"},\"image\":{\"@id\":\"https:\\\/\\\/www.facecorner.lv\\\/shop\\\/heimish-all-clean-balm-mandarin-50ml\\\/#primaryimage\"},\"thumbnailUrl\":\"https:\\\/\\\/www.facecorner.lv\\\/wp-content\\\/uploads\\\/2023\\\/07\\\/Heimish-All-Clean-Balm-_Mandarin_-Nudie-Glow-Australia_1024x1024.webp\",\"datePublished\":\"2023-07-07T12:17:32+00:00\",\"dateModified\":\"2024-05-21T11:35:30+00:00\",\"breadcrumb\":{\"@id\":\"https:\\\/\\\/www.facecorner.lv\\\/shop\\\/heimish-all-clean-balm-mandarin-50ml\\\/#breadcrumb\"},\"inLanguage\":\"en-US\",\"potentialAction\":[{\"@type\":\"ReadAction\",\"target\":[\"https:\\\/\\\/www.facecorner.lv\\\/shop\\\/heimish-all-clean-balm-mandarin-50ml\\\/\"]}]},{\"@type\":\"ImageObject\",\"inLanguage\":\"en-US\",\"@id\":\"https:\\\/\\\/www.facecorner.lv\\\/shop\\\/heimish-all-clean-balm-mandarin-50ml\\\/#primaryimage\",\"url\":\"https:\\\/\\\/www.facecorner.lv\\\/wp-content\\\/uploads\\\/2023\\\/07\\\/Heimish-All-Clean-Balm-_Mandarin_-Nudie-Glow-Australia_1024x1024.webp\",\"contentUrl\":\"https:\\\/\\\/www.facecorner.lv\\\/wp-content\\\/uploads\\\/2023\\\/07\\\/Heimish-All-Clean-Balm-_Mandarin_-Nudie-Glow-Australia_1024x1024.webp\",\"width\":1024,\"height\":1024},{\"@type\":\"BreadcrumbList\",\"@id\":\"https:\\\/\\\/www.facecorner.lv\\\/shop\\\/heimish-all-clean-balm-mandarin-50ml\\\/#breadcrumb\",\"itemListElement\":[{\"@type\":\"ListItem\",\"position\":1,\"name\":\"Home\",\"item\":\"https:\\\/\\\/www.facecorner.lv\\\/\"},{\"@type\":\"ListItem\",\"position\":2,\"name\":\"Veikals\",\"item\":\"https:\\\/\\\/www.facecorner.lv\\\/shop\\\/\"},{\"@type\":\"ListItem\",\"position\":3,\"name\":\"Heimish All Clean Balm Mandarin 120ml\"}]},{\"@type\":\"WebSite\",\"@id\":\"https:\\\/\\\/www.facecorner.lv\\\/#website\",\"url\":\"https:\\\/\\\/www.facecorner.lv\\\/\",\"name\":\"Facecorner\",\"description\":\"\",\"publisher\":{\"@id\":\"https:\\\/\\\/www.facecorner.lv\\\/#organization\"},\"potentialAction\":[{\"@type\":\"SearchAction\",\"target\":{\"@type\":\"EntryPoint\",\"urlTemplate\":\"https:\\\/\\\/www.facecorner.lv\\\/?s={search_term_string}\"},\"query-input\":{\"@type\":\"PropertyValueSpecification\",\"valueRequired\":true,\"valueName\":\"search_term_string\"}}],\"inLanguage\":\"en-US\"},{\"@type\":\"Organization\",\"@id\":\"https:\\\/\\\/www.facecorner.lv\\\/#organization\",\"name\":\"Facecorner\",\"url\":\"https:\\\/\\\/www.facecorner.lv\\\/\",\"logo\":{\"@type\":\"ImageObject\",\"inLanguage\":\"en-US\",\"@id\":\"https:\\\/\\\/www.facecorner.lv\\\/#\\\/schema\\\/logo\\\/image\\\/\",\"url\":\"https:\\\/\\\/www.facecorner.lv\\\/wp-content\\\/uploads\\\/2024\\\/04\\\/fc-logo.jpg\",\"contentUrl\":\"https:\\\/\\\/www.facecorner.lv\\\/wp-content\\\/uploads\\\/2024\\\/04\\\/fc-logo.jpg\",\"width\":174,\"height\":28,\"caption\":\"Facecorner\"},\"image\":{\"@id\":\"https:\\\/\\\/www.facecorner.lv\\\/#\\\/schema\\\/logo\\\/image\\\/\"},\"sameAs\":[\"https:\\\/\\\/www.facebook.com\\\/profile.php?id=100063824551839\",\"https:\\\/\\\/www.instagram.com\\\/facecorner_shop\\\/\"]}]}<\/script>\n<meta property=\"product:price:amount\" content=\"21.00\" \/>\n<meta property=\"product:price:currency\" content=\"EUR\" \/>\n<meta property=\"og:availability\" content=\"out of stock\" \/>\n<meta property=\"product:availability\" content=\"out of stock\" \/>\n<meta property=\"product:condition\" content=\"new\" \/>\n<!-- \/ Yoast SEO plugin. -->","yoast_head_json":{"title":"Heimish All Clean Balm Mandarin 120ml - FACECORNER","robots":{"index":"index","follow":"follow","max-snippet":"max-snippet:-1","max-image-preview":"max-image-preview:large","max-video-preview":"max-video-preview:-1"},"canonical":"https:\/\/www.facecorner.lv\/en\/shop\/heimish-all-clean-balm-mandarin-50ml\/","og_locale":"en_US","og_type":"article","og_title":"Heimish All Clean Balm Mandarin 120ml - FACECORNER","og_description":"Heimish All Clean Balm Mandarin att\u012bro\u0161ais balzams dekorat\u012bv\u0101s kosm\u0113tikas no\u0146em\u0161anai ar mandar\u012bnu ies\u016bcas dzi\u013ci por\u0101s un efekt\u012bvi no\u0146em visa veida net\u012brumus, lieko \u0101das sebumu, notur\u012bgo grimu, sau\u013co\u0161an\u0101s un ton\u0101los produktus. Iz\u0161\u0137\u012bdina komedonus, pal\u012bdz atbr\u012bvoties no melnajiem plankumiem un normaliz\u0113 taukainu \u0101du. Tas ir pirmais t\u012br\u012b\u0161anas posms, neizraisa sausuma un sasprindzin\u0101juma par\u0101d\u012b\u0161anos pat p\u0113c mazg\u0101\u0161anas. Tam [&hellip;]","og_url":"https:\/\/www.facecorner.lv\/en\/shop\/heimish-all-clean-balm-mandarin-50ml\/","og_site_name":"FACECORNER","article_publisher":"https:\/\/www.facebook.com\/profile.php?id=100063824551839","article_modified_time":"2024-05-21T11:35:30+00:00","og_image":[{"width":1024,"height":1024,"url":"https:\/\/www.facecorner.lv\/wp-content\/uploads\/2023\/07\/Heimish-All-Clean-Balm-_Mandarin_-Nudie-Glow-Australia_1024x1024.webp","type":"image\/webp"}],"twitter_card":"summary_large_image","twitter_misc":{"Price":"&euro;21.00","Availability":"Out of stock"},"schema":{"@context":"https:\/\/schema.org","@graph":[{"@type":"WebPage","@id":"https:\/\/www.facecorner.lv\/shop\/heimish-all-clean-balm-mandarin-50ml\/","url":"https:\/\/www.facecorner.lv\/shop\/heimish-all-clean-balm-mandarin-50ml\/","name":"Heimish All Clean Balm Mandarin 120ml - FACECORNER","isPartOf":{"@id":"https:\/\/www.facecorner.lv\/#website"},"primaryImageOfPage":{"@id":"https:\/\/www.facecorner.lv\/shop\/heimish-all-clean-balm-mandarin-50ml\/#primaryimage"},"image":{"@id":"https:\/\/www.facecorner.lv\/shop\/heimish-all-clean-balm-mandarin-50ml\/#primaryimage"},"thumbnailUrl":"https:\/\/www.facecorner.lv\/wp-content\/uploads\/2023\/07\/Heimish-All-Clean-Balm-_Mandarin_-Nudie-Glow-Australia_1024x1024.webp","datePublished":"2023-07-07T12:17:32+00:00","dateModified":"2024-05-21T11:35:30+00:00","breadcrumb":{"@id":"https:\/\/www.facecorner.lv\/shop\/heimish-all-clean-balm-mandarin-50ml\/#breadcrumb"},"inLanguage":"en-US","potentialAction":[{"@type":"ReadAction","target":["https:\/\/www.facecorner.lv\/shop\/heimish-all-clean-balm-mandarin-50ml\/"]}]},{"@type":"ImageObject","inLanguage":"en-US","@id":"https:\/\/www.facecorner.lv\/shop\/heimish-all-clean-balm-mandarin-50ml\/#primaryimage","url":"https:\/\/www.facecorner.lv\/wp-content\/uploads\/2023\/07\/Heimish-All-Clean-Balm-_Mandarin_-Nudie-Glow-Australia_1024x1024.webp","contentUrl":"https:\/\/www.facecorner.lv\/wp-content\/uploads\/2023\/07\/Heimish-All-Clean-Balm-_Mandarin_-Nudie-Glow-Australia_1024x1024.webp","width":1024,"height":1024},{"@type":"BreadcrumbList","@id":"https:\/\/www.facecorner.lv\/shop\/heimish-all-clean-balm-mandarin-50ml\/#breadcrumb","itemListElement":[{"@type":"ListItem","position":1,"name":"Home","item":"https:\/\/www.facecorner.lv\/"},{"@type":"ListItem","position":2,"name":"Veikals","item":"https:\/\/www.facecorner.lv\/shop\/"},{"@type":"ListItem","position":3,"name":"Heimish All Clean Balm Mandarin 120ml"}]},{"@type":"WebSite","@id":"https:\/\/www.facecorner.lv\/#website","url":"https:\/\/www.facecorner.lv\/","name":"Facecorner","description":"","publisher":{"@id":"https:\/\/www.facecorner.lv\/#organization"},"potentialAction":[{"@type":"SearchAction","target":{"@type":"EntryPoint","urlTemplate":"https:\/\/www.facecorner.lv\/?s={search_term_string}"},"query-input":{"@type":"PropertyValueSpecification","valueRequired":true,"valueName":"search_term_string"}}],"inLanguage":"en-US"},{"@type":"Organization","@id":"https:\/\/www.facecorner.lv\/#organization","name":"Facecorner","url":"https:\/\/www.facecorner.lv\/","logo":{"@type":"ImageObject","inLanguage":"en-US","@id":"https:\/\/www.facecorner.lv\/#\/schema\/logo\/image\/","url":"https:\/\/www.facecorner.lv\/wp-content\/uploads\/2024\/04\/fc-logo.jpg","contentUrl":"https:\/\/www.facecorner.lv\/wp-content\/uploads\/2024\/04\/fc-logo.jpg","width":174,"height":28,"caption":"Facecorner"},"image":{"@id":"https:\/\/www.facecorner.lv\/#\/schema\/logo\/image\/"},"sameAs":["https:\/\/www.facebook.com\/profile.php?id=100063824551839","https:\/\/www.instagram.com\/facecorner_shop\/"]}]},"product_price_amount":"21.00","product_price_currency":"EUR","og_availability":"out of stock","product_availability":"out of stock","product_condition":"new"},"_links":{"self":[{"href":"https:\/\/www.facecorner.lv\/en\/wp-json\/wp\/v2\/product\/11448","targetHints":{"allow":["GET"]}}],"collection":[{"href":"https:\/\/www.facecorner.lv\/en\/wp-json\/wp\/v2\/product"}],"about":[{"href":"https:\/\/www.facecorner.lv\/en\/wp-json\/wp\/v2\/types\/product"}],"replies":[{"embeddable":true,"href":"https:\/\/www.facecorner.lv\/en\/wp-json\/wp\/v2\/comments?post=11448"}],"wp:featuredmedia":[{"embeddable":true,"href":"https:\/\/www.facecorner.lv\/en\/wp-json\/wp\/v2\/media\/11449"}],"wp:attachment":[{"href":"https:\/\/www.facecorner.lv\/en\/wp-json\/wp\/v2\/media?parent=11448"}],"wp:term":[{"taxonomy":"product_brand","embeddable":true,"href":"https:\/\/www.facecorner.lv\/en\/wp-json\/wp\/v2\/product_brand?post=11448"},{"taxonomy":"product_cat","embeddable":true,"href":"https:\/\/www.facecorner.lv\/en\/wp-json\/wp\/v2\/product_cat?post=11448"},{"taxonomy":"product_tag","embeddable":true,"href":"https:\/\/www.facecorner.lv\/en\/wp-json\/wp\/v2\/product_tag?post=11448"},{"taxonomy":"berocket_brand","embeddable":true,"href":"https:\/\/www.facecorner.lv\/en\/wp-json\/wp\/v2\/berocket_brand?post=11448"}],"curies":[{"name":"wp","href":"https:\/\/api.w.org\/{rel}","templated":true}]}}