{"id":11377,"date":"2023-07-03T14:32:30","date_gmt":"2023-07-03T12:32:30","guid":{"rendered":"https:\/\/www.facecorner.lv\/?post_type=product&#038;p=11377"},"modified":"2024-12-02T23:36:42","modified_gmt":"2024-12-02T20:36:42","slug":"some-by-mi-propolis-b5-glow-barrier-calming-mask-100ml","status":"publish","type":"product","link":"https:\/\/www.facecorner.lv\/en\/shop\/some-by-mi-propolis-b5-glow-barrier-calming-mask-100ml\/","title":{"rendered":"Some By Mi Propolis B5 Glow Barrier Calming Mask 100ml"},"content":{"rendered":"<p>Some By Mi Propolis B5 Glow Barrier Calming Mask ar propolisu \u0101das mirdzumam pal\u012bdz \u0101tri mazin\u0101t kairin\u0101jumu un nomierin\u0101t \u0101du, atjaunot lip\u012bdu barjeru un stiprin\u0101t epidermas aizsargfunkcijas. C\u012bn\u0101s ar iekaisumu, baro, nov\u0113r\u0161 sausumu un lob\u012b\u0161anos.<\/p>\n<p>Maska izteikta pretiekaisuma iedarb\u012bba, tas var \u0101tri mazin\u0101t niezi, aps\u0101rtumu un nomierin\u0101t kairin\u0101tu \u0101du. Palielina \u0101das viet\u0113jo imunit\u0101ti, sabiez\u0113 un padara epidermas virsmu maz\u0101k jut\u012bgu pret agres\u012bvu vides ietekmi.<\/p>\n<p>Maskas sast\u0101v\u0101 ir medus komplekss (660 000 ppm), kas sast\u0101v no propolisa. manuka medus, rap\u0161u medus, kasta\u0146u medus un peru pieni\u0146\u0161. \u0160\u012bs akt\u012bv\u0101s vielas intens\u012bvi c\u012bn\u0101s ar iekaisumiem, pa\u0101trina boj\u0101tas \u0101das dz\u012b\u0161anas procesu, samazina jut\u012bgumu, baro, atjauno vesel\u012bgu mirdzumu un tonusa spilgtumu.<\/p>\n<p>Maskas darb\u012bba ir v\u0113rsta uz lip\u012bdu barjeras atjauno\u0161anu un \u0101das aizsarg\u0101jo\u0161o \u012bpa\u0161\u012bbu nostiprin\u0101\u0161anu, pal\u012bdz uztur\u0113t nepiecie\u0161amo mitruma l\u012bmeni epidermas \u0161\u016bn\u0101s un aizsarg\u0101 pret dehidrat\u0101ciju un lob\u012b\u0161anos.<\/p>\n<p>Nomazg\u0101jamai maskai ir maiga, viskoza tekst\u016bra ar \u012bst\u0101m sasmalcin\u0101t\u0101m kumel\u012bt\u0113m un ro\u017eu ziedlapi\u0146\u0101m, kas pal\u012bdz v\u0113l vair\u0101k nomierin\u0101t un atjaunot \u0101du.<\/p>\n<p><strong>How to use:<\/strong>: uzkl\u0101jiet masku diezgan bl\u012bv\u0101 k\u0101rt\u0101 uz t\u012bras, sausas \u0101das, izvairoties no ac\u012bm un l\u016bp\u0101m, p\u0113c 5-10 min\u016bt\u0113m noskalojiet produkta paliekas.<\/p>\n<p><strong>Ingredientes:<\/strong> Propolis Extract (56%), Diglycerin, Honey Extract, 1,2 Hexanediol, Centella asiatica Extract, Thecylglucoside, Tea Tree Leaf Water, Panthenol (1%), Honey, Royal Jelly Extract, Matrigaria Flower , Provence Rose Flower, Pollen Extract, Beeswax, Artemisia Leaf Extract, Centella asiatica Extract, Madecassoside, Matecasic Acid, Asiaticoside, Acha Artic Acid, Ceramide NP, Sodium Hyaluronate, Maltese Extract, Yellow Lotus Extract, Butylene Glycol, Glycerin, Polyglycerin-3, Algin, Carbomer, Purified Water, Benzyl Glycol, Ethylhexyl Glycerin, Flavouring<\/p>","protected":false},"excerpt":{"rendered":"<p>Some By Mi Propolis B5 Glow Barrier Calming Mask ar propolisu \u0101das mirdzumam pal\u012bdz \u0101tri mazin\u0101t kairin\u0101jumu un nomierin\u0101t \u0101du, atjaunot lip\u012bdu barjeru un stiprin\u0101t epidermas aizsargfunkcijas. C\u012bn\u0101s ar iekaisumu, baro, nov\u0113r\u0161 sausumu un lob\u012b\u0161anos. Maska izteikta pretiekaisuma iedarb\u012bba, tas var \u0101tri mazin\u0101t niezi, aps\u0101rtumu un nomierin\u0101t kairin\u0101tu \u0101du. Palielina \u0101das viet\u0113jo imunit\u0101ti, sabiez\u0113 un [&hellip;]<\/p>\n","protected":false},"featured_media":11379,"comment_status":"open","ping_status":"closed","template":"","meta":{"site-sidebar-layout":"default","site-content-layout":"","ast-site-content-layout":"","site-content-style":"default","site-sidebar-style":"default","ast-global-header-display":"","ast-banner-title-visibility":"","ast-main-header-display":"","ast-hfb-above-header-display":"","ast-hfb-below-header-display":"","ast-hfb-mobile-header-display":"","site-post-title":"","ast-breadcrumbs-content":"","ast-featured-img":"","footer-sml-layout":"","theme-transparent-header-meta":"","adv-header-id-meta":"","stick-header-meta":"","header-above-stick-meta":"","header-main-stick-meta":"","header-below-stick-meta":"","astra-migrate-meta-layouts":"default","ast-page-background-enabled":"default","ast-page-background-meta":{"desktop":{"background-color":"var(--ast-global-color-4)","background-image":"","background-repeat":"repeat","background-position":"center center","background-size":"auto","background-attachment":"scroll","background-type":"","background-media":"","overlay-type":"","overlay-color":"","overlay-opacity":"","overlay-gradient":""},"tablet":{"background-color":"","background-image":"","background-repeat":"repeat","background-position":"center center","background-size":"auto","background-attachment":"scroll","background-type":"","background-media":"","overlay-type":"","overlay-color":"","overlay-opacity":"","overlay-gradient":""},"mobile":{"background-color":"","background-image":"","background-repeat":"repeat","background-position":"center center","background-size":"auto","background-attachment":"scroll","background-type":"","background-media":"","overlay-type":"","overlay-color":"","overlay-opacity":"","overlay-gradient":""}},"ast-content-background-meta":{"desktop":{"background-color":"var(--ast-global-color-5)","background-image":"","background-repeat":"repeat","background-position":"center center","background-size":"auto","background-attachment":"scroll","background-type":"","background-media":"","overlay-type":"","overlay-color":"","overlay-opacity":"","overlay-gradient":""},"tablet":{"background-color":"var(--ast-global-color-5)","background-image":"","background-repeat":"repeat","background-position":"center center","background-size":"auto","background-attachment":"scroll","background-type":"","background-media":"","overlay-type":"","overlay-color":"","overlay-opacity":"","overlay-gradient":""},"mobile":{"background-color":"var(--ast-global-color-5)","background-image":"","background-repeat":"repeat","background-position":"center center","background-size":"auto","background-attachment":"scroll","background-type":"","background-media":"","overlay-type":"","overlay-color":"","overlay-opacity":"","overlay-gradient":""}}},"product_brand":[],"product_cat":[380,315,326,381,379],"product_tag":[],"berocket_brand":[581],"class_list":{"0":"post-11377","1":"product","2":"type-product","3":"status-publish","4":"has-post-thumbnail","6":"product_cat-kombinetai-adai","7":"product_cat-maskas","8":"product_cat-mitrinosas","9":"product_cat-problematiskai-un-taukainai-adai","10":"product_cat-sausai-adai-anti-age","11":"berocket_brand-some-by-mi","12":"desktop-align-left","13":"tablet-align-left","14":"mobile-align-left","16":"first","17":"outofstock","18":"taxable","19":"shipping-taxable","20":"purchasable","21":"product-type-simple","22":"add-to-wishlist-before_image"},"yoast_head":"<!-- This site is optimized with the Yoast SEO plugin v27.4 - https:\/\/yoast.com\/product\/yoast-seo-wordpress\/ -->\n<title>Some By Mi Propolis B5 Glow Barrier Calming Mask 100ml - FACECORNER<\/title>\n<meta name=\"robots\" content=\"index, follow, max-snippet:-1, max-image-preview:large, max-video-preview:-1\" \/>\n<link rel=\"canonical\" href=\"https:\/\/www.facecorner.lv\/en\/shop\/some-by-mi-propolis-b5-glow-barrier-calming-mask-100ml\/\" \/>\n<meta property=\"og:locale\" content=\"en_US\" \/>\n<meta property=\"og:type\" content=\"article\" \/>\n<meta property=\"og:title\" content=\"Some By Mi Propolis B5 Glow Barrier Calming Mask 100ml - FACECORNER\" \/>\n<meta property=\"og:description\" content=\"Some By Mi Propolis B5 Glow Barrier Calming Mask ar propolisu \u0101das mirdzumam pal\u012bdz \u0101tri mazin\u0101t kairin\u0101jumu un nomierin\u0101t \u0101du, atjaunot lip\u012bdu barjeru un stiprin\u0101t epidermas aizsargfunkcijas. C\u012bn\u0101s ar iekaisumu, baro, nov\u0113r\u0161 sausumu un lob\u012b\u0161anos. Maska izteikta pretiekaisuma iedarb\u012bba, tas var \u0101tri mazin\u0101t niezi, aps\u0101rtumu un nomierin\u0101t kairin\u0101tu \u0101du. Palielina \u0101das viet\u0113jo imunit\u0101ti, sabiez\u0113 un [&hellip;]\" \/>\n<meta property=\"og:url\" content=\"https:\/\/www.facecorner.lv\/en\/shop\/some-by-mi-propolis-b5-glow-barrier-calming-mask-100ml\/\" \/>\n<meta property=\"og:site_name\" content=\"FACECORNER\" \/>\n<meta property=\"article:publisher\" content=\"https:\/\/www.facebook.com\/profile.php?id=100063824551839\" \/>\n<meta property=\"article:modified_time\" content=\"2024-12-02T20:36:42+00:00\" \/>\n<meta property=\"og:image\" content=\"https:\/\/www.facecorner.lv\/wp-content\/uploads\/2023\/07\/image-1-_12_-1-_1_.png\" \/>\n\t<meta property=\"og:image:width\" content=\"1000\" \/>\n\t<meta property=\"og:image:height\" content=\"1000\" \/>\n\t<meta property=\"og:image:type\" content=\"image\/png\" \/>\n<meta name=\"twitter:card\" content=\"summary_large_image\" \/>\n<meta name=\"twitter:label1\" content=\"Price\" \/>\n\t<meta name=\"twitter:data1\" content=\"&euro;19.00\" \/>\n\t<meta name=\"twitter:label2\" content=\"Availability\" \/>\n\t<meta name=\"twitter:data2\" content=\"Out of stock\" \/>\n<script type=\"application\/ld+json\" class=\"yoast-schema-graph\">{\"@context\":\"https:\\\/\\\/schema.org\",\"@graph\":[{\"@type\":\"WebPage\",\"@id\":\"https:\\\/\\\/www.facecorner.lv\\\/shop\\\/some-by-mi-propolis-b5-glow-barrier-calming-mask-100ml\\\/\",\"url\":\"https:\\\/\\\/www.facecorner.lv\\\/shop\\\/some-by-mi-propolis-b5-glow-barrier-calming-mask-100ml\\\/\",\"name\":\"Some By Mi Propolis B5 Glow Barrier Calming Mask 100ml - FACECORNER\",\"isPartOf\":{\"@id\":\"https:\\\/\\\/www.facecorner.lv\\\/#website\"},\"primaryImageOfPage\":{\"@id\":\"https:\\\/\\\/www.facecorner.lv\\\/shop\\\/some-by-mi-propolis-b5-glow-barrier-calming-mask-100ml\\\/#primaryimage\"},\"image\":{\"@id\":\"https:\\\/\\\/www.facecorner.lv\\\/shop\\\/some-by-mi-propolis-b5-glow-barrier-calming-mask-100ml\\\/#primaryimage\"},\"thumbnailUrl\":\"https:\\\/\\\/www.facecorner.lv\\\/wp-content\\\/uploads\\\/2023\\\/07\\\/image-1-_12_-1-_1_.png\",\"datePublished\":\"2023-07-03T12:32:30+00:00\",\"dateModified\":\"2024-12-02T20:36:42+00:00\",\"breadcrumb\":{\"@id\":\"https:\\\/\\\/www.facecorner.lv\\\/shop\\\/some-by-mi-propolis-b5-glow-barrier-calming-mask-100ml\\\/#breadcrumb\"},\"inLanguage\":\"en-US\",\"potentialAction\":[{\"@type\":\"ReadAction\",\"target\":[\"https:\\\/\\\/www.facecorner.lv\\\/shop\\\/some-by-mi-propolis-b5-glow-barrier-calming-mask-100ml\\\/\"]}]},{\"@type\":\"ImageObject\",\"inLanguage\":\"en-US\",\"@id\":\"https:\\\/\\\/www.facecorner.lv\\\/shop\\\/some-by-mi-propolis-b5-glow-barrier-calming-mask-100ml\\\/#primaryimage\",\"url\":\"https:\\\/\\\/www.facecorner.lv\\\/wp-content\\\/uploads\\\/2023\\\/07\\\/image-1-_12_-1-_1_.png\",\"contentUrl\":\"https:\\\/\\\/www.facecorner.lv\\\/wp-content\\\/uploads\\\/2023\\\/07\\\/image-1-_12_-1-_1_.png\",\"width\":1000,\"height\":1000},{\"@type\":\"BreadcrumbList\",\"@id\":\"https:\\\/\\\/www.facecorner.lv\\\/shop\\\/some-by-mi-propolis-b5-glow-barrier-calming-mask-100ml\\\/#breadcrumb\",\"itemListElement\":[{\"@type\":\"ListItem\",\"position\":1,\"name\":\"Home\",\"item\":\"https:\\\/\\\/www.facecorner.lv\\\/\"},{\"@type\":\"ListItem\",\"position\":2,\"name\":\"Veikals\",\"item\":\"https:\\\/\\\/www.facecorner.lv\\\/shop\\\/\"},{\"@type\":\"ListItem\",\"position\":3,\"name\":\"Some By Mi Propolis B5 Glow Barrier Calming Mask 100ml\"}]},{\"@type\":\"WebSite\",\"@id\":\"https:\\\/\\\/www.facecorner.lv\\\/#website\",\"url\":\"https:\\\/\\\/www.facecorner.lv\\\/\",\"name\":\"Facecorner\",\"description\":\"\",\"publisher\":{\"@id\":\"https:\\\/\\\/www.facecorner.lv\\\/#organization\"},\"potentialAction\":[{\"@type\":\"SearchAction\",\"target\":{\"@type\":\"EntryPoint\",\"urlTemplate\":\"https:\\\/\\\/www.facecorner.lv\\\/?s={search_term_string}\"},\"query-input\":{\"@type\":\"PropertyValueSpecification\",\"valueRequired\":true,\"valueName\":\"search_term_string\"}}],\"inLanguage\":\"en-US\"},{\"@type\":\"Organization\",\"@id\":\"https:\\\/\\\/www.facecorner.lv\\\/#organization\",\"name\":\"Facecorner\",\"url\":\"https:\\\/\\\/www.facecorner.lv\\\/\",\"logo\":{\"@type\":\"ImageObject\",\"inLanguage\":\"en-US\",\"@id\":\"https:\\\/\\\/www.facecorner.lv\\\/#\\\/schema\\\/logo\\\/image\\\/\",\"url\":\"https:\\\/\\\/www.facecorner.lv\\\/wp-content\\\/uploads\\\/2024\\\/04\\\/fc-logo.jpg\",\"contentUrl\":\"https:\\\/\\\/www.facecorner.lv\\\/wp-content\\\/uploads\\\/2024\\\/04\\\/fc-logo.jpg\",\"width\":174,\"height\":28,\"caption\":\"Facecorner\"},\"image\":{\"@id\":\"https:\\\/\\\/www.facecorner.lv\\\/#\\\/schema\\\/logo\\\/image\\\/\"},\"sameAs\":[\"https:\\\/\\\/www.facebook.com\\\/profile.php?id=100063824551839\",\"https:\\\/\\\/www.instagram.com\\\/facecorner_shop\\\/\"]}]}<\/script>\n<meta property=\"product:price:amount\" content=\"19.00\" \/>\n<meta property=\"product:price:currency\" content=\"EUR\" \/>\n<meta property=\"og:availability\" content=\"out of stock\" \/>\n<meta property=\"product:availability\" content=\"out of stock\" \/>\n<meta property=\"product:condition\" content=\"new\" \/>\n<!-- \/ Yoast SEO plugin. -->","yoast_head_json":{"title":"Some By Mi Propolis B5 Glow Barrier Calming Mask 100ml - FACECORNER","robots":{"index":"index","follow":"follow","max-snippet":"max-snippet:-1","max-image-preview":"max-image-preview:large","max-video-preview":"max-video-preview:-1"},"canonical":"https:\/\/www.facecorner.lv\/en\/shop\/some-by-mi-propolis-b5-glow-barrier-calming-mask-100ml\/","og_locale":"en_US","og_type":"article","og_title":"Some By Mi Propolis B5 Glow Barrier Calming Mask 100ml - FACECORNER","og_description":"Some By Mi Propolis B5 Glow Barrier Calming Mask ar propolisu \u0101das mirdzumam pal\u012bdz \u0101tri mazin\u0101t kairin\u0101jumu un nomierin\u0101t \u0101du, atjaunot lip\u012bdu barjeru un stiprin\u0101t epidermas aizsargfunkcijas. C\u012bn\u0101s ar iekaisumu, baro, nov\u0113r\u0161 sausumu un lob\u012b\u0161anos. Maska izteikta pretiekaisuma iedarb\u012bba, tas var \u0101tri mazin\u0101t niezi, aps\u0101rtumu un nomierin\u0101t kairin\u0101tu \u0101du. Palielina \u0101das viet\u0113jo imunit\u0101ti, sabiez\u0113 un [&hellip;]","og_url":"https:\/\/www.facecorner.lv\/en\/shop\/some-by-mi-propolis-b5-glow-barrier-calming-mask-100ml\/","og_site_name":"FACECORNER","article_publisher":"https:\/\/www.facebook.com\/profile.php?id=100063824551839","article_modified_time":"2024-12-02T20:36:42+00:00","og_image":[{"width":1000,"height":1000,"url":"https:\/\/www.facecorner.lv\/wp-content\/uploads\/2023\/07\/image-1-_12_-1-_1_.png","type":"image\/png"}],"twitter_card":"summary_large_image","twitter_misc":{"Price":"&euro;19.00","Availability":"Out of stock"},"schema":{"@context":"https:\/\/schema.org","@graph":[{"@type":"WebPage","@id":"https:\/\/www.facecorner.lv\/shop\/some-by-mi-propolis-b5-glow-barrier-calming-mask-100ml\/","url":"https:\/\/www.facecorner.lv\/shop\/some-by-mi-propolis-b5-glow-barrier-calming-mask-100ml\/","name":"Some By Mi Propolis B5 Glow Barrier Calming Mask 100ml - FACECORNER","isPartOf":{"@id":"https:\/\/www.facecorner.lv\/#website"},"primaryImageOfPage":{"@id":"https:\/\/www.facecorner.lv\/shop\/some-by-mi-propolis-b5-glow-barrier-calming-mask-100ml\/#primaryimage"},"image":{"@id":"https:\/\/www.facecorner.lv\/shop\/some-by-mi-propolis-b5-glow-barrier-calming-mask-100ml\/#primaryimage"},"thumbnailUrl":"https:\/\/www.facecorner.lv\/wp-content\/uploads\/2023\/07\/image-1-_12_-1-_1_.png","datePublished":"2023-07-03T12:32:30+00:00","dateModified":"2024-12-02T20:36:42+00:00","breadcrumb":{"@id":"https:\/\/www.facecorner.lv\/shop\/some-by-mi-propolis-b5-glow-barrier-calming-mask-100ml\/#breadcrumb"},"inLanguage":"en-US","potentialAction":[{"@type":"ReadAction","target":["https:\/\/www.facecorner.lv\/shop\/some-by-mi-propolis-b5-glow-barrier-calming-mask-100ml\/"]}]},{"@type":"ImageObject","inLanguage":"en-US","@id":"https:\/\/www.facecorner.lv\/shop\/some-by-mi-propolis-b5-glow-barrier-calming-mask-100ml\/#primaryimage","url":"https:\/\/www.facecorner.lv\/wp-content\/uploads\/2023\/07\/image-1-_12_-1-_1_.png","contentUrl":"https:\/\/www.facecorner.lv\/wp-content\/uploads\/2023\/07\/image-1-_12_-1-_1_.png","width":1000,"height":1000},{"@type":"BreadcrumbList","@id":"https:\/\/www.facecorner.lv\/shop\/some-by-mi-propolis-b5-glow-barrier-calming-mask-100ml\/#breadcrumb","itemListElement":[{"@type":"ListItem","position":1,"name":"Home","item":"https:\/\/www.facecorner.lv\/"},{"@type":"ListItem","position":2,"name":"Veikals","item":"https:\/\/www.facecorner.lv\/shop\/"},{"@type":"ListItem","position":3,"name":"Some By Mi Propolis B5 Glow Barrier Calming Mask 100ml"}]},{"@type":"WebSite","@id":"https:\/\/www.facecorner.lv\/#website","url":"https:\/\/www.facecorner.lv\/","name":"Facecorner","description":"","publisher":{"@id":"https:\/\/www.facecorner.lv\/#organization"},"potentialAction":[{"@type":"SearchAction","target":{"@type":"EntryPoint","urlTemplate":"https:\/\/www.facecorner.lv\/?s={search_term_string}"},"query-input":{"@type":"PropertyValueSpecification","valueRequired":true,"valueName":"search_term_string"}}],"inLanguage":"en-US"},{"@type":"Organization","@id":"https:\/\/www.facecorner.lv\/#organization","name":"Facecorner","url":"https:\/\/www.facecorner.lv\/","logo":{"@type":"ImageObject","inLanguage":"en-US","@id":"https:\/\/www.facecorner.lv\/#\/schema\/logo\/image\/","url":"https:\/\/www.facecorner.lv\/wp-content\/uploads\/2024\/04\/fc-logo.jpg","contentUrl":"https:\/\/www.facecorner.lv\/wp-content\/uploads\/2024\/04\/fc-logo.jpg","width":174,"height":28,"caption":"Facecorner"},"image":{"@id":"https:\/\/www.facecorner.lv\/#\/schema\/logo\/image\/"},"sameAs":["https:\/\/www.facebook.com\/profile.php?id=100063824551839","https:\/\/www.instagram.com\/facecorner_shop\/"]}]},"product_price_amount":"19.00","product_price_currency":"EUR","og_availability":"out of stock","product_availability":"out of stock","product_condition":"new"},"_links":{"self":[{"href":"https:\/\/www.facecorner.lv\/en\/wp-json\/wp\/v2\/product\/11377","targetHints":{"allow":["GET"]}}],"collection":[{"href":"https:\/\/www.facecorner.lv\/en\/wp-json\/wp\/v2\/product"}],"about":[{"href":"https:\/\/www.facecorner.lv\/en\/wp-json\/wp\/v2\/types\/product"}],"replies":[{"embeddable":true,"href":"https:\/\/www.facecorner.lv\/en\/wp-json\/wp\/v2\/comments?post=11377"}],"wp:featuredmedia":[{"embeddable":true,"href":"https:\/\/www.facecorner.lv\/en\/wp-json\/wp\/v2\/media\/11379"}],"wp:attachment":[{"href":"https:\/\/www.facecorner.lv\/en\/wp-json\/wp\/v2\/media?parent=11377"}],"wp:term":[{"taxonomy":"product_brand","embeddable":true,"href":"https:\/\/www.facecorner.lv\/en\/wp-json\/wp\/v2\/product_brand?post=11377"},{"taxonomy":"product_cat","embeddable":true,"href":"https:\/\/www.facecorner.lv\/en\/wp-json\/wp\/v2\/product_cat?post=11377"},{"taxonomy":"product_tag","embeddable":true,"href":"https:\/\/www.facecorner.lv\/en\/wp-json\/wp\/v2\/product_tag?post=11377"},{"taxonomy":"berocket_brand","embeddable":true,"href":"https:\/\/www.facecorner.lv\/en\/wp-json\/wp\/v2\/berocket_brand?post=11377"}],"curies":[{"name":"wp","href":"https:\/\/api.w.org\/{rel}","templated":true}]}}