{"id":11374,"date":"2023-07-03T14:26:26","date_gmt":"2023-07-03T12:26:26","guid":{"rendered":"https:\/\/www.facecorner.lv\/?post_type=product&#038;p=11374"},"modified":"2024-12-02T23:36:51","modified_gmt":"2024-12-02T20:36:51","slug":"some-by-mi-propolis-b5-glow-barrier-calming-serum-50ml","status":"publish","type":"product","link":"https:\/\/www.facecorner.lv\/en\/shop\/some-by-mi-propolis-b5-glow-barrier-calming-serum-50ml\/","title":{"rendered":"Some By Mi Propolis B5 Glow Barrier Calming Serum 50ml"},"content":{"rendered":"<p>Some By Mi Propolis B5 Glow Barrier nomierino\u0161ajam serumam ir sp\u0113c\u012bga pretiekaisuma, antibakteri\u0101la un antioksidanta iedarb\u012bba. Ac\u012bmredzami izl\u012bdzina \u0101das toni vesel\u012bgam, vienm\u0113r\u012bgam mirdzumam. Palielina \u0101das tvirtumu un elast\u012bbu, veicina mitruma saglab\u0101\u0161anu un baro.<\/p>\n<p>Serums stiprina aizsargbarjeru, neitraliz\u0113 br\u012bvo radik\u0101\u013cu, ultraviolet\u0101 starojuma un citu vides faktoru agres\u012bvo iedarb\u012bbu, pal\u0113nina noveco\u0161an\u0101s procesus. Nov\u0113r\u0161 grumbu un \u0101das kroku par\u0101d\u012b\u0161anos, nostiprina \u0101das turgoru.<\/p>\n<p>Seruma pamat\u0101 ir propolisa ekstrakts (73%). Propolisam piem\u012bt sp\u0113c\u012bgas antibakteri\u0101las \u012bpa\u0161\u012bbas, kas pal\u012bdz nov\u0113rst izsitumus. Atjauno \u0101das \u016bdens-lip\u012bdu l\u012bdzsvaru, nostiprina aizsargbarjeru un pasarg\u0101 to no \u0101r\u0113jo faktoru kait\u012bg\u0101s ietekmes. Nov\u0113r\u0161 \u0101das lob\u012b\u0161anos un sausumu, baro un m\u012bkstina.<\/p>\n<p>Serums ir biezas konsistences, acumirkl\u012b nov\u0113r\u0161 sasprindzin\u0101jumu un m\u012bkstina \u0101du.<\/p>\n<p>Suitable for all skin types.<\/p>\n<p><strong>How to use:<\/strong> maigi uzkl\u0101jiet uz att\u012br\u012btas un toniz\u0113tas \u0101das.<\/p>\n<p><strong>Ingredientes:\u00a0<\/strong>Propolis extract (73%), honey extract, glycerin, niacinamide, 1,2-hexanediol, Centella asiatica extract, panthenol (10,000 ppm), tea tree leaf water, Lactobacillus\/fermented soybean extract, Lactobacillus\/fermented pomegranate extract , Yeast\/barley seed fermentation filtrate, Lactobacillus\/pear juice fermentation filtrate, royal jelly extract, mugwort leaf extract, centella leaf extract, yellow lotus extract, malt extract, gold, sodium hyaluronate, hydrolyzed hyaluronic acid Acid, sodium acetylated hyaluronate, hydrolyzed glycosaminoglycan, allantoin, adenosine, madecassoside, madecassic acid, asiaticoside, asiatic acid, arginine, ceramide NP, citric acid , sodium citrate, C12-13 pareth-9, hydrolyzed sclerotium gum, carbomer, purified water, benzyl glycol, ethylhexyl glycerin, raspberry ketone, disodium EDTA, fragrance<\/p>","protected":false},"excerpt":{"rendered":"<p>Some By Mi Propolis B5 Glow Barrier nomierino\u0161ajam serumam ir sp\u0113c\u012bga pretiekaisuma, antibakteri\u0101la un antioksidanta iedarb\u012bba. Ac\u012bmredzami izl\u012bdzina \u0101das toni vesel\u012bgam, vienm\u0113r\u012bgam mirdzumam. Palielina \u0101das tvirtumu un elast\u012bbu, veicina mitruma saglab\u0101\u0161anu un baro. Serums stiprina aizsargbarjeru, neitraliz\u0113 br\u012bvo radik\u0101\u013cu, ultraviolet\u0101 starojuma un citu vides faktoru agres\u012bvo iedarb\u012bbu, pal\u0113nina noveco\u0161an\u0101s procesus. Nov\u0113r\u0161 grumbu un \u0101das kroku [&hellip;]<\/p>\n","protected":false},"featured_media":11375,"comment_status":"open","ping_status":"closed","template":"","meta":{"site-sidebar-layout":"default","site-content-layout":"","ast-site-content-layout":"","site-content-style":"default","site-sidebar-style":"default","ast-global-header-display":"","ast-banner-title-visibility":"","ast-main-header-display":"","ast-hfb-above-header-display":"","ast-hfb-below-header-display":"","ast-hfb-mobile-header-display":"","site-post-title":"","ast-breadcrumbs-content":"","ast-featured-img":"","footer-sml-layout":"","theme-transparent-header-meta":"","adv-header-id-meta":"","stick-header-meta":"","header-above-stick-meta":"","header-main-stick-meta":"","header-below-stick-meta":"","astra-migrate-meta-layouts":"default","ast-page-background-enabled":"default","ast-page-background-meta":{"desktop":{"background-color":"var(--ast-global-color-4)","background-image":"","background-repeat":"repeat","background-position":"center center","background-size":"auto","background-attachment":"scroll","background-type":"","background-media":"","overlay-type":"","overlay-color":"","overlay-opacity":"","overlay-gradient":""},"tablet":{"background-color":"","background-image":"","background-repeat":"repeat","background-position":"center center","background-size":"auto","background-attachment":"scroll","background-type":"","background-media":"","overlay-type":"","overlay-color":"","overlay-opacity":"","overlay-gradient":""},"mobile":{"background-color":"","background-image":"","background-repeat":"repeat","background-position":"center center","background-size":"auto","background-attachment":"scroll","background-type":"","background-media":"","overlay-type":"","overlay-color":"","overlay-opacity":"","overlay-gradient":""}},"ast-content-background-meta":{"desktop":{"background-color":"var(--ast-global-color-5)","background-image":"","background-repeat":"repeat","background-position":"center center","background-size":"auto","background-attachment":"scroll","background-type":"","background-media":"","overlay-type":"","overlay-color":"","overlay-opacity":"","overlay-gradient":""},"tablet":{"background-color":"var(--ast-global-color-5)","background-image":"","background-repeat":"repeat","background-position":"center center","background-size":"auto","background-attachment":"scroll","background-type":"","background-media":"","overlay-type":"","overlay-color":"","overlay-opacity":"","overlay-gradient":""},"mobile":{"background-color":"var(--ast-global-color-5)","background-image":"","background-repeat":"repeat","background-position":"center center","background-size":"auto","background-attachment":"scroll","background-type":"","background-media":"","overlay-type":"","overlay-color":"","overlay-opacity":"","overlay-gradient":""}}},"product_brand":[],"product_cat":[370,371,372,380,381,379,363],"product_tag":[],"berocket_brand":[581],"class_list":{"0":"post-11374","1":"product","2":"type-product","3":"status-publish","4":"has-post-thumbnail","6":"product_cat-adas-mirdzumam","7":"product_cat-anti-age","8":"product_cat-jutigai-adai-serumi","9":"product_cat-kombinetai-adai","10":"product_cat-problematiskai-un-taukainai-adai","11":"product_cat-sausai-adai-anti-age","12":"product_cat-serumi","13":"berocket_brand-some-by-mi","14":"desktop-align-left","15":"tablet-align-left","16":"mobile-align-left","18":"first","19":"outofstock","20":"taxable","21":"shipping-taxable","22":"purchasable","23":"product-type-simple","24":"add-to-wishlist-before_image"},"yoast_head":"<!-- This site is optimized with the Yoast SEO plugin v27.4 - https:\/\/yoast.com\/product\/yoast-seo-wordpress\/ -->\n<title>Some By Mi Propolis B5 Glow Barrier Calming Serum 50ml - FACECORNER<\/title>\n<meta name=\"robots\" content=\"index, follow, max-snippet:-1, max-image-preview:large, max-video-preview:-1\" \/>\n<link rel=\"canonical\" href=\"https:\/\/www.facecorner.lv\/en\/shop\/some-by-mi-propolis-b5-glow-barrier-calming-serum-50ml\/\" \/>\n<meta property=\"og:locale\" content=\"en_US\" \/>\n<meta property=\"og:type\" content=\"article\" \/>\n<meta property=\"og:title\" content=\"Some By Mi Propolis B5 Glow Barrier Calming Serum 50ml - FACECORNER\" \/>\n<meta property=\"og:description\" content=\"Some By Mi Propolis B5 Glow Barrier nomierino\u0161ajam serumam ir sp\u0113c\u012bga pretiekaisuma, antibakteri\u0101la un antioksidanta iedarb\u012bba. Ac\u012bmredzami izl\u012bdzina \u0101das toni vesel\u012bgam, vienm\u0113r\u012bgam mirdzumam. Palielina \u0101das tvirtumu un elast\u012bbu, veicina mitruma saglab\u0101\u0161anu un baro. Serums stiprina aizsargbarjeru, neitraliz\u0113 br\u012bvo radik\u0101\u013cu, ultraviolet\u0101 starojuma un citu vides faktoru agres\u012bvo iedarb\u012bbu, pal\u0113nina noveco\u0161an\u0101s procesus. Nov\u0113r\u0161 grumbu un \u0101das kroku [&hellip;]\" \/>\n<meta property=\"og:url\" content=\"https:\/\/www.facecorner.lv\/en\/shop\/some-by-mi-propolis-b5-glow-barrier-calming-serum-50ml\/\" \/>\n<meta property=\"og:site_name\" content=\"FACECORNER\" \/>\n<meta property=\"article:publisher\" content=\"https:\/\/www.facebook.com\/profile.php?id=100063824551839\" \/>\n<meta property=\"article:modified_time\" content=\"2024-12-02T20:36:51+00:00\" \/>\n<meta property=\"og:image\" content=\"https:\/\/www.facecorner.lv\/wp-content\/uploads\/2023\/07\/m_main_propolisb5_event.jpg\" \/>\n\t<meta property=\"og:image:width\" content=\"1260\" \/>\n\t<meta property=\"og:image:height\" content=\"1260\" \/>\n\t<meta property=\"og:image:type\" content=\"image\/jpeg\" \/>\n<meta name=\"twitter:card\" content=\"summary_large_image\" \/>\n<meta name=\"twitter:label1\" content=\"Price\" \/>\n\t<meta name=\"twitter:data1\" content=\"&euro;21.00\" \/>\n\t<meta name=\"twitter:label2\" content=\"Availability\" \/>\n\t<meta name=\"twitter:data2\" content=\"Out of stock\" \/>\n<script type=\"application\/ld+json\" class=\"yoast-schema-graph\">{\"@context\":\"https:\\\/\\\/schema.org\",\"@graph\":[{\"@type\":\"WebPage\",\"@id\":\"https:\\\/\\\/www.facecorner.lv\\\/shop\\\/some-by-mi-propolis-b5-glow-barrier-calming-serum-50ml\\\/\",\"url\":\"https:\\\/\\\/www.facecorner.lv\\\/shop\\\/some-by-mi-propolis-b5-glow-barrier-calming-serum-50ml\\\/\",\"name\":\"Some By Mi Propolis B5 Glow Barrier Calming Serum 50ml - FACECORNER\",\"isPartOf\":{\"@id\":\"https:\\\/\\\/www.facecorner.lv\\\/#website\"},\"primaryImageOfPage\":{\"@id\":\"https:\\\/\\\/www.facecorner.lv\\\/shop\\\/some-by-mi-propolis-b5-glow-barrier-calming-serum-50ml\\\/#primaryimage\"},\"image\":{\"@id\":\"https:\\\/\\\/www.facecorner.lv\\\/shop\\\/some-by-mi-propolis-b5-glow-barrier-calming-serum-50ml\\\/#primaryimage\"},\"thumbnailUrl\":\"https:\\\/\\\/www.facecorner.lv\\\/wp-content\\\/uploads\\\/2023\\\/07\\\/m_main_propolisb5_event.jpg\",\"datePublished\":\"2023-07-03T12:26:26+00:00\",\"dateModified\":\"2024-12-02T20:36:51+00:00\",\"breadcrumb\":{\"@id\":\"https:\\\/\\\/www.facecorner.lv\\\/shop\\\/some-by-mi-propolis-b5-glow-barrier-calming-serum-50ml\\\/#breadcrumb\"},\"inLanguage\":\"en-US\",\"potentialAction\":[{\"@type\":\"ReadAction\",\"target\":[\"https:\\\/\\\/www.facecorner.lv\\\/shop\\\/some-by-mi-propolis-b5-glow-barrier-calming-serum-50ml\\\/\"]}]},{\"@type\":\"ImageObject\",\"inLanguage\":\"en-US\",\"@id\":\"https:\\\/\\\/www.facecorner.lv\\\/shop\\\/some-by-mi-propolis-b5-glow-barrier-calming-serum-50ml\\\/#primaryimage\",\"url\":\"https:\\\/\\\/www.facecorner.lv\\\/wp-content\\\/uploads\\\/2023\\\/07\\\/m_main_propolisb5_event.jpg\",\"contentUrl\":\"https:\\\/\\\/www.facecorner.lv\\\/wp-content\\\/uploads\\\/2023\\\/07\\\/m_main_propolisb5_event.jpg\",\"width\":1260,\"height\":1260},{\"@type\":\"BreadcrumbList\",\"@id\":\"https:\\\/\\\/www.facecorner.lv\\\/shop\\\/some-by-mi-propolis-b5-glow-barrier-calming-serum-50ml\\\/#breadcrumb\",\"itemListElement\":[{\"@type\":\"ListItem\",\"position\":1,\"name\":\"Home\",\"item\":\"https:\\\/\\\/www.facecorner.lv\\\/\"},{\"@type\":\"ListItem\",\"position\":2,\"name\":\"Veikals\",\"item\":\"https:\\\/\\\/www.facecorner.lv\\\/shop\\\/\"},{\"@type\":\"ListItem\",\"position\":3,\"name\":\"Some By Mi Propolis B5 Glow Barrier Calming Serum 50ml\"}]},{\"@type\":\"WebSite\",\"@id\":\"https:\\\/\\\/www.facecorner.lv\\\/#website\",\"url\":\"https:\\\/\\\/www.facecorner.lv\\\/\",\"name\":\"Facecorner\",\"description\":\"\",\"publisher\":{\"@id\":\"https:\\\/\\\/www.facecorner.lv\\\/#organization\"},\"potentialAction\":[{\"@type\":\"SearchAction\",\"target\":{\"@type\":\"EntryPoint\",\"urlTemplate\":\"https:\\\/\\\/www.facecorner.lv\\\/?s={search_term_string}\"},\"query-input\":{\"@type\":\"PropertyValueSpecification\",\"valueRequired\":true,\"valueName\":\"search_term_string\"}}],\"inLanguage\":\"en-US\"},{\"@type\":\"Organization\",\"@id\":\"https:\\\/\\\/www.facecorner.lv\\\/#organization\",\"name\":\"Facecorner\",\"url\":\"https:\\\/\\\/www.facecorner.lv\\\/\",\"logo\":{\"@type\":\"ImageObject\",\"inLanguage\":\"en-US\",\"@id\":\"https:\\\/\\\/www.facecorner.lv\\\/#\\\/schema\\\/logo\\\/image\\\/\",\"url\":\"https:\\\/\\\/www.facecorner.lv\\\/wp-content\\\/uploads\\\/2024\\\/04\\\/fc-logo.jpg\",\"contentUrl\":\"https:\\\/\\\/www.facecorner.lv\\\/wp-content\\\/uploads\\\/2024\\\/04\\\/fc-logo.jpg\",\"width\":174,\"height\":28,\"caption\":\"Facecorner\"},\"image\":{\"@id\":\"https:\\\/\\\/www.facecorner.lv\\\/#\\\/schema\\\/logo\\\/image\\\/\"},\"sameAs\":[\"https:\\\/\\\/www.facebook.com\\\/profile.php?id=100063824551839\",\"https:\\\/\\\/www.instagram.com\\\/facecorner_shop\\\/\"]}]}<\/script>\n<meta property=\"product:price:amount\" content=\"21.00\" \/>\n<meta property=\"product:price:currency\" content=\"EUR\" \/>\n<meta property=\"og:availability\" content=\"out of stock\" \/>\n<meta property=\"product:availability\" content=\"out of stock\" \/>\n<meta property=\"product:condition\" content=\"new\" \/>\n<!-- \/ Yoast SEO plugin. -->","yoast_head_json":{"title":"Some By Mi Propolis B5 Glow Barrier Calming Serum 50ml - FACECORNER","robots":{"index":"index","follow":"follow","max-snippet":"max-snippet:-1","max-image-preview":"max-image-preview:large","max-video-preview":"max-video-preview:-1"},"canonical":"https:\/\/www.facecorner.lv\/en\/shop\/some-by-mi-propolis-b5-glow-barrier-calming-serum-50ml\/","og_locale":"en_US","og_type":"article","og_title":"Some By Mi Propolis B5 Glow Barrier Calming Serum 50ml - FACECORNER","og_description":"Some By Mi Propolis B5 Glow Barrier nomierino\u0161ajam serumam ir sp\u0113c\u012bga pretiekaisuma, antibakteri\u0101la un antioksidanta iedarb\u012bba. Ac\u012bmredzami izl\u012bdzina \u0101das toni vesel\u012bgam, vienm\u0113r\u012bgam mirdzumam. Palielina \u0101das tvirtumu un elast\u012bbu, veicina mitruma saglab\u0101\u0161anu un baro. Serums stiprina aizsargbarjeru, neitraliz\u0113 br\u012bvo radik\u0101\u013cu, ultraviolet\u0101 starojuma un citu vides faktoru agres\u012bvo iedarb\u012bbu, pal\u0113nina noveco\u0161an\u0101s procesus. Nov\u0113r\u0161 grumbu un \u0101das kroku [&hellip;]","og_url":"https:\/\/www.facecorner.lv\/en\/shop\/some-by-mi-propolis-b5-glow-barrier-calming-serum-50ml\/","og_site_name":"FACECORNER","article_publisher":"https:\/\/www.facebook.com\/profile.php?id=100063824551839","article_modified_time":"2024-12-02T20:36:51+00:00","og_image":[{"width":1260,"height":1260,"url":"https:\/\/www.facecorner.lv\/wp-content\/uploads\/2023\/07\/m_main_propolisb5_event.jpg","type":"image\/jpeg"}],"twitter_card":"summary_large_image","twitter_misc":{"Price":"&euro;21.00","Availability":"Out of stock"},"schema":{"@context":"https:\/\/schema.org","@graph":[{"@type":"WebPage","@id":"https:\/\/www.facecorner.lv\/shop\/some-by-mi-propolis-b5-glow-barrier-calming-serum-50ml\/","url":"https:\/\/www.facecorner.lv\/shop\/some-by-mi-propolis-b5-glow-barrier-calming-serum-50ml\/","name":"Some By Mi Propolis B5 Glow Barrier Calming Serum 50ml - FACECORNER","isPartOf":{"@id":"https:\/\/www.facecorner.lv\/#website"},"primaryImageOfPage":{"@id":"https:\/\/www.facecorner.lv\/shop\/some-by-mi-propolis-b5-glow-barrier-calming-serum-50ml\/#primaryimage"},"image":{"@id":"https:\/\/www.facecorner.lv\/shop\/some-by-mi-propolis-b5-glow-barrier-calming-serum-50ml\/#primaryimage"},"thumbnailUrl":"https:\/\/www.facecorner.lv\/wp-content\/uploads\/2023\/07\/m_main_propolisb5_event.jpg","datePublished":"2023-07-03T12:26:26+00:00","dateModified":"2024-12-02T20:36:51+00:00","breadcrumb":{"@id":"https:\/\/www.facecorner.lv\/shop\/some-by-mi-propolis-b5-glow-barrier-calming-serum-50ml\/#breadcrumb"},"inLanguage":"en-US","potentialAction":[{"@type":"ReadAction","target":["https:\/\/www.facecorner.lv\/shop\/some-by-mi-propolis-b5-glow-barrier-calming-serum-50ml\/"]}]},{"@type":"ImageObject","inLanguage":"en-US","@id":"https:\/\/www.facecorner.lv\/shop\/some-by-mi-propolis-b5-glow-barrier-calming-serum-50ml\/#primaryimage","url":"https:\/\/www.facecorner.lv\/wp-content\/uploads\/2023\/07\/m_main_propolisb5_event.jpg","contentUrl":"https:\/\/www.facecorner.lv\/wp-content\/uploads\/2023\/07\/m_main_propolisb5_event.jpg","width":1260,"height":1260},{"@type":"BreadcrumbList","@id":"https:\/\/www.facecorner.lv\/shop\/some-by-mi-propolis-b5-glow-barrier-calming-serum-50ml\/#breadcrumb","itemListElement":[{"@type":"ListItem","position":1,"name":"Home","item":"https:\/\/www.facecorner.lv\/"},{"@type":"ListItem","position":2,"name":"Veikals","item":"https:\/\/www.facecorner.lv\/shop\/"},{"@type":"ListItem","position":3,"name":"Some By Mi Propolis B5 Glow Barrier Calming Serum 50ml"}]},{"@type":"WebSite","@id":"https:\/\/www.facecorner.lv\/#website","url":"https:\/\/www.facecorner.lv\/","name":"Facecorner","description":"","publisher":{"@id":"https:\/\/www.facecorner.lv\/#organization"},"potentialAction":[{"@type":"SearchAction","target":{"@type":"EntryPoint","urlTemplate":"https:\/\/www.facecorner.lv\/?s={search_term_string}"},"query-input":{"@type":"PropertyValueSpecification","valueRequired":true,"valueName":"search_term_string"}}],"inLanguage":"en-US"},{"@type":"Organization","@id":"https:\/\/www.facecorner.lv\/#organization","name":"Facecorner","url":"https:\/\/www.facecorner.lv\/","logo":{"@type":"ImageObject","inLanguage":"en-US","@id":"https:\/\/www.facecorner.lv\/#\/schema\/logo\/image\/","url":"https:\/\/www.facecorner.lv\/wp-content\/uploads\/2024\/04\/fc-logo.jpg","contentUrl":"https:\/\/www.facecorner.lv\/wp-content\/uploads\/2024\/04\/fc-logo.jpg","width":174,"height":28,"caption":"Facecorner"},"image":{"@id":"https:\/\/www.facecorner.lv\/#\/schema\/logo\/image\/"},"sameAs":["https:\/\/www.facebook.com\/profile.php?id=100063824551839","https:\/\/www.instagram.com\/facecorner_shop\/"]}]},"product_price_amount":"21.00","product_price_currency":"EUR","og_availability":"out of stock","product_availability":"out of stock","product_condition":"new"},"_links":{"self":[{"href":"https:\/\/www.facecorner.lv\/en\/wp-json\/wp\/v2\/product\/11374","targetHints":{"allow":["GET"]}}],"collection":[{"href":"https:\/\/www.facecorner.lv\/en\/wp-json\/wp\/v2\/product"}],"about":[{"href":"https:\/\/www.facecorner.lv\/en\/wp-json\/wp\/v2\/types\/product"}],"replies":[{"embeddable":true,"href":"https:\/\/www.facecorner.lv\/en\/wp-json\/wp\/v2\/comments?post=11374"}],"wp:featuredmedia":[{"embeddable":true,"href":"https:\/\/www.facecorner.lv\/en\/wp-json\/wp\/v2\/media\/11375"}],"wp:attachment":[{"href":"https:\/\/www.facecorner.lv\/en\/wp-json\/wp\/v2\/media?parent=11374"}],"wp:term":[{"taxonomy":"product_brand","embeddable":true,"href":"https:\/\/www.facecorner.lv\/en\/wp-json\/wp\/v2\/product_brand?post=11374"},{"taxonomy":"product_cat","embeddable":true,"href":"https:\/\/www.facecorner.lv\/en\/wp-json\/wp\/v2\/product_cat?post=11374"},{"taxonomy":"product_tag","embeddable":true,"href":"https:\/\/www.facecorner.lv\/en\/wp-json\/wp\/v2\/product_tag?post=11374"},{"taxonomy":"berocket_brand","embeddable":true,"href":"https:\/\/www.facecorner.lv\/en\/wp-json\/wp\/v2\/berocket_brand?post=11374"}],"curies":[{"name":"wp","href":"https:\/\/api.w.org\/{rel}","templated":true}]}}