{"id":11370,"date":"2023-07-03T14:16:43","date_gmt":"2023-07-03T12:16:43","guid":{"rendered":"https:\/\/www.facecorner.lv\/?post_type=product&#038;p=11370"},"modified":"2024-02-11T14:38:33","modified_gmt":"2024-02-11T12:38:33","slug":"some-by-mi-propolis-b5-glow-barrier-calming-cream-60ml","status":"publish","type":"product","link":"https:\/\/www.facecorner.lv\/en\/shop\/some-by-mi-propolis-b5-glow-barrier-calming-cream-60ml\/","title":{"rendered":"Some By Mi Propolis B5 Glow Barrier Calming Cream 60ml"},"content":{"rendered":"<p>Some By Mi Propolis B5 Glow Barrier Calming Cream ir dziedino\u0161s efekts, mazina aps\u0101rtumu un kairin\u0101jumu, k\u0101 ar\u012b stiprina aizsargbarjeru. Palielina viet\u0113jo imunit\u0101ti, samazina jut\u012bbu.<\/p>\n<p>Kr\u0113ms uzlabo un izl\u012bdzina sejas toni, nov\u0113r\u0161 bl\u0101vumu un c\u012bn\u0101s ar noguruma paz\u012bm\u0113m. Padara \u0101du maig\u0101ku un samtain\u0101ku, izl\u012bdzina \u0101das grumbas, uztur \u016bdens-lip\u012bdu l\u012bdzsvaru. Uzlabo vielmai\u0146u, uzs\u0101k re\u0123ener\u0101cijas procesus.<\/p>\n<p>Pamat\u0101 ir propolisa ekstrakts (70%). Propolisam piem\u012bt sp\u0113c\u012bgas antibakteri\u0101las \u012bpa\u0161\u012bbas, kas pal\u012bdz nov\u0113rst izsitumus. Atjauno \u016bdens-lip\u012bdu l\u012bdzsvaru, stiprina aizsargbarjeru un aizsarg\u0101 pret \u0101r\u0113jo faktoru kait\u012bgo ietekmi. Nov\u0113r\u0161 lob\u012b\u0161anos un sausumu, baro un m\u012bkstina.<\/p>\n<p>Kr\u0113mam ir maiga tekst\u016bra, tas pat\u012bkami nogu\u013c un uzreiz nov\u0113r\u0161 sasprindzin\u0101jumu.<\/p>\n<p>Suitable for all skin types.<\/p>\n<p><strong>How to use:<\/strong> Uzkl\u0101jiet maigi k\u0101 p\u0113d\u0113jo \u0101das kop\u0161anas soli.<\/p>\n<p><strong>Ingredientes:\u00a0<\/strong>Propolis extract (70 %), honey extract, butylene glycol, glycerin, niacinamide, 1,2-hexanediol, centella asiatica extract, panthenol (1 %), tea tree leaf water, lactobacillus ferment lysate, royal jelly Extract, beeswax, centella leaf extract, mugwort leaf extract, madecassoside, madecasic acid, asiaticoside, asiatic acid, ceramide NP, sodium hyaluronate, hydrolyzed hyaluronic acid, sodium acetyl ray Tied hyaluronate, hydrolyzed glycosaminoglycan, jojoba seed oil, malt extract, trehalose, arginine diphenylsiloxyphenyl trimethicone, caprylyl methicone, sorbi Tanoleate, inulin lauryl carbamate, behenyl alcohol, sorbitan isostearate, caprylyl\/capryl glucoside, xanthan gum, carbomer, dimethicone\/phenylvinyldimethicone crosspolymer, acrylate\/C10 -30 Alkyl acrylate cross polymer,sodium acrylate\/sodium acryloyl dimethyl taurate copolymer, polyisobutene, purified water, benzyl glycol, ethylhexyl glycerin, raspberry ketone, disodium EDTA, fragrance, benzyl alcohol, coumarin<\/p>","protected":false},"excerpt":{"rendered":"<p>Some By Mi Propolis B5 Glow Barrier Calming Cream ir dziedino\u0161s efekts, mazina aps\u0101rtumu un kairin\u0101jumu, k\u0101 ar\u012b stiprina aizsargbarjeru. Palielina viet\u0113jo imunit\u0101ti, samazina jut\u012bbu. Kr\u0113ms uzlabo un izl\u012bdzina sejas toni, nov\u0113r\u0161 bl\u0101vumu un c\u012bn\u0101s ar noguruma paz\u012bm\u0113m. Padara \u0101du maig\u0101ku un samtain\u0101ku, izl\u012bdzina \u0101das grumbas, uztur \u016bdens-lip\u012bdu l\u012bdzsvaru. Uzlabo vielmai\u0146u, uzs\u0101k re\u0123ener\u0101cijas procesus. Pamat\u0101 [&hellip;]<\/p>\n","protected":false},"featured_media":11371,"comment_status":"open","ping_status":"closed","template":"","meta":{"site-sidebar-layout":"default","site-content-layout":"","ast-site-content-layout":"","site-content-style":"default","site-sidebar-style":"default","ast-global-header-display":"","ast-banner-title-visibility":"","ast-main-header-display":"","ast-hfb-above-header-display":"","ast-hfb-below-header-display":"","ast-hfb-mobile-header-display":"","site-post-title":"","ast-breadcrumbs-content":"","ast-featured-img":"","footer-sml-layout":"","theme-transparent-header-meta":"","adv-header-id-meta":"","stick-header-meta":"","header-above-stick-meta":"","header-main-stick-meta":"","header-below-stick-meta":"","astra-migrate-meta-layouts":"default","ast-page-background-enabled":"default","ast-page-background-meta":{"desktop":{"background-color":"var(--ast-global-color-4)","background-image":"","background-repeat":"repeat","background-position":"center center","background-size":"auto","background-attachment":"scroll","background-type":"","background-media":"","overlay-type":"","overlay-color":"","overlay-opacity":"","overlay-gradient":""},"tablet":{"background-color":"","background-image":"","background-repeat":"repeat","background-position":"center center","background-size":"auto","background-attachment":"scroll","background-type":"","background-media":"","overlay-type":"","overlay-color":"","overlay-opacity":"","overlay-gradient":""},"mobile":{"background-color":"","background-image":"","background-repeat":"repeat","background-position":"center center","background-size":"auto","background-attachment":"scroll","background-type":"","background-media":"","overlay-type":"","overlay-color":"","overlay-opacity":"","overlay-gradient":""}},"ast-content-background-meta":{"desktop":{"background-color":"var(--ast-global-color-5)","background-image":"","background-repeat":"repeat","background-position":"center center","background-size":"auto","background-attachment":"scroll","background-type":"","background-media":"","overlay-type":"","overlay-color":"","overlay-opacity":"","overlay-gradient":""},"tablet":{"background-color":"var(--ast-global-color-5)","background-image":"","background-repeat":"repeat","background-position":"center center","background-size":"auto","background-attachment":"scroll","background-type":"","background-media":"","overlay-type":"","overlay-color":"","overlay-opacity":"","overlay-gradient":""},"mobile":{"background-color":"var(--ast-global-color-5)","background-image":"","background-repeat":"repeat","background-position":"center center","background-size":"auto","background-attachment":"scroll","background-type":"","background-media":"","overlay-type":"","overlay-color":"","overlay-opacity":"","overlay-gradient":""}}},"product_brand":[],"product_cat":[365,380,366,367,381,379,362],"product_tag":[],"berocket_brand":[],"class_list":{"0":"post-11370","1":"product","2":"type-product","3":"status-publish","4":"has-post-thumbnail","6":"product_cat-barojoss","7":"product_cat-kombinetai-adai","8":"product_cat-mitrinoss","9":"product_cat-nomierinoss","10":"product_cat-problematiskai-un-taukainai-adai","11":"product_cat-sausai-adai-anti-age","12":"product_cat-sejas-krems","13":"desktop-align-left","14":"tablet-align-left","15":"mobile-align-left","17":"first","18":"outofstock","19":"taxable","20":"shipping-taxable","21":"purchasable","22":"product-type-simple","23":"add-to-wishlist-before_image"},"yoast_head":"<!-- This site is optimized with the Yoast SEO plugin v27.4 - https:\/\/yoast.com\/product\/yoast-seo-wordpress\/ -->\n<title>Some By Mi Propolis B5 Glow Barrier Calming Cream 60ml - FACECORNER<\/title>\n<meta name=\"robots\" content=\"index, follow, max-snippet:-1, max-image-preview:large, max-video-preview:-1\" \/>\n<link rel=\"canonical\" href=\"https:\/\/www.facecorner.lv\/en\/shop\/some-by-mi-propolis-b5-glow-barrier-calming-cream-60ml\/\" \/>\n<meta property=\"og:locale\" content=\"en_US\" \/>\n<meta property=\"og:type\" content=\"article\" \/>\n<meta property=\"og:title\" content=\"Some By Mi Propolis B5 Glow Barrier Calming Cream 60ml - FACECORNER\" \/>\n<meta property=\"og:description\" content=\"Some By Mi Propolis B5 Glow Barrier Calming Cream ir dziedino\u0161s efekts, mazina aps\u0101rtumu un kairin\u0101jumu, k\u0101 ar\u012b stiprina aizsargbarjeru. Palielina viet\u0113jo imunit\u0101ti, samazina jut\u012bbu. Kr\u0113ms uzlabo un izl\u012bdzina sejas toni, nov\u0113r\u0161 bl\u0101vumu un c\u012bn\u0101s ar noguruma paz\u012bm\u0113m. Padara \u0101du maig\u0101ku un samtain\u0101ku, izl\u012bdzina \u0101das grumbas, uztur \u016bdens-lip\u012bdu l\u012bdzsvaru. Uzlabo vielmai\u0146u, uzs\u0101k re\u0123ener\u0101cijas procesus. Pamat\u0101 [&hellip;]\" \/>\n<meta property=\"og:url\" content=\"https:\/\/www.facecorner.lv\/en\/shop\/some-by-mi-propolis-b5-glow-barrier-calming-cream-60ml\/\" \/>\n<meta property=\"og:site_name\" content=\"FACECORNER\" \/>\n<meta property=\"article:publisher\" content=\"https:\/\/www.facebook.com\/profile.php?id=100063824551839\" \/>\n<meta property=\"article:modified_time\" content=\"2024-02-11T12:38:33+00:00\" \/>\n<meta property=\"og:image\" content=\"https:\/\/www.facecorner.lv\/wp-content\/uploads\/2023\/07\/Unknown.jpeg\" \/>\n\t<meta property=\"og:image:width\" content=\"225\" \/>\n\t<meta property=\"og:image:height\" content=\"225\" \/>\n\t<meta property=\"og:image:type\" content=\"image\/jpeg\" \/>\n<meta name=\"twitter:card\" content=\"summary_large_image\" \/>\n<meta name=\"twitter:label1\" content=\"Price\" \/>\n\t<meta name=\"twitter:data1\" content=\"&euro;21.00\" \/>\n\t<meta name=\"twitter:label2\" content=\"Availability\" \/>\n\t<meta name=\"twitter:data2\" content=\"Out of stock\" \/>\n<script type=\"application\/ld+json\" class=\"yoast-schema-graph\">{\"@context\":\"https:\\\/\\\/schema.org\",\"@graph\":[{\"@type\":\"WebPage\",\"@id\":\"https:\\\/\\\/www.facecorner.lv\\\/shop\\\/some-by-mi-propolis-b5-glow-barrier-calming-cream-60ml\\\/\",\"url\":\"https:\\\/\\\/www.facecorner.lv\\\/shop\\\/some-by-mi-propolis-b5-glow-barrier-calming-cream-60ml\\\/\",\"name\":\"Some By Mi Propolis B5 Glow Barrier Calming Cream 60ml - FACECORNER\",\"isPartOf\":{\"@id\":\"https:\\\/\\\/www.facecorner.lv\\\/#website\"},\"primaryImageOfPage\":{\"@id\":\"https:\\\/\\\/www.facecorner.lv\\\/shop\\\/some-by-mi-propolis-b5-glow-barrier-calming-cream-60ml\\\/#primaryimage\"},\"image\":{\"@id\":\"https:\\\/\\\/www.facecorner.lv\\\/shop\\\/some-by-mi-propolis-b5-glow-barrier-calming-cream-60ml\\\/#primaryimage\"},\"thumbnailUrl\":\"https:\\\/\\\/www.facecorner.lv\\\/wp-content\\\/uploads\\\/2023\\\/07\\\/Unknown.jpeg\",\"datePublished\":\"2023-07-03T12:16:43+00:00\",\"dateModified\":\"2024-02-11T12:38:33+00:00\",\"breadcrumb\":{\"@id\":\"https:\\\/\\\/www.facecorner.lv\\\/shop\\\/some-by-mi-propolis-b5-glow-barrier-calming-cream-60ml\\\/#breadcrumb\"},\"inLanguage\":\"en-US\",\"potentialAction\":[{\"@type\":\"ReadAction\",\"target\":[\"https:\\\/\\\/www.facecorner.lv\\\/shop\\\/some-by-mi-propolis-b5-glow-barrier-calming-cream-60ml\\\/\"]}]},{\"@type\":\"ImageObject\",\"inLanguage\":\"en-US\",\"@id\":\"https:\\\/\\\/www.facecorner.lv\\\/shop\\\/some-by-mi-propolis-b5-glow-barrier-calming-cream-60ml\\\/#primaryimage\",\"url\":\"https:\\\/\\\/www.facecorner.lv\\\/wp-content\\\/uploads\\\/2023\\\/07\\\/Unknown.jpeg\",\"contentUrl\":\"https:\\\/\\\/www.facecorner.lv\\\/wp-content\\\/uploads\\\/2023\\\/07\\\/Unknown.jpeg\",\"width\":225,\"height\":225},{\"@type\":\"BreadcrumbList\",\"@id\":\"https:\\\/\\\/www.facecorner.lv\\\/shop\\\/some-by-mi-propolis-b5-glow-barrier-calming-cream-60ml\\\/#breadcrumb\",\"itemListElement\":[{\"@type\":\"ListItem\",\"position\":1,\"name\":\"Home\",\"item\":\"https:\\\/\\\/www.facecorner.lv\\\/\"},{\"@type\":\"ListItem\",\"position\":2,\"name\":\"Veikals\",\"item\":\"https:\\\/\\\/www.facecorner.lv\\\/shop\\\/\"},{\"@type\":\"ListItem\",\"position\":3,\"name\":\"Some By Mi Propolis B5 Glow Barrier Calming Cream 60ml\"}]},{\"@type\":\"WebSite\",\"@id\":\"https:\\\/\\\/www.facecorner.lv\\\/#website\",\"url\":\"https:\\\/\\\/www.facecorner.lv\\\/\",\"name\":\"Facecorner\",\"description\":\"\",\"publisher\":{\"@id\":\"https:\\\/\\\/www.facecorner.lv\\\/#organization\"},\"potentialAction\":[{\"@type\":\"SearchAction\",\"target\":{\"@type\":\"EntryPoint\",\"urlTemplate\":\"https:\\\/\\\/www.facecorner.lv\\\/?s={search_term_string}\"},\"query-input\":{\"@type\":\"PropertyValueSpecification\",\"valueRequired\":true,\"valueName\":\"search_term_string\"}}],\"inLanguage\":\"en-US\"},{\"@type\":\"Organization\",\"@id\":\"https:\\\/\\\/www.facecorner.lv\\\/#organization\",\"name\":\"Facecorner\",\"url\":\"https:\\\/\\\/www.facecorner.lv\\\/\",\"logo\":{\"@type\":\"ImageObject\",\"inLanguage\":\"en-US\",\"@id\":\"https:\\\/\\\/www.facecorner.lv\\\/#\\\/schema\\\/logo\\\/image\\\/\",\"url\":\"https:\\\/\\\/www.facecorner.lv\\\/wp-content\\\/uploads\\\/2024\\\/04\\\/fc-logo.jpg\",\"contentUrl\":\"https:\\\/\\\/www.facecorner.lv\\\/wp-content\\\/uploads\\\/2024\\\/04\\\/fc-logo.jpg\",\"width\":174,\"height\":28,\"caption\":\"Facecorner\"},\"image\":{\"@id\":\"https:\\\/\\\/www.facecorner.lv\\\/#\\\/schema\\\/logo\\\/image\\\/\"},\"sameAs\":[\"https:\\\/\\\/www.facebook.com\\\/profile.php?id=100063824551839\",\"https:\\\/\\\/www.instagram.com\\\/facecorner_shop\\\/\"]}]}<\/script>\n<meta property=\"product:price:amount\" content=\"21.00\" \/>\n<meta property=\"product:price:currency\" content=\"EUR\" \/>\n<meta property=\"og:availability\" content=\"out of stock\" \/>\n<meta property=\"product:availability\" content=\"out of stock\" \/>\n<meta property=\"product:condition\" content=\"new\" \/>\n<!-- \/ Yoast SEO plugin. -->","yoast_head_json":{"title":"Some By Mi Propolis B5 Glow Barrier Calming Cream 60ml - FACECORNER","robots":{"index":"index","follow":"follow","max-snippet":"max-snippet:-1","max-image-preview":"max-image-preview:large","max-video-preview":"max-video-preview:-1"},"canonical":"https:\/\/www.facecorner.lv\/en\/shop\/some-by-mi-propolis-b5-glow-barrier-calming-cream-60ml\/","og_locale":"en_US","og_type":"article","og_title":"Some By Mi Propolis B5 Glow Barrier Calming Cream 60ml - FACECORNER","og_description":"Some By Mi Propolis B5 Glow Barrier Calming Cream ir dziedino\u0161s efekts, mazina aps\u0101rtumu un kairin\u0101jumu, k\u0101 ar\u012b stiprina aizsargbarjeru. Palielina viet\u0113jo imunit\u0101ti, samazina jut\u012bbu. Kr\u0113ms uzlabo un izl\u012bdzina sejas toni, nov\u0113r\u0161 bl\u0101vumu un c\u012bn\u0101s ar noguruma paz\u012bm\u0113m. Padara \u0101du maig\u0101ku un samtain\u0101ku, izl\u012bdzina \u0101das grumbas, uztur \u016bdens-lip\u012bdu l\u012bdzsvaru. Uzlabo vielmai\u0146u, uzs\u0101k re\u0123ener\u0101cijas procesus. Pamat\u0101 [&hellip;]","og_url":"https:\/\/www.facecorner.lv\/en\/shop\/some-by-mi-propolis-b5-glow-barrier-calming-cream-60ml\/","og_site_name":"FACECORNER","article_publisher":"https:\/\/www.facebook.com\/profile.php?id=100063824551839","article_modified_time":"2024-02-11T12:38:33+00:00","og_image":[{"width":225,"height":225,"url":"https:\/\/www.facecorner.lv\/wp-content\/uploads\/2023\/07\/Unknown.jpeg","type":"image\/jpeg"}],"twitter_card":"summary_large_image","twitter_misc":{"Price":"&euro;21.00","Availability":"Out of stock"},"schema":{"@context":"https:\/\/schema.org","@graph":[{"@type":"WebPage","@id":"https:\/\/www.facecorner.lv\/shop\/some-by-mi-propolis-b5-glow-barrier-calming-cream-60ml\/","url":"https:\/\/www.facecorner.lv\/shop\/some-by-mi-propolis-b5-glow-barrier-calming-cream-60ml\/","name":"Some By Mi Propolis B5 Glow Barrier Calming Cream 60ml - FACECORNER","isPartOf":{"@id":"https:\/\/www.facecorner.lv\/#website"},"primaryImageOfPage":{"@id":"https:\/\/www.facecorner.lv\/shop\/some-by-mi-propolis-b5-glow-barrier-calming-cream-60ml\/#primaryimage"},"image":{"@id":"https:\/\/www.facecorner.lv\/shop\/some-by-mi-propolis-b5-glow-barrier-calming-cream-60ml\/#primaryimage"},"thumbnailUrl":"https:\/\/www.facecorner.lv\/wp-content\/uploads\/2023\/07\/Unknown.jpeg","datePublished":"2023-07-03T12:16:43+00:00","dateModified":"2024-02-11T12:38:33+00:00","breadcrumb":{"@id":"https:\/\/www.facecorner.lv\/shop\/some-by-mi-propolis-b5-glow-barrier-calming-cream-60ml\/#breadcrumb"},"inLanguage":"en-US","potentialAction":[{"@type":"ReadAction","target":["https:\/\/www.facecorner.lv\/shop\/some-by-mi-propolis-b5-glow-barrier-calming-cream-60ml\/"]}]},{"@type":"ImageObject","inLanguage":"en-US","@id":"https:\/\/www.facecorner.lv\/shop\/some-by-mi-propolis-b5-glow-barrier-calming-cream-60ml\/#primaryimage","url":"https:\/\/www.facecorner.lv\/wp-content\/uploads\/2023\/07\/Unknown.jpeg","contentUrl":"https:\/\/www.facecorner.lv\/wp-content\/uploads\/2023\/07\/Unknown.jpeg","width":225,"height":225},{"@type":"BreadcrumbList","@id":"https:\/\/www.facecorner.lv\/shop\/some-by-mi-propolis-b5-glow-barrier-calming-cream-60ml\/#breadcrumb","itemListElement":[{"@type":"ListItem","position":1,"name":"Home","item":"https:\/\/www.facecorner.lv\/"},{"@type":"ListItem","position":2,"name":"Veikals","item":"https:\/\/www.facecorner.lv\/shop\/"},{"@type":"ListItem","position":3,"name":"Some By Mi Propolis B5 Glow Barrier Calming Cream 60ml"}]},{"@type":"WebSite","@id":"https:\/\/www.facecorner.lv\/#website","url":"https:\/\/www.facecorner.lv\/","name":"Facecorner","description":"","publisher":{"@id":"https:\/\/www.facecorner.lv\/#organization"},"potentialAction":[{"@type":"SearchAction","target":{"@type":"EntryPoint","urlTemplate":"https:\/\/www.facecorner.lv\/?s={search_term_string}"},"query-input":{"@type":"PropertyValueSpecification","valueRequired":true,"valueName":"search_term_string"}}],"inLanguage":"en-US"},{"@type":"Organization","@id":"https:\/\/www.facecorner.lv\/#organization","name":"Facecorner","url":"https:\/\/www.facecorner.lv\/","logo":{"@type":"ImageObject","inLanguage":"en-US","@id":"https:\/\/www.facecorner.lv\/#\/schema\/logo\/image\/","url":"https:\/\/www.facecorner.lv\/wp-content\/uploads\/2024\/04\/fc-logo.jpg","contentUrl":"https:\/\/www.facecorner.lv\/wp-content\/uploads\/2024\/04\/fc-logo.jpg","width":174,"height":28,"caption":"Facecorner"},"image":{"@id":"https:\/\/www.facecorner.lv\/#\/schema\/logo\/image\/"},"sameAs":["https:\/\/www.facebook.com\/profile.php?id=100063824551839","https:\/\/www.instagram.com\/facecorner_shop\/"]}]},"product_price_amount":"21.00","product_price_currency":"EUR","og_availability":"out of stock","product_availability":"out of stock","product_condition":"new"},"_links":{"self":[{"href":"https:\/\/www.facecorner.lv\/en\/wp-json\/wp\/v2\/product\/11370","targetHints":{"allow":["GET"]}}],"collection":[{"href":"https:\/\/www.facecorner.lv\/en\/wp-json\/wp\/v2\/product"}],"about":[{"href":"https:\/\/www.facecorner.lv\/en\/wp-json\/wp\/v2\/types\/product"}],"replies":[{"embeddable":true,"href":"https:\/\/www.facecorner.lv\/en\/wp-json\/wp\/v2\/comments?post=11370"}],"wp:featuredmedia":[{"embeddable":true,"href":"https:\/\/www.facecorner.lv\/en\/wp-json\/wp\/v2\/media\/11371"}],"wp:attachment":[{"href":"https:\/\/www.facecorner.lv\/en\/wp-json\/wp\/v2\/media?parent=11370"}],"wp:term":[{"taxonomy":"product_brand","embeddable":true,"href":"https:\/\/www.facecorner.lv\/en\/wp-json\/wp\/v2\/product_brand?post=11370"},{"taxonomy":"product_cat","embeddable":true,"href":"https:\/\/www.facecorner.lv\/en\/wp-json\/wp\/v2\/product_cat?post=11370"},{"taxonomy":"product_tag","embeddable":true,"href":"https:\/\/www.facecorner.lv\/en\/wp-json\/wp\/v2\/product_tag?post=11370"},{"taxonomy":"berocket_brand","embeddable":true,"href":"https:\/\/www.facecorner.lv\/en\/wp-json\/wp\/v2\/berocket_brand?post=11370"}],"curies":[{"name":"wp","href":"https:\/\/api.w.org\/{rel}","templated":true}]}}