{"id":11358,"date":"2023-07-03T11:01:56","date_gmt":"2023-07-03T09:01:56","guid":{"rendered":"https:\/\/www.facecorner.lv\/?post_type=product&#038;p=11358"},"modified":"2024-04-05T15:26:47","modified_gmt":"2024-04-05T13:26:47","slug":"by-wishtrend-pure-vitamin-c-21-5-advanced-serum-30ml","status":"publish","type":"product","link":"https:\/\/www.facecorner.lv\/en\/shop\/by-wishtrend-pure-vitamin-c-21-5-advanced-serum-30ml\/","title":{"rendered":"By Wishtrend Pure Vitamin C 21.5% Advanced Serum 30ml"},"content":{"rendered":"<p>By Wishtrend Pure Vitamin C 21,5% Advanced Serum Concentrate satur 70% smilts\u0113rk\u0161\u0137u \u016bdens un 21,5% t\u012bra C vitam\u012bna. Tam ir izteikta izgaismojo\u0161a iedarb\u012bba, balina pigment\u0101ciju, uzlabo sejas kr\u0101su un nov\u0113r\u0161 bl\u0101vumu.<\/p>\n<p>Serumam piem\u012bt viegla p\u012blinga iedarb\u012bba, no\u0146em epidermas atmiru\u0161\u0101s \u0161\u016bnas, toniz\u0113, ir izteikta antioksidanta iedarb\u012bba un b\u016btiski uzlabo tonusu.<\/p>\n<p>Pal\u012bdz izgaismot pigment\u0101ciju un p\u0113cp\u016bt\u012btes, c\u012bn\u0101s ar bl\u0101vu, pel\u0113c\u012bgu sejas kr\u0101su.<\/p>\n<p>Atjauno optim\u0101lo mitrin\u0101\u0161anas l\u012bmeni un c\u012bn\u0101s ar sausumu, pie\u0161\u0137ir \u0101dai tonusu un vesel\u012bgu mirdzumu.<\/p>\n<p>Seruma sast\u0101v\u0101 ir tikai 10 b\u016btiski komponenti, kas nodro\u0161ina 100% rezult\u0101tu, neradot \u0101das kairin\u0101jumu.<\/p>\n<p>Main active ingredients:<\/p>\n<ul>\n<li>Smilts\u0113rk\u0161\u0137u \u016bdens (70%) efekt\u012bvi nomierina kairin\u0101jumu, mazina iekaisumus un pal\u012bdz c\u012b\u0146\u0101 pret sausumu un lob\u012b\u0161anos. Nostiprina epidermas lip\u012bdu barjeru un aizsarg\u0101 pret apk\u0101rt\u0113j\u0101s vides negat\u012bvo ietekmi. Toniz\u0113, nov\u0113r\u0161 \u0101das beriberi, dzied\u0113 un uzlabo sejas kr\u0101su.<\/li>\n<li>Askorb\u012bnsk\u0101bei (21,5%) piem\u012bt izteikta antioksidanta iedarb\u012bba, efekt\u012bvi aizsarg\u0101jot pret ultraviolet\u0101 starojuma rad\u012btajiem boj\u0101jumiem, ierosina sava kolag\u0113na ra\u017eo\u0161anu, uzlabo elast\u012bbu, tvirtumu un mitrumu.<\/li>\n<li>Hialuronsk\u0101be rada neredzamu barjeru, kas nov\u0113r\u0161 mitruma iztvaiko\u0161anu, uzlabo \u0101das strukt\u016bru, veicina \u0161\u016bnu atjauno\u0161anos, samazina s\u012bk\u0101s krunci\u0146as, padara \u0101du gludu un maigu.<\/li>\n<li>Pantenols stimul\u0113 \u0101das integrit\u0101tes atjauno\u0161anos, mazina aps\u0101rtumu un kairin\u0101jumu, un tam piem\u012bt br\u016b\u010du dziedino\u0161as \u012bpa\u0161\u012bbas.<\/li>\n<\/ul>\n<p>Suitable for all skin types.<\/p>\n<p>Ieteicams uzglab\u0101t tum\u0161\u0101 viet\u0101 vai ledusskap\u012b. lai nov\u0113rstu produkta oksid\u0113\u0161anos.<br \/>\nNav ieteicams lietot kop\u0101 ar produktiem ar augstu AHA, BHA, retinola un C vitam\u012bna saturu.<\/p>\n<p><strong>How to use:<\/strong> Uzkl\u0101jiet 3-4 pilienus seruma uz t\u012bras, ar toniku samitrin\u0101tas \u0101das. Pal\u012bdziet produktam ies\u016bkties ar viegl\u0101m gl\u0101sto\u0161\u0101m kust\u012bb\u0101m.<\/p>\n<p><strong>Ingredientes:<\/strong> Hippophae Rhamnoides Water (70%), Ascorbic Acid (21.5%), Sodium Lactate, 1,2-Hexanediol, Sodium Hyaluronate, Panthenol, Cassia Obtusifolia Seed Extract, Allantoin, Xanthan Gum, Ethyl Hexanediol<\/p>","protected":false},"excerpt":{"rendered":"<p>By Wishtrend Pure Vitamin C 21,5% Advanced Serum Concentrate satur 70% smilts\u0113rk\u0161\u0137u \u016bdens un 21,5% t\u012bra C vitam\u012bna. Tam ir izteikta izgaismojo\u0161a iedarb\u012bba, balina pigment\u0101ciju, uzlabo sejas kr\u0101su un nov\u0113r\u0161 bl\u0101vumu. Serumam piem\u012bt viegla p\u012blinga iedarb\u012bba, no\u0146em epidermas atmiru\u0161\u0101s \u0161\u016bnas, toniz\u0113, ir izteikta antioksidanta iedarb\u012bba un b\u016btiski uzlabo tonusu. Pal\u012bdz izgaismot pigment\u0101ciju un p\u0113cp\u016bt\u012btes, c\u012bn\u0101s [&hellip;]<\/p>\n","protected":false},"featured_media":11359,"comment_status":"open","ping_status":"closed","template":"","meta":{"site-sidebar-layout":"default","site-content-layout":"","ast-site-content-layout":"","site-content-style":"default","site-sidebar-style":"default","ast-global-header-display":"","ast-banner-title-visibility":"","ast-main-header-display":"","ast-hfb-above-header-display":"","ast-hfb-below-header-display":"","ast-hfb-mobile-header-display":"","site-post-title":"","ast-breadcrumbs-content":"","ast-featured-img":"","footer-sml-layout":"","theme-transparent-header-meta":"","adv-header-id-meta":"","stick-header-meta":"","header-above-stick-meta":"","header-main-stick-meta":"","header-below-stick-meta":"","astra-migrate-meta-layouts":"default","ast-page-background-enabled":"default","ast-page-background-meta":{"desktop":{"background-color":"var(--ast-global-color-4)","background-image":"","background-repeat":"repeat","background-position":"center center","background-size":"auto","background-attachment":"scroll","background-type":"","background-media":"","overlay-type":"","overlay-color":"","overlay-opacity":"","overlay-gradient":""},"tablet":{"background-color":"","background-image":"","background-repeat":"repeat","background-position":"center center","background-size":"auto","background-attachment":"scroll","background-type":"","background-media":"","overlay-type":"","overlay-color":"","overlay-opacity":"","overlay-gradient":""},"mobile":{"background-color":"","background-image":"","background-repeat":"repeat","background-position":"center center","background-size":"auto","background-attachment":"scroll","background-type":"","background-media":"","overlay-type":"","overlay-color":"","overlay-opacity":"","overlay-gradient":""}},"ast-content-background-meta":{"desktop":{"background-color":"var(--ast-global-color-5)","background-image":"","background-repeat":"repeat","background-position":"center center","background-size":"auto","background-attachment":"scroll","background-type":"","background-media":"","overlay-type":"","overlay-color":"","overlay-opacity":"","overlay-gradient":""},"tablet":{"background-color":"var(--ast-global-color-5)","background-image":"","background-repeat":"repeat","background-position":"center center","background-size":"auto","background-attachment":"scroll","background-type":"","background-media":"","overlay-type":"","overlay-color":"","overlay-opacity":"","overlay-gradient":""},"mobile":{"background-color":"var(--ast-global-color-5)","background-image":"","background-repeat":"repeat","background-position":"center center","background-size":"auto","background-attachment":"scroll","background-type":"","background-media":"","overlay-type":"","overlay-color":"","overlay-opacity":"","overlay-gradient":""}}},"product_brand":[],"product_cat":[370,371,380,381,379,363],"product_tag":[],"berocket_brand":[],"class_list":{"0":"post-11358","1":"product","2":"type-product","3":"status-publish","4":"has-post-thumbnail","6":"product_cat-adas-mirdzumam","7":"product_cat-anti-age","8":"product_cat-kombinetai-adai","9":"product_cat-problematiskai-un-taukainai-adai","10":"product_cat-sausai-adai-anti-age","11":"product_cat-serumi","12":"desktop-align-left","13":"tablet-align-left","14":"mobile-align-left","16":"first","17":"outofstock","18":"taxable","19":"shipping-taxable","20":"purchasable","21":"product-type-simple","22":"add-to-wishlist-before_image"},"yoast_head":"<!-- This site is optimized with the Yoast SEO plugin v27.3 - https:\/\/yoast.com\/product\/yoast-seo-wordpress\/ -->\n<title>By Wishtrend Pure Vitamin C 21.5% Advanced Serum 30ml - FACECORNER<\/title>\n<meta name=\"robots\" content=\"index, follow, max-snippet:-1, max-image-preview:large, max-video-preview:-1\" \/>\n<link rel=\"canonical\" href=\"https:\/\/www.facecorner.lv\/en\/shop\/by-wishtrend-pure-vitamin-c-21-5-advanced-serum-30ml\/\" \/>\n<meta property=\"og:locale\" content=\"en_US\" \/>\n<meta property=\"og:type\" content=\"article\" \/>\n<meta property=\"og:title\" content=\"By Wishtrend Pure Vitamin C 21.5% Advanced Serum 30ml - FACECORNER\" \/>\n<meta property=\"og:description\" content=\"By Wishtrend Pure Vitamin C 21,5% Advanced Serum Concentrate satur 70% smilts\u0113rk\u0161\u0137u \u016bdens un 21,5% t\u012bra C vitam\u012bna. Tam ir izteikta izgaismojo\u0161a iedarb\u012bba, balina pigment\u0101ciju, uzlabo sejas kr\u0101su un nov\u0113r\u0161 bl\u0101vumu. Serumam piem\u012bt viegla p\u012blinga iedarb\u012bba, no\u0146em epidermas atmiru\u0161\u0101s \u0161\u016bnas, toniz\u0113, ir izteikta antioksidanta iedarb\u012bba un b\u016btiski uzlabo tonusu. Pal\u012bdz izgaismot pigment\u0101ciju un p\u0113cp\u016bt\u012btes, c\u012bn\u0101s [&hellip;]\" \/>\n<meta property=\"og:url\" content=\"https:\/\/www.facecorner.lv\/en\/shop\/by-wishtrend-pure-vitamin-c-21-5-advanced-serum-30ml\/\" \/>\n<meta property=\"og:site_name\" content=\"FACECORNER\" \/>\n<meta property=\"article:publisher\" content=\"https:\/\/www.facebook.com\/profile.php?id=100063824551839\" \/>\n<meta property=\"article:modified_time\" content=\"2024-04-05T13:26:47+00:00\" \/>\n<meta property=\"og:image\" content=\"https:\/\/www.facecorner.lv\/wp-content\/uploads\/2023\/07\/by-wishtrend-pure-vitamin-c-advanced-serum-1.jpg.webp\" \/>\n\t<meta property=\"og:image:width\" content=\"600\" \/>\n\t<meta property=\"og:image:height\" content=\"600\" \/>\n\t<meta property=\"og:image:type\" content=\"image\/webp\" \/>\n<meta name=\"twitter:card\" content=\"summary_large_image\" \/>\n<meta name=\"twitter:label1\" content=\"Price\" \/>\n\t<meta name=\"twitter:data1\" content=\"&euro;32.00\" \/>\n\t<meta name=\"twitter:label2\" content=\"Availability\" \/>\n\t<meta name=\"twitter:data2\" content=\"Out of stock\" \/>\n<script type=\"application\/ld+json\" class=\"yoast-schema-graph\">{\"@context\":\"https:\\\/\\\/schema.org\",\"@graph\":[{\"@type\":\"WebPage\",\"@id\":\"https:\\\/\\\/www.facecorner.lv\\\/shop\\\/by-wishtrend-pure-vitamin-c-21-5-advanced-serum-30ml\\\/\",\"url\":\"https:\\\/\\\/www.facecorner.lv\\\/shop\\\/by-wishtrend-pure-vitamin-c-21-5-advanced-serum-30ml\\\/\",\"name\":\"By Wishtrend Pure Vitamin C 21.5% Advanced Serum 30ml - FACECORNER\",\"isPartOf\":{\"@id\":\"https:\\\/\\\/www.facecorner.lv\\\/#website\"},\"primaryImageOfPage\":{\"@id\":\"https:\\\/\\\/www.facecorner.lv\\\/shop\\\/by-wishtrend-pure-vitamin-c-21-5-advanced-serum-30ml\\\/#primaryimage\"},\"image\":{\"@id\":\"https:\\\/\\\/www.facecorner.lv\\\/shop\\\/by-wishtrend-pure-vitamin-c-21-5-advanced-serum-30ml\\\/#primaryimage\"},\"thumbnailUrl\":\"https:\\\/\\\/www.facecorner.lv\\\/wp-content\\\/uploads\\\/2023\\\/07\\\/by-wishtrend-pure-vitamin-c-advanced-serum-1.jpg.webp\",\"datePublished\":\"2023-07-03T09:01:56+00:00\",\"dateModified\":\"2024-04-05T13:26:47+00:00\",\"breadcrumb\":{\"@id\":\"https:\\\/\\\/www.facecorner.lv\\\/shop\\\/by-wishtrend-pure-vitamin-c-21-5-advanced-serum-30ml\\\/#breadcrumb\"},\"inLanguage\":\"en-US\",\"potentialAction\":[{\"@type\":\"ReadAction\",\"target\":[\"https:\\\/\\\/www.facecorner.lv\\\/shop\\\/by-wishtrend-pure-vitamin-c-21-5-advanced-serum-30ml\\\/\"]}]},{\"@type\":\"ImageObject\",\"inLanguage\":\"en-US\",\"@id\":\"https:\\\/\\\/www.facecorner.lv\\\/shop\\\/by-wishtrend-pure-vitamin-c-21-5-advanced-serum-30ml\\\/#primaryimage\",\"url\":\"https:\\\/\\\/www.facecorner.lv\\\/wp-content\\\/uploads\\\/2023\\\/07\\\/by-wishtrend-pure-vitamin-c-advanced-serum-1.jpg.webp\",\"contentUrl\":\"https:\\\/\\\/www.facecorner.lv\\\/wp-content\\\/uploads\\\/2023\\\/07\\\/by-wishtrend-pure-vitamin-c-advanced-serum-1.jpg.webp\",\"width\":600,\"height\":600},{\"@type\":\"BreadcrumbList\",\"@id\":\"https:\\\/\\\/www.facecorner.lv\\\/shop\\\/by-wishtrend-pure-vitamin-c-21-5-advanced-serum-30ml\\\/#breadcrumb\",\"itemListElement\":[{\"@type\":\"ListItem\",\"position\":1,\"name\":\"Home\",\"item\":\"https:\\\/\\\/www.facecorner.lv\\\/\"},{\"@type\":\"ListItem\",\"position\":2,\"name\":\"Veikals\",\"item\":\"https:\\\/\\\/www.facecorner.lv\\\/shop\\\/\"},{\"@type\":\"ListItem\",\"position\":3,\"name\":\"By Wishtrend Pure Vitamin C 21.5% Advanced Serum 30ml\"}]},{\"@type\":\"WebSite\",\"@id\":\"https:\\\/\\\/www.facecorner.lv\\\/#website\",\"url\":\"https:\\\/\\\/www.facecorner.lv\\\/\",\"name\":\"Facecorner\",\"description\":\"\",\"publisher\":{\"@id\":\"https:\\\/\\\/www.facecorner.lv\\\/#organization\"},\"potentialAction\":[{\"@type\":\"SearchAction\",\"target\":{\"@type\":\"EntryPoint\",\"urlTemplate\":\"https:\\\/\\\/www.facecorner.lv\\\/?s={search_term_string}\"},\"query-input\":{\"@type\":\"PropertyValueSpecification\",\"valueRequired\":true,\"valueName\":\"search_term_string\"}}],\"inLanguage\":\"en-US\"},{\"@type\":\"Organization\",\"@id\":\"https:\\\/\\\/www.facecorner.lv\\\/#organization\",\"name\":\"Facecorner\",\"url\":\"https:\\\/\\\/www.facecorner.lv\\\/\",\"logo\":{\"@type\":\"ImageObject\",\"inLanguage\":\"en-US\",\"@id\":\"https:\\\/\\\/www.facecorner.lv\\\/#\\\/schema\\\/logo\\\/image\\\/\",\"url\":\"https:\\\/\\\/www.facecorner.lv\\\/wp-content\\\/uploads\\\/2024\\\/04\\\/fc-logo.jpg\",\"contentUrl\":\"https:\\\/\\\/www.facecorner.lv\\\/wp-content\\\/uploads\\\/2024\\\/04\\\/fc-logo.jpg\",\"width\":174,\"height\":28,\"caption\":\"Facecorner\"},\"image\":{\"@id\":\"https:\\\/\\\/www.facecorner.lv\\\/#\\\/schema\\\/logo\\\/image\\\/\"},\"sameAs\":[\"https:\\\/\\\/www.facebook.com\\\/profile.php?id=100063824551839\",\"https:\\\/\\\/www.instagram.com\\\/facecorner_shop\\\/\"]}]}<\/script>\n<meta property=\"product:price:amount\" content=\"32.00\" \/>\n<meta property=\"product:price:currency\" content=\"EUR\" \/>\n<meta property=\"og:availability\" content=\"out of stock\" \/>\n<meta property=\"product:availability\" content=\"out of stock\" \/>\n<meta property=\"product:condition\" content=\"new\" \/>\n<!-- \/ Yoast SEO plugin. -->","yoast_head_json":{"title":"By Wishtrend Pure Vitamin C 21.5% Advanced Serum 30ml - FACECORNER","robots":{"index":"index","follow":"follow","max-snippet":"max-snippet:-1","max-image-preview":"max-image-preview:large","max-video-preview":"max-video-preview:-1"},"canonical":"https:\/\/www.facecorner.lv\/en\/shop\/by-wishtrend-pure-vitamin-c-21-5-advanced-serum-30ml\/","og_locale":"en_US","og_type":"article","og_title":"By Wishtrend Pure Vitamin C 21.5% Advanced Serum 30ml - FACECORNER","og_description":"By Wishtrend Pure Vitamin C 21,5% Advanced Serum Concentrate satur 70% smilts\u0113rk\u0161\u0137u \u016bdens un 21,5% t\u012bra C vitam\u012bna. Tam ir izteikta izgaismojo\u0161a iedarb\u012bba, balina pigment\u0101ciju, uzlabo sejas kr\u0101su un nov\u0113r\u0161 bl\u0101vumu. Serumam piem\u012bt viegla p\u012blinga iedarb\u012bba, no\u0146em epidermas atmiru\u0161\u0101s \u0161\u016bnas, toniz\u0113, ir izteikta antioksidanta iedarb\u012bba un b\u016btiski uzlabo tonusu. Pal\u012bdz izgaismot pigment\u0101ciju un p\u0113cp\u016bt\u012btes, c\u012bn\u0101s [&hellip;]","og_url":"https:\/\/www.facecorner.lv\/en\/shop\/by-wishtrend-pure-vitamin-c-21-5-advanced-serum-30ml\/","og_site_name":"FACECORNER","article_publisher":"https:\/\/www.facebook.com\/profile.php?id=100063824551839","article_modified_time":"2024-04-05T13:26:47+00:00","og_image":[{"width":600,"height":600,"url":"https:\/\/www.facecorner.lv\/wp-content\/uploads\/2023\/07\/by-wishtrend-pure-vitamin-c-advanced-serum-1.jpg.webp","type":"image\/webp"}],"twitter_card":"summary_large_image","twitter_misc":{"Price":"&euro;32.00","Availability":"Out of stock"},"schema":{"@context":"https:\/\/schema.org","@graph":[{"@type":"WebPage","@id":"https:\/\/www.facecorner.lv\/shop\/by-wishtrend-pure-vitamin-c-21-5-advanced-serum-30ml\/","url":"https:\/\/www.facecorner.lv\/shop\/by-wishtrend-pure-vitamin-c-21-5-advanced-serum-30ml\/","name":"By Wishtrend Pure Vitamin C 21.5% Advanced Serum 30ml - FACECORNER","isPartOf":{"@id":"https:\/\/www.facecorner.lv\/#website"},"primaryImageOfPage":{"@id":"https:\/\/www.facecorner.lv\/shop\/by-wishtrend-pure-vitamin-c-21-5-advanced-serum-30ml\/#primaryimage"},"image":{"@id":"https:\/\/www.facecorner.lv\/shop\/by-wishtrend-pure-vitamin-c-21-5-advanced-serum-30ml\/#primaryimage"},"thumbnailUrl":"https:\/\/www.facecorner.lv\/wp-content\/uploads\/2023\/07\/by-wishtrend-pure-vitamin-c-advanced-serum-1.jpg.webp","datePublished":"2023-07-03T09:01:56+00:00","dateModified":"2024-04-05T13:26:47+00:00","breadcrumb":{"@id":"https:\/\/www.facecorner.lv\/shop\/by-wishtrend-pure-vitamin-c-21-5-advanced-serum-30ml\/#breadcrumb"},"inLanguage":"en-US","potentialAction":[{"@type":"ReadAction","target":["https:\/\/www.facecorner.lv\/shop\/by-wishtrend-pure-vitamin-c-21-5-advanced-serum-30ml\/"]}]},{"@type":"ImageObject","inLanguage":"en-US","@id":"https:\/\/www.facecorner.lv\/shop\/by-wishtrend-pure-vitamin-c-21-5-advanced-serum-30ml\/#primaryimage","url":"https:\/\/www.facecorner.lv\/wp-content\/uploads\/2023\/07\/by-wishtrend-pure-vitamin-c-advanced-serum-1.jpg.webp","contentUrl":"https:\/\/www.facecorner.lv\/wp-content\/uploads\/2023\/07\/by-wishtrend-pure-vitamin-c-advanced-serum-1.jpg.webp","width":600,"height":600},{"@type":"BreadcrumbList","@id":"https:\/\/www.facecorner.lv\/shop\/by-wishtrend-pure-vitamin-c-21-5-advanced-serum-30ml\/#breadcrumb","itemListElement":[{"@type":"ListItem","position":1,"name":"Home","item":"https:\/\/www.facecorner.lv\/"},{"@type":"ListItem","position":2,"name":"Veikals","item":"https:\/\/www.facecorner.lv\/shop\/"},{"@type":"ListItem","position":3,"name":"By Wishtrend Pure Vitamin C 21.5% Advanced Serum 30ml"}]},{"@type":"WebSite","@id":"https:\/\/www.facecorner.lv\/#website","url":"https:\/\/www.facecorner.lv\/","name":"Facecorner","description":"","publisher":{"@id":"https:\/\/www.facecorner.lv\/#organization"},"potentialAction":[{"@type":"SearchAction","target":{"@type":"EntryPoint","urlTemplate":"https:\/\/www.facecorner.lv\/?s={search_term_string}"},"query-input":{"@type":"PropertyValueSpecification","valueRequired":true,"valueName":"search_term_string"}}],"inLanguage":"en-US"},{"@type":"Organization","@id":"https:\/\/www.facecorner.lv\/#organization","name":"Facecorner","url":"https:\/\/www.facecorner.lv\/","logo":{"@type":"ImageObject","inLanguage":"en-US","@id":"https:\/\/www.facecorner.lv\/#\/schema\/logo\/image\/","url":"https:\/\/www.facecorner.lv\/wp-content\/uploads\/2024\/04\/fc-logo.jpg","contentUrl":"https:\/\/www.facecorner.lv\/wp-content\/uploads\/2024\/04\/fc-logo.jpg","width":174,"height":28,"caption":"Facecorner"},"image":{"@id":"https:\/\/www.facecorner.lv\/#\/schema\/logo\/image\/"},"sameAs":["https:\/\/www.facebook.com\/profile.php?id=100063824551839","https:\/\/www.instagram.com\/facecorner_shop\/"]}]},"product_price_amount":"32.00","product_price_currency":"EUR","og_availability":"out of stock","product_availability":"out of stock","product_condition":"new"},"_links":{"self":[{"href":"https:\/\/www.facecorner.lv\/en\/wp-json\/wp\/v2\/product\/11358","targetHints":{"allow":["GET"]}}],"collection":[{"href":"https:\/\/www.facecorner.lv\/en\/wp-json\/wp\/v2\/product"}],"about":[{"href":"https:\/\/www.facecorner.lv\/en\/wp-json\/wp\/v2\/types\/product"}],"replies":[{"embeddable":true,"href":"https:\/\/www.facecorner.lv\/en\/wp-json\/wp\/v2\/comments?post=11358"}],"wp:featuredmedia":[{"embeddable":true,"href":"https:\/\/www.facecorner.lv\/en\/wp-json\/wp\/v2\/media\/11359"}],"wp:attachment":[{"href":"https:\/\/www.facecorner.lv\/en\/wp-json\/wp\/v2\/media?parent=11358"}],"wp:term":[{"taxonomy":"product_brand","embeddable":true,"href":"https:\/\/www.facecorner.lv\/en\/wp-json\/wp\/v2\/product_brand?post=11358"},{"taxonomy":"product_cat","embeddable":true,"href":"https:\/\/www.facecorner.lv\/en\/wp-json\/wp\/v2\/product_cat?post=11358"},{"taxonomy":"product_tag","embeddable":true,"href":"https:\/\/www.facecorner.lv\/en\/wp-json\/wp\/v2\/product_tag?post=11358"},{"taxonomy":"berocket_brand","embeddable":true,"href":"https:\/\/www.facecorner.lv\/en\/wp-json\/wp\/v2\/berocket_brand?post=11358"}],"curies":[{"name":"wp","href":"https:\/\/api.w.org\/{rel}","templated":true}]}}