{"id":11268,"date":"2023-06-26T12:52:11","date_gmt":"2023-06-26T10:52:11","guid":{"rendered":"https:\/\/www.facecorner.lv\/?post_type=product&#038;p=11268"},"modified":"2024-07-20T09:03:53","modified_gmt":"2024-07-20T07:03:53","slug":"medi-peel-bakuchiol-miracle-firming-ampoule-30ml","status":"publish","type":"product","link":"https:\/\/www.facecorner.lv\/en\/shop\/medi-peel-bakuchiol-miracle-firming-ampoule-30ml\/","title":{"rendered":"Medi-Peel Bakuchiol Miracle Firming Ampoule 30ml"},"content":{"rendered":"<p>Medi-Peel Bakuchiol Miracle Firming Ampoule izgaismo nev\u0113lamo pigment\u0101ciju un p\u0113caknes p\u0113das, uzlabo tekst\u016bru un padara \u0101du tvirt\u0101ku. Atjauno aizsargbarjeru, paaugstina mitruma l\u012bmeni.<\/p>\n<p>Serums uzlabo \u0101das toni, nov\u0113r\u0161 \u013cenganumu un \u0101das kroku par\u0101d\u012b\u0161anos, izl\u012bdzina mikroreljefu. Akt\u012bvi stimul\u0113 kolag\u0113na un elast\u012bna ra\u017eo\u0161anu, samazina grumbu dzi\u013cumu. Nov\u0113r\u0161 bl\u0101vumu un piezem\u0113tu sejas kr\u0101su, atjauno \u0101dai vesel\u012bgu tonusu un skaistu mirdzumu.<\/p>\n<p>Seruma galven\u0101 akt\u012bv\u0101 viela ir baku\u010diols, retinola augu analogs, kas piem\u0113rots pat jut\u012bgai \u0101dai. Efekt\u012bvi izgaismo sastingu\u0161os plankumus uz \u0101das, nov\u0113r\u0161 nev\u0113lamu pigment\u0101ciju, nov\u0113r\u0161 pin\u0146u par\u0101d\u012b\u0161anos.<\/p>\n<p>Serumam ir bieza tekst\u016bra, tas uzreiz nov\u0113r\u0161 sasprindzin\u0101jumu un sausumu.<\/p>\n<p><strong>KEY INGREDIENTS:<\/strong><\/p>\n<ul>\n<li>Pept\u012bdu komplekss ir atbild\u012bgs par past\u0101v\u012bgu \u0161\u016bnu re\u0123ener\u0101ciju un atjauno\u0161anos, ir dzi\u013ca pretnoveco\u0161an\u0101s iedarb\u012bba, samazina grumbu redzam\u012bbu un nov\u0113r\u0161 jaunu veido\u0161anos, stimul\u0113 atjauno\u0161an\u0101s un re\u0123ener\u0101cijas procesus, pal\u0113nina \u0161\u016bnu noveco\u0161anos. Normaliz\u0113 kolag\u0113na un elast\u012bna ra\u017eo\u0161anu, izl\u012bdzina \u0101du, izl\u012bdzina reljefu.<\/li>\n<li>Kombuchka\u2122 ir ferment\u0113ts meln\u0101s t\u0113jas ekstrakts. Toniz\u0113 un uzlabo \u0101das imunit\u0101ti, nov\u0113r\u0161 bl\u0101vumu, mitrina un baro. Tam ir izteikta antioksidanta iedarb\u012bba, stiprina turgoru, kav\u0113 glik\u0101cijas procesu un palielina elast\u012bbu.<\/li>\n<li>AQUAXYL ir patent\u0113ts mitrino\u0161s komplekss, kas uzlabo \u0161\u016bnu sp\u0113ju saglab\u0101t mitrumu. Stimul\u0113 keram\u012bdu sint\u0113zi, nov\u0113r\u0161 sausuma un lob\u012b\u0161an\u0101s par\u0101d\u012b\u0161anos, izl\u012bdzina reljefu.<\/li>\n<\/ul>\n<p><strong>Ingredientes: \u00a0<\/strong>Water, Caprylic\/Capric Triglyceride, Glycerin, Butylene Glycol, Diglycerin, 1,2-Hexanediol, Niacinamide, Acrylates\/C10-30 Alkyl Acrylate Crosspolymer, Arginine, Polyglyceryl-10 Laurate, Adenosine, Disodium EDTA, Sodium Hyaluronate, Polyquaternium-51, Bakuchiol (100 ppm), Carapa Guaianensis Seed Oil, Xylitylglucoside, Lilium Candidum Callus Culture Extract, Anhydroxylitol, Xylitol, Diospyros Kaki LeafExtract, Vitis Vinifera (Grape) Fruit Extract, Hydrolyzed Collagen, Coffea Arabica (Coffee) Seed Extract, Carth anus Tinctorius (Safflower) Flower Extract, Polygonum Cuspidatum Root Extract, Zanthoxylum Piperitum Fruit Extract, Castanea Crenata Shell Extract, Camellia Sinensis Centella Asiatica Root Extract, Aronia Melan ocarpa Fruit Extract, Centella Asiatica Extract, Centella Asiatica LeafExtract, Resveratrol, Pinus Palustris LeafExtract, Ulmus Davidiana Root Extract, Pueraria Lobata Root Extract, Oenothera Biennis (Evening Primrose) Flower Extract, Saccharomyces\/Xylinum\/Black Tea Ferment, Hydrolyzed Hyaluronic Acid, Ethylhexylglycerin, Hexapeptide-9, Nonapeptide-1, Copper Tripeptide-1, Acetyl Hexapeptide-8, Sodium Acetylated Hyaluronate, Tripeptide-1, Palmitoyl Oligopeptide, Palmitoyl Pentapeptide-4, Palmitoyl Tetrapeptide-7, Palmitoyl Tripeptide-1, Palmitoyl Tripeptide-5, Acetyl Tetrapeptide-2, Madecassoside, Asiaticoside, Fragrance, CI17200<\/p>","protected":false},"excerpt":{"rendered":"<p>Medi-Peel Bakuchiol Miracle Firming Ampoule izgaismo nev\u0113lamo pigment\u0101ciju un p\u0113caknes p\u0113das, uzlabo tekst\u016bru un padara \u0101du tvirt\u0101ku. Atjauno aizsargbarjeru, paaugstina mitruma l\u012bmeni. Serums uzlabo \u0101das toni, nov\u0113r\u0161 \u013cenganumu un \u0101das kroku par\u0101d\u012b\u0161anos, izl\u012bdzina mikroreljefu. Akt\u012bvi stimul\u0113 kolag\u0113na un elast\u012bna ra\u017eo\u0161anu, samazina grumbu dzi\u013cumu. Nov\u0113r\u0161 bl\u0101vumu un piezem\u0113tu sejas kr\u0101su, atjauno \u0101dai vesel\u012bgu tonusu un skaistu [&hellip;]<\/p>\n","protected":false},"featured_media":11272,"comment_status":"open","ping_status":"closed","template":"","meta":{"site-sidebar-layout":"default","site-content-layout":"","ast-site-content-layout":"","site-content-style":"default","site-sidebar-style":"default","ast-global-header-display":"","ast-banner-title-visibility":"","ast-main-header-display":"","ast-hfb-above-header-display":"","ast-hfb-below-header-display":"","ast-hfb-mobile-header-display":"","site-post-title":"","ast-breadcrumbs-content":"","ast-featured-img":"","footer-sml-layout":"","theme-transparent-header-meta":"","adv-header-id-meta":"","stick-header-meta":"","header-above-stick-meta":"","header-main-stick-meta":"","header-below-stick-meta":"","astra-migrate-meta-layouts":"default","ast-page-background-enabled":"default","ast-page-background-meta":{"desktop":{"background-color":"var(--ast-global-color-4)","background-image":"","background-repeat":"repeat","background-position":"center center","background-size":"auto","background-attachment":"scroll","background-type":"","background-media":"","overlay-type":"","overlay-color":"","overlay-opacity":"","overlay-gradient":""},"tablet":{"background-color":"","background-image":"","background-repeat":"repeat","background-position":"center center","background-size":"auto","background-attachment":"scroll","background-type":"","background-media":"","overlay-type":"","overlay-color":"","overlay-opacity":"","overlay-gradient":""},"mobile":{"background-color":"","background-image":"","background-repeat":"repeat","background-position":"center center","background-size":"auto","background-attachment":"scroll","background-type":"","background-media":"","overlay-type":"","overlay-color":"","overlay-opacity":"","overlay-gradient":""}},"ast-content-background-meta":{"desktop":{"background-color":"var(--ast-global-color-5)","background-image":"","background-repeat":"repeat","background-position":"center center","background-size":"auto","background-attachment":"scroll","background-type":"","background-media":"","overlay-type":"","overlay-color":"","overlay-opacity":"","overlay-gradient":""},"tablet":{"background-color":"var(--ast-global-color-5)","background-image":"","background-repeat":"repeat","background-position":"center center","background-size":"auto","background-attachment":"scroll","background-type":"","background-media":"","overlay-type":"","overlay-color":"","overlay-opacity":"","overlay-gradient":""},"mobile":{"background-color":"var(--ast-global-color-5)","background-image":"","background-repeat":"repeat","background-position":"center center","background-size":"auto","background-attachment":"scroll","background-type":"","background-media":"","overlay-type":"","overlay-color":"","overlay-opacity":"","overlay-gradient":""}}},"product_brand":[],"product_cat":[370,371,472,363],"product_tag":[],"berocket_brand":[],"class_list":{"0":"post-11268","1":"product","2":"type-product","3":"status-publish","4":"has-post-thumbnail","6":"product_cat-adas-mirdzumam","7":"product_cat-anti-age","8":"product_cat-retinols","9":"product_cat-serumi","10":"desktop-align-left","11":"tablet-align-left","12":"mobile-align-left","14":"first","15":"outofstock","16":"taxable","17":"shipping-taxable","18":"purchasable","19":"product-type-simple","20":"add-to-wishlist-before_image"},"yoast_head":"<!-- This site is optimized with the Yoast SEO plugin v27.3 - https:\/\/yoast.com\/product\/yoast-seo-wordpress\/ -->\n<title>Medi-Peel Bakuchiol Miracle Firming Ampoule 30ml - FACECORNER<\/title>\n<meta name=\"robots\" content=\"index, follow, max-snippet:-1, max-image-preview:large, max-video-preview:-1\" \/>\n<link rel=\"canonical\" href=\"https:\/\/www.facecorner.lv\/en\/shop\/medi-peel-bakuchiol-miracle-firming-ampoule-30ml\/\" \/>\n<meta property=\"og:locale\" content=\"en_US\" \/>\n<meta property=\"og:type\" content=\"article\" \/>\n<meta property=\"og:title\" content=\"Medi-Peel Bakuchiol Miracle Firming Ampoule 30ml - FACECORNER\" \/>\n<meta property=\"og:description\" content=\"Medi-Peel Bakuchiol Miracle Firming Ampoule izgaismo nev\u0113lamo pigment\u0101ciju un p\u0113caknes p\u0113das, uzlabo tekst\u016bru un padara \u0101du tvirt\u0101ku. Atjauno aizsargbarjeru, paaugstina mitruma l\u012bmeni. Serums uzlabo \u0101das toni, nov\u0113r\u0161 \u013cenganumu un \u0101das kroku par\u0101d\u012b\u0161anos, izl\u012bdzina mikroreljefu. Akt\u012bvi stimul\u0113 kolag\u0113na un elast\u012bna ra\u017eo\u0161anu, samazina grumbu dzi\u013cumu. Nov\u0113r\u0161 bl\u0101vumu un piezem\u0113tu sejas kr\u0101su, atjauno \u0101dai vesel\u012bgu tonusu un skaistu [&hellip;]\" \/>\n<meta property=\"og:url\" content=\"https:\/\/www.facecorner.lv\/en\/shop\/medi-peel-bakuchiol-miracle-firming-ampoule-30ml\/\" \/>\n<meta property=\"og:site_name\" content=\"FACECORNER\" \/>\n<meta property=\"article:publisher\" content=\"https:\/\/www.facebook.com\/profile.php?id=100063824551839\" \/>\n<meta property=\"article:modified_time\" content=\"2024-07-20T07:03:53+00:00\" \/>\n<meta property=\"og:image\" content=\"https:\/\/www.facecorner.lv\/wp-content\/uploads\/2023\/06\/8d3b8a57d23748854bceea82e1b30c7e.jpg\" \/>\n\t<meta property=\"og:image:width\" content=\"1000\" \/>\n\t<meta property=\"og:image:height\" content=\"1000\" \/>\n\t<meta property=\"og:image:type\" content=\"image\/jpeg\" \/>\n<meta name=\"twitter:card\" content=\"summary_large_image\" \/>\n<meta name=\"twitter:label1\" content=\"Price\" \/>\n\t<meta name=\"twitter:data1\" content=\"&euro;26.50\" \/>\n\t<meta name=\"twitter:label2\" content=\"Availability\" \/>\n\t<meta name=\"twitter:data2\" content=\"Out of stock\" \/>\n<script type=\"application\/ld+json\" class=\"yoast-schema-graph\">{\"@context\":\"https:\\\/\\\/schema.org\",\"@graph\":[{\"@type\":\"WebPage\",\"@id\":\"https:\\\/\\\/www.facecorner.lv\\\/shop\\\/medi-peel-bakuchiol-miracle-firming-ampoule-30ml\\\/\",\"url\":\"https:\\\/\\\/www.facecorner.lv\\\/shop\\\/medi-peel-bakuchiol-miracle-firming-ampoule-30ml\\\/\",\"name\":\"Medi-Peel Bakuchiol Miracle Firming Ampoule 30ml - FACECORNER\",\"isPartOf\":{\"@id\":\"https:\\\/\\\/www.facecorner.lv\\\/#website\"},\"primaryImageOfPage\":{\"@id\":\"https:\\\/\\\/www.facecorner.lv\\\/shop\\\/medi-peel-bakuchiol-miracle-firming-ampoule-30ml\\\/#primaryimage\"},\"image\":{\"@id\":\"https:\\\/\\\/www.facecorner.lv\\\/shop\\\/medi-peel-bakuchiol-miracle-firming-ampoule-30ml\\\/#primaryimage\"},\"thumbnailUrl\":\"https:\\\/\\\/www.facecorner.lv\\\/wp-content\\\/uploads\\\/2023\\\/06\\\/8d3b8a57d23748854bceea82e1b30c7e.jpg\",\"datePublished\":\"2023-06-26T10:52:11+00:00\",\"dateModified\":\"2024-07-20T07:03:53+00:00\",\"breadcrumb\":{\"@id\":\"https:\\\/\\\/www.facecorner.lv\\\/shop\\\/medi-peel-bakuchiol-miracle-firming-ampoule-30ml\\\/#breadcrumb\"},\"inLanguage\":\"en-US\",\"potentialAction\":[{\"@type\":\"ReadAction\",\"target\":[\"https:\\\/\\\/www.facecorner.lv\\\/shop\\\/medi-peel-bakuchiol-miracle-firming-ampoule-30ml\\\/\"]}]},{\"@type\":\"ImageObject\",\"inLanguage\":\"en-US\",\"@id\":\"https:\\\/\\\/www.facecorner.lv\\\/shop\\\/medi-peel-bakuchiol-miracle-firming-ampoule-30ml\\\/#primaryimage\",\"url\":\"https:\\\/\\\/www.facecorner.lv\\\/wp-content\\\/uploads\\\/2023\\\/06\\\/8d3b8a57d23748854bceea82e1b30c7e.jpg\",\"contentUrl\":\"https:\\\/\\\/www.facecorner.lv\\\/wp-content\\\/uploads\\\/2023\\\/06\\\/8d3b8a57d23748854bceea82e1b30c7e.jpg\",\"width\":1000,\"height\":1000},{\"@type\":\"BreadcrumbList\",\"@id\":\"https:\\\/\\\/www.facecorner.lv\\\/shop\\\/medi-peel-bakuchiol-miracle-firming-ampoule-30ml\\\/#breadcrumb\",\"itemListElement\":[{\"@type\":\"ListItem\",\"position\":1,\"name\":\"Home\",\"item\":\"https:\\\/\\\/www.facecorner.lv\\\/\"},{\"@type\":\"ListItem\",\"position\":2,\"name\":\"Veikals\",\"item\":\"https:\\\/\\\/www.facecorner.lv\\\/shop\\\/\"},{\"@type\":\"ListItem\",\"position\":3,\"name\":\"Medi-Peel Bakuchiol Miracle Firming Ampoule 30ml\"}]},{\"@type\":\"WebSite\",\"@id\":\"https:\\\/\\\/www.facecorner.lv\\\/#website\",\"url\":\"https:\\\/\\\/www.facecorner.lv\\\/\",\"name\":\"Facecorner\",\"description\":\"\",\"publisher\":{\"@id\":\"https:\\\/\\\/www.facecorner.lv\\\/#organization\"},\"potentialAction\":[{\"@type\":\"SearchAction\",\"target\":{\"@type\":\"EntryPoint\",\"urlTemplate\":\"https:\\\/\\\/www.facecorner.lv\\\/?s={search_term_string}\"},\"query-input\":{\"@type\":\"PropertyValueSpecification\",\"valueRequired\":true,\"valueName\":\"search_term_string\"}}],\"inLanguage\":\"en-US\"},{\"@type\":\"Organization\",\"@id\":\"https:\\\/\\\/www.facecorner.lv\\\/#organization\",\"name\":\"Facecorner\",\"url\":\"https:\\\/\\\/www.facecorner.lv\\\/\",\"logo\":{\"@type\":\"ImageObject\",\"inLanguage\":\"en-US\",\"@id\":\"https:\\\/\\\/www.facecorner.lv\\\/#\\\/schema\\\/logo\\\/image\\\/\",\"url\":\"https:\\\/\\\/www.facecorner.lv\\\/wp-content\\\/uploads\\\/2024\\\/04\\\/fc-logo.jpg\",\"contentUrl\":\"https:\\\/\\\/www.facecorner.lv\\\/wp-content\\\/uploads\\\/2024\\\/04\\\/fc-logo.jpg\",\"width\":174,\"height\":28,\"caption\":\"Facecorner\"},\"image\":{\"@id\":\"https:\\\/\\\/www.facecorner.lv\\\/#\\\/schema\\\/logo\\\/image\\\/\"},\"sameAs\":[\"https:\\\/\\\/www.facebook.com\\\/profile.php?id=100063824551839\",\"https:\\\/\\\/www.instagram.com\\\/facecorner_shop\\\/\"]}]}<\/script>\n<meta property=\"product:price:amount\" content=\"26.50\" \/>\n<meta property=\"product:price:currency\" content=\"EUR\" \/>\n<meta property=\"og:availability\" content=\"out of stock\" \/>\n<meta property=\"product:availability\" content=\"out of stock\" \/>\n<meta property=\"product:condition\" content=\"new\" \/>\n<!-- \/ Yoast SEO plugin. -->","yoast_head_json":{"title":"Medi-Peel Bakuchiol Miracle Firming Ampoule 30ml - FACECORNER","robots":{"index":"index","follow":"follow","max-snippet":"max-snippet:-1","max-image-preview":"max-image-preview:large","max-video-preview":"max-video-preview:-1"},"canonical":"https:\/\/www.facecorner.lv\/en\/shop\/medi-peel-bakuchiol-miracle-firming-ampoule-30ml\/","og_locale":"en_US","og_type":"article","og_title":"Medi-Peel Bakuchiol Miracle Firming Ampoule 30ml - FACECORNER","og_description":"Medi-Peel Bakuchiol Miracle Firming Ampoule izgaismo nev\u0113lamo pigment\u0101ciju un p\u0113caknes p\u0113das, uzlabo tekst\u016bru un padara \u0101du tvirt\u0101ku. Atjauno aizsargbarjeru, paaugstina mitruma l\u012bmeni. Serums uzlabo \u0101das toni, nov\u0113r\u0161 \u013cenganumu un \u0101das kroku par\u0101d\u012b\u0161anos, izl\u012bdzina mikroreljefu. Akt\u012bvi stimul\u0113 kolag\u0113na un elast\u012bna ra\u017eo\u0161anu, samazina grumbu dzi\u013cumu. Nov\u0113r\u0161 bl\u0101vumu un piezem\u0113tu sejas kr\u0101su, atjauno \u0101dai vesel\u012bgu tonusu un skaistu [&hellip;]","og_url":"https:\/\/www.facecorner.lv\/en\/shop\/medi-peel-bakuchiol-miracle-firming-ampoule-30ml\/","og_site_name":"FACECORNER","article_publisher":"https:\/\/www.facebook.com\/profile.php?id=100063824551839","article_modified_time":"2024-07-20T07:03:53+00:00","og_image":[{"width":1000,"height":1000,"url":"https:\/\/www.facecorner.lv\/wp-content\/uploads\/2023\/06\/8d3b8a57d23748854bceea82e1b30c7e.jpg","type":"image\/jpeg"}],"twitter_card":"summary_large_image","twitter_misc":{"Price":"&euro;26.50","Availability":"Out of stock"},"schema":{"@context":"https:\/\/schema.org","@graph":[{"@type":"WebPage","@id":"https:\/\/www.facecorner.lv\/shop\/medi-peel-bakuchiol-miracle-firming-ampoule-30ml\/","url":"https:\/\/www.facecorner.lv\/shop\/medi-peel-bakuchiol-miracle-firming-ampoule-30ml\/","name":"Medi-Peel Bakuchiol Miracle Firming Ampoule 30ml - FACECORNER","isPartOf":{"@id":"https:\/\/www.facecorner.lv\/#website"},"primaryImageOfPage":{"@id":"https:\/\/www.facecorner.lv\/shop\/medi-peel-bakuchiol-miracle-firming-ampoule-30ml\/#primaryimage"},"image":{"@id":"https:\/\/www.facecorner.lv\/shop\/medi-peel-bakuchiol-miracle-firming-ampoule-30ml\/#primaryimage"},"thumbnailUrl":"https:\/\/www.facecorner.lv\/wp-content\/uploads\/2023\/06\/8d3b8a57d23748854bceea82e1b30c7e.jpg","datePublished":"2023-06-26T10:52:11+00:00","dateModified":"2024-07-20T07:03:53+00:00","breadcrumb":{"@id":"https:\/\/www.facecorner.lv\/shop\/medi-peel-bakuchiol-miracle-firming-ampoule-30ml\/#breadcrumb"},"inLanguage":"en-US","potentialAction":[{"@type":"ReadAction","target":["https:\/\/www.facecorner.lv\/shop\/medi-peel-bakuchiol-miracle-firming-ampoule-30ml\/"]}]},{"@type":"ImageObject","inLanguage":"en-US","@id":"https:\/\/www.facecorner.lv\/shop\/medi-peel-bakuchiol-miracle-firming-ampoule-30ml\/#primaryimage","url":"https:\/\/www.facecorner.lv\/wp-content\/uploads\/2023\/06\/8d3b8a57d23748854bceea82e1b30c7e.jpg","contentUrl":"https:\/\/www.facecorner.lv\/wp-content\/uploads\/2023\/06\/8d3b8a57d23748854bceea82e1b30c7e.jpg","width":1000,"height":1000},{"@type":"BreadcrumbList","@id":"https:\/\/www.facecorner.lv\/shop\/medi-peel-bakuchiol-miracle-firming-ampoule-30ml\/#breadcrumb","itemListElement":[{"@type":"ListItem","position":1,"name":"Home","item":"https:\/\/www.facecorner.lv\/"},{"@type":"ListItem","position":2,"name":"Veikals","item":"https:\/\/www.facecorner.lv\/shop\/"},{"@type":"ListItem","position":3,"name":"Medi-Peel Bakuchiol Miracle Firming Ampoule 30ml"}]},{"@type":"WebSite","@id":"https:\/\/www.facecorner.lv\/#website","url":"https:\/\/www.facecorner.lv\/","name":"Facecorner","description":"","publisher":{"@id":"https:\/\/www.facecorner.lv\/#organization"},"potentialAction":[{"@type":"SearchAction","target":{"@type":"EntryPoint","urlTemplate":"https:\/\/www.facecorner.lv\/?s={search_term_string}"},"query-input":{"@type":"PropertyValueSpecification","valueRequired":true,"valueName":"search_term_string"}}],"inLanguage":"en-US"},{"@type":"Organization","@id":"https:\/\/www.facecorner.lv\/#organization","name":"Facecorner","url":"https:\/\/www.facecorner.lv\/","logo":{"@type":"ImageObject","inLanguage":"en-US","@id":"https:\/\/www.facecorner.lv\/#\/schema\/logo\/image\/","url":"https:\/\/www.facecorner.lv\/wp-content\/uploads\/2024\/04\/fc-logo.jpg","contentUrl":"https:\/\/www.facecorner.lv\/wp-content\/uploads\/2024\/04\/fc-logo.jpg","width":174,"height":28,"caption":"Facecorner"},"image":{"@id":"https:\/\/www.facecorner.lv\/#\/schema\/logo\/image\/"},"sameAs":["https:\/\/www.facebook.com\/profile.php?id=100063824551839","https:\/\/www.instagram.com\/facecorner_shop\/"]}]},"product_price_amount":"26.50","product_price_currency":"EUR","og_availability":"out of stock","product_availability":"out of stock","product_condition":"new"},"_links":{"self":[{"href":"https:\/\/www.facecorner.lv\/en\/wp-json\/wp\/v2\/product\/11268","targetHints":{"allow":["GET"]}}],"collection":[{"href":"https:\/\/www.facecorner.lv\/en\/wp-json\/wp\/v2\/product"}],"about":[{"href":"https:\/\/www.facecorner.lv\/en\/wp-json\/wp\/v2\/types\/product"}],"replies":[{"embeddable":true,"href":"https:\/\/www.facecorner.lv\/en\/wp-json\/wp\/v2\/comments?post=11268"}],"wp:featuredmedia":[{"embeddable":true,"href":"https:\/\/www.facecorner.lv\/en\/wp-json\/wp\/v2\/media\/11272"}],"wp:attachment":[{"href":"https:\/\/www.facecorner.lv\/en\/wp-json\/wp\/v2\/media?parent=11268"}],"wp:term":[{"taxonomy":"product_brand","embeddable":true,"href":"https:\/\/www.facecorner.lv\/en\/wp-json\/wp\/v2\/product_brand?post=11268"},{"taxonomy":"product_cat","embeddable":true,"href":"https:\/\/www.facecorner.lv\/en\/wp-json\/wp\/v2\/product_cat?post=11268"},{"taxonomy":"product_tag","embeddable":true,"href":"https:\/\/www.facecorner.lv\/en\/wp-json\/wp\/v2\/product_tag?post=11268"},{"taxonomy":"berocket_brand","embeddable":true,"href":"https:\/\/www.facecorner.lv\/en\/wp-json\/wp\/v2\/berocket_brand?post=11268"}],"curies":[{"name":"wp","href":"https:\/\/api.w.org\/{rel}","templated":true}]}}