{"id":11196,"date":"2023-06-21T11:11:56","date_gmt":"2023-06-21T09:11:56","guid":{"rendered":"https:\/\/www.facecorner.lv\/?post_type=product&#038;p=11196"},"modified":"2025-09-02T10:43:17","modified_gmt":"2025-09-02T07:43:17","slug":"dear-klairs-rich-moist-foaming-cleanser-100ml","status":"publish","type":"product","link":"https:\/\/www.facecorner.lv\/en\/shop\/dear-klairs-rich-moist-foaming-cleanser-100ml\/","title":{"rendered":"Dear, Klairs Rich Moist Foaming Cleanser 100ml"},"content":{"rendered":"<p>Mitrino\u0161as sk\u0101bek\u013ca putas mazg\u0101\u0161anai Dear, Klairs Rich Moist Foaming Cleanser maigai un maigai \u0101das att\u012br\u012b\u0161anai no kosm\u0113tikas atlikumiem, da\u017e\u0101diem pies\u0101r\u0146ot\u0101jiem un putek\u013ciem.<\/p>\n<p>Sk\u0101bek\u013ca put\u0101m piem\u012bt maiga p\u012blinga iedarb\u012bba, saglab\u0101jot nepiecie\u0161amo mitruma l\u012bmeni \u0101d\u0101, neizraisa sausuma un lob\u012b\u0161an\u0101s par\u0101d\u012b\u0161anos.<\/p>\n<p>At\u0161\u0137ir\u012bb\u0101 no vairuma citu t\u012br\u012b\u0161anas l\u012bdzek\u013cu, \u0161\u012b l\u012bdzek\u013ca pamat\u0101 ir nevis sulf\u0101ti, bet gan aminosk\u0101bju formula, t\u0101p\u0113c varat b\u016bt p\u0101rliecin\u0101ti, ka p\u0113c mazg\u0101\u0161anas neb\u016bs nepat\u012bkamas savilk\u0161anas saj\u016btas.<\/p>\n<p>Putu sk\u0101bju-b\u0101zes l\u012bmenis pH-5,6 atbilst m\u016bsu \u0101das optim\u0101lajam pH l\u012bmenim. T\u0101d\u0113j\u0101di produkts neitraliz\u0113 teko\u0161a \u016bdens agres\u012bvo iedarb\u012bbu, dezinfic\u0113 un saglab\u0101 mitrumu epidermas \u0161\u016bn\u0101s.<\/p>\n<p>Putas normaliz\u0113 taukainu \u0101du, atjauno lip\u012bdu barjeru un paaugstina epidermas aizsargfunkcijas.<\/p>\n<p>Suitable for all skin types.<\/p>\n<p><strong>How to use:<\/strong> Izmantojot s\u016bk\u0146a dozatoru, izspiediet nepiecie\u0161amo produkta daudzumu plaukst\u0101. Uzkl\u0101jiet putas pa visu seju ar mas\u0101\u017eas kust\u012bb\u0101m. Nomazg\u0101t ar siltu \u016bdeni.<\/p>\n<p><strong>Ingredientes: \u00a0<\/strong>Purified Water, Sodium Lauroylsarcosinate, Glycerin, Propylene Glycol, Lauric Acid, Caprylic\/Capric Triglyceride, Dimethyl Sulfone, Betaine, Stearic Acid. Spanish Licorice Root Extract, Potassium Hydroxide, Cypress Water, Stain Pineapple Extract, Butylene Glycol, Clofenesin, Tea Tree Leaf Oil, Peony Root Extract, Star Anise Extract, Lotus Extract, Grapefruit Extract, Golden Extract, 1,2 &#8211; Hexanediol, Capric Acid, Sodium Hyaluronate, Citric Acid, Panthenol, Pyridoxine HCL, Palmitic Acid, Araki Dick Acid, Propanediol, Oleic Acid, Lysine HCL, Sodium Ascorbyl Phosphate, Acetyl Methionine, Theanine, Proline, Molochia Leaf Extract, Bouillon Flower Extract. Flaxseed Extract, Okra Fruit Extract, Burdock Root Extract, Celery Extract, Turnip Leaf Extract, Rice Bran Extract, Cabbage Extract, Carrot Extract, Broccoli Extract, Tomato Fruit\/Leaf\/Stem Extract, Aloe Vera Leaf Juice, Tocopheryl Acetate, Papain, Purslane Extract, Centella asiatica Extract, Hydrolyzed Pea Protein, Phytosterol, Lecithin, Vegetable Squalane, Olive Oil, Beta-Glucan Ceramide N.P., Shea Butter, Ginseng Gallus Culture Extract Water, Sodium Lauroyl Sarcosinate, Glycerin, Propylen Glycol, Lauric Acid, Caprylic\/Capric Triglyceride, Sodium, Hyaluronate, Dimethyl Sulfone, Potassium Hydroxide, Glycyrrhiza Glabra (Licorice) Root Extract, Betaine, Stearic Acid, Chamaecyparis Obtusa Water, Ananas Sativus(Pineapple) Fruit Extract, Chlorphenesin, Melaleuca, Alternifolia (Tea Tree) Leaf Oil, Illicium Verum (Anise) Fruit Extract, Citrus Paradisi (Grapefruit) Fruit Extract, Nelumbium Speciosum Flower Extract, Paeonia Suffruticosa Root Extract, Scutellaria Baicalensis Root Extract, Panthenol, Citric Acid, Pyridoxine, Linum Usitatissimum (Linseed) Seed Extract, Hibiscus Esculentus, Fruit Extract, Aloe Barbadensis Leaf Juice, Arctium Lappa Root Extract, Hibiscus Mutabilis Flower Extract, Corchorus Olitorius Leaf Extract, Hydrolyzed Pea Protein, Lecithin, Olea Europaea (Olive) Fruit Oil, Phytosterols, Squalane, Butyrospermum Parkii (Shea Butter), Ceramide 3, Propanediol, Apium Graveolens (Celery) Extract, Brassica Oleracea Capitata (Cabbage) Leaf Extract, Brassica Oleracea Italica (Broccoli) Extract, Brassica Rapa Turnip) Leaf Extract, Daucus Carota Sativa (Carrot) Root Extract, Oryza Sativa (Rice) Bran Extract, Solanum, Lycopersicum (Tomato) Fruit\/Leaf\/Stem Extract, Lysine HCl, Proline, Sodium Ascorbyl Phosphate, Acetyl Methionine, Theanine, Tocopheryl Acetate, Panax Ginseng Callus Culture Extract, Piper Methysticum Leaf\/Root\/Stem Extract, Centella Asiatica Extract, Portulaca Oleracea Extract, Beta-Glucan, Papain<\/p>","protected":false},"excerpt":{"rendered":"<p>Mitrino\u0161as sk\u0101bek\u013ca putas mazg\u0101\u0161anai Dear, Klairs Rich Moist Foaming Cleanser maigai un maigai \u0101das att\u012br\u012b\u0161anai no kosm\u0113tikas atlikumiem, da\u017e\u0101diem pies\u0101r\u0146ot\u0101jiem un putek\u013ciem. Sk\u0101bek\u013ca put\u0101m piem\u012bt maiga p\u012blinga iedarb\u012bba, saglab\u0101jot nepiecie\u0161amo mitruma l\u012bmeni \u0101d\u0101, neizraisa sausuma un lob\u012b\u0161an\u0101s par\u0101d\u012b\u0161anos. At\u0161\u0137ir\u012bb\u0101 no vairuma citu t\u012br\u012b\u0161anas l\u012bdzek\u013cu, \u0161\u012b l\u012bdzek\u013ca pamat\u0101 ir nevis sulf\u0101ti, bet gan aminosk\u0101bju formula, t\u0101p\u0113c [&hellip;]<\/p>\n","protected":false},"featured_media":11197,"comment_status":"open","ping_status":"closed","template":"","meta":{"site-sidebar-layout":"default","site-content-layout":"","ast-site-content-layout":"","site-content-style":"default","site-sidebar-style":"default","ast-global-header-display":"","ast-banner-title-visibility":"","ast-main-header-display":"","ast-hfb-above-header-display":"","ast-hfb-below-header-display":"","ast-hfb-mobile-header-display":"","site-post-title":"","ast-breadcrumbs-content":"","ast-featured-img":"","footer-sml-layout":"","theme-transparent-header-meta":"","adv-header-id-meta":"","stick-header-meta":"","header-above-stick-meta":"","header-main-stick-meta":"","header-below-stick-meta":"","astra-migrate-meta-layouts":"default","ast-page-background-enabled":"default","ast-page-background-meta":{"desktop":{"background-color":"var(--ast-global-color-4)","background-image":"","background-repeat":"repeat","background-position":"center center","background-size":"auto","background-attachment":"scroll","background-type":"","background-media":"","overlay-type":"","overlay-color":"","overlay-opacity":"","overlay-gradient":""},"tablet":{"background-color":"","background-image":"","background-repeat":"repeat","background-position":"center center","background-size":"auto","background-attachment":"scroll","background-type":"","background-media":"","overlay-type":"","overlay-color":"","overlay-opacity":"","overlay-gradient":""},"mobile":{"background-color":"","background-image":"","background-repeat":"repeat","background-position":"center center","background-size":"auto","background-attachment":"scroll","background-type":"","background-media":"","overlay-type":"","overlay-color":"","overlay-opacity":"","overlay-gradient":""}},"ast-content-background-meta":{"desktop":{"background-color":"var(--ast-global-color-5)","background-image":"","background-repeat":"repeat","background-position":"center center","background-size":"auto","background-attachment":"scroll","background-type":"","background-media":"","overlay-type":"","overlay-color":"","overlay-opacity":"","overlay-gradient":""},"tablet":{"background-color":"var(--ast-global-color-5)","background-image":"","background-repeat":"repeat","background-position":"center center","background-size":"auto","background-attachment":"scroll","background-type":"","background-media":"","overlay-type":"","overlay-color":"","overlay-opacity":"","overlay-gradient":""},"mobile":{"background-color":"var(--ast-global-color-5)","background-image":"","background-repeat":"repeat","background-position":"center center","background-size":"auto","background-attachment":"scroll","background-type":"","background-media":"","overlay-type":"","overlay-color":"","overlay-opacity":"","overlay-gradient":""}}},"product_brand":[],"product_cat":[310,311,312,380,313,381,317,379,314],"product_tag":[],"berocket_brand":[630],"class_list":{"0":"post-11196","1":"product","2":"type-product","3":"status-publish","4":"has-post-thumbnail","6":"product_cat-attirisana","7":"product_cat-jutigai-adai-attirisana","8":"product_cat-kombinetai-adai-attirisana","9":"product_cat-kombinetai-adai","10":"product_cat-problematiskai-adai-attirisana","11":"product_cat-problematiskai-un-taukainai-adai","12":"product_cat-sausai-adai-attirisana","13":"product_cat-sausai-adai-anti-age","14":"product_cat-taukainai-adai-attirisana","15":"berocket_brand-dear-klairs","16":"desktop-align-left","17":"tablet-align-left","18":"mobile-align-left","20":"first","21":"outofstock","22":"taxable","23":"shipping-taxable","24":"purchasable","25":"product-type-simple","26":"add-to-wishlist-before_image"},"yoast_head":"<!-- This site is optimized with the Yoast SEO plugin v27.3 - https:\/\/yoast.com\/product\/yoast-seo-wordpress\/ -->\n<title>Dear, Klairs Rich Moist Foaming Cleanser 100ml - FACECORNER<\/title>\n<meta name=\"robots\" content=\"index, follow, max-snippet:-1, max-image-preview:large, max-video-preview:-1\" \/>\n<link rel=\"canonical\" href=\"https:\/\/www.facecorner.lv\/en\/shop\/dear-klairs-rich-moist-foaming-cleanser-100ml\/\" \/>\n<meta property=\"og:locale\" content=\"en_US\" \/>\n<meta property=\"og:type\" content=\"article\" \/>\n<meta property=\"og:title\" content=\"Dear, Klairs Rich Moist Foaming Cleanser 100ml - FACECORNER\" \/>\n<meta property=\"og:description\" content=\"Mitrino\u0161as sk\u0101bek\u013ca putas mazg\u0101\u0161anai Dear, Klairs Rich Moist Foaming Cleanser maigai un maigai \u0101das att\u012br\u012b\u0161anai no kosm\u0113tikas atlikumiem, da\u017e\u0101diem pies\u0101r\u0146ot\u0101jiem un putek\u013ciem. Sk\u0101bek\u013ca put\u0101m piem\u012bt maiga p\u012blinga iedarb\u012bba, saglab\u0101jot nepiecie\u0161amo mitruma l\u012bmeni \u0101d\u0101, neizraisa sausuma un lob\u012b\u0161an\u0101s par\u0101d\u012b\u0161anos. At\u0161\u0137ir\u012bb\u0101 no vairuma citu t\u012br\u012b\u0161anas l\u012bdzek\u013cu, \u0161\u012b l\u012bdzek\u013ca pamat\u0101 ir nevis sulf\u0101ti, bet gan aminosk\u0101bju formula, t\u0101p\u0113c [&hellip;]\" \/>\n<meta property=\"og:url\" content=\"https:\/\/www.facecorner.lv\/en\/shop\/dear-klairs-rich-moist-foaming-cleanser-100ml\/\" \/>\n<meta property=\"og:site_name\" content=\"FACECORNER\" \/>\n<meta property=\"article:publisher\" content=\"https:\/\/www.facebook.com\/profile.php?id=100063824551839\" \/>\n<meta property=\"article:modified_time\" content=\"2025-09-02T07:43:17+00:00\" \/>\n<meta property=\"og:image\" content=\"https:\/\/www.facecorner.lv\/wp-content\/uploads\/2023\/06\/61Qwyv1vphL.jpg\" \/>\n\t<meta property=\"og:image:width\" content=\"1080\" \/>\n\t<meta property=\"og:image:height\" content=\"1080\" \/>\n\t<meta property=\"og:image:type\" content=\"image\/jpeg\" \/>\n<meta name=\"twitter:card\" content=\"summary_large_image\" \/>\n<meta name=\"twitter:label1\" content=\"Price\" \/>\n\t<meta name=\"twitter:data1\" content=\"&euro;23.00\" \/>\n\t<meta name=\"twitter:label2\" content=\"Availability\" \/>\n\t<meta name=\"twitter:data2\" content=\"Out of stock\" \/>\n<script type=\"application\/ld+json\" class=\"yoast-schema-graph\">{\"@context\":\"https:\\\/\\\/schema.org\",\"@graph\":[{\"@type\":\"WebPage\",\"@id\":\"https:\\\/\\\/www.facecorner.lv\\\/shop\\\/dear-klairs-rich-moist-foaming-cleanser-100ml\\\/\",\"url\":\"https:\\\/\\\/www.facecorner.lv\\\/shop\\\/dear-klairs-rich-moist-foaming-cleanser-100ml\\\/\",\"name\":\"Dear, Klairs Rich Moist Foaming Cleanser 100ml - FACECORNER\",\"isPartOf\":{\"@id\":\"https:\\\/\\\/www.facecorner.lv\\\/#website\"},\"primaryImageOfPage\":{\"@id\":\"https:\\\/\\\/www.facecorner.lv\\\/shop\\\/dear-klairs-rich-moist-foaming-cleanser-100ml\\\/#primaryimage\"},\"image\":{\"@id\":\"https:\\\/\\\/www.facecorner.lv\\\/shop\\\/dear-klairs-rich-moist-foaming-cleanser-100ml\\\/#primaryimage\"},\"thumbnailUrl\":\"https:\\\/\\\/www.facecorner.lv\\\/wp-content\\\/uploads\\\/2023\\\/06\\\/61Qwyv1vphL.jpg\",\"datePublished\":\"2023-06-21T09:11:56+00:00\",\"dateModified\":\"2025-09-02T07:43:17+00:00\",\"breadcrumb\":{\"@id\":\"https:\\\/\\\/www.facecorner.lv\\\/shop\\\/dear-klairs-rich-moist-foaming-cleanser-100ml\\\/#breadcrumb\"},\"inLanguage\":\"en-US\",\"potentialAction\":[{\"@type\":\"ReadAction\",\"target\":[\"https:\\\/\\\/www.facecorner.lv\\\/shop\\\/dear-klairs-rich-moist-foaming-cleanser-100ml\\\/\"]}]},{\"@type\":\"ImageObject\",\"inLanguage\":\"en-US\",\"@id\":\"https:\\\/\\\/www.facecorner.lv\\\/shop\\\/dear-klairs-rich-moist-foaming-cleanser-100ml\\\/#primaryimage\",\"url\":\"https:\\\/\\\/www.facecorner.lv\\\/wp-content\\\/uploads\\\/2023\\\/06\\\/61Qwyv1vphL.jpg\",\"contentUrl\":\"https:\\\/\\\/www.facecorner.lv\\\/wp-content\\\/uploads\\\/2023\\\/06\\\/61Qwyv1vphL.jpg\",\"width\":1080,\"height\":1080},{\"@type\":\"BreadcrumbList\",\"@id\":\"https:\\\/\\\/www.facecorner.lv\\\/shop\\\/dear-klairs-rich-moist-foaming-cleanser-100ml\\\/#breadcrumb\",\"itemListElement\":[{\"@type\":\"ListItem\",\"position\":1,\"name\":\"Home\",\"item\":\"https:\\\/\\\/www.facecorner.lv\\\/\"},{\"@type\":\"ListItem\",\"position\":2,\"name\":\"Veikals\",\"item\":\"https:\\\/\\\/www.facecorner.lv\\\/shop\\\/\"},{\"@type\":\"ListItem\",\"position\":3,\"name\":\"Dear, Klairs Rich Moist Foaming Cleanser 100ml\"}]},{\"@type\":\"WebSite\",\"@id\":\"https:\\\/\\\/www.facecorner.lv\\\/#website\",\"url\":\"https:\\\/\\\/www.facecorner.lv\\\/\",\"name\":\"Facecorner\",\"description\":\"\",\"publisher\":{\"@id\":\"https:\\\/\\\/www.facecorner.lv\\\/#organization\"},\"potentialAction\":[{\"@type\":\"SearchAction\",\"target\":{\"@type\":\"EntryPoint\",\"urlTemplate\":\"https:\\\/\\\/www.facecorner.lv\\\/?s={search_term_string}\"},\"query-input\":{\"@type\":\"PropertyValueSpecification\",\"valueRequired\":true,\"valueName\":\"search_term_string\"}}],\"inLanguage\":\"en-US\"},{\"@type\":\"Organization\",\"@id\":\"https:\\\/\\\/www.facecorner.lv\\\/#organization\",\"name\":\"Facecorner\",\"url\":\"https:\\\/\\\/www.facecorner.lv\\\/\",\"logo\":{\"@type\":\"ImageObject\",\"inLanguage\":\"en-US\",\"@id\":\"https:\\\/\\\/www.facecorner.lv\\\/#\\\/schema\\\/logo\\\/image\\\/\",\"url\":\"https:\\\/\\\/www.facecorner.lv\\\/wp-content\\\/uploads\\\/2024\\\/04\\\/fc-logo.jpg\",\"contentUrl\":\"https:\\\/\\\/www.facecorner.lv\\\/wp-content\\\/uploads\\\/2024\\\/04\\\/fc-logo.jpg\",\"width\":174,\"height\":28,\"caption\":\"Facecorner\"},\"image\":{\"@id\":\"https:\\\/\\\/www.facecorner.lv\\\/#\\\/schema\\\/logo\\\/image\\\/\"},\"sameAs\":[\"https:\\\/\\\/www.facebook.com\\\/profile.php?id=100063824551839\",\"https:\\\/\\\/www.instagram.com\\\/facecorner_shop\\\/\"]}]}<\/script>\n<meta property=\"product:price:amount\" content=\"23.00\" \/>\n<meta property=\"product:price:currency\" content=\"EUR\" \/>\n<meta property=\"og:availability\" content=\"out of stock\" \/>\n<meta property=\"product:availability\" content=\"out of stock\" \/>\n<meta property=\"product:condition\" content=\"new\" \/>\n<!-- \/ Yoast SEO plugin. -->","yoast_head_json":{"title":"Dear, Klairs Rich Moist Foaming Cleanser 100ml - FACECORNER","robots":{"index":"index","follow":"follow","max-snippet":"max-snippet:-1","max-image-preview":"max-image-preview:large","max-video-preview":"max-video-preview:-1"},"canonical":"https:\/\/www.facecorner.lv\/en\/shop\/dear-klairs-rich-moist-foaming-cleanser-100ml\/","og_locale":"en_US","og_type":"article","og_title":"Dear, Klairs Rich Moist Foaming Cleanser 100ml - FACECORNER","og_description":"Mitrino\u0161as sk\u0101bek\u013ca putas mazg\u0101\u0161anai Dear, Klairs Rich Moist Foaming Cleanser maigai un maigai \u0101das att\u012br\u012b\u0161anai no kosm\u0113tikas atlikumiem, da\u017e\u0101diem pies\u0101r\u0146ot\u0101jiem un putek\u013ciem. Sk\u0101bek\u013ca put\u0101m piem\u012bt maiga p\u012blinga iedarb\u012bba, saglab\u0101jot nepiecie\u0161amo mitruma l\u012bmeni \u0101d\u0101, neizraisa sausuma un lob\u012b\u0161an\u0101s par\u0101d\u012b\u0161anos. At\u0161\u0137ir\u012bb\u0101 no vairuma citu t\u012br\u012b\u0161anas l\u012bdzek\u013cu, \u0161\u012b l\u012bdzek\u013ca pamat\u0101 ir nevis sulf\u0101ti, bet gan aminosk\u0101bju formula, t\u0101p\u0113c [&hellip;]","og_url":"https:\/\/www.facecorner.lv\/en\/shop\/dear-klairs-rich-moist-foaming-cleanser-100ml\/","og_site_name":"FACECORNER","article_publisher":"https:\/\/www.facebook.com\/profile.php?id=100063824551839","article_modified_time":"2025-09-02T07:43:17+00:00","og_image":[{"width":1080,"height":1080,"url":"https:\/\/www.facecorner.lv\/wp-content\/uploads\/2023\/06\/61Qwyv1vphL.jpg","type":"image\/jpeg"}],"twitter_card":"summary_large_image","twitter_misc":{"Price":"&euro;23.00","Availability":"Out of stock"},"schema":{"@context":"https:\/\/schema.org","@graph":[{"@type":"WebPage","@id":"https:\/\/www.facecorner.lv\/shop\/dear-klairs-rich-moist-foaming-cleanser-100ml\/","url":"https:\/\/www.facecorner.lv\/shop\/dear-klairs-rich-moist-foaming-cleanser-100ml\/","name":"Dear, Klairs Rich Moist Foaming Cleanser 100ml - FACECORNER","isPartOf":{"@id":"https:\/\/www.facecorner.lv\/#website"},"primaryImageOfPage":{"@id":"https:\/\/www.facecorner.lv\/shop\/dear-klairs-rich-moist-foaming-cleanser-100ml\/#primaryimage"},"image":{"@id":"https:\/\/www.facecorner.lv\/shop\/dear-klairs-rich-moist-foaming-cleanser-100ml\/#primaryimage"},"thumbnailUrl":"https:\/\/www.facecorner.lv\/wp-content\/uploads\/2023\/06\/61Qwyv1vphL.jpg","datePublished":"2023-06-21T09:11:56+00:00","dateModified":"2025-09-02T07:43:17+00:00","breadcrumb":{"@id":"https:\/\/www.facecorner.lv\/shop\/dear-klairs-rich-moist-foaming-cleanser-100ml\/#breadcrumb"},"inLanguage":"en-US","potentialAction":[{"@type":"ReadAction","target":["https:\/\/www.facecorner.lv\/shop\/dear-klairs-rich-moist-foaming-cleanser-100ml\/"]}]},{"@type":"ImageObject","inLanguage":"en-US","@id":"https:\/\/www.facecorner.lv\/shop\/dear-klairs-rich-moist-foaming-cleanser-100ml\/#primaryimage","url":"https:\/\/www.facecorner.lv\/wp-content\/uploads\/2023\/06\/61Qwyv1vphL.jpg","contentUrl":"https:\/\/www.facecorner.lv\/wp-content\/uploads\/2023\/06\/61Qwyv1vphL.jpg","width":1080,"height":1080},{"@type":"BreadcrumbList","@id":"https:\/\/www.facecorner.lv\/shop\/dear-klairs-rich-moist-foaming-cleanser-100ml\/#breadcrumb","itemListElement":[{"@type":"ListItem","position":1,"name":"Home","item":"https:\/\/www.facecorner.lv\/"},{"@type":"ListItem","position":2,"name":"Veikals","item":"https:\/\/www.facecorner.lv\/shop\/"},{"@type":"ListItem","position":3,"name":"Dear, Klairs Rich Moist Foaming Cleanser 100ml"}]},{"@type":"WebSite","@id":"https:\/\/www.facecorner.lv\/#website","url":"https:\/\/www.facecorner.lv\/","name":"Facecorner","description":"","publisher":{"@id":"https:\/\/www.facecorner.lv\/#organization"},"potentialAction":[{"@type":"SearchAction","target":{"@type":"EntryPoint","urlTemplate":"https:\/\/www.facecorner.lv\/?s={search_term_string}"},"query-input":{"@type":"PropertyValueSpecification","valueRequired":true,"valueName":"search_term_string"}}],"inLanguage":"en-US"},{"@type":"Organization","@id":"https:\/\/www.facecorner.lv\/#organization","name":"Facecorner","url":"https:\/\/www.facecorner.lv\/","logo":{"@type":"ImageObject","inLanguage":"en-US","@id":"https:\/\/www.facecorner.lv\/#\/schema\/logo\/image\/","url":"https:\/\/www.facecorner.lv\/wp-content\/uploads\/2024\/04\/fc-logo.jpg","contentUrl":"https:\/\/www.facecorner.lv\/wp-content\/uploads\/2024\/04\/fc-logo.jpg","width":174,"height":28,"caption":"Facecorner"},"image":{"@id":"https:\/\/www.facecorner.lv\/#\/schema\/logo\/image\/"},"sameAs":["https:\/\/www.facebook.com\/profile.php?id=100063824551839","https:\/\/www.instagram.com\/facecorner_shop\/"]}]},"product_price_amount":"23.00","product_price_currency":"EUR","og_availability":"out of stock","product_availability":"out of stock","product_condition":"new"},"_links":{"self":[{"href":"https:\/\/www.facecorner.lv\/en\/wp-json\/wp\/v2\/product\/11196","targetHints":{"allow":["GET"]}}],"collection":[{"href":"https:\/\/www.facecorner.lv\/en\/wp-json\/wp\/v2\/product"}],"about":[{"href":"https:\/\/www.facecorner.lv\/en\/wp-json\/wp\/v2\/types\/product"}],"replies":[{"embeddable":true,"href":"https:\/\/www.facecorner.lv\/en\/wp-json\/wp\/v2\/comments?post=11196"}],"wp:featuredmedia":[{"embeddable":true,"href":"https:\/\/www.facecorner.lv\/en\/wp-json\/wp\/v2\/media\/11197"}],"wp:attachment":[{"href":"https:\/\/www.facecorner.lv\/en\/wp-json\/wp\/v2\/media?parent=11196"}],"wp:term":[{"taxonomy":"product_brand","embeddable":true,"href":"https:\/\/www.facecorner.lv\/en\/wp-json\/wp\/v2\/product_brand?post=11196"},{"taxonomy":"product_cat","embeddable":true,"href":"https:\/\/www.facecorner.lv\/en\/wp-json\/wp\/v2\/product_cat?post=11196"},{"taxonomy":"product_tag","embeddable":true,"href":"https:\/\/www.facecorner.lv\/en\/wp-json\/wp\/v2\/product_tag?post=11196"},{"taxonomy":"berocket_brand","embeddable":true,"href":"https:\/\/www.facecorner.lv\/en\/wp-json\/wp\/v2\/berocket_brand?post=11196"}],"curies":[{"name":"wp","href":"https:\/\/api.w.org\/{rel}","templated":true}]}}