{"id":11194,"date":"2023-06-21T11:05:23","date_gmt":"2023-06-21T09:05:23","guid":{"rendered":"https:\/\/www.facecorner.lv\/?post_type=product&#038;p=11194"},"modified":"2024-11-27T14:41:53","modified_gmt":"2024-11-27T11:41:53","slug":"dear-klairs-fundamental-watery-gel-cream-70ml","status":"publish","type":"product","link":"https:\/\/www.facecorner.lv\/en\/shop\/dear-klairs-fundamental-watery-gel-cream-70ml\/","title":{"rendered":"Dear, Klairs Fundamental Watery Gel Cream 70ml"},"content":{"rendered":"<p>Dear, Klairs Fundamental Watery Gel Cream Antioksidanta sejas \u017eeleja ar za\u013co t\u0113ju un pantenolu maigi atsvaidzina un efekt\u012bvi mitrina \u0101du. Produktam ir sp\u0113c\u012bga antioksidanta iedarb\u012bba. Pateicoties hidroemulsifik\u0101cijas sist\u0113mai (Hydra Emulsification System), kas tika izmantota \u017eelejas izveido\u0161anai, produkts \u0101tri un viegli uzs\u016bcas, un akt\u012bv\u0101s sast\u0101vda\u013cas efekt\u012bvi ies\u016bcas dzi\u013ci \u0101d\u0101.<\/p>\n<p>Main active ingredients:<\/p>\n<ul>\n<li>Za\u013c\u0101s t\u0113jas \u016bdens (63,7%) lieliski mazina kairin\u0101jumu, piem\u012bt antibakteri\u0101las \u012bpa\u0161\u012bbas, padara \u0101du tvirtu un elast\u012bgu, izl\u012bdzina grumbas, uzlabo sejas kr\u0101su.<\/li>\n<li>Pantenols (B5 vitam\u012bns) nov\u0113r\u0161 iekaisumu, saglab\u0101 mitrumu \u0101d\u0101 un pa\u0101trina \u0161\u016bnu atjauno\u0161anos.<\/li>\n<li>Hialuronsk\u0101be pal\u012bdz pal\u0113nin\u0101t noveco\u0161an\u0101s procesus, palielinot kolag\u0113na un elast\u012bna sint\u0113zi, t\u0101d\u0113j\u0101di izl\u012bdzinot s\u012bk\u0101s krunci\u0146as, un sejai ir pies\u0101tin\u0101ta kr\u0101sa un vesel\u012bgs, kopts izskats.<\/li>\n<\/ul>\n<p>Piem\u0113rots visiem \u0101das tipiem, ar\u012b taukainai, problem\u0101tiskai, dehidr\u0113tai.<\/p>\n<p><strong>How to use:<\/strong> uzkl\u0101jiet uz sejas \u0101das kop\u0161anas beigu posm\u0101 ar viegl\u0101m mas\u0101\u017eas kust\u012bb\u0101m.<\/p>\n<p><strong>Ingredientes: \u00a0<\/strong>Camellia Sinensis Leaf Water, Butylene Glycol, Glycerin, Aqua (Water), Ethylhexyl Palmitate, Cetyl Ethylhexanoate, 1,2-Hexanediol, Pentaerythrityl Tetraethylhexanoate, Panthenol, Oryza Sativa (Rice) Extract, HibiscusEsculentus Fruit Extract, Camellia Sinensis Leaf Extract, Laminaria Japonica Extract, Artemisia Vulgaris Extract, Centella Asiatica Extract, Rosmarinus Officinalis (Rosemary) Leaf Extract, Phytosphingosine, Caproyl Sphingosine, Tocopherol, Glyceryl glucoside, Hydrolyzed Hyaluronic Acid, Trehalose, Jojoba Esters, Helianthus Annuus (Sunflower) Seed Oil, Hydrolyzed Jojoba Esters, Glyceryl Acrylate\/Acrylic Acid Copolymer, Cetyl Alcohol, Hydrogenated Lecithin, Ammonium Acryloyldimethyltaurate\/VP Copolymer, Hydrogenated Polydecene, Ethylhexylglycerin, Cyclohexasiloxane.<\/p>","protected":false},"excerpt":{"rendered":"<p>Dear, Klairs Fundamental Watery Gel Cream Antioksidanta sejas \u017eeleja ar za\u013co t\u0113ju un pantenolu maigi atsvaidzina un efekt\u012bvi mitrina \u0101du. Produktam ir sp\u0113c\u012bga antioksidanta iedarb\u012bba. Pateicoties hidroemulsifik\u0101cijas sist\u0113mai (Hydra Emulsification System), kas tika izmantota \u017eelejas izveido\u0161anai, produkts \u0101tri un viegli uzs\u016bcas, un akt\u012bv\u0101s sast\u0101vda\u013cas efekt\u012bvi ies\u016bcas dzi\u013ci \u0101d\u0101. Galven\u0101s akt\u012bv\u0101s sast\u0101vda\u013cas: Za\u013c\u0101s t\u0113jas \u016bdens (63,7%) [&hellip;]<\/p>\n","protected":false},"featured_media":11195,"comment_status":"open","ping_status":"closed","template":"","meta":{"site-sidebar-layout":"default","site-content-layout":"","ast-site-content-layout":"","site-content-style":"default","site-sidebar-style":"default","ast-global-header-display":"","ast-banner-title-visibility":"","ast-main-header-display":"","ast-hfb-above-header-display":"","ast-hfb-below-header-display":"","ast-hfb-mobile-header-display":"","site-post-title":"","ast-breadcrumbs-content":"","ast-featured-img":"","footer-sml-layout":"","theme-transparent-header-meta":"","adv-header-id-meta":"","stick-header-meta":"","header-above-stick-meta":"","header-main-stick-meta":"","header-below-stick-meta":"","astra-migrate-meta-layouts":"default","ast-page-background-enabled":"default","ast-page-background-meta":{"desktop":{"background-color":"var(--ast-global-color-4)","background-image":"","background-repeat":"repeat","background-position":"center center","background-size":"auto","background-attachment":"scroll","background-type":"","background-media":"","overlay-type":"","overlay-color":"","overlay-opacity":"","overlay-gradient":""},"tablet":{"background-color":"","background-image":"","background-repeat":"repeat","background-position":"center center","background-size":"auto","background-attachment":"scroll","background-type":"","background-media":"","overlay-type":"","overlay-color":"","overlay-opacity":"","overlay-gradient":""},"mobile":{"background-color":"","background-image":"","background-repeat":"repeat","background-position":"center center","background-size":"auto","background-attachment":"scroll","background-type":"","background-media":"","overlay-type":"","overlay-color":"","overlay-opacity":"","overlay-gradient":""}},"ast-content-background-meta":{"desktop":{"background-color":"var(--ast-global-color-5)","background-image":"","background-repeat":"repeat","background-position":"center center","background-size":"auto","background-attachment":"scroll","background-type":"","background-media":"","overlay-type":"","overlay-color":"","overlay-opacity":"","overlay-gradient":""},"tablet":{"background-color":"var(--ast-global-color-5)","background-image":"","background-repeat":"repeat","background-position":"center center","background-size":"auto","background-attachment":"scroll","background-type":"","background-media":"","overlay-type":"","overlay-color":"","overlay-opacity":"","overlay-gradient":""},"mobile":{"background-color":"var(--ast-global-color-5)","background-image":"","background-repeat":"repeat","background-position":"center center","background-size":"auto","background-attachment":"scroll","background-type":"","background-media":"","overlay-type":"","overlay-color":"","overlay-opacity":"","overlay-gradient":""}}},"product_brand":[],"product_cat":[380,366,369,381,362],"product_tag":[],"berocket_brand":[],"class_list":{"0":"post-11194","1":"product","2":"type-product","3":"status-publish","4":"has-post-thumbnail","6":"product_cat-kombinetai-adai","7":"product_cat-mitrinoss","8":"product_cat-problematiskai-adai-sejas-krems","9":"product_cat-problematiskai-un-taukainai-adai","10":"product_cat-sejas-krems","11":"desktop-align-left","12":"tablet-align-left","13":"mobile-align-left","15":"first","16":"outofstock","17":"taxable","18":"shipping-taxable","19":"purchasable","20":"product-type-simple","21":"add-to-wishlist-before_image"},"yoast_head":"<!-- This site is optimized with the Yoast SEO plugin v27.4 - https:\/\/yoast.com\/product\/yoast-seo-wordpress\/ -->\n<title>Dear, Klairs Fundamental Watery Gel Cream 70ml - FACECORNER<\/title>\n<meta name=\"robots\" content=\"index, follow, max-snippet:-1, max-image-preview:large, max-video-preview:-1\" \/>\n<link rel=\"canonical\" href=\"https:\/\/www.facecorner.lv\/en\/shop\/dear-klairs-fundamental-watery-gel-cream-70ml\/\" \/>\n<meta property=\"og:locale\" content=\"en_US\" \/>\n<meta property=\"og:type\" content=\"article\" \/>\n<meta property=\"og:title\" content=\"Dear, Klairs Fundamental Watery Gel Cream 70ml - FACECORNER\" \/>\n<meta property=\"og:description\" content=\"Dear, Klairs Fundamental Watery Gel Cream Antioksidanta sejas \u017eeleja ar za\u013co t\u0113ju un pantenolu maigi atsvaidzina un efekt\u012bvi mitrina \u0101du. Produktam ir sp\u0113c\u012bga antioksidanta iedarb\u012bba. Pateicoties hidroemulsifik\u0101cijas sist\u0113mai (Hydra Emulsification System), kas tika izmantota \u017eelejas izveido\u0161anai, produkts \u0101tri un viegli uzs\u016bcas, un akt\u012bv\u0101s sast\u0101vda\u013cas efekt\u012bvi ies\u016bcas dzi\u013ci \u0101d\u0101. Galven\u0101s akt\u012bv\u0101s sast\u0101vda\u013cas: Za\u013c\u0101s t\u0113jas \u016bdens (63,7%) [&hellip;]\" \/>\n<meta property=\"og:url\" content=\"https:\/\/www.facecorner.lv\/en\/shop\/dear-klairs-fundamental-watery-gel-cream-70ml\/\" \/>\n<meta property=\"og:site_name\" content=\"FACECORNER\" \/>\n<meta property=\"article:publisher\" content=\"https:\/\/www.facebook.com\/profile.php?id=100063824551839\" \/>\n<meta property=\"article:modified_time\" content=\"2024-11-27T11:41:53+00:00\" \/>\n<meta property=\"og:image\" content=\"https:\/\/www.facecorner.lv\/wp-content\/uploads\/2023\/06\/51B7XudmImS.jpg\" \/>\n\t<meta property=\"og:image:width\" content=\"1080\" \/>\n\t<meta property=\"og:image:height\" content=\"1080\" \/>\n\t<meta property=\"og:image:type\" content=\"image\/jpeg\" \/>\n<meta name=\"twitter:card\" content=\"summary_large_image\" \/>\n<meta name=\"twitter:label1\" content=\"Price\" \/>\n\t<meta name=\"twitter:data1\" content=\"&euro;34.00\" \/>\n\t<meta name=\"twitter:label2\" content=\"Availability\" \/>\n\t<meta name=\"twitter:data2\" content=\"Out of stock\" \/>\n<script type=\"application\/ld+json\" class=\"yoast-schema-graph\">{\"@context\":\"https:\\\/\\\/schema.org\",\"@graph\":[{\"@type\":\"WebPage\",\"@id\":\"https:\\\/\\\/www.facecorner.lv\\\/shop\\\/dear-klairs-fundamental-watery-gel-cream-70ml\\\/\",\"url\":\"https:\\\/\\\/www.facecorner.lv\\\/shop\\\/dear-klairs-fundamental-watery-gel-cream-70ml\\\/\",\"name\":\"Dear, Klairs Fundamental Watery Gel Cream 70ml - FACECORNER\",\"isPartOf\":{\"@id\":\"https:\\\/\\\/www.facecorner.lv\\\/#website\"},\"primaryImageOfPage\":{\"@id\":\"https:\\\/\\\/www.facecorner.lv\\\/shop\\\/dear-klairs-fundamental-watery-gel-cream-70ml\\\/#primaryimage\"},\"image\":{\"@id\":\"https:\\\/\\\/www.facecorner.lv\\\/shop\\\/dear-klairs-fundamental-watery-gel-cream-70ml\\\/#primaryimage\"},\"thumbnailUrl\":\"https:\\\/\\\/www.facecorner.lv\\\/wp-content\\\/uploads\\\/2023\\\/06\\\/51B7XudmImS.jpg\",\"datePublished\":\"2023-06-21T09:05:23+00:00\",\"dateModified\":\"2024-11-27T11:41:53+00:00\",\"breadcrumb\":{\"@id\":\"https:\\\/\\\/www.facecorner.lv\\\/shop\\\/dear-klairs-fundamental-watery-gel-cream-70ml\\\/#breadcrumb\"},\"inLanguage\":\"en-US\",\"potentialAction\":[{\"@type\":\"ReadAction\",\"target\":[\"https:\\\/\\\/www.facecorner.lv\\\/shop\\\/dear-klairs-fundamental-watery-gel-cream-70ml\\\/\"]}]},{\"@type\":\"ImageObject\",\"inLanguage\":\"en-US\",\"@id\":\"https:\\\/\\\/www.facecorner.lv\\\/shop\\\/dear-klairs-fundamental-watery-gel-cream-70ml\\\/#primaryimage\",\"url\":\"https:\\\/\\\/www.facecorner.lv\\\/wp-content\\\/uploads\\\/2023\\\/06\\\/51B7XudmImS.jpg\",\"contentUrl\":\"https:\\\/\\\/www.facecorner.lv\\\/wp-content\\\/uploads\\\/2023\\\/06\\\/51B7XudmImS.jpg\",\"width\":1080,\"height\":1080},{\"@type\":\"BreadcrumbList\",\"@id\":\"https:\\\/\\\/www.facecorner.lv\\\/shop\\\/dear-klairs-fundamental-watery-gel-cream-70ml\\\/#breadcrumb\",\"itemListElement\":[{\"@type\":\"ListItem\",\"position\":1,\"name\":\"Home\",\"item\":\"https:\\\/\\\/www.facecorner.lv\\\/\"},{\"@type\":\"ListItem\",\"position\":2,\"name\":\"Veikals\",\"item\":\"https:\\\/\\\/www.facecorner.lv\\\/shop\\\/\"},{\"@type\":\"ListItem\",\"position\":3,\"name\":\"Dear, Klairs Fundamental Watery Gel Cream 70ml\"}]},{\"@type\":\"WebSite\",\"@id\":\"https:\\\/\\\/www.facecorner.lv\\\/#website\",\"url\":\"https:\\\/\\\/www.facecorner.lv\\\/\",\"name\":\"Facecorner\",\"description\":\"\",\"publisher\":{\"@id\":\"https:\\\/\\\/www.facecorner.lv\\\/#organization\"},\"potentialAction\":[{\"@type\":\"SearchAction\",\"target\":{\"@type\":\"EntryPoint\",\"urlTemplate\":\"https:\\\/\\\/www.facecorner.lv\\\/?s={search_term_string}\"},\"query-input\":{\"@type\":\"PropertyValueSpecification\",\"valueRequired\":true,\"valueName\":\"search_term_string\"}}],\"inLanguage\":\"en-US\"},{\"@type\":\"Organization\",\"@id\":\"https:\\\/\\\/www.facecorner.lv\\\/#organization\",\"name\":\"Facecorner\",\"url\":\"https:\\\/\\\/www.facecorner.lv\\\/\",\"logo\":{\"@type\":\"ImageObject\",\"inLanguage\":\"en-US\",\"@id\":\"https:\\\/\\\/www.facecorner.lv\\\/#\\\/schema\\\/logo\\\/image\\\/\",\"url\":\"https:\\\/\\\/www.facecorner.lv\\\/wp-content\\\/uploads\\\/2024\\\/04\\\/fc-logo.jpg\",\"contentUrl\":\"https:\\\/\\\/www.facecorner.lv\\\/wp-content\\\/uploads\\\/2024\\\/04\\\/fc-logo.jpg\",\"width\":174,\"height\":28,\"caption\":\"Facecorner\"},\"image\":{\"@id\":\"https:\\\/\\\/www.facecorner.lv\\\/#\\\/schema\\\/logo\\\/image\\\/\"},\"sameAs\":[\"https:\\\/\\\/www.facebook.com\\\/profile.php?id=100063824551839\",\"https:\\\/\\\/www.instagram.com\\\/facecorner_shop\\\/\"]}]}<\/script>\n<meta property=\"product:price:amount\" content=\"34.00\" \/>\n<meta property=\"product:price:currency\" content=\"EUR\" \/>\n<meta property=\"og:availability\" content=\"out of stock\" \/>\n<meta property=\"product:availability\" content=\"out of stock\" \/>\n<meta property=\"product:condition\" content=\"new\" \/>\n<!-- \/ Yoast SEO plugin. -->","yoast_head_json":{"title":"Dear, Klairs Fundamental Watery Gel Cream 70ml - FACECORNER","robots":{"index":"index","follow":"follow","max-snippet":"max-snippet:-1","max-image-preview":"max-image-preview:large","max-video-preview":"max-video-preview:-1"},"canonical":"https:\/\/www.facecorner.lv\/en\/shop\/dear-klairs-fundamental-watery-gel-cream-70ml\/","og_locale":"en_US","og_type":"article","og_title":"Dear, Klairs Fundamental Watery Gel Cream 70ml - FACECORNER","og_description":"Dear, Klairs Fundamental Watery Gel Cream Antioksidanta sejas \u017eeleja ar za\u013co t\u0113ju un pantenolu maigi atsvaidzina un efekt\u012bvi mitrina \u0101du. Produktam ir sp\u0113c\u012bga antioksidanta iedarb\u012bba. Pateicoties hidroemulsifik\u0101cijas sist\u0113mai (Hydra Emulsification System), kas tika izmantota \u017eelejas izveido\u0161anai, produkts \u0101tri un viegli uzs\u016bcas, un akt\u012bv\u0101s sast\u0101vda\u013cas efekt\u012bvi ies\u016bcas dzi\u013ci \u0101d\u0101. Galven\u0101s akt\u012bv\u0101s sast\u0101vda\u013cas: Za\u013c\u0101s t\u0113jas \u016bdens (63,7%) [&hellip;]","og_url":"https:\/\/www.facecorner.lv\/en\/shop\/dear-klairs-fundamental-watery-gel-cream-70ml\/","og_site_name":"FACECORNER","article_publisher":"https:\/\/www.facebook.com\/profile.php?id=100063824551839","article_modified_time":"2024-11-27T11:41:53+00:00","og_image":[{"width":1080,"height":1080,"url":"https:\/\/www.facecorner.lv\/wp-content\/uploads\/2023\/06\/51B7XudmImS.jpg","type":"image\/jpeg"}],"twitter_card":"summary_large_image","twitter_misc":{"Price":"&euro;34.00","Availability":"Out of stock"},"schema":{"@context":"https:\/\/schema.org","@graph":[{"@type":"WebPage","@id":"https:\/\/www.facecorner.lv\/shop\/dear-klairs-fundamental-watery-gel-cream-70ml\/","url":"https:\/\/www.facecorner.lv\/shop\/dear-klairs-fundamental-watery-gel-cream-70ml\/","name":"Dear, Klairs Fundamental Watery Gel Cream 70ml - FACECORNER","isPartOf":{"@id":"https:\/\/www.facecorner.lv\/#website"},"primaryImageOfPage":{"@id":"https:\/\/www.facecorner.lv\/shop\/dear-klairs-fundamental-watery-gel-cream-70ml\/#primaryimage"},"image":{"@id":"https:\/\/www.facecorner.lv\/shop\/dear-klairs-fundamental-watery-gel-cream-70ml\/#primaryimage"},"thumbnailUrl":"https:\/\/www.facecorner.lv\/wp-content\/uploads\/2023\/06\/51B7XudmImS.jpg","datePublished":"2023-06-21T09:05:23+00:00","dateModified":"2024-11-27T11:41:53+00:00","breadcrumb":{"@id":"https:\/\/www.facecorner.lv\/shop\/dear-klairs-fundamental-watery-gel-cream-70ml\/#breadcrumb"},"inLanguage":"en-US","potentialAction":[{"@type":"ReadAction","target":["https:\/\/www.facecorner.lv\/shop\/dear-klairs-fundamental-watery-gel-cream-70ml\/"]}]},{"@type":"ImageObject","inLanguage":"en-US","@id":"https:\/\/www.facecorner.lv\/shop\/dear-klairs-fundamental-watery-gel-cream-70ml\/#primaryimage","url":"https:\/\/www.facecorner.lv\/wp-content\/uploads\/2023\/06\/51B7XudmImS.jpg","contentUrl":"https:\/\/www.facecorner.lv\/wp-content\/uploads\/2023\/06\/51B7XudmImS.jpg","width":1080,"height":1080},{"@type":"BreadcrumbList","@id":"https:\/\/www.facecorner.lv\/shop\/dear-klairs-fundamental-watery-gel-cream-70ml\/#breadcrumb","itemListElement":[{"@type":"ListItem","position":1,"name":"Home","item":"https:\/\/www.facecorner.lv\/"},{"@type":"ListItem","position":2,"name":"Veikals","item":"https:\/\/www.facecorner.lv\/shop\/"},{"@type":"ListItem","position":3,"name":"Dear, Klairs Fundamental Watery Gel Cream 70ml"}]},{"@type":"WebSite","@id":"https:\/\/www.facecorner.lv\/#website","url":"https:\/\/www.facecorner.lv\/","name":"Facecorner","description":"","publisher":{"@id":"https:\/\/www.facecorner.lv\/#organization"},"potentialAction":[{"@type":"SearchAction","target":{"@type":"EntryPoint","urlTemplate":"https:\/\/www.facecorner.lv\/?s={search_term_string}"},"query-input":{"@type":"PropertyValueSpecification","valueRequired":true,"valueName":"search_term_string"}}],"inLanguage":"en-US"},{"@type":"Organization","@id":"https:\/\/www.facecorner.lv\/#organization","name":"Facecorner","url":"https:\/\/www.facecorner.lv\/","logo":{"@type":"ImageObject","inLanguage":"en-US","@id":"https:\/\/www.facecorner.lv\/#\/schema\/logo\/image\/","url":"https:\/\/www.facecorner.lv\/wp-content\/uploads\/2024\/04\/fc-logo.jpg","contentUrl":"https:\/\/www.facecorner.lv\/wp-content\/uploads\/2024\/04\/fc-logo.jpg","width":174,"height":28,"caption":"Facecorner"},"image":{"@id":"https:\/\/www.facecorner.lv\/#\/schema\/logo\/image\/"},"sameAs":["https:\/\/www.facebook.com\/profile.php?id=100063824551839","https:\/\/www.instagram.com\/facecorner_shop\/"]}]},"product_price_amount":"34.00","product_price_currency":"EUR","og_availability":"out of stock","product_availability":"out of stock","product_condition":"new"},"_links":{"self":[{"href":"https:\/\/www.facecorner.lv\/en\/wp-json\/wp\/v2\/product\/11194","targetHints":{"allow":["GET"]}}],"collection":[{"href":"https:\/\/www.facecorner.lv\/en\/wp-json\/wp\/v2\/product"}],"about":[{"href":"https:\/\/www.facecorner.lv\/en\/wp-json\/wp\/v2\/types\/product"}],"replies":[{"embeddable":true,"href":"https:\/\/www.facecorner.lv\/en\/wp-json\/wp\/v2\/comments?post=11194"}],"wp:featuredmedia":[{"embeddable":true,"href":"https:\/\/www.facecorner.lv\/en\/wp-json\/wp\/v2\/media\/11195"}],"wp:attachment":[{"href":"https:\/\/www.facecorner.lv\/en\/wp-json\/wp\/v2\/media?parent=11194"}],"wp:term":[{"taxonomy":"product_brand","embeddable":true,"href":"https:\/\/www.facecorner.lv\/en\/wp-json\/wp\/v2\/product_brand?post=11194"},{"taxonomy":"product_cat","embeddable":true,"href":"https:\/\/www.facecorner.lv\/en\/wp-json\/wp\/v2\/product_cat?post=11194"},{"taxonomy":"product_tag","embeddable":true,"href":"https:\/\/www.facecorner.lv\/en\/wp-json\/wp\/v2\/product_tag?post=11194"},{"taxonomy":"berocket_brand","embeddable":true,"href":"https:\/\/www.facecorner.lv\/en\/wp-json\/wp\/v2\/berocket_brand?post=11194"}],"curies":[{"name":"wp","href":"https:\/\/api.w.org\/{rel}","templated":true}]}}