{"id":11188,"date":"2023-06-21T10:30:40","date_gmt":"2023-06-21T08:30:40","guid":{"rendered":"https:\/\/www.facecorner.lv\/?post_type=product&#038;p=11188"},"modified":"2024-05-11T10:31:16","modified_gmt":"2024-05-11T08:31:16","slug":"dear-klairs-all-day-airy-sunscreen-spf-50-pa-50ml","status":"publish","type":"product","link":"https:\/\/www.facecorner.lv\/en\/shop\/dear-klairs-all-day-airy-sunscreen-spf-50-pa-50ml\/","title":{"rendered":"Dear, Klairs All-day Airy Sunscreen SPF 50+ PA++++ 50ml"},"content":{"rendered":"<p>Dear \u00a0Klairs visas dienas gais\u012bgais sau\u013co\u0161an\u0101s l\u012bdzeklis SPF 50+ PA++++ nodro\u0161ina izcilu aizsardz\u012bbu pret sauli, lai pal\u012bdz\u0113tu nov\u0113rst saules apdegumus, pigment\u0101ciju un \u0161\u016bnu boj\u0101jumus, vienlaikus mitrinot, izl\u012bdzinot \u0101das toni un m\u012bkstinot.<\/p>\n<p>Formula uz \u016bdens b\u0101zes ir viegli kl\u0101jama, nenosver, neatst\u0101j baltas sv\u012btras un lip\u012bgu pl\u0113vi, nodro\u0161ina gludu samtainu apdari. T\u0101 ir lieliska grima b\u0101ze.<\/p>\n<p>Veg\u0101niskajam produktam ir hipoaler\u0123isks sast\u0101vs: kr\u0113ms neizraisa sausumu, kairin\u0101jumu un dedzin\u0101\u0161anu ap ac\u012bm, nerada taukainu sp\u012bdumu pat sl\u0101\u0146ot\u0101 veid\u0101, piem\u0113rots jut\u012bgai \u0101dai.<\/p>\n<p>Augsts saules aizsardz\u012bbas faktors SPF 50+ PA+++, ko apstiprin\u0101ju\u0161as 3 Korejas laboratorijas, efekt\u012bvi aizsarg\u0101 pret ultraviolet\u0101 starojuma negat\u012bvo ietekmi, pal\u012bdz nov\u0113rst pigment\u0101cijas par\u0101d\u012b\u0161anos un saglab\u0101t jaunekl\u012bgu \u0101du. Fotostabilie \u0137\u012bmiskie filtri nodro\u0161ina aizsardz\u012bbu l\u012bdz 8 stund\u0101m pils\u0113tas apst\u0101k\u013cos.<\/p>\n<p>Suitable for all skin types.<\/p>\n<p>Esence nesatur etanolu, silikonu, stero\u012bdus, m\u0101ksl\u012bg\u0101s kr\u0101svielas, gar\u0161as un dz\u012bvnieku izcelsmes sast\u0101vda\u013cas.<\/p>\n<p><strong>How to use:<\/strong> Uzkl\u0101jiet nepiecie\u0161amo esences daudzumu k\u0101 p\u0113d\u0113jo kop\u0161anas soli 15 min\u016btes pirms sau\u013co\u0161an\u0101s.<\/p>\n<p><strong>Ingredientes:\u00a0<\/strong>Aqua (Water), Dibutyl Adipate, Butyloctyl Salicylate, Diethylamino Hydroxybenzoyl Hexyl Benzoate, Polysilicone-15, C12-15 Alkyl Benzoate, Ethylhexyl Triazone, Bis-Ethylhexyloxyphenol Methoxyphenyl Triazine, Polymethylsilsesquioxane, Glycerin, Niacinamide, Polyglyceryl-6 Stearate, Cetearyl Olivate, Microcrystalline Cellulose, Panthenol, Silica, Sorbitan Olivate, Dipropylene Glycol, Hydroxyacetophenone, Poly C10-30 Alkyl Acrylate, Polyglyceryl-6 Behenate, Allantoin, Caprylyl Glycol, Stearyl Alcohol, Glyceryl Stearate, Acrylates\/C10-30 Alkyl Acrylate Crosspolymer, Tromethamine, Adenosine, Cetearyl Alcohol, Disodium EDTA, Butylene Glycol, Portulaca Oleracea Extract, Aloe Barbadensis Leaf Extract, Dioscorea Japonica Root Extract, Laminaria Japonica Extract, Viola Mandshurica Flower Extract, Ulmus Davidiana Root Extract, Dipotassium Glycyrrhizate, Lepidium Meyenii Root Extract, 1,2-Hexanediol, Lycium Chinense Fruit Extract, Fragaria Chiloensis (Strawberry) Fruit Extract, Berberis Vulgaris Root Extract, Morus Nigra Fruit Extract<\/p>","protected":false},"excerpt":{"rendered":"<p>Dear \u00a0Klairs visas dienas gais\u012bgais sau\u013co\u0161an\u0101s l\u012bdzeklis SPF 50+ PA++++ nodro\u0161ina izcilu aizsardz\u012bbu pret sauli, lai pal\u012bdz\u0113tu nov\u0113rst saules apdegumus, pigment\u0101ciju un \u0161\u016bnu boj\u0101jumus, vienlaikus mitrinot, izl\u012bdzinot \u0101das toni un m\u012bkstinot. Formula uz \u016bdens b\u0101zes ir viegli kl\u0101jama, nenosver, neatst\u0101j baltas sv\u012btras un lip\u012bgu pl\u0113vi, nodro\u0161ina gludu samtainu apdari. T\u0101 ir lieliska grima b\u0101ze. Veg\u0101niskajam [&hellip;]<\/p>\n","protected":false},"featured_media":11189,"comment_status":"open","ping_status":"closed","template":"","meta":{"site-sidebar-layout":"default","site-content-layout":"","ast-site-content-layout":"","site-content-style":"default","site-sidebar-style":"default","ast-global-header-display":"","ast-banner-title-visibility":"","ast-main-header-display":"","ast-hfb-above-header-display":"","ast-hfb-below-header-display":"","ast-hfb-mobile-header-display":"","site-post-title":"","ast-breadcrumbs-content":"","ast-featured-img":"","footer-sml-layout":"","theme-transparent-header-meta":"","adv-header-id-meta":"","stick-header-meta":"","header-above-stick-meta":"","header-main-stick-meta":"","header-below-stick-meta":"","astra-migrate-meta-layouts":"default","ast-page-background-enabled":"default","ast-page-background-meta":{"desktop":{"background-color":"var(--ast-global-color-4)","background-image":"","background-repeat":"repeat","background-position":"center center","background-size":"auto","background-attachment":"scroll","background-type":"","background-media":"","overlay-type":"","overlay-color":"","overlay-opacity":"","overlay-gradient":""},"tablet":{"background-color":"","background-image":"","background-repeat":"repeat","background-position":"center center","background-size":"auto","background-attachment":"scroll","background-type":"","background-media":"","overlay-type":"","overlay-color":"","overlay-opacity":"","overlay-gradient":""},"mobile":{"background-color":"","background-image":"","background-repeat":"repeat","background-position":"center center","background-size":"auto","background-attachment":"scroll","background-type":"","background-media":"","overlay-type":"","overlay-color":"","overlay-opacity":"","overlay-gradient":""}},"ast-content-background-meta":{"desktop":{"background-color":"var(--ast-global-color-5)","background-image":"","background-repeat":"repeat","background-position":"center center","background-size":"auto","background-attachment":"scroll","background-type":"","background-media":"","overlay-type":"","overlay-color":"","overlay-opacity":"","overlay-gradient":""},"tablet":{"background-color":"var(--ast-global-color-5)","background-image":"","background-repeat":"repeat","background-position":"center center","background-size":"auto","background-attachment":"scroll","background-type":"","background-media":"","overlay-type":"","overlay-color":"","overlay-opacity":"","overlay-gradient":""},"mobile":{"background-color":"var(--ast-global-color-5)","background-image":"","background-repeat":"repeat","background-position":"center center","background-size":"auto","background-attachment":"scroll","background-type":"","background-media":"","overlay-type":"","overlay-color":"","overlay-opacity":"","overlay-gradient":""}}},"product_brand":[],"product_cat":[360,362],"product_tag":[],"berocket_brand":[],"class_list":{"0":"post-11188","1":"product","2":"type-product","3":"status-publish","4":"has-post-thumbnail","6":"product_cat-saules-aizsarglidzekli","7":"product_cat-sejas-krems","8":"desktop-align-left","9":"tablet-align-left","10":"mobile-align-left","12":"first","13":"outofstock","14":"taxable","15":"shipping-taxable","16":"purchasable","17":"product-type-simple","18":"add-to-wishlist-before_image"},"yoast_head":"<!-- This site is optimized with the Yoast SEO plugin v27.3 - https:\/\/yoast.com\/product\/yoast-seo-wordpress\/ -->\n<title>Dear, Klairs All-day Airy Sunscreen SPF 50+ PA++++ 50ml - FACECORNER<\/title>\n<meta name=\"robots\" content=\"index, follow, max-snippet:-1, max-image-preview:large, max-video-preview:-1\" \/>\n<link rel=\"canonical\" href=\"https:\/\/www.facecorner.lv\/en\/shop\/dear-klairs-all-day-airy-sunscreen-spf-50-pa-50ml\/\" \/>\n<meta property=\"og:locale\" content=\"en_US\" \/>\n<meta property=\"og:type\" content=\"article\" \/>\n<meta property=\"og:title\" content=\"Dear, Klairs All-day Airy Sunscreen SPF 50+ PA++++ 50ml - FACECORNER\" \/>\n<meta property=\"og:description\" content=\"Dear \u00a0Klairs visas dienas gais\u012bgais sau\u013co\u0161an\u0101s l\u012bdzeklis SPF 50+ PA++++ nodro\u0161ina izcilu aizsardz\u012bbu pret sauli, lai pal\u012bdz\u0113tu nov\u0113rst saules apdegumus, pigment\u0101ciju un \u0161\u016bnu boj\u0101jumus, vienlaikus mitrinot, izl\u012bdzinot \u0101das toni un m\u012bkstinot. Formula uz \u016bdens b\u0101zes ir viegli kl\u0101jama, nenosver, neatst\u0101j baltas sv\u012btras un lip\u012bgu pl\u0113vi, nodro\u0161ina gludu samtainu apdari. T\u0101 ir lieliska grima b\u0101ze. Veg\u0101niskajam [&hellip;]\" \/>\n<meta property=\"og:url\" content=\"https:\/\/www.facecorner.lv\/en\/shop\/dear-klairs-all-day-airy-sunscreen-spf-50-pa-50ml\/\" \/>\n<meta property=\"og:site_name\" content=\"FACECORNER\" \/>\n<meta property=\"article:publisher\" content=\"https:\/\/www.facebook.com\/profile.php?id=100063824551839\" \/>\n<meta property=\"article:modified_time\" content=\"2024-05-11T08:31:16+00:00\" \/>\n<meta property=\"og:image\" content=\"https:\/\/www.facecorner.lv\/wp-content\/uploads\/2023\/06\/Klairs_All-day_Airy_Sunscreen_SPF50_PA_Korean_vegan_sun_cream__24236.jpg\" \/>\n\t<meta property=\"og:image:width\" content=\"1280\" \/>\n\t<meta property=\"og:image:height\" content=\"1280\" \/>\n\t<meta property=\"og:image:type\" content=\"image\/jpeg\" \/>\n<meta name=\"twitter:card\" content=\"summary_large_image\" \/>\n<meta name=\"twitter:label1\" content=\"Price\" \/>\n\t<meta name=\"twitter:data1\" content=\"&euro;25.00\" \/>\n\t<meta name=\"twitter:label2\" content=\"Availability\" \/>\n\t<meta name=\"twitter:data2\" content=\"Out of stock\" \/>\n<script type=\"application\/ld+json\" class=\"yoast-schema-graph\">{\"@context\":\"https:\\\/\\\/schema.org\",\"@graph\":[{\"@type\":\"WebPage\",\"@id\":\"https:\\\/\\\/www.facecorner.lv\\\/shop\\\/dear-klairs-all-day-airy-sunscreen-spf-50-pa-50ml\\\/\",\"url\":\"https:\\\/\\\/www.facecorner.lv\\\/shop\\\/dear-klairs-all-day-airy-sunscreen-spf-50-pa-50ml\\\/\",\"name\":\"Dear, Klairs All-day Airy Sunscreen SPF 50+ PA++++ 50ml - FACECORNER\",\"isPartOf\":{\"@id\":\"https:\\\/\\\/www.facecorner.lv\\\/#website\"},\"primaryImageOfPage\":{\"@id\":\"https:\\\/\\\/www.facecorner.lv\\\/shop\\\/dear-klairs-all-day-airy-sunscreen-spf-50-pa-50ml\\\/#primaryimage\"},\"image\":{\"@id\":\"https:\\\/\\\/www.facecorner.lv\\\/shop\\\/dear-klairs-all-day-airy-sunscreen-spf-50-pa-50ml\\\/#primaryimage\"},\"thumbnailUrl\":\"https:\\\/\\\/www.facecorner.lv\\\/wp-content\\\/uploads\\\/2023\\\/06\\\/Klairs_All-day_Airy_Sunscreen_SPF50_PA_Korean_vegan_sun_cream__24236.jpg\",\"datePublished\":\"2023-06-21T08:30:40+00:00\",\"dateModified\":\"2024-05-11T08:31:16+00:00\",\"breadcrumb\":{\"@id\":\"https:\\\/\\\/www.facecorner.lv\\\/shop\\\/dear-klairs-all-day-airy-sunscreen-spf-50-pa-50ml\\\/#breadcrumb\"},\"inLanguage\":\"en-US\",\"potentialAction\":[{\"@type\":\"ReadAction\",\"target\":[\"https:\\\/\\\/www.facecorner.lv\\\/shop\\\/dear-klairs-all-day-airy-sunscreen-spf-50-pa-50ml\\\/\"]}]},{\"@type\":\"ImageObject\",\"inLanguage\":\"en-US\",\"@id\":\"https:\\\/\\\/www.facecorner.lv\\\/shop\\\/dear-klairs-all-day-airy-sunscreen-spf-50-pa-50ml\\\/#primaryimage\",\"url\":\"https:\\\/\\\/www.facecorner.lv\\\/wp-content\\\/uploads\\\/2023\\\/06\\\/Klairs_All-day_Airy_Sunscreen_SPF50_PA_Korean_vegan_sun_cream__24236.jpg\",\"contentUrl\":\"https:\\\/\\\/www.facecorner.lv\\\/wp-content\\\/uploads\\\/2023\\\/06\\\/Klairs_All-day_Airy_Sunscreen_SPF50_PA_Korean_vegan_sun_cream__24236.jpg\",\"width\":1280,\"height\":1280},{\"@type\":\"BreadcrumbList\",\"@id\":\"https:\\\/\\\/www.facecorner.lv\\\/shop\\\/dear-klairs-all-day-airy-sunscreen-spf-50-pa-50ml\\\/#breadcrumb\",\"itemListElement\":[{\"@type\":\"ListItem\",\"position\":1,\"name\":\"Home\",\"item\":\"https:\\\/\\\/www.facecorner.lv\\\/\"},{\"@type\":\"ListItem\",\"position\":2,\"name\":\"Veikals\",\"item\":\"https:\\\/\\\/www.facecorner.lv\\\/shop\\\/\"},{\"@type\":\"ListItem\",\"position\":3,\"name\":\"Dear, Klairs All-day Airy Sunscreen SPF 50+ PA++++ 50ml\"}]},{\"@type\":\"WebSite\",\"@id\":\"https:\\\/\\\/www.facecorner.lv\\\/#website\",\"url\":\"https:\\\/\\\/www.facecorner.lv\\\/\",\"name\":\"Facecorner\",\"description\":\"\",\"publisher\":{\"@id\":\"https:\\\/\\\/www.facecorner.lv\\\/#organization\"},\"potentialAction\":[{\"@type\":\"SearchAction\",\"target\":{\"@type\":\"EntryPoint\",\"urlTemplate\":\"https:\\\/\\\/www.facecorner.lv\\\/?s={search_term_string}\"},\"query-input\":{\"@type\":\"PropertyValueSpecification\",\"valueRequired\":true,\"valueName\":\"search_term_string\"}}],\"inLanguage\":\"en-US\"},{\"@type\":\"Organization\",\"@id\":\"https:\\\/\\\/www.facecorner.lv\\\/#organization\",\"name\":\"Facecorner\",\"url\":\"https:\\\/\\\/www.facecorner.lv\\\/\",\"logo\":{\"@type\":\"ImageObject\",\"inLanguage\":\"en-US\",\"@id\":\"https:\\\/\\\/www.facecorner.lv\\\/#\\\/schema\\\/logo\\\/image\\\/\",\"url\":\"https:\\\/\\\/www.facecorner.lv\\\/wp-content\\\/uploads\\\/2024\\\/04\\\/fc-logo.jpg\",\"contentUrl\":\"https:\\\/\\\/www.facecorner.lv\\\/wp-content\\\/uploads\\\/2024\\\/04\\\/fc-logo.jpg\",\"width\":174,\"height\":28,\"caption\":\"Facecorner\"},\"image\":{\"@id\":\"https:\\\/\\\/www.facecorner.lv\\\/#\\\/schema\\\/logo\\\/image\\\/\"},\"sameAs\":[\"https:\\\/\\\/www.facebook.com\\\/profile.php?id=100063824551839\",\"https:\\\/\\\/www.instagram.com\\\/facecorner_shop\\\/\"]}]}<\/script>\n<meta property=\"product:price:amount\" content=\"25.00\" \/>\n<meta property=\"product:price:currency\" content=\"EUR\" \/>\n<meta property=\"og:availability\" content=\"out of stock\" \/>\n<meta property=\"product:availability\" content=\"out of stock\" \/>\n<meta property=\"product:condition\" content=\"new\" \/>\n<!-- \/ Yoast SEO plugin. -->","yoast_head_json":{"title":"Dear, Klairs All-day Airy Sunscreen SPF 50+ PA++++ 50ml - FACECORNER","robots":{"index":"index","follow":"follow","max-snippet":"max-snippet:-1","max-image-preview":"max-image-preview:large","max-video-preview":"max-video-preview:-1"},"canonical":"https:\/\/www.facecorner.lv\/en\/shop\/dear-klairs-all-day-airy-sunscreen-spf-50-pa-50ml\/","og_locale":"en_US","og_type":"article","og_title":"Dear, Klairs All-day Airy Sunscreen SPF 50+ PA++++ 50ml - FACECORNER","og_description":"Dear \u00a0Klairs visas dienas gais\u012bgais sau\u013co\u0161an\u0101s l\u012bdzeklis SPF 50+ PA++++ nodro\u0161ina izcilu aizsardz\u012bbu pret sauli, lai pal\u012bdz\u0113tu nov\u0113rst saules apdegumus, pigment\u0101ciju un \u0161\u016bnu boj\u0101jumus, vienlaikus mitrinot, izl\u012bdzinot \u0101das toni un m\u012bkstinot. Formula uz \u016bdens b\u0101zes ir viegli kl\u0101jama, nenosver, neatst\u0101j baltas sv\u012btras un lip\u012bgu pl\u0113vi, nodro\u0161ina gludu samtainu apdari. T\u0101 ir lieliska grima b\u0101ze. Veg\u0101niskajam [&hellip;]","og_url":"https:\/\/www.facecorner.lv\/en\/shop\/dear-klairs-all-day-airy-sunscreen-spf-50-pa-50ml\/","og_site_name":"FACECORNER","article_publisher":"https:\/\/www.facebook.com\/profile.php?id=100063824551839","article_modified_time":"2024-05-11T08:31:16+00:00","og_image":[{"width":1280,"height":1280,"url":"https:\/\/www.facecorner.lv\/wp-content\/uploads\/2023\/06\/Klairs_All-day_Airy_Sunscreen_SPF50_PA_Korean_vegan_sun_cream__24236.jpg","type":"image\/jpeg"}],"twitter_card":"summary_large_image","twitter_misc":{"Price":"&euro;25.00","Availability":"Out of stock"},"schema":{"@context":"https:\/\/schema.org","@graph":[{"@type":"WebPage","@id":"https:\/\/www.facecorner.lv\/shop\/dear-klairs-all-day-airy-sunscreen-spf-50-pa-50ml\/","url":"https:\/\/www.facecorner.lv\/shop\/dear-klairs-all-day-airy-sunscreen-spf-50-pa-50ml\/","name":"Dear, Klairs All-day Airy Sunscreen SPF 50+ PA++++ 50ml - FACECORNER","isPartOf":{"@id":"https:\/\/www.facecorner.lv\/#website"},"primaryImageOfPage":{"@id":"https:\/\/www.facecorner.lv\/shop\/dear-klairs-all-day-airy-sunscreen-spf-50-pa-50ml\/#primaryimage"},"image":{"@id":"https:\/\/www.facecorner.lv\/shop\/dear-klairs-all-day-airy-sunscreen-spf-50-pa-50ml\/#primaryimage"},"thumbnailUrl":"https:\/\/www.facecorner.lv\/wp-content\/uploads\/2023\/06\/Klairs_All-day_Airy_Sunscreen_SPF50_PA_Korean_vegan_sun_cream__24236.jpg","datePublished":"2023-06-21T08:30:40+00:00","dateModified":"2024-05-11T08:31:16+00:00","breadcrumb":{"@id":"https:\/\/www.facecorner.lv\/shop\/dear-klairs-all-day-airy-sunscreen-spf-50-pa-50ml\/#breadcrumb"},"inLanguage":"en-US","potentialAction":[{"@type":"ReadAction","target":["https:\/\/www.facecorner.lv\/shop\/dear-klairs-all-day-airy-sunscreen-spf-50-pa-50ml\/"]}]},{"@type":"ImageObject","inLanguage":"en-US","@id":"https:\/\/www.facecorner.lv\/shop\/dear-klairs-all-day-airy-sunscreen-spf-50-pa-50ml\/#primaryimage","url":"https:\/\/www.facecorner.lv\/wp-content\/uploads\/2023\/06\/Klairs_All-day_Airy_Sunscreen_SPF50_PA_Korean_vegan_sun_cream__24236.jpg","contentUrl":"https:\/\/www.facecorner.lv\/wp-content\/uploads\/2023\/06\/Klairs_All-day_Airy_Sunscreen_SPF50_PA_Korean_vegan_sun_cream__24236.jpg","width":1280,"height":1280},{"@type":"BreadcrumbList","@id":"https:\/\/www.facecorner.lv\/shop\/dear-klairs-all-day-airy-sunscreen-spf-50-pa-50ml\/#breadcrumb","itemListElement":[{"@type":"ListItem","position":1,"name":"Home","item":"https:\/\/www.facecorner.lv\/"},{"@type":"ListItem","position":2,"name":"Veikals","item":"https:\/\/www.facecorner.lv\/shop\/"},{"@type":"ListItem","position":3,"name":"Dear, Klairs All-day Airy Sunscreen SPF 50+ PA++++ 50ml"}]},{"@type":"WebSite","@id":"https:\/\/www.facecorner.lv\/#website","url":"https:\/\/www.facecorner.lv\/","name":"Facecorner","description":"","publisher":{"@id":"https:\/\/www.facecorner.lv\/#organization"},"potentialAction":[{"@type":"SearchAction","target":{"@type":"EntryPoint","urlTemplate":"https:\/\/www.facecorner.lv\/?s={search_term_string}"},"query-input":{"@type":"PropertyValueSpecification","valueRequired":true,"valueName":"search_term_string"}}],"inLanguage":"en-US"},{"@type":"Organization","@id":"https:\/\/www.facecorner.lv\/#organization","name":"Facecorner","url":"https:\/\/www.facecorner.lv\/","logo":{"@type":"ImageObject","inLanguage":"en-US","@id":"https:\/\/www.facecorner.lv\/#\/schema\/logo\/image\/","url":"https:\/\/www.facecorner.lv\/wp-content\/uploads\/2024\/04\/fc-logo.jpg","contentUrl":"https:\/\/www.facecorner.lv\/wp-content\/uploads\/2024\/04\/fc-logo.jpg","width":174,"height":28,"caption":"Facecorner"},"image":{"@id":"https:\/\/www.facecorner.lv\/#\/schema\/logo\/image\/"},"sameAs":["https:\/\/www.facebook.com\/profile.php?id=100063824551839","https:\/\/www.instagram.com\/facecorner_shop\/"]}]},"product_price_amount":"25.00","product_price_currency":"EUR","og_availability":"out of stock","product_availability":"out of stock","product_condition":"new"},"_links":{"self":[{"href":"https:\/\/www.facecorner.lv\/en\/wp-json\/wp\/v2\/product\/11188","targetHints":{"allow":["GET"]}}],"collection":[{"href":"https:\/\/www.facecorner.lv\/en\/wp-json\/wp\/v2\/product"}],"about":[{"href":"https:\/\/www.facecorner.lv\/en\/wp-json\/wp\/v2\/types\/product"}],"replies":[{"embeddable":true,"href":"https:\/\/www.facecorner.lv\/en\/wp-json\/wp\/v2\/comments?post=11188"}],"wp:featuredmedia":[{"embeddable":true,"href":"https:\/\/www.facecorner.lv\/en\/wp-json\/wp\/v2\/media\/11189"}],"wp:attachment":[{"href":"https:\/\/www.facecorner.lv\/en\/wp-json\/wp\/v2\/media?parent=11188"}],"wp:term":[{"taxonomy":"product_brand","embeddable":true,"href":"https:\/\/www.facecorner.lv\/en\/wp-json\/wp\/v2\/product_brand?post=11188"},{"taxonomy":"product_cat","embeddable":true,"href":"https:\/\/www.facecorner.lv\/en\/wp-json\/wp\/v2\/product_cat?post=11188"},{"taxonomy":"product_tag","embeddable":true,"href":"https:\/\/www.facecorner.lv\/en\/wp-json\/wp\/v2\/product_tag?post=11188"},{"taxonomy":"berocket_brand","embeddable":true,"href":"https:\/\/www.facecorner.lv\/en\/wp-json\/wp\/v2\/berocket_brand?post=11188"}],"curies":[{"name":"wp","href":"https:\/\/api.w.org\/{rel}","templated":true}]}}