{"id":11051,"date":"2023-06-09T15:51:07","date_gmt":"2023-06-09T13:51:07","guid":{"rendered":"https:\/\/www.facecorner.lv\/?post_type=product&#038;p=11051"},"modified":"2025-04-30T16:43:20","modified_gmt":"2025-04-30T13:43:20","slug":"dear-klairs-freshly-juiced-vitamin-e-mask-15ml","status":"publish","type":"product","link":"https:\/\/www.facecorner.lv\/en\/shop\/dear-klairs-freshly-juiced-vitamin-e-mask-15ml\/","title":{"rendered":"Dear, Klairs Freshly Juiced Vitamin E Mask 15ml"},"content":{"rendered":"<p>Klairs Freshly Juiced Vitamin E Mask ir intens\u012bvi barojo\u0161a un mitrino\u0161a vitam\u012bnu maska \u200b\u200b\u0101das mirdzumam. Produkta galven\u0101 \u012bpa\u0161\u012bba ir pie\u0161\u0137irt \u0101dai vesel\u012bgu mirdzumu, atbr\u012bvojoties no bl\u0101vuma. Instruments m\u012bkstina \u0101du, padara to gludu, elast\u012bgu, palielina elast\u012bbu un pie\u0161\u0137ir samtainu.<\/p>\n<p>Maska atjauno \u0101das toni, izl\u012bdzina mikroreljefu, iev\u0113rojami uzlabo sejas kr\u0101su. Izgaismo nev\u0113lamo pigment\u0101ciju un p\u0113caknes p\u0113das, pal\u012bdz izl\u012bdzin\u0101t r\u0113tas, s\u0101k re\u0123ener\u0101ciju. Atvieglo iekaisumu, aps\u0101rtumu<br \/>\nPies\u0101tina \u0101du ar vitam\u012bniem un mikroelementiem, uzlabo imunit\u0101ti un uzlabo intracelul\u0101ro vielmai\u0146u.<\/p>\n<p>Suitable for all skin types<\/p>\n<p><strong>How to use:<\/strong> Uzkl\u0101jiet uz \u0101das k\u0101 p\u0113d\u0113jo \u0101das kop\u0161anas posmu, \u013caujiet produktam ies\u016bkties. Masku ieteicams lietot 1-2 reizes ned\u0113\u013c\u0101.<\/p>\n<p><strong>Ingredientes:\u00a0<\/strong>Aqua (Water), Glycerin, Butylene Glycol, Tocopheryl Aceta te, Niacinamide, Sodium Hyaluronate, Carrageenan, Gellan Gum, Betaine, Algin, Mannan, Ceramide NP, PEG-60 Hydrogenated Castor Oil, Acrylates IC10-30 Alkyl Acrylate Crosspolymer, Chlorphenesin, Arginine, Ethylhe xylglycerin, Centella Asiatica Extract, Rubus Fruticosus (Blackberry) Fruit Extract, Salicornia Herbacea Extract, Phragmites Communis Extract, Ade nosine, Lavandula Angustifolia (Lavender) Oil, Eucalyptus Globulus Leaf Oil, Pelargonium Graveolens Flower Oil, Citrus Limon (Lemon)<br \/>\nPeel Oil, Citrus Aurantium Dulcis (Orange) Peel Oil, Cananga Odorata Flower Oil<\/p>","protected":false},"excerpt":{"rendered":"<p>Klairs Freshly Juiced Vitamin E Mask ir intens\u012bvi barojo\u0161a un mitrino\u0161a vitam\u012bnu maska \u200b\u200b\u0101das mirdzumam. Produkta galven\u0101 \u012bpa\u0161\u012bba ir pie\u0161\u0137irt \u0101dai vesel\u012bgu mirdzumu, atbr\u012bvojoties no bl\u0101vuma. Instruments m\u012bkstina \u0101du, padara to gludu, elast\u012bgu, palielina elast\u012bbu un pie\u0161\u0137ir samtainu. Maska atjauno \u0101das toni, izl\u012bdzina mikroreljefu, iev\u0113rojami uzlabo sejas kr\u0101su. Izgaismo nev\u0113lamo pigment\u0101ciju un p\u0113caknes p\u0113das, pal\u012bdz [&hellip;]<\/p>\n","protected":false},"featured_media":11053,"comment_status":"open","ping_status":"closed","template":"","meta":{"site-sidebar-layout":"default","site-content-layout":"","ast-site-content-layout":"","site-content-style":"default","site-sidebar-style":"default","ast-global-header-display":"","ast-banner-title-visibility":"","ast-main-header-display":"","ast-hfb-above-header-display":"","ast-hfb-below-header-display":"","ast-hfb-mobile-header-display":"","site-post-title":"","ast-breadcrumbs-content":"","ast-featured-img":"","footer-sml-layout":"","theme-transparent-header-meta":"","adv-header-id-meta":"","stick-header-meta":"","header-above-stick-meta":"","header-main-stick-meta":"","header-below-stick-meta":"","astra-migrate-meta-layouts":"default","ast-page-background-enabled":"default","ast-page-background-meta":{"desktop":{"background-color":"var(--ast-global-color-4)","background-image":"","background-repeat":"repeat","background-position":"center center","background-size":"auto","background-attachment":"scroll","background-type":"","background-media":"","overlay-type":"","overlay-color":"","overlay-opacity":"","overlay-gradient":""},"tablet":{"background-color":"","background-image":"","background-repeat":"repeat","background-position":"center center","background-size":"auto","background-attachment":"scroll","background-type":"","background-media":"","overlay-type":"","overlay-color":"","overlay-opacity":"","overlay-gradient":""},"mobile":{"background-color":"","background-image":"","background-repeat":"repeat","background-position":"center center","background-size":"auto","background-attachment":"scroll","background-type":"","background-media":"","overlay-type":"","overlay-color":"","overlay-opacity":"","overlay-gradient":""}},"ast-content-background-meta":{"desktop":{"background-color":"var(--ast-global-color-5)","background-image":"","background-repeat":"repeat","background-position":"center center","background-size":"auto","background-attachment":"scroll","background-type":"","background-media":"","overlay-type":"","overlay-color":"","overlay-opacity":"","overlay-gradient":""},"tablet":{"background-color":"var(--ast-global-color-5)","background-image":"","background-repeat":"repeat","background-position":"center center","background-size":"auto","background-attachment":"scroll","background-type":"","background-media":"","overlay-type":"","overlay-color":"","overlay-opacity":"","overlay-gradient":""},"mobile":{"background-color":"var(--ast-global-color-5)","background-image":"","background-repeat":"repeat","background-position":"center center","background-size":"auto","background-attachment":"scroll","background-type":"","background-media":"","overlay-type":"","overlay-color":"","overlay-opacity":"","overlay-gradient":""}}},"product_brand":[],"product_cat":[315,322,569],"product_tag":[],"berocket_brand":[630],"class_list":{"0":"post-11051","1":"product","2":"type-product","3":"status-publish","4":"has-post-thumbnail","6":"product_cat-maskas","7":"product_cat-nakts","8":"product_cat-vitamin-c","9":"berocket_brand-dear-klairs","10":"desktop-align-left","11":"tablet-align-left","12":"mobile-align-left","14":"first","15":"outofstock","16":"taxable","17":"shipping-taxable","18":"purchasable","19":"product-type-simple","20":"add-to-wishlist-before_image"},"yoast_head":"<!-- This site is optimized with the Yoast SEO plugin v27.3 - https:\/\/yoast.com\/product\/yoast-seo-wordpress\/ -->\n<title>Dear, Klairs Freshly Juiced Vitamin E Mask 15ml - FACECORNER<\/title>\n<meta name=\"robots\" content=\"index, follow, max-snippet:-1, max-image-preview:large, max-video-preview:-1\" \/>\n<link rel=\"canonical\" href=\"https:\/\/www.facecorner.lv\/en\/shop\/dear-klairs-freshly-juiced-vitamin-e-mask-15ml\/\" \/>\n<meta property=\"og:locale\" content=\"en_US\" \/>\n<meta property=\"og:type\" content=\"article\" \/>\n<meta property=\"og:title\" content=\"Dear, Klairs Freshly Juiced Vitamin E Mask 15ml - FACECORNER\" \/>\n<meta property=\"og:description\" content=\"Klairs Freshly Juiced Vitamin E Mask ir intens\u012bvi barojo\u0161a un mitrino\u0161a vitam\u012bnu maska \u200b\u200b\u0101das mirdzumam. Produkta galven\u0101 \u012bpa\u0161\u012bba ir pie\u0161\u0137irt \u0101dai vesel\u012bgu mirdzumu, atbr\u012bvojoties no bl\u0101vuma. Instruments m\u012bkstina \u0101du, padara to gludu, elast\u012bgu, palielina elast\u012bbu un pie\u0161\u0137ir samtainu. Maska atjauno \u0101das toni, izl\u012bdzina mikroreljefu, iev\u0113rojami uzlabo sejas kr\u0101su. Izgaismo nev\u0113lamo pigment\u0101ciju un p\u0113caknes p\u0113das, pal\u012bdz [&hellip;]\" \/>\n<meta property=\"og:url\" content=\"https:\/\/www.facecorner.lv\/en\/shop\/dear-klairs-freshly-juiced-vitamin-e-mask-15ml\/\" \/>\n<meta property=\"og:site_name\" content=\"FACECORNER\" \/>\n<meta property=\"article:publisher\" content=\"https:\/\/www.facebook.com\/profile.php?id=100063824551839\" \/>\n<meta property=\"article:modified_time\" content=\"2025-04-30T13:43:20+00:00\" \/>\n<meta property=\"og:image\" content=\"https:\/\/www.facecorner.lv\/wp-content\/uploads\/2023\/06\/klairs-freshly-juiced-vitamin-e-gesichtsmaske.jpg\" \/>\n\t<meta property=\"og:image:width\" content=\"1000\" \/>\n\t<meta property=\"og:image:height\" content=\"1000\" \/>\n\t<meta property=\"og:image:type\" content=\"image\/jpeg\" \/>\n<meta name=\"twitter:card\" content=\"summary_large_image\" \/>\n<meta name=\"twitter:label1\" content=\"Price\" \/>\n\t<meta name=\"twitter:data1\" content=\"&euro;21.50\" \/>\n\t<meta name=\"twitter:label2\" content=\"Availability\" \/>\n\t<meta name=\"twitter:data2\" content=\"Out of stock\" \/>\n<script type=\"application\/ld+json\" class=\"yoast-schema-graph\">{\"@context\":\"https:\\\/\\\/schema.org\",\"@graph\":[{\"@type\":\"WebPage\",\"@id\":\"https:\\\/\\\/www.facecorner.lv\\\/shop\\\/dear-klairs-freshly-juiced-vitamin-e-mask-15ml\\\/\",\"url\":\"https:\\\/\\\/www.facecorner.lv\\\/shop\\\/dear-klairs-freshly-juiced-vitamin-e-mask-15ml\\\/\",\"name\":\"Dear, Klairs Freshly Juiced Vitamin E Mask 15ml - FACECORNER\",\"isPartOf\":{\"@id\":\"https:\\\/\\\/www.facecorner.lv\\\/#website\"},\"primaryImageOfPage\":{\"@id\":\"https:\\\/\\\/www.facecorner.lv\\\/shop\\\/dear-klairs-freshly-juiced-vitamin-e-mask-15ml\\\/#primaryimage\"},\"image\":{\"@id\":\"https:\\\/\\\/www.facecorner.lv\\\/shop\\\/dear-klairs-freshly-juiced-vitamin-e-mask-15ml\\\/#primaryimage\"},\"thumbnailUrl\":\"https:\\\/\\\/www.facecorner.lv\\\/wp-content\\\/uploads\\\/2023\\\/06\\\/klairs-freshly-juiced-vitamin-e-gesichtsmaske.jpg\",\"datePublished\":\"2023-06-09T13:51:07+00:00\",\"dateModified\":\"2025-04-30T13:43:20+00:00\",\"breadcrumb\":{\"@id\":\"https:\\\/\\\/www.facecorner.lv\\\/shop\\\/dear-klairs-freshly-juiced-vitamin-e-mask-15ml\\\/#breadcrumb\"},\"inLanguage\":\"en-US\",\"potentialAction\":[{\"@type\":\"ReadAction\",\"target\":[\"https:\\\/\\\/www.facecorner.lv\\\/shop\\\/dear-klairs-freshly-juiced-vitamin-e-mask-15ml\\\/\"]}]},{\"@type\":\"ImageObject\",\"inLanguage\":\"en-US\",\"@id\":\"https:\\\/\\\/www.facecorner.lv\\\/shop\\\/dear-klairs-freshly-juiced-vitamin-e-mask-15ml\\\/#primaryimage\",\"url\":\"https:\\\/\\\/www.facecorner.lv\\\/wp-content\\\/uploads\\\/2023\\\/06\\\/klairs-freshly-juiced-vitamin-e-gesichtsmaske.jpg\",\"contentUrl\":\"https:\\\/\\\/www.facecorner.lv\\\/wp-content\\\/uploads\\\/2023\\\/06\\\/klairs-freshly-juiced-vitamin-e-gesichtsmaske.jpg\",\"width\":1000,\"height\":1000},{\"@type\":\"BreadcrumbList\",\"@id\":\"https:\\\/\\\/www.facecorner.lv\\\/shop\\\/dear-klairs-freshly-juiced-vitamin-e-mask-15ml\\\/#breadcrumb\",\"itemListElement\":[{\"@type\":\"ListItem\",\"position\":1,\"name\":\"Home\",\"item\":\"https:\\\/\\\/www.facecorner.lv\\\/\"},{\"@type\":\"ListItem\",\"position\":2,\"name\":\"Veikals\",\"item\":\"https:\\\/\\\/www.facecorner.lv\\\/shop\\\/\"},{\"@type\":\"ListItem\",\"position\":3,\"name\":\"Dear, Klairs Freshly Juiced Vitamin E Mask 15ml\"}]},{\"@type\":\"WebSite\",\"@id\":\"https:\\\/\\\/www.facecorner.lv\\\/#website\",\"url\":\"https:\\\/\\\/www.facecorner.lv\\\/\",\"name\":\"Facecorner\",\"description\":\"\",\"publisher\":{\"@id\":\"https:\\\/\\\/www.facecorner.lv\\\/#organization\"},\"potentialAction\":[{\"@type\":\"SearchAction\",\"target\":{\"@type\":\"EntryPoint\",\"urlTemplate\":\"https:\\\/\\\/www.facecorner.lv\\\/?s={search_term_string}\"},\"query-input\":{\"@type\":\"PropertyValueSpecification\",\"valueRequired\":true,\"valueName\":\"search_term_string\"}}],\"inLanguage\":\"en-US\"},{\"@type\":\"Organization\",\"@id\":\"https:\\\/\\\/www.facecorner.lv\\\/#organization\",\"name\":\"Facecorner\",\"url\":\"https:\\\/\\\/www.facecorner.lv\\\/\",\"logo\":{\"@type\":\"ImageObject\",\"inLanguage\":\"en-US\",\"@id\":\"https:\\\/\\\/www.facecorner.lv\\\/#\\\/schema\\\/logo\\\/image\\\/\",\"url\":\"https:\\\/\\\/www.facecorner.lv\\\/wp-content\\\/uploads\\\/2024\\\/04\\\/fc-logo.jpg\",\"contentUrl\":\"https:\\\/\\\/www.facecorner.lv\\\/wp-content\\\/uploads\\\/2024\\\/04\\\/fc-logo.jpg\",\"width\":174,\"height\":28,\"caption\":\"Facecorner\"},\"image\":{\"@id\":\"https:\\\/\\\/www.facecorner.lv\\\/#\\\/schema\\\/logo\\\/image\\\/\"},\"sameAs\":[\"https:\\\/\\\/www.facebook.com\\\/profile.php?id=100063824551839\",\"https:\\\/\\\/www.instagram.com\\\/facecorner_shop\\\/\"]}]}<\/script>\n<meta property=\"product:price:amount\" content=\"21.50\" \/>\n<meta property=\"product:price:currency\" content=\"EUR\" \/>\n<meta property=\"og:availability\" content=\"out of stock\" \/>\n<meta property=\"product:availability\" content=\"out of stock\" \/>\n<meta property=\"product:condition\" content=\"new\" \/>\n<!-- \/ Yoast SEO plugin. -->","yoast_head_json":{"title":"Dear, Klairs Freshly Juiced Vitamin E Mask 15ml - FACECORNER","robots":{"index":"index","follow":"follow","max-snippet":"max-snippet:-1","max-image-preview":"max-image-preview:large","max-video-preview":"max-video-preview:-1"},"canonical":"https:\/\/www.facecorner.lv\/en\/shop\/dear-klairs-freshly-juiced-vitamin-e-mask-15ml\/","og_locale":"en_US","og_type":"article","og_title":"Dear, Klairs Freshly Juiced Vitamin E Mask 15ml - FACECORNER","og_description":"Klairs Freshly Juiced Vitamin E Mask ir intens\u012bvi barojo\u0161a un mitrino\u0161a vitam\u012bnu maska \u200b\u200b\u0101das mirdzumam. Produkta galven\u0101 \u012bpa\u0161\u012bba ir pie\u0161\u0137irt \u0101dai vesel\u012bgu mirdzumu, atbr\u012bvojoties no bl\u0101vuma. Instruments m\u012bkstina \u0101du, padara to gludu, elast\u012bgu, palielina elast\u012bbu un pie\u0161\u0137ir samtainu. Maska atjauno \u0101das toni, izl\u012bdzina mikroreljefu, iev\u0113rojami uzlabo sejas kr\u0101su. Izgaismo nev\u0113lamo pigment\u0101ciju un p\u0113caknes p\u0113das, pal\u012bdz [&hellip;]","og_url":"https:\/\/www.facecorner.lv\/en\/shop\/dear-klairs-freshly-juiced-vitamin-e-mask-15ml\/","og_site_name":"FACECORNER","article_publisher":"https:\/\/www.facebook.com\/profile.php?id=100063824551839","article_modified_time":"2025-04-30T13:43:20+00:00","og_image":[{"width":1000,"height":1000,"url":"https:\/\/www.facecorner.lv\/wp-content\/uploads\/2023\/06\/klairs-freshly-juiced-vitamin-e-gesichtsmaske.jpg","type":"image\/jpeg"}],"twitter_card":"summary_large_image","twitter_misc":{"Price":"&euro;21.50","Availability":"Out of stock"},"schema":{"@context":"https:\/\/schema.org","@graph":[{"@type":"WebPage","@id":"https:\/\/www.facecorner.lv\/shop\/dear-klairs-freshly-juiced-vitamin-e-mask-15ml\/","url":"https:\/\/www.facecorner.lv\/shop\/dear-klairs-freshly-juiced-vitamin-e-mask-15ml\/","name":"Dear, Klairs Freshly Juiced Vitamin E Mask 15ml - FACECORNER","isPartOf":{"@id":"https:\/\/www.facecorner.lv\/#website"},"primaryImageOfPage":{"@id":"https:\/\/www.facecorner.lv\/shop\/dear-klairs-freshly-juiced-vitamin-e-mask-15ml\/#primaryimage"},"image":{"@id":"https:\/\/www.facecorner.lv\/shop\/dear-klairs-freshly-juiced-vitamin-e-mask-15ml\/#primaryimage"},"thumbnailUrl":"https:\/\/www.facecorner.lv\/wp-content\/uploads\/2023\/06\/klairs-freshly-juiced-vitamin-e-gesichtsmaske.jpg","datePublished":"2023-06-09T13:51:07+00:00","dateModified":"2025-04-30T13:43:20+00:00","breadcrumb":{"@id":"https:\/\/www.facecorner.lv\/shop\/dear-klairs-freshly-juiced-vitamin-e-mask-15ml\/#breadcrumb"},"inLanguage":"en-US","potentialAction":[{"@type":"ReadAction","target":["https:\/\/www.facecorner.lv\/shop\/dear-klairs-freshly-juiced-vitamin-e-mask-15ml\/"]}]},{"@type":"ImageObject","inLanguage":"en-US","@id":"https:\/\/www.facecorner.lv\/shop\/dear-klairs-freshly-juiced-vitamin-e-mask-15ml\/#primaryimage","url":"https:\/\/www.facecorner.lv\/wp-content\/uploads\/2023\/06\/klairs-freshly-juiced-vitamin-e-gesichtsmaske.jpg","contentUrl":"https:\/\/www.facecorner.lv\/wp-content\/uploads\/2023\/06\/klairs-freshly-juiced-vitamin-e-gesichtsmaske.jpg","width":1000,"height":1000},{"@type":"BreadcrumbList","@id":"https:\/\/www.facecorner.lv\/shop\/dear-klairs-freshly-juiced-vitamin-e-mask-15ml\/#breadcrumb","itemListElement":[{"@type":"ListItem","position":1,"name":"Home","item":"https:\/\/www.facecorner.lv\/"},{"@type":"ListItem","position":2,"name":"Veikals","item":"https:\/\/www.facecorner.lv\/shop\/"},{"@type":"ListItem","position":3,"name":"Dear, Klairs Freshly Juiced Vitamin E Mask 15ml"}]},{"@type":"WebSite","@id":"https:\/\/www.facecorner.lv\/#website","url":"https:\/\/www.facecorner.lv\/","name":"Facecorner","description":"","publisher":{"@id":"https:\/\/www.facecorner.lv\/#organization"},"potentialAction":[{"@type":"SearchAction","target":{"@type":"EntryPoint","urlTemplate":"https:\/\/www.facecorner.lv\/?s={search_term_string}"},"query-input":{"@type":"PropertyValueSpecification","valueRequired":true,"valueName":"search_term_string"}}],"inLanguage":"en-US"},{"@type":"Organization","@id":"https:\/\/www.facecorner.lv\/#organization","name":"Facecorner","url":"https:\/\/www.facecorner.lv\/","logo":{"@type":"ImageObject","inLanguage":"en-US","@id":"https:\/\/www.facecorner.lv\/#\/schema\/logo\/image\/","url":"https:\/\/www.facecorner.lv\/wp-content\/uploads\/2024\/04\/fc-logo.jpg","contentUrl":"https:\/\/www.facecorner.lv\/wp-content\/uploads\/2024\/04\/fc-logo.jpg","width":174,"height":28,"caption":"Facecorner"},"image":{"@id":"https:\/\/www.facecorner.lv\/#\/schema\/logo\/image\/"},"sameAs":["https:\/\/www.facebook.com\/profile.php?id=100063824551839","https:\/\/www.instagram.com\/facecorner_shop\/"]}]},"product_price_amount":"21.50","product_price_currency":"EUR","og_availability":"out of stock","product_availability":"out of stock","product_condition":"new"},"_links":{"self":[{"href":"https:\/\/www.facecorner.lv\/en\/wp-json\/wp\/v2\/product\/11051","targetHints":{"allow":["GET"]}}],"collection":[{"href":"https:\/\/www.facecorner.lv\/en\/wp-json\/wp\/v2\/product"}],"about":[{"href":"https:\/\/www.facecorner.lv\/en\/wp-json\/wp\/v2\/types\/product"}],"replies":[{"embeddable":true,"href":"https:\/\/www.facecorner.lv\/en\/wp-json\/wp\/v2\/comments?post=11051"}],"wp:featuredmedia":[{"embeddable":true,"href":"https:\/\/www.facecorner.lv\/en\/wp-json\/wp\/v2\/media\/11053"}],"wp:attachment":[{"href":"https:\/\/www.facecorner.lv\/en\/wp-json\/wp\/v2\/media?parent=11051"}],"wp:term":[{"taxonomy":"product_brand","embeddable":true,"href":"https:\/\/www.facecorner.lv\/en\/wp-json\/wp\/v2\/product_brand?post=11051"},{"taxonomy":"product_cat","embeddable":true,"href":"https:\/\/www.facecorner.lv\/en\/wp-json\/wp\/v2\/product_cat?post=11051"},{"taxonomy":"product_tag","embeddable":true,"href":"https:\/\/www.facecorner.lv\/en\/wp-json\/wp\/v2\/product_tag?post=11051"},{"taxonomy":"berocket_brand","embeddable":true,"href":"https:\/\/www.facecorner.lv\/en\/wp-json\/wp\/v2\/berocket_brand?post=11051"}],"curies":[{"name":"wp","href":"https:\/\/api.w.org\/{rel}","templated":true}]}}