{"id":11043,"date":"2023-06-09T15:05:18","date_gmt":"2023-06-09T13:05:18","guid":{"rendered":"https:\/\/www.facecorner.lv\/?post_type=product&#038;p=11043"},"modified":"2025-05-13T20:10:02","modified_gmt":"2025-05-13T17:10:02","slug":"dear-klairs-midnight-blue-youth-activating-drop-20ml","status":"publish","type":"product","link":"https:\/\/www.facecorner.lv\/en\/shop\/dear-klairs-midnight-blue-youth-activating-drop-20ml\/","title":{"rendered":"Dear, Klairs Midnight Blue Youth Activating Drop 20ml"},"content":{"rendered":"<p>Produkts atjauno \u0101das turgoru, paaugstina audu tvirtumu un elast\u012bbu, nostiprina un nostiprina sejas ov\u0101lu. Tam ir viegls liftinga efekts, tas izl\u012bdzina un samazina grumbu un \u0101das kroku dzi\u013cumu. Stiprina viet\u0113jo imunit\u0101ti, piepilda ar ener\u0123iju, atjauno tonusu un vesel\u012bgu mirdzumu. Nomierina kairin\u0101jumu un nov\u0113r\u0161 dehidrat\u0101ciju. Uzlabo mikrocirkul\u0101ciju un aktiviz\u0113 kolag\u0113na sint\u0113zi, atjauno \u0161\u016bnas.<\/p>\n<ul>\n<li>Intens\u012bvi mitrina un uztur optim\u0101lu mitruma l\u012bmeni epidermas \u0161\u016bn\u0101s.<\/li>\n<li>Maigi izgaismo kop\u0113jo \u0101das toni, pal\u012bdzot samazin\u0101t nev\u0113lam\u0101s pigment\u0101cijas un vecuma plankumu par\u0101d\u012b\u0161anos.<\/li>\n<li>Uzlabo \u0101das toni un atjauno vesel\u012bgu mirdzumu.<\/li>\n<li>Izl\u012bdzina grumbas un pagarina \u0101das jaun\u012bbu.<\/li>\n<\/ul>\n<p><strong>How to use:<\/strong> Uzkl\u0101jiet 3-4 pilienus l\u012bdzek\u013ca uz \u0101das vakara kop\u0161anas laik\u0101, uzreiz p\u0113c mazg\u0101\u0161anas.<\/p>\n<p><strong>Ingredientes:\u00a0<\/strong>Water, Butylene Glycol, sh-Oligopeptide-1, sh-Polypeptide-1, Vaccinium Angustifolium (Blueberry) Fruit Extract, Lecithin, Sorbitan Sesquioleate, 1,2-Hexanediol, Caprylyl Glycol, PEG-60 Hydrogenated Castor Oil, Glycerin, Chlorphenesin, Guaiazulene, Ethylhexylglycerin, Adenosine<\/p>","protected":false},"excerpt":{"rendered":"<p>Produkts atjauno \u0101das turgoru, paaugstina audu tvirtumu un elast\u012bbu, nostiprina un nostiprina sejas ov\u0101lu. Tam ir viegls liftinga efekts, tas izl\u012bdzina un samazina grumbu un \u0101das kroku dzi\u013cumu. Stiprina viet\u0113jo imunit\u0101ti, piepilda ar ener\u0123iju, atjauno tonusu un vesel\u012bgu mirdzumu. Nomierina kairin\u0101jumu un nov\u0113r\u0161 dehidrat\u0101ciju. Uzlabo mikrocirkul\u0101ciju un aktiviz\u0113 kolag\u0113na sint\u0113zi, atjauno \u0161\u016bnas. Intens\u012bvi mitrina un [&hellip;]<\/p>\n","protected":false},"featured_media":11045,"comment_status":"open","ping_status":"closed","template":"","meta":{"site-sidebar-layout":"default","site-content-layout":"","ast-site-content-layout":"","site-content-style":"default","site-sidebar-style":"default","ast-global-header-display":"","ast-banner-title-visibility":"","ast-main-header-display":"","ast-hfb-above-header-display":"","ast-hfb-below-header-display":"","ast-hfb-mobile-header-display":"","site-post-title":"","ast-breadcrumbs-content":"","ast-featured-img":"","footer-sml-layout":"","theme-transparent-header-meta":"","adv-header-id-meta":"","stick-header-meta":"","header-above-stick-meta":"","header-main-stick-meta":"","header-below-stick-meta":"","astra-migrate-meta-layouts":"default","ast-page-background-enabled":"default","ast-page-background-meta":{"desktop":{"background-color":"var(--ast-global-color-4)","background-image":"","background-repeat":"repeat","background-position":"center center","background-size":"auto","background-attachment":"scroll","background-type":"","background-media":"","overlay-type":"","overlay-color":"","overlay-opacity":"","overlay-gradient":""},"tablet":{"background-color":"","background-image":"","background-repeat":"repeat","background-position":"center center","background-size":"auto","background-attachment":"scroll","background-type":"","background-media":"","overlay-type":"","overlay-color":"","overlay-opacity":"","overlay-gradient":""},"mobile":{"background-color":"","background-image":"","background-repeat":"repeat","background-position":"center center","background-size":"auto","background-attachment":"scroll","background-type":"","background-media":"","overlay-type":"","overlay-color":"","overlay-opacity":"","overlay-gradient":""}},"ast-content-background-meta":{"desktop":{"background-color":"var(--ast-global-color-5)","background-image":"","background-repeat":"repeat","background-position":"center center","background-size":"auto","background-attachment":"scroll","background-type":"","background-media":"","overlay-type":"","overlay-color":"","overlay-opacity":"","overlay-gradient":""},"tablet":{"background-color":"var(--ast-global-color-5)","background-image":"","background-repeat":"repeat","background-position":"center center","background-size":"auto","background-attachment":"scroll","background-type":"","background-media":"","overlay-type":"","overlay-color":"","overlay-opacity":"","overlay-gradient":""},"mobile":{"background-color":"var(--ast-global-color-5)","background-image":"","background-repeat":"repeat","background-position":"center center","background-size":"auto","background-attachment":"scroll","background-type":"","background-media":"","overlay-type":"","overlay-color":"","overlay-opacity":"","overlay-gradient":""}}},"product_brand":[],"product_cat":[370,372,374,363],"product_tag":[],"berocket_brand":[630],"class_list":{"0":"post-11043","1":"product","2":"type-product","3":"status-publish","4":"has-post-thumbnail","6":"product_cat-adas-mirdzumam","7":"product_cat-jutigai-adai-serumi","8":"product_cat-pret-pinnem","9":"product_cat-serumi","10":"berocket_brand-dear-klairs","11":"desktop-align-left","12":"tablet-align-left","13":"mobile-align-left","15":"first","16":"outofstock","17":"taxable","18":"shipping-taxable","19":"purchasable","20":"product-type-simple","21":"add-to-wishlist-before_image"},"yoast_head":"<!-- This site is optimized with the Yoast SEO plugin v27.3 - https:\/\/yoast.com\/product\/yoast-seo-wordpress\/ -->\n<title>Dear, Klairs Midnight Blue Youth Activating Drop 20ml - FACECORNER<\/title>\n<meta name=\"robots\" content=\"index, follow, max-snippet:-1, max-image-preview:large, max-video-preview:-1\" \/>\n<link rel=\"canonical\" href=\"https:\/\/www.facecorner.lv\/en\/shop\/dear-klairs-midnight-blue-youth-activating-drop-20ml\/\" \/>\n<meta property=\"og:locale\" content=\"en_US\" \/>\n<meta property=\"og:type\" content=\"article\" \/>\n<meta property=\"og:title\" content=\"Dear, Klairs Midnight Blue Youth Activating Drop 20ml - FACECORNER\" \/>\n<meta property=\"og:description\" content=\"Produkts atjauno \u0101das turgoru, paaugstina audu tvirtumu un elast\u012bbu, nostiprina un nostiprina sejas ov\u0101lu. Tam ir viegls liftinga efekts, tas izl\u012bdzina un samazina grumbu un \u0101das kroku dzi\u013cumu. Stiprina viet\u0113jo imunit\u0101ti, piepilda ar ener\u0123iju, atjauno tonusu un vesel\u012bgu mirdzumu. Nomierina kairin\u0101jumu un nov\u0113r\u0161 dehidrat\u0101ciju. Uzlabo mikrocirkul\u0101ciju un aktiviz\u0113 kolag\u0113na sint\u0113zi, atjauno \u0161\u016bnas. Intens\u012bvi mitrina un [&hellip;]\" \/>\n<meta property=\"og:url\" content=\"https:\/\/www.facecorner.lv\/en\/shop\/dear-klairs-midnight-blue-youth-activating-drop-20ml\/\" \/>\n<meta property=\"og:site_name\" content=\"FACECORNER\" \/>\n<meta property=\"article:publisher\" content=\"https:\/\/www.facebook.com\/profile.php?id=100063824551839\" \/>\n<meta property=\"article:modified_time\" content=\"2025-05-13T17:10:02+00:00\" \/>\n<meta property=\"og:image\" content=\"https:\/\/www.facecorner.lv\/wp-content\/uploads\/2023\/06\/Nudie_Glow_Dear_Klairs_Midnight_Blue_Youth_Activating_Drop_Korean_Beauty_Skincare_Australia_style_800x.jpg.webp\" \/>\n\t<meta property=\"og:image:width\" content=\"800\" \/>\n\t<meta property=\"og:image:height\" content=\"800\" \/>\n\t<meta property=\"og:image:type\" content=\"image\/webp\" \/>\n<meta name=\"twitter:card\" content=\"summary_large_image\" \/>\n<meta name=\"twitter:label1\" content=\"Price\" \/>\n\t<meta name=\"twitter:data1\" content=\"&euro;28.00\" \/>\n\t<meta name=\"twitter:label2\" content=\"Availability\" \/>\n\t<meta name=\"twitter:data2\" content=\"Out of stock\" \/>\n<script type=\"application\/ld+json\" class=\"yoast-schema-graph\">{\"@context\":\"https:\\\/\\\/schema.org\",\"@graph\":[{\"@type\":\"WebPage\",\"@id\":\"https:\\\/\\\/www.facecorner.lv\\\/shop\\\/dear-klairs-midnight-blue-youth-activating-drop-20ml\\\/\",\"url\":\"https:\\\/\\\/www.facecorner.lv\\\/shop\\\/dear-klairs-midnight-blue-youth-activating-drop-20ml\\\/\",\"name\":\"Dear, Klairs Midnight Blue Youth Activating Drop 20ml - FACECORNER\",\"isPartOf\":{\"@id\":\"https:\\\/\\\/www.facecorner.lv\\\/#website\"},\"primaryImageOfPage\":{\"@id\":\"https:\\\/\\\/www.facecorner.lv\\\/shop\\\/dear-klairs-midnight-blue-youth-activating-drop-20ml\\\/#primaryimage\"},\"image\":{\"@id\":\"https:\\\/\\\/www.facecorner.lv\\\/shop\\\/dear-klairs-midnight-blue-youth-activating-drop-20ml\\\/#primaryimage\"},\"thumbnailUrl\":\"https:\\\/\\\/www.facecorner.lv\\\/wp-content\\\/uploads\\\/2023\\\/06\\\/Nudie_Glow_Dear_Klairs_Midnight_Blue_Youth_Activating_Drop_Korean_Beauty_Skincare_Australia_style_800x.jpg.webp\",\"datePublished\":\"2023-06-09T13:05:18+00:00\",\"dateModified\":\"2025-05-13T17:10:02+00:00\",\"breadcrumb\":{\"@id\":\"https:\\\/\\\/www.facecorner.lv\\\/shop\\\/dear-klairs-midnight-blue-youth-activating-drop-20ml\\\/#breadcrumb\"},\"inLanguage\":\"en-US\",\"potentialAction\":[{\"@type\":\"ReadAction\",\"target\":[\"https:\\\/\\\/www.facecorner.lv\\\/shop\\\/dear-klairs-midnight-blue-youth-activating-drop-20ml\\\/\"]}]},{\"@type\":\"ImageObject\",\"inLanguage\":\"en-US\",\"@id\":\"https:\\\/\\\/www.facecorner.lv\\\/shop\\\/dear-klairs-midnight-blue-youth-activating-drop-20ml\\\/#primaryimage\",\"url\":\"https:\\\/\\\/www.facecorner.lv\\\/wp-content\\\/uploads\\\/2023\\\/06\\\/Nudie_Glow_Dear_Klairs_Midnight_Blue_Youth_Activating_Drop_Korean_Beauty_Skincare_Australia_style_800x.jpg.webp\",\"contentUrl\":\"https:\\\/\\\/www.facecorner.lv\\\/wp-content\\\/uploads\\\/2023\\\/06\\\/Nudie_Glow_Dear_Klairs_Midnight_Blue_Youth_Activating_Drop_Korean_Beauty_Skincare_Australia_style_800x.jpg.webp\",\"width\":800,\"height\":800},{\"@type\":\"BreadcrumbList\",\"@id\":\"https:\\\/\\\/www.facecorner.lv\\\/shop\\\/dear-klairs-midnight-blue-youth-activating-drop-20ml\\\/#breadcrumb\",\"itemListElement\":[{\"@type\":\"ListItem\",\"position\":1,\"name\":\"Home\",\"item\":\"https:\\\/\\\/www.facecorner.lv\\\/\"},{\"@type\":\"ListItem\",\"position\":2,\"name\":\"Veikals\",\"item\":\"https:\\\/\\\/www.facecorner.lv\\\/shop\\\/\"},{\"@type\":\"ListItem\",\"position\":3,\"name\":\"Dear, Klairs Midnight Blue Youth Activating Drop 20ml\"}]},{\"@type\":\"WebSite\",\"@id\":\"https:\\\/\\\/www.facecorner.lv\\\/#website\",\"url\":\"https:\\\/\\\/www.facecorner.lv\\\/\",\"name\":\"Facecorner\",\"description\":\"\",\"publisher\":{\"@id\":\"https:\\\/\\\/www.facecorner.lv\\\/#organization\"},\"potentialAction\":[{\"@type\":\"SearchAction\",\"target\":{\"@type\":\"EntryPoint\",\"urlTemplate\":\"https:\\\/\\\/www.facecorner.lv\\\/?s={search_term_string}\"},\"query-input\":{\"@type\":\"PropertyValueSpecification\",\"valueRequired\":true,\"valueName\":\"search_term_string\"}}],\"inLanguage\":\"en-US\"},{\"@type\":\"Organization\",\"@id\":\"https:\\\/\\\/www.facecorner.lv\\\/#organization\",\"name\":\"Facecorner\",\"url\":\"https:\\\/\\\/www.facecorner.lv\\\/\",\"logo\":{\"@type\":\"ImageObject\",\"inLanguage\":\"en-US\",\"@id\":\"https:\\\/\\\/www.facecorner.lv\\\/#\\\/schema\\\/logo\\\/image\\\/\",\"url\":\"https:\\\/\\\/www.facecorner.lv\\\/wp-content\\\/uploads\\\/2024\\\/04\\\/fc-logo.jpg\",\"contentUrl\":\"https:\\\/\\\/www.facecorner.lv\\\/wp-content\\\/uploads\\\/2024\\\/04\\\/fc-logo.jpg\",\"width\":174,\"height\":28,\"caption\":\"Facecorner\"},\"image\":{\"@id\":\"https:\\\/\\\/www.facecorner.lv\\\/#\\\/schema\\\/logo\\\/image\\\/\"},\"sameAs\":[\"https:\\\/\\\/www.facebook.com\\\/profile.php?id=100063824551839\",\"https:\\\/\\\/www.instagram.com\\\/facecorner_shop\\\/\"]}]}<\/script>\n<meta property=\"product:price:amount\" content=\"28.00\" \/>\n<meta property=\"product:price:currency\" content=\"EUR\" \/>\n<meta property=\"og:availability\" content=\"out of stock\" \/>\n<meta property=\"product:availability\" content=\"out of stock\" \/>\n<meta property=\"product:condition\" content=\"new\" \/>\n<!-- \/ Yoast SEO plugin. -->","yoast_head_json":{"title":"Dear, Klairs Midnight Blue Youth Activating Drop 20ml - FACECORNER","robots":{"index":"index","follow":"follow","max-snippet":"max-snippet:-1","max-image-preview":"max-image-preview:large","max-video-preview":"max-video-preview:-1"},"canonical":"https:\/\/www.facecorner.lv\/en\/shop\/dear-klairs-midnight-blue-youth-activating-drop-20ml\/","og_locale":"en_US","og_type":"article","og_title":"Dear, Klairs Midnight Blue Youth Activating Drop 20ml - FACECORNER","og_description":"Produkts atjauno \u0101das turgoru, paaugstina audu tvirtumu un elast\u012bbu, nostiprina un nostiprina sejas ov\u0101lu. Tam ir viegls liftinga efekts, tas izl\u012bdzina un samazina grumbu un \u0101das kroku dzi\u013cumu. Stiprina viet\u0113jo imunit\u0101ti, piepilda ar ener\u0123iju, atjauno tonusu un vesel\u012bgu mirdzumu. Nomierina kairin\u0101jumu un nov\u0113r\u0161 dehidrat\u0101ciju. Uzlabo mikrocirkul\u0101ciju un aktiviz\u0113 kolag\u0113na sint\u0113zi, atjauno \u0161\u016bnas. Intens\u012bvi mitrina un [&hellip;]","og_url":"https:\/\/www.facecorner.lv\/en\/shop\/dear-klairs-midnight-blue-youth-activating-drop-20ml\/","og_site_name":"FACECORNER","article_publisher":"https:\/\/www.facebook.com\/profile.php?id=100063824551839","article_modified_time":"2025-05-13T17:10:02+00:00","og_image":[{"width":800,"height":800,"url":"https:\/\/www.facecorner.lv\/wp-content\/uploads\/2023\/06\/Nudie_Glow_Dear_Klairs_Midnight_Blue_Youth_Activating_Drop_Korean_Beauty_Skincare_Australia_style_800x.jpg.webp","type":"image\/webp"}],"twitter_card":"summary_large_image","twitter_misc":{"Price":"&euro;28.00","Availability":"Out of stock"},"schema":{"@context":"https:\/\/schema.org","@graph":[{"@type":"WebPage","@id":"https:\/\/www.facecorner.lv\/shop\/dear-klairs-midnight-blue-youth-activating-drop-20ml\/","url":"https:\/\/www.facecorner.lv\/shop\/dear-klairs-midnight-blue-youth-activating-drop-20ml\/","name":"Dear, Klairs Midnight Blue Youth Activating Drop 20ml - FACECORNER","isPartOf":{"@id":"https:\/\/www.facecorner.lv\/#website"},"primaryImageOfPage":{"@id":"https:\/\/www.facecorner.lv\/shop\/dear-klairs-midnight-blue-youth-activating-drop-20ml\/#primaryimage"},"image":{"@id":"https:\/\/www.facecorner.lv\/shop\/dear-klairs-midnight-blue-youth-activating-drop-20ml\/#primaryimage"},"thumbnailUrl":"https:\/\/www.facecorner.lv\/wp-content\/uploads\/2023\/06\/Nudie_Glow_Dear_Klairs_Midnight_Blue_Youth_Activating_Drop_Korean_Beauty_Skincare_Australia_style_800x.jpg.webp","datePublished":"2023-06-09T13:05:18+00:00","dateModified":"2025-05-13T17:10:02+00:00","breadcrumb":{"@id":"https:\/\/www.facecorner.lv\/shop\/dear-klairs-midnight-blue-youth-activating-drop-20ml\/#breadcrumb"},"inLanguage":"en-US","potentialAction":[{"@type":"ReadAction","target":["https:\/\/www.facecorner.lv\/shop\/dear-klairs-midnight-blue-youth-activating-drop-20ml\/"]}]},{"@type":"ImageObject","inLanguage":"en-US","@id":"https:\/\/www.facecorner.lv\/shop\/dear-klairs-midnight-blue-youth-activating-drop-20ml\/#primaryimage","url":"https:\/\/www.facecorner.lv\/wp-content\/uploads\/2023\/06\/Nudie_Glow_Dear_Klairs_Midnight_Blue_Youth_Activating_Drop_Korean_Beauty_Skincare_Australia_style_800x.jpg.webp","contentUrl":"https:\/\/www.facecorner.lv\/wp-content\/uploads\/2023\/06\/Nudie_Glow_Dear_Klairs_Midnight_Blue_Youth_Activating_Drop_Korean_Beauty_Skincare_Australia_style_800x.jpg.webp","width":800,"height":800},{"@type":"BreadcrumbList","@id":"https:\/\/www.facecorner.lv\/shop\/dear-klairs-midnight-blue-youth-activating-drop-20ml\/#breadcrumb","itemListElement":[{"@type":"ListItem","position":1,"name":"Home","item":"https:\/\/www.facecorner.lv\/"},{"@type":"ListItem","position":2,"name":"Veikals","item":"https:\/\/www.facecorner.lv\/shop\/"},{"@type":"ListItem","position":3,"name":"Dear, Klairs Midnight Blue Youth Activating Drop 20ml"}]},{"@type":"WebSite","@id":"https:\/\/www.facecorner.lv\/#website","url":"https:\/\/www.facecorner.lv\/","name":"Facecorner","description":"","publisher":{"@id":"https:\/\/www.facecorner.lv\/#organization"},"potentialAction":[{"@type":"SearchAction","target":{"@type":"EntryPoint","urlTemplate":"https:\/\/www.facecorner.lv\/?s={search_term_string}"},"query-input":{"@type":"PropertyValueSpecification","valueRequired":true,"valueName":"search_term_string"}}],"inLanguage":"en-US"},{"@type":"Organization","@id":"https:\/\/www.facecorner.lv\/#organization","name":"Facecorner","url":"https:\/\/www.facecorner.lv\/","logo":{"@type":"ImageObject","inLanguage":"en-US","@id":"https:\/\/www.facecorner.lv\/#\/schema\/logo\/image\/","url":"https:\/\/www.facecorner.lv\/wp-content\/uploads\/2024\/04\/fc-logo.jpg","contentUrl":"https:\/\/www.facecorner.lv\/wp-content\/uploads\/2024\/04\/fc-logo.jpg","width":174,"height":28,"caption":"Facecorner"},"image":{"@id":"https:\/\/www.facecorner.lv\/#\/schema\/logo\/image\/"},"sameAs":["https:\/\/www.facebook.com\/profile.php?id=100063824551839","https:\/\/www.instagram.com\/facecorner_shop\/"]}]},"product_price_amount":"28.00","product_price_currency":"EUR","og_availability":"out of stock","product_availability":"out of stock","product_condition":"new"},"_links":{"self":[{"href":"https:\/\/www.facecorner.lv\/en\/wp-json\/wp\/v2\/product\/11043","targetHints":{"allow":["GET"]}}],"collection":[{"href":"https:\/\/www.facecorner.lv\/en\/wp-json\/wp\/v2\/product"}],"about":[{"href":"https:\/\/www.facecorner.lv\/en\/wp-json\/wp\/v2\/types\/product"}],"replies":[{"embeddable":true,"href":"https:\/\/www.facecorner.lv\/en\/wp-json\/wp\/v2\/comments?post=11043"}],"wp:featuredmedia":[{"embeddable":true,"href":"https:\/\/www.facecorner.lv\/en\/wp-json\/wp\/v2\/media\/11045"}],"wp:attachment":[{"href":"https:\/\/www.facecorner.lv\/en\/wp-json\/wp\/v2\/media?parent=11043"}],"wp:term":[{"taxonomy":"product_brand","embeddable":true,"href":"https:\/\/www.facecorner.lv\/en\/wp-json\/wp\/v2\/product_brand?post=11043"},{"taxonomy":"product_cat","embeddable":true,"href":"https:\/\/www.facecorner.lv\/en\/wp-json\/wp\/v2\/product_cat?post=11043"},{"taxonomy":"product_tag","embeddable":true,"href":"https:\/\/www.facecorner.lv\/en\/wp-json\/wp\/v2\/product_tag?post=11043"},{"taxonomy":"berocket_brand","embeddable":true,"href":"https:\/\/www.facecorner.lv\/en\/wp-json\/wp\/v2\/berocket_brand?post=11043"}],"curies":[{"name":"wp","href":"https:\/\/api.w.org\/{rel}","templated":true}]}}