{"id":11028,"date":"2023-06-09T12:35:21","date_gmt":"2023-06-09T10:35:21","guid":{"rendered":"https:\/\/www.facecorner.lv\/?post_type=product&#038;p=11028"},"modified":"2024-04-11T22:01:03","modified_gmt":"2024-04-11T20:01:03","slug":"dear-klairs-gentle-black-facial-cleanser-140ml","status":"publish","type":"product","link":"https:\/\/www.facecorner.lv\/en\/shop\/dear-klairs-gentle-black-facial-cleanser-140ml\/","title":{"rendered":"Dear, Klairs Gentle Black Facial Cleanser 140ml"},"content":{"rendered":"<p>M\u012bkstas t\u012br\u012b\u0161anas putas Cien\u012bjamie, Klairs Gentle Black Facial Cleanser maigi no\u0146em visu veidu net\u012brumus, nesaboj\u0101jot \u0101das barjeru. Instruments nep\u0101r\u017e\u016bst un neizraisa sausumu, atst\u0101j pat\u012bkamu saj\u016btu.<\/p>\n<p>\u0160is veg\u0101ns sejas t\u012br\u012b\u0161anas l\u012bdzeklis maigi noloba un att\u012bra, vienlaikus pal\u012bdzot saraut papla\u0161in\u0101t\u0101s poras. Produktam ir neitr\u0101ls pH l\u012bmenis un tas ir piem\u0113rots pat jut\u012bgai \u0101dai. Veido bag\u0101t\u012bgas maigas putas, kas labi c\u012bn\u0101s ar pies\u0101r\u0146ojumu, \u0161\u0137\u012bdina komedonus un neizraisa \u0101das kairin\u0101jumu.<\/p>\n<p>Produkta galven\u0101 sast\u0101vda\u013ca ir \u201cmelnais komplekss\u201d, kur\u0101 ietilpst meln\u0101s trifeles, \u0137imenes, sojas un kazenes ekstrakts. Tai piem\u012bt antioksidanta un toniz\u0113jo\u0161a iedarb\u012bba, lieliski mitrina, nomierina un neitraliz\u0113 teko\u0161a \u016bdens agres\u012bvo iedarb\u012bbu. Pal\u012bdz palielin\u0101t audu elast\u012bbu, samazina grumbu dzi\u013cumu un pal\u0113nina noveco\u0161an\u0101s procesu.<\/p>\n<p>Piem\u0113rots sausai, norm\u0101lai un jut\u012bgai \u0101dai.<\/p>\n<p><strong>How to use:<\/strong> sajauciet nepiecie\u0161amo produkta daudzumu ar \u016bdeni. Saputo l\u012bdz elast\u012bgu putu st\u0101voklim un uzkl\u0101j uz \u0101das. Viegli iemas\u0113jiet seju. Nomazg\u0101jiet putas ar siltu \u016bdeni. P\u0113c tam izmantojiet toneri.<\/p>\n<p><strong>Ingredientes:\u00a0<\/strong>Water, Glycerin, Sodium Cocoyl Glycinate, Sodium Lauroyl Glutamate, 1,2-Hexanediol, Hydroxypropyl Starch Phosphate, Lauryl Betaine, Hydroxyacetophenone, Ethylhexylglycerin, Sodium Chloride, Decylene Glycol, Butylene Glycol, Dipropylene Glycol, Laminaria Japonica Extract, Eclipta Prostrata Leaf Extract, Nigella Sativa Seed Extract, Hydrogenated Lecithin, Fructooligosaccharides, Amaranthus Caudatus Seed Extract, Ulmus Davidiana Root Extract, Beta-Glucan, Ficus Carica (Fig) Fruit Extract, Centella Asiatica Extract, Rubus Fruticosus (Blackberry) Fruit Extract, Hydrolyzed Hyaluronic Acid, Tuber Melanosporum Extract, Tocopherol, Ceramide Np, Glycine Soja (Soybean) Seed Extract, Aspartic Acid, Acetyl Hexapeptide-8<\/p>","protected":false},"excerpt":{"rendered":"<p>M\u012bkstas t\u012br\u012b\u0161anas putas Cien\u012bjamie, Klairs Gentle Black Facial Cleanser maigi no\u0146em visu veidu net\u012brumus, nesaboj\u0101jot \u0101das barjeru. Instruments nep\u0101r\u017e\u016bst un neizraisa sausumu, atst\u0101j pat\u012bkamu saj\u016btu. \u0160is veg\u0101ns sejas t\u012br\u012b\u0161anas l\u012bdzeklis maigi noloba un att\u012bra, vienlaikus pal\u012bdzot saraut papla\u0161in\u0101t\u0101s poras. Produktam ir neitr\u0101ls pH l\u012bmenis un tas ir piem\u0113rots pat jut\u012bgai \u0101dai. Veido bag\u0101t\u012bgas maigas putas, [&hellip;]<\/p>\n","protected":false},"featured_media":11029,"comment_status":"open","ping_status":"closed","template":"","meta":{"site-sidebar-layout":"default","site-content-layout":"","ast-site-content-layout":"","site-content-style":"default","site-sidebar-style":"default","ast-global-header-display":"","ast-banner-title-visibility":"","ast-main-header-display":"","ast-hfb-above-header-display":"","ast-hfb-below-header-display":"","ast-hfb-mobile-header-display":"","site-post-title":"","ast-breadcrumbs-content":"","ast-featured-img":"","footer-sml-layout":"","theme-transparent-header-meta":"","adv-header-id-meta":"","stick-header-meta":"","header-above-stick-meta":"","header-main-stick-meta":"","header-below-stick-meta":"","astra-migrate-meta-layouts":"default","ast-page-background-enabled":"default","ast-page-background-meta":{"desktop":{"background-color":"var(--ast-global-color-4)","background-image":"","background-repeat":"repeat","background-position":"center center","background-size":"auto","background-attachment":"scroll","background-type":"","background-media":"","overlay-type":"","overlay-color":"","overlay-opacity":"","overlay-gradient":""},"tablet":{"background-color":"","background-image":"","background-repeat":"repeat","background-position":"center center","background-size":"auto","background-attachment":"scroll","background-type":"","background-media":"","overlay-type":"","overlay-color":"","overlay-opacity":"","overlay-gradient":""},"mobile":{"background-color":"","background-image":"","background-repeat":"repeat","background-position":"center center","background-size":"auto","background-attachment":"scroll","background-type":"","background-media":"","overlay-type":"","overlay-color":"","overlay-opacity":"","overlay-gradient":""}},"ast-content-background-meta":{"desktop":{"background-color":"var(--ast-global-color-5)","background-image":"","background-repeat":"repeat","background-position":"center center","background-size":"auto","background-attachment":"scroll","background-type":"","background-media":"","overlay-type":"","overlay-color":"","overlay-opacity":"","overlay-gradient":""},"tablet":{"background-color":"var(--ast-global-color-5)","background-image":"","background-repeat":"repeat","background-position":"center center","background-size":"auto","background-attachment":"scroll","background-type":"","background-media":"","overlay-type":"","overlay-color":"","overlay-opacity":"","overlay-gradient":""},"mobile":{"background-color":"var(--ast-global-color-5)","background-image":"","background-repeat":"repeat","background-position":"center center","background-size":"auto","background-attachment":"scroll","background-type":"","background-media":"","overlay-type":"","overlay-color":"","overlay-opacity":"","overlay-gradient":""}}},"product_brand":[],"product_cat":[310,311,312,380,317,379,307],"product_tag":[],"berocket_brand":[],"class_list":{"0":"post-11028","1":"product","2":"type-product","3":"status-publish","4":"has-post-thumbnail","6":"product_cat-attirisana","7":"product_cat-jutigai-adai-attirisana","8":"product_cat-kombinetai-adai-attirisana","9":"product_cat-kombinetai-adai","10":"product_cat-sausai-adai-attirisana","11":"product_cat-sausai-adai-anti-age","12":"product_cat-sejai","13":"desktop-align-left","14":"tablet-align-left","15":"mobile-align-left","17":"first","18":"outofstock","19":"taxable","20":"shipping-taxable","21":"purchasable","22":"product-type-simple","23":"add-to-wishlist-before_image"},"yoast_head":"<!-- This site is optimized with the Yoast SEO plugin v27.3 - https:\/\/yoast.com\/product\/yoast-seo-wordpress\/ -->\n<title>Dear, Klairs Gentle Black Facial Cleanser 140ml - FACECORNER<\/title>\n<meta name=\"robots\" content=\"index, follow, max-snippet:-1, max-image-preview:large, max-video-preview:-1\" \/>\n<link rel=\"canonical\" href=\"https:\/\/www.facecorner.lv\/en\/shop\/dear-klairs-gentle-black-facial-cleanser-140ml\/\" \/>\n<meta property=\"og:locale\" content=\"en_US\" \/>\n<meta property=\"og:type\" content=\"article\" \/>\n<meta property=\"og:title\" content=\"Dear, Klairs Gentle Black Facial Cleanser 140ml - FACECORNER\" \/>\n<meta property=\"og:description\" content=\"M\u012bkstas t\u012br\u012b\u0161anas putas Cien\u012bjamie, Klairs Gentle Black Facial Cleanser maigi no\u0146em visu veidu net\u012brumus, nesaboj\u0101jot \u0101das barjeru. Instruments nep\u0101r\u017e\u016bst un neizraisa sausumu, atst\u0101j pat\u012bkamu saj\u016btu. \u0160is veg\u0101ns sejas t\u012br\u012b\u0161anas l\u012bdzeklis maigi noloba un att\u012bra, vienlaikus pal\u012bdzot saraut papla\u0161in\u0101t\u0101s poras. Produktam ir neitr\u0101ls pH l\u012bmenis un tas ir piem\u0113rots pat jut\u012bgai \u0101dai. Veido bag\u0101t\u012bgas maigas putas, [&hellip;]\" \/>\n<meta property=\"og:url\" content=\"https:\/\/www.facecorner.lv\/en\/shop\/dear-klairs-gentle-black-facial-cleanser-140ml\/\" \/>\n<meta property=\"og:site_name\" content=\"FACECORNER\" \/>\n<meta property=\"article:publisher\" content=\"https:\/\/www.facebook.com\/profile.php?id=100063824551839\" \/>\n<meta property=\"article:modified_time\" content=\"2024-04-11T20:01:03+00:00\" \/>\n<meta property=\"og:image\" content=\"https:\/\/www.facecorner.lv\/wp-content\/uploads\/2023\/06\/Unknown.jpeg\" \/>\n\t<meta property=\"og:image:width\" content=\"225\" \/>\n\t<meta property=\"og:image:height\" content=\"225\" \/>\n\t<meta property=\"og:image:type\" content=\"image\/jpeg\" \/>\n<meta name=\"twitter:card\" content=\"summary_large_image\" \/>\n<meta name=\"twitter:label1\" content=\"Price\" \/>\n\t<meta name=\"twitter:data1\" content=\"&euro;24.00\" \/>\n\t<meta name=\"twitter:label2\" content=\"Availability\" \/>\n\t<meta name=\"twitter:data2\" content=\"Out of stock\" \/>\n<script type=\"application\/ld+json\" class=\"yoast-schema-graph\">{\"@context\":\"https:\\\/\\\/schema.org\",\"@graph\":[{\"@type\":\"WebPage\",\"@id\":\"https:\\\/\\\/www.facecorner.lv\\\/shop\\\/dear-klairs-gentle-black-facial-cleanser-140ml\\\/\",\"url\":\"https:\\\/\\\/www.facecorner.lv\\\/shop\\\/dear-klairs-gentle-black-facial-cleanser-140ml\\\/\",\"name\":\"Dear, Klairs Gentle Black Facial Cleanser 140ml - FACECORNER\",\"isPartOf\":{\"@id\":\"https:\\\/\\\/www.facecorner.lv\\\/#website\"},\"primaryImageOfPage\":{\"@id\":\"https:\\\/\\\/www.facecorner.lv\\\/shop\\\/dear-klairs-gentle-black-facial-cleanser-140ml\\\/#primaryimage\"},\"image\":{\"@id\":\"https:\\\/\\\/www.facecorner.lv\\\/shop\\\/dear-klairs-gentle-black-facial-cleanser-140ml\\\/#primaryimage\"},\"thumbnailUrl\":\"https:\\\/\\\/www.facecorner.lv\\\/wp-content\\\/uploads\\\/2023\\\/06\\\/Unknown.jpeg\",\"datePublished\":\"2023-06-09T10:35:21+00:00\",\"dateModified\":\"2024-04-11T20:01:03+00:00\",\"breadcrumb\":{\"@id\":\"https:\\\/\\\/www.facecorner.lv\\\/shop\\\/dear-klairs-gentle-black-facial-cleanser-140ml\\\/#breadcrumb\"},\"inLanguage\":\"en-US\",\"potentialAction\":[{\"@type\":\"ReadAction\",\"target\":[\"https:\\\/\\\/www.facecorner.lv\\\/shop\\\/dear-klairs-gentle-black-facial-cleanser-140ml\\\/\"]}]},{\"@type\":\"ImageObject\",\"inLanguage\":\"en-US\",\"@id\":\"https:\\\/\\\/www.facecorner.lv\\\/shop\\\/dear-klairs-gentle-black-facial-cleanser-140ml\\\/#primaryimage\",\"url\":\"https:\\\/\\\/www.facecorner.lv\\\/wp-content\\\/uploads\\\/2023\\\/06\\\/Unknown.jpeg\",\"contentUrl\":\"https:\\\/\\\/www.facecorner.lv\\\/wp-content\\\/uploads\\\/2023\\\/06\\\/Unknown.jpeg\",\"width\":225,\"height\":225},{\"@type\":\"BreadcrumbList\",\"@id\":\"https:\\\/\\\/www.facecorner.lv\\\/shop\\\/dear-klairs-gentle-black-facial-cleanser-140ml\\\/#breadcrumb\",\"itemListElement\":[{\"@type\":\"ListItem\",\"position\":1,\"name\":\"Home\",\"item\":\"https:\\\/\\\/www.facecorner.lv\\\/\"},{\"@type\":\"ListItem\",\"position\":2,\"name\":\"Veikals\",\"item\":\"https:\\\/\\\/www.facecorner.lv\\\/shop\\\/\"},{\"@type\":\"ListItem\",\"position\":3,\"name\":\"Dear, Klairs Gentle Black Facial Cleanser 140ml\"}]},{\"@type\":\"WebSite\",\"@id\":\"https:\\\/\\\/www.facecorner.lv\\\/#website\",\"url\":\"https:\\\/\\\/www.facecorner.lv\\\/\",\"name\":\"Facecorner\",\"description\":\"\",\"publisher\":{\"@id\":\"https:\\\/\\\/www.facecorner.lv\\\/#organization\"},\"potentialAction\":[{\"@type\":\"SearchAction\",\"target\":{\"@type\":\"EntryPoint\",\"urlTemplate\":\"https:\\\/\\\/www.facecorner.lv\\\/?s={search_term_string}\"},\"query-input\":{\"@type\":\"PropertyValueSpecification\",\"valueRequired\":true,\"valueName\":\"search_term_string\"}}],\"inLanguage\":\"en-US\"},{\"@type\":\"Organization\",\"@id\":\"https:\\\/\\\/www.facecorner.lv\\\/#organization\",\"name\":\"Facecorner\",\"url\":\"https:\\\/\\\/www.facecorner.lv\\\/\",\"logo\":{\"@type\":\"ImageObject\",\"inLanguage\":\"en-US\",\"@id\":\"https:\\\/\\\/www.facecorner.lv\\\/#\\\/schema\\\/logo\\\/image\\\/\",\"url\":\"https:\\\/\\\/www.facecorner.lv\\\/wp-content\\\/uploads\\\/2024\\\/04\\\/fc-logo.jpg\",\"contentUrl\":\"https:\\\/\\\/www.facecorner.lv\\\/wp-content\\\/uploads\\\/2024\\\/04\\\/fc-logo.jpg\",\"width\":174,\"height\":28,\"caption\":\"Facecorner\"},\"image\":{\"@id\":\"https:\\\/\\\/www.facecorner.lv\\\/#\\\/schema\\\/logo\\\/image\\\/\"},\"sameAs\":[\"https:\\\/\\\/www.facebook.com\\\/profile.php?id=100063824551839\",\"https:\\\/\\\/www.instagram.com\\\/facecorner_shop\\\/\"]}]}<\/script>\n<meta property=\"product:price:amount\" content=\"24.00\" \/>\n<meta property=\"product:price:currency\" content=\"EUR\" \/>\n<meta property=\"og:availability\" content=\"out of stock\" \/>\n<meta property=\"product:availability\" content=\"out of stock\" \/>\n<meta property=\"product:condition\" content=\"new\" \/>\n<!-- \/ Yoast SEO plugin. -->","yoast_head_json":{"title":"Dear, Klairs Gentle Black Facial Cleanser 140ml - FACECORNER","robots":{"index":"index","follow":"follow","max-snippet":"max-snippet:-1","max-image-preview":"max-image-preview:large","max-video-preview":"max-video-preview:-1"},"canonical":"https:\/\/www.facecorner.lv\/en\/shop\/dear-klairs-gentle-black-facial-cleanser-140ml\/","og_locale":"en_US","og_type":"article","og_title":"Dear, Klairs Gentle Black Facial Cleanser 140ml - FACECORNER","og_description":"M\u012bkstas t\u012br\u012b\u0161anas putas Cien\u012bjamie, Klairs Gentle Black Facial Cleanser maigi no\u0146em visu veidu net\u012brumus, nesaboj\u0101jot \u0101das barjeru. Instruments nep\u0101r\u017e\u016bst un neizraisa sausumu, atst\u0101j pat\u012bkamu saj\u016btu. \u0160is veg\u0101ns sejas t\u012br\u012b\u0161anas l\u012bdzeklis maigi noloba un att\u012bra, vienlaikus pal\u012bdzot saraut papla\u0161in\u0101t\u0101s poras. Produktam ir neitr\u0101ls pH l\u012bmenis un tas ir piem\u0113rots pat jut\u012bgai \u0101dai. Veido bag\u0101t\u012bgas maigas putas, [&hellip;]","og_url":"https:\/\/www.facecorner.lv\/en\/shop\/dear-klairs-gentle-black-facial-cleanser-140ml\/","og_site_name":"FACECORNER","article_publisher":"https:\/\/www.facebook.com\/profile.php?id=100063824551839","article_modified_time":"2024-04-11T20:01:03+00:00","og_image":[{"width":225,"height":225,"url":"https:\/\/www.facecorner.lv\/wp-content\/uploads\/2023\/06\/Unknown.jpeg","type":"image\/jpeg"}],"twitter_card":"summary_large_image","twitter_misc":{"Price":"&euro;24.00","Availability":"Out of stock"},"schema":{"@context":"https:\/\/schema.org","@graph":[{"@type":"WebPage","@id":"https:\/\/www.facecorner.lv\/shop\/dear-klairs-gentle-black-facial-cleanser-140ml\/","url":"https:\/\/www.facecorner.lv\/shop\/dear-klairs-gentle-black-facial-cleanser-140ml\/","name":"Dear, Klairs Gentle Black Facial Cleanser 140ml - FACECORNER","isPartOf":{"@id":"https:\/\/www.facecorner.lv\/#website"},"primaryImageOfPage":{"@id":"https:\/\/www.facecorner.lv\/shop\/dear-klairs-gentle-black-facial-cleanser-140ml\/#primaryimage"},"image":{"@id":"https:\/\/www.facecorner.lv\/shop\/dear-klairs-gentle-black-facial-cleanser-140ml\/#primaryimage"},"thumbnailUrl":"https:\/\/www.facecorner.lv\/wp-content\/uploads\/2023\/06\/Unknown.jpeg","datePublished":"2023-06-09T10:35:21+00:00","dateModified":"2024-04-11T20:01:03+00:00","breadcrumb":{"@id":"https:\/\/www.facecorner.lv\/shop\/dear-klairs-gentle-black-facial-cleanser-140ml\/#breadcrumb"},"inLanguage":"en-US","potentialAction":[{"@type":"ReadAction","target":["https:\/\/www.facecorner.lv\/shop\/dear-klairs-gentle-black-facial-cleanser-140ml\/"]}]},{"@type":"ImageObject","inLanguage":"en-US","@id":"https:\/\/www.facecorner.lv\/shop\/dear-klairs-gentle-black-facial-cleanser-140ml\/#primaryimage","url":"https:\/\/www.facecorner.lv\/wp-content\/uploads\/2023\/06\/Unknown.jpeg","contentUrl":"https:\/\/www.facecorner.lv\/wp-content\/uploads\/2023\/06\/Unknown.jpeg","width":225,"height":225},{"@type":"BreadcrumbList","@id":"https:\/\/www.facecorner.lv\/shop\/dear-klairs-gentle-black-facial-cleanser-140ml\/#breadcrumb","itemListElement":[{"@type":"ListItem","position":1,"name":"Home","item":"https:\/\/www.facecorner.lv\/"},{"@type":"ListItem","position":2,"name":"Veikals","item":"https:\/\/www.facecorner.lv\/shop\/"},{"@type":"ListItem","position":3,"name":"Dear, Klairs Gentle Black Facial Cleanser 140ml"}]},{"@type":"WebSite","@id":"https:\/\/www.facecorner.lv\/#website","url":"https:\/\/www.facecorner.lv\/","name":"Facecorner","description":"","publisher":{"@id":"https:\/\/www.facecorner.lv\/#organization"},"potentialAction":[{"@type":"SearchAction","target":{"@type":"EntryPoint","urlTemplate":"https:\/\/www.facecorner.lv\/?s={search_term_string}"},"query-input":{"@type":"PropertyValueSpecification","valueRequired":true,"valueName":"search_term_string"}}],"inLanguage":"en-US"},{"@type":"Organization","@id":"https:\/\/www.facecorner.lv\/#organization","name":"Facecorner","url":"https:\/\/www.facecorner.lv\/","logo":{"@type":"ImageObject","inLanguage":"en-US","@id":"https:\/\/www.facecorner.lv\/#\/schema\/logo\/image\/","url":"https:\/\/www.facecorner.lv\/wp-content\/uploads\/2024\/04\/fc-logo.jpg","contentUrl":"https:\/\/www.facecorner.lv\/wp-content\/uploads\/2024\/04\/fc-logo.jpg","width":174,"height":28,"caption":"Facecorner"},"image":{"@id":"https:\/\/www.facecorner.lv\/#\/schema\/logo\/image\/"},"sameAs":["https:\/\/www.facebook.com\/profile.php?id=100063824551839","https:\/\/www.instagram.com\/facecorner_shop\/"]}]},"product_price_amount":"24.00","product_price_currency":"EUR","og_availability":"out of stock","product_availability":"out of stock","product_condition":"new"},"_links":{"self":[{"href":"https:\/\/www.facecorner.lv\/en\/wp-json\/wp\/v2\/product\/11028","targetHints":{"allow":["GET"]}}],"collection":[{"href":"https:\/\/www.facecorner.lv\/en\/wp-json\/wp\/v2\/product"}],"about":[{"href":"https:\/\/www.facecorner.lv\/en\/wp-json\/wp\/v2\/types\/product"}],"replies":[{"embeddable":true,"href":"https:\/\/www.facecorner.lv\/en\/wp-json\/wp\/v2\/comments?post=11028"}],"wp:featuredmedia":[{"embeddable":true,"href":"https:\/\/www.facecorner.lv\/en\/wp-json\/wp\/v2\/media\/11029"}],"wp:attachment":[{"href":"https:\/\/www.facecorner.lv\/en\/wp-json\/wp\/v2\/media?parent=11028"}],"wp:term":[{"taxonomy":"product_brand","embeddable":true,"href":"https:\/\/www.facecorner.lv\/en\/wp-json\/wp\/v2\/product_brand?post=11028"},{"taxonomy":"product_cat","embeddable":true,"href":"https:\/\/www.facecorner.lv\/en\/wp-json\/wp\/v2\/product_cat?post=11028"},{"taxonomy":"product_tag","embeddable":true,"href":"https:\/\/www.facecorner.lv\/en\/wp-json\/wp\/v2\/product_tag?post=11028"},{"taxonomy":"berocket_brand","embeddable":true,"href":"https:\/\/www.facecorner.lv\/en\/wp-json\/wp\/v2\/berocket_brand?post=11028"}],"curies":[{"name":"wp","href":"https:\/\/api.w.org\/{rel}","templated":true}]}}