{"id":11024,"date":"2023-06-09T12:10:40","date_gmt":"2023-06-09T10:10:40","guid":{"rendered":"https:\/\/www.facecorner.lv\/?post_type=product&#038;p=11024"},"modified":"2026-02-03T14:46:13","modified_gmt":"2026-02-03T11:46:13","slug":"dear-klairs-gentle-black-deep-cleansing-oil-150ml","status":"publish","type":"product","link":"https:\/\/www.facecorner.lv\/en\/shop\/dear-klairs-gentle-black-deep-cleansing-oil-150ml\/","title":{"rendered":"Dear, Klairs Gentle Black Deep Cleansing Oil 150ml"},"content":{"rendered":"<p>Dabisk\u0101 hidrofil\u0101 e\u013c\u013ca Klairs Gentle Black Deep Cleansing Oil grima no\u0146em\u0161anai un poru dzi\u013cai att\u012br\u012b\u0161anai. Instrumentam ir \u201ct\u012br\u0101kais\u201d sast\u0101vs, tas nesatur miner\u0101le\u013c\u013cu, parab\u0113nus, naftas produktus un m\u0101ksl\u012bg\u0101s kr\u0101svielas, kas noz\u012bm\u0113, ka tas ir maksim\u0101li dro\u0161s pat visjut\u012bg\u0101kajai \u0101dai.<\/p>\n<p>Hidrof\u012bl\u0101 e\u013c\u013ca tiek uzkl\u0101ta uz sausas \u0101das ar saus\u0101m rok\u0101m, dzi\u013ci ies\u016bcas por\u0101s, iz\u0161\u0137\u012bdinot tauku aizb\u0101\u017e\u0146us un likvid\u0113jot visus net\u012brumus.<\/p>\n<p>Piem\u0113rots visiem \u0101das tipiem, ar\u012b jut\u012bgai.<\/p>\n<p><strong>How to use:<\/strong> Uzkl\u0101jiet e\u013c\u013cu uz sausas \u0101das ar saus\u0101m rok\u0101m. Mas\u0113jiet seju ar e\u013c\u013cu 1-2 min\u016btes. Nomazg\u0101t ar siltu \u016bdeni. Piem\u0113rots ikdienas lieto\u0161anai. Atkar\u012bb\u0101 no \u0101das vajadz\u012bb\u0101m produktu var lietot tikai vakar\u0101 vai gan no r\u012bta, gan vakar\u0101.<\/p>\n<p><strong>Ingredientes:\u00a0<\/strong>Caprylic\/Capric Triglyceride, Cetyl Ethylhexanoate, Isononyl Isononanoate, PEG-7 Glyceryl Cocoate , Isopropyl Myristate, Simmondsia Chinensis (Jojoba) Seed Oil, Glycine Soja (Soybean) Oil, Sesamum Indicum (Sesame) Seed Oil , Ribes Nigrum (Black Currant) Seed Oil , Tocopheryl Acetate , PEG-20 Glyceryl Triisostearate , Polysorbate 20, Fragrance, Butyrospermum Parkii (Shea Butter) , Carapa Guaianensis Seed Oil, Vaccinium Macrocarpon (Cranberry) Seed Oil<\/p>","protected":false},"excerpt":{"rendered":"<p>Dabisk\u0101 hidrofil\u0101 e\u013c\u013ca Klairs Gentle Black Deep Cleansing Oil grima no\u0146em\u0161anai un poru dzi\u013cai att\u012br\u012b\u0161anai. Instrumentam ir \u201ct\u012br\u0101kais\u201d sast\u0101vs, tas nesatur miner\u0101le\u013c\u013cu, parab\u0113nus, naftas produktus un m\u0101ksl\u012bg\u0101s kr\u0101svielas, kas noz\u012bm\u0113, ka tas ir maksim\u0101li dro\u0161s pat visjut\u012bg\u0101kajai \u0101dai. Hidrof\u012bl\u0101 e\u013c\u013ca tiek uzkl\u0101ta uz sausas \u0101das ar saus\u0101m rok\u0101m, dzi\u013ci ies\u016bcas por\u0101s, iz\u0161\u0137\u012bdinot tauku aizb\u0101\u017e\u0146us un [&hellip;]<\/p>\n","protected":false},"featured_media":11025,"comment_status":"open","ping_status":"closed","template":"","meta":{"site-sidebar-layout":"default","site-content-layout":"","ast-site-content-layout":"","site-content-style":"default","site-sidebar-style":"default","ast-global-header-display":"","ast-banner-title-visibility":"","ast-main-header-display":"","ast-hfb-above-header-display":"","ast-hfb-below-header-display":"","ast-hfb-mobile-header-display":"","site-post-title":"","ast-breadcrumbs-content":"","ast-featured-img":"","footer-sml-layout":"","theme-transparent-header-meta":"","adv-header-id-meta":"","stick-header-meta":"","header-above-stick-meta":"","header-main-stick-meta":"","header-below-stick-meta":"","astra-migrate-meta-layouts":"default","ast-page-background-enabled":"default","ast-page-background-meta":{"desktop":{"background-color":"var(--ast-global-color-4)","background-image":"","background-repeat":"repeat","background-position":"center center","background-size":"auto","background-attachment":"scroll","background-type":"","background-media":"","overlay-type":"","overlay-color":"","overlay-opacity":"","overlay-gradient":""},"tablet":{"background-color":"","background-image":"","background-repeat":"repeat","background-position":"center center","background-size":"auto","background-attachment":"scroll","background-type":"","background-media":"","overlay-type":"","overlay-color":"","overlay-opacity":"","overlay-gradient":""},"mobile":{"background-color":"","background-image":"","background-repeat":"repeat","background-position":"center center","background-size":"auto","background-attachment":"scroll","background-type":"","background-media":"","overlay-type":"","overlay-color":"","overlay-opacity":"","overlay-gradient":""}},"ast-content-background-meta":{"desktop":{"background-color":"var(--ast-global-color-5)","background-image":"","background-repeat":"repeat","background-position":"center center","background-size":"auto","background-attachment":"scroll","background-type":"","background-media":"","overlay-type":"","overlay-color":"","overlay-opacity":"","overlay-gradient":""},"tablet":{"background-color":"var(--ast-global-color-5)","background-image":"","background-repeat":"repeat","background-position":"center center","background-size":"auto","background-attachment":"scroll","background-type":"","background-media":"","overlay-type":"","overlay-color":"","overlay-opacity":"","overlay-gradient":""},"mobile":{"background-color":"var(--ast-global-color-5)","background-image":"","background-repeat":"repeat","background-position":"center center","background-size":"auto","background-attachment":"scroll","background-type":"","background-media":"","overlay-type":"","overlay-color":"","overlay-opacity":"","overlay-gradient":""}}},"product_brand":[],"product_cat":[321],"product_tag":[],"berocket_brand":[630],"class_list":{"0":"post-11024","1":"product","2":"type-product","3":"status-publish","4":"has-post-thumbnail","6":"product_cat-hidrofila-ella","7":"berocket_brand-dear-klairs","8":"desktop-align-left","9":"tablet-align-left","10":"mobile-align-left","12":"first","13":"instock","14":"taxable","15":"shipping-taxable","16":"purchasable","17":"product-type-simple","18":"add-to-wishlist-before_image"},"yoast_head":"<!-- This site is optimized with the Yoast SEO plugin v27.4 - https:\/\/yoast.com\/product\/yoast-seo-wordpress\/ -->\n<title>Dear, Klairs Gentle Black Deep Cleansing Oil 150ml - FACECORNER<\/title>\n<meta name=\"robots\" content=\"index, follow, max-snippet:-1, max-image-preview:large, max-video-preview:-1\" \/>\n<link rel=\"canonical\" href=\"https:\/\/www.facecorner.lv\/en\/shop\/dear-klairs-gentle-black-deep-cleansing-oil-150ml\/\" \/>\n<meta property=\"og:locale\" content=\"en_US\" \/>\n<meta property=\"og:type\" content=\"article\" \/>\n<meta property=\"og:title\" content=\"Dear, Klairs Gentle Black Deep Cleansing Oil 150ml - FACECORNER\" \/>\n<meta property=\"og:description\" content=\"Dabisk\u0101 hidrofil\u0101 e\u013c\u013ca Klairs Gentle Black Deep Cleansing Oil grima no\u0146em\u0161anai un poru dzi\u013cai att\u012br\u012b\u0161anai. Instrumentam ir \u201ct\u012br\u0101kais\u201d sast\u0101vs, tas nesatur miner\u0101le\u013c\u013cu, parab\u0113nus, naftas produktus un m\u0101ksl\u012bg\u0101s kr\u0101svielas, kas noz\u012bm\u0113, ka tas ir maksim\u0101li dro\u0161s pat visjut\u012bg\u0101kajai \u0101dai. Hidrof\u012bl\u0101 e\u013c\u013ca tiek uzkl\u0101ta uz sausas \u0101das ar saus\u0101m rok\u0101m, dzi\u013ci ies\u016bcas por\u0101s, iz\u0161\u0137\u012bdinot tauku aizb\u0101\u017e\u0146us un [&hellip;]\" \/>\n<meta property=\"og:url\" content=\"https:\/\/www.facecorner.lv\/en\/shop\/dear-klairs-gentle-black-deep-cleansing-oil-150ml\/\" \/>\n<meta property=\"og:site_name\" content=\"FACECORNER\" \/>\n<meta property=\"article:publisher\" content=\"https:\/\/www.facebook.com\/profile.php?id=100063824551839\" \/>\n<meta property=\"article:modified_time\" content=\"2026-02-03T11:46:13+00:00\" \/>\n<meta property=\"og:image\" content=\"https:\/\/www.facecorner.lv\/wp-content\/uploads\/2023\/06\/image_1_6177fc91-5640-4be4-807a-25fa69a6194f.jpg.webp\" \/>\n\t<meta property=\"og:image:width\" content=\"1000\" \/>\n\t<meta property=\"og:image:height\" content=\"1000\" \/>\n\t<meta property=\"og:image:type\" content=\"image\/webp\" \/>\n<meta name=\"twitter:card\" content=\"summary_large_image\" \/>\n<meta name=\"twitter:label1\" content=\"Price\" \/>\n\t<meta name=\"twitter:data1\" content=\"&euro;26.00\" \/>\n\t<meta name=\"twitter:label2\" content=\"Availability\" \/>\n\t<meta name=\"twitter:data2\" content=\"In stock\" \/>\n<script type=\"application\/ld+json\" class=\"yoast-schema-graph\">{\"@context\":\"https:\\\/\\\/schema.org\",\"@graph\":[{\"@type\":\"WebPage\",\"@id\":\"https:\\\/\\\/www.facecorner.lv\\\/shop\\\/dear-klairs-gentle-black-deep-cleansing-oil-150ml\\\/\",\"url\":\"https:\\\/\\\/www.facecorner.lv\\\/shop\\\/dear-klairs-gentle-black-deep-cleansing-oil-150ml\\\/\",\"name\":\"Dear, Klairs Gentle Black Deep Cleansing Oil 150ml - FACECORNER\",\"isPartOf\":{\"@id\":\"https:\\\/\\\/www.facecorner.lv\\\/#website\"},\"primaryImageOfPage\":{\"@id\":\"https:\\\/\\\/www.facecorner.lv\\\/shop\\\/dear-klairs-gentle-black-deep-cleansing-oil-150ml\\\/#primaryimage\"},\"image\":{\"@id\":\"https:\\\/\\\/www.facecorner.lv\\\/shop\\\/dear-klairs-gentle-black-deep-cleansing-oil-150ml\\\/#primaryimage\"},\"thumbnailUrl\":\"https:\\\/\\\/www.facecorner.lv\\\/wp-content\\\/uploads\\\/2023\\\/06\\\/image_1_6177fc91-5640-4be4-807a-25fa69a6194f.jpg.webp\",\"datePublished\":\"2023-06-09T10:10:40+00:00\",\"dateModified\":\"2026-02-03T11:46:13+00:00\",\"breadcrumb\":{\"@id\":\"https:\\\/\\\/www.facecorner.lv\\\/shop\\\/dear-klairs-gentle-black-deep-cleansing-oil-150ml\\\/#breadcrumb\"},\"inLanguage\":\"en-US\",\"potentialAction\":[{\"@type\":\"ReadAction\",\"target\":[\"https:\\\/\\\/www.facecorner.lv\\\/shop\\\/dear-klairs-gentle-black-deep-cleansing-oil-150ml\\\/\"]}]},{\"@type\":\"ImageObject\",\"inLanguage\":\"en-US\",\"@id\":\"https:\\\/\\\/www.facecorner.lv\\\/shop\\\/dear-klairs-gentle-black-deep-cleansing-oil-150ml\\\/#primaryimage\",\"url\":\"https:\\\/\\\/www.facecorner.lv\\\/wp-content\\\/uploads\\\/2023\\\/06\\\/image_1_6177fc91-5640-4be4-807a-25fa69a6194f.jpg.webp\",\"contentUrl\":\"https:\\\/\\\/www.facecorner.lv\\\/wp-content\\\/uploads\\\/2023\\\/06\\\/image_1_6177fc91-5640-4be4-807a-25fa69a6194f.jpg.webp\",\"width\":1000,\"height\":1000},{\"@type\":\"BreadcrumbList\",\"@id\":\"https:\\\/\\\/www.facecorner.lv\\\/shop\\\/dear-klairs-gentle-black-deep-cleansing-oil-150ml\\\/#breadcrumb\",\"itemListElement\":[{\"@type\":\"ListItem\",\"position\":1,\"name\":\"Home\",\"item\":\"https:\\\/\\\/www.facecorner.lv\\\/\"},{\"@type\":\"ListItem\",\"position\":2,\"name\":\"Veikals\",\"item\":\"https:\\\/\\\/www.facecorner.lv\\\/shop\\\/\"},{\"@type\":\"ListItem\",\"position\":3,\"name\":\"Dear, Klairs Gentle Black Deep Cleansing Oil 150ml\"}]},{\"@type\":\"WebSite\",\"@id\":\"https:\\\/\\\/www.facecorner.lv\\\/#website\",\"url\":\"https:\\\/\\\/www.facecorner.lv\\\/\",\"name\":\"Facecorner\",\"description\":\"\",\"publisher\":{\"@id\":\"https:\\\/\\\/www.facecorner.lv\\\/#organization\"},\"potentialAction\":[{\"@type\":\"SearchAction\",\"target\":{\"@type\":\"EntryPoint\",\"urlTemplate\":\"https:\\\/\\\/www.facecorner.lv\\\/?s={search_term_string}\"},\"query-input\":{\"@type\":\"PropertyValueSpecification\",\"valueRequired\":true,\"valueName\":\"search_term_string\"}}],\"inLanguage\":\"en-US\"},{\"@type\":\"Organization\",\"@id\":\"https:\\\/\\\/www.facecorner.lv\\\/#organization\",\"name\":\"Facecorner\",\"url\":\"https:\\\/\\\/www.facecorner.lv\\\/\",\"logo\":{\"@type\":\"ImageObject\",\"inLanguage\":\"en-US\",\"@id\":\"https:\\\/\\\/www.facecorner.lv\\\/#\\\/schema\\\/logo\\\/image\\\/\",\"url\":\"https:\\\/\\\/www.facecorner.lv\\\/wp-content\\\/uploads\\\/2024\\\/04\\\/fc-logo.jpg\",\"contentUrl\":\"https:\\\/\\\/www.facecorner.lv\\\/wp-content\\\/uploads\\\/2024\\\/04\\\/fc-logo.jpg\",\"width\":174,\"height\":28,\"caption\":\"Facecorner\"},\"image\":{\"@id\":\"https:\\\/\\\/www.facecorner.lv\\\/#\\\/schema\\\/logo\\\/image\\\/\"},\"sameAs\":[\"https:\\\/\\\/www.facebook.com\\\/profile.php?id=100063824551839\",\"https:\\\/\\\/www.instagram.com\\\/facecorner_shop\\\/\"]}]}<\/script>\n<meta property=\"product:price:amount\" content=\"26.00\" \/>\n<meta property=\"product:price:currency\" content=\"EUR\" \/>\n<meta property=\"og:availability\" content=\"instock\" \/>\n<meta property=\"product:availability\" content=\"instock\" \/>\n<meta property=\"product:condition\" content=\"new\" \/>\n<!-- \/ Yoast SEO plugin. -->","yoast_head_json":{"title":"Dear, Klairs Gentle Black Deep Cleansing Oil 150ml - FACECORNER","robots":{"index":"index","follow":"follow","max-snippet":"max-snippet:-1","max-image-preview":"max-image-preview:large","max-video-preview":"max-video-preview:-1"},"canonical":"https:\/\/www.facecorner.lv\/en\/shop\/dear-klairs-gentle-black-deep-cleansing-oil-150ml\/","og_locale":"en_US","og_type":"article","og_title":"Dear, Klairs Gentle Black Deep Cleansing Oil 150ml - FACECORNER","og_description":"Dabisk\u0101 hidrofil\u0101 e\u013c\u013ca Klairs Gentle Black Deep Cleansing Oil grima no\u0146em\u0161anai un poru dzi\u013cai att\u012br\u012b\u0161anai. Instrumentam ir \u201ct\u012br\u0101kais\u201d sast\u0101vs, tas nesatur miner\u0101le\u013c\u013cu, parab\u0113nus, naftas produktus un m\u0101ksl\u012bg\u0101s kr\u0101svielas, kas noz\u012bm\u0113, ka tas ir maksim\u0101li dro\u0161s pat visjut\u012bg\u0101kajai \u0101dai. Hidrof\u012bl\u0101 e\u013c\u013ca tiek uzkl\u0101ta uz sausas \u0101das ar saus\u0101m rok\u0101m, dzi\u013ci ies\u016bcas por\u0101s, iz\u0161\u0137\u012bdinot tauku aizb\u0101\u017e\u0146us un [&hellip;]","og_url":"https:\/\/www.facecorner.lv\/en\/shop\/dear-klairs-gentle-black-deep-cleansing-oil-150ml\/","og_site_name":"FACECORNER","article_publisher":"https:\/\/www.facebook.com\/profile.php?id=100063824551839","article_modified_time":"2026-02-03T11:46:13+00:00","og_image":[{"width":1000,"height":1000,"url":"https:\/\/www.facecorner.lv\/wp-content\/uploads\/2023\/06\/image_1_6177fc91-5640-4be4-807a-25fa69a6194f.jpg.webp","type":"image\/webp"}],"twitter_card":"summary_large_image","twitter_misc":{"Price":"&euro;26.00","Availability":"In stock"},"schema":{"@context":"https:\/\/schema.org","@graph":[{"@type":"WebPage","@id":"https:\/\/www.facecorner.lv\/shop\/dear-klairs-gentle-black-deep-cleansing-oil-150ml\/","url":"https:\/\/www.facecorner.lv\/shop\/dear-klairs-gentle-black-deep-cleansing-oil-150ml\/","name":"Dear, Klairs Gentle Black Deep Cleansing Oil 150ml - FACECORNER","isPartOf":{"@id":"https:\/\/www.facecorner.lv\/#website"},"primaryImageOfPage":{"@id":"https:\/\/www.facecorner.lv\/shop\/dear-klairs-gentle-black-deep-cleansing-oil-150ml\/#primaryimage"},"image":{"@id":"https:\/\/www.facecorner.lv\/shop\/dear-klairs-gentle-black-deep-cleansing-oil-150ml\/#primaryimage"},"thumbnailUrl":"https:\/\/www.facecorner.lv\/wp-content\/uploads\/2023\/06\/image_1_6177fc91-5640-4be4-807a-25fa69a6194f.jpg.webp","datePublished":"2023-06-09T10:10:40+00:00","dateModified":"2026-02-03T11:46:13+00:00","breadcrumb":{"@id":"https:\/\/www.facecorner.lv\/shop\/dear-klairs-gentle-black-deep-cleansing-oil-150ml\/#breadcrumb"},"inLanguage":"en-US","potentialAction":[{"@type":"ReadAction","target":["https:\/\/www.facecorner.lv\/shop\/dear-klairs-gentle-black-deep-cleansing-oil-150ml\/"]}]},{"@type":"ImageObject","inLanguage":"en-US","@id":"https:\/\/www.facecorner.lv\/shop\/dear-klairs-gentle-black-deep-cleansing-oil-150ml\/#primaryimage","url":"https:\/\/www.facecorner.lv\/wp-content\/uploads\/2023\/06\/image_1_6177fc91-5640-4be4-807a-25fa69a6194f.jpg.webp","contentUrl":"https:\/\/www.facecorner.lv\/wp-content\/uploads\/2023\/06\/image_1_6177fc91-5640-4be4-807a-25fa69a6194f.jpg.webp","width":1000,"height":1000},{"@type":"BreadcrumbList","@id":"https:\/\/www.facecorner.lv\/shop\/dear-klairs-gentle-black-deep-cleansing-oil-150ml\/#breadcrumb","itemListElement":[{"@type":"ListItem","position":1,"name":"Home","item":"https:\/\/www.facecorner.lv\/"},{"@type":"ListItem","position":2,"name":"Veikals","item":"https:\/\/www.facecorner.lv\/shop\/"},{"@type":"ListItem","position":3,"name":"Dear, Klairs Gentle Black Deep Cleansing Oil 150ml"}]},{"@type":"WebSite","@id":"https:\/\/www.facecorner.lv\/#website","url":"https:\/\/www.facecorner.lv\/","name":"Facecorner","description":"","publisher":{"@id":"https:\/\/www.facecorner.lv\/#organization"},"potentialAction":[{"@type":"SearchAction","target":{"@type":"EntryPoint","urlTemplate":"https:\/\/www.facecorner.lv\/?s={search_term_string}"},"query-input":{"@type":"PropertyValueSpecification","valueRequired":true,"valueName":"search_term_string"}}],"inLanguage":"en-US"},{"@type":"Organization","@id":"https:\/\/www.facecorner.lv\/#organization","name":"Facecorner","url":"https:\/\/www.facecorner.lv\/","logo":{"@type":"ImageObject","inLanguage":"en-US","@id":"https:\/\/www.facecorner.lv\/#\/schema\/logo\/image\/","url":"https:\/\/www.facecorner.lv\/wp-content\/uploads\/2024\/04\/fc-logo.jpg","contentUrl":"https:\/\/www.facecorner.lv\/wp-content\/uploads\/2024\/04\/fc-logo.jpg","width":174,"height":28,"caption":"Facecorner"},"image":{"@id":"https:\/\/www.facecorner.lv\/#\/schema\/logo\/image\/"},"sameAs":["https:\/\/www.facebook.com\/profile.php?id=100063824551839","https:\/\/www.instagram.com\/facecorner_shop\/"]}]},"product_price_amount":"26.00","product_price_currency":"EUR","og_availability":"instock","product_availability":"instock","product_condition":"new"},"_links":{"self":[{"href":"https:\/\/www.facecorner.lv\/en\/wp-json\/wp\/v2\/product\/11024","targetHints":{"allow":["GET"]}}],"collection":[{"href":"https:\/\/www.facecorner.lv\/en\/wp-json\/wp\/v2\/product"}],"about":[{"href":"https:\/\/www.facecorner.lv\/en\/wp-json\/wp\/v2\/types\/product"}],"replies":[{"embeddable":true,"href":"https:\/\/www.facecorner.lv\/en\/wp-json\/wp\/v2\/comments?post=11024"}],"wp:featuredmedia":[{"embeddable":true,"href":"https:\/\/www.facecorner.lv\/en\/wp-json\/wp\/v2\/media\/11025"}],"wp:attachment":[{"href":"https:\/\/www.facecorner.lv\/en\/wp-json\/wp\/v2\/media?parent=11024"}],"wp:term":[{"taxonomy":"product_brand","embeddable":true,"href":"https:\/\/www.facecorner.lv\/en\/wp-json\/wp\/v2\/product_brand?post=11024"},{"taxonomy":"product_cat","embeddable":true,"href":"https:\/\/www.facecorner.lv\/en\/wp-json\/wp\/v2\/product_cat?post=11024"},{"taxonomy":"product_tag","embeddable":true,"href":"https:\/\/www.facecorner.lv\/en\/wp-json\/wp\/v2\/product_tag?post=11024"},{"taxonomy":"berocket_brand","embeddable":true,"href":"https:\/\/www.facecorner.lv\/en\/wp-json\/wp\/v2\/berocket_brand?post=11024"}],"curies":[{"name":"wp","href":"https:\/\/api.w.org\/{rel}","templated":true}]}}