{"id":11022,"date":"2023-06-09T09:48:36","date_gmt":"2023-06-09T07:48:36","guid":{"rendered":"https:\/\/www.facecorner.lv\/?post_type=product&#038;p=11022"},"modified":"2025-10-13T22:16:46","modified_gmt":"2025-10-13T19:16:46","slug":"pyunkang-yul-deep-cleansing-oil-290ml","status":"publish","type":"product","link":"https:\/\/www.facecorner.lv\/en\/shop\/pyunkang-yul-deep-cleansing-oil-290ml\/","title":{"rendered":"Pyunkang Yul Deep Cleansing Oil 290ml"},"content":{"rendered":"<p>Pyunkang Yul Deep Cleansing Oil ir maiga, hidrofila dzi\u013ci att\u012bro\u0161a e\u013c\u013ca, kas r\u016bp\u012bgi iz\u0161\u0137\u012bdina notur\u012bgu grimu un maigi no\u0146em net\u012brumus. Nov\u0113r\u0161 sasprindzin\u0101jumu, padara \u0101du maigu un samtainu, mazina aps\u0101rtumu.<\/p>\n<p>Tas efekt\u012bvi no\u0146em \u016bdensnotur\u012bgo skropstu tu\u0161u, ton\u0101lo kr\u0113mu un spilgtu l\u016bpu kr\u0101su, nesausinot un nekairinot \u0101du. Uztur optim\u0101lu \u016bdens-lip\u012bdu l\u012bdzsvaru, nov\u0113r\u0161 dehidrat\u0101ciju. Nov\u0113r\u0161 bl\u0101vumu, izl\u012bdzina sejas toni.<\/p>\n<p>Pyunkang Yul ir Korejas kosm\u0113tikas z\u012bmols, ko izveidojusi viena no lab\u0101kaj\u0101m austrumu medic\u012bnas kl\u012bnik\u0101m Korej\u0101. Z\u012bmols ra\u017eo tikai dab\u012bgu kosm\u0113tiku (bez smar\u017eviel\u0101m, spirta, parab\u0113niem un silikoniem), kas ir piem\u0113rota vispras\u012bg\u0101kajai, j\u016bt\u012bg\u0101kajai un problem\u0101tiskai \u0101dai.<\/p>\n<p>Hidrof\u012bl\u0101 e\u013c\u013ca nenoslogo \u0101du un ir viegli nomazg\u0101jama ar \u016bdeni, p\u0101rv\u0113r\u0161oties viegl\u0101s put\u0101s.<\/p>\n<p><strong>How to use:<\/strong>: Viegli uzkl\u0101jiet e\u013c\u013cu uz sausas \u0101das, pievienojiet p\u0101ris pilienus \u016bdens un iemas\u0113jiet, l\u012bdz veidojas putas. R\u016bp\u012bgi nomazg\u0101jiet ar siltu \u016bdeni.<\/p>\n<p><strong>Ingredientes:\u00a0<\/strong>Ethylhexyl Stearate, Isopropyl Myristate, Sorbeth-30 Tetraoleate, Water, Diisostearyl Malate, Tocopherol, Simmondsia Chinensis (Jojoba) Seed Oil, Helianthus Annuus (Sunflower) Seed Oil, Macadamia Ternifolia Seed Oil, Prunus Amygdalus Dulcis (Sweet Almond) Oil, Persea Gratissima (Avocado) Oil, Olea Europaea (Olive) Fruit Oil, Allantoin, Panthenol, Coptis Japonica Root Extract, Centella Asiatica Extract, Portulaca Oleracea Extract, Camellia Sinensis Leaf Extract, Saponaria Officinalis Leaf Extract, Melaleuca Alternifolia (Tea Tree) Leaf Extract, Sodium Hyaluronate, Butylene Glycol, 1,2-Hexanediol, Pentylene Glycol, Caprylyl Glycol, Glycerin<\/p>","protected":false},"excerpt":{"rendered":"<p>Pyunkang Yul Deep Cleansing Oil ir maiga, hidrofila dzi\u013ci att\u012bro\u0161a e\u013c\u013ca, kas r\u016bp\u012bgi iz\u0161\u0137\u012bdina notur\u012bgu grimu un maigi no\u0146em net\u012brumus. Nov\u0113r\u0161 sasprindzin\u0101jumu, padara \u0101du maigu un samtainu, mazina aps\u0101rtumu. Tas efekt\u012bvi no\u0146em \u016bdensnotur\u012bgo skropstu tu\u0161u, ton\u0101lo kr\u0113mu un spilgtu l\u016bpu kr\u0101su, nesausinot un nekairinot \u0101du. Uztur optim\u0101lu \u016bdens-lip\u012bdu l\u012bdzsvaru, nov\u0113r\u0161 dehidrat\u0101ciju. Nov\u0113r\u0161 bl\u0101vumu, izl\u012bdzina sejas [&hellip;]<\/p>\n","protected":false},"featured_media":11023,"comment_status":"open","ping_status":"closed","template":"","meta":{"site-sidebar-layout":"default","site-content-layout":"","ast-site-content-layout":"","site-content-style":"default","site-sidebar-style":"default","ast-global-header-display":"","ast-banner-title-visibility":"","ast-main-header-display":"","ast-hfb-above-header-display":"","ast-hfb-below-header-display":"","ast-hfb-mobile-header-display":"","site-post-title":"","ast-breadcrumbs-content":"","ast-featured-img":"","footer-sml-layout":"","theme-transparent-header-meta":"","adv-header-id-meta":"","stick-header-meta":"","header-above-stick-meta":"","header-main-stick-meta":"","header-below-stick-meta":"","astra-migrate-meta-layouts":"default","ast-page-background-enabled":"default","ast-page-background-meta":{"desktop":{"background-color":"var(--ast-global-color-4)","background-image":"","background-repeat":"repeat","background-position":"center center","background-size":"auto","background-attachment":"scroll","background-type":"","background-media":"","overlay-type":"","overlay-color":"","overlay-opacity":"","overlay-gradient":""},"tablet":{"background-color":"","background-image":"","background-repeat":"repeat","background-position":"center center","background-size":"auto","background-attachment":"scroll","background-type":"","background-media":"","overlay-type":"","overlay-color":"","overlay-opacity":"","overlay-gradient":""},"mobile":{"background-color":"","background-image":"","background-repeat":"repeat","background-position":"center center","background-size":"auto","background-attachment":"scroll","background-type":"","background-media":"","overlay-type":"","overlay-color":"","overlay-opacity":"","overlay-gradient":""}},"ast-content-background-meta":{"desktop":{"background-color":"var(--ast-global-color-5)","background-image":"","background-repeat":"repeat","background-position":"center center","background-size":"auto","background-attachment":"scroll","background-type":"","background-media":"","overlay-type":"","overlay-color":"","overlay-opacity":"","overlay-gradient":""},"tablet":{"background-color":"var(--ast-global-color-5)","background-image":"","background-repeat":"repeat","background-position":"center center","background-size":"auto","background-attachment":"scroll","background-type":"","background-media":"","overlay-type":"","overlay-color":"","overlay-opacity":"","overlay-gradient":""},"mobile":{"background-color":"var(--ast-global-color-5)","background-image":"","background-repeat":"repeat","background-position":"center center","background-size":"auto","background-attachment":"scroll","background-type":"","background-media":"","overlay-type":"","overlay-color":"","overlay-opacity":"","overlay-gradient":""}}},"product_brand":[],"product_cat":[310,321,380,381,379],"product_tag":[],"berocket_brand":[587],"class_list":{"0":"post-11022","1":"product","2":"type-product","3":"status-publish","4":"has-post-thumbnail","6":"product_cat-attirisana","7":"product_cat-hidrofila-ella","8":"product_cat-kombinetai-adai","9":"product_cat-problematiskai-un-taukainai-adai","10":"product_cat-sausai-adai-anti-age","11":"berocket_brand-pyunkangyul","12":"desktop-align-left","13":"tablet-align-left","14":"mobile-align-left","16":"first","17":"instock","18":"taxable","19":"shipping-taxable","20":"purchasable","21":"product-type-simple","22":"add-to-wishlist-before_image"},"yoast_head":"<!-- This site is optimized with the Yoast SEO plugin v27.3 - https:\/\/yoast.com\/product\/yoast-seo-wordpress\/ -->\n<title>Pyunkang Yul Deep Cleansing Oil 290ml - FACECORNER<\/title>\n<meta name=\"robots\" content=\"index, follow, max-snippet:-1, max-image-preview:large, max-video-preview:-1\" \/>\n<link rel=\"canonical\" href=\"https:\/\/www.facecorner.lv\/en\/shop\/pyunkang-yul-deep-cleansing-oil-290ml\/\" \/>\n<meta property=\"og:locale\" content=\"en_US\" \/>\n<meta property=\"og:type\" content=\"article\" \/>\n<meta property=\"og:title\" content=\"Pyunkang Yul Deep Cleansing Oil 290ml - FACECORNER\" \/>\n<meta property=\"og:description\" content=\"Pyunkang Yul Deep Cleansing Oil ir maiga, hidrofila dzi\u013ci att\u012bro\u0161a e\u013c\u013ca, kas r\u016bp\u012bgi iz\u0161\u0137\u012bdina notur\u012bgu grimu un maigi no\u0146em net\u012brumus. Nov\u0113r\u0161 sasprindzin\u0101jumu, padara \u0101du maigu un samtainu, mazina aps\u0101rtumu. Tas efekt\u012bvi no\u0146em \u016bdensnotur\u012bgo skropstu tu\u0161u, ton\u0101lo kr\u0113mu un spilgtu l\u016bpu kr\u0101su, nesausinot un nekairinot \u0101du. Uztur optim\u0101lu \u016bdens-lip\u012bdu l\u012bdzsvaru, nov\u0113r\u0161 dehidrat\u0101ciju. Nov\u0113r\u0161 bl\u0101vumu, izl\u012bdzina sejas [&hellip;]\" \/>\n<meta property=\"og:url\" content=\"https:\/\/www.facecorner.lv\/en\/shop\/pyunkang-yul-deep-cleansing-oil-290ml\/\" \/>\n<meta property=\"og:site_name\" content=\"FACECORNER\" \/>\n<meta property=\"article:publisher\" content=\"https:\/\/www.facebook.com\/profile.php?id=100063824551839\" \/>\n<meta property=\"article:modified_time\" content=\"2025-10-13T19:16:46+00:00\" \/>\n<meta property=\"og:image\" content=\"https:\/\/www.facecorner.lv\/wp-content\/uploads\/2023\/06\/pyunkang-yul-deep-cleansing-oil-1000x1000-1.jpeg\" \/>\n\t<meta property=\"og:image:width\" content=\"1000\" \/>\n\t<meta property=\"og:image:height\" content=\"1000\" \/>\n\t<meta property=\"og:image:type\" content=\"image\/jpeg\" \/>\n<meta name=\"twitter:card\" content=\"summary_large_image\" \/>\n<meta name=\"twitter:label1\" content=\"Price\" \/>\n\t<meta name=\"twitter:data1\" content=\"&euro;27.00\" \/>\n\t<meta name=\"twitter:label2\" content=\"Availability\" \/>\n\t<meta name=\"twitter:data2\" content=\"In stock\" \/>\n<script type=\"application\/ld+json\" class=\"yoast-schema-graph\">{\"@context\":\"https:\\\/\\\/schema.org\",\"@graph\":[{\"@type\":\"WebPage\",\"@id\":\"https:\\\/\\\/www.facecorner.lv\\\/shop\\\/pyunkang-yul-deep-cleansing-oil-290ml\\\/\",\"url\":\"https:\\\/\\\/www.facecorner.lv\\\/shop\\\/pyunkang-yul-deep-cleansing-oil-290ml\\\/\",\"name\":\"Pyunkang Yul Deep Cleansing Oil 290ml - FACECORNER\",\"isPartOf\":{\"@id\":\"https:\\\/\\\/www.facecorner.lv\\\/#website\"},\"primaryImageOfPage\":{\"@id\":\"https:\\\/\\\/www.facecorner.lv\\\/shop\\\/pyunkang-yul-deep-cleansing-oil-290ml\\\/#primaryimage\"},\"image\":{\"@id\":\"https:\\\/\\\/www.facecorner.lv\\\/shop\\\/pyunkang-yul-deep-cleansing-oil-290ml\\\/#primaryimage\"},\"thumbnailUrl\":\"https:\\\/\\\/www.facecorner.lv\\\/wp-content\\\/uploads\\\/2023\\\/06\\\/pyunkang-yul-deep-cleansing-oil-1000x1000-1.jpeg\",\"datePublished\":\"2023-06-09T07:48:36+00:00\",\"dateModified\":\"2025-10-13T19:16:46+00:00\",\"breadcrumb\":{\"@id\":\"https:\\\/\\\/www.facecorner.lv\\\/shop\\\/pyunkang-yul-deep-cleansing-oil-290ml\\\/#breadcrumb\"},\"inLanguage\":\"en-US\",\"potentialAction\":[{\"@type\":\"ReadAction\",\"target\":[\"https:\\\/\\\/www.facecorner.lv\\\/shop\\\/pyunkang-yul-deep-cleansing-oil-290ml\\\/\"]}]},{\"@type\":\"ImageObject\",\"inLanguage\":\"en-US\",\"@id\":\"https:\\\/\\\/www.facecorner.lv\\\/shop\\\/pyunkang-yul-deep-cleansing-oil-290ml\\\/#primaryimage\",\"url\":\"https:\\\/\\\/www.facecorner.lv\\\/wp-content\\\/uploads\\\/2023\\\/06\\\/pyunkang-yul-deep-cleansing-oil-1000x1000-1.jpeg\",\"contentUrl\":\"https:\\\/\\\/www.facecorner.lv\\\/wp-content\\\/uploads\\\/2023\\\/06\\\/pyunkang-yul-deep-cleansing-oil-1000x1000-1.jpeg\",\"width\":1000,\"height\":1000},{\"@type\":\"BreadcrumbList\",\"@id\":\"https:\\\/\\\/www.facecorner.lv\\\/shop\\\/pyunkang-yul-deep-cleansing-oil-290ml\\\/#breadcrumb\",\"itemListElement\":[{\"@type\":\"ListItem\",\"position\":1,\"name\":\"Home\",\"item\":\"https:\\\/\\\/www.facecorner.lv\\\/\"},{\"@type\":\"ListItem\",\"position\":2,\"name\":\"Veikals\",\"item\":\"https:\\\/\\\/www.facecorner.lv\\\/shop\\\/\"},{\"@type\":\"ListItem\",\"position\":3,\"name\":\"Pyunkang Yul Deep Cleansing Oil 290ml\"}]},{\"@type\":\"WebSite\",\"@id\":\"https:\\\/\\\/www.facecorner.lv\\\/#website\",\"url\":\"https:\\\/\\\/www.facecorner.lv\\\/\",\"name\":\"Facecorner\",\"description\":\"\",\"publisher\":{\"@id\":\"https:\\\/\\\/www.facecorner.lv\\\/#organization\"},\"potentialAction\":[{\"@type\":\"SearchAction\",\"target\":{\"@type\":\"EntryPoint\",\"urlTemplate\":\"https:\\\/\\\/www.facecorner.lv\\\/?s={search_term_string}\"},\"query-input\":{\"@type\":\"PropertyValueSpecification\",\"valueRequired\":true,\"valueName\":\"search_term_string\"}}],\"inLanguage\":\"en-US\"},{\"@type\":\"Organization\",\"@id\":\"https:\\\/\\\/www.facecorner.lv\\\/#organization\",\"name\":\"Facecorner\",\"url\":\"https:\\\/\\\/www.facecorner.lv\\\/\",\"logo\":{\"@type\":\"ImageObject\",\"inLanguage\":\"en-US\",\"@id\":\"https:\\\/\\\/www.facecorner.lv\\\/#\\\/schema\\\/logo\\\/image\\\/\",\"url\":\"https:\\\/\\\/www.facecorner.lv\\\/wp-content\\\/uploads\\\/2024\\\/04\\\/fc-logo.jpg\",\"contentUrl\":\"https:\\\/\\\/www.facecorner.lv\\\/wp-content\\\/uploads\\\/2024\\\/04\\\/fc-logo.jpg\",\"width\":174,\"height\":28,\"caption\":\"Facecorner\"},\"image\":{\"@id\":\"https:\\\/\\\/www.facecorner.lv\\\/#\\\/schema\\\/logo\\\/image\\\/\"},\"sameAs\":[\"https:\\\/\\\/www.facebook.com\\\/profile.php?id=100063824551839\",\"https:\\\/\\\/www.instagram.com\\\/facecorner_shop\\\/\"]}]}<\/script>\n<meta property=\"product:price:amount\" content=\"27.00\" \/>\n<meta property=\"product:price:currency\" content=\"EUR\" \/>\n<meta property=\"og:availability\" content=\"instock\" \/>\n<meta property=\"product:availability\" content=\"instock\" \/>\n<meta property=\"product:condition\" content=\"new\" \/>\n<!-- \/ Yoast SEO plugin. -->","yoast_head_json":{"title":"Pyunkang Yul Deep Cleansing Oil 290ml - FACECORNER","robots":{"index":"index","follow":"follow","max-snippet":"max-snippet:-1","max-image-preview":"max-image-preview:large","max-video-preview":"max-video-preview:-1"},"canonical":"https:\/\/www.facecorner.lv\/en\/shop\/pyunkang-yul-deep-cleansing-oil-290ml\/","og_locale":"en_US","og_type":"article","og_title":"Pyunkang Yul Deep Cleansing Oil 290ml - FACECORNER","og_description":"Pyunkang Yul Deep Cleansing Oil ir maiga, hidrofila dzi\u013ci att\u012bro\u0161a e\u013c\u013ca, kas r\u016bp\u012bgi iz\u0161\u0137\u012bdina notur\u012bgu grimu un maigi no\u0146em net\u012brumus. Nov\u0113r\u0161 sasprindzin\u0101jumu, padara \u0101du maigu un samtainu, mazina aps\u0101rtumu. Tas efekt\u012bvi no\u0146em \u016bdensnotur\u012bgo skropstu tu\u0161u, ton\u0101lo kr\u0113mu un spilgtu l\u016bpu kr\u0101su, nesausinot un nekairinot \u0101du. Uztur optim\u0101lu \u016bdens-lip\u012bdu l\u012bdzsvaru, nov\u0113r\u0161 dehidrat\u0101ciju. Nov\u0113r\u0161 bl\u0101vumu, izl\u012bdzina sejas [&hellip;]","og_url":"https:\/\/www.facecorner.lv\/en\/shop\/pyunkang-yul-deep-cleansing-oil-290ml\/","og_site_name":"FACECORNER","article_publisher":"https:\/\/www.facebook.com\/profile.php?id=100063824551839","article_modified_time":"2025-10-13T19:16:46+00:00","og_image":[{"width":1000,"height":1000,"url":"https:\/\/www.facecorner.lv\/wp-content\/uploads\/2023\/06\/pyunkang-yul-deep-cleansing-oil-1000x1000-1.jpeg","type":"image\/jpeg"}],"twitter_card":"summary_large_image","twitter_misc":{"Price":"&euro;27.00","Availability":"In stock"},"schema":{"@context":"https:\/\/schema.org","@graph":[{"@type":"WebPage","@id":"https:\/\/www.facecorner.lv\/shop\/pyunkang-yul-deep-cleansing-oil-290ml\/","url":"https:\/\/www.facecorner.lv\/shop\/pyunkang-yul-deep-cleansing-oil-290ml\/","name":"Pyunkang Yul Deep Cleansing Oil 290ml - FACECORNER","isPartOf":{"@id":"https:\/\/www.facecorner.lv\/#website"},"primaryImageOfPage":{"@id":"https:\/\/www.facecorner.lv\/shop\/pyunkang-yul-deep-cleansing-oil-290ml\/#primaryimage"},"image":{"@id":"https:\/\/www.facecorner.lv\/shop\/pyunkang-yul-deep-cleansing-oil-290ml\/#primaryimage"},"thumbnailUrl":"https:\/\/www.facecorner.lv\/wp-content\/uploads\/2023\/06\/pyunkang-yul-deep-cleansing-oil-1000x1000-1.jpeg","datePublished":"2023-06-09T07:48:36+00:00","dateModified":"2025-10-13T19:16:46+00:00","breadcrumb":{"@id":"https:\/\/www.facecorner.lv\/shop\/pyunkang-yul-deep-cleansing-oil-290ml\/#breadcrumb"},"inLanguage":"en-US","potentialAction":[{"@type":"ReadAction","target":["https:\/\/www.facecorner.lv\/shop\/pyunkang-yul-deep-cleansing-oil-290ml\/"]}]},{"@type":"ImageObject","inLanguage":"en-US","@id":"https:\/\/www.facecorner.lv\/shop\/pyunkang-yul-deep-cleansing-oil-290ml\/#primaryimage","url":"https:\/\/www.facecorner.lv\/wp-content\/uploads\/2023\/06\/pyunkang-yul-deep-cleansing-oil-1000x1000-1.jpeg","contentUrl":"https:\/\/www.facecorner.lv\/wp-content\/uploads\/2023\/06\/pyunkang-yul-deep-cleansing-oil-1000x1000-1.jpeg","width":1000,"height":1000},{"@type":"BreadcrumbList","@id":"https:\/\/www.facecorner.lv\/shop\/pyunkang-yul-deep-cleansing-oil-290ml\/#breadcrumb","itemListElement":[{"@type":"ListItem","position":1,"name":"Home","item":"https:\/\/www.facecorner.lv\/"},{"@type":"ListItem","position":2,"name":"Veikals","item":"https:\/\/www.facecorner.lv\/shop\/"},{"@type":"ListItem","position":3,"name":"Pyunkang Yul Deep Cleansing Oil 290ml"}]},{"@type":"WebSite","@id":"https:\/\/www.facecorner.lv\/#website","url":"https:\/\/www.facecorner.lv\/","name":"Facecorner","description":"","publisher":{"@id":"https:\/\/www.facecorner.lv\/#organization"},"potentialAction":[{"@type":"SearchAction","target":{"@type":"EntryPoint","urlTemplate":"https:\/\/www.facecorner.lv\/?s={search_term_string}"},"query-input":{"@type":"PropertyValueSpecification","valueRequired":true,"valueName":"search_term_string"}}],"inLanguage":"en-US"},{"@type":"Organization","@id":"https:\/\/www.facecorner.lv\/#organization","name":"Facecorner","url":"https:\/\/www.facecorner.lv\/","logo":{"@type":"ImageObject","inLanguage":"en-US","@id":"https:\/\/www.facecorner.lv\/#\/schema\/logo\/image\/","url":"https:\/\/www.facecorner.lv\/wp-content\/uploads\/2024\/04\/fc-logo.jpg","contentUrl":"https:\/\/www.facecorner.lv\/wp-content\/uploads\/2024\/04\/fc-logo.jpg","width":174,"height":28,"caption":"Facecorner"},"image":{"@id":"https:\/\/www.facecorner.lv\/#\/schema\/logo\/image\/"},"sameAs":["https:\/\/www.facebook.com\/profile.php?id=100063824551839","https:\/\/www.instagram.com\/facecorner_shop\/"]}]},"product_price_amount":"27.00","product_price_currency":"EUR","og_availability":"instock","product_availability":"instock","product_condition":"new"},"_links":{"self":[{"href":"https:\/\/www.facecorner.lv\/en\/wp-json\/wp\/v2\/product\/11022","targetHints":{"allow":["GET"]}}],"collection":[{"href":"https:\/\/www.facecorner.lv\/en\/wp-json\/wp\/v2\/product"}],"about":[{"href":"https:\/\/www.facecorner.lv\/en\/wp-json\/wp\/v2\/types\/product"}],"replies":[{"embeddable":true,"href":"https:\/\/www.facecorner.lv\/en\/wp-json\/wp\/v2\/comments?post=11022"}],"wp:featuredmedia":[{"embeddable":true,"href":"https:\/\/www.facecorner.lv\/en\/wp-json\/wp\/v2\/media\/11023"}],"wp:attachment":[{"href":"https:\/\/www.facecorner.lv\/en\/wp-json\/wp\/v2\/media?parent=11022"}],"wp:term":[{"taxonomy":"product_brand","embeddable":true,"href":"https:\/\/www.facecorner.lv\/en\/wp-json\/wp\/v2\/product_brand?post=11022"},{"taxonomy":"product_cat","embeddable":true,"href":"https:\/\/www.facecorner.lv\/en\/wp-json\/wp\/v2\/product_cat?post=11022"},{"taxonomy":"product_tag","embeddable":true,"href":"https:\/\/www.facecorner.lv\/en\/wp-json\/wp\/v2\/product_tag?post=11022"},{"taxonomy":"berocket_brand","embeddable":true,"href":"https:\/\/www.facecorner.lv\/en\/wp-json\/wp\/v2\/berocket_brand?post=11022"}],"curies":[{"name":"wp","href":"https:\/\/api.w.org\/{rel}","templated":true}]}}