{"id":10979,"date":"2023-06-06T12:28:06","date_gmt":"2023-06-06T10:28:06","guid":{"rendered":"https:\/\/www.facecorner.lv\/?post_type=product&#038;p=10979"},"modified":"2025-02-14T19:21:33","modified_gmt":"2025-02-14T16:21:33","slug":"some-by-mi-propolis-b5-glow-barrier-calming-oil-to-foam-120ml","status":"publish","type":"product","link":"https:\/\/www.facecorner.lv\/en\/shop\/some-by-mi-propolis-b5-glow-barrier-calming-oil-to-foam-120ml\/","title":{"rendered":"Some By Mi Propolis B5 Glow Barrier Calming Oil To Foam 120ml"},"content":{"rendered":"<p>E\u013c\u013cas-putas \u0101das mirdzumam ar propolisu Some By Mi Propolis B5 Glow Barrier Calming Oil To Foam ir univers\u0101ls l\u012bdzeklis, kas ietver uzreiz divus att\u012br\u012b\u0161anas posmus &#8211; hidrofilo e\u013c\u013cu un sejas mazg\u0101\u0161anu.<\/p>\n<p>Produkts ies\u016bcas dzi\u013ci por\u0101s un iz\u0161\u0137\u012bdina visa veida net\u012brumus, no\u0146em kosm\u0113tiku, lieko sebumu, saules aizsargkr\u0113mu un ton\u0101lo kr\u0113mu. Efekt\u012bvi, bet smalki att\u012bra epidermas virsmu, uztur \u0101du barotu un mitrin\u0101tu ar\u012b p\u0113c mazg\u0101\u0161anas.<\/p>\n<p>Tam ir izteikta pretiekaisuma un nomierino\u0161a iedarb\u012bba, pa\u0101trina iekaisuma dz\u012b\u0161anas procesu, mazina niezi un atjauno barjeras funkcijas.<\/p>\n<p><strong>How to use:<\/strong> Uzkl\u0101jiet nepiecie\u0161amo produkta daudzumu ar saus\u0101m rok\u0101m uz sausas \u0101das un maigi iemas\u0113jiet, pievienojiet nedaudz \u016bdens, lai e\u013c\u013ca p\u0101rv\u0113r\u0161as put\u0101s un turpiniet mas\u0113t, l\u012bdz net\u012brumi ir piln\u012bb\u0101 iz\u0161\u0137\u012bdu\u0161i. Noskalojiet atliku\u0161o produktu.<br \/>\nSl\u0113pt aprakstu<\/p>\n<p><strong>Ingredientes:\u00a0<\/strong>Water, Propolis Extract(11.4 %), Coco-Betaine, Glycerin, Honey Extract, Potassium Cocoate, Canola Oil, Potassium Cocoyl Glycinate, Acrylates Copolymer, Propanediol, Polyglyceryl-4 Caprate, Sodium Chloride, 1,2-Hexanediol, Panthenol(1,000 ppm), Honey, Royal Jelly Extract, Ceramide NP, Vitis Vinifera (Grape) Seed Oil, Melaleuca Alternifolia (Tea Tree) Leaf Extract, Artemisia Capillaris Extract, Centella Asiatica Extract, Centella Asiatica Oil, Asiatic Acid, Asiaticoside, Madecassic Acid, Madecassoside, Ribes Nigrum (Black Currant) Seed Oil, Saponaria Officinalis Leaf Extract, Quillaja Saponaria Bark Extract, Sapindus Mukorossi Fruit Extract, Olea Europaea (Olive) Leaf Extract, Oenothera Biennis (Evening Primrose) Oil, Simmondsia Chinensis (Jojoba) Seed Oil, Lactobacillus\/Soybean Ferment Extract, Portulaca Oleracea Extract, Cinnamomum Cassia Bark Extract, Scutellaria Baicalensis Root Extract, Origanum Vulgare Leaf Extract, Chamaecyparis Obtusa Leaf Extract, Salix Alba (Willow) Bark Extract, Glycolipids, Phytosphingosine, Sodium Cocoyl Glycinate, Sodium Cocoyl Apple Amino Acids, Potassium Cocoyl Hydrolyzed Oat Protein, Babassuamidopropyl Betaine, Coco-glucoside, Potassium Stearate, Potassium Myristate, Tromethamine, Sodium Surfactin, Glyceryl Laurate, Hydrogenated Lecithin, Erythritol, Caprylic\/Capric Triglyceride, Butylene Glycol, Dipropylene Glycol C12-15 Alkyl Benzoate, Caprylyl Glycol, Hexylene Glycol, Ethylhexylglycerin, Glyceryl Caprylate, Sodium Benzoate, Pentylene Glycol CI 17200, CI 19140, Tetrasodium Glutamate Diacetate, Disodium EDTA, Fragrance<\/p>","protected":false},"excerpt":{"rendered":"<p>E\u013c\u013cas-putas \u0101das mirdzumam ar propolisu Some By Mi Propolis B5 Glow Barrier Calming Oil To Foam ir univers\u0101ls l\u012bdzeklis, kas ietver uzreiz divus att\u012br\u012b\u0161anas posmus &#8211; hidrofilo e\u013c\u013cu un sejas mazg\u0101\u0161anu. Produkts ies\u016bcas dzi\u013ci por\u0101s un iz\u0161\u0137\u012bdina visa veida net\u012brumus, no\u0146em kosm\u0113tiku, lieko sebumu, saules aizsargkr\u0113mu un ton\u0101lo kr\u0113mu. Efekt\u012bvi, bet smalki att\u012bra epidermas virsmu, [&hellip;]<\/p>\n","protected":false},"featured_media":10980,"comment_status":"open","ping_status":"closed","template":"","meta":{"site-sidebar-layout":"default","site-content-layout":"","ast-site-content-layout":"","site-content-style":"default","site-sidebar-style":"default","ast-global-header-display":"","ast-banner-title-visibility":"","ast-main-header-display":"","ast-hfb-above-header-display":"","ast-hfb-below-header-display":"","ast-hfb-mobile-header-display":"","site-post-title":"","ast-breadcrumbs-content":"","ast-featured-img":"","footer-sml-layout":"","theme-transparent-header-meta":"","adv-header-id-meta":"","stick-header-meta":"","header-above-stick-meta":"","header-main-stick-meta":"","header-below-stick-meta":"","astra-migrate-meta-layouts":"default","ast-page-background-enabled":"default","ast-page-background-meta":{"desktop":{"background-color":"var(--ast-global-color-4)","background-image":"","background-repeat":"repeat","background-position":"center center","background-size":"auto","background-attachment":"scroll","background-type":"","background-media":"","overlay-type":"","overlay-color":"","overlay-opacity":"","overlay-gradient":""},"tablet":{"background-color":"","background-image":"","background-repeat":"repeat","background-position":"center center","background-size":"auto","background-attachment":"scroll","background-type":"","background-media":"","overlay-type":"","overlay-color":"","overlay-opacity":"","overlay-gradient":""},"mobile":{"background-color":"","background-image":"","background-repeat":"repeat","background-position":"center center","background-size":"auto","background-attachment":"scroll","background-type":"","background-media":"","overlay-type":"","overlay-color":"","overlay-opacity":"","overlay-gradient":""}},"ast-content-background-meta":{"desktop":{"background-color":"var(--ast-global-color-5)","background-image":"","background-repeat":"repeat","background-position":"center center","background-size":"auto","background-attachment":"scroll","background-type":"","background-media":"","overlay-type":"","overlay-color":"","overlay-opacity":"","overlay-gradient":""},"tablet":{"background-color":"var(--ast-global-color-5)","background-image":"","background-repeat":"repeat","background-position":"center center","background-size":"auto","background-attachment":"scroll","background-type":"","background-media":"","overlay-type":"","overlay-color":"","overlay-opacity":"","overlay-gradient":""},"mobile":{"background-color":"var(--ast-global-color-5)","background-image":"","background-repeat":"repeat","background-position":"center center","background-size":"auto","background-attachment":"scroll","background-type":"","background-media":"","overlay-type":"","overlay-color":"","overlay-opacity":"","overlay-gradient":""}}},"product_brand":[],"product_cat":[310,321,311,312,380,313,381,317,379,314],"product_tag":[],"berocket_brand":[581],"class_list":{"0":"post-10979","1":"product","2":"type-product","3":"status-publish","4":"has-post-thumbnail","6":"product_cat-attirisana","7":"product_cat-hidrofila-ella","8":"product_cat-jutigai-adai-attirisana","9":"product_cat-kombinetai-adai-attirisana","10":"product_cat-kombinetai-adai","11":"product_cat-problematiskai-adai-attirisana","12":"product_cat-problematiskai-un-taukainai-adai","13":"product_cat-sausai-adai-attirisana","14":"product_cat-sausai-adai-anti-age","15":"product_cat-taukainai-adai-attirisana","16":"berocket_brand-some-by-mi","17":"desktop-align-left","18":"tablet-align-left","19":"mobile-align-left","21":"first","22":"outofstock","23":"taxable","24":"shipping-taxable","25":"purchasable","26":"product-type-simple","27":"add-to-wishlist-before_image"},"yoast_head":"<!-- This site is optimized with the Yoast SEO plugin v27.4 - https:\/\/yoast.com\/product\/yoast-seo-wordpress\/ -->\n<title>Some By Mi Propolis B5 Glow Barrier Calming Oil To Foam 120ml - FACECORNER<\/title>\n<meta name=\"robots\" content=\"index, follow, max-snippet:-1, max-image-preview:large, max-video-preview:-1\" \/>\n<link rel=\"canonical\" href=\"https:\/\/www.facecorner.lv\/en\/shop\/some-by-mi-propolis-b5-glow-barrier-calming-oil-to-foam-120ml\/\" \/>\n<meta property=\"og:locale\" content=\"en_US\" \/>\n<meta property=\"og:type\" content=\"article\" \/>\n<meta property=\"og:title\" content=\"Some By Mi Propolis B5 Glow Barrier Calming Oil To Foam 120ml - FACECORNER\" \/>\n<meta property=\"og:description\" content=\"E\u013c\u013cas-putas \u0101das mirdzumam ar propolisu Some By Mi Propolis B5 Glow Barrier Calming Oil To Foam ir univers\u0101ls l\u012bdzeklis, kas ietver uzreiz divus att\u012br\u012b\u0161anas posmus &#8211; hidrofilo e\u013c\u013cu un sejas mazg\u0101\u0161anu. Produkts ies\u016bcas dzi\u013ci por\u0101s un iz\u0161\u0137\u012bdina visa veida net\u012brumus, no\u0146em kosm\u0113tiku, lieko sebumu, saules aizsargkr\u0113mu un ton\u0101lo kr\u0113mu. Efekt\u012bvi, bet smalki att\u012bra epidermas virsmu, [&hellip;]\" \/>\n<meta property=\"og:url\" content=\"https:\/\/www.facecorner.lv\/en\/shop\/some-by-mi-propolis-b5-glow-barrier-calming-oil-to-foam-120ml\/\" \/>\n<meta property=\"og:site_name\" content=\"FACECORNER\" \/>\n<meta property=\"article:publisher\" content=\"https:\/\/www.facebook.com\/profile.php?id=100063824551839\" \/>\n<meta property=\"article:modified_time\" content=\"2025-02-14T16:21:33+00:00\" \/>\n<meta property=\"og:image\" content=\"https:\/\/www.facecorner.lv\/wp-content\/uploads\/2023\/06\/117dc11db3700f097a5dff6082819a42_grande.jpg.webp\" \/>\n\t<meta property=\"og:image:width\" content=\"600\" \/>\n\t<meta property=\"og:image:height\" content=\"600\" \/>\n\t<meta property=\"og:image:type\" content=\"image\/webp\" \/>\n<meta name=\"twitter:card\" content=\"summary_large_image\" \/>\n<meta name=\"twitter:label1\" content=\"Price\" \/>\n\t<meta name=\"twitter:data1\" content=\"&euro;20.00\" \/>\n\t<meta name=\"twitter:label2\" content=\"Availability\" \/>\n\t<meta name=\"twitter:data2\" content=\"Out of stock\" \/>\n<script type=\"application\/ld+json\" class=\"yoast-schema-graph\">{\"@context\":\"https:\\\/\\\/schema.org\",\"@graph\":[{\"@type\":\"WebPage\",\"@id\":\"https:\\\/\\\/www.facecorner.lv\\\/shop\\\/some-by-mi-propolis-b5-glow-barrier-calming-oil-to-foam-120ml\\\/\",\"url\":\"https:\\\/\\\/www.facecorner.lv\\\/shop\\\/some-by-mi-propolis-b5-glow-barrier-calming-oil-to-foam-120ml\\\/\",\"name\":\"Some By Mi Propolis B5 Glow Barrier Calming Oil To Foam 120ml - FACECORNER\",\"isPartOf\":{\"@id\":\"https:\\\/\\\/www.facecorner.lv\\\/#website\"},\"primaryImageOfPage\":{\"@id\":\"https:\\\/\\\/www.facecorner.lv\\\/shop\\\/some-by-mi-propolis-b5-glow-barrier-calming-oil-to-foam-120ml\\\/#primaryimage\"},\"image\":{\"@id\":\"https:\\\/\\\/www.facecorner.lv\\\/shop\\\/some-by-mi-propolis-b5-glow-barrier-calming-oil-to-foam-120ml\\\/#primaryimage\"},\"thumbnailUrl\":\"https:\\\/\\\/www.facecorner.lv\\\/wp-content\\\/uploads\\\/2023\\\/06\\\/117dc11db3700f097a5dff6082819a42_grande.jpg.webp\",\"datePublished\":\"2023-06-06T10:28:06+00:00\",\"dateModified\":\"2025-02-14T16:21:33+00:00\",\"breadcrumb\":{\"@id\":\"https:\\\/\\\/www.facecorner.lv\\\/shop\\\/some-by-mi-propolis-b5-glow-barrier-calming-oil-to-foam-120ml\\\/#breadcrumb\"},\"inLanguage\":\"en-US\",\"potentialAction\":[{\"@type\":\"ReadAction\",\"target\":[\"https:\\\/\\\/www.facecorner.lv\\\/shop\\\/some-by-mi-propolis-b5-glow-barrier-calming-oil-to-foam-120ml\\\/\"]}]},{\"@type\":\"ImageObject\",\"inLanguage\":\"en-US\",\"@id\":\"https:\\\/\\\/www.facecorner.lv\\\/shop\\\/some-by-mi-propolis-b5-glow-barrier-calming-oil-to-foam-120ml\\\/#primaryimage\",\"url\":\"https:\\\/\\\/www.facecorner.lv\\\/wp-content\\\/uploads\\\/2023\\\/06\\\/117dc11db3700f097a5dff6082819a42_grande.jpg.webp\",\"contentUrl\":\"https:\\\/\\\/www.facecorner.lv\\\/wp-content\\\/uploads\\\/2023\\\/06\\\/117dc11db3700f097a5dff6082819a42_grande.jpg.webp\",\"width\":600,\"height\":600},{\"@type\":\"BreadcrumbList\",\"@id\":\"https:\\\/\\\/www.facecorner.lv\\\/shop\\\/some-by-mi-propolis-b5-glow-barrier-calming-oil-to-foam-120ml\\\/#breadcrumb\",\"itemListElement\":[{\"@type\":\"ListItem\",\"position\":1,\"name\":\"Home\",\"item\":\"https:\\\/\\\/www.facecorner.lv\\\/\"},{\"@type\":\"ListItem\",\"position\":2,\"name\":\"Veikals\",\"item\":\"https:\\\/\\\/www.facecorner.lv\\\/shop\\\/\"},{\"@type\":\"ListItem\",\"position\":3,\"name\":\"Some By Mi Propolis B5 Glow Barrier Calming Oil To Foam 120ml\"}]},{\"@type\":\"WebSite\",\"@id\":\"https:\\\/\\\/www.facecorner.lv\\\/#website\",\"url\":\"https:\\\/\\\/www.facecorner.lv\\\/\",\"name\":\"Facecorner\",\"description\":\"\",\"publisher\":{\"@id\":\"https:\\\/\\\/www.facecorner.lv\\\/#organization\"},\"potentialAction\":[{\"@type\":\"SearchAction\",\"target\":{\"@type\":\"EntryPoint\",\"urlTemplate\":\"https:\\\/\\\/www.facecorner.lv\\\/?s={search_term_string}\"},\"query-input\":{\"@type\":\"PropertyValueSpecification\",\"valueRequired\":true,\"valueName\":\"search_term_string\"}}],\"inLanguage\":\"en-US\"},{\"@type\":\"Organization\",\"@id\":\"https:\\\/\\\/www.facecorner.lv\\\/#organization\",\"name\":\"Facecorner\",\"url\":\"https:\\\/\\\/www.facecorner.lv\\\/\",\"logo\":{\"@type\":\"ImageObject\",\"inLanguage\":\"en-US\",\"@id\":\"https:\\\/\\\/www.facecorner.lv\\\/#\\\/schema\\\/logo\\\/image\\\/\",\"url\":\"https:\\\/\\\/www.facecorner.lv\\\/wp-content\\\/uploads\\\/2024\\\/04\\\/fc-logo.jpg\",\"contentUrl\":\"https:\\\/\\\/www.facecorner.lv\\\/wp-content\\\/uploads\\\/2024\\\/04\\\/fc-logo.jpg\",\"width\":174,\"height\":28,\"caption\":\"Facecorner\"},\"image\":{\"@id\":\"https:\\\/\\\/www.facecorner.lv\\\/#\\\/schema\\\/logo\\\/image\\\/\"},\"sameAs\":[\"https:\\\/\\\/www.facebook.com\\\/profile.php?id=100063824551839\",\"https:\\\/\\\/www.instagram.com\\\/facecorner_shop\\\/\"]}]}<\/script>\n<meta property=\"product:price:amount\" content=\"20.00\" \/>\n<meta property=\"product:price:currency\" content=\"EUR\" \/>\n<meta property=\"og:availability\" content=\"out of stock\" \/>\n<meta property=\"product:availability\" content=\"out of stock\" \/>\n<meta property=\"product:condition\" content=\"new\" \/>\n<!-- \/ Yoast SEO plugin. -->","yoast_head_json":{"title":"Some By Mi Propolis B5 Glow Barrier Calming Oil To Foam 120ml - FACECORNER","robots":{"index":"index","follow":"follow","max-snippet":"max-snippet:-1","max-image-preview":"max-image-preview:large","max-video-preview":"max-video-preview:-1"},"canonical":"https:\/\/www.facecorner.lv\/en\/shop\/some-by-mi-propolis-b5-glow-barrier-calming-oil-to-foam-120ml\/","og_locale":"en_US","og_type":"article","og_title":"Some By Mi Propolis B5 Glow Barrier Calming Oil To Foam 120ml - FACECORNER","og_description":"E\u013c\u013cas-putas \u0101das mirdzumam ar propolisu Some By Mi Propolis B5 Glow Barrier Calming Oil To Foam ir univers\u0101ls l\u012bdzeklis, kas ietver uzreiz divus att\u012br\u012b\u0161anas posmus &#8211; hidrofilo e\u013c\u013cu un sejas mazg\u0101\u0161anu. Produkts ies\u016bcas dzi\u013ci por\u0101s un iz\u0161\u0137\u012bdina visa veida net\u012brumus, no\u0146em kosm\u0113tiku, lieko sebumu, saules aizsargkr\u0113mu un ton\u0101lo kr\u0113mu. Efekt\u012bvi, bet smalki att\u012bra epidermas virsmu, [&hellip;]","og_url":"https:\/\/www.facecorner.lv\/en\/shop\/some-by-mi-propolis-b5-glow-barrier-calming-oil-to-foam-120ml\/","og_site_name":"FACECORNER","article_publisher":"https:\/\/www.facebook.com\/profile.php?id=100063824551839","article_modified_time":"2025-02-14T16:21:33+00:00","og_image":[{"width":600,"height":600,"url":"https:\/\/www.facecorner.lv\/wp-content\/uploads\/2023\/06\/117dc11db3700f097a5dff6082819a42_grande.jpg.webp","type":"image\/webp"}],"twitter_card":"summary_large_image","twitter_misc":{"Price":"&euro;20.00","Availability":"Out of stock"},"schema":{"@context":"https:\/\/schema.org","@graph":[{"@type":"WebPage","@id":"https:\/\/www.facecorner.lv\/shop\/some-by-mi-propolis-b5-glow-barrier-calming-oil-to-foam-120ml\/","url":"https:\/\/www.facecorner.lv\/shop\/some-by-mi-propolis-b5-glow-barrier-calming-oil-to-foam-120ml\/","name":"Some By Mi Propolis B5 Glow Barrier Calming Oil To Foam 120ml - FACECORNER","isPartOf":{"@id":"https:\/\/www.facecorner.lv\/#website"},"primaryImageOfPage":{"@id":"https:\/\/www.facecorner.lv\/shop\/some-by-mi-propolis-b5-glow-barrier-calming-oil-to-foam-120ml\/#primaryimage"},"image":{"@id":"https:\/\/www.facecorner.lv\/shop\/some-by-mi-propolis-b5-glow-barrier-calming-oil-to-foam-120ml\/#primaryimage"},"thumbnailUrl":"https:\/\/www.facecorner.lv\/wp-content\/uploads\/2023\/06\/117dc11db3700f097a5dff6082819a42_grande.jpg.webp","datePublished":"2023-06-06T10:28:06+00:00","dateModified":"2025-02-14T16:21:33+00:00","breadcrumb":{"@id":"https:\/\/www.facecorner.lv\/shop\/some-by-mi-propolis-b5-glow-barrier-calming-oil-to-foam-120ml\/#breadcrumb"},"inLanguage":"en-US","potentialAction":[{"@type":"ReadAction","target":["https:\/\/www.facecorner.lv\/shop\/some-by-mi-propolis-b5-glow-barrier-calming-oil-to-foam-120ml\/"]}]},{"@type":"ImageObject","inLanguage":"en-US","@id":"https:\/\/www.facecorner.lv\/shop\/some-by-mi-propolis-b5-glow-barrier-calming-oil-to-foam-120ml\/#primaryimage","url":"https:\/\/www.facecorner.lv\/wp-content\/uploads\/2023\/06\/117dc11db3700f097a5dff6082819a42_grande.jpg.webp","contentUrl":"https:\/\/www.facecorner.lv\/wp-content\/uploads\/2023\/06\/117dc11db3700f097a5dff6082819a42_grande.jpg.webp","width":600,"height":600},{"@type":"BreadcrumbList","@id":"https:\/\/www.facecorner.lv\/shop\/some-by-mi-propolis-b5-glow-barrier-calming-oil-to-foam-120ml\/#breadcrumb","itemListElement":[{"@type":"ListItem","position":1,"name":"Home","item":"https:\/\/www.facecorner.lv\/"},{"@type":"ListItem","position":2,"name":"Veikals","item":"https:\/\/www.facecorner.lv\/shop\/"},{"@type":"ListItem","position":3,"name":"Some By Mi Propolis B5 Glow Barrier Calming Oil To Foam 120ml"}]},{"@type":"WebSite","@id":"https:\/\/www.facecorner.lv\/#website","url":"https:\/\/www.facecorner.lv\/","name":"Facecorner","description":"","publisher":{"@id":"https:\/\/www.facecorner.lv\/#organization"},"potentialAction":[{"@type":"SearchAction","target":{"@type":"EntryPoint","urlTemplate":"https:\/\/www.facecorner.lv\/?s={search_term_string}"},"query-input":{"@type":"PropertyValueSpecification","valueRequired":true,"valueName":"search_term_string"}}],"inLanguage":"en-US"},{"@type":"Organization","@id":"https:\/\/www.facecorner.lv\/#organization","name":"Facecorner","url":"https:\/\/www.facecorner.lv\/","logo":{"@type":"ImageObject","inLanguage":"en-US","@id":"https:\/\/www.facecorner.lv\/#\/schema\/logo\/image\/","url":"https:\/\/www.facecorner.lv\/wp-content\/uploads\/2024\/04\/fc-logo.jpg","contentUrl":"https:\/\/www.facecorner.lv\/wp-content\/uploads\/2024\/04\/fc-logo.jpg","width":174,"height":28,"caption":"Facecorner"},"image":{"@id":"https:\/\/www.facecorner.lv\/#\/schema\/logo\/image\/"},"sameAs":["https:\/\/www.facebook.com\/profile.php?id=100063824551839","https:\/\/www.instagram.com\/facecorner_shop\/"]}]},"product_price_amount":"20.00","product_price_currency":"EUR","og_availability":"out of stock","product_availability":"out of stock","product_condition":"new"},"_links":{"self":[{"href":"https:\/\/www.facecorner.lv\/en\/wp-json\/wp\/v2\/product\/10979","targetHints":{"allow":["GET"]}}],"collection":[{"href":"https:\/\/www.facecorner.lv\/en\/wp-json\/wp\/v2\/product"}],"about":[{"href":"https:\/\/www.facecorner.lv\/en\/wp-json\/wp\/v2\/types\/product"}],"replies":[{"embeddable":true,"href":"https:\/\/www.facecorner.lv\/en\/wp-json\/wp\/v2\/comments?post=10979"}],"wp:featuredmedia":[{"embeddable":true,"href":"https:\/\/www.facecorner.lv\/en\/wp-json\/wp\/v2\/media\/10980"}],"wp:attachment":[{"href":"https:\/\/www.facecorner.lv\/en\/wp-json\/wp\/v2\/media?parent=10979"}],"wp:term":[{"taxonomy":"product_brand","embeddable":true,"href":"https:\/\/www.facecorner.lv\/en\/wp-json\/wp\/v2\/product_brand?post=10979"},{"taxonomy":"product_cat","embeddable":true,"href":"https:\/\/www.facecorner.lv\/en\/wp-json\/wp\/v2\/product_cat?post=10979"},{"taxonomy":"product_tag","embeddable":true,"href":"https:\/\/www.facecorner.lv\/en\/wp-json\/wp\/v2\/product_tag?post=10979"},{"taxonomy":"berocket_brand","embeddable":true,"href":"https:\/\/www.facecorner.lv\/en\/wp-json\/wp\/v2\/berocket_brand?post=10979"}],"curies":[{"name":"wp","href":"https:\/\/api.w.org\/{rel}","templated":true}]}}