{"id":10717,"date":"2023-05-23T15:34:20","date_gmt":"2023-05-23T13:34:20","guid":{"rendered":"https:\/\/www.facecorner.lv\/?post_type=product&#038;p=10717"},"modified":"2026-03-28T21:49:11","modified_gmt":"2026-03-28T18:49:11","slug":"dalba-waterfull-essence-sun-cream-spf-50-pa-50ml","status":"publish","type":"product","link":"https:\/\/www.facecorner.lv\/en\/shop\/dalba-waterfull-essence-sun-cream-spf-50-pa-50ml\/","title":{"rendered":"d&#8217;Alba Waterfull Essence Sun Cream SPF 50+ PA++++ 50ml"},"content":{"rendered":"<p>\u012apa\u0161i viegl\u0101 tekst\u016bra nodro\u0161ina \u0101dai uzticamu visaptvero\u0161u aizsardz\u012bbu pret UVA, UVB stariem un HEV starojumu, neatst\u0101jot baltas p\u0113das un lip\u012bgu apdari.<br \/>\nUnik\u0101lo sast\u0101vda\u013cu kombin\u0101cija nov\u0113r\u0161 vides pies\u0101r\u0146ojuma negat\u012bvo ietekmi un pal\u012bdz aizsarg\u0101t \u0101du no pigment\u0101cijas un priek\u0161laic\u012bgas noveco\u0161an\u0101s paz\u012bm\u0113m. Patent\u0113t\u0101 sast\u0101vda\u013ca AQUAXYL dzi\u013ci mitrina \u0101du un nofiks\u0113 mitrumu.<\/p>\n<p>Produkts ir p\u0101rbaud\u012bts Korejas Dermatolo\u0123ijas zin\u0101t\u0146u instit\u016bt\u0101, lai apstiprin\u0101tu mitruma saglab\u0101\u0161anu \u0101d\u0101 24 stundas.<\/p>\n<p>S\u0101stavs: Water, Ethylhexyl Methoxycinnamate, Homosalate, Alcohol, Butylene Glycol, Ethylhexyl Salicylate, Diethylamino Hydroxybenzoyl Hexyl Benzoate, Silica, Ethylhexyl Triazone, Niacinamide, 1,2-Hexanediol, Caprylyl Methicone, Pentylene Glycol, Citrus Aurantium Dulcis (Orange) Oil, Citrus Reticulata (Tangerine) Peel Oil, Portulaca Oleracea (Green Purslane) Extract, Centella Asiatica (Gotu Kola) Extract, Houttuynia Cordata Extract, Curcuma Longa (Turmeric) Root Extract, Echium Plantagineum Seed Oil, Salvia Hispanica (Chia) Seed Extract, Litsea Cubeba (May Chang) Oil, Cardiospermum Halicacabum Flower\/Leaf\/Vine Extract, Helianthus Annuus (Sunflower) Seed Oil Unsaponifiables, Helianthus Annuus (Sunflower) Seed Oil, Wine Extract, Tuber Magnatum Extract, Polymethylsilsesquioxane, Ammonium Acryloyldimethyltaurate\/VP Copolymer, Propanediol, Saccharide Hydrolysate, Octyldodecanol, Acrylates\/C10-30 Alkyl Acrylate Crosspolymer, Tromethamine, Ethylhexylglycerin, Adenosine, Hydroxypropyl Methylcellulose Stearoxy Ether, Xylitylglucoside, Anhydroxylitol, Xylitol, Sodium PCA, Tocopherol<\/p>","protected":false},"excerpt":{"rendered":"<p>\u012apa\u0161i viegl\u0101 tekst\u016bra nodro\u0161ina \u0101dai uzticamu visaptvero\u0161u aizsardz\u012bbu pret UVA, UVB stariem un HEV starojumu, neatst\u0101jot baltas p\u0113das un lip\u012bgu apdari. Unik\u0101lo sast\u0101vda\u013cu kombin\u0101cija nov\u0113r\u0161 vides pies\u0101r\u0146ojuma negat\u012bvo ietekmi un pal\u012bdz aizsarg\u0101t \u0101du no pigment\u0101cijas un priek\u0161laic\u012bgas noveco\u0161an\u0101s paz\u012bm\u0113m. Patent\u0113t\u0101 sast\u0101vda\u013ca AQUAXYL dzi\u013ci mitrina \u0101du un nofiks\u0113 mitrumu. Produkts ir p\u0101rbaud\u012bts Korejas Dermatolo\u0123ijas zin\u0101t\u0146u instit\u016bt\u0101, [&hellip;]<\/p>\n","protected":false},"featured_media":10718,"comment_status":"open","ping_status":"closed","template":"","meta":{"site-sidebar-layout":"default","site-content-layout":"","ast-site-content-layout":"","site-content-style":"default","site-sidebar-style":"default","ast-global-header-display":"","ast-banner-title-visibility":"","ast-main-header-display":"","ast-hfb-above-header-display":"","ast-hfb-below-header-display":"","ast-hfb-mobile-header-display":"","site-post-title":"","ast-breadcrumbs-content":"","ast-featured-img":"","footer-sml-layout":"","theme-transparent-header-meta":"","adv-header-id-meta":"","stick-header-meta":"","header-above-stick-meta":"","header-main-stick-meta":"","header-below-stick-meta":"","astra-migrate-meta-layouts":"default","ast-page-background-enabled":"default","ast-page-background-meta":{"desktop":{"background-color":"var(--ast-global-color-4)","background-image":"","background-repeat":"repeat","background-position":"center center","background-size":"auto","background-attachment":"scroll","background-type":"","background-media":"","overlay-type":"","overlay-color":"","overlay-opacity":"","overlay-gradient":""},"tablet":{"background-color":"","background-image":"","background-repeat":"repeat","background-position":"center center","background-size":"auto","background-attachment":"scroll","background-type":"","background-media":"","overlay-type":"","overlay-color":"","overlay-opacity":"","overlay-gradient":""},"mobile":{"background-color":"","background-image":"","background-repeat":"repeat","background-position":"center center","background-size":"auto","background-attachment":"scroll","background-type":"","background-media":"","overlay-type":"","overlay-color":"","overlay-opacity":"","overlay-gradient":""}},"ast-content-background-meta":{"desktop":{"background-color":"var(--ast-global-color-5)","background-image":"","background-repeat":"repeat","background-position":"center center","background-size":"auto","background-attachment":"scroll","background-type":"","background-media":"","overlay-type":"","overlay-color":"","overlay-opacity":"","overlay-gradient":""},"tablet":{"background-color":"var(--ast-global-color-5)","background-image":"","background-repeat":"repeat","background-position":"center center","background-size":"auto","background-attachment":"scroll","background-type":"","background-media":"","overlay-type":"","overlay-color":"","overlay-opacity":"","overlay-gradient":""},"mobile":{"background-color":"var(--ast-global-color-5)","background-image":"","background-repeat":"repeat","background-position":"center center","background-size":"auto","background-attachment":"scroll","background-type":"","background-media":"","overlay-type":"","overlay-color":"","overlay-opacity":"","overlay-gradient":""}}},"product_brand":[],"product_cat":[380,381,360,379,307,362,512],"product_tag":[],"berocket_brand":[572],"class_list":{"0":"post-10717","1":"product","2":"type-product","3":"status-publish","4":"has-post-thumbnail","6":"product_cat-kombinetai-adai","7":"product_cat-problematiskai-un-taukainai-adai","8":"product_cat-saules-aizsarglidzekli","9":"product_cat-sausai-adai-anti-age","10":"product_cat-sejai","11":"product_cat-sejas-krems","12":"product_cat-spf","13":"berocket_brand-dalba","14":"desktop-align-left","15":"tablet-align-left","16":"mobile-align-left","18":"first","19":"outofstock","20":"taxable","21":"shipping-taxable","22":"purchasable","23":"product-type-simple","24":"add-to-wishlist-before_image"},"yoast_head":"<!-- This site is optimized with the Yoast SEO plugin v27.4 - https:\/\/yoast.com\/product\/yoast-seo-wordpress\/ -->\n<title>d&#039;Alba Waterfull Essence Sun Cream SPF 50+ PA++++ 50ml - FACECORNER<\/title>\n<meta name=\"robots\" content=\"index, follow, max-snippet:-1, max-image-preview:large, max-video-preview:-1\" \/>\n<link rel=\"canonical\" href=\"https:\/\/www.facecorner.lv\/en\/shop\/dalba-waterfull-essence-sun-cream-spf-50-pa-50ml\/\" \/>\n<meta property=\"og:locale\" content=\"en_US\" \/>\n<meta property=\"og:type\" content=\"article\" \/>\n<meta property=\"og:title\" content=\"d&#039;Alba Waterfull Essence Sun Cream SPF 50+ PA++++ 50ml - FACECORNER\" \/>\n<meta property=\"og:description\" content=\"\u012apa\u0161i viegl\u0101 tekst\u016bra nodro\u0161ina \u0101dai uzticamu visaptvero\u0161u aizsardz\u012bbu pret UVA, UVB stariem un HEV starojumu, neatst\u0101jot baltas p\u0113das un lip\u012bgu apdari. Unik\u0101lo sast\u0101vda\u013cu kombin\u0101cija nov\u0113r\u0161 vides pies\u0101r\u0146ojuma negat\u012bvo ietekmi un pal\u012bdz aizsarg\u0101t \u0101du no pigment\u0101cijas un priek\u0161laic\u012bgas noveco\u0161an\u0101s paz\u012bm\u0113m. Patent\u0113t\u0101 sast\u0101vda\u013ca AQUAXYL dzi\u013ci mitrina \u0101du un nofiks\u0113 mitrumu. Produkts ir p\u0101rbaud\u012bts Korejas Dermatolo\u0123ijas zin\u0101t\u0146u instit\u016bt\u0101, [&hellip;]\" \/>\n<meta property=\"og:url\" content=\"https:\/\/www.facecorner.lv\/en\/shop\/dalba-waterfull-essence-sun-cream-spf-50-pa-50ml\/\" \/>\n<meta property=\"og:site_name\" content=\"FACECORNER\" \/>\n<meta property=\"article:publisher\" content=\"https:\/\/www.facebook.com\/profile.php?id=100063824551839\" \/>\n<meta property=\"article:modified_time\" content=\"2026-03-28T18:49:11+00:00\" \/>\n<meta property=\"og:image\" content=\"https:\/\/www.facecorner.lv\/wp-content\/uploads\/2023\/05\/i_4420_dalba_50_1000x1000.jpeg\" \/>\n\t<meta property=\"og:image:width\" content=\"1000\" \/>\n\t<meta property=\"og:image:height\" content=\"1000\" \/>\n\t<meta property=\"og:image:type\" content=\"image\/jpeg\" \/>\n<meta name=\"twitter:card\" content=\"summary_large_image\" \/>\n<meta name=\"twitter:label1\" content=\"Price\" \/>\n\t<meta name=\"twitter:data1\" content=\"&euro;36.00\" \/>\n\t<meta name=\"twitter:label2\" content=\"Availability\" \/>\n\t<meta name=\"twitter:data2\" content=\"Out of stock\" \/>\n<script type=\"application\/ld+json\" class=\"yoast-schema-graph\">{\"@context\":\"https:\\\/\\\/schema.org\",\"@graph\":[{\"@type\":\"WebPage\",\"@id\":\"https:\\\/\\\/www.facecorner.lv\\\/shop\\\/dalba-waterfull-essence-sun-cream-spf-50-pa-50ml\\\/\",\"url\":\"https:\\\/\\\/www.facecorner.lv\\\/shop\\\/dalba-waterfull-essence-sun-cream-spf-50-pa-50ml\\\/\",\"name\":\"d'Alba Waterfull Essence Sun Cream SPF 50+ PA++++ 50ml - FACECORNER\",\"isPartOf\":{\"@id\":\"https:\\\/\\\/www.facecorner.lv\\\/#website\"},\"primaryImageOfPage\":{\"@id\":\"https:\\\/\\\/www.facecorner.lv\\\/shop\\\/dalba-waterfull-essence-sun-cream-spf-50-pa-50ml\\\/#primaryimage\"},\"image\":{\"@id\":\"https:\\\/\\\/www.facecorner.lv\\\/shop\\\/dalba-waterfull-essence-sun-cream-spf-50-pa-50ml\\\/#primaryimage\"},\"thumbnailUrl\":\"https:\\\/\\\/www.facecorner.lv\\\/wp-content\\\/uploads\\\/2023\\\/05\\\/i_4420_dalba_50_1000x1000.jpeg\",\"datePublished\":\"2023-05-23T13:34:20+00:00\",\"dateModified\":\"2026-03-28T18:49:11+00:00\",\"breadcrumb\":{\"@id\":\"https:\\\/\\\/www.facecorner.lv\\\/shop\\\/dalba-waterfull-essence-sun-cream-spf-50-pa-50ml\\\/#breadcrumb\"},\"inLanguage\":\"en-US\",\"potentialAction\":[{\"@type\":\"ReadAction\",\"target\":[\"https:\\\/\\\/www.facecorner.lv\\\/shop\\\/dalba-waterfull-essence-sun-cream-spf-50-pa-50ml\\\/\"]}]},{\"@type\":\"ImageObject\",\"inLanguage\":\"en-US\",\"@id\":\"https:\\\/\\\/www.facecorner.lv\\\/shop\\\/dalba-waterfull-essence-sun-cream-spf-50-pa-50ml\\\/#primaryimage\",\"url\":\"https:\\\/\\\/www.facecorner.lv\\\/wp-content\\\/uploads\\\/2023\\\/05\\\/i_4420_dalba_50_1000x1000.jpeg\",\"contentUrl\":\"https:\\\/\\\/www.facecorner.lv\\\/wp-content\\\/uploads\\\/2023\\\/05\\\/i_4420_dalba_50_1000x1000.jpeg\",\"width\":1000,\"height\":1000},{\"@type\":\"BreadcrumbList\",\"@id\":\"https:\\\/\\\/www.facecorner.lv\\\/shop\\\/dalba-waterfull-essence-sun-cream-spf-50-pa-50ml\\\/#breadcrumb\",\"itemListElement\":[{\"@type\":\"ListItem\",\"position\":1,\"name\":\"Home\",\"item\":\"https:\\\/\\\/www.facecorner.lv\\\/\"},{\"@type\":\"ListItem\",\"position\":2,\"name\":\"Veikals\",\"item\":\"https:\\\/\\\/www.facecorner.lv\\\/shop\\\/\"},{\"@type\":\"ListItem\",\"position\":3,\"name\":\"d&#8217;Alba Waterfull Essence Sun Cream SPF 50+ PA++++ 50ml\"}]},{\"@type\":\"WebSite\",\"@id\":\"https:\\\/\\\/www.facecorner.lv\\\/#website\",\"url\":\"https:\\\/\\\/www.facecorner.lv\\\/\",\"name\":\"Facecorner\",\"description\":\"\",\"publisher\":{\"@id\":\"https:\\\/\\\/www.facecorner.lv\\\/#organization\"},\"potentialAction\":[{\"@type\":\"SearchAction\",\"target\":{\"@type\":\"EntryPoint\",\"urlTemplate\":\"https:\\\/\\\/www.facecorner.lv\\\/?s={search_term_string}\"},\"query-input\":{\"@type\":\"PropertyValueSpecification\",\"valueRequired\":true,\"valueName\":\"search_term_string\"}}],\"inLanguage\":\"en-US\"},{\"@type\":\"Organization\",\"@id\":\"https:\\\/\\\/www.facecorner.lv\\\/#organization\",\"name\":\"Facecorner\",\"url\":\"https:\\\/\\\/www.facecorner.lv\\\/\",\"logo\":{\"@type\":\"ImageObject\",\"inLanguage\":\"en-US\",\"@id\":\"https:\\\/\\\/www.facecorner.lv\\\/#\\\/schema\\\/logo\\\/image\\\/\",\"url\":\"https:\\\/\\\/www.facecorner.lv\\\/wp-content\\\/uploads\\\/2024\\\/04\\\/fc-logo.jpg\",\"contentUrl\":\"https:\\\/\\\/www.facecorner.lv\\\/wp-content\\\/uploads\\\/2024\\\/04\\\/fc-logo.jpg\",\"width\":174,\"height\":28,\"caption\":\"Facecorner\"},\"image\":{\"@id\":\"https:\\\/\\\/www.facecorner.lv\\\/#\\\/schema\\\/logo\\\/image\\\/\"},\"sameAs\":[\"https:\\\/\\\/www.facebook.com\\\/profile.php?id=100063824551839\",\"https:\\\/\\\/www.instagram.com\\\/facecorner_shop\\\/\"]}]}<\/script>\n<meta property=\"product:price:amount\" content=\"36.00\" \/>\n<meta property=\"product:price:currency\" content=\"EUR\" \/>\n<meta property=\"og:availability\" content=\"out of stock\" \/>\n<meta property=\"product:availability\" content=\"out of stock\" \/>\n<meta property=\"product:condition\" content=\"new\" \/>\n<!-- \/ Yoast SEO plugin. -->","yoast_head_json":{"title":"d'Alba Waterfull Essence Sun Cream SPF 50+ PA++++ 50ml - FACECORNER","robots":{"index":"index","follow":"follow","max-snippet":"max-snippet:-1","max-image-preview":"max-image-preview:large","max-video-preview":"max-video-preview:-1"},"canonical":"https:\/\/www.facecorner.lv\/en\/shop\/dalba-waterfull-essence-sun-cream-spf-50-pa-50ml\/","og_locale":"en_US","og_type":"article","og_title":"d'Alba Waterfull Essence Sun Cream SPF 50+ PA++++ 50ml - FACECORNER","og_description":"\u012apa\u0161i viegl\u0101 tekst\u016bra nodro\u0161ina \u0101dai uzticamu visaptvero\u0161u aizsardz\u012bbu pret UVA, UVB stariem un HEV starojumu, neatst\u0101jot baltas p\u0113das un lip\u012bgu apdari. Unik\u0101lo sast\u0101vda\u013cu kombin\u0101cija nov\u0113r\u0161 vides pies\u0101r\u0146ojuma negat\u012bvo ietekmi un pal\u012bdz aizsarg\u0101t \u0101du no pigment\u0101cijas un priek\u0161laic\u012bgas noveco\u0161an\u0101s paz\u012bm\u0113m. Patent\u0113t\u0101 sast\u0101vda\u013ca AQUAXYL dzi\u013ci mitrina \u0101du un nofiks\u0113 mitrumu. Produkts ir p\u0101rbaud\u012bts Korejas Dermatolo\u0123ijas zin\u0101t\u0146u instit\u016bt\u0101, [&hellip;]","og_url":"https:\/\/www.facecorner.lv\/en\/shop\/dalba-waterfull-essence-sun-cream-spf-50-pa-50ml\/","og_site_name":"FACECORNER","article_publisher":"https:\/\/www.facebook.com\/profile.php?id=100063824551839","article_modified_time":"2026-03-28T18:49:11+00:00","og_image":[{"width":1000,"height":1000,"url":"https:\/\/www.facecorner.lv\/wp-content\/uploads\/2023\/05\/i_4420_dalba_50_1000x1000.jpeg","type":"image\/jpeg"}],"twitter_card":"summary_large_image","twitter_misc":{"Price":"&euro;36.00","Availability":"Out of stock"},"schema":{"@context":"https:\/\/schema.org","@graph":[{"@type":"WebPage","@id":"https:\/\/www.facecorner.lv\/shop\/dalba-waterfull-essence-sun-cream-spf-50-pa-50ml\/","url":"https:\/\/www.facecorner.lv\/shop\/dalba-waterfull-essence-sun-cream-spf-50-pa-50ml\/","name":"d'Alba Waterfull Essence Sun Cream SPF 50+ PA++++ 50ml - FACECORNER","isPartOf":{"@id":"https:\/\/www.facecorner.lv\/#website"},"primaryImageOfPage":{"@id":"https:\/\/www.facecorner.lv\/shop\/dalba-waterfull-essence-sun-cream-spf-50-pa-50ml\/#primaryimage"},"image":{"@id":"https:\/\/www.facecorner.lv\/shop\/dalba-waterfull-essence-sun-cream-spf-50-pa-50ml\/#primaryimage"},"thumbnailUrl":"https:\/\/www.facecorner.lv\/wp-content\/uploads\/2023\/05\/i_4420_dalba_50_1000x1000.jpeg","datePublished":"2023-05-23T13:34:20+00:00","dateModified":"2026-03-28T18:49:11+00:00","breadcrumb":{"@id":"https:\/\/www.facecorner.lv\/shop\/dalba-waterfull-essence-sun-cream-spf-50-pa-50ml\/#breadcrumb"},"inLanguage":"en-US","potentialAction":[{"@type":"ReadAction","target":["https:\/\/www.facecorner.lv\/shop\/dalba-waterfull-essence-sun-cream-spf-50-pa-50ml\/"]}]},{"@type":"ImageObject","inLanguage":"en-US","@id":"https:\/\/www.facecorner.lv\/shop\/dalba-waterfull-essence-sun-cream-spf-50-pa-50ml\/#primaryimage","url":"https:\/\/www.facecorner.lv\/wp-content\/uploads\/2023\/05\/i_4420_dalba_50_1000x1000.jpeg","contentUrl":"https:\/\/www.facecorner.lv\/wp-content\/uploads\/2023\/05\/i_4420_dalba_50_1000x1000.jpeg","width":1000,"height":1000},{"@type":"BreadcrumbList","@id":"https:\/\/www.facecorner.lv\/shop\/dalba-waterfull-essence-sun-cream-spf-50-pa-50ml\/#breadcrumb","itemListElement":[{"@type":"ListItem","position":1,"name":"Home","item":"https:\/\/www.facecorner.lv\/"},{"@type":"ListItem","position":2,"name":"Veikals","item":"https:\/\/www.facecorner.lv\/shop\/"},{"@type":"ListItem","position":3,"name":"d&#8217;Alba Waterfull Essence Sun Cream SPF 50+ PA++++ 50ml"}]},{"@type":"WebSite","@id":"https:\/\/www.facecorner.lv\/#website","url":"https:\/\/www.facecorner.lv\/","name":"Facecorner","description":"","publisher":{"@id":"https:\/\/www.facecorner.lv\/#organization"},"potentialAction":[{"@type":"SearchAction","target":{"@type":"EntryPoint","urlTemplate":"https:\/\/www.facecorner.lv\/?s={search_term_string}"},"query-input":{"@type":"PropertyValueSpecification","valueRequired":true,"valueName":"search_term_string"}}],"inLanguage":"en-US"},{"@type":"Organization","@id":"https:\/\/www.facecorner.lv\/#organization","name":"Facecorner","url":"https:\/\/www.facecorner.lv\/","logo":{"@type":"ImageObject","inLanguage":"en-US","@id":"https:\/\/www.facecorner.lv\/#\/schema\/logo\/image\/","url":"https:\/\/www.facecorner.lv\/wp-content\/uploads\/2024\/04\/fc-logo.jpg","contentUrl":"https:\/\/www.facecorner.lv\/wp-content\/uploads\/2024\/04\/fc-logo.jpg","width":174,"height":28,"caption":"Facecorner"},"image":{"@id":"https:\/\/www.facecorner.lv\/#\/schema\/logo\/image\/"},"sameAs":["https:\/\/www.facebook.com\/profile.php?id=100063824551839","https:\/\/www.instagram.com\/facecorner_shop\/"]}]},"product_price_amount":"36.00","product_price_currency":"EUR","og_availability":"out of stock","product_availability":"out of stock","product_condition":"new"},"_links":{"self":[{"href":"https:\/\/www.facecorner.lv\/en\/wp-json\/wp\/v2\/product\/10717","targetHints":{"allow":["GET"]}}],"collection":[{"href":"https:\/\/www.facecorner.lv\/en\/wp-json\/wp\/v2\/product"}],"about":[{"href":"https:\/\/www.facecorner.lv\/en\/wp-json\/wp\/v2\/types\/product"}],"replies":[{"embeddable":true,"href":"https:\/\/www.facecorner.lv\/en\/wp-json\/wp\/v2\/comments?post=10717"}],"wp:featuredmedia":[{"embeddable":true,"href":"https:\/\/www.facecorner.lv\/en\/wp-json\/wp\/v2\/media\/10718"}],"wp:attachment":[{"href":"https:\/\/www.facecorner.lv\/en\/wp-json\/wp\/v2\/media?parent=10717"}],"wp:term":[{"taxonomy":"product_brand","embeddable":true,"href":"https:\/\/www.facecorner.lv\/en\/wp-json\/wp\/v2\/product_brand?post=10717"},{"taxonomy":"product_cat","embeddable":true,"href":"https:\/\/www.facecorner.lv\/en\/wp-json\/wp\/v2\/product_cat?post=10717"},{"taxonomy":"product_tag","embeddable":true,"href":"https:\/\/www.facecorner.lv\/en\/wp-json\/wp\/v2\/product_tag?post=10717"},{"taxonomy":"berocket_brand","embeddable":true,"href":"https:\/\/www.facecorner.lv\/en\/wp-json\/wp\/v2\/berocket_brand?post=10717"}],"curies":[{"name":"wp","href":"https:\/\/api.w.org\/{rel}","templated":true}]}}